{"id":10619,"date":"2017-03-06T15:40:47","date_gmt":"2017-03-06T14:40:47","guid":{"rendered":"https:\/\/beta.optik-sport-shop.at\/?page_id=10619"},"modified":"2025-11-05T12:24:52","modified_gmt":"2025-11-05T11:24:52","slug":"platebni-metody","status":"publish","type":"page","link":"https:\/\/ddoptics.shop\/cs\/zahlungsarten\/","title":{"rendered":"Platebn\u00ed metody v Optik Sport Shop"},"content":{"rendered":"<div id=\"gap-1819866142\" class=\"gap-element clearfix\" style=\"display:block; height:auto;\">\n\t\t\n<style>\n#gap-1819866142 {\n  padding-top: 60px;\n}\n<\/style>\n\t<\/div>\n\t\n\n  <div class=\"banner has-hover\" id=\"banner-356151089\">\n          <div class=\"banner-inner fill\">\n        <div class=\"banner-bg fill\" >\n            <img decoding=\"async\" width=\"1140\" height=\"300\" src=\"https:\/\/ddoptics.shop\/wp-content\/uploads\/2017\/03\/zahlungsmethoden-optik-sport-shop_1140.jpg\" class=\"bg attachment-orginal size-orginal\" alt=\"platebn\u00ed metody optik sport shop\" title=\"\">                        <div class=\"overlay\"><\/div>            \n                    <\/div>\n\t\t\n        <div class=\"banner-layers container\">\n            <div class=\"fill banner-link\"><\/div>            \n   <div id=\"text-box-327492432\" class=\"text-box banner-layer x50 md-x50 lg-x50 y50 md-y50 lg-y50 res-text\">\n                                <div class=\"text-box-content text dark\">\n              \n              <div class=\"text-inner text-center\">\n                  \n\t<div id=\"gap-1346844820\" class=\"gap-element clearfix\" style=\"display:block; height:auto;\">\n\t\t\n<style>\n#gap-1346844820 {\n  padding-top: 100px;\n}\n<\/style>\n\t<\/div>\n\t\n<h1 class=\"uppercase\"><span style=\"font-size: 80%;\">PLATEBN\u00cd METODY<\/span><\/h1>\n              <\/div>\n           <\/div>\n                            \n<style>\n#text-box-327492432 {\n  width: 60%;\n}\n#text-box-327492432 .text-box-content {\n  font-size: 100%;\n}\n<\/style>\n    <\/div>\n \n        <\/div>\n      <\/div>\n\n              <div class=\"height-fix is-invisible\"><img decoding=\"async\" width=\"1140\" height=\"300\" src=\"https:\/\/ddoptics.shop\/wp-content\/uploads\/2017\/03\/zahlungsmethoden-optik-sport-shop_1140.jpg\" class=\"attachment-orginal size-orginal\" alt=\"platebn\u00ed metody optik sport shop\" srcset=\"https:\/\/ddoptics.shop\/wp-content\/uploads\/2017\/03\/zahlungsmethoden-optik-sport-shop_1140.jpg 1140w, https:\/\/ddoptics.shop\/wp-content\/uploads\/2017\/03\/zahlungsmethoden-optik-sport-shop_1140-304x80.jpg 304w, https:\/\/ddoptics.shop\/wp-content\/uploads\/2017\/03\/zahlungsmethoden-optik-sport-shop_1140-305x80.jpg 305w, https:\/\/ddoptics.shop\/wp-content\/uploads\/2017\/03\/zahlungsmethoden-optik-sport-shop_1140-632x166.jpg 632w, https:\/\/ddoptics.shop\/wp-content\/uploads\/2017\/03\/zahlungsmethoden-optik-sport-shop_1140-800x211.jpg 800w, https:\/\/ddoptics.shop\/wp-content\/uploads\/2017\/03\/zahlungsmethoden-optik-sport-shop_1140-250x66.jpg 250w, https:\/\/ddoptics.shop\/wp-content\/uploads\/2017\/03\/zahlungsmethoden-optik-sport-shop_1140-510x134.jpg 510w\" sizes=\"(max-width: 1140px) 100vw, 1140px\" title=\"\"><\/div>\n            \n<style>\n#banner-356151089 .overlay {\n  background-color: rgba(0, 0, 0, 0.17);\n}\n<\/style>\n  <\/div>\n\n\n<div class=\"row\"  id=\"row-1334502168\">\n\n\t<div id=\"col-1598227334\" class=\"col small-12 large-12\"  >\n\t\t\t\t<div class=\"col-inner\"  >\n\t\t\t\n\t\t\t\n<h2>Jak pohodln\u011b zaplatit v obchod\u011b Optik Sport<\/h2>\n<p>Kdy\u017e jsme poprv\u00e9 p\u0159i\u0161li s my\u0161lenkou obchodu Optik Sport, bylo pro n\u00e1s velmi d\u016fle\u017eit\u00e9, aby byl proces platby co nejjednodu\u0161\u0161\u00ed a nejpohodln\u011bj\u0161\u00ed. Nejjednodu\u0161\u0161\u00ed zp\u016fsob, jak tohoto c\u00edle dos\u00e1hnout, je nab\u00eddnout v\u0161echny zn\u00e1m\u00e9 a obl\u00edben\u00e9 mo\u017enosti platby. To by v\u00e1m jako z\u00e1kazn\u00edkovi m\u011blo usnadnit dokon\u010den\u00ed elektronick\u00e9 objedn\u00e1vky.<\/p>\n<h3>Novinka: N\u00e1kup na \u00fa\u010det - jistota pro ob\u011b strany<\/h3>\n<p>Vzhledem k \u010detn\u00fdm dotaz\u016fm z\u00e1kazn\u00edk\u016f byly v\u0161echny<strong> Optick\u00e9 produkty prost\u0159ednictv\u00edm n\u00e1kupu na \u00fa\u010det<\/strong> - po schv\u00e1len\u00ed spole\u010dnost\u00ed Klarna - k dispozici ke koupi.<\/p>\n<div class=\"container section-title-container\" ><h3 class=\"section-title section-title-bold\"><b aria-hidden=\"true\"><\/b><span class=\"section-title-main\" >P\u0159edplacen\u00ed<\/span><b aria-hidden=\"true\"><\/b><\/h3><\/div>\n<p>Jakmile obdr\u017e\u00edme v\u00e1\u0161 bankovn\u00ed p\u0159evod (za platbu p\u0159edem), p\u0159iprav\u00edme va\u0161i z\u00e1silku k odesl\u00e1n\u00ed. Na p\u0159ijet\u00ed bankovn\u00edho p\u0159evodu po\u010dk\u00e1me maxim\u00e1ln\u011b 7 dn\u00ed, pot\u00e9 va\u0161i objedn\u00e1vku zru\u0161\u00edme. <strong>Upozorn\u011bn\u00ed:<\/strong> Bankovn\u00ed p\u0159evody (i online) mohou trvat 1-3 pracovn\u00ed dny od DE do AT. Proto doporu\u010dujeme, abyste u urgentn\u00edch objedn\u00e1vek neplatili p\u0159edem.<\/p>\n<div class=\"container section-title-container\" ><h3 class=\"section-title section-title-bold\"><b aria-hidden=\"true\"><\/b><span class=\"section-title-main\" >Kreditn\u00ed karta<\/span><b aria-hidden=\"true\"><\/b><\/h3><\/div>\n<p><img decoding=\"async\" class=\"alignright size-full wp-image-10637\" src=\"https:\/\/ddoptics.shop\/wp-content\/uploads\/2017\/03\/kreditkarte-optik-sport-shop_300.jpg\" alt=\"\" width=\"100\" height=\"70\" title=\"\">My <strong>podporuj\u00ed karty VISA a MasterCard <\/strong>a k tomuto \u00fa\u010delu vyu\u017e\u00edv\u00e1me poskytovatele finan\u010dn\u00edch slu\u017eeb Stripe. Pot\u0159ebujeme od v\u00e1s n\u00e1sleduj\u00edc\u00ed \u00fadaje: <strong>\u010c\u00edslo karty, platnost, spole\u010dnost vyd\u00e1vaj\u00edc\u00ed kreditn\u00ed kartu <\/strong>a<strong> Zkontrolujte \u010d\u00edslici sv\u00e9 kreditn\u00ed karty<\/strong>.<\/p>\n<p>U karet VISA a MasterCard je kontroln\u00ed \u010d\u00edslice t\u0159\u00edm\u00edstn\u00e9 \u010d\u00edslo na zadn\u00ed stran\u011b karty. Toto <strong>zaru\u010den\u00e9<\/strong> na<strong> Zabezpe\u010den\u00ed plateb<\/strong> na internetu. Va\u0161e kreditn\u00ed karta m\u016f\u017ee b\u00fdt tak\u00e9 aktivov\u00e1na pro k\u00f3d 3-D Secure.<\/p>\n<div class=\"container section-title-container\" ><h3 class=\"section-title section-title-bold\"><b aria-hidden=\"true\"><\/b><span class=\"section-title-main\" >PayPal<\/span><b aria-hidden=\"true\"><\/b><\/h3><\/div>\n<p><img decoding=\"async\" class=\"alignright size-full wp-image-10639\" src=\"https:\/\/ddoptics.shop\/wp-content\/uploads\/2017\/03\/paypal-optik-sport-shop_300.jpg\" alt=\"\" width=\"118\" height=\"30\" title=\"\">Slu\u017eba PayPal je nyn\u00ed celosv\u011btov\u00fdm synonymem pro va\u0161i bezpe\u010dnost p\u0159i prov\u00e1d\u011bn\u00ed plateb. Po n\u00e1kupu budete p\u0159esm\u011brov\u00e1ni na str\u00e1nku paypal.com, kde provedete platbu. P\u0159i tomto zp\u016fsobu platby bude va\u0161e objedn\u00e1vka odesl\u00e1na okam\u017eit\u011b, n\u011bkdy je\u0161t\u011b t\u00fd\u017e den. Vezm\u011bte pros\u00edm na v\u011bdom\u00ed na\u0161e dny odesl\u00e1n\u00ed v z\u00e1vislosti na c\u00edlov\u00e9 zemi. Za tento zp\u016fsob platby ne\u00fa\u010dtujeme \u017e\u00e1dn\u00e9 dal\u0161\u00ed poplatky za zpracov\u00e1n\u00ed.<\/p>\n<p>Ve spolupr\u00e1ci s poskytovatelem finan\u010dn\u00edch slu\u017eeb Klarna nab\u00edz\u00edme z\u00e1kazn\u00edk\u016fm v Rakousku, N\u011bmecku a ve v\u0161ech dal\u0161\u00edch aktivovan\u00fdch zem\u00edch <strong>N\u00e1kup na \u00fa\u010det jako mo\u017enost platby<\/strong>. Doba splatnosti pro <strong>Klarna fakturuje 14 dn\u00ed od data vystaven\u00ed faktury.<\/strong> Na str\u00e1nk\u00e1ch <strong>Faktura bude vystavena p\u0159i odesl\u00e1n\u00ed zbo\u017e\u00ed a zasl\u00e1na bu\u010f e-mailem, nebo spole\u010dn\u011b se zbo\u017e\u00edm.<\/strong>.<\/p>\n<p>Upozor\u0148ujeme, \u017ee zp\u016fsob platby na \u00fa\u010det lze pou\u017e\u00edt pouze v p\u0159\u00edpad\u011b, \u017ee\u00a0<strong>Faktura\u010dn\u00ed a dodac\u00ed adresa jsou toto\u017en\u00e9<\/strong> a va\u0161e soukrom\u00e9 bydli\u0161t\u011b (\u017e\u00e1dn\u00e1 adresa spole\u010dnosti ani adresa P.O. Boxu).<\/p>\n<div class=\"container section-title-container\" ><h3 class=\"section-title section-title-bold\"><b aria-hidden=\"true\"><\/b><span class=\"section-title-main\" >Klarna<\/span><b aria-hidden=\"true\"><\/b><\/h3><\/div>\n<p><strong><img decoding=\"async\" class=\"alignright size-full wp-image-10636\" src=\"https:\/\/ddoptics.shop\/wp-content\/uploads\/2017\/03\/klarna-rechnung-optik-sport-shop_300.jpg\" alt=\"\" width=\"109\" height=\"30\" title=\"\">Platba se prov\u00e1d\u00ed na \u00fa\u010det spole\u010dnosti Klarna.<\/strong> Upozor\u0148ujeme, \u017ee <strong>Faktura Klarna pouze pro spot\u0159ebitele<\/strong> je k dispozici. Dal\u0161\u00ed informace a \u00fapln\u00e9 podm\u00ednky spole\u010dnosti Klarna pro n\u00e1kup na \u00fa\u010det naleznete na adrese <a href=\"https:\/\/cdn.klarna.com\/1.0\/shared\/content\/legal\/terms\/31492\/de_at\/invoice?fee=0,90\" target=\"_blank\" rel=\"noopener noreferrer\">ZDE pro z\u00e1kazn\u00edky z Rakouska<\/a> resp. <a href=\"https:\/\/cdn.klarna.com\/1.0\/shared\/content\/legal\/terms\/31492\/de_de\/invoice?fee=0,90\" target=\"_blank\" rel=\"noopener noreferrer\">ZDE pro z\u00e1kazn\u00edky z N\u011bmecka<\/a>. P\u0159i n\u00e1kupu na \u00fa\u010det u spole\u010dnosti Klarna \u00fa\u010dtujeme servisn\u00ed poplatek ve v\u00fd\u0161i 1,50 \u20ac za objedn\u00e1vku.<\/p>\n<p><strong><img decoding=\"async\" class=\"alignright size-full wp-image-10635\" src=\"https:\/\/ddoptics.shop\/wp-content\/uploads\/2017\/03\/klarna-ratenkauf-optik-sport-shop_300.jpg\" alt=\"\" width=\"109\" height=\"30\" title=\"\">Spl\u00e1tkov\u00fd prodej Klarna (v\u00fdhradn\u011b pro z\u00e1kazn\u00edky z N\u011bmecka)<\/strong><br \/>Se slu\u017ebou financov\u00e1n\u00ed od spole\u010dnosti Klarna m\u016f\u017eete sv\u016fj n\u00e1kup flexibiln\u011b zaplatit v m\u011bs\u00ed\u010dn\u00edch spl\u00e1tk\u00e1ch ve v\u00fd\u0161i nejm\u00e9n\u011b 1\/24 celkov\u00e9 \u010d\u00e1stky (nejm\u00e9n\u011b v\u0161ak 6,95 EUR).<\/p>\n\t<div id=\"gap-304564013\" class=\"gap-element clearfix\" style=\"display:block; height:auto;\">\n\t\t\n<style>\n#gap-304564013 {\n  padding-top: 30px;\n}\n<\/style>\n\t<\/div>\n\t\n<div class=\"is-divider divider clearfix\" style=\"max-width:100%;height:1px;\"><\/div>\n<p>S v\u00fdhradou chyb v tisku a sazb\u011b. Stav: 01.01.2025<\/p>\n\t\t<\/div>\n\t\t\t\t\t<\/div>\n\n\t\n<\/div>","protected":false},"excerpt":{"rendered":"","protected":false},"author":2,"featured_media":0,"parent":0,"menu_order":0,"comment_status":"closed","ping_status":"closed","template":"page-transparent-header.php","meta":{"inline_featured_image":false,"footnotes":""},"class_list":["post-10619","page","type-page","status-publish","hentry"],"_links":{"self":[{"href":"https:\/\/ddoptics.shop\/cs\/wp-json\/wp\/v2\/pages\/10619","targetHints":{"allow":["GET"]}}],"collection":[{"href":"https:\/\/ddoptics.shop\/cs\/wp-json\/wp\/v2\/pages"}],"about":[{"href":"https:\/\/ddoptics.shop\/cs\/wp-json\/wp\/v2\/types\/page"}],"author":[{"embeddable":true,"href":"https:\/\/ddoptics.shop\/cs\/wp-json\/wp\/v2\/users\/2"}],"replies":[{"embeddable":true,"href":"https:\/\/ddoptics.shop\/cs\/wp-json\/wp\/v2\/comments?post=10619"}],"version-history":[{"count":12,"href":"https:\/\/ddoptics.shop\/cs\/wp-json\/wp\/v2\/pages\/10619\/revisions"}],"predecessor-version":[{"id":29416,"href":"https:\/\/ddoptics.shop\/cs\/wp-json\/wp\/v2\/pages\/10619\/revisions\/29416"}],"wp:attachment":[{"href":"https:\/\/ddoptics.shop\/cs\/wp-json\/wp\/v2\/media?parent=10619"}],"curies":[{"name":"wp","href":"https:\/\/api.w.org\/{rel}","templated":true}]}}