{"id":14708,"date":"2019-06-04T12:39:41","date_gmt":"2019-06-04T10:39:41","guid":{"rendered":"https:\/\/ddoptics.shop\/?page_id=14708"},"modified":"2020-08-16T13:09:48","modified_gmt":"2020-08-16T11:09:48","slug":"sportovni-trenink-a-souteze-s-puskohledem-2","status":"publish","type":"page","link":"https:\/\/ddoptics.shop\/cs\/zielfernrohr-sport-training-und-wettkampf\/","title":{"rendered":"Zielfernrohr f\u00fcr Schie\u00dfsport &#8211; Training und Wettkampf"},"content":{"rendered":"<h1 class=\"page-title category-title\">Doporu\u010den\u00ed: Ide\u00e1ln\u00ed pu\u0161kohled pro sportovn\u00ed st\u0159elbu - zejm\u00e9na pro tr\u00e9nink, sout\u011b\u017ee a st\u0159elbu na velk\u00e9 vzd\u00e1lenosti.<\/h1>\n<div class=\"category-description std\">\n<div class=\"category-description std\">\n<p>Mnoho v\u00fdrobc\u016f rozd\u011bluje r\u016fzn\u00e9 <strong>\u0158\u00e1dky rozsahu<\/strong> v podstat\u011b do <strong>P\u0159\u00edzniv\u00e1 a pr\u00e9miov\u00e1 t\u0159\u00edda<\/strong>. Toto rozli\u0161en\u00ed se v DDoptics nikdy ned\u011blalo a ned\u011bl\u00e1.<\/p>\n<p>To znamen\u00e1, \u017ee <strong>billiges Glas f\u00fcr den nicht so finanzkr\u00e4ftigen Kunden<\/strong> a <strong>drah\u00e9 pro finan\u010dn\u011b siln\u00e9 z\u00e1kazn\u00edky<\/strong>. V \u0161ir\u0161\u00edm smyslu to vede k <strong>Perspektiva brand managementu na druh \u201cklubov\u00e9ho n\u00e1tlaku\u201d<\/strong> a mnoz\u00ed \u0161et\u0159\u00ed na pr\u00e9miov\u00fd produkt a mus\u00ed \u0161et\u0159it na jin\u00fdch velmi d\u016fle\u017eit\u00fdch v\u011bcech, jako je nap\u0159. <strong>U\u0161et\u0159ete na mont\u00e1\u017ei ZF<\/strong> (velk\u00e1 chyba).<\/p>\n<blockquote><p><strong><img decoding=\"async\" class=\"alignright wp-image-11210\" src=\"https:\/\/ddoptics.shop\/wp-content\/uploads\/2016\/09\/DDoptics-Logo.jpg\" alt=\"Logo DDoptics\" width=\"300\" height=\"200\" title=\"\" srcset=\"https:\/\/ddoptics.shop\/wp-content\/uploads\/2016\/09\/DDoptics-Logo.jpg 600w, https:\/\/ddoptics.shop\/wp-content\/uploads\/2016\/09\/DDoptics-Logo-304x203.jpg 304w, https:\/\/ddoptics.shop\/wp-content\/uploads\/2016\/09\/DDoptics-Logo-305x203.jpg 305w, https:\/\/ddoptics.shop\/wp-content\/uploads\/2016\/09\/DDoptics-Logo-510x340.jpg 510w, https:\/\/ddoptics.shop\/wp-content\/uploads\/2016\/09\/DDoptics-Logo-250x167.jpg 250w\" sizes=\"(max-width: 300px) 100vw, 300px\" \/>Co se n\u00e1m na DDoptics opravdu l\u00edb\u00ed:<\/strong><\/p>\n<ul style=\"list-style-type: circle;\">\n<li>Ve spole\u010dnosti DDoptics pokra\u010duje dal\u0161\u00ed v\u00fdvoj jednotliv\u00fdch produkt\u016f ZF s genera\u010dn\u00edm n\u00e1r\u016fstem. Na str\u00e1nk\u00e1ch <strong>Z\u00e1kazn\u00edk v\u017edy obdr\u017e\u00ed nejlep\u0161\u00ed ZF podle aktu\u00e1ln\u00edho stavu v\u00fdvoje.<\/strong><\/li>\n<li>Nejlep\u0161\u00edho pom\u011bru cena\/v\u00fdkon je dosa\u017eeno d\u00edky p\u0159im\u011b\u0159en\u00e9mu mno\u017estv\u00ed a bez n\u00e1kladn\u00e9 reklamy v tradi\u010dn\u00edch m\u00e9di\u00edch.<\/li>\n<\/ul>\n<\/blockquote>\n<p>V\u00fdsledek: Ka\u017ed\u00fd z\u00e1kazn\u00edk obdr\u017e\u00ed kvalitn\u00ed pu\u0161kohled DDoptics s maximem funkc\u00ed, jako jsou nap\u0159.<\/p>\n<ul>\n<li>Pu\u0161kohledy s variabiln\u00edm p\u0159ibl\u00ed\u017een\u00edm 4x nebo 6x.<\/li>\n<li>Absehen in der 2ten Bildebene<\/li>\n<li>H\u00f6chstm\u00f6gliche Verg\u00fctungen und Lichttransmissionen \u00fcber 95%<\/li>\n<li>Nastaven\u00ed paralaxy je standardn\u00ed<\/li>\n<li>Leuchtpunkt ist Standard<\/li>\n<li>Z Gen 3 - Zerostop pro ASV<\/li>\n<\/ul>\n<h3>Co obecn\u011b d\u011bl\u00e1 dobrou <a href=\"https:\/\/de.wikipedia.org\/wiki\/Sportschie%C3%9Fen\" target=\"_blank\" rel=\"noopener noreferrer\">Teleskopick\u00fd zam\u011b\u0159ova\u010d pro sportovn\u00ed st\u0159elbu<\/a> ven?<\/h3>\n<ul>\n<li>Die Zielfernrohr Linsen:<br \/>\n&#8211; Die Qualit\u00e4t der Verg\u00fctung (=Antireflexbeschichtung) und der Gl\u00e4ser<br \/>\n&#8211; Die Lichttransmission (=Helligkeit im Sichtfeld) zwischen 95 und 97%<br \/>\n&#8211; Die Randsch\u00e4rfe (=Bild am Rand des Sichtfelds)<br \/>\n&#8211; Die M\u00f6glichkeit, die Sch\u00e4rfe der Gl\u00e4ser anzupassen (Parallaxe Verstellung)<\/li>\n<li>Hled\u00ed pu\u0161kohledu:<br \/>\n&#8211; Mit und ohne Beleuchtung (hilft bei D\u00e4mmerung)<\/li>\n<li>\u00daprava rozsahu:<br \/>\n- Lev\u00e9 a prav\u00e9 a v\u00fd\u0161kov\u00e9 nastaven\u00ed nen\u00ed p\u0159\u00edli\u0161 hrub\u00e9<br \/>\n- Mus\u00ed b\u00fdt zaru\u010dena opakovatelnost<br \/>\n- Odolnost proti n\u00e1raz\u016fm a z\u00e1sah\u016fm<br \/>\n- Rychle a snadno<\/li>\n<\/ul>\n<h3>Ide\u00e1ln\u00ed pu\u0161kohled pro <a href=\"https:\/\/ddoptics.shop\/cs\/puskohledy-pro-sportovni-strelbu-a-souteze\/\" target=\"_blank\" rel=\"noopener noreferrer\">sportovn\u00ed st\u0159elba<\/a><\/h3>\n<p>Tato kategorie se t\u00fdk\u00e1 p\u0159edev\u0161\u00edm <strong>pou\u017eit\u00ed teleskopick\u00e9ho zam\u011b\u0159ova\u010de a cenov\u00fd vztah k pu\u0161ce<\/strong>. Asi nem\u00e1 smysl montovat na pu\u0161ku KK (22lr) za 300 eur zam\u011b\u0159ova\u010d za 1000 eur.<\/p>\n<p>Pro vysoce p\u0159esn\u00e9 dlouh\u00e9 zbran\u011b v oblasti<strong> P\u0159esn\u00e1 r\u00e1\u017ee 338 Lapua nebo 308 Win<\/strong> kdy\u017e je \u0161irok\u00fd <strong>Z\u00e1b\u011bry do vzd\u00e1lenosti nap\u0159. 1000 m<\/strong> gefordert sind sieht die Sache ein wenig anders aus. Hier wird dann eine 5-30 variable Vergr\u00f6sserung eher passend sein. F\u00fcr das<strong> dynamick\u00e1 st\u0159elba IPSC<\/strong> wird eine Zieloptik mit 25 oder 42 mm Objektiv und grossem Sehfeld zur raschen Zielerfassung das beste sein.<\/p>\n<blockquote><p>P\u0159i sportovn\u00ed st\u0159elb\u011b rozhoduje o spr\u00e1vn\u00e9 ter\u010dov\u00e9 optice sportovn\u00ed discipl\u00edna.<\/p><\/blockquote>\n<p><strong>ZF Vergleich und Eignung nach Objektivdurchmesser<\/strong><\/p>\n<table style=\"width: 835px;\">\n<tbody>\n<tr>\n<td style=\"width: 113px;\"><strong>Sv\u00edtivost<\/strong><\/td>\n<td style=\"width: 176.778px;\"><strong>Pr\u016fm\u011br objektivu<\/strong><\/td>\n<td style=\"width: 527.222px;\"><strong>Vyu\u017eit\u00ed<\/strong><\/td>\n<\/tr>\n<tr>\n<td style=\"width: 113px;\">n\u00edzk\u00e1<\/td>\n<td style=\"width: 176.778px;\">25 mm<\/td>\n<td style=\"width: 527.222px;\">ZF pro lov s pohonem<\/td>\n<\/tr>\n<tr>\n<td style=\"width: 113px;\">St\u0159edn\u00ed a\u017e vysok\u00e1<\/td>\n<td style=\"width: 176.778px;\">42 mm, <a href=\"https:\/\/ddoptics.shop\/cs\/obchod\/teleskopicky-zamerovac-2\/prumer-objektivu-puskohledu\/prumer-objektivu-50-mm\/\" target=\"_blank\" rel=\"noopener noreferrer\">50 mm<\/a><\/td>\n<td style=\"width: 527.222px;\">Univerz\u00e1ln\u00ed ZF Ide\u00e1ln\u00ed do (pozdn\u00edho) soumraku, stalking, horsk\u00fd lov<\/td>\n<\/tr>\n<tr>\n<td style=\"width: 113px;\">Velmi vysok\u00e1<\/td>\n<td style=\"width: 176.778px;\">56 mm, 60 mm<\/td>\n<td style=\"width: 527.222px;\">T\u011b\u017e\u0161\u00ed no\u010dn\u00ed br\u00fdle pro lov na k\u016f\u017ei<\/td>\n<\/tr>\n<\/tbody>\n<\/table>\n<p><strong>Porovn\u00e1n\u00ed ZV a vhodnost po roz\u0161\u00ed\u0159en\u00ed<\/strong><\/p>\n<table>\n<tbody>\n<tr>\n<td><strong>Roz\u0161\u00ed\u0159en\u00ed:<\/strong><\/td>\n<td><strong>mal\u00e9<\/strong><\/td>\n<\/tr>\n<tr>\n<td>1-6x<\/td>\n<td>Ide\u00e1ln\u00ed pro stalking a honitbu - z\u00e1sahy na kr\u00e1tkou vzd\u00e1lenost.<\/td>\n<\/tr>\n<tr>\n<td><strong>Zv\u011bt\u0161en\u00ed<\/strong><\/td>\n<td><strong>st\u0159edn\u00ed<\/strong><\/td>\n<\/tr>\n<tr>\n<td>\u00a0a\u017e 15x<\/td>\n<td>Ide\u00e1ln\u00ed pro mnoho loveck\u00fdch aplikac\u00ed, jako je lov na k\u016f\u017ei, sl\u00edd\u011bn\u00ed a horsk\u00fd lov.<\/td>\n<\/tr>\n<tr>\n<td><strong>Zv\u011bt\u0161en\u00ed<\/strong><\/td>\n<td><strong>vysok\u00e1<\/strong><\/td>\n<\/tr>\n<tr>\n<td>\u00a0a\u017e 30x<\/td>\n<td>\u00a0Pu\u0161kohled pro sportovn\u00ed st\u0159elbu a st\u0159elbu na velk\u00e9 vzd\u00e1lenosti v hor\u00e1ch, pou\u017eit\u00ed jako n\u00e1hrada za zam\u011b\u0159ovac\u00ed dalekohled<\/td>\n<\/tr>\n<\/tbody>\n<\/table>\n<\/div>\n<\/div>","protected":false},"excerpt":{"rendered":"<p>Empfehlung: Ideales Zielfernrohr f\u00fcr Sportschie\u00dfen &#8211; speziell Training, Wettkampf und Long Range Schie\u00dfen Viele Hersteller unterteilen bei den verschiedene Zielfernrohr-Linien grunds\u00e4tzlich in eine G\u00fcnstige und eine Premium Klasse. Diese Unterscheidung wurde und wird bei DDoptics nie gemacht. Das bedeutet n\u00e4mlich, ein billiges Glas f\u00fcr den nicht so finanzkr\u00e4ftigen Kunden und das teure f\u00fcr den finanzkr\u00e4ftigen [&#8230;]\n","protected":false},"author":2,"featured_media":0,"parent":0,"menu_order":0,"comment_status":"closed","ping_status":"closed","template":"","meta":{"inline_featured_image":false,"footnotes":""},"class_list":["post-14708","page","type-page","status-publish","hentry"],"_links":{"self":[{"href":"https:\/\/ddoptics.shop\/cs\/wp-json\/wp\/v2\/pages\/14708","targetHints":{"allow":["GET"]}}],"collection":[{"href":"https:\/\/ddoptics.shop\/cs\/wp-json\/wp\/v2\/pages"}],"about":[{"href":"https:\/\/ddoptics.shop\/cs\/wp-json\/wp\/v2\/types\/page"}],"author":[{"embeddable":true,"href":"https:\/\/ddoptics.shop\/cs\/wp-json\/wp\/v2\/users\/2"}],"replies":[{"embeddable":true,"href":"https:\/\/ddoptics.shop\/cs\/wp-json\/wp\/v2\/comments?post=14708"}],"version-history":[{"count":2,"href":"https:\/\/ddoptics.shop\/cs\/wp-json\/wp\/v2\/pages\/14708\/revisions"}],"predecessor-version":[{"id":24814,"href":"https:\/\/ddoptics.shop\/cs\/wp-json\/wp\/v2\/pages\/14708\/revisions\/24814"}],"wp:attachment":[{"href":"https:\/\/ddoptics.shop\/cs\/wp-json\/wp\/v2\/media?parent=14708"}],"curies":[{"name":"wp","href":"https:\/\/api.w.org\/{rel}","templated":true}]}}