{"id":15087,"date":"2019-06-05T12:09:37","date_gmt":"2019-06-05T10:09:37","guid":{"rendered":"https:\/\/ddoptics.shop\/?page_id=15087"},"modified":"2019-06-06T11:18:59","modified_gmt":"2019-06-06T09:18:59","slug":"lovecke-dalekohledy-pro-stalking-v-horach-2","status":"publish","type":"page","link":"https:\/\/ddoptics.shop\/cs\/fernglas-fernglaeser-jagd-fuer-ansitz-pirsch-gebirge\/","title":{"rendered":"Fernglas bzw. Ferngl\u00e4ser f\u00fcr die Jagd &#8211; Ansitz, Pirsch, Gebirge"},"content":{"rendered":"<div class=\"page-title category-title\">\n<h1>Doporu\u010den\u00ed: Ide\u00e1ln\u00ed dalekohled pro lov, zejm\u00e9na na skr\u00fdvku, stalking a horsk\u00fd lov.<\/h1>\n<p>P\u0159i lovu mus\u00ed b\u00fdt dalekohled velmi odoln\u00fd.<\/p>\n<p><strong>Lovci a lovkyn\u011b<\/strong> pat\u0159\u00ed vedle ornitolog\u016f k tzv. <strong>nejn\u00e1ro\u010dn\u011bj\u0161\u00ed z\u00e1kazn\u00edci dalekohled\u016f<\/strong>. Vzhledem k mnoha r\u016fzn\u00fdm loveck\u00fdm po\u017eadavk\u016fm mus\u00ed b\u00fdt dalekohledy pro lovce p\u0159edev\u0161\u00edm mimo\u0159\u00e1dn\u011b odoln\u00e9.<\/p>\n<p>Pozorov\u00e1no a <strong>Lov prob\u00edh\u00e1 v l\u00e9t\u011b i v zim\u011b<\/strong>. Teploty a pov\u011btrnostn\u00ed podm\u00ednky mohou b\u00fdt velmi nep\u0159\u00edzniv\u00e9. Zima, sn\u00edh, d\u00e9\u0161\u0165 a mlha mohou dalekohled\u016fm d\u00e1t zabrat. Hlavn\u00ed je zde m\u00edt kvalitn\u00ed dalekohled, kter\u00fd m\u016f\u017ee fungovat za v\u0161ech podm\u00ednek prost\u0159ed\u00ed.<\/p>\n<p>Na z\u00e1klad\u011b t\u011bchto \u00favah m\u00e1 velk\u00fd smysl volit kvalitu nam\u00edsto kr\u00e1tkodob\u00e9ho v\u00fdb\u011bru dalekohled\u016f z levn\u00e9ho cenov\u00e9ho segmentu.<\/p>\n<h2>Spr\u00e1vn\u00fd dalekohled z\u00e1vis\u00ed na zp\u016fsobu pou\u017eit\u00ed lovcem.<\/h2>\n<p>Pokud jste hlavn\u011b na lovu, m\u011bli byste j\u00edt do <strong>model s p\u0159ibli\u017en\u011b 8n\u00e1sobn\u00fdm zv\u011bt\u0161en\u00edm<\/strong> greifen. Ein grosser Vorteil bei diesen Ferngl\u00e4sern ist generell das grosse Sehfeld. Ist man dagegen mehr im Ansitz, ist eine h\u00f6here Vergr\u00f6\u00dferung wie z.B. ratsam. <strong>Gute Ferngl\u00e4ser haben bei 10-fach Vergr\u00f6sserung auch ein grosses Sehfeld von ca. 115 m auf 1000 m<\/strong>. Wenn man im Gebirge auf die Jagd geht, dann ist 10-fach auch eine ideale Wahl. Erfahrungsgem\u00e4ss ist bei 10-fach ein Mindestobjektivdurchmesser von 42 mm empfehlenswert, da durch die gr\u00f6sseren Linsen die Bauweise grosser wird und das Gewicht des Fernglases steigt. Durch das h\u00f6here Gewicht wiederum steigt die <strong>Setrva\u010dnost hmoty<\/strong> a zamez\u00ed se \u201cchv\u011bn\u00ed\u201d (p\u0159enosu p\u0159es ruku) dalekohledu.<\/p>\n<h3><span style=\"color: #333333;\">Intenzita sv\u011btla - hlavn\u00ed probl\u00e9m p\u0159i lovu zv\u011b\u0159e na posedu - lov za soumraku<\/span><\/h3>\n<p>Pokud pou\u017e\u00edv\u00e1te dalekohled hlavn\u011b v ter\u00e9nu. <strong>D\u00e4mmerung oder im Morgengrauen<\/strong> einsetzen m\u00f6chte, sollte auf einen m\u00f6glichst hohen Objektivdurchmesser achten, damit auch bei schwachem Licht noch eine gute Sicht gew\u00e4hrleistet ist. Klassisch wird hier immer das 56 mm Objektiv mit 8-fach Vergr\u00f6sserung empfohlen. In den letzten Jahren haben sich aber die Glassorten derart zur Lichttransmission verbessert, dass auch <strong>Extr\u00e9mn\u00ed jasy 7\u00d742 a 8\u00d742<\/strong> vorweisen k\u00f6nnen. Das alleinige Verlassen auf die rechnerische D\u00e4mmerungszahl ist nicht mehr zul\u00e4ssig.<\/p>\n<p>Je d\u016fle\u017eit\u00e9 v\u011bd\u011bt, \u017ee extr\u00e9mn\u00ed jas je obvykle na \u00fakor pod\u00e1n\u00ed barev. Proto je zde obvykle nutn\u00e9 u\u010dinit nejv\u011bt\u0161\u00ed kompromis.<\/p>\n<blockquote><p>Jako lovec mus\u00edte bohu\u017eel d\u011blat kompromisy, pokud chcete pouze 1 p\u00e1r dalekohled\u016f.<\/p><\/blockquote>\n<p>Jak ukazuj\u00ed r\u016fzn\u00e9 zp\u016fsoby pou\u017eit\u00ed p\u0159i lovu, pokud si chcete koupit pouze jeden dalekohled, budete muset v\u017edy d\u011blat kompromisy. Optim\u00e1ln\u00ed model pro ka\u017ed\u00fd typ lovu je z\u00e1sadn\u011b odli\u0161n\u00fd a to je tak\u00e9 d\u016fvod, pro\u010d mnoho lovc\u016f \u010dasto vlastn\u00ed 2-3 p\u00e1ry dalekohled\u016f.<\/p>\n<p>V\u00fdhoda s <strong>DDoptika je takov\u00e1, \u017ee za cenu jednoho dalekohledu od drah\u00e9 zna\u010dky si m\u016f\u017eete koupit nejm\u00e9n\u011b 2 dalekohledy.<\/strong> bez nutnosti d\u011blat kompromisy.<\/p>\n<h3>Ide\u00e1ln\u00ed loveck\u00e1 kombinace od spole\u010dnosti DDoptics, nap\u0159.<\/h3>\n<p><strong>8\u00d730 + 8\u00d756 nebo 10\u00d756 nebo jeden 8\u00d730 + 10\u00d742<\/strong><\/p>\n<\/div>\n<div class=\"category-description std\">\n<h3>Obecn\u00e9 srovn\u00e1n\u00ed binokul\u00e1rn\u00edch dalekohled\u016f a jejich vhodnost podle pr\u016fm\u011bru objektivu<\/h3>\n<table border=\"0\">\n<tbody>\n<tr>\n<td><strong>Sv\u00edtivost<\/strong><\/td>\n<td><strong>Objektiv<\/strong><\/td>\n<td><strong>Vyu\u017eit\u00ed<\/strong><\/td>\n<\/tr>\n<tr>\n<td>n\u00edzk\u00e1<\/td>\n<td>25 mm<\/td>\n<td>Lehk\u00fd a mal\u00fd kapesn\u00ed dalekohled Ide\u00e1ln\u00ed pro b\u011b\u017en\u00e9 sv\u011bteln\u00e9 podm\u00ednky<\/td>\n<\/tr>\n<tr>\n<td>st\u0159edn\u00ed<\/td>\n<td>30 mm, 32 mm<\/td>\n<td>Mal\u00fd univerz\u00e1ln\u00ed dalekohled Ide\u00e1ln\u00ed do soumraku<\/td>\n<\/tr>\n<tr>\n<td>st\u0159edn\u00ed vy\u0161\u0161\u00ed<\/td>\n<td>42 mm, 45 mm<\/td>\n<td>Univerz\u00e1ln\u00ed dalekohled Ide\u00e1ln\u00ed do (pozdn\u00edho) soumraku<\/td>\n<\/tr>\n<tr>\n<td>vysok\u00e1<\/td>\n<td>50 mm, 56 mm, 60 mm<\/td>\n<td>T\u011b\u017e\u0161\u00ed no\u010dn\u00ed br\u00fdle pro astronomii, pro slab\u00e9 osv\u011btlen\u00ed, ve\u010der a v noci<\/td>\n<\/tr>\n<\/tbody>\n<\/table>\n<h3>Porovn\u00e1n\u00ed dalekohled\u016f a vhodnosti podle zv\u011bt\u0161en\u00ed<\/h3>\n<table border=\"0\">\n<tbody>\n<tr>\n<td><strong>Zv\u011bt\u0161en\u00ed<\/strong><\/td>\n<td><strong>st\u0159edn\u00ed<\/strong><\/td>\n<\/tr>\n<tr>\n<td>\u00a07x, 8x, 8,5x, 10x, 10,5x<\/td>\n<td>\u00a0Dalekohledy pro sport, pozorov\u00e1n\u00ed p\u0159\u00edrody, astronomii, cestov\u00e1n\u00ed, ornitologii, safari, pozorov\u00e1n\u00ed<br \/>\n<strong>Obecn\u00fd rozsah v\u00fdb\u011bru:\u00a0<\/strong>Mal\u00e9 a praktick\u00e9 s n\u00edzkou intenzitou sv\u011btla nebo vysokou intenzitou sv\u011btla s norm\u00e1ln\u00ed velikost\u00ed a hmotnost\u00ed.<\/td>\n<\/tr>\n<tr>\n<td><strong>Zv\u011bt\u0161en\u00ed<\/strong><\/td>\n<td><strong>vysok\u00e1<\/strong><\/td>\n<\/tr>\n<tr>\n<td>\u00a012x, 15x<\/td>\n<td>\u00a0Dalekohledy pro pozorov\u00e1n\u00ed pt\u00e1k\u016f, p\u0159\u00edrody, safari, bezpe\u010dnost, sledov\u00e1n\u00ed nebo ochranu hranic<\/td>\n<\/tr>\n<\/tbody>\n<\/table>\n<\/div>","protected":false},"excerpt":{"rendered":"<p>Empfehlung: Ideales Fernglas f\u00fcr die Jagd speziell Ansitz, Pirsch, Gebirge Auf der Jagd muss ein Fernglas vor allem eines, es muss sehr robust sein. J\u00e4ger und J\u00e4gerinnen geh\u00f6ren, neben den Ornithologen, zu den anspruchsvollsten Kunden f\u00fcr Ferngl\u00e4ser. Aufgrund der vielen unterschiedlichen, jagdlichen Anforderungen, m\u00fcssen Ferngl\u00e4ser f\u00fcr J\u00e4ger zuerst einmal ganz besonders robust gebaut sein. Beobachtet [&#8230;]\n","protected":false},"author":2,"featured_media":0,"parent":0,"menu_order":0,"comment_status":"closed","ping_status":"closed","template":"","meta":{"inline_featured_image":false,"footnotes":""},"class_list":["post-15087","page","type-page","status-publish","hentry"],"_links":{"self":[{"href":"https:\/\/ddoptics.shop\/cs\/wp-json\/wp\/v2\/pages\/15087","targetHints":{"allow":["GET"]}}],"collection":[{"href":"https:\/\/ddoptics.shop\/cs\/wp-json\/wp\/v2\/pages"}],"about":[{"href":"https:\/\/ddoptics.shop\/cs\/wp-json\/wp\/v2\/types\/page"}],"author":[{"embeddable":true,"href":"https:\/\/ddoptics.shop\/cs\/wp-json\/wp\/v2\/users\/2"}],"replies":[{"embeddable":true,"href":"https:\/\/ddoptics.shop\/cs\/wp-json\/wp\/v2\/comments?post=15087"}],"version-history":[{"count":0,"href":"https:\/\/ddoptics.shop\/cs\/wp-json\/wp\/v2\/pages\/15087\/revisions"}],"wp:attachment":[{"href":"https:\/\/ddoptics.shop\/cs\/wp-json\/wp\/v2\/media?parent=15087"}],"curies":[{"name":"wp","href":"https:\/\/api.w.org\/{rel}","templated":true}]}}