{"id":15093,"date":"2019-06-05T17:37:45","date_gmt":"2019-06-05T15:37:45","guid":{"rendered":"https:\/\/ddoptics.shop\/?page_id=15093"},"modified":"2019-06-06T10:58:50","modified_gmt":"2019-06-06T08:58:50","slug":"dalekohledy-dalekohledy-pro-pesi-turistiku-na-kolo-dovolena-trekking","status":"publish","type":"page","link":"https:\/\/ddoptics.shop\/cs\/fernglas-fernglaeser-wandern-fuer-bike-urlaub-trekking\/","title":{"rendered":"Fernglas bzw. Ferngl\u00e4ser f\u00fcr Wandern &#8211; Wanderwege, Bike, Urlaub, Trekking, Outdoor"},"content":{"rendered":"<div class=\"page-title category-title\">\n<h1>Doporu\u010den\u00ed: Ide\u00e1ln\u00ed dalekohled pro p\u011b\u0161\u00ed turistiku, zejm\u00e9na na turistick\u00e9 stezky, cyklistiku, dovolenou, trekking, outdoor a cestov\u00e1n\u00ed.<\/h1>\n<\/div>\n<div class=\"category-description std\">\n<div class=\"page-title category-title\">\n<p>Chcete, aby va\u0161e <strong>P\u011b\u0161\u00ed turistika a cestov\u00e1n\u00ed s pozorov\u00e1n\u00edm<\/strong> dobr\u00fd dalekohled je nezbytnou sou\u010d\u00e1st\u00ed va\u0161eho zavazadla. Kdy\u017e <strong>Turistika je dalekohled<\/strong> tak\u00e9 pomocn\u00edk p\u0159i hled\u00e1n\u00ed cesty.<\/p>\n<p>Proto a <strong>U\u017eite\u010dn\u00e9 turistick\u00e9 dalekohledy<\/strong> m\u00edt ostr\u00e9 optick\u00e9 rozli\u0161en\u00ed, snadno se ovl\u00e1dat, b\u00fdt kompaktn\u00ed, robustn\u00ed a p\u0159edev\u0161\u00edm lehk\u00fd - a ne p\u0159\u00edli\u0161 drah\u00fd.<\/p>\n<p>Cena dalekohled\u016f hraje v t\u00e9to kategorii roli, proto\u017ee <strong>V\u00fdlety (p\u0159esp\u00e1n\u00ed na chat\u00e1ch Alpsk\u00e9ho klubu atd. a cestov\u00e1n\u00ed)<\/strong> immer davon ausgehen sollte, dass ein kleines Fernglas schnell einmal verloren gehen kann aufgrund unterschiedlicher Gr\u00fcnde wie z.B. liegen lassen, <strong>Kr\u00e1de\u017e, p\u00e1d ze sk\u00e1ly<\/strong>, atd.<\/p>\n<h2>D\u016fle\u017eit\u00e9 pro turistick\u00e9 dalekohledy: Vysok\u00e9 rozli\u0161en\u00ed a p\u0159esn\u00e1 optika<\/h2>\n<p>Jeden <strong>Vysok\u00e9 rozli\u0161en\u00ed a p\u0159esn\u00e1 optika<\/strong> mit guten Sehfeld ist wichtig f\u00fcr ein optimalen<strong> Vizu\u00e1ln\u00ed po\u017eitek s dalekohledem<\/strong>. M\u016f\u017eete vid\u011bt ostr\u00fd obraz na velmi dlouh\u00e9 vzd\u00e1lenosti. Str\u00e1nky <strong>Prismen und Glas-Linsen<\/strong> (vid\u011bl jsem i plastov\u00e9 objektivy) velmi levn\u00fdch dalekohled\u016f z \u010c\u00edny nesta\u010d\u00ed k dosa\u017een\u00ed ostr\u00e9ho obrazu na takov\u00e9 vzd\u00e1lenosti. Dobr\u00e9 dalekohledy maj\u00ed kvalitn\u00ed <strong>Povlaky \u010do\u010dek<\/strong> a jsou p\u0159esn\u011b vypo\u010dteny tak, aby v mnoha situac\u00edch dosahovaly nejlep\u0161\u00edch obrazov\u00fdch v\u00fdsledk\u016f. To se projev\u00ed i t\u00edm, \u017ee se va\u0161e o\u010di neunav\u00ed a ani p\u0159i dlouh\u00e9m pohledu p\u0159es n\u011b se v\u00e1m nezato\u010d\u00ed hlava.<\/p>\n<h3>Soumra\u010dn\u00fd v\u00fdkon pro turistick\u00e9 a cestovn\u00ed dalekohledy<\/h3>\n<p>Proto\u017ee dalekohledy pro tento \u00fa\u010del jsou mal\u00e9,<strong> Lehk\u00e9 a nep\u0159\u00edli\u0161 drah\u00e9<\/strong> sein sollen, spielt auch die D\u00e4mmerungsleistung keine grosse Rolle. Wenn man im Gebirge unterwegs ist, wird man immer darauf schauen, dass man zu einer vern\u00fcnftigen Abendzeit in der Unterkunft ankommt. Bei Tageslicht sind diese Ferngl\u00e4ser mehr als stark genug helle <strong>Sn\u00edmky se skv\u011blou reprodukc\u00ed barev<\/strong> d\u00e1vat.<\/p>\n<blockquote><p>Hier in teure Glassorten mit extremer Helligkeit zu investieren ist nicht Sinn der Sache.<\/p><\/blockquote>\n<h3>Robustn\u00ed pouzdro a pohodln\u00e1 manipulace<\/h3>\n<p>Krom\u011b p\u0159esn\u00fdch <strong>Optika je materi\u00e1l pouzdra<\/strong> d\u016fle\u017eit\u00e9. Dalekohled by m\u011bl b\u00fdt<strong> b\u00fdt p\u0159\u00edjemn\u00fdm a stabiln\u00edm spole\u010dn\u00edkem, jeho\u017e hmotnost je sotva znateln\u00e1.<\/strong> macht. Einen Sto\u00df gegen einen Felsen, ein Sturz oder Wind und Wetter d\u00fcrfen kein Problem sein. Das muss es aushalten. Dazu geh\u00f6ren ergonomisch geformte Augenmuscheln sowie ein &#8220;Augenabstands-Regulier-Mechanismus&#8221; f\u00fcr die Benutzung mit Brille dazu.<\/p>\n<\/div>\n<div class=\"category-description std\">\n<h3>Srovn\u00e1n\u00ed binokul\u00e1rn\u00edch dalekohled\u016f a jejich vhodnost podle pr\u016fm\u011bru objektivu<\/h3>\n<table border=\"0\">\n<tbody>\n<tr>\n<td><strong>Sv\u00edtivost<\/strong><\/td>\n<td><strong>Objektiv<\/strong><\/td>\n<td><strong>Vyu\u017eit\u00ed<\/strong><\/td>\n<\/tr>\n<tr>\n<td>n\u00edzk\u00e1<\/td>\n<td>25 mm<\/td>\n<td>Lehk\u00fd a mal\u00fd kapesn\u00ed dalekohled Ide\u00e1ln\u00ed pro b\u011b\u017en\u00e9 sv\u011bteln\u00e9 podm\u00ednky<\/td>\n<\/tr>\n<tr>\n<td>st\u0159edn\u00ed<\/td>\n<td>30 mm, 32 mm<\/td>\n<td>Mal\u00fd univerz\u00e1ln\u00ed dalekohled Ide\u00e1ln\u00ed do soumraku<\/td>\n<\/tr>\n<tr>\n<td>st\u0159edn\u00ed vy\u0161\u0161\u00ed<\/td>\n<td>42 mm, 45 mm<\/td>\n<td>Univerz\u00e1ln\u00ed dalekohled Ide\u00e1ln\u00ed do (pozdn\u00edho) soumraku<\/td>\n<\/tr>\n<tr>\n<td>vysok\u00e1<\/td>\n<td>50 mm, 56 mm, 60 mm<\/td>\n<td>T\u011b\u017e\u0161\u00ed no\u010dn\u00ed br\u00fdle pro astronomii, pro slab\u00e9 osv\u011btlen\u00ed, ve\u010der a v noci<\/td>\n<\/tr>\n<\/tbody>\n<\/table>\n<h3>Porovn\u00e1n\u00ed dalekohled\u016f a vhodnosti podle zv\u011bt\u0161en\u00ed<\/h3>\n<table border=\"0\">\n<tbody>\n<tr>\n<td><strong>Zv\u011bt\u0161en\u00ed<\/strong><\/td>\n<td><strong>st\u0159edn\u00ed<\/strong><\/td>\n<\/tr>\n<tr>\n<td>\u00a07x, 8x, 8,5x, 10x, 10,5x<\/td>\n<td>\u00a0Dalekohledy pro sport, pozorov\u00e1n\u00ed p\u0159\u00edrody, astronomii, cestov\u00e1n\u00ed, ornitologii, safari, pozorov\u00e1n\u00ed<br \/>\n<strong>Obecn\u00fd rozsah v\u00fdb\u011bru:\u00a0<\/strong>Mal\u00e9 a praktick\u00e9 s n\u00edzkou intenzitou sv\u011btla nebo vysokou intenzitou sv\u011btla s norm\u00e1ln\u00ed velikost\u00ed a hmotnost\u00ed.<\/td>\n<\/tr>\n<tr>\n<td><strong>Zv\u011bt\u0161en\u00ed<\/strong><\/td>\n<td><strong>vysok\u00e1<\/strong><\/td>\n<\/tr>\n<tr>\n<td>\u00a012x, 15x<\/td>\n<td>\u00a0Dalekohledy pro pozorov\u00e1n\u00ed pt\u00e1k\u016f, p\u0159\u00edrody, safari, bezpe\u010dnost, sledov\u00e1n\u00ed nebo ochranu hranic<\/td>\n<\/tr>\n<\/tbody>\n<\/table>\n<\/div>\n<\/div>","protected":false},"excerpt":{"rendered":"<p>Empfehlung: Ideales Fernglas f\u00fcr das Wandern speziell Wanderwege, Bike,Urlaub, Trekking, Outdoor und Reisen Wollen Sie Ihre Wanderungen und Reisen mit Beobachtungen der Natur verbinden, geh\u00f6rt ein gutes Fernglas unbedingt mit ins Gep\u00e4ck. Beim Wandern ist ein Fernglas auch zudem ein Helfer zur Wegsuche. Deshalb sollte ein brauchbares Wanderfernglas scharf in der optischen Aufl\u00f6sung, leicht in [&#8230;]\n","protected":false},"author":2,"featured_media":0,"parent":0,"menu_order":0,"comment_status":"closed","ping_status":"closed","template":"","meta":{"inline_featured_image":false,"footnotes":""},"class_list":["post-15093","page","type-page","status-publish","hentry"],"_links":{"self":[{"href":"https:\/\/ddoptics.shop\/cs\/wp-json\/wp\/v2\/pages\/15093","targetHints":{"allow":["GET"]}}],"collection":[{"href":"https:\/\/ddoptics.shop\/cs\/wp-json\/wp\/v2\/pages"}],"about":[{"href":"https:\/\/ddoptics.shop\/cs\/wp-json\/wp\/v2\/types\/page"}],"author":[{"embeddable":true,"href":"https:\/\/ddoptics.shop\/cs\/wp-json\/wp\/v2\/users\/2"}],"replies":[{"embeddable":true,"href":"https:\/\/ddoptics.shop\/cs\/wp-json\/wp\/v2\/comments?post=15093"}],"version-history":[{"count":0,"href":"https:\/\/ddoptics.shop\/cs\/wp-json\/wp\/v2\/pages\/15093\/revisions"}],"wp:attachment":[{"href":"https:\/\/ddoptics.shop\/cs\/wp-json\/wp\/v2\/media?parent=15093"}],"curies":[{"name":"wp","href":"https:\/\/api.w.org\/{rel}","templated":true}]}}