{"id":15096,"date":"2019-06-06T09:58:55","date_gmt":"2019-06-06T07:58:55","guid":{"rendered":"https:\/\/ddoptics.shop\/?page_id=15096"},"modified":"2019-06-06T10:12:15","modified_gmt":"2019-06-06T08:12:15","slug":"dalekohledy-dalekohledy-ornitologie-identifikace-ptaku-ptaci-druhy-ornitologie","status":"publish","type":"page","link":"https:\/\/ddoptics.shop\/cs\/fernglas-fernglaeser-ornithologie-vogelbestimmung-vogelarten-vogelkunde\/","title":{"rendered":"Fernglas bzw. Ferngl\u00e4ser f\u00fcr Ornithologie &#8211; Vogelbestimmung, Vogelarten, Heimische V\u00f6gel, Vogelkunde"},"content":{"rendered":"<div class=\"page-title category-title\">\n<h1>Doporu\u010den\u00ed: Ide\u00e1ln\u00ed dalekohled pro ornitologii - ur\u010dov\u00e1n\u00ed pt\u00e1k\u016f, pta\u010d\u00ed druhy, p\u016fvodn\u00ed pt\u00e1ci, ornitologie, dokonce i pozorov\u00e1n\u00ed hmyzu.<\/h1>\n<\/div>\n<div class=\"category-description std\">\n<div class=\"category-description std\">\n<div class=\"page-title category-title\">\n<p>Na str\u00e1nk\u00e1ch <strong>Vogelbeobachtung ist eines der wichtigsten Anwendungsgebiete f\u00fcr Ferngl\u00e4ser.<\/strong> <strong>Ornitologov\u00e9 nebo amat\u00e9r\u0161t\u00ed pozorovatel\u00e9 pt\u00e1k\u016f<\/strong> lauern in die Natur und versuchen, h\u00fcbsche und vor allem seltene V\u00f6gel vor das Fernglas zu bekommen. Hat man dann erst einmal einen wundersch\u00f6nen Vogel mit seinen traumhaften Farben vor dem Objektiv m\u00fcssen 4 Eigenschaften stimmen:<\/p>\n<ol>\n<li>Rozli\u0161en\u00ed dalekohledu - ostrost obrazu<\/li>\n<li>Reprodukce barev - naprosto v\u011brn\u00e1<\/li>\n<li>Jas v koordinaci s barevn\u00fdm pod\u00e1n\u00edm<\/li>\n<li>Vern\u00fcnftige, angenehme Randsch\u00e4rfe &#8211; ein wenig Randsch\u00e4rfe entspricht der Natur des Auges<\/li>\n<li>m\u00f6glichst gro\u00dfes Sehfeld um das ganze Bild r\u00e4umlich zu erleben<\/li>\n<\/ol>\n<h2>Zvl\u00e1\u0161tn\u00ed po\u017eadavky ornitolog\u016f na ur\u010dov\u00e1n\u00ed a pozorov\u00e1n\u00ed pt\u00e1k\u016f<\/h2>\n<p>D\u00e1le je vy\u017eadov\u00e1no n\u00e1sleduj\u00edc\u00ed:<\/p>\n<p><strong>Pohotovost dalekohledu<\/strong><\/p>\n<p>Na <strong>\u201cLov na obr\u00e1zky\u201d pt\u00e1k\u016f<\/strong> je velmi d\u016fle\u017eit\u00e9, abyste m\u011bli dalekohled rychle po ruce a aby nebyl objemn\u00fd. Nejlep\u0161\u00ed je, kdy\u017e je lze snadno uchopit jednou rukou.<\/p>\n<p>Situace je jin\u00e1, pokud<strong> Dalekohled se z\u00e1vitem na stativu<\/strong> a prov\u00e1d\u00ed pr\u016fb\u011b\u017en\u00e1 pozorov\u00e1n\u00ed. Pak nap\u0159\u00edklad hmotnost 1,6 kg nehraje roli. Pro v\u0161echna voln\u00e1 pozorov\u00e1n\u00ed doporu\u010dujeme maxim\u00e1ln\u00ed hmotnost 900 gram\u016f.<\/p>\n<p><strong>Flexibilita a zaost\u0159ovac\u00ed dr\u00e1ha nastavovac\u00edho kole\u010dka<\/strong><\/p>\n<p>S<strong> Pozorov\u00e1n\u00ed pt\u00e1k\u016f<\/strong> mus\u00edte se \u010dasto posouvat sem a tam. Pt\u00e1ci jsou t\u00e9m\u011b\u0159 v\u017edy v pohybu. Mus\u00edte <strong>Pak \u010dasto p\u0159eost\u0159ujte obraz<\/strong>, proto\u017ee vzd\u00e1lenost se tak\u00e9 \u010dasto m\u011bn\u00ed. U dalekohled\u016f je proto d\u016fle\u017eit\u00e9, aby ost\u0159en\u00ed bylo v\u017edy velmi jemn\u011b nastaviteln\u00e9 a p\u0159edev\u0161\u00edm bez v\u016fle. Je tak\u00e9 velmi d\u016fle\u017eit\u00e9, aby se zaost\u0159ovac\u00ed kole\u010dko nemuselo ot\u00e1\u010det p\u0159\u00edli\u0161 dlouho, aby byl \u201crychl\u00fd obraz\u201d zaost\u0159en. To se nejl\u00e9pe testuje p\u0159\u00edmo na dalekohledu. Je d\u016fle\u017eit\u00e9, aby<strong> \u201cRychlost zaost\u0159ov\u00e1n\u00ed rotace\u201d<\/strong> je p\u0159izp\u016fsobena rota\u010dn\u00edmu odporu.<\/p>\n<p>Zv\u011bt\u0161en\u00ed m\u00e1 p\u0159\u00edm\u00fd vliv na <strong>Zaost\u0159ov\u00e1n\u00ed dalekohled\u016f<\/strong> z: Dalekohledy s <strong>7n\u00e1sobn\u00e9 zv\u011bt\u0161en\u00ed<\/strong> je t\u0159eba zaost\u0159ovat m\u00e9n\u011b \u010dasto ne\u017e u 12x dalekohled\u016f.<\/p>\n<h3>Kvalita obrazu dalekohled\u016f pro pozorov\u00e1n\u00ed pt\u00e1k\u016f<\/h3>\n<blockquote><p>P\u0159i pozorov\u00e1n\u00ed pt\u00e1k\u016f je nejd\u016fle\u017eit\u011bj\u0161\u00ed ostrost sn\u00edmku ve spojen\u00ed s barevn\u00fdm pod\u00e1n\u00edm!<\/p><\/blockquote>\n<p>Pouze pokud <strong>Barvy pe\u0159\u00ed<\/strong> so erkennen kann, wie sie wirklich sind macht es Spa\u00df. Hochwertigste Verg\u00fctungen von Prismen und Linsen sind unumg\u00e4nglich. Bei Dachkantgl\u00e4sern bedeutet das, dass die Prismen \u00fcber eine <strong>R\u016fzn\u00e9 dielektrick\u00e9 vrstvy<\/strong> verf\u00fcgen m\u00fcssen. Einzig Ferngl\u00e4ser mit Porro Prismen k\u00f6nnen darauf verzichten &#8211; das kleine Sehfeld h\u00e4lt aber viele davon ob, so ein Fernglas f\u00fcr die Vogelbeobachtung zu verwenden.<\/p>\n<h3>Doporu\u010den\u00e9 dalekohledy pro pozorov\u00e1n\u00ed pt\u00e1k\u016f<\/h3>\n<p>Wir empfehlen f\u00fcr die Vogelbeobachtung mind. eine 10-fach Vergr\u00f6sserung und ein 42 mm Objektiv.<\/p>\n<\/div>\n<div class=\"category-description std\">\n<h3>Obecn\u00e9 srovn\u00e1n\u00ed binokul\u00e1rn\u00edch dalekohled\u016f a jejich vhodnost podle pr\u016fm\u011bru objektivu<\/h3>\n<table border=\"0\">\n<tbody>\n<tr>\n<td><strong>Sv\u00edtivost<\/strong><\/td>\n<td><strong>Objektiv<\/strong><\/td>\n<td><strong>Vyu\u017eit\u00ed<\/strong><\/td>\n<\/tr>\n<tr>\n<td>n\u00edzk\u00e1<\/td>\n<td>25 mm<\/td>\n<td>Lehk\u00fd a mal\u00fd kapesn\u00ed dalekohled Ide\u00e1ln\u00ed pro b\u011b\u017en\u00e9 sv\u011bteln\u00e9 podm\u00ednky<\/td>\n<\/tr>\n<tr>\n<td>st\u0159edn\u00ed<\/td>\n<td>30 mm, 32 mm<\/td>\n<td>Mal\u00fd univerz\u00e1ln\u00ed dalekohled Ide\u00e1ln\u00ed do soumraku<\/td>\n<\/tr>\n<tr>\n<td>st\u0159edn\u00ed vy\u0161\u0161\u00ed<\/td>\n<td>42 mm, 45 mm<\/td>\n<td>Univerz\u00e1ln\u00ed dalekohled Ide\u00e1ln\u00ed do (pozdn\u00edho) soumraku<\/td>\n<\/tr>\n<tr>\n<td>vysok\u00e1<\/td>\n<td>50 mm, 56 mm, 60 mm<\/td>\n<td>T\u011b\u017e\u0161\u00ed no\u010dn\u00ed br\u00fdle pro astronomii, pro slab\u00e9 osv\u011btlen\u00ed, ve\u010der a v noci<\/td>\n<\/tr>\n<\/tbody>\n<\/table>\n<h3>Porovn\u00e1n\u00ed dalekohled\u016f a vhodnosti podle zv\u011bt\u0161en\u00ed<\/h3>\n<table border=\"0\">\n<tbody>\n<tr>\n<td><strong>Zv\u011bt\u0161en\u00ed<\/strong><\/td>\n<td><strong>st\u0159edn\u00ed<\/strong><\/td>\n<\/tr>\n<tr>\n<td>\u00a07x, 8x, 8,5x, 10x, 10,5x<\/td>\n<td>\u00a0Dalekohledy pro sport, pozorov\u00e1n\u00ed p\u0159\u00edrody, astronomii, cestov\u00e1n\u00ed, ornitologii, safari, pozorov\u00e1n\u00ed<br \/>\n<strong>Obecn\u00fd rozsah v\u00fdb\u011bru:\u00a0<\/strong>Mal\u00e9 a praktick\u00e9 s n\u00edzkou intenzitou sv\u011btla nebo vysokou intenzitou sv\u011btla s norm\u00e1ln\u00ed velikost\u00ed a hmotnost\u00ed.<\/td>\n<\/tr>\n<tr>\n<td><strong>Zv\u011bt\u0161en\u00ed<\/strong><\/td>\n<td><strong>vysok\u00e1<\/strong><\/td>\n<\/tr>\n<tr>\n<td>\u00a012x, 15x<\/td>\n<td>\u00a0Dalekohledy pro pozorov\u00e1n\u00ed pt\u00e1k\u016f, p\u0159\u00edrody, safari, bezpe\u010dnost, sledov\u00e1n\u00ed nebo ochranu hranic<\/td>\n<\/tr>\n<\/tbody>\n<\/table>\n<\/div>\n<\/div>\n<\/div>","protected":false},"excerpt":{"rendered":"<p>Empfehlung: Ideales Fernglas f\u00fcr Ornithologie &#8211; Vogelbestimmung, Vogelarten, Heimische V\u00f6gel, Vogelkunde sogar Insektenbeobachtung Die Vogelbeobachtung ist eines der wichtigsten Anwendungsgebiete f\u00fcr Ferngl\u00e4ser. Ornithologen oder Hobby-Vogelbeobachter lauern in die Natur und versuchen, h\u00fcbsche und vor allem seltene V\u00f6gel vor das Fernglas zu bekommen. Hat man dann erst einmal einen wundersch\u00f6nen Vogel mit seinen traumhaften Farben vor [&#8230;]\n","protected":false},"author":2,"featured_media":0,"parent":0,"menu_order":0,"comment_status":"closed","ping_status":"closed","template":"","meta":{"inline_featured_image":false,"footnotes":""},"class_list":["post-15096","page","type-page","status-publish","hentry"],"_links":{"self":[{"href":"https:\/\/ddoptics.shop\/cs\/wp-json\/wp\/v2\/pages\/15096","targetHints":{"allow":["GET"]}}],"collection":[{"href":"https:\/\/ddoptics.shop\/cs\/wp-json\/wp\/v2\/pages"}],"about":[{"href":"https:\/\/ddoptics.shop\/cs\/wp-json\/wp\/v2\/types\/page"}],"author":[{"embeddable":true,"href":"https:\/\/ddoptics.shop\/cs\/wp-json\/wp\/v2\/users\/2"}],"replies":[{"embeddable":true,"href":"https:\/\/ddoptics.shop\/cs\/wp-json\/wp\/v2\/comments?post=15096"}],"version-history":[{"count":0,"href":"https:\/\/ddoptics.shop\/cs\/wp-json\/wp\/v2\/pages\/15096\/revisions"}],"wp:attachment":[{"href":"https:\/\/ddoptics.shop\/cs\/wp-json\/wp\/v2\/media?parent=15096"}],"curies":[{"name":"wp","href":"https:\/\/api.w.org\/{rel}","templated":true}]}}