{"id":15101,"date":"2019-06-05T18:18:21","date_gmt":"2019-06-05T16:18:21","guid":{"rendered":"https:\/\/ddoptics.shop\/?page_id=15101"},"modified":"2019-06-06T09:27:33","modified_gmt":"2019-06-06T07:27:33","slug":"dalekohledy-dalekohledy-pozorovani-pozorovani-zvirata-rostliny-hory-lide","status":"publish","type":"page","link":"https:\/\/ddoptics.shop\/cs\/fernglas-fernglaeser-beobachtung-observation-tiere-pflanzen-berge-menschen\/","title":{"rendered":"Fernglas bzw. Ferngl\u00e4ser f\u00fcr Naturbeobachtung &#8211; Tiere, Pflanzen, Insekten, Berge, Observation"},"content":{"rendered":"<div class=\"page-title category-title\">\n<h1>Doporu\u010den\u00ed: Ide\u00e1ln\u00ed dalekohled pro pozorov\u00e1n\u00ed p\u0159\u00edrody - zv\u00ed\u0159ata, rostliny, hmyz, hory, pozorov\u00e1n\u00ed a sledov\u00e1n\u00ed.<\/h1>\n<\/div>\n<div class=\"category-description std\">\n<div class=\"category-description std\">\n<div class=\"category-description std\">\n<div class=\"page-title category-title\">\n<p>Na str\u00e1nk\u00e1ch <strong>Pozorov\u00e1n\u00ed p\u0159\u00edrody <\/strong>z\u00e4hlt wie die\u00a0Vogelbeobachtung zu einem<strong>\u00a0z nejd\u016fle\u017eit\u011bj\u0161\u00edch oblast\u00ed pou\u017eit\u00ed dalekohled\u016f.<\/strong> <strong>Mnoho outdoorov\u00fdch nad\u0161enc\u016f\u00a0<\/strong>chcete p\u0159\u00edrodu poznat je\u0161t\u011b l\u00e9pe. Pozoruj\u00ed mnoho situac\u00ed zpovzd\u00e1l\u00ed, jako by byli p\u0159\u00edmo uprost\u0159ed nich. P\u0159i v\u00fdb\u011bru spr\u00e1vn\u00e9ho dalekohledu z\u00e1le\u017e\u00ed na osobn\u00edch preferenc\u00edch pro reprodukci obrazu a na dostupn\u00e9m rozpo\u010dtu. <strong>P\u0159i v\u00fdb\u011bru spr\u00e1vn\u00e9ho dalekohledu jsou d\u016fle\u017eit\u00e9 \u010dty\u0159i vlastnosti<\/strong> rozhoduj\u00edc\u00ed:<\/p>\n<ol>\n<li>Rozli\u0161en\u00ed dalekohledu - ostrost obrazu<\/li>\n<li>Reprodukce barev - naprosto v\u011brn\u00e1<\/li>\n<li>Jas v koordinaci s barevn\u00fdm pod\u00e1n\u00edm<\/li>\n<li>Vern\u00fcnftige, angenehme Randsch\u00e4rfe &#8211; ein wenig Randsch\u00e4rfe entspricht der Natur des Auges<\/li>\n<li>m\u00f6glichst gro\u00dfes Sehfeld um das ganze Bild r\u00e4umlich zu erleben<\/li>\n<\/ol>\n<h2>Zvl\u00e1\u0161tn\u00ed po\u017eadavky na dalekohledy pro pozorov\u00e1n\u00ed p\u0159\u00edrody<\/h2>\n<p><strong>Pohotovost dalekohledu<\/strong><\/p>\n<p>Na <strong>\u201cLov obr\u00e1zk\u016f\u201d v p\u0159\u00edrod\u011b<\/strong>\u00a0je velmi d\u016fle\u017eit\u00e9, abyste m\u011bli dalekohled rychle po ruce a aby nebyl objemn\u00fd. Nejlep\u0161\u00ed je, kdy\u017e je lze snadno uchopit jednou rukou.<\/p>\n<p>Situace je jin\u00e1, pokud<strong> Dalekohled se z\u00e1vitem na stativu<\/strong> a prov\u00e1d\u00ed pr\u016fb\u011b\u017en\u00e1 pozorov\u00e1n\u00ed. Pak nap\u0159\u00edklad hmotnost 1,6 kg nehraje roli. Pro v\u0161echna voln\u00e1 pozorov\u00e1n\u00ed doporu\u010dujeme maxim\u00e1ln\u00ed hmotnost 900 gram\u016f.<\/p>\n<p><strong>Flexibilita a zaost\u0159ovac\u00ed dr\u00e1ha nastavovac\u00edho kole\u010dka<\/strong><\/p>\n<p>Ob\u010das se mus\u00edte hodn\u011b posouvat sem a tam. Mnoho zv\u00ed\u0159at je t\u00e9m\u011b\u0159 neust\u00e1le v pohybu. Mus\u00edte <strong>Pak \u010dasto p\u0159eost\u0159ujte obraz<\/strong>, proto\u017ee vzd\u00e1lenost se tak\u00e9 \u010dasto m\u011bn\u00ed. U dalekohled\u016f je proto d\u016fle\u017eit\u00e9, aby ost\u0159en\u00ed bylo v\u017edy velmi jemn\u011b nastaviteln\u00e9 a p\u0159edev\u0161\u00edm bez v\u016fle. Je tak\u00e9 velmi d\u016fle\u017eit\u00e9, aby se zaost\u0159ovac\u00ed kole\u010dko nemuselo ot\u00e1\u010det p\u0159\u00edli\u0161 dlouho, aby byl \u201crychl\u00fd obraz\u201d zaost\u0159en. To se nejl\u00e9pe testuje p\u0159\u00edmo na dalekohledu. Je d\u016fle\u017eit\u00e9, aby<strong> \u201cRychlost zaost\u0159ov\u00e1n\u00ed rotace\u201d<\/strong> je p\u0159izp\u016fsobena rota\u010dn\u00edmu odporu.<\/p>\n<p>Zv\u011bt\u0161en\u00ed m\u00e1 p\u0159\u00edm\u00fd vliv na <strong>Zaost\u0159ov\u00e1n\u00ed dalekohled\u016f<\/strong> z: Dalekohledy s <strong>7n\u00e1sobn\u00e9 zv\u011bt\u0161en\u00ed<\/strong> je t\u0159eba zaost\u0159ovat m\u00e9n\u011b \u010dasto ne\u017e u 12x dalekohled\u016f.<\/p>\n<h3>Binokul\u00e1rn\u00ed kvalita obrazu pro optim\u00e1ln\u00ed pozorov\u00e1n\u00ed a sledov\u00e1n\u00ed p\u0159\u00edrody<\/h3>\n<blockquote><p>Das Wichtigste bei der Naturbeobachtung ist die Bildsch\u00e4rfe gekoppelt mit der Farbwiedergabe! Ausnahme: Wenn man in der D\u00e4mmerung beobachten will werden die Objektive gr\u00f6sser!<\/p><\/blockquote>\n<p>Pouze pokud rozpozn\u00e1te fantastick\u00e9\u00a0<strong>podrobnosti<\/strong>\u00a0so erkennen kann, wie sie wirklich sind macht es Spa\u00df. Hochwertigste Verg\u00fctungen von Prismen und Linsen sind unumg\u00e4nglich. Bei Dachkantgl\u00e4sern bedeutet das, dass die Prismen \u00fcber eine <strong>R\u016fzn\u00e9 dielektrick\u00e9 vrstvy<\/strong> verf\u00fcgen m\u00fcssen. Einzig Ferngl\u00e4ser mit Porro Prismen k\u00f6nnen darauf verzichten &#8211; das kleine Sehfeld h\u00e4lt aber viele davon ob, so ein Fernglas f\u00fcr die Vogelbeobachtung zu verwenden.<\/p>\n<h3>Doporu\u010den\u00e9 dalekohledy pro pozorov\u00e1n\u00ed p\u0159\u00edrody, nap\u0159\u00edklad zv\u00ed\u0159at, hmyzu, hor atd.<\/h3>\n<p>Wir empfehlen f\u00fcr die Naturbeobachtung eine 7-10-fach Vergr\u00f6sserung. F\u00fcr besondere Anwendungen auch h\u00f6her.<\/p>\n<\/div>\n<div class=\"category-description std\">\n<h3>Obecn\u00e9 srovn\u00e1n\u00ed binokul\u00e1rn\u00edch dalekohled\u016f a jejich vhodnost podle pr\u016fm\u011bru objektivu<\/h3>\n<table border=\"0\">\n<tbody>\n<tr>\n<td><strong>Sv\u00edtivost<\/strong><\/td>\n<td><strong>Objektiv<\/strong><\/td>\n<td><strong>Vyu\u017eit\u00ed<\/strong><\/td>\n<\/tr>\n<tr>\n<td>n\u00edzk\u00e1<\/td>\n<td>25 mm<\/td>\n<td>Lehk\u00fd a mal\u00fd kapesn\u00ed dalekohled Ide\u00e1ln\u00ed pro b\u011b\u017en\u00e9 sv\u011bteln\u00e9 podm\u00ednky<\/td>\n<\/tr>\n<tr>\n<td>st\u0159edn\u00ed<\/td>\n<td>30 mm, 32 mm<\/td>\n<td>Mal\u00fd univerz\u00e1ln\u00ed dalekohled Ide\u00e1ln\u00ed do soumraku<\/td>\n<\/tr>\n<tr>\n<td>st\u0159edn\u00ed vy\u0161\u0161\u00ed<\/td>\n<td>42 mm, 45 mm<\/td>\n<td>Univerz\u00e1ln\u00ed dalekohled Ide\u00e1ln\u00ed do (pozdn\u00edho) soumraku<\/td>\n<\/tr>\n<tr>\n<td>vysok\u00e1<\/td>\n<td>50 mm, 56 mm, 60 mm<\/td>\n<td>T\u011b\u017e\u0161\u00ed no\u010dn\u00ed br\u00fdle pro astronomii, pro slab\u00e9 osv\u011btlen\u00ed, ve\u010der a v noci<\/td>\n<\/tr>\n<\/tbody>\n<\/table>\n<h3>Porovn\u00e1n\u00ed dalekohled\u016f a vhodnosti podle zv\u011bt\u0161en\u00ed<\/h3>\n<table border=\"0\">\n<tbody>\n<tr>\n<td><strong>Zv\u011bt\u0161en\u00ed<\/strong><\/td>\n<td><strong>st\u0159edn\u00ed<\/strong><\/td>\n<\/tr>\n<tr>\n<td>\u00a07x, 8x, 8,5x, 10x, 10,5x<\/td>\n<td>\u00a0Dalekohledy pro sport, pozorov\u00e1n\u00ed p\u0159\u00edrody, astronomii, cestov\u00e1n\u00ed, ornitologii, safari, pozorov\u00e1n\u00ed<br \/>\n<strong>Obecn\u00fd rozsah v\u00fdb\u011bru:\u00a0<\/strong>Mal\u00e9 a praktick\u00e9 s n\u00edzkou intenzitou sv\u011btla nebo vysokou intenzitou sv\u011btla s norm\u00e1ln\u00ed velikost\u00ed a hmotnost\u00ed.<\/td>\n<\/tr>\n<tr>\n<td><strong>Zv\u011bt\u0161en\u00ed<\/strong><\/td>\n<td><strong>vysok\u00e1<\/strong><\/td>\n<\/tr>\n<tr>\n<td>\u00a012x, 15x<\/td>\n<td>\u00a0Dalekohledy pro pozorov\u00e1n\u00ed pt\u00e1k\u016f, p\u0159\u00edrody, safari, bezpe\u010dnost, sledov\u00e1n\u00ed nebo ochranu hranic<\/td>\n<\/tr>\n<\/tbody>\n<\/table>\n<\/div>\n<\/div>\n<\/div>\n<\/div>","protected":false},"excerpt":{"rendered":"<p>Empfehlung: Ideales Fernglas f\u00fcr Naturbeobachtung &#8211; Tiere, Pflanzen, Insekten, Berge, Observation und Beobachtung Die Naturbeobachtung z\u00e4hlt wie die\u00a0Vogelbeobachtung zu einem\u00a0der wichtigsten Anwendungsgebiete f\u00fcr Ferngl\u00e4ser. Viele Outdoor Begeisterte\u00a0wollen die Natur noch viel besser kennen lernen. Sie beobachten so viele Situationen aus der Ferne als ob sie\u00a0\u00a0mittendrin w\u00e4ren. Bei der Auswahl des passenden Fernglases geht es hier [&#8230;]\n","protected":false},"author":2,"featured_media":0,"parent":0,"menu_order":0,"comment_status":"closed","ping_status":"closed","template":"","meta":{"inline_featured_image":false,"footnotes":""},"class_list":["post-15101","page","type-page","status-publish","hentry"],"_links":{"self":[{"href":"https:\/\/ddoptics.shop\/cs\/wp-json\/wp\/v2\/pages\/15101","targetHints":{"allow":["GET"]}}],"collection":[{"href":"https:\/\/ddoptics.shop\/cs\/wp-json\/wp\/v2\/pages"}],"about":[{"href":"https:\/\/ddoptics.shop\/cs\/wp-json\/wp\/v2\/types\/page"}],"author":[{"embeddable":true,"href":"https:\/\/ddoptics.shop\/cs\/wp-json\/wp\/v2\/users\/2"}],"replies":[{"embeddable":true,"href":"https:\/\/ddoptics.shop\/cs\/wp-json\/wp\/v2\/comments?post=15101"}],"version-history":[{"count":0,"href":"https:\/\/ddoptics.shop\/cs\/wp-json\/wp\/v2\/pages\/15101\/revisions"}],"wp:attachment":[{"href":"https:\/\/ddoptics.shop\/cs\/wp-json\/wp\/v2\/media?parent=15101"}],"curies":[{"name":"wp","href":"https:\/\/api.w.org\/{rel}","templated":true}]}}