{"id":1573,"date":"2012-07-04T09:57:58","date_gmt":"2012-07-04T07:57:58","guid":{"rendered":"http:\/\/www.optik-sport-shop.at\/?page_id=1573"},"modified":"2025-06-16T19:59:18","modified_gmt":"2025-06-16T17:59:18","slug":"telefonni-linka-pro-telefonicke-objednavky","status":"publish","type":"page","link":"https:\/\/ddoptics.shop\/cs\/telefon-hotline-fuer-telefonische-bestellung\/","title":{"rendered":"Hotline pro dotazy k na\u0161im produkt\u016fm nebo telefonick\u00e9 objedn\u00e1vky"},"content":{"rendered":"<h2>Va\u0161e dotazy k produkt\u016fm DDoptics nebo telefonick\u00e9 objedn\u00e1vky<\/h2>\n<p>M\u011bli byste<strong> Ot\u00e1zky t\u00fdkaj\u00edc\u00ed se kvalitn\u00ed optiky DDoptics nebo jin\u00fdch produkt\u016f<\/strong> pak n\u00e1m jednodu\u0161e zavolejte na horkou linku: +43 (0)676 6882000.<\/p>\n<p>T\u011b\u0161\u00edme se na v\u00e1\u0161 telefon\u00e1t a r\u00e1di zodpov\u00edme va\u0161e dotazy.<\/p>\n<p>V\u00e1\u0161 obchod Optik Sport.<\/p>","protected":false},"excerpt":{"rendered":"<p>Ihre Fragen zu unseren DDoptics Produkten oder telefonische Bestellung Sollten Sie Fragen zu den DDoptics Qualit\u00e4tsoptiken oder anderen Produkten haben, dann rufen Sie uns einfach unter der Hotline: +43 (0)676 6882000 an. Wir freuen uns auf Ihren anruf und beantworten gerne wir Ihre Fragen. Ihr Optik Sport Shop.<\/p>","protected":false},"author":2,"featured_media":0,"parent":0,"menu_order":0,"comment_status":"open","ping_status":"open","template":"","meta":{"inline_featured_image":false,"footnotes":""},"class_list":["post-1573","page","type-page","status-publish","hentry"],"_links":{"self":[{"href":"https:\/\/ddoptics.shop\/cs\/wp-json\/wp\/v2\/pages\/1573","targetHints":{"allow":["GET"]}}],"collection":[{"href":"https:\/\/ddoptics.shop\/cs\/wp-json\/wp\/v2\/pages"}],"about":[{"href":"https:\/\/ddoptics.shop\/cs\/wp-json\/wp\/v2\/types\/page"}],"author":[{"embeddable":true,"href":"https:\/\/ddoptics.shop\/cs\/wp-json\/wp\/v2\/users\/2"}],"replies":[{"embeddable":true,"href":"https:\/\/ddoptics.shop\/cs\/wp-json\/wp\/v2\/comments?post=1573"}],"version-history":[{"count":1,"href":"https:\/\/ddoptics.shop\/cs\/wp-json\/wp\/v2\/pages\/1573\/revisions"}],"predecessor-version":[{"id":28447,"href":"https:\/\/ddoptics.shop\/cs\/wp-json\/wp\/v2\/pages\/1573\/revisions\/28447"}],"wp:attachment":[{"href":"https:\/\/ddoptics.shop\/cs\/wp-json\/wp\/v2\/media?parent=1573"}],"curies":[{"name":"wp","href":"https:\/\/api.w.org\/{rel}","templated":true}]}}