{"id":22712,"date":"2020-05-27T00:46:55","date_gmt":"2020-05-26T22:46:55","guid":{"rendered":"https:\/\/ddoptics.shop\/?page_id=22712"},"modified":"2025-11-04T19:22:14","modified_gmt":"2025-11-04T18:22:14","slug":"technicky-termin-optika-dalekohledy-puskohledy-zamerovaci-dalekohled-wiki","status":"publish","type":"page","link":"https:\/\/ddoptics.shop\/cs\/fachwort-optik-fernglas-zielfernrohr-spektiv-wiki\/","title":{"rendered":"Term\u00edny z optiky pro dalekohledy, pu\u0161kohledy a zam\u011b\u0159ovac\u00ed dalekohledy vysv\u011btlen\u00e9 \u201ev kostce\u201c"},"content":{"rendered":"<div class=\"img has-hover hide-for-small x md-x lg-x y md-y lg-y\" id=\"image_1853344740\">\n\t\t\t\t\t\t\t\t<div class=\"img-inner dark\" >\n\t\t\t<img decoding=\"async\" width=\"750\" height=\"150\" src=\"https:\/\/ddoptics.shop\/wp-content\/uploads\/2020\/05\/DDoptics-Wiki-Lexikon.jpg\" class=\"attachment-original size-original\" alt=\"\" srcset=\"https:\/\/ddoptics.shop\/wp-content\/uploads\/2020\/05\/DDoptics-Wiki-Lexikon.jpg 750w, https:\/\/ddoptics.shop\/wp-content\/uploads\/2020\/05\/DDoptics-Wiki-Lexikon-304x61.jpg 304w, https:\/\/ddoptics.shop\/wp-content\/uploads\/2020\/05\/DDoptics-Wiki-Lexikon-305x61.jpg 305w, https:\/\/ddoptics.shop\/wp-content\/uploads\/2020\/05\/DDoptics-Wiki-Lexikon-632x126.jpg 632w, https:\/\/ddoptics.shop\/wp-content\/uploads\/2020\/05\/DDoptics-Wiki-Lexikon-510x102.jpg 510w, https:\/\/ddoptics.shop\/wp-content\/uploads\/2020\/05\/DDoptics-Wiki-Lexikon-250x50.jpg 250w\" sizes=\"(max-width: 750px) 100vw, 750px\" title=\"\">\t\t\t\t\t\t\n\t\t\t\t\t<\/div>\n\t\t\t\t\t\t\t\t\n<style>\n#image_1853344740 {\n  width: 100%;\n}\n<\/style>\n\t<\/div>\n\t\r\n\t<div id=\"gap-1492633039\" class=\"gap-element clearfix\" style=\"display:block; height:auto;\">\n\t\t\n<style>\n#gap-1492633039 {\n  padding-top: 30px;\n}\n<\/style>\n\t<\/div>\n\t\r\n<p>Vpravo vyberte po\u017eadovan\u00fd odborn\u00fd term\u00edn z p\u00edsmenn\u00e9ho pole. N\u00ed\u017ee je uveden v\u00fdpis aktu\u00e1ln\u011b ulo\u017een\u00fdch technick\u00fdch term\u00edn\u016f. Tuto wiki se sna\u017e\u00edme vysv\u011btlit na p\u0159\u00edkladech z na\u0161\u00ed praxe. Do wiki tak\u00e9 neust\u00e1le p\u0159id\u00e1v\u00e1me nov\u00e9 technick\u00e9 term\u00edny. D\u011bkujeme za ka\u017edou informaci, pokud n\u011bkter\u00fd technick\u00fd term\u00edn st\u00e1le chyb\u00ed.<\/p>\r\n<div class=\"glossary-term-bar\"><span class=\"glossary-link-initial-item\"><a href=\"#glossary-a\">a<\/a><\/span><span class=\"glossary-link-initial-item\"><a href=\"#glossary-b\">b<\/a><\/span><span class=\"glossary-link-initial-item\"><a href=\"#glossary-d\">d<\/a><\/span><span class=\"glossary-link-initial-item\"><a href=\"#glossary-e\">e<\/a><\/span><span class=\"glossary-link-initial-item\"><a href=\"#glossary-f\">f<\/a><\/span><span class=\"glossary-link-initial-item\"><a href=\"#glossary-g\">g<\/a><\/span><span class=\"glossary-link-initial-item\"><a href=\"#glossary-i\">i<\/a><\/span><span class=\"glossary-link-initial-item\"><a href=\"#glossary-j\">j<\/a><\/span><span class=\"glossary-link-initial-item\"><a href=\"#glossary-l\">l<\/a><\/span><span class=\"glossary-link-initial-item\"><a href=\"#glossary-m\">m<\/a><\/span><span class=\"glossary-link-initial-item\"><a href=\"#glossary-o\">o<\/a><\/span><span class=\"glossary-link-initial-item\"><a href=\"#glossary-p\">p<\/a><\/span><span class=\"glossary-link-initial-item\"><a href=\"#glossary-r\">r<\/a><\/span><span class=\"glossary-link-initial-item\"><a href=\"#glossary-s\">s<\/a><\/span><span class=\"glossary-link-initial-item\"><a href=\"#glossary-v\">v<\/a><\/span><span class=\"glossary-link-initial-item\"><a href=\"#glossary-w\">w<\/a><\/span><span class=\"glossary-link-initial-item\"><a href=\"#glossary-z\">z<\/a><\/span><\/div><div class=\"gt-search-bar\" data-scroll=\"scroll\"><input type=\"text\" class=\"gt-search\" name=\"gt-search\" aria-label=\"Vyhled\u00e1v\u00e1n\u00ed\" placeholder=\"Vyhled\u00e1v\u00e1n\u00ed\" value=\"\" autocomplete=\"off\" data-no-translation-aria-label=\"\" data-no-translation-placeholder=\"\"><button class=\"gt-next\">\u2193<\/button><button class=\"gt-prev\">\u2191<\/button><\/div><div class=\"glossary-term-list\"><div class=\"glossary-block glossary-block-a\"><span class=\"glossary-letter\" id=\"glossary-a\">a<\/span><ul><li><span class=\"glossary-link-item\" itemscope itemtype=\"https:\/\/schema.org\/DefinedTerm\"><a itemprop=\"inDefinedTermSet\" href=\"https:\/\/ddoptics.shop\/cs\/technicky-termin\/asfericke-cocky\/\"><span itemprop=\"name\">Asf\u00e9rick\u00e9 \u010do\u010dky pro optiku<\/span><\/a><\/span><\/li><li><span class=\"glossary-link-item\" itemscope itemtype=\"https:\/\/schema.org\/DefinedTerm\"><a itemprop=\"inDefinedTermSet\" href=\"https:\/\/ddoptics.shop\/cs\/technicky-termin\/ocni-relief-pro-dalekohledy\/\"><span itemprop=\"name\">O\u010dn\u00ed reli\u00e9f pro dalekohledy<\/span><\/a><\/span><\/li><li><span class=\"glossary-link-item\" itemscope itemtype=\"https:\/\/schema.org\/DefinedTerm\"><a itemprop=\"inDefinedTermSet\" href=\"https:\/\/ddoptics.shop\/cs\/technicky-termin\/vypocet-vystupni-pupily-dalekohledu\/\"><span itemprop=\"name\">Vypo\u010d\u00edtejte a vysv\u011btlete v\u00fdstupn\u00ed pupilu dalekohledu<\/span><\/a><\/span><\/li><\/ul><\/div><div class=\"glossary-block glossary-block-b\"><span class=\"glossary-letter\" id=\"glossary-b\">b<\/span><ul><li><span class=\"glossary-link-item\" itemscope itemtype=\"https:\/\/schema.org\/DefinedTerm\"><a itemprop=\"inDefinedTermSet\" href=\"https:\/\/ddoptics.shop\/cs\/technicky-termin\/vypocet-uhlove-minuty-nebo-moa-pro-puskohledy\/\"><span itemprop=\"name\">V\u00fdpo\u010det \u00fahlov\u00e9 minuty nebo MOA pro pu\u0161kohledy<\/span><\/a><\/span><\/li><li><span class=\"glossary-link-item\" itemscope itemtype=\"https:\/\/schema.org\/DefinedTerm\"><a itemprop=\"inDefinedTermSet\" href=\"https:\/\/ddoptics.shop\/cs\/technicky-termin\/opticka-reseni\/\"><span itemprop=\"name\">Povlaky a n\u00e1t\u011bry pro optiku - Coating nebo Multi Coated<\/span><\/a><\/span><\/li><li><span class=\"glossary-link-item\" itemscope itemtype=\"https:\/\/schema.org\/DefinedTerm\"><a itemprop=\"inDefinedTermSet\" href=\"https:\/\/ddoptics.shop\/cs\/technicky-termin\/zakriveni-pole-zplostovacich-cocek\/\"><span itemprop=\"name\">Zak\u0159iven\u00ed obrazov\u00e9ho pole - zplo\u0161\u0165ovac\u00ed \u010do\u010dky pro optiku<\/span><\/a><\/span><\/li><\/ul><\/div><div class=\"glossary-block glossary-block-d\"><span class=\"glossary-letter\" id=\"glossary-d\">d<\/span><ul><li><span class=\"glossary-link-item\" itemscope itemtype=\"https:\/\/schema.org\/DefinedTerm\"><a itemprop=\"inDefinedTermSet\" href=\"https:\/\/ddoptics.shop\/cs\/technicky-termin\/stresni-hranol\/\"><span itemprop=\"name\">St\u0159e\u0161n\u00ed hranol<\/span><\/a><\/span><\/li><li><span class=\"glossary-link-item\" itemscope itemtype=\"https:\/\/schema.org\/DefinedTerm\"><a itemprop=\"inDefinedTermSet\" href=\"https:\/\/ddoptics.shop\/cs\/technicky-termin\/dalekohledy-hodnoceni-soumraku-hodnoceni-soumraku\/\"><span itemprop=\"name\">Soumrakov\u00fd faktor a soumrakov\u00fd v\u00fdkon dalekohled\u016f<\/span><\/a><\/span><\/li><li><span class=\"glossary-link-item\" itemscope itemtype=\"https:\/\/schema.org\/DefinedTerm\"><a itemprop=\"inDefinedTermSet\" href=\"https:\/\/ddoptics.shop\/cs\/technicky-termin\/prvni-obrazova-rovina-zamerovace\/\"><span itemprop=\"name\">M\u0159\u00ed\u017eka v prvn\u00ed ohniskov\u00e9 rovin\u011b pu\u0161kohled\u016f<\/span><\/a><\/span><\/li><li><span class=\"glossary-link-item\" itemscope itemtype=\"https:\/\/schema.org\/DefinedTerm\"><a itemprop=\"inDefinedTermSet\" href=\"https:\/\/ddoptics.shop\/cs\/technicky-termin\/druha-obrazova-rovina-zamerovace\/\"><span itemprop=\"name\">M\u0159\u00ed\u017eka v druh\u00e9 obrazov\u00e9 rovin\u011b pu\u0161kohled\u016f<\/span><\/a><\/span><\/li><li><span class=\"glossary-link-item\" itemscope itemtype=\"https:\/\/schema.org\/DefinedTerm\"><a itemprop=\"inDefinedTermSet\" href=\"https:\/\/ddoptics.shop\/cs\/technicky-termin\/teleskopicky-zamerovac-s-osvetlenou-teckou\/\"><span itemprop=\"name\">Optick\u00fd pu\u0161kohled DDoptics s osv\u011btlenou te\u010dkou II<\/span><\/a><\/span><\/li><li><span class=\"glossary-link-item\" itemscope itemtype=\"https:\/\/schema.org\/DefinedTerm\"><a itemprop=\"inDefinedTermSet\" href=\"https:\/\/ddoptics.shop\/cs\/technicky-termin\/dalekohledy-s-dioptrickou-korekci\/\"><span itemprop=\"name\">Dioptrick\u00e1 korekce pro nositele br\u00fdl\u00ed s dalekohledem<\/span><\/a><\/span><\/li><\/ul><\/div><div class=\"glossary-block glossary-block-e\"><span class=\"glossary-letter\" id=\"glossary-e\">e<\/span><ul><li><span class=\"glossary-link-item\" itemscope itemtype=\"https:\/\/schema.org\/DefinedTerm\"><a itemprop=\"inDefinedTermSet\" href=\"https:\/\/ddoptics.shop\/cs\/technicky-termin\/ed-glass\/\"><span itemprop=\"name\">ED sklo - sklo s extra n\u00edzk\u00fdm rozptylem pro dalekohledy<\/span><\/a><\/span><\/li><\/ul><\/div><div class=\"glossary-block glossary-block-f\"><span class=\"glossary-letter\" id=\"glossary-f\">f<\/span><ul><li><span class=\"glossary-link-item\" itemscope itemtype=\"https:\/\/schema.org\/DefinedTerm\"><a itemprop=\"inDefinedTermSet\" href=\"https:\/\/ddoptics.shop\/cs\/technicky-termin\/dalekohledy-pro-pozorovani-ptaku-3\/\"><span itemprop=\"name\">Dalekohledy pro pozorov\u00e1n\u00ed pt\u00e1k\u016f<\/span><\/a><\/span><\/li><li><span class=\"glossary-link-item\" itemscope itemtype=\"https:\/\/schema.org\/DefinedTerm\"><a itemprop=\"inDefinedTermSet\" href=\"https:\/\/ddoptics.shop\/cs\/technicky-termin\/dalekohledy-vodotesne-tlakove-vodotesne\/\"><span itemprop=\"name\">Dalekohledy vodot\u011bsn\u00e9 nebo vodot\u011bsn\u00e9 pod tlakem vody<\/span><\/a><\/span><\/li><li><span class=\"glossary-link-item\" itemscope itemtype=\"https:\/\/schema.org\/DefinedTerm\"><a itemprop=\"inDefinedTermSet\" href=\"https:\/\/ddoptics.shop\/cs\/technicky-termin\/konstrukce-dalekohledu-a-hranolu\/\"><span itemprop=\"name\">Dalekohledy - konstrukce a hranoly<\/span><\/a><\/span><\/li><li><span class=\"glossary-link-item\" itemscope itemtype=\"https:\/\/schema.org\/DefinedTerm\"><a itemprop=\"inDefinedTermSet\" href=\"https:\/\/ddoptics.shop\/cs\/technicky-termin\/vysuvne-ocni-cocky\/\"><span itemprop=\"name\">Dalekohled se zatahovac\u00edmi o\u010dnicemi ide\u00e1ln\u00ed pro nositele br\u00fdl\u00ed<\/span><\/a><\/span><\/li><li><span class=\"glossary-link-item\" itemscope itemtype=\"https:\/\/schema.org\/DefinedTerm\"><a itemprop=\"inDefinedTermSet\" href=\"https:\/\/ddoptics.shop\/cs\/technicky-termin\/svetlo-v-oku-2\/\"><span itemprop=\"name\">Funkce oka - adaptace na sv\u011btlo a tmu<\/span><\/a><\/span><\/li><\/ul><\/div><div class=\"glossary-block glossary-block-g\"><span class=\"glossary-letter\" id=\"glossary-g\">g<\/span><ul><li><span class=\"glossary-link-item\" itemscope itemtype=\"https:\/\/schema.org\/DefinedTerm\"><a itemprop=\"inDefinedTermSet\" href=\"https:\/\/ddoptics.shop\/cs\/technicky-termin\/gumove-pancerovani-pro-dalekohledy-2\/\"><span itemprop=\"name\">Gumov\u00e9 panc\u00e9\u0159ov\u00e1n\u00ed pro dalekohledy<\/span><\/a><\/span><\/li><\/ul><\/div><div class=\"glossary-block glossary-block-i\"><span class=\"glossary-letter\" id=\"glossary-i\">i<\/span><ul><li><span class=\"glossary-link-item\" itemscope itemtype=\"https:\/\/schema.org\/DefinedTerm\"><a itemprop=\"inDefinedTermSet\" href=\"https:\/\/ddoptics.shop\/cs\/technicky-termin\/inteligentni-ddoptics-ifiber-light-point\/\"><span itemprop=\"name\">Inteligentn\u00ed DDoptics IFiber Control osv\u011btlen\u00fd bod<\/span><\/a><\/span><\/li><\/ul><\/div><div class=\"glossary-block glossary-block-j\"><span class=\"glossary-letter\" id=\"glossary-j\">j<\/span><ul><li><span class=\"glossary-link-item\" itemscope itemtype=\"https:\/\/schema.org\/DefinedTerm\"><a itemprop=\"inDefinedTermSet\" href=\"https:\/\/ddoptics.shop\/cs\/technicky-termin\/nastaveni\/\"><span itemprop=\"name\">\u00daprava<\/span><\/a><\/span><\/li><\/ul><\/div><div class=\"glossary-block glossary-block-l\"><span class=\"glossary-letter\" id=\"glossary-l\">l<\/span><ul><li><span class=\"glossary-link-item\" itemscope itemtype=\"https:\/\/schema.org\/DefinedTerm\"><a itemprop=\"inDefinedTermSet\" href=\"https:\/\/ddoptics.shop\/cs\/technicky-termin\/prusvitna-optika-propoustejici-svetlo\/\"><span itemprop=\"name\">propustnost sv\u011btla, propustnost sv\u011btla pro optick\u00e1 za\u0159\u00edzen\u00ed<\/span><\/a><\/span><\/li><li><span class=\"glossary-link-item\" itemscope itemtype=\"https:\/\/schema.org\/DefinedTerm\"><a itemprop=\"inDefinedTermSet\" href=\"https:\/\/ddoptics.shop\/cs\/technicky-termin\/ukryt-pro-lov-za-svitani-a-v-noci-2\/\"><span itemprop=\"name\">Vysoce sv\u00edtiv\u00e9 br\u00fdle na sezen\u00ed za soumraku nebo v noci<\/span><\/a><\/span><\/li><\/ul><\/div><div class=\"glossary-block glossary-block-m\"><span class=\"glossary-letter\" id=\"glossary-m\">m<\/span><ul><li><span class=\"glossary-link-item\" itemscope itemtype=\"https:\/\/schema.org\/DefinedTerm\"><a itemprop=\"inDefinedTermSet\" href=\"https:\/\/ddoptics.shop\/cs\/technicky-termin\/mini-dalekohledy\/\"><span itemprop=\"name\">Mini dalekohledy - Kapesn\u00ed dalekohledy<\/span><\/a><\/span><\/li><\/ul><\/div><div class=\"glossary-block glossary-block-o\"><span class=\"glossary-letter\" id=\"glossary-o\">o<\/span><ul><li><span class=\"glossary-link-item\" itemscope itemtype=\"https:\/\/schema.org\/DefinedTerm\"><a itemprop=\"inDefinedTermSet\" href=\"https:\/\/ddoptics.shop\/cs\/technicky-termin\/cil\/\"><span itemprop=\"name\">Objektiv<\/span><\/a><\/span><\/li><li><span class=\"glossary-link-item\" itemscope itemtype=\"https:\/\/schema.org\/DefinedTerm\"><a itemprop=\"inDefinedTermSet\" href=\"https:\/\/ddoptics.shop\/cs\/technicky-termin\/prumer-objektivu-dalekohledu-teleskopicky-zamerovac-2\/\"><span itemprop=\"name\">Pr\u016fm\u011br objektivu pro dalekohledy a pu\u0161kohledy<\/span><\/a><\/span><\/li><li><span class=\"glossary-link-item\" itemscope itemtype=\"https:\/\/schema.org\/DefinedTerm\"><a itemprop=\"inDefinedTermSet\" href=\"https:\/\/ddoptics.shop\/cs\/technicky-termin\/ocni\/\"><span itemprop=\"name\">Okul\u00e1r pro dalekohledy a pu\u0161kohledy<\/span><\/a><\/span><\/li><li><span class=\"glossary-link-item\" itemscope itemtype=\"https:\/\/schema.org\/DefinedTerm\"><a itemprop=\"inDefinedTermSet\" href=\"https:\/\/ddoptics.shop\/cs\/technicky-termin\/typy-skel-pro-optiku-2\/\"><span itemprop=\"name\">Optika Typy skel pro optick\u00e1 za\u0159\u00edzen\u00ed<\/span><\/a><\/span><\/li><li><span class=\"glossary-link-item\" itemscope itemtype=\"https:\/\/schema.org\/DefinedTerm\"><a itemprop=\"inDefinedTermSet\" href=\"https:\/\/ddoptics.shop\/cs\/technicky-termin\/vylepseni-optiky-2\/\"><span itemprop=\"name\">Zv\u011bt\u0161en\u00ed optiky<\/span><\/a><\/span><\/li><li><span class=\"glossary-link-item\" itemscope itemtype=\"https:\/\/schema.org\/DefinedTerm\"><a itemprop=\"inDefinedTermSet\" href=\"https:\/\/ddoptics.shop\/cs\/technicky-termin\/opticky-povlak\/\"><span itemprop=\"name\">Optick\u00e9 pokovov\u00e1n\u00ed a potahov\u00e1n\u00ed \u010do\u010dek a hranol\u016f<\/span><\/a><\/span><\/li><\/ul><\/div><div class=\"glossary-block glossary-block-p\"><span class=\"glossary-letter\" id=\"glossary-p\">p<\/span><ul><li><span class=\"glossary-link-item\" itemscope itemtype=\"https:\/\/schema.org\/DefinedTerm\"><a itemprop=\"inDefinedTermSet\" href=\"https:\/\/ddoptics.shop\/cs\/technicky-termin\/teleskopicky-zamerovac-s-paralaxou-a-kompenzaci-paralaxy\/\"><span itemprop=\"name\">Chyba paralaxy a kompenzace paralaxy - pu\u0161kohled<\/span><\/a><\/span><\/li><li><span class=\"glossary-link-item\" itemscope itemtype=\"https:\/\/schema.org\/DefinedTerm\"><a itemprop=\"inDefinedTermSet\" href=\"https:\/\/ddoptics.shop\/cs\/technicky-termin\/porro-hranol\/\"><span itemprop=\"name\">Porro hranol<\/span><\/a><\/span><\/li><li><span class=\"glossary-link-item\" itemscope itemtype=\"https:\/\/schema.org\/DefinedTerm\"><a itemprop=\"inDefinedTermSet\" href=\"https:\/\/ddoptics.shop\/cs\/technicky-termin\/typy-hranolu-tele\/\"><span itemprop=\"name\">Prismy - r\u016fzn\u00e9 typy dalekohled\u016f<\/span><\/a><\/span><\/li><li><span class=\"glossary-link-item\" itemscope itemtype=\"https:\/\/schema.org\/DefinedTerm\"><a itemprop=\"inDefinedTermSet\" href=\"https:\/\/ddoptics.shop\/cs\/technicky-termin\/porovnani-stresnich-hranolu-porro\/\"><span itemprop=\"name\">Porovn\u00e1n\u00ed hranol\u016f Porro a st\u0159echov\u00fdch hranol\u016f<\/span><\/a><\/span><\/li><\/ul><\/div><div class=\"glossary-block glossary-block-r\"><span class=\"glossary-letter\" id=\"glossary-r\">r<\/span><ul><li><span class=\"glossary-link-item\" itemscope itemtype=\"https:\/\/schema.org\/DefinedTerm\"><a itemprop=\"inDefinedTermSet\" href=\"https:\/\/ddoptics.shop\/cs\/technicky-termin\/ostrost-hran-dalekohledu\/\"><span itemprop=\"name\">Ostrost hran dalekohled\u016f<\/span><\/a><\/span><\/li><li><span class=\"glossary-link-item\" itemscope itemtype=\"https:\/\/schema.org\/DefinedTerm\"><a itemprop=\"inDefinedTermSet\" href=\"https:\/\/ddoptics.shop\/cs\/technicky-termin\/rnp-raindefender-nano-protection\/\"><span itemprop=\"name\">RNP - Raindefender Nano Protection<\/span><\/a><\/span><\/li><\/ul><\/div><div class=\"glossary-block glossary-block-s\"><span class=\"glossary-letter\" id=\"glossary-s\">s<\/span><ul><li><span class=\"glossary-link-item\" itemscope itemtype=\"https:\/\/schema.org\/DefinedTerm\"><a itemprop=\"inDefinedTermSet\" href=\"https:\/\/ddoptics.shop\/cs\/technicky-termin\/neprustrelny-puskohled\/\"><span itemprop=\"name\">Odolnost proti v\u00fdst\u0159elu pro pu\u0161kohledy<\/span><\/a><\/span><\/li><li><span class=\"glossary-link-item\" itemscope itemtype=\"https:\/\/schema.org\/DefinedTerm\"><a itemprop=\"inDefinedTermSet\" href=\"https:\/\/ddoptics.shop\/cs\/technicky-termin\/zorne-pole-dalekohledu-a-puskohledu\/\"><span itemprop=\"name\">Zorn\u00e9 pole a zorn\u00fd \u00fahel optiky, jako jsou dalekohledy a pu\u0161kohledy.<\/span><\/a><\/span><\/li><li><span class=\"glossary-link-item\" itemscope itemtype=\"https:\/\/schema.org\/DefinedTerm\"><a itemprop=\"inDefinedTermSet\" href=\"https:\/\/ddoptics.shop\/cs\/technicky-termin\/dalekohledy-plnene-dusikem\/\"><span itemprop=\"name\">Dus\u00edkov\u00e1 n\u00e1pl\u0148 pro dalekohledy<\/span><\/a><\/span><\/li><\/ul><\/div><div class=\"glossary-block glossary-block-v\"><span class=\"glossary-letter\" id=\"glossary-v\">v<\/span><ul><li><span class=\"glossary-link-item\" itemscope itemtype=\"https:\/\/schema.org\/DefinedTerm\"><a itemprop=\"inDefinedTermSet\" href=\"https:\/\/ddoptics.shop\/cs\/technicky-termin\/dalekohledy-pro-nositele-bryli\/\"><span itemprop=\"name\">Pou\u017e\u00edv\u00e1n\u00ed dalekohled\u016f pro nositele br\u00fdl\u00ed<\/span><\/a><\/span><\/li><\/ul><\/div><div class=\"glossary-block glossary-block-w\"><span class=\"glossary-letter\" id=\"glossary-w\">w<\/span><ul><li><span class=\"glossary-link-item\" itemscope itemtype=\"https:\/\/schema.org\/DefinedTerm\"><a itemprop=\"inDefinedTermSet\" href=\"https:\/\/ddoptics.shop\/cs\/technicky-termin\/rady-pro-puskohledy-s-osvetlenym-bodem\/\"><span itemprop=\"name\">Na co byste si m\u011bli d\u00e1vat pozor u sv\u00edt\u00edc\u00edho bodu optick\u00e9ho zam\u011b\u0159ova\u010de<\/span><\/a><\/span><\/li><\/ul><\/div><div class=\"glossary-block glossary-block-z\"><span class=\"glossary-letter\" id=\"glossary-z\">z<\/span><ul><li><span class=\"glossary-link-item\" itemscope itemtype=\"https:\/\/schema.org\/DefinedTerm\"><a itemprop=\"inDefinedTermSet\" href=\"https:\/\/ddoptics.shop\/cs\/technicky-termin\/zamerovac-pro-puskohledy\/\"><span itemprop=\"name\">Pu\u0161kohled a osv\u011btlen\u00fd zam\u011b\u0159ova\u010d pro ter\u010dovou optiku<\/span><\/a><\/span><\/li><li><span class=\"glossary-link-item\" itemscope itemtype=\"https:\/\/schema.org\/DefinedTerm\"><a itemprop=\"inDefinedTermSet\" href=\"https:\/\/ddoptics.shop\/cs\/technicky-termin\/drzaky-zamerovace\/\"><span itemprop=\"name\">Mont\u00e1\u017ee pu\u0161kohled\u016f<\/span><\/a><\/span><\/li><\/ul><\/div><\/div>","protected":false},"excerpt":{"rendered":"<p>Vpravo vyberte po\u017eadovan\u00fd odborn\u00fd term\u00edn z p\u00edsmenn\u00e9ho pole. N\u00ed\u017ee je uveden v\u00fdpis aktu\u00e1ln\u011b ulo\u017een\u00fdch technick\u00fdch term\u00edn\u016f. Tuto wiki se sna\u017e\u00edme vysv\u011btlit na p\u0159\u00edkladech z na\u0161\u00ed praxe. Do wiki tak\u00e9 neust\u00e1le p\u0159id\u00e1v\u00e1me nov\u00e9 technick\u00e9 term\u00edny. D\u011bkujeme za ka\u017edou informaci, pokud n\u011bkter\u00fd technick\u00fd term\u00edn st\u00e1le chyb\u00ed.<\/p>","protected":false},"author":3,"featured_media":22994,"parent":0,"menu_order":0,"comment_status":"closed","ping_status":"closed","template":"page-right-sidebar.php","meta":{"inline_featured_image":false,"footnotes":""},"class_list":["post-22712","page","type-page","status-publish","has-post-thumbnail","hentry"],"_links":{"self":[{"href":"https:\/\/ddoptics.shop\/cs\/wp-json\/wp\/v2\/pages\/22712","targetHints":{"allow":["GET"]}}],"collection":[{"href":"https:\/\/ddoptics.shop\/cs\/wp-json\/wp\/v2\/pages"}],"about":[{"href":"https:\/\/ddoptics.shop\/cs\/wp-json\/wp\/v2\/types\/page"}],"author":[{"embeddable":true,"href":"https:\/\/ddoptics.shop\/cs\/wp-json\/wp\/v2\/users\/3"}],"replies":[{"embeddable":true,"href":"https:\/\/ddoptics.shop\/cs\/wp-json\/wp\/v2\/comments?post=22712"}],"version-history":[{"count":11,"href":"https:\/\/ddoptics.shop\/cs\/wp-json\/wp\/v2\/pages\/22712\/revisions"}],"predecessor-version":[{"id":29400,"href":"https:\/\/ddoptics.shop\/cs\/wp-json\/wp\/v2\/pages\/22712\/revisions\/29400"}],"wp:featuredmedia":[{"embeddable":true,"href":"https:\/\/ddoptics.shop\/cs\/wp-json\/wp\/v2\/media\/22994"}],"wp:attachment":[{"href":"https:\/\/ddoptics.shop\/cs\/wp-json\/wp\/v2\/media?parent=22712"}],"curies":[{"name":"wp","href":"https:\/\/api.w.org\/{rel}","templated":true}]}}