{"id":23456,"date":"2021-01-26T23:47:00","date_gmt":"2021-01-26T22:47:00","guid":{"rendered":"https:\/\/ddoptics.shop\/?page_id=23456"},"modified":"2021-03-26T13:14:23","modified_gmt":"2021-03-26T12:14:23","slug":"kokpit-pro-ochranu-dat","status":"publish","type":"page","link":"https:\/\/ddoptics.shop\/cs\/datenschutz-cockpit\/","title":{"rendered":"KOKPIT PRO OCHRANU DAT"},"content":{"rendered":"<div class=\"wordpress-gdpr-privacy-center\"><div class=\"wordpress-gdpr-privacy-center-items\"><a href=\"https:\/\/ddoptics.shop\/cs\/datenschutz-cockpit\/datenschutzbeauftragter\/\" class=\"wordpress-gdpr-privacy-center-item\"><div class=\"wordpress-gdpr-privacy-center-item-contactDPO\"><i class=\"fas fa-user-circle\"><\/i><h2 class=\"wordpress-gdpr-privacy-center-item-headline\">Kontaktovat Pov\u011b\u0159ence pro ochranu osobn\u00edch \u00fadaj\u016f<\/h2><p class=\"wordpress-gdpr-privacy-center-item-desc\">Kontaktujte na\u0161eho pov\u011b\u0159ence pro ochranu osobn\u00edch \u00fadaj\u016f.<\/p><div class=\"wordpress-gdpr-privacy-center-item-action\">Dozv\u011bd\u011bt se v\u00edce<\/div><\/div><\/a><a href=\"https:\/\/ddoptics.shop\/cs\/datenschutz-cockpit\/datenschutz\/\" class=\"wordpress-gdpr-privacy-center-item\"><div class=\"wordpress-gdpr-privacy-center-item-cookiePolicy\"><i class=\"fas  fa-list-alt\"><\/i><h2 class=\"wordpress-gdpr-privacy-center-item-headline\">Z\u00e1sady pou\u017e\u00edv\u00e1n\u00ed soubor\u016f cookie<\/h2><p class=\"wordpress-gdpr-privacy-center-item-desc\">P\u0159e\u010dt\u011bte si v\u00edce o na\u0161ich Z\u00e1sad\u00e1ch pou\u017e\u00edv\u00e1n\u00ed soubor\u016f cookie.<\/p><div class=\"wordpress-gdpr-privacy-center-item-action\">Dozv\u011bd\u011bt se v\u00edce<\/div><\/div><\/a><a href=\"https:\/\/ddoptics.shop\/cs\/datenschutz-cockpit\/datenberichtigung\/\" class=\"wordpress-gdpr-privacy-center-item wordpress-gdpr-privacy-center-item-last\"><div class=\"wordpress-gdpr-privacy-center-item-dataRectification\"><i class=\"fas fa-pencil-alt\"><\/i><h2 class=\"wordpress-gdpr-privacy-center-item-headline\">N\u00e1prava dat<\/h2><p class=\"wordpress-gdpr-privacy-center-item-desc\">Obra\u0165te se na n\u00e1s se \u017e\u00e1dost\u00ed o zm\u011bnu \u00fadaj\u016f.<\/p><div class=\"wordpress-gdpr-privacy-center-item-action\">Dozv\u011bd\u011bt se v\u00edce<\/div><\/div><\/a><a href=\"https:\/\/ddoptics.shop\/cs\/datenschutz-cockpit\/recht-auf-vergessen\/\" class=\"wordpress-gdpr-privacy-center-item\"><div class=\"wordpress-gdpr-privacy-center-item-forgetMe\"><i class=\"fas fa-eraser\"><\/i><h2 class=\"wordpress-gdpr-privacy-center-item-headline\">Nezapome\u0148 na m\u011b<\/h2><p class=\"wordpress-gdpr-privacy-center-item-desc\">Ode\u0161lete po\u017eadavek na vymaz\u00e1n\u00ed va\u0161ich soukrom\u00fdch \u00fadaj\u016f.<\/p><div class=\"wordpress-gdpr-privacy-center-item-action\">Dozv\u011bd\u011bt se v\u00edce<\/div><\/div><\/a><a href=\"https:\/\/ddoptics.shop\/cs\/impressum\/\" class=\"wordpress-gdpr-privacy-center-item\"><div class=\"wordpress-gdpr-privacy-center-item-imprint\"><i class=\"fas fa-file-alt\"><\/i><h2 class=\"wordpress-gdpr-privacy-center-item-headline\">Tir\u00e1\u017e<\/h2><p class=\"wordpress-gdpr-privacy-center-item-desc\">Nau\u010dte se o na\u0161em vlastnictv\u00ed a autorstv\u00ed.<\/p><div class=\"wordpress-gdpr-privacy-center-item-action\">Dozv\u011bd\u011bt se v\u00edce<\/div><\/div><\/a><a href=\"https:\/\/ddoptics.shop\/cs\/datenschutz-cockpit\/datenarchiv-anfrage\/\" class=\"wordpress-gdpr-privacy-center-item wordpress-gdpr-privacy-center-item-last\"><div class=\"wordpress-gdpr-privacy-center-item-requestData\"><i class=\"fas fa-database\"><\/i><h2 class=\"wordpress-gdpr-privacy-center-item-headline\">\u017d\u00e1dat data<\/h2><p class=\"wordpress-gdpr-privacy-center-item-desc\">Ode\u0161lete \u017e\u00e1dost o z\u00edsk\u00e1n\u00ed kopie v\u0161ech va\u0161ich ulo\u017een\u00fdch dat.<\/p><div class=\"wordpress-gdpr-privacy-center-item-action\">Dozv\u011bd\u011bt se v\u00edce<\/div><\/div><\/a><a href=\"https:\/\/ddoptics.shop\/cs\/datenschutz-cockpit\/datenschutz\/\" class=\"wordpress-gdpr-privacy-center-item\"><div class=\"wordpress-gdpr-privacy-center-item-privacyPolicy\"><i class=\"fas fa-file-alt\"><\/i><h2 class=\"wordpress-gdpr-privacy-center-item-headline\">Z\u00e1sady ochrany osobn\u00edch \u00fadaj\u016f<\/h2><p class=\"wordpress-gdpr-privacy-center-item-desc\">P\u0159e\u010dt\u011bte si na\u0161e Z\u00e1sady ochrany osobn\u00edch \u00fadaj\u016f zde.<\/p><div class=\"wordpress-gdpr-privacy-center-item-action\">Dozv\u011bd\u011bt se v\u00edce<\/div><\/div><\/a><a href=\"#\" class=\"wordpress-gdpr-privacy-center-item wordpress-gdpr-open-privacy-settings-modal\"><div class=\"wordpress-gdpr-privacy-center-item-privacySettings\"><i class=\"fas fa-user-secret\"><\/i><h2 class=\"wordpress-gdpr-privacy-center-item-headline\">Nastaven\u00ed ochrany osobn\u00edch \u00fadaj\u016f<\/h2><p class=\"wordpress-gdpr-privacy-center-item-desc\">Zde si m\u016f\u017eete nastavit sv\u00e1 osobn\u00ed nastaven\u00ed soukrom\u00ed.<\/p><div class=\"wordpress-gdpr-privacy-center-item-action\">Dozv\u011bd\u011bt se v\u00edce<\/div><\/div><\/a><a href=\"https:\/\/ddoptics.shop\/cs\/agb\/\" class=\"wordpress-gdpr-privacy-center-item wordpress-gdpr-privacy-center-item-last\"><div class=\"wordpress-gdpr-privacy-center-item-termsConditions\"><i class=\"fas fa-align-left\"><\/i><h2 class=\"wordpress-gdpr-privacy-center-item-headline\">Obchodn\u00ed podm\u00ednky<\/h2><p class=\"wordpress-gdpr-privacy-center-item-desc\">P\u0159e\u010dt\u011bte si v\u00edce o podm\u00ednk\u00e1ch pou\u017e\u00edv\u00e1n\u00ed na\u0161eho webu.<\/p><div class=\"wordpress-gdpr-privacy-center-item-action\">Dozv\u011bd\u011bt se v\u00edce<\/div><\/div><\/a><\/div><\/div>","protected":false},"excerpt":{"rendered":"","protected":false},"author":3,"featured_media":0,"parent":0,"menu_order":0,"comment_status":"closed","ping_status":"closed","template":"","meta":{"inline_featured_image":false,"footnotes":""},"class_list":["post-23456","page","type-page","status-publish","hentry"],"_links":{"self":[{"href":"https:\/\/ddoptics.shop\/cs\/wp-json\/wp\/v2\/pages\/23456","targetHints":{"allow":["GET"]}}],"collection":[{"href":"https:\/\/ddoptics.shop\/cs\/wp-json\/wp\/v2\/pages"}],"about":[{"href":"https:\/\/ddoptics.shop\/cs\/wp-json\/wp\/v2\/types\/page"}],"author":[{"embeddable":true,"href":"https:\/\/ddoptics.shop\/cs\/wp-json\/wp\/v2\/users\/3"}],"replies":[{"embeddable":true,"href":"https:\/\/ddoptics.shop\/cs\/wp-json\/wp\/v2\/comments?post=23456"}],"version-history":[{"count":1,"href":"https:\/\/ddoptics.shop\/cs\/wp-json\/wp\/v2\/pages\/23456\/revisions"}],"predecessor-version":[{"id":23457,"href":"https:\/\/ddoptics.shop\/cs\/wp-json\/wp\/v2\/pages\/23456\/revisions\/23457"}],"wp:attachment":[{"href":"https:\/\/ddoptics.shop\/cs\/wp-json\/wp\/v2\/media?parent=23456"}],"curies":[{"name":"wp","href":"https:\/\/api.w.org\/{rel}","templated":true}]}}