{"id":23460,"date":"2021-01-26T23:49:35","date_gmt":"2021-01-26T22:49:35","guid":{"rendered":"https:\/\/ddoptics.shop\/?page_id=23460"},"modified":"2021-01-26T23:49:35","modified_gmt":"2021-01-26T22:49:35","slug":"oprava-udaju","status":"publish","type":"page","link":"https:\/\/ddoptics.shop\/cs\/datenschutz-cockpit\/datenberichtigung\/","title":{"rendered":"Oprava dat"},"content":{"rendered":"<a class=\"wordpress-gdpr-back-link\" href=\"https:\/\/ddoptics.shop\/cs\/datenschutz-cockpit\/\">\u2190 Zp\u011bt na Centrum ochrany osobn\u00edch \u00fadaj\u016f<\/a><form action=\"\/cs\/wp-json\/wp\/v2\/pages\/23460\" class=\"wordpress-gdpr-form wordpress-gdpr-form-data-rectification\" method=\"post\" data-trp-original-action=\"\/cs\/wp-json\/wp\/v2\/pages\/23460\"><input type=\"hidden\" name=\"wordpress_gdpr_form_type\" value=\"data-rectification\"><div class=\"form-group\"><label for=\"gdpr_firstname\">Va\u0161e k\u0159estn\u00ed jm\u00e9no (*)<\/label><input class=\"form-control\" type=\"text\" name=\"gdpr_firstname\" value=\"\" required \/><\/div><div class=\"form-group\"><label for=\"gdpr_lastname\">Va\u0161e p\u0159\u00edjmen\u00ed (*)<\/label><input class=\"form-control\" type=\"text\" name=\"gdpr_lastname\" value=\"\" required \/><\/div><div class=\"form-group\"><label for=\"gdpr_email\">V\u00e1\u0161 e-mail (*)<\/label><input class=\"form-control\" type=\"email\" name=\"gdpr_email\" value=\"\" required \/><\/div><div class=\"form-group\"><label for=\"gdpr_message\">Va\u0161e zpr\u00e1va (*)<\/label><textarea class=\"form-control\" name=\"gdpr_message\" required \/><\/textarea><\/div><div class=\"form-group\"><label for=\"gdpr_terms\"><input id=\"gdpr_terms\" class=\"form-control\" type=\"checkbox\" name=\"gdpr_terms\" value=\"1\" required \/><span class=\"gdpr-accept-conditiones-text\">Souhlas\u00edm se z\u00e1sadami ochrany osobn\u00edch \u00fadaj\u016f a s t\u00edm, \u017ee m\u00e9 \u00fadaje budou ulo\u017eeny pro tuto \u017e\u00e1dost GDPR.<\/span><\/label><\/div><input type=\"submit\" name=\"gdpr_submitted\" value=\"Odeslat\"\/><input type=\"hidden\" name=\"trp-form-language\" value=\"cs\"\/><\/form>","protected":false},"excerpt":{"rendered":"","protected":false},"author":3,"featured_media":0,"parent":23456,"menu_order":0,"comment_status":"closed","ping_status":"closed","template":"","meta":{"inline_featured_image":false,"footnotes":""},"class_list":["post-23460","page","type-page","status-publish","hentry"],"_links":{"self":[{"href":"https:\/\/ddoptics.shop\/cs\/wp-json\/wp\/v2\/pages\/23460","targetHints":{"allow":["GET"]}}],"collection":[{"href":"https:\/\/ddoptics.shop\/cs\/wp-json\/wp\/v2\/pages"}],"about":[{"href":"https:\/\/ddoptics.shop\/cs\/wp-json\/wp\/v2\/types\/page"}],"author":[{"embeddable":true,"href":"https:\/\/ddoptics.shop\/cs\/wp-json\/wp\/v2\/users\/3"}],"replies":[{"embeddable":true,"href":"https:\/\/ddoptics.shop\/cs\/wp-json\/wp\/v2\/comments?post=23460"}],"version-history":[{"count":1,"href":"https:\/\/ddoptics.shop\/cs\/wp-json\/wp\/v2\/pages\/23460\/revisions"}],"predecessor-version":[{"id":23463,"href":"https:\/\/ddoptics.shop\/cs\/wp-json\/wp\/v2\/pages\/23460\/revisions\/23463"}],"up":[{"embeddable":true,"href":"https:\/\/ddoptics.shop\/cs\/wp-json\/wp\/v2\/pages\/23456"}],"wp:attachment":[{"href":"https:\/\/ddoptics.shop\/cs\/wp-json\/wp\/v2\/media?parent=23460"}],"curies":[{"name":"wp","href":"https:\/\/api.w.org\/{rel}","templated":true}]}}