{"id":2501,"date":"2012-11-07T17:23:30","date_gmt":"2012-11-07T16:23:30","guid":{"rendered":"http:\/\/www.optik-sport-shop.at\/?page_id=2501"},"modified":"2026-04-13T20:48:19","modified_gmt":"2026-04-13T18:48:19","slug":"zpusob-platby-nakup-na-ucet","status":"publish","type":"page","link":"https:\/\/ddoptics.shop\/cs\/zahlungsart-kauf-auf-rechnung\/","title":{"rendered":"Zp\u016fsob platby n\u00e1kup na \u00fa\u010det"},"content":{"rendered":"<h1><span style=\"color: #0000ff;\"><a title=\"Na podm\u00ednky obchodu Optik Sport Shop\" href=\"https:\/\/ddoptics.shop\/cs\/agb\/\" target=\"_blank\" rel=\"noopener\"><span style=\"color: #0000ff;\">GTC<\/span><\/a><\/span> Bod 2.1: St\u00e1vaj\u00edc\u00ed zp\u016fsob platby - bezrizikov\u00fd n\u00e1kup na \u00fa\u010det (<span style=\"color: #0000ff;\">=Testovac\u00ed produkt pro prohl\u00ed\u017een\u00ed<\/span>)<\/h1>\n<p>Pro z\u00e1kazn\u00edky v<strong>\u00a0v Rakousku a N\u011bmecku<\/strong> Optik Sport Shop nab\u00edz\u00ed mo\u017enost zaplatit za objednan\u00e9 produkty pomoc\u00ed platebn\u00ed metody <strong>\u201eN\u00e1kup na \u00fa\u010det bez rizika\u201c<\/strong> zaplatit. To v\u00e1m d\u00e1v\u00e1 mo\u017enost vyzkou\u0161et si produkt k prohl\u00ed\u017een\u00ed.<\/p>\n<p><strong><span style=\"color: #0000ff;\">Pro\u010d:<\/span> <\/strong>Mnoho z na\u0161ich <strong>Z\u00e1kazn\u00edci preferuj\u00ed tento zp\u016fsob platby<\/strong>, proto\u017ee v\u00fdrobek je jednodu\u0161e vr\u00e1cen, pokud z\u00e1kazn\u00edkovi nevyhovuje (druh <strong>Objednat k prohl\u00ed\u017een\u00ed<\/strong>).<\/p>\n<p>P\u0159i t\u00e9to form\u011b zpracov\u00e1n\u00ed plateb <strong>spolupracuje se spole\u010dnost\u00ed Optik Sport Shop<\/strong> v p\u0159\u00edpad\u011b pot\u0159eby s <strong>extern\u00ed servisn\u00ed partner Klarna<\/strong>. Za t\u00edmto \u00fa\u010delem p\u0159ed\u00e1v\u00e1me va\u0161e \u00fadaje na\u0161emu servisn\u00edmu partnerovi, kter\u00fd je vyb\u00edr\u00e1 za \u00fa\u010delem vystaven\u00ed faktury. N\u00e1kup na otev\u0159en\u00fd \u00fa\u010det se uskute\u010dn\u00ed v\u00fdhradn\u011b na z\u00e1klad\u011b kladn\u00e9ho potvrzen\u00ed servisn\u00edho partnera ve vztahu k tomuto z\u00e1kazn\u00edkovi.<\/p>\n<p>Pokud z\u00e1vazek z\u00e1kazn\u00edka ze strany partnera neodpov\u00edd\u00e1, pak <strong>Sportovn\u00ed obchod s optikou<\/strong> opr\u00e1vn\u011bn pou\u017e\u00edvat <strong>Odm\u00edtnut\u00ed objedn\u00e1vky<\/strong> <strong>nebo jin\u00e9 platebn\u00ed metody nebo jako z\u00e1lohu<\/strong> nab\u00eddnout.<\/p>\n<h2>2.2 Opr\u00e1vn\u011bn\u00e9 pou\u017e\u00edv\u00e1n\u00ed optiky DDoptics pro n\u00e1kup na \u00fa\u010det<\/h2>\n<p>Voln\u00fd a <strong>Nez\u00e1vazn\u00e9 pou\u017e\u00edv\u00e1n\u00ed produkt\u016f DDoptics<\/strong> a pov\u011b\u0159en jejich kontrolou. Po zakoupen\u00ed zbo\u017e\u00ed <strong>zaplacen\u00ed kupn\u00ed ceny p\u0159ech\u00e1z\u00ed vlastnictv\u00ed na u\u017eivatele.<\/strong> nad. Ten je pak pln\u011b <strong>Vyu\u017eit\u00ed zbo\u017e\u00ed<\/strong> schv\u00e1leno. V p\u0159\u00edpad\u011b <strong>zam\u00fd\u0161len\u00e9 pou\u017eit\u00ed zbo\u017e\u00ed<\/strong>, Pokud se zbo\u017e\u00ed zhor\u0161ilo, nemus\u00edte platit n\u00e1hradu ani poplatek za pou\u017e\u00edv\u00e1n\u00ed.<\/p>","protected":false},"excerpt":{"rendered":"<p>AGB Punkt 2.1: Aktuelle Zahlungsmodalit\u00e4t &#8211; Risikofreier Kauf auf Rechnung (=Produkt zur Ansicht testen) F\u00fcr Kunden in\u00a0in \u00d6sterreich und in Deutschland bietet Optik Sport Shop die M\u00f6glichkeit, bestellte Produkte mittels der Zahlungsart \u201eKauf auf Rechnung ohne Risiko\u201c zu bezahlen. Damit haben Sie die M\u00f6glichkeit, das Produkt zur Ansicht zu testen. Warum: Viele unserer Kunden bevorzugen [&#8230;]\n","protected":false},"author":2,"featured_media":0,"parent":0,"menu_order":0,"comment_status":"closed","ping_status":"open","template":"","meta":{"inline_featured_image":false,"footnotes":""},"class_list":["post-2501","page","type-page","status-publish","hentry"],"_links":{"self":[{"href":"https:\/\/ddoptics.shop\/cs\/wp-json\/wp\/v2\/pages\/2501","targetHints":{"allow":["GET"]}}],"collection":[{"href":"https:\/\/ddoptics.shop\/cs\/wp-json\/wp\/v2\/pages"}],"about":[{"href":"https:\/\/ddoptics.shop\/cs\/wp-json\/wp\/v2\/types\/page"}],"author":[{"embeddable":true,"href":"https:\/\/ddoptics.shop\/cs\/wp-json\/wp\/v2\/users\/2"}],"replies":[{"embeddable":true,"href":"https:\/\/ddoptics.shop\/cs\/wp-json\/wp\/v2\/comments?post=2501"}],"version-history":[{"count":0,"href":"https:\/\/ddoptics.shop\/cs\/wp-json\/wp\/v2\/pages\/2501\/revisions"}],"wp:attachment":[{"href":"https:\/\/ddoptics.shop\/cs\/wp-json\/wp\/v2\/media?parent=2501"}],"curies":[{"name":"wp","href":"https:\/\/api.w.org\/{rel}","templated":true}]}}