{"id":29084,"date":"2025-10-03T10:30:51","date_gmt":"2025-10-03T08:30:51","guid":{"rendered":"https:\/\/ddoptics.shop\/?page_id=29084"},"modified":"2025-10-03T10:37:39","modified_gmt":"2025-10-03T08:37:39","slug":"puskohledy-podle-vhodnosti","status":"publish","type":"page","link":"https:\/\/ddoptics.shop\/cs\/zielfernrohre-nach-eignung\/","title":{"rendered":"Pu\u0161kohledy podle vhodnosti"},"content":{"rendered":"<div class=\"page-title category-title\">\n<h1>Pu\u0161kohledy podle vhodnosti<\/h1>\n<\/div>\n<div class=\"category-description std\">\n<p><strong>Jak naj\u00edt optim\u00e1ln\u00ed pu\u0161kohled pro va\u0161e pou\u017eit\u00ed pomoc\u00ed na\u0161eho syst\u00e9mu v\u00fdb\u011bru a porovn\u00e1n\u00ed vhodnosti!<\/strong><\/p>\n<p>Poradenstv\u00ed : Zde z\u00edsk\u00e1te nejd\u016fle\u017eit\u011bj\u0161\u00ed tipy, kter\u00e9 zajist\u00ed optim\u00e1ln\u00ed spln\u011bn\u00ed va\u0161ich o\u010dek\u00e1v\u00e1n\u00ed p\u0159i v\u00fdb\u011bru c\u00edlov\u00e9 optiky.<\/p>\n<p><strong>Vysoce kvalitn\u00ed a p\u0159esn\u00e9 pu\u0161kohledy jsou vynikaj\u00edc\u00ed optikou nejnov\u011bj\u0161\u00ed konstrukce!<\/strong><\/p>\n<p>D\u00edky variabiln\u00edmu rozsahu zv\u011bt\u0161en\u00ed nab\u00edzej\u00ed \u0161irok\u00e9 mo\u017enosti pou\u017eit\u00ed p\u0159i sout\u011b\u017e\u00edch a pro v\u0161echny druhy lovu za r\u016fzn\u00fdch sv\u011bteln\u00fdch podm\u00ednek.<br \/>\nBez ohledu na pou\u017eit\u00ed a r\u016fzn\u00e9 sv\u011bteln\u00e9 a klimatick\u00e9 podm\u00ednky se mus\u00edte v\u017edy spolehnout na kvalitu sv\u00e9ho pu\u0161kohledu.<\/p>\n<p>Lovci a st\u0159elci kladou nejvy\u0161\u0161\u00ed n\u00e1roky na v\u00fdkon optick\u00e9ho zam\u011b\u0159ova\u010de - jen tak m\u016f\u017ee nejlep\u0161\u00ed zbra\u0148 podat optim\u00e1ln\u00ed celkov\u00fd v\u00fdkon.<br \/>\nEs gibt Zielfernrohre mit konstanter und variabler Vergr\u00f6\u00dferung. Zieloptiken mit variabler Verg\u00f6sserungen erm\u00f6glichen eine Einstellung entsprechend dem Verwendungszweck. Bei weitem Schuss z.B. 10x, beim Schuss auf fl\u00fcchtiges Wild nur 2,5-facher Vergr\u00f6sserung. Wichtiger Bestandteil eines Zielfernrohres ist das Absehen (Fadenkreuz). Das Leuchtabsehen mit dem Glasfaser Leuchtpunkt II ist extrem klar.<\/p>\n<p>Dank der von DDoptics entwickelten Glasfasertechnik \u00fcberstrahlt oder reflektiert der Leuchtpunkt in keiner Situation. Bei starker Dimmung wird der Leuchtpunkt nicht nur dunkler, sondern auch feiner.<br \/>\nEine qualitativ hochwertige Montage sorgt f\u00fcr konstanten, optimalen Sitz auf dem Gewehr \u2013 auch nach wiederholtem Abnehmen. Bekannte Montagen sind, Schwenkmontagen, Aufschubmontagen oder Einhakmontagen wie die bei DDoptics erh\u00e4ltliche Ziegler Einhakmontage.<\/p>\n<table border=\"0\">\n<tbody>\n<tr>\n<td><strong>Typ lovu<\/strong><\/td>\n<td><strong>Vyu\u017eit\u00ed<\/strong><\/td>\n<td><strong>V\u00fdb\u011br c\u00edlov\u00e9 optiky<\/strong><\/td>\n<\/tr>\n<tr>\n<td>V\u0161estrann\u00fd<\/td>\n<td>Variable Vergr\u00f6\u00dferungen und Objektivdurchmesser im mittleren<br \/>\njsou lehk\u00e9 pro stalking a nab\u00edzej\u00ed rezervy<br \/>\nin der D\u00e4mmerung.<\/td>\n<td>1,5-6\u00d742<br \/>\n2,5-10\u00d750<br \/>\n2,5-15\u00d750<br \/>\n2,5-10\u00d756<\/td>\n<\/tr>\n<tr>\n<td>Seda\u010dka<\/td>\n<td>Velikost Zv\u011bt\u0161en\u00ed a pr\u016fm\u011bry \u010do\u010dek maj\u00ed za n\u00e1sledek.<br \/>\ngute D\u00e4mmerungsleistung \u2013 ein Leuchtabsehen ist vorteilhaft<\/td>\n<td>2,5-10\u00d750<br \/>\n2,5-10\u00d756<br \/>\n5-30\u00d750<br \/>\n2,5-15\u00d750<\/td>\n<\/tr>\n<tr>\n<td>Stalk<\/td>\n<td>Mal\u00e1 zv\u011bt\u0161en\u00ed nebo mal\u00e9 pr\u016fm\u011bry objektiv\u016f jsou<br \/>\nv\u00fdhodn\u011bj\u0161\u00ed z d\u016fvodu jejich hmotnosti nebo proto, \u017ee jsou p\u0159ev\u00e1\u017en\u011b<br \/>\npou\u017e\u00edvat za denn\u00edho sv\u011btla.<\/td>\n<td>1,5-6\u00d742<br \/>\n1-4\u00d724<\/td>\n<\/tr>\n<tr>\n<td>Lov v hor\u00e1ch<\/td>\n<td>St\u0159edn\u011b velk\u00e9 prom\u011bnn\u00e9 zv\u011bt\u0161en\u00ed a st\u0159edn\u00ed pr\u016fm\u011bry objektiv\u016f,<br \/>\naby se p\u0159izp\u016fsobil r\u016fzn\u00fdm vzd\u00e1lenostem.<br \/>\na nem\u00edt p\u0159\u00edli\u0161 velkou hmotnost.<\/td>\n<td>5-30\u00d750<br \/>\n2,5-15\u00d750<\/td>\n<\/tr>\n<tr>\n<td>Tla\u010den\u00ed a<\/p>\n<p>Velk\u00e1 hra<\/td>\n<td>Mal\u00e1 zv\u011bt\u0161en\u00ed nebo mal\u00e9 pr\u016fm\u011bry objektiv\u016f jsou<br \/>\nkv\u016fli jejich hmotnosti a v\u011bt\u0161\u00edmu zorn\u00e9mu poli.<br \/>\nproto\u017ee se tak\u00e9 pou\u017e\u00edvaj\u00ed hlavn\u011b za denn\u00edho sv\u011btla.<\/td>\n<td>1,5-6\u00d742<br \/>\n1-4\u00d724<\/td>\n<\/tr>\n<\/tbody>\n<\/table>\n<\/div>","protected":false},"excerpt":{"rendered":"<p>Zielfernrohre nach Eignung Wie Sie mit unserer Eignungsauswahl und dem Vergleichssystem das f\u00fcr Ihren Gebrauch optimale Zielfernrohr finden! Beratung : Hier erhalten Sie die wichtigsten Tipps, damit bei der Auswahl Ihrer Zieloptik auch Ihre Erwartungen optimal erf\u00fcllt werden. Hochqualitatve und genaue Zielfernrohre stellen hervorragende Optiken modernster Bauart dar! Sie bieten mit ihrem variablen Vergr\u00f6\u00dferungsbereich vielf\u00e4ltige [&#8230;]\n","protected":false},"author":2,"featured_media":0,"parent":0,"menu_order":0,"comment_status":"closed","ping_status":"closed","template":"page-blank-title-center.php","meta":{"inline_featured_image":false,"footnotes":""},"class_list":["post-29084","page","type-page","status-publish","hentry"],"_links":{"self":[{"href":"https:\/\/ddoptics.shop\/cs\/wp-json\/wp\/v2\/pages\/29084","targetHints":{"allow":["GET"]}}],"collection":[{"href":"https:\/\/ddoptics.shop\/cs\/wp-json\/wp\/v2\/pages"}],"about":[{"href":"https:\/\/ddoptics.shop\/cs\/wp-json\/wp\/v2\/types\/page"}],"author":[{"embeddable":true,"href":"https:\/\/ddoptics.shop\/cs\/wp-json\/wp\/v2\/users\/2"}],"replies":[{"embeddable":true,"href":"https:\/\/ddoptics.shop\/cs\/wp-json\/wp\/v2\/comments?post=29084"}],"version-history":[{"count":4,"href":"https:\/\/ddoptics.shop\/cs\/wp-json\/wp\/v2\/pages\/29084\/revisions"}],"predecessor-version":[{"id":29088,"href":"https:\/\/ddoptics.shop\/cs\/wp-json\/wp\/v2\/pages\/29084\/revisions\/29088"}],"wp:attachment":[{"href":"https:\/\/ddoptics.shop\/cs\/wp-json\/wp\/v2\/media?parent=29084"}],"curies":[{"name":"wp","href":"https:\/\/api.w.org\/{rel}","templated":true}]}}