{"id":33,"date":"2012-04-01T20:15:52","date_gmt":"2012-04-01T18:15:52","guid":{"rendered":"http:\/\/www.optik-sport-shop.at\/?page_id=33"},"modified":"2025-11-05T12:25:28","modified_gmt":"2025-11-05T11:25:28","slug":"naklady-na-dopravu","status":"publish","type":"page","link":"https:\/\/ddoptics.shop\/cs\/versandkosten\/","title":{"rendered":"P\u0159epravn\u00ed n\u00e1klady a informace o p\u0159eprav\u011b"},"content":{"rendered":"<div id=\"gap-1329408590\" class=\"gap-element clearfix\" style=\"display:block; height:auto;\">\n\t\t\n<style>\n#gap-1329408590 {\n  padding-top: 60px;\n}\n<\/style>\n\t<\/div>\n\t\n\n  <div class=\"banner has-hover\" id=\"banner-29306397\">\n          <div class=\"banner-inner fill\">\n        <div class=\"banner-bg fill\" >\n            <img decoding=\"async\" width=\"1020\" height=\"268\" src=\"https:\/\/ddoptics.shop\/wp-content\/uploads\/2017\/03\/versandkosten-optik-sport-shop_1140.jpg\" class=\"bg attachment-large size-large\" alt=\"N\u00e1klady na dopravu v Optik Sport Shop\" title=\"\">                        <div class=\"overlay\"><\/div>            \n                    <\/div>\n\t\t\n        <div class=\"banner-layers container\">\n            <div class=\"fill banner-link\"><\/div>            \n   <div id=\"text-box-742949865\" class=\"text-box banner-layer x50 md-x50 lg-x50 y50 md-y50 lg-y50 res-text\">\n                                <div class=\"text-box-content text dark\">\n              \n              <div class=\"text-inner text-center\">\n                  \n<h1 class=\"uppercase\"><span style=\"font-size: 80%;\">N\u00c1KLADY NA DOPRAVU<\/span><\/h1>\n              <\/div>\n           <\/div>\n                            \n<style>\n#text-box-742949865 .text-inner {\n  padding: 100px 0px 0px 0px;\n}\n#text-box-742949865 {\n  width: 60%;\n}\n#text-box-742949865 .text-box-content {\n  font-size: 100%;\n}\n<\/style>\n    <\/div>\n \n        <\/div>\n      <\/div>\n\n              <div class=\"height-fix is-invisible\"><img decoding=\"async\" width=\"1020\" height=\"268\" src=\"https:\/\/ddoptics.shop\/wp-content\/uploads\/2017\/03\/versandkosten-optik-sport-shop_1140.jpg\" class=\"attachment-large size-large\" alt=\"N\u00e1klady na dopravu v Optik Sport Shop\" srcset=\"https:\/\/ddoptics.shop\/wp-content\/uploads\/2017\/03\/versandkosten-optik-sport-shop_1140.jpg 1140w, https:\/\/ddoptics.shop\/wp-content\/uploads\/2017\/03\/versandkosten-optik-sport-shop_1140-304x80.jpg 304w, https:\/\/ddoptics.shop\/wp-content\/uploads\/2017\/03\/versandkosten-optik-sport-shop_1140-305x80.jpg 305w, https:\/\/ddoptics.shop\/wp-content\/uploads\/2017\/03\/versandkosten-optik-sport-shop_1140-632x166.jpg 632w, https:\/\/ddoptics.shop\/wp-content\/uploads\/2017\/03\/versandkosten-optik-sport-shop_1140-800x211.jpg 800w, https:\/\/ddoptics.shop\/wp-content\/uploads\/2017\/03\/versandkosten-optik-sport-shop_1140-250x66.jpg 250w, https:\/\/ddoptics.shop\/wp-content\/uploads\/2017\/03\/versandkosten-optik-sport-shop_1140-510x134.jpg 510w\" sizes=\"(max-width: 1020px) 100vw, 1020px\" title=\"\"><\/div>\n            \n<style>\n#banner-29306397 .overlay {\n  background-color: rgba(0, 0, 0, 0.17);\n}\n<\/style>\n  <\/div>\n\n\n<div class=\"row\"  id=\"row-489797440\">\n\n\t<div id=\"col-2134425672\" class=\"col small-12 large-12\"  >\n\t\t\t\t<div class=\"col-inner\"  >\n\t\t\t\n\t\t\t\n<h2>N\u00e1klady na dopravu v Optik Sport Shop<\/h2>\n<p><strong>Objedn\u00e1vky a odesl\u00e1n\u00ed mo\u017en\u00e9 na:<\/strong><br \/>\nZas\u00edl\u00e1me v r\u00e1mci Rakouska a do sousedn\u00edch zem\u00ed v N\u011bmecku a It\u00e1lii, <strong><a href=\"https:\/\/ddoptics.shop\/cs\/zakaznici-svycarsko-lichtenstejnsko\/\" target=\"_blank\" rel=\"noopener noreferrer\">\u0160v\u00fdcarsko a Lichten\u0161tejnsko<\/a>.<\/strong><\/p>\n<p>NOV\u011a v cel\u00e9 EU: Belgie, Bulharsko, D\u00e1nsko, Estonsko, Finsko, Francie (pevnina), \u0158ecko (At\u00e9ny, Pireus), Irsko, It\u00e1lie, Chorvatsko, Loty\u0161sko, Litva, Lucembursko, Malta, Nizozemsko, Polsko, Portugalsko (pevnina), Rumunsko, \u0160v\u00e9dsko, Slovensko, Slovinsko, \u0160pan\u011blsko (pevnina), \u010cesk\u00e1 republika, Ma\u010farsko, Kypr (jih),<\/p>\n<p><strong>BEZ n\u00e1klad\u016f na dopravu:<\/strong><br \/>\nOsobn\u00ed odb\u011br je v z\u00e1sad\u011b v\u017edy mo\u017en\u00fd, a proto bezplatn\u00fd.<\/p>\n<h3>N\u00e1klady na vnitrost\u00e1tn\u00ed p\u0159epravu (Rakousko):<strong><br \/>\n<\/strong><\/h3>\n<table style=\"width: 800px;\" border=\"0\">\n<tbody>\n<tr>\n<td>Bal\u00ed\u010dek do 999 g<\/td>\n<td>\u20ac 13,00<\/td>\n<\/tr>\n<tr>\n<td>Balen\u00ed od 1000 g<\/td>\n<td>\u20ac 14,00<\/td>\n<\/tr>\n<tr>\n<td>Bal\u00edk do 20 kg<\/td>\n<td>\u20ac 18,00<\/td>\n<\/tr>\n<\/tbody>\n<\/table>\n<p>&nbsp;<\/p>\n<h3>N\u00e1klady na dopravu N\u011bmecko:<\/h3>\n<table style=\"width: 800px;\" border=\"0\">\n<tbody>\n<tr>\n<td>Balen\u00ed od 200 g<\/td>\n<td>\u20ac 7,00<\/td>\n<\/tr>\n<tr>\n<td>Balen\u00ed od 500 g<\/td>\n<td>\u20ac 9,00<\/td>\n<\/tr>\n<tr>\n<td>Balen\u00ed od 1000 g<\/td>\n<td>\u20ac 14,00<\/td>\n<\/tr>\n<tr>\n<td>Bal\u00edk do 20 kg<\/td>\n<td>\u20ac 24,90<\/td>\n<\/tr>\n<\/tbody>\n<\/table>\n<p>&nbsp;<\/p>\n<h3>N\u00e1klady na dopravu \u0160v\u00fdcarsko a Lichten\u0161tejnsko (mimo EU - \u010dist\u00e1 faktura, jako v\u00fdvoz)<\/h3>\n<p>Pr\u016fm\u011brn\u00e1 dodac\u00ed lh\u016fta u skladov\u00fdch polo\u017eek 5-7 dn\u00ed (krom\u011b so, ne a st\u00e1tn\u00edch sv\u00e1tk\u016f) kv\u016fli celn\u00edmu odbaven\u00ed.<\/p>\n<table style=\"width: 800px;\" border=\"0\">\n<tbody>\n<tr>\n<td>Bal\u00edk do 999 EUR netto v\u010detn\u011b celn\u00edch formalit - p\u0159epravn\u00ed doklady a celn\u00ed dokumenty<\/td>\n<td>\u20ac 35,00<\/td>\n<\/tr>\n<tr>\n<td>Bal\u00ed\u010dek od 1000 \u20ac netto v\u010detn\u011b roz\u0161\u00ed\u0159en\u00fdch celn\u00edch formalit - p\u0159epravn\u00ed doklady a celn\u00ed dokumenty - v\u010detn\u011b 3 \u010d\u00edsel celn\u00edho sazebn\u00edku (nap\u0159. karbonov\u00e9 h\u0159\u00eddele UNIC atd.).<\/td>\n<td>\u20ac 87,00<\/td>\n<\/tr>\n<tr>\n<td>Z\u00e1kaz p\u0159epravy n\u00e1boj\u016f a p\u0159\u00edstroj\u016f no\u010dn\u00edho vid\u011bn\u00ed \/ termoviz\u00ed do \u0160v\u00fdcarska<\/td>\n<td><\/td>\n<\/tr>\n<\/tbody>\n<\/table>\n<p>Zbytek Evropy: Viz n\u00e1kupn\u00ed ko\u0161\u00edk s v\u00fdb\u011brem c\u00edlov\u00e9 zem\u011b.<\/p>\n<p>Kone\u010dn\u00e9 n\u00e1klady na dopravu jsou v\u017edy vypo\u010d\u00edt\u00e1ny na <strong>Ukon\u010den\u00ed objedn\u00e1vky p\u0159ed jej\u00edm odesl\u00e1n\u00edm<\/strong> zobrazeno.<\/p>\n<p>V\u0161echny ceny jsou uvedeny v\u010detn\u011b baln\u00e9ho, po\u0161tovn\u00e9ho a zahrnuj\u00ed (krom\u011b CH) 20% DPH. S v\u00fdhradou chyb v tisku a sazb\u011b.<\/p>\n\t\t<\/div>\n\t\t\t\t\t<\/div>\n\n\t\n<\/div>","protected":false},"excerpt":{"rendered":"","protected":false},"author":2,"featured_media":0,"parent":0,"menu_order":0,"comment_status":"closed","ping_status":"open","template":"page-transparent-header.php","meta":{"inline_featured_image":false,"footnotes":""},"class_list":["post-33","page","type-page","status-publish","hentry"],"_links":{"self":[{"href":"https:\/\/ddoptics.shop\/cs\/wp-json\/wp\/v2\/pages\/33","targetHints":{"allow":["GET"]}}],"collection":[{"href":"https:\/\/ddoptics.shop\/cs\/wp-json\/wp\/v2\/pages"}],"about":[{"href":"https:\/\/ddoptics.shop\/cs\/wp-json\/wp\/v2\/types\/page"}],"author":[{"embeddable":true,"href":"https:\/\/ddoptics.shop\/cs\/wp-json\/wp\/v2\/users\/2"}],"replies":[{"embeddable":true,"href":"https:\/\/ddoptics.shop\/cs\/wp-json\/wp\/v2\/comments?post=33"}],"version-history":[{"count":12,"href":"https:\/\/ddoptics.shop\/cs\/wp-json\/wp\/v2\/pages\/33\/revisions"}],"predecessor-version":[{"id":29417,"href":"https:\/\/ddoptics.shop\/cs\/wp-json\/wp\/v2\/pages\/33\/revisions\/29417"}],"wp:attachment":[{"href":"https:\/\/ddoptics.shop\/cs\/wp-json\/wp\/v2\/media?parent=33"}],"curies":[{"name":"wp","href":"https:\/\/api.w.org\/{rel}","templated":true}]}}