{"id":6491,"date":"2014-06-11T14:55:31","date_gmt":"2014-06-11T12:55:31","guid":{"rendered":"http:\/\/optik-sport-shop.at\/?page_id=6491"},"modified":"2025-05-27T15:38:05","modified_gmt":"2025-05-27T13:38:05","slug":"storno-podminky","status":"publish","type":"page","link":"https:\/\/ddoptics.shop\/cs\/widerrufsbestimmungen\/","title":{"rendered":"Ustanoven\u00ed o zru\u0161en\u00ed"},"content":{"rendered":"<p>M\u00e1te pr\u00e1vo zru\u0161it objedn\u00e1vku do \u010dtrn\u00e1cti dn\u016f od p\u0159evzet\u00ed zbo\u017e\u00ed (nikoli od obdr\u017een\u00ed faktury!) bez ud\u00e1n\u00ed d\u016fvodu. Den doru\u010den\u00ed se p\u0159i v\u00fdpo\u010dtu lh\u016fty pro odstoupen\u00ed od smlouvy nezapo\u010d\u00edt\u00e1v\u00e1.<\/p>\n<p style=\"color: #666666;\">Lh\u016fta pro odstoupen\u00ed od smlouvy za\u010d\u00edn\u00e1 b\u011b\u017eet po obdr\u017een\u00ed ozn\u00e1men\u00ed o odstoupen\u00ed od smlouvy v textov\u00e9 podob\u011b, ale ne p\u0159ed p\u0159evzet\u00edm zbo\u017e\u00ed p\u0159\u00edjemcem (v p\u0159\u00edpad\u011b opakovan\u00fdch dod\u00e1vek obdobn\u00e9ho zbo\u017e\u00ed ne p\u0159ed p\u0159evzet\u00edm prvn\u00ed d\u00edl\u010d\u00ed dod\u00e1vky).<\/p>\n<p>Chcete-li uplatnit sv\u00e9 pr\u00e1vo na odstoupen\u00ed od smlouvy, mus\u00edte n\u00e1m zaslat<\/p>\n<p>Webdeals Shops GmbH<br \/>\nProjekt Optik Sport Shop - optika DDoptics a karbonov\u00e9 shafty FBT<br \/>\nHolzbodenweg 6<br \/>\nAT - 6858 Schwarzach<br \/>\nwiderruf@ddoptics.shop<\/p>\n<p>prost\u0159ednictv\u00edm jasn\u00e9ho prohl\u00e1\u0161en\u00ed (nap\u0159. dopisem zaslan\u00fdm po\u0161tou, e-mailem nebo telefonicky) o va\u0161em rozhodnut\u00ed zru\u0161it objedn\u00e1vku nebo - pokud v\u00e1m bude zbo\u017e\u00ed doru\u010deno p\u0159ed uplynut\u00edm lh\u016fty - tak\u00e9 vr\u00e1cen\u00edm zbo\u017e\u00ed. M\u016f\u017eete vyu\u017e\u00edt na\u0161e <a title=\"Vzorov\u00fd formul\u00e1\u0159 pro zru\u0161en\u00ed\" href=\"\/wp-content\/uploads\/2017\/02\/Schriftlicher-Widerruf-Bestellung.pdf\">Vzorov\u00fd formul\u00e1\u0159 pro zru\u0161en\u00ed<\/a>\u00a0ale nen\u00ed to povinn\u00e9. M\u016f\u017eete tak\u00e9 pou\u017e\u00edt storno formul\u00e1\u0159 na na\u0161ich webov\u00fdch str\u00e1nk\u00e1ch (<a title=\"Online storno formul\u00e1\u0159\" href=\"\/cs\/zruseni-objednavky\/\">http:\/\/ddoptics.shop\/widerruf-bestellung<\/a>) v elektronick\u00e9 podob\u011b a za\u0161lete n\u00e1m je. Pokud t\u00e9to mo\u017enosti vyu\u017eijete, za\u0161leme v\u00e1m neprodlen\u011b potvrzen\u00ed o p\u0159ijet\u00ed takov\u00e9ho odstoupen\u00ed od smlouvy (nap\u0159. e-mailem). Pro dodr\u017een\u00ed lh\u016fty pro odstoupen\u00ed od smlouvy posta\u010d\u00ed, kdy\u017e ozn\u00e1men\u00ed o uplatn\u011bn\u00ed pr\u00e1va na odstoupen\u00ed od smlouvy za\u0161lete p\u0159ed uplynut\u00edm lh\u016fty pro odstoupen\u00ed od smlouvy.<\/p>\n<p style=\"color: #666666;\"><a title=\"Online formul\u00e1\u0159 pro zru\u0161en\u00ed objedn\u00e1vky\" href=\"\/cs\/zruseni-objednavky\/\">\u00bb Na online formul\u00e1\u0159 pro zru\u0161en\u00ed rezervace<\/a><\/p>\n<p style=\"color: #666666;\"><a title=\"Formul\u00e1\u0159 pro zru\u0161en\u00ed objedn\u00e1vky\" href=\"https:\/\/ddoptics.shop\/wp-content\/uploads\/2021\/11\/vorlage_widerruf_bestellung.pdf\">\u00bb St\u00e1hn\u011bte si formul\u00e1\u0159 \u201cZru\u0161en\u00ed objedn\u00e1vky\u201d (.pdf)<\/a><\/p>\n<h3 style=\"color: #444444;\">Skupiny v\u00fdrobk\u016f vylou\u010den\u00e9 z pr\u00e1va na odstoupen\u00ed od smlouvy<\/h3>\n<p style=\"color: #666666;\">Soci\u00e1ln\u00ed slu\u017eby, zdravotnick\u00e9 slu\u017eby, hygienick\u00e9 pot\u0159eby, trvanliv\u00e9 zbo\u017e\u00ed denn\u00ed pot\u0159eby a v\u00fdrobky na zak\u00e1zku.<\/p>\n<h3 style=\"color: #444444;\">D\u016fsledky zru\u0161en\u00ed<\/h3>\n<p style=\"color: #666666;\">Pokud objedn\u00e1vku zru\u0161\u00edte, vr\u00e1t\u00edme v\u00e1m v\u0161echny platby, kter\u00e9 jsme od v\u00e1s obdr\u017eeli, v\u010detn\u011b n\u00e1klad\u016f na doru\u010den\u00ed (s v\u00fdjimkou dodate\u010dn\u00fdch n\u00e1klad\u016f vypl\u00fdvaj\u00edc\u00edch z va\u0161\u00ed volby jin\u00e9ho typu doru\u010den\u00ed, ne\u017e je nejlevn\u011bj\u0161\u00ed typ standardn\u00edho doru\u010den\u00ed, kter\u00fd nab\u00edz\u00edme), a to bez zbyte\u010dn\u00e9ho odkladu a v ka\u017ed\u00e9m p\u0159\u00edpad\u011b nejpozd\u011bji do 14 dn\u016f ode dne, kdy jsme byli informov\u00e1ni o va\u0161em rozhodnut\u00ed zru\u0161it tuto smlouvu. Pro toto vr\u00e1cen\u00ed pou\u017eijeme stejn\u00fd platebn\u00ed prost\u0159edek, kter\u00fd jste pou\u017eili pro p\u016fvodn\u00ed transakci, pokud se s v\u00e1mi v\u00fdslovn\u011b nedohodneme jinak; ve\u0161ker\u00e9 transak\u010dn\u00ed n\u00e1klady (kter\u00e9 n\u00e1m v sou\u010dasn\u00e9 dob\u011b nehrad\u00ed nap\u0159. spole\u010dnost PayPal) nese z\u00e1kazn\u00edk. Vr\u00e1cen\u00ed pen\u011bz m\u016f\u017eeme odm\u00edtnout, dokud neobdr\u017e\u00edme zbo\u017e\u00ed zp\u011bt.<\/p>\n<h3 style=\"color: #444444;\">Vr\u00e1cen\u00ed zbo\u017e\u00ed<\/h3>\n<p style=\"color: #666666;\">Zbo\u017e\u00ed n\u00e1m mus\u00edte vr\u00e1tit nebo p\u0159edat (DDoptics Optik Sport Shop, Webdeals Shops GmbH, Holzbodenweg 6, 6858 Schwarzach, Rakousko) neprodlen\u011b a v ka\u017ed\u00e9m p\u0159\u00edpad\u011b nejpozd\u011bji do \u010dtrn\u00e1cti dn\u016f od doru\u010den\u00ed odstoupen\u00ed od smlouvy nebo od p\u0159evzet\u00ed zbo\u017e\u00ed. Lh\u016fta je dodr\u017eena, pokud zbo\u017e\u00ed ode\u0161lete p\u0159ed uplynut\u00edm \u010dtrn\u00e1ctidenn\u00ed lh\u016fty. P\u0159\u00edm\u00e9 n\u00e1klady na vr\u00e1cen\u00ed zbo\u017e\u00ed nesete vy. Ztr\u00e1tu hodnoty zbo\u017e\u00ed hrad\u00edte pouze v p\u0159\u00edpad\u011b, \u017ee tato ztr\u00e1ta hodnoty vznikla v d\u016fsledku manipulace se zbo\u017e\u00edm, kter\u00e1 nen\u00ed nezbytn\u00e1 pro kontrolu jeho stavu, vlastnost\u00ed a funk\u010dnosti.<\/p>","protected":false},"excerpt":{"rendered":"<p>Sie haben das Recht, binnen vierzehn Tagen ab Erhalt der Ware (nicht Erhalt der Rechnung !) ohne Angabe von Gr\u00fcnden die Bestellung zu widerrufen.\u00a0Der Tag der Zustellung wird bei der Fristberechnung nicht mitgez\u00e4hlt. Die Widerrufsfrist beginnt nach Erhalt der R\u00fccktrittsmeldung in Textform, jedoch nicht vor Eingang der Ware beim Empf\u00e4nger (bei wiederkehrenden Lieferungen gleichartiger Waren [&#8230;]\n","protected":false},"author":2,"featured_media":0,"parent":0,"menu_order":0,"comment_status":"closed","ping_status":"open","template":"page-blank-title-center.php","meta":{"inline_featured_image":false,"footnotes":""},"class_list":["post-6491","page","type-page","status-publish","hentry"],"_links":{"self":[{"href":"https:\/\/ddoptics.shop\/cs\/wp-json\/wp\/v2\/pages\/6491","targetHints":{"allow":["GET"]}}],"collection":[{"href":"https:\/\/ddoptics.shop\/cs\/wp-json\/wp\/v2\/pages"}],"about":[{"href":"https:\/\/ddoptics.shop\/cs\/wp-json\/wp\/v2\/types\/page"}],"author":[{"embeddable":true,"href":"https:\/\/ddoptics.shop\/cs\/wp-json\/wp\/v2\/users\/2"}],"replies":[{"embeddable":true,"href":"https:\/\/ddoptics.shop\/cs\/wp-json\/wp\/v2\/comments?post=6491"}],"version-history":[{"count":9,"href":"https:\/\/ddoptics.shop\/cs\/wp-json\/wp\/v2\/pages\/6491\/revisions"}],"predecessor-version":[{"id":28409,"href":"https:\/\/ddoptics.shop\/cs\/wp-json\/wp\/v2\/pages\/6491\/revisions\/28409"}],"wp:attachment":[{"href":"https:\/\/ddoptics.shop\/cs\/wp-json\/wp\/v2\/media?parent=6491"}],"curies":[{"name":"wp","href":"https:\/\/api.w.org\/{rel}","templated":true}]}}