{"id":6495,"date":"2014-06-17T13:45:46","date_gmt":"2014-06-17T11:45:46","guid":{"rendered":"http:\/\/optik-sport-shop.at\/?page_id=6495"},"modified":"2021-11-17T23:37:16","modified_gmt":"2021-11-17T22:37:16","slug":"zruseni-objednavky","status":"publish","type":"page","link":"https:\/\/ddoptics.shop\/cs\/widerruf-bestellung\/","title":{"rendered":"Widerruf der Bestellung"},"content":{"rendered":"<p style=\"color: #666666;\">Pokud si p\u0159ejete zru\u0161it svou objedn\u00e1vku, vypl\u0148te pros\u00edm tento formul\u00e1\u0159 a ode\u0161lete n\u00e1m jej.<br \/>\nPot\u00e9 automaticky obdr\u017e\u00edte potvrzen\u00ed o odesl\u00e1n\u00ed e-mailem.<br \/>\n<a title=\"Podrobn\u00e9 storno podm\u00ednky\" href=\"\/cs\/storno-podminky\/\">\u00bb Podrobn\u00e1 ustanoven\u00ed o zru\u0161en\u00ed<\/a><br \/>\n<a title=\"\u0160ablona pro zru\u0161en\u00ed objedn\u00e1vky\" href=\"https:\/\/ddoptics.shop\/wp-content\/uploads\/2021\/11\/vorlage_widerruf_bestellung.pdf\">\u00bb St\u00e1hn\u011bte si \u0161ablonu pro zru\u0161en\u00ed objedn\u00e1vky (.pdf)<\/a><\/p>\n<hr style=\"cursor: default; color: #333333; font-family: Arial, Helvetica, sans-serif; font-size: 12px; font-style: normal; font-variant: normal; font-weight: normal; letter-spacing: normal; line-height: 20px; orphans: auto; text-align: start; text-indent: 0px; text-transform: none; white-space: normal; widows: auto; word-spacing: 0px; -webkit-text-stroke-width: 0px;\" \/>\n<p style=\"color: #666666;\">\n<div class=\"wpcf7 no-js\" id=\"wpcf7-f11227-o1\" lang=\"de-DE\" dir=\"ltr\" data-wpcf7-id=\"11227\">\n<div class=\"screen-reader-response\"><p role=\"status\" aria-live=\"polite\" aria-atomic=\"true\"><\/p> <ul><\/ul><\/div>\n<form action=\"\/cs\/wp-json\/wp\/v2\/pages\/6495#wpcf7-f11227-o1\" method=\"post\" class=\"wpcf7-form init\" aria-label=\"Kontaktn\u00ed formul\u00e1\u0159\" novalidate=\"novalidate\" data-status=\"init\" data-trp-original-action=\"\/cs\/wp-json\/wp\/v2\/pages\/6495#wpcf7-f11227-o1\">\n<fieldset class=\"hidden-fields-container\"><input type=\"hidden\" name=\"_wpcf7\" value=\"11227\" \/><input type=\"hidden\" name=\"_wpcf7_version\" value=\"6.1.5\" \/><input type=\"hidden\" name=\"_wpcf7_locale\" value=\"de_DE\" \/><input type=\"hidden\" name=\"_wpcf7_unit_tag\" value=\"wpcf7-f11227-o1\" \/><input type=\"hidden\" name=\"_wpcf7_container_post\" value=\"0\" \/><input type=\"hidden\" name=\"_wpcf7_posted_data_hash\" value=\"\" \/><input type=\"hidden\" name=\"_wpcf7dtx_version\" value=\"5.0.5\" \/>\n<\/fieldset>\n<hr \/>\n<p><span style=\"font-size: large; color: #ffcc00;\">T\u00edmto ru\u0161\u00edm(e) objedn\u00e1vku na n\u00e1kup n\u00e1sleduj\u00edc\u00edho(\u00fdch) produktu(\u016f):<br \/>\n<\/span>\n<\/p>\n<p><span class=\"wpcf7-form-control-wrap\" data-name=\"radio-02\"><span class=\"wpcf7-form-control wpcf7-radio\" id=\"123\"><\/span><\/span>\n<\/p>\n<p><span class=\"wpcf7-form-control-wrap\" data-name=\"ware02\"><input size=\"40\" maxlength=\"400\" class=\"wpcf7-form-control wpcf7-text wpcf7-validates-as-required\" aria-required=\"true\" aria-invalid=\"false\" placeholder=\"N\u00e1zev zbo\u017e\u00ed\" value=\"\" type=\"text\" name=\"ware02\" \/><\/span>\n<\/p>\n<p><span class=\"wpcf7-form-control-wrap\" data-name=\"bestellung02\"><input size=\"40\" maxlength=\"400\" class=\"wpcf7-form-control wpcf7-text wpcf7-validates-as-required\" aria-required=\"true\" aria-invalid=\"false\" placeholder=\"Objedn\u00e1no dne\" value=\"\" type=\"text\" name=\"bestellung02\" \/><\/span>\n<\/p>\n<p><span class=\"wpcf7-form-control-wrap\" data-name=\"date02\"><input class=\"wpcf7-form-control wpcf7-date wpcf7-validates-as-required wpcf7-validates-as-date\" aria-required=\"true\" aria-invalid=\"false\" placeholder=\"Objedn\u00e1no dne dd.mm.rrrr\" value=\"\" type=\"date\" name=\"date02\" \/><\/span>\n<\/p>\n<p><span class=\"wpcf7-form-control-wrap\" data-name=\"name02\"><input size=\"40\" maxlength=\"400\" class=\"wpcf7-form-control wpcf7-text wpcf7-validates-as-required\" aria-required=\"true\" aria-invalid=\"false\" placeholder=\"Jm\u00e9no \/ p\u0159\u00edjmen\u00ed\" value=\"\" type=\"text\" name=\"name02\" \/><\/span>\n<\/p>\n<p><span class=\"wpcf7-form-control-wrap\" data-name=\"email02\"><input size=\"40\" maxlength=\"400\" class=\"wpcf7-form-control wpcf7-email wpcf7-validates-as-required wpcf7-text wpcf7-validates-as-email\" aria-required=\"true\" aria-invalid=\"false\" placeholder=\"@emailov\u00e1 adresa\" value=\"\" type=\"email\" name=\"email02\" \/><\/span>\n<\/p>\n<p><span class=\"wpcf7-form-control-wrap\" data-name=\"telefon02\"><input size=\"40\" maxlength=\"400\" class=\"wpcf7-form-control wpcf7-text\" aria-invalid=\"false\" placeholder=\"P\u0159edvolba oblasti Telefonn\u00ed \u010d\u00edslo\" value=\"\" type=\"text\" name=\"telefon02\" \/><\/span>\n<\/p>\n<p><span class=\"wpcf7-form-control-wrap\" data-name=\"homepage02\"><input size=\"40\" maxlength=\"400\" class=\"wpcf7-form-control wpcf7-text\" aria-invalid=\"false\" placeholder=\"Domovsk\u00e1 str\u00e1nka\" value=\"\" type=\"text\" name=\"homepage02\" \/><\/span>\n<\/p>\n<p><span class=\"wpcf7-form-control-wrap\" data-name=\"nachricht02\"><textarea cols=\"42\" rows=\"6\" maxlength=\"2000\" class=\"wpcf7-form-control wpcf7-textarea wpcf7-validates-as-required\" aria-required=\"true\" aria-invalid=\"false\" placeholder=\"Prostor pro va\u0161e sd\u011blen\u00ed\" name=\"nachricht02\"><\/textarea><\/span>\n<\/p>\n<p><div class=\"cf7-cf-turnstile\" style=\"margin-top: 0px; margin-bottom: -15px;\"> <div id=\"cf-turnstile-cf7-2792889668\" class=\"cf-turnstile\" data-sitekey=\"0x4AAAAAAABF73A72cG0R_Z9\" data-theme=\"auto\" data-language=\"auto\" data-size=\"normal\" data-retry=\"auto\" data-retry-interval=\"1000\" data-refresh-expired=\"auto\" data-refresh-timeout=\"auto\" data-action=\"contact-form-7\" data-callback=\"turnstileCF7Callback\" data-appearance=\"always\"><\/div> <script>document.addEventListener(\"DOMContentLoaded\", function() { setTimeout(function(){ var e=document.getElementById(\"cf-turnstile-cf7-2792889668\"); if(e&&!e.innerHTML.trim()){turnstile.render(e, {sitekey:\"0x4AAAAAAABF73A72cG0R_Z9\"});} }, 200); });<\/script> <br class=\"cf-turnstile-br cf-turnstile-br-cf7-2792889668\"> <style>#cf-turnstile-cf7-2792889668 { margin-left: -15px; }<\/style> <script>document.addEventListener(\"DOMContentLoaded\",function(){document.querySelectorAll('.wpcf7-form').forEach(function(e){e.addEventListener('submit',function(){if(document.getElementById('cf-turnstile-cf7-2792889668')){setTimeout(function(){turnstile.reset('#cf-turnstile-cf7-2792889668');},1000)}})})});<\/script> <\/div>\n<\/p>\n<p><input class=\"wpcf7-form-control wpcf7-submit has-spinner\" type=\"submit\" value=\"Odes\u00edl\u00e1n\u00ed\" \/>\n<\/p><div class=\"wpcf7-response-output\" aria-hidden=\"true\"><\/div>\n<input type=\"hidden\" name=\"trp-form-language\" value=\"cs\"\/><\/form>\n<\/div>","protected":false},"excerpt":{"rendered":"<p>Wenn Sie Ihre Bestellung widerrufen wollen, dann f\u00fcllen Sie bitte dieses Formular aus und senden dieses ab. Eine Best\u00e4tigung f\u00fcr den Versand erhalten Sie im Anschluss automatisch per E-Mail. \u00bb Widerrufsbestimmungen im Detail \u00bb Vorlage zum Widerruf der Bestellung runterladen (.pdf)<\/p>","protected":false},"author":2,"featured_media":0,"parent":0,"menu_order":0,"comment_status":"closed","ping_status":"open","template":"","meta":{"inline_featured_image":false,"footnotes":""},"class_list":["post-6495","page","type-page","status-publish","hentry"],"_links":{"self":[{"href":"https:\/\/ddoptics.shop\/cs\/wp-json\/wp\/v2\/pages\/6495","targetHints":{"allow":["GET"]}}],"collection":[{"href":"https:\/\/ddoptics.shop\/cs\/wp-json\/wp\/v2\/pages"}],"about":[{"href":"https:\/\/ddoptics.shop\/cs\/wp-json\/wp\/v2\/types\/page"}],"author":[{"embeddable":true,"href":"https:\/\/ddoptics.shop\/cs\/wp-json\/wp\/v2\/users\/2"}],"replies":[{"embeddable":true,"href":"https:\/\/ddoptics.shop\/cs\/wp-json\/wp\/v2\/comments?post=6495"}],"version-history":[{"count":1,"href":"https:\/\/ddoptics.shop\/cs\/wp-json\/wp\/v2\/pages\/6495\/revisions"}],"predecessor-version":[{"id":25228,"href":"https:\/\/ddoptics.shop\/cs\/wp-json\/wp\/v2\/pages\/6495\/revisions\/25228"}],"wp:attachment":[{"href":"https:\/\/ddoptics.shop\/cs\/wp-json\/wp\/v2\/media?parent=6495"}],"curies":[{"name":"wp","href":"https:\/\/api.w.org\/{rel}","templated":true}]}}