{"id":6841,"date":"2014-10-12T20:23:18","date_gmt":"2014-10-12T18:23:18","guid":{"rendered":"http:\/\/optik-sport-shop.at\/my-lists"},"modified":"2017-03-11T17:26:52","modified_gmt":"2017-03-11T16:26:52","slug":"seznam-prani","status":"publish","type":"page","link":"https:\/\/ddoptics.shop\/cs\/wunschliste\/","title":{"rendered":"M\u016fj seznam p\u0159\u00e1n\u00ed"},"content":{"rendered":"[yith_wcwl_wishlist]\n","protected":false},"excerpt":{"rendered":"[yith_wcwl_wishlist]\n","protected":false},"author":3,"featured_media":0,"parent":0,"menu_order":0,"comment_status":"closed","ping_status":"closed","template":"","meta":{"inline_featured_image":false,"footnotes":""},"class_list":["post-6841","page","type-page","status-publish","hentry"],"_links":{"self":[{"href":"https:\/\/ddoptics.shop\/cs\/wp-json\/wp\/v2\/pages\/6841","targetHints":{"allow":["GET"]}}],"collection":[{"href":"https:\/\/ddoptics.shop\/cs\/wp-json\/wp\/v2\/pages"}],"about":[{"href":"https:\/\/ddoptics.shop\/cs\/wp-json\/wp\/v2\/types\/page"}],"author":[{"embeddable":true,"href":"https:\/\/ddoptics.shop\/cs\/wp-json\/wp\/v2\/users\/3"}],"replies":[{"embeddable":true,"href":"https:\/\/ddoptics.shop\/cs\/wp-json\/wp\/v2\/comments?post=6841"}],"version-history":[{"count":0,"href":"https:\/\/ddoptics.shop\/cs\/wp-json\/wp\/v2\/pages\/6841\/revisions"}],"wp:attachment":[{"href":"https:\/\/ddoptics.shop\/cs\/wp-json\/wp\/v2\/media?parent=6841"}],"curies":[{"name":"wp","href":"https:\/\/api.w.org\/{rel}","templated":true}]}}