{"id":737,"date":"2012-05-13T09:58:35","date_gmt":"2012-05-13T07:58:35","guid":{"rendered":"http:\/\/www.optik-sport-shop.at\/?page_id=737"},"modified":"2026-04-14T10:05:10","modified_gmt":"2026-04-14T08:05:10","slug":"loden","status":"publish","type":"page","link":"https:\/\/ddoptics.shop\/cs\/outdoor-wissen\/loden\/","title":{"rendered":"Loden"},"content":{"rendered":"<h2>Tradi\u010dn\u00ed materi\u00e1l alpsk\u00fdch lid\u00ed a lovc\u016f - je to l\u00e1tka loden, ze kter\u00e9 se vyr\u00e1b\u011bly legendy.<\/h2>\n<p><strong>Loden<\/strong> je <strong>tradi\u010dn\u00ed tkanina<\/strong>, z n\u011bho\u017e <strong>Obyvatel\u00e9 alpsk\u00e9 oblasti<\/strong> od <strong>stolet\u00ed na v\u00fdrobu jejich od\u011bv\u016f<\/strong>. Materi\u00e1l loden nab\u00edz\u00ed <strong>vynikaj\u00edc\u00ed ochrana<\/strong> proti \u010dasto drsn\u00e9mu <strong>Horsk\u00e9 po\u010das\u00ed, proti de\u0161ti, v\u011btru a chladu<\/strong>. Loden je materi\u00e1l, kter\u00fd <strong>V\u00fdrobek z \u010dist\u00e9 nov\u00e9 vlny<\/strong>, tradi\u010dn\u011b dod\u00e1vaj\u00ed ovce z t\u00e9to oblasti. Vzhledem k vy\u0161\u0161\u00edm po\u017eadavk\u016fm na kvalitu se dnes sp\u0159\u00e1d\u00e1 tak\u00e9 vlna z novoz\u00e9landsk\u00fdch ovc\u00ed.<\/p>\n<p>Jak se dostat k m\u00f3d\u011b alpinisti loden <strong>ZDE<\/strong><\/p>\n<h2>Kr\u00e1tk\u00fd p\u0159\u00edb\u011bh o Lodenu<\/h2>\n<p>V\u00fdraz loden je dolo\u017een v 10. stolet\u00ed jako lodo (mlet\u00e1 vln\u011bn\u00e1 tkanina), ale m\u016f\u017ee poch\u00e1zet tak\u00e9 ze st\u0159edohornon\u011bmeck\u00e9ho lodi (pl\u00e1\u0161\u0165) nebo staroseversk\u00e9ho lodi (hu\u0148at\u00fd pl\u00e1\u0161\u0165). Loden se tradi\u010dn\u011b (a dodnes) pou\u017e\u00edv\u00e1 pro <strong>v\u0161echny typy venkovsk\u00e9 m\u00f3dy<\/strong> pou\u017eity. A\u0165 u\u017e pro <strong>Tradi\u010dn\u00ed krojov\u00e1 m\u00f3da<\/strong>, <strong>Dirndl<\/strong> (nap\u0159. <strong>na Oktoberfestu<\/strong>), <strong>Tradi\u010dn\u00ed bunda <\/strong>nebo jednodu\u0161e<strong> aby se hodil k lederhosen<\/strong> - Loden se pou\u017e\u00edv\u00e1 v\u0161ude jako hlavn\u00ed nebo dopl\u0148kov\u00fd materi\u00e1l.<\/p>\n<p><strong>Loden<\/strong> hr\u00e1la a st\u00e1le hraje d\u016fle\u017eitou roli<strong> Bavorsk\u00e9 a rakousk\u00e9 tradi\u010dn\u00ed kroje<\/strong> d\u016fle\u017eitou roli. Z\u00e1jem o tradi\u010dn\u00ed kroje se v mnoha regionech probudil koncem 19. stolet\u00ed, kdy se lid\u00e9 v r\u00e1mci hnut\u00ed Heimat za\u010dali vracet k region\u00e1ln\u00edm specialit\u00e1m a domn\u011bl\u00e9mu venkovsk\u00e9mu romantismu.<\/p>\n<p><object width=\"600\" height=\"400\" classid=\"clsid:d27cdb6e-ae6d-11cf-96b8-444553540000\" codebase=\"http:\/\/download.macromedia.com\/pub\/shockwave\/cabs\/flash\/swflash.cab#version=6,0,40,0\"><param name=\"allowFullScreen\" value=\"true\" \/><param name=\"allowscriptaccess\" value=\"always\" \/><param name=\"src\" value=\"http:\/\/www.youtube.com\/v\/yP-xrJZqBsE?version=3&amp;hl=de_DE&amp;rel=0\" \/><param name=\"allowfullscreen\" value=\"true\" \/><embed width=\"600\" height=\"400\" type=\"application\/x-shockwave-flash\" src=\"http:\/\/www.youtube.com\/v\/yP-xrJZqBsE?version=3&amp;hl=de_DE&amp;rel=0\" allowfullscreen=\"true\" allowscriptaccess=\"always\" \/><\/object><\/p>\n<p>V polovin\u011b 19. stolet\u00ed se v Rakousku, ve \u0160t\u00fdrsku, objevil \u0161ed\u00fd <strong>Lodenov\u00fd oblek se zelen\u00fdmi klopami a ozdobn\u00fdmi pruhy<\/strong> (Lampassen) prost\u0159ednictv\u00edm. Byl vybr\u00e1n z <strong>Loveck\u00e9 oble\u010den\u00ed<\/strong> vyvinut\u00fd v Soln\u00e9 komo\u0159e a zpopularizovan\u00fd arciv\u00e9vodou Janem Rakousk\u00fdm (1782-1859). Dodnes pou\u017e\u00edvan\u00fd od\u011bv byl<strong> \u201e\u0160t\u00fdrsk\u00fd oblek\u201c<\/strong> s n\u00e1zvem.<\/p>\n<figure id=\"attachment_742\" aria-describedby=\"caption-attachment-742\" style=\"width: 297px\" class=\"wp-caption alignleft\"><img decoding=\"async\" class=\"wp-image-742\" title=\"Leobner (vlevo) a Altsteirer\u016fv oblek\" alt=\"Leobner (vlevo) a Altsteirer\u016fv oblek\" src=\"http:\/\/optik-sport-shop.at\/wp-content\/uploads\/2012\/05\/leobner-und-altsteirer-anzug.jpg\" width=\"297\" height=\"230\" \/><figcaption id=\"caption-attachment-742\" class=\"wp-caption-text\">Leobner (vlevo) a Altsteirer\u016fv oblek<\/figcaption><\/figure>\n<p><span style=\"font-size: 22px; letter-spacing: 0px; line-height: 30px;\">\u0160t\u00fdrsk\u00fd oblek<\/span><\/p>\n<p>\u0160t\u00fdrsk\u00fd oblek se dostal do <strong>\u0160lechtick\u00e9 oble\u010den\u00ed pro voln\u00fd \u010das<\/strong> a v d\u016fsledku toho i vy\u0161\u0161\u00ed st\u0159edn\u00ed t\u0159\u00eddy. Po prvn\u00ed sv\u011btov\u00e9 v\u00e1lce se <strong>Nad\u0161en\u00ed pro tradi\u010dn\u00ed kroje se roz\u0161\u00ed\u0159ilo po cel\u00e9m Rakousku.<\/strong> Zpo\u010d\u00e1tku se nosil jako typick\u00fd od\u011bv pro ob\u010dany loaj\u00e1ln\u00ed re\u017eimu, ale obl\u00edben\u00fdm od\u011bvem z\u016fstal i po druh\u00e9 sv\u011btov\u00e9 v\u00e1lce - zejm\u00e9na v konzervativn\u00edch kruz\u00edch.<\/p>","protected":false},"excerpt":{"rendered":"<p>Traditionelles Material der Alpenl\u00e4ndler und J\u00e4ger &#8211; Es ist der Loden Stoff, aus dem Legenden geschneidert wurden. Loden ist der traditionelle Stoff, aus dem die Bewohner der Alpenregion seit vielen Jahrhunderten ihre Kleidung fertigen. Das Material Loden bietet einen ausgezeichneten Schutz gegen das oft rauhe Gebirgswetter, gegen Regen, Wind und K\u00e4lte. Bei Loden handelt es [&#8230;]\n","protected":false},"author":2,"featured_media":0,"parent":84,"menu_order":0,"comment_status":"open","ping_status":"open","template":"","meta":{"inline_featured_image":false,"footnotes":""},"class_list":["post-737","page","type-page","status-publish","hentry"],"_links":{"self":[{"href":"https:\/\/ddoptics.shop\/cs\/wp-json\/wp\/v2\/pages\/737","targetHints":{"allow":["GET"]}}],"collection":[{"href":"https:\/\/ddoptics.shop\/cs\/wp-json\/wp\/v2\/pages"}],"about":[{"href":"https:\/\/ddoptics.shop\/cs\/wp-json\/wp\/v2\/types\/page"}],"author":[{"embeddable":true,"href":"https:\/\/ddoptics.shop\/cs\/wp-json\/wp\/v2\/users\/2"}],"replies":[{"embeddable":true,"href":"https:\/\/ddoptics.shop\/cs\/wp-json\/wp\/v2\/comments?post=737"}],"version-history":[{"count":0,"href":"https:\/\/ddoptics.shop\/cs\/wp-json\/wp\/v2\/pages\/737\/revisions"}],"up":[{"embeddable":true,"href":"https:\/\/ddoptics.shop\/cs\/wp-json\/wp\/v2\/pages\/84"}],"wp:attachment":[{"href":"https:\/\/ddoptics.shop\/cs\/wp-json\/wp\/v2\/media?parent=737"}],"curies":[{"name":"wp","href":"https:\/\/api.w.org\/{rel}","templated":true}]}}