{"id":752,"date":"2012-05-13T10:33:12","date_gmt":"2012-05-13T08:33:12","guid":{"rendered":"http:\/\/www.optik-sport-shop.at\/?page_id=752"},"modified":"2012-05-13T10:33:12","modified_gmt":"2012-05-13T08:33:12","slug":"podstatne-rozdily","status":"publish","type":"page","link":"https:\/\/ddoptics.shop\/cs\/outdoor-wissen\/loden\/materialunterschiede\/","title":{"rendered":"V\u011bcn\u00e9 rozd\u00edly"},"content":{"rendered":"<h2>\u0158emesln\u00e9 materi\u00e1ly pls\u0165, plst\u011bn\u00e1 l\u00e1tka, loden - rozd\u00edly<\/h2>\n<p>Na str\u00e1nk\u00e1ch <strong>Rozd\u00edly mezi plst\u00ed, plst\u011bnou tkaninou a lodenem spo\u010d\u00edvaj\u00ed ve zpracov\u00e1n\u00ed.<\/strong> vlny:<\/p>\n<h3>Filc<\/h3>\n<p><strong>Plst se vyr\u00e1b\u00ed ze surov\u00e9 vlny<\/strong> vyhr\u00e1la. Je to <strong>gek\u00e4mmt und mit Wasser gewalkt<\/strong>, ale nikdy se neprol\u00edn\u00e1. Prost\u0159ednictv\u00edm <strong>Stla\u010den\u00edm vodou vznik\u00e1 hust\u00e1 l\u00e1tka<\/strong>, jeho\u017e <strong>Nev\u00fdhoda<\/strong> Nicm\u00e9n\u011b n\u00edzk\u00e1 <strong>Stabilita formy<\/strong> m\u00e1. Pls\u0165 se tradi\u010dn\u011b pou\u017e\u00edv\u00e1 pro <strong>V\u00fdroba pantofl\u00ed a bot<\/strong> pou\u017eity.<\/p>\n<h3>Pln\u00e1 tkanina<\/h3>\n<p>Na rozd\u00edl od plsti <strong>Vlna se sp\u0159\u00e1d\u00e1, plete a pot\u00e9 se z n\u00ed vyr\u00e1b\u00ed plst\u011bn\u00e1 tkanina.<\/strong>, aby se minimalizovala pokuta <strong>Vlasy se na konci \u201cslep\u00ed\u201c<\/strong>. Pln\u011bn\u00e9 tkaniny jsou pru\u017en\u00e9, a proto se \u010dasto pou\u017e\u00edvaj\u00ed pro<strong>pro svetry a vesty<\/strong> pou\u017eity.<\/p>\n<h3>Loden<\/h3>\n<p>Na rozd\u00edl od plnic\u00ed tkaniny <strong>P\u0159eden\u00e1 vlna Loden<\/strong>, kter\u00fd <strong>prvn\u00ed propletenec<\/strong> a <strong>pak do v\u00e1lce<\/strong> p\u0159ich\u00e1z\u00ed. Prost\u0159ednictv\u00edm <strong>Proces tkan\u00ed vytv\u00e1\u0159\u00ed vy\u0161\u0161\u00ed pevnost<\/strong> materi\u00e1lu. Str\u00e1nky <strong>V\u00fdhoda loden<\/strong> spo\u010d\u00edv\u00e1 ve spl\u00e9t\u00e1n\u00ed <strong>formov\u00fd materi\u00e1l vytvo\u0159en\u00fd ze z\u00e1kladn\u00edho materi\u00e1lu<\/strong> - co\u017e je v\u00fdhoda od\u011bv\u016f z n\u011bj vyroben\u00fdch.<\/p>","protected":false},"excerpt":{"rendered":"<p>Die Handwerksstoffe Filz, Walkstoff, Loden \u2013 die Unterschiede Die Unterschiede von Filz, Walkstoff und Loden liegen in der Verarbeitung der Wolle: Filz Filz wird aus roher Wolle gewonnen. Sie wird gek\u00e4mmt und mit Wasser gewalkt, jedoch wird sie nie verwoben. Durch das Verdichten mit Wasser entsteht ein dichter Stoff, dessen Nachteil jedoch der geringe Formbestand [&#8230;]\n","protected":false},"author":2,"featured_media":0,"parent":737,"menu_order":0,"comment_status":"open","ping_status":"open","template":"","meta":{"inline_featured_image":false,"footnotes":""},"class_list":["post-752","page","type-page","status-publish","hentry"],"_links":{"self":[{"href":"https:\/\/ddoptics.shop\/cs\/wp-json\/wp\/v2\/pages\/752","targetHints":{"allow":["GET"]}}],"collection":[{"href":"https:\/\/ddoptics.shop\/cs\/wp-json\/wp\/v2\/pages"}],"about":[{"href":"https:\/\/ddoptics.shop\/cs\/wp-json\/wp\/v2\/types\/page"}],"author":[{"embeddable":true,"href":"https:\/\/ddoptics.shop\/cs\/wp-json\/wp\/v2\/users\/2"}],"replies":[{"embeddable":true,"href":"https:\/\/ddoptics.shop\/cs\/wp-json\/wp\/v2\/comments?post=752"}],"version-history":[{"count":0,"href":"https:\/\/ddoptics.shop\/cs\/wp-json\/wp\/v2\/pages\/752\/revisions"}],"up":[{"embeddable":true,"href":"https:\/\/ddoptics.shop\/cs\/wp-json\/wp\/v2\/pages\/737"}],"wp:attachment":[{"href":"https:\/\/ddoptics.shop\/cs\/wp-json\/wp\/v2\/media?parent=752"}],"curies":[{"name":"wp","href":"https:\/\/api.w.org\/{rel}","templated":true}]}}