{"id":762,"date":"2012-05-13T10:49:31","date_gmt":"2012-05-13T08:49:31","guid":{"rendered":"http:\/\/www.optik-sport-shop.at\/?page_id=762"},"modified":"2012-05-13T10:49:31","modified_gmt":"2012-05-13T08:49:31","slug":"vyznam-loden","status":"publish","type":"page","link":"https:\/\/ddoptics.shop\/cs\/outdoor-wissen\/loden\/bedeutung-loden\/","title":{"rendered":"V\u00fdznam Loden"},"content":{"rendered":"<h2>V\u00fdznam loden<\/h2>\n<p>Jako <strong>\u010dist\u011b p\u0159\u00edrodn\u00ed produkt z \u010dist\u00e9 nov\u00e9 vlny<\/strong> je loden <strong>v mnoha ohledech p\u0159ed\u010d\u00ed syntetick\u00e9 materi\u00e1ly.<\/strong> Na rozd\u00edl od syntetick\u00fdch materi\u00e1l\u016f vydr\u017e\u00ed materi\u00e1l d\u00e9le odol\u00e1vat nep\u0159etr\u017eit\u00e9mu de\u0161ti (s v\u00fdjimkou membr\u00e1nov\u00fdch technologi\u00ed). <strong>h\u0159eje i za mokra<\/strong>.<\/p>\n<p>Jedn\u00edm z pozitivn\u00edch aspekt\u016f je nap\u0159\u00edklad to, \u017ee <strong>Oble\u010den\u00ed t\u00e9m\u011b\u0159 nezap\u00e1ch\u00e1<\/strong> a nap\u0159\u00edklad z\u016fst\u00e1v\u00e1 relativn\u011b bez z\u00e1pachu i po dlouh\u00e9 dob\u011b v ku\u0159\u00e1rn\u00e1ch.<\/p>\n<p>Loden je <strong>ru\u010dn\u011b vyr\u00e1b\u011bn\u00fd p\u0159\u00edrodn\u00ed produkt<\/strong>odoln\u00e9 proti poma\u010dk\u00e1n\u00ed a ide\u00e1ln\u00ed pro manu\u00e1ln\u00ed pr\u00e1ci. <strong>relativn\u011b levn\u00fd produkt.<\/strong><\/p>\n<h3>V\u00fdznam Lodenu v lovu<\/h3>\n<p>Loden je v <strong>je st\u00e1le zaj\u00edmav\u00fdm materi\u00e1lem pro mnoho lovc\u016f v na\u0161ich zem\u011bpisn\u00fdch \u0161\u00ed\u0159k\u00e1ch.<\/strong> <strong>N\u00edzk\u00e1 vlastn\u00ed hmotnost<\/strong>, v z\u00e1vislosti na tlou\u0161\u0165ce <strong>Dobr\u00e1 tepeln\u00e1 izolace<\/strong>, a p\u0159\u00edslove\u010dn\u00e9 <strong>Ticho<\/strong> jsou vlastnosti, kter\u00e9 mnoz\u00ed lovci oce\u0148uj\u00ed.<\/p>\n<p><object width=\"600\" height=\"400\" classid=\"clsid:d27cdb6e-ae6d-11cf-96b8-444553540000\" codebase=\"http:\/\/download.macromedia.com\/pub\/shockwave\/cabs\/flash\/swflash.cab#version=6,0,40,0\"><param name=\"allowFullScreen\" value=\"true\" \/><param name=\"allowscriptaccess\" value=\"always\" \/><param name=\"src\" value=\"http:\/\/www.youtube.com\/v\/_okXTp4p3PA?version=3&amp;hl=de_DE&amp;rel=0\" \/><param name=\"allowfullscreen\" value=\"true\" \/><embed width=\"600\" height=\"400\" type=\"application\/x-shockwave-flash\" src=\"http:\/\/www.youtube.com\/v\/_okXTp4p3PA?version=3&amp;hl=de_DE&amp;rel=0\" allowfullscreen=\"true\" allowscriptaccess=\"always\" \/><\/object><\/p>\n<p>Na str\u00e1nk\u00e1ch <strong>z vlny<\/strong> vyhr\u00e1la, <strong>\u010dist\u00fd p\u0159\u00edrodn\u00ed produkt loden<\/strong> je tak\u00e9 <strong>Extr\u00e9mn\u011b vodoodpudiv\u00e9<\/strong> und l\u00e4sst nicht viel Wind durch. Richtig wind- und wasserdicht wird es aber erst mit einem speziellen Innenfutter. Loden wird wie andere Outdoor Materialien in unterschiedlicher Qualit\u00e4t hergestellt.<\/p>\n<p><strong>Vysoce kvalitn\u00ed loden<\/strong> se skl\u00e1d\u00e1 z jednoho <strong>velk\u00fd pod\u00edl \u010dist\u00e9 vlny<\/strong>, na <strong>dnes se \u010dasto p\u0159id\u00e1v\u00e1 pod\u00edl srsti lamy nebo alpaky.<\/strong> <strong>Obsah syntetick\u00fdch vl\u00e1ken<\/strong> v\u0161ak v \u017e\u00e1dn\u00e9m p\u0159\u00edpad\u011b nejsou zn\u00e1mkou hor\u0161\u00ed kvality, ale v \u017e\u00e1dn\u00e9m p\u0159\u00edpad\u011b nejsou zn\u00e1mkou hor\u0161\u00ed kvality. <strong>zv\u00fd\u0161en\u00ed pru\u017enosti a pevnosti<\/strong> za\u010dlen\u011bno. V tom je spole\u010dnost Loden v nev\u00fdhod\u011b. Nen\u00ed p\u0159\u00edli\u0161 odoln\u00fd proti roztr\u017een\u00ed. Loden sn\u00e1\u0161\u00ed neust\u00e1l\u00e9 t\u0159en\u00ed na exponovan\u00fdch m\u00edstech obzvl\u00e1\u0161t\u011b \u0161patn\u011b. V t\u011bchto m\u00edstech toti\u017e rychle ztr\u00e1c\u00ed tepeln\u011b izola\u010dn\u00ed a vodoodpudiv\u00e9 vlastnosti.<\/p>","protected":false},"excerpt":{"rendered":"<p>Die Bedeutung von Loden Als rein nat\u00fcrliches Produkt aus reiner Schurwolle ist Loden synthetischen Materialien in vielen Aspekten \u00fcberlegen. Anders als Synthetik h\u00e4lt das Material l\u00e4nger einem Dauerregen stand (ausgenommen Membrantechnologien) und w\u00e4rmt auch in nassem Zustand. Positiv f\u00e4llt zum Beispiel auf, dass die Kleidung kaum Geruch annimmt und beispielsweise auch nach l\u00e4ngerem Aufenthalt in [&#8230;]\n","protected":false},"author":2,"featured_media":0,"parent":737,"menu_order":0,"comment_status":"open","ping_status":"open","template":"","meta":{"inline_featured_image":false,"footnotes":""},"class_list":["post-762","page","type-page","status-publish","hentry"],"_links":{"self":[{"href":"https:\/\/ddoptics.shop\/cs\/wp-json\/wp\/v2\/pages\/762","targetHints":{"allow":["GET"]}}],"collection":[{"href":"https:\/\/ddoptics.shop\/cs\/wp-json\/wp\/v2\/pages"}],"about":[{"href":"https:\/\/ddoptics.shop\/cs\/wp-json\/wp\/v2\/types\/page"}],"author":[{"embeddable":true,"href":"https:\/\/ddoptics.shop\/cs\/wp-json\/wp\/v2\/users\/2"}],"replies":[{"embeddable":true,"href":"https:\/\/ddoptics.shop\/cs\/wp-json\/wp\/v2\/comments?post=762"}],"version-history":[{"count":0,"href":"https:\/\/ddoptics.shop\/cs\/wp-json\/wp\/v2\/pages\/762\/revisions"}],"up":[{"embeddable":true,"href":"https:\/\/ddoptics.shop\/cs\/wp-json\/wp\/v2\/pages\/737"}],"wp:attachment":[{"href":"https:\/\/ddoptics.shop\/cs\/wp-json\/wp\/v2\/media?parent=762"}],"curies":[{"name":"wp","href":"https:\/\/api.w.org\/{rel}","templated":true}]}}