{"id":84,"date":"2012-04-02T20:27:47","date_gmt":"2012-04-02T18:27:47","guid":{"rendered":"http:\/\/www.optik-sport-shop.at\/?page_id=84"},"modified":"2017-12-27T09:46:48","modified_gmt":"2017-12-27T08:46:48","slug":"venkovni-znalosti","status":"publish","type":"page","link":"https:\/\/ddoptics.shop\/cs\/outdoor-wissen\/","title":{"rendered":"Stoj\u00ed za to v\u011bd\u011bt"},"content":{"rendered":"<h2>Vysv\u011btlen\u00ed a z\u00e1kladn\u00ed znalosti<\/h2>\n<p>Pod <strong>Stoj\u00ed za to v\u011bd\u011bt<\/strong> najdete mnoho <strong>Vysv\u011btlen\u00ed technick\u00fdch pojm\u016f<\/strong> a tak\u00e9 jinak <strong>v\u0161echny druhy zaj\u00edmav\u00fdch informac\u00ed<\/strong> na t\u00e9mata z obchodu DDoptics Optik Sport.<\/p>\n<p>Pokud <strong>Podn\u011bty a n\u00e1vrhy<\/strong> jak lze tyto body roz\u0161\u00ed\u0159it, sta\u010d\u00ed n\u00e1m napsat e-mail. <a title=\"Kontaktn\u00ed e-mail\" href=\"\/cs\/kontakt\/\" target=\"_blank\" rel=\"noopener\">E-mail.<\/a><\/p>\n<p>T\u011b\u0161\u00edme se na va\u0161e p\u0159\u00edsp\u011bvky.<\/p>\n<p>S pozdravem, v\u00e1\u0161 obchod DDoptics Optik Sport.<\/p>","protected":false},"excerpt":{"rendered":"<p>Erkl\u00e4rungen und Hintergrundwissen Unter Wissenswertes finden Sie viele Erkl\u00e4rungen von Fachbegriffen wie auch sonst allerlei Interessantes an Hintergrundinformationen zu Themen aus dem DDoptics Optik Sport Shop. Wenn Sie Anregungen und Vorschl\u00e4ge haben, wie man diese Punkte erweitern kann, dann schreiben Sie uns einfach eine Email. Wir freuen uns auf Ihre Inputs. Freundliche Gr\u00fcsse, Ihr DDoptics [&#8230;]\n","protected":false},"author":2,"featured_media":0,"parent":0,"menu_order":0,"comment_status":"closed","ping_status":"open","template":"","meta":{"inline_featured_image":false,"footnotes":""},"class_list":["post-84","page","type-page","status-publish","hentry"],"_links":{"self":[{"href":"https:\/\/ddoptics.shop\/cs\/wp-json\/wp\/v2\/pages\/84","targetHints":{"allow":["GET"]}}],"collection":[{"href":"https:\/\/ddoptics.shop\/cs\/wp-json\/wp\/v2\/pages"}],"about":[{"href":"https:\/\/ddoptics.shop\/cs\/wp-json\/wp\/v2\/types\/page"}],"author":[{"embeddable":true,"href":"https:\/\/ddoptics.shop\/cs\/wp-json\/wp\/v2\/users\/2"}],"replies":[{"embeddable":true,"href":"https:\/\/ddoptics.shop\/cs\/wp-json\/wp\/v2\/comments?post=84"}],"version-history":[{"count":0,"href":"https:\/\/ddoptics.shop\/cs\/wp-json\/wp\/v2\/pages\/84\/revisions"}],"wp:attachment":[{"href":"https:\/\/ddoptics.shop\/cs\/wp-json\/wp\/v2\/media?parent=84"}],"curies":[{"name":"wp","href":"https:\/\/api.w.org\/{rel}","templated":true}]}}