{"id":10850,"date":"2017-04-11T12:10:01","date_gmt":"2017-04-11T10:10:01","guid":{"rendered":"https:\/\/beta.optik-sport-shop.at\/kaufen\/ddoptics-fernglas-edx-12x50\/"},"modified":"2025-07-03T15:28:05","modified_gmt":"2025-07-03T13:28:05","slug":"dalekohled-ddoptics-edx-12x50","status":"publish","type":"product","link":"https:\/\/ddoptics.shop\/cs\/kaufen\/ddoptics-edx-12x50-fernglas\/","title":{"rendered":"Dalekohled DDoptics EDX 12\u00d750"},"content":{"rendered":"<div class=\"row\"  id=\"row-1881168703\">\n\n\t<div id=\"col-1168458030\" class=\"col medium-8 small-12 large-8\"  >\n\t\t\t\t<div class=\"col-inner\"  >\n\t\t\t\n\t\t\t\n<div>\n<h2>Dalekohled DDoptics EDX 12\u00d750 | \u0160pi\u010dkov\u00fd dalekohled - \u00fa\u017easn\u011b lehk\u00fd a s nejjasn\u011bj\u0161\u00edm obrazem<\/h2>\n<p>Na str\u00e1nk\u00e1ch <strong>Dalekohled EDX 12\u00d750<\/strong> je skute\u010dnou sklen\u011bnou specialitou. D\u00edky sv\u00e9 <strong>12n\u00e1sobn\u00e9 zv\u011bt\u0161en\u00ed<\/strong> a brilantn\u00ed povrchovou \u00fapravou DDlucid jsou vzd\u00e1len\u00e9 objekty vid\u011bt ve v\u011brn\u00fdch barv\u00e1ch, s bohat\u00fdm kontrastem a ostr\u00e9 jako b\u0159itva.Dalekohled EDX Premium kombinuje <strong>fantastick\u00e1 kvalita obrazu, extr\u00e9mn\u011b vysok\u00e1 intenzita sv\u011btla a nepopsateln\u00fd pocit z pozorov\u00e1n\u00ed.<\/strong><\/p>\n<p>S pomoc\u00ed <strong>Rukoje\u0165 na m\u016fstku dalekohledu<\/strong> m\u016f\u017ee <strong>U\u017eivatel dalekohledu EDX 12\u00d750<\/strong> pohodln\u011b dr\u017eet a bezpe\u010dn\u011b ovl\u00e1dat. Dokonce i v <strong>Zima v rukavic\u00edch<\/strong>. Materi\u00e1ly, jako je ho\u0159\u010d\u00edk, hlin\u00edk a polykarbon\u00e1t, zaji\u0161\u0165uj\u00ed nejen nejvy\u0161\u0161\u00ed mo\u017enou odolnost v n\u00e1ro\u010dn\u00e9m ter\u00e9nu, ale tak\u00e9 velmi n\u00edzkou hmotnost.<\/p>\n<p>\u0160t\u00edhl\u00e9 pouzdro je obaleno protiskluzov\u00fdm pry\u017eov\u00fdm panc\u00ed\u0159em. Nezni\u010diteln\u00e1 kovov\u00e1 slitina o\u010dnic poskytuje optim\u00e1ln\u00ed ochranu okul\u00e1r\u016f. EDX 12\u00d750 je samoz\u0159ejm\u011b <strong>Zcela vodot\u011bsn\u00e9 a nezaml\u017euj\u00edc\u00ed se<\/strong>.<\/p>\n<p>Pouze s <strong>1,5 ot\u00e1\u010dky<\/strong> je cel\u00e1 <strong>P\u0159esn\u00e9 nastaven\u00ed rozsahu zaost\u0159en\u00ed<\/strong> a lze rychle zachytit i ty nejmen\u0161\u00ed detaily. Nastaven\u00ed dioptri\u00ed pro nositele br\u00fdl\u00ed se nach\u00e1z\u00ed na prav\u00e9m okul\u00e1ru.<\/p>\n<\/div>\n\t\t<\/div>\n\t\t\t\t\n<style>\n#col-1168458030 > .col-inner {\n  margin: 0px 0px -30px 0px;\n}\n<\/style>\n\t<\/div>\n\n\t\n\n\t<div id=\"col-35479699\" class=\"col medium-4 small-12 large-4\"  >\n\t\t\t\t<div class=\"col-inner\"  >\n\t\t\t\n\t\t\t\n\t<div class=\"img has-hover x md-x lg-x y md-y lg-y\" id=\"image_1507043224\">\n\t\t\t\t\t\t\t\t<div class=\"img-inner dark\" >\n\t\t\t\t\t\t\t\t\t\n\t\t\t\t\t<\/div>\n\t\t\t\t\t\t\t\t\n<style>\n#image_1507043224 {\n  width: 100%;\n}\n<\/style>\n\t<\/div>\n\t\n\t<div class=\"img has-hover x md-x lg-x y md-y lg-y\" id=\"image_1418454905\">\n\t\t<a class=\"\" href=\"https:\/\/www.shop.ddoptics.de\/garantiebestimmungen\" target=\"_blank\" rel=\"noopener\">\t\t\t\t\t\t<div class=\"img-inner dark\" >\n\t\t\t<img decoding=\"async\" width=\"352\" height=\"160\" src=\"https:\/\/ddoptics.shop\/wp-content\/uploads\/2014\/09\/DDoptics-Garantie.jpg\" class=\"attachment-large size-large\" alt=\"Z\u00e1ruka DDoptics\" srcset=\"https:\/\/ddoptics.shop\/wp-content\/uploads\/2014\/09\/DDoptics-Garantie.jpg 352w, https:\/\/ddoptics.shop\/wp-content\/uploads\/2014\/09\/DDoptics-Garantie-304x138.jpg 304w, https:\/\/ddoptics.shop\/wp-content\/uploads\/2014\/09\/DDoptics-Garantie-305x139.jpg 305w, https:\/\/ddoptics.shop\/wp-content\/uploads\/2014\/09\/DDoptics-Garantie-250x114.jpg 250w\" sizes=\"(max-width: 352px) 100vw, 352px\" title=\"\">\t\t\t\t\t\t\n\t\t\t\t\t<\/div>\n\t\t\t\t\t\t<\/a>\t\t\n<style>\n#image_1418454905 {\n  width: 100%;\n}\n<\/style>\n\t<\/div>\n\t\n<h3>Dalekohledy DDoptics EDX fakta<\/h3>\n\n\t\t<div class=\"icon-box featured-box icon-box-left text-left\"  >\n\t\t\t\t\t<div class=\"icon-box-img\" style=\"width: 32px\">\n\t\t\t\t<div class=\"icon\">\n\t\t\t\t\t<div class=\"icon-inner\" >\n\t\t\t\t\t\t<img decoding=\"async\" width=\"100\" height=\"83\" src=\"https:\/\/ddoptics.shop\/wp-content\/uploads\/2021\/05\/DDoptics-SHG-Icon.jpg\" class=\"attachment-medium size-medium\" alt=\"Dalekohled DDoptics SHG Icon\" title=\"\">\t\t\t\t\t<\/div>\n\t\t\t\t<\/div>\n\t\t\t<\/div>\n\t\t\t\t<div class=\"icon-box-text last-reset\">\n\t\t\t\t\t\t\t\t\t\n<p><span data-sheets-value=\"{&quot;1&quot;:2,&quot;2&quot;:&quot;\u2705&quot;}\" data-sheets-userformat=\"{&quot;2&quot;:15297,&quot;3&quot;:{&quot;1&quot;:0},&quot;9&quot;:0,&quot;10&quot;:2,&quot;11&quot;:0,&quot;12&quot;:0,&quot;14&quot;:{&quot;1&quot;:2,&quot;2&quot;:0},&quot;15&quot;:&quot;Calibri, sans-serif&quot;,&quot;16&quot;:11}\">\u2705 <strong>Vysoce \u010dist\u00fd obraz s v\u011brn\u00fdmi barvami<\/strong><\/span><\/p>\n\t\t<\/div>\n\t<\/div>\n\t\n\t\n\n\t\t<div class=\"icon-box featured-box icon-box-left text-left\"  >\n\t\t\t\t\t<div class=\"icon-box-img\" style=\"width: 32px\">\n\t\t\t\t<div class=\"icon\">\n\t\t\t\t\t<div class=\"icon-inner\" >\n\t\t\t\t\t\t<img decoding=\"async\" width=\"100\" height=\"83\" src=\"https:\/\/ddoptics.shop\/wp-content\/uploads\/2021\/05\/DDoptics-SHG-Icon.jpg\" class=\"attachment-medium size-medium\" alt=\"Dalekohled DDoptics SHG Icon\" title=\"\">\t\t\t\t\t<\/div>\n\t\t\t\t<\/div>\n\t\t\t<\/div>\n\t\t\t\t<div class=\"icon-box-text last-reset\">\n\t\t\t\t\t\t\t\t\t\n<p>\u2705 <span data-sheets-value=\"{&quot;1&quot;:2,&quot;2&quot;:&quot;\u2705&quot;}\" data-sheets-userformat=\"{&quot;2&quot;:15297,&quot;3&quot;:{&quot;1&quot;:0},&quot;9&quot;:0,&quot;10&quot;:2,&quot;11&quot;:0,&quot;12&quot;:0,&quot;14&quot;:{&quot;1&quot;:2,&quot;2&quot;:0},&quot;15&quot;:&quot;Calibri, sans-serif&quot;,&quot;16&quot;:11}\">Pouze 868 gram\u016f<\/span><\/p>\n\t\t<\/div>\n\t<\/div>\n\t\n\t\n\n\t\t<div class=\"icon-box featured-box icon-box-left text-left\"  >\n\t\t\t\t\t<div class=\"icon-box-img\" style=\"width: 32px\">\n\t\t\t\t<div class=\"icon\">\n\t\t\t\t\t<div class=\"icon-inner\" >\n\t\t\t\t\t\t<img decoding=\"async\" width=\"100\" height=\"83\" src=\"https:\/\/ddoptics.shop\/wp-content\/uploads\/2021\/05\/DDoptics-SHG-Icon.jpg\" class=\"attachment-medium size-medium\" alt=\"Dalekohled DDoptics SHG Icon\" title=\"\">\t\t\t\t\t<\/div>\n\t\t\t\t<\/div>\n\t\t\t<\/div>\n\t\t\t\t<div class=\"icon-box-text last-reset\">\n\t\t\t\t\t\t\t\t\t\n<p>\u2705 <span data-sheets-value=\"{&quot;1&quot;:2,&quot;2&quot;:&quot;\u2705&quot;}\" data-sheets-userformat=\"{&quot;2&quot;:15297,&quot;3&quot;:{&quot;1&quot;:0},&quot;9&quot;:0,&quot;10&quot;:2,&quot;11&quot;:0,&quot;12&quot;:0,&quot;14&quot;:{&quot;1&quot;:2,&quot;2&quot;:0},&quot;15&quot;:&quot;Calibri, sans-serif&quot;,&quot;16&quot;:11}\">DDlucidn\u00ed odm\u011b\u0148ov\u00e1n\u00ed<\/span><\/p>\n\t\t<\/div>\n\t<\/div>\n\t\n\t\n\n\t\t<div class=\"icon-box featured-box icon-box-left text-left\"  >\n\t\t\t\t\t<div class=\"icon-box-img\" style=\"width: 32px\">\n\t\t\t\t<div class=\"icon\">\n\t\t\t\t\t<div class=\"icon-inner\" >\n\t\t\t\t\t\t<img decoding=\"async\" width=\"100\" height=\"83\" src=\"https:\/\/ddoptics.shop\/wp-content\/uploads\/2021\/05\/DDoptics-SHG-Icon.jpg\" class=\"attachment-medium size-medium\" alt=\"Dalekohled DDoptics SHG Icon\" title=\"\">\t\t\t\t\t<\/div>\n\t\t\t\t<\/div>\n\t\t\t<\/div>\n\t\t\t\t<div class=\"icon-box-text last-reset\">\n\t\t\t\t\t\t\t\t\t\n<p>\u2705 <span data-sheets-value=\"{&quot;1&quot;:2,&quot;2&quot;:&quot;\u2705&quot;}\" data-sheets-userformat=\"{&quot;2&quot;:15297,&quot;3&quot;:{&quot;1&quot;:0},&quot;9&quot;:0,&quot;10&quot;:2,&quot;11&quot;:0,&quot;12&quot;:0,&quot;14&quot;:{&quot;1&quot;:2,&quot;2&quot;:0},&quot;15&quot;:&quot;Calibri, sans-serif&quot;,&quot;16&quot;:11}\">Vynikaj\u00edc\u00ed definice okraj\u016f<\/span><\/p>\n\t\t<\/div>\n\t<\/div>\n\t\n\t\n\n\t\t<div class=\"icon-box featured-box icon-box-left text-left\"  >\n\t\t\t\t\t<div class=\"icon-box-img\" style=\"width: 32px\">\n\t\t\t\t<div class=\"icon\">\n\t\t\t\t\t<div class=\"icon-inner\" >\n\t\t\t\t\t\t<img decoding=\"async\" width=\"100\" height=\"83\" src=\"https:\/\/ddoptics.shop\/wp-content\/uploads\/2021\/05\/DDoptics-SHG-Icon.jpg\" class=\"attachment-medium size-medium\" alt=\"Dalekohled DDoptics SHG Icon\" title=\"\">\t\t\t\t\t<\/div>\n\t\t\t\t<\/div>\n\t\t\t<\/div>\n\t\t\t\t<div class=\"icon-box-text last-reset\">\n\t\t\t\t\t\t\t\t\t\n<p>\u2705 <span data-sheets-value=\"{&quot;1&quot;:2,&quot;2&quot;:&quot;\u2705&quot;}\" data-sheets-userformat=\"{&quot;2&quot;:15297,&quot;3&quot;:{&quot;1&quot;:0},&quot;9&quot;:0,&quot;10&quot;:2,&quot;11&quot;:0,&quot;12&quot;:0,&quot;14&quot;:{&quot;1&quot;:2,&quot;2&quot;:0},&quot;15&quot;:&quot;Calibri, sans-serif&quot;,&quot;16&quot;:11}\">Schmidt-Pechan\u016fv hranol<\/span><\/p>\n\t\t<\/div>\n\t<\/div>\n\t\n\t\n\n\t\t<div class=\"icon-box featured-box icon-box-left text-left\"  >\n\t\t\t\t\t<div class=\"icon-box-img\" style=\"width: 32px\">\n\t\t\t\t<div class=\"icon\">\n\t\t\t\t\t<div class=\"icon-inner\" >\n\t\t\t\t\t\t<img decoding=\"async\" width=\"100\" height=\"83\" src=\"https:\/\/ddoptics.shop\/wp-content\/uploads\/2021\/05\/DDoptics-SHG-Icon.jpg\" class=\"attachment-medium size-medium\" alt=\"Dalekohled DDoptics SHG Icon\" title=\"\">\t\t\t\t\t<\/div>\n\t\t\t\t<\/div>\n\t\t\t<\/div>\n\t\t\t\t<div class=\"icon-box-text last-reset\">\n\t\t\t\t\t\t\t\t\t\n<p>\u2705 <span data-sheets-value=\"{&quot;1&quot;:2,&quot;2&quot;:&quot;\u2705&quot;}\" data-sheets-userformat=\"{&quot;2&quot;:15297,&quot;3&quot;:{&quot;1&quot;:0},&quot;9&quot;:0,&quot;10&quot;:2,&quot;11&quot;:0,&quot;12&quot;:0,&quot;14&quot;:{&quot;1&quot;:2,&quot;2&quot;:0},&quot;15&quot;:&quot;Calibri, sans-serif&quot;,&quot;16&quot;:11}\">Rychl\u00e9 ost\u0159en\u00ed z 2,4 metru<\/span><\/p>\n\t\t<\/div>\n\t<\/div>\n\t\n\t\n\t\t<\/div>\n\t\t\t\t\t<\/div>\n\n\t\n<\/div>\n<h3>ED sklo: Brilantn\u00ed zobrazen\u00ed obrazu a ostr\u00e9 rozli\u0161en\u00ed na velk\u00e9 vzd\u00e1lenosti s EDX 12\u00d750<\/h3>\n<p>Model EDX 12\u00d750 je p\u0159edur\u010den pro <strong>Pou\u017eit\u00ed na dlouh\u00e9 vzd\u00e1lenosti<\/strong>. C\u00edlovou skupinou jsou zejm\u00e9na ornitologov\u00e9 a hor\u0161t\u00ed turist\u00e9. Hor\u0161t\u00ed lovci mohou pomoc\u00ed t\u011bchto \u0161pi\u010dkov\u00fdch dalekohled\u016f pozorovat kamz\u00edky na h\u0159ebenech i na vzd\u00e1lenost 200 a\u017e 300 m a do zna\u010dn\u00e9 m\u00edry se obejdou bez nutnosti nosit s sebou t\u011b\u017ek\u00fd dalekohled. <strong>Ornitologov\u00e9 a hor\u0161t\u00ed turist\u00e9<\/strong> p\u0159ich\u00e1z\u00ed 12x zv\u011bt\u0161en\u00ed a <strong>Bl\u00edzk\u00fd dosah zaost\u0159en\u00ed 2,4 m<\/strong> p\u0159\u00ednos. S dalekohledem EDX 12\u00d750 je mo\u017en\u00e9 pozorovat bl\u00edzk\u00e9 i velmi vzd\u00e1len\u00e9 objekty s barevnou brilanc\u00ed, ostrost\u00ed a p\u0159esnost\u00ed, kterou lze jen st\u011b\u017e\u00ed p\u0159ekonat.<\/p>\n<h3>Inovativn\u00ed povrchov\u00e1 \u00faprava zaru\u010duje ostr\u00e9 kontury dalekohledu 12\u00d750<\/h3>\n<p>Dal\u0161\u00ed z\u00e1rukou je <strong>Speci\u00e1ln\u00ed povlak DDlucid<\/strong>. Ob\u011b st\u0159e\u0161n\u00ed plochy Schmidt-Pechanova st\u0159e\u0161n\u00edho hranolu jsou j\u00edm pota\u017eeny. Tento povlak, kter\u00fd poch\u00e1z\u00ed z japonsk\u00e9ho fotografick\u00e9ho pr\u016fmyslu, je dal\u0161\u00edm v\u00fdvojem zn\u00e1m\u00e9ho a osv\u011bd\u010den\u00e9ho povlaku ELR (Extra Low Reflection). DDlucid je tedy <strong>nej\u00fa\u010dinn\u011bj\u0161\u00edch povrchov\u00fdch \u00faprav dalekohled\u016f a v\u00fdhradn\u011b pr\u00e9miov\u00fdch dalekohled\u016f.<\/strong> vyhrazeno.<\/p>\n<h3>St\u00e1le mal\u00fd, lehk\u00fd a spolehliv\u00fd spole\u010dn\u00edk na cel\u00fd \u017eivot<\/h3>\n<p>Zejm\u00e9na p\u0159i pou\u017eit\u00ed v hor\u00e1ch jsou kladeny vysok\u00e9 n\u00e1roky na robustnost a lehkost. D\u00edky materi\u00e1l\u016fm, jako je ho\u0159\u010d\u00edkov\u00fd hlin\u00edk a polykarbon\u00e1t, je sklo extr\u00e9mn\u011b odoln\u00e9 proti n\u00e1razu, naprosto robustn\u00ed a lehk\u00e9. <strong>vodot\u011bsnost a ochrana proti zaml\u017een\u00ed.<\/strong> Protiskluzov\u00e9 pry\u017eov\u00e9 oblo\u017een\u00ed z p\u0159\u00edrodn\u00edho kau\u010duku zaji\u0161\u0165uje vysokou p\u0159ilnavost a odolnost proti uklouznut\u00ed.<\/p>\n<p>Pouze s <strong>Cel\u00fd rozsah zaost\u0159en\u00ed lze nastavit o 1,5 ot\u00e1\u010dky.<\/strong>. To zaru\u010duje nejrychlej\u0161\u00ed zachycen\u00ed detail\u016f.<\/p>\n<h3>Pro nositele br\u00fdl\u00ed - pln\u00e9 zorn\u00e9 pole<\/h3>\n<p>Nastaven\u00ed dioptri\u00ed pro nositele br\u00fdl\u00ed se nach\u00e1z\u00ed na prav\u00e9m okul\u00e1ru. <strong>4 pozice m\u0159\u00ed\u017eky lze pevn\u011b zafixovat.<\/strong> Nez\u00e1m\u011brn\u00e9 nastaven\u00ed je mo\u017en\u00e9.<\/p>\n<h3>Doporu\u010den\u00e9 pou\u017eit\u00ed DDoptics EDX 12\u00d750<\/h3>\n<p>Konzistentn\u00ed ostrost a\u017e k okraj\u016fm sn\u00edmku a <strong>Velk\u00e9 zorn\u00e9 pole 91 metr\u016f nab\u00edz\u00ed milovn\u00edk\u016fm outdoorov\u00fdch aktivit, turist\u016fm, ornitolog\u016fm a horsk\u00fdm lovc\u016fm obrazov\u00e9 z\u00e1\u017eitky na nejvy\u0161\u0161\u00ed \u00farovni.<\/strong><\/p>","protected":false},"excerpt":{"rendered":"<p><img decoding=\"async\" class=\"alignnone wp-image-10178 size-full\" title=\"Horsk\u00e9 loveck\u00e9 dalekohledy\" src=\"https:\/\/ddoptics.shop\/wp-content\/uploads\/2016\/04\/Gebirgsjagd-klein.jpg\" alt=\"Horsk\u00e9 loveck\u00e9 dalekohledy\" width=\"50\" height=\"50\" \/><img decoding=\"async\" class=\"alignnone wp-image-10170 size-full\" title=\"Dalekohledy pro pozorov\u00e1n\u00ed pt\u00e1k\u016f\" src=\"https:\/\/ddoptics.shop\/wp-content\/uploads\/2016\/09\/Ornitologie-klein.jpg\" alt=\"Dalekohledy pro pozorov\u00e1n\u00ed pt\u00e1k\u016f\" width=\"50\" height=\"50\" \/><br \/>\nZrodila se nov\u00e1 hv\u011bzda. Dvan\u00e1ctin\u00e1sobn\u00e1 <strong>lehk\u00fd referen\u010dn\u00ed objektiv 50 mm s obrazov\u00fdm \u0161\u00edlenstv\u00edm.<\/strong><\/p>","protected":false},"featured_media":10854,"comment_status":"open","ping_status":"closed","template":"","meta":{"inline_featured_image":false,"footnotes":""},"product_brand":[],"product_cat":[352,363,329,67,344],"product_tag":[568,569,78,86],"class_list":{"0":"post-10850","1":"product","2":"type-product","3":"status-publish","4":"has-post-thumbnail","6":"product_cat-12x-vergroesserung","7":"product_cat-50-mm-objektiv","8":"product_cat-ddoptics","9":"product_cat-fernglas","10":"product_cat-naturbeobachtung","11":"product_tag-12x50","12":"product_tag-12x50-fernglas","13":"product_tag-ddoptics","14":"product_tag-edx","15":"product_shipping_class-paket","16":"pa_brand-marke-ddoptics","17":"pa_farbe-schwarz","18":"pa_produkt-typ-fernglas","20":"first","21":"instock","22":"sale","23":"taxable","24":"shipping-taxable","25":"purchasable","26":"product-type-simple"},"bundled_by":[],"bundle_stock_status":"instock","bundle_stock_quantity":null,"bundle_virtual":false,"bundle_layout":"","bundle_add_to_cart_form_location":"","bundle_editable_in_cart":false,"bundle_sold_individually_context":"","bundle_item_grouping":"","bundle_min_size":"","bundle_max_size":"","bundle_price":[],"bundled_items":[],"bundle_sell_ids":[],"_links":{"self":[{"href":"https:\/\/ddoptics.shop\/cs\/wp-json\/wp\/v2\/product\/10850","targetHints":{"allow":["GET"]}}],"collection":[{"href":"https:\/\/ddoptics.shop\/cs\/wp-json\/wp\/v2\/product"}],"about":[{"href":"https:\/\/ddoptics.shop\/cs\/wp-json\/wp\/v2\/types\/product"}],"replies":[{"embeddable":true,"href":"https:\/\/ddoptics.shop\/cs\/wp-json\/wp\/v2\/comments?post=10850"}],"version-history":[{"count":4,"href":"https:\/\/ddoptics.shop\/cs\/wp-json\/wp\/v2\/product\/10850\/revisions"}],"predecessor-version":[{"id":28580,"href":"https:\/\/ddoptics.shop\/cs\/wp-json\/wp\/v2\/product\/10850\/revisions\/28580"}],"wp:featuredmedia":[{"embeddable":true,"href":"https:\/\/ddoptics.shop\/cs\/wp-json\/wp\/v2\/media\/10854"}],"wp:attachment":[{"href":"https:\/\/ddoptics.shop\/cs\/wp-json\/wp\/v2\/media?parent=10850"}],"wp:term":[{"taxonomy":"product_brand","embeddable":true,"href":"https:\/\/ddoptics.shop\/cs\/wp-json\/wp\/v2\/product_brand?post=10850"},{"taxonomy":"product_cat","embeddable":true,"href":"https:\/\/ddoptics.shop\/cs\/wp-json\/wp\/v2\/product_cat?post=10850"},{"taxonomy":"product_tag","embeddable":true,"href":"https:\/\/ddoptics.shop\/cs\/wp-json\/wp\/v2\/product_tag?post=10850"}],"curies":[{"name":"wp","href":"https:\/\/api.w.org\/{rel}","templated":true}]}}