{"id":11008,"date":"2017-06-14T11:52:47","date_gmt":"2017-06-14T09:52:47","guid":{"rendered":"https:\/\/beta.optik-sport-shop.at\/?post_type=product&#038;p=11008"},"modified":"2017-07-13T17:59:17","modified_gmt":"2017-07-13T15:59:17","slug":"tradicni-opasek-s-vysivkou-perim-z-kuze-s-motivem-kamzika","status":"publish","type":"product","link":"https:\/\/ddoptics.shop\/cs\/kaufen\/trachtenguertel-mit-federkielstickerei-gams-motiv-leder\/","title":{"rendered":"Tradi\u010dn\u00ed opasek s motivem kamz\u00edka vy\u0161\u00edvan\u00e9ho pe\u0159\u00edm - Trachtenmode"},"content":{"rendered":"<h2>Tradi\u010dn\u00ed opasek s motivem pe\u0159\u00ed\u010dkov\u00e9 v\u00fd\u0161ivky - Trachtenmode<\/h2>\n<p>V <strong>obecn\u00e1 m\u00f3da<\/strong> je zvykem nosit kalhoty. <strong>P\u00e1s<\/strong> aby tyto o<strong>ptimal na ky\u010dli<\/strong> Tyto kalhotov\u00e9 p\u00e1sky se nos\u00ed ke ko\u017een\u00fdm kalhot\u00e1m, k l\u00e1tkov\u00fdm kalhot\u00e1m a jsou velmi obl\u00edben\u00e9 k d\u017e\u00edn\u00e1m. \u010casto jsou na nich vy\u0161it\u00e9 inici\u00e1ly majitele.<\/p>\n<p><strong>Tradi\u010dn\u00ed krojov\u00fd p\u00e1sek<\/strong> jsou k tomuto \u00fa\u010delu z\u00e1m\u011brn\u011b navr\u017eeny, <strong>aby byly lederhosen na sv\u00e9m m\u00edst\u011b.<\/strong> Maj\u00ed v\u0161ak slou\u017eit tak\u00e9 jako elegantn\u00ed vizu\u00e1ln\u00ed dopln\u011bk, kter\u00fd m\u00e1 podtrhnout. <strong>Celkov\u00fd vizu\u00e1ln\u00ed obraz<\/strong> k dokon\u010den\u00ed programu.<\/p>\n<p><strong style=\"font-size: 13px;\">Spr\u00e1vn\u00e9 m\u011b\u0159en\u00ed obvodu pasu: <\/strong><span style=\"font-size: 13px;\">P\u0159ibli\u017en\u011b ve v\u00fd\u0161i pupku si kolem b\u0159icha nat\u00e1hn\u011bte metr, lehce vydechn\u011bte a ode\u010dt\u011bte hodnotu.<\/span><\/p>\n<h2>Motiv kamz\u00edka s v\u00fd\u0161ivkou z pe\u0159\u00ed na mosazn\u00e9 d\u011brovan\u00e9 spon\u011b<\/h2>\n<p>Na str\u00e1nk\u00e1ch <strong>Ko\u017een\u00fd opasek ze salcbursk\u00e9 manufaktury,<\/strong> dopln\u011bn\u00e9 o <strong>Motiv kamzi\u010d\u00ed v\u00fd\u0161ivky na k\u016f\u017ei<\/strong> na <strong>Ra\u017een\u00e1 mosazn\u00e1 spona (p\u0159ezka na opasek),<\/strong> jsou obzvl\u00e1\u0161t\u011b elegantn\u00ed.<\/p>\n<h3>Tradi\u010dn\u00ed opasky pro mu\u017ee, \u017eeny a d\u011bti<\/h3>\n<p>Obecn\u011b lze \u0159\u00edci, \u017ee tradi\u010dn\u00ed krojov\u00fd p\u00e1sek je dopl\u0148kov\u00fd dopln\u011bk, kter\u00fd nos\u00ed nejl\u00e9pe mu\u017ei, aby ladil s jejich lederhosen. Zejm\u00e9na pokud tyto nejsou opat\u0159eny \u0161lemi. Ko\u017een\u00e9 opasky Trachten m\u011bly v <strong>dopl\u0148kov\u00e1 funkce v d\u0159\u00edv\u011bj\u0161\u00edch letech<\/strong>. Byli zvykl\u00ed <strong>Loveck\u00e9 trofeje<\/strong> p\u0159ilo\u017eeny.<\/p>","protected":false},"excerpt":{"rendered":"<p><strong>Prav\u00fd ko\u017een\u00fd opasek vyroben\u00fd z rustik\u00e1ln\u00ed k\u016f\u017ee star\u00fdch \u0159emen\u016f,<\/strong> <strong>4 cm<\/strong> \u0161irok\u00fd, s brkov\u00fdm perem <strong>Motiv kamz\u00edka<\/strong>.<\/p>\n<p>Uzav\u0159en\u00ed: <strong>Ru\u010dn\u011b d\u011brovan\u00e1 mosazn\u00e1 spona<\/strong>.<br \/>\nDodac\u00ed lh\u016fta: p\u0159ibli\u017en\u011b 6 t\u00fddn\u016f po obdr\u017een\u00ed platby.<\/p>","protected":false},"featured_media":11032,"comment_status":"open","ping_status":"closed","template":"","meta":{"inline_featured_image":false,"footnotes":""},"product_brand":[],"product_cat":[598],"product_tag":[600,599],"class_list":{"0":"post-11008","1":"product","2":"type-product","3":"status-publish","4":"has-post-thumbnail","6":"product_cat-federkiel-stickerei","7":"product_tag-federkielstickerei","8":"product_tag-lederguertel","9":"product_shipping_class-paket","10":"pa_brand-marke-salzburger-federkielstickerei","11":"pa_produkt-typ-mode-accessoire","13":"first","14":"instock","15":"taxable","16":"shipping-taxable","17":"purchasable","18":"product-type-variable"},"bundled_by":[],"bundle_stock_status":"instock","bundle_stock_quantity":null,"bundle_virtual":false,"bundle_layout":"","bundle_add_to_cart_form_location":"","bundle_editable_in_cart":false,"bundle_sold_individually_context":"","bundle_item_grouping":"","bundle_min_size":"","bundle_max_size":"","bundle_price":[],"bundled_items":[],"bundle_sell_ids":[],"_links":{"self":[{"href":"https:\/\/ddoptics.shop\/cs\/wp-json\/wp\/v2\/product\/11008","targetHints":{"allow":["GET"]}}],"collection":[{"href":"https:\/\/ddoptics.shop\/cs\/wp-json\/wp\/v2\/product"}],"about":[{"href":"https:\/\/ddoptics.shop\/cs\/wp-json\/wp\/v2\/types\/product"}],"replies":[{"embeddable":true,"href":"https:\/\/ddoptics.shop\/cs\/wp-json\/wp\/v2\/comments?post=11008"}],"version-history":[{"count":0,"href":"https:\/\/ddoptics.shop\/cs\/wp-json\/wp\/v2\/product\/11008\/revisions"}],"wp:featuredmedia":[{"embeddable":true,"href":"https:\/\/ddoptics.shop\/cs\/wp-json\/wp\/v2\/media\/11032"}],"wp:attachment":[{"href":"https:\/\/ddoptics.shop\/cs\/wp-json\/wp\/v2\/media?parent=11008"}],"wp:term":[{"taxonomy":"product_brand","embeddable":true,"href":"https:\/\/ddoptics.shop\/cs\/wp-json\/wp\/v2\/product_brand?post=11008"},{"taxonomy":"product_cat","embeddable":true,"href":"https:\/\/ddoptics.shop\/cs\/wp-json\/wp\/v2\/product_cat?post=11008"},{"taxonomy":"product_tag","embeddable":true,"href":"https:\/\/ddoptics.shop\/cs\/wp-json\/wp\/v2\/product_tag?post=11008"}],"curies":[{"name":"wp","href":"https:\/\/api.w.org\/{rel}","templated":true}]}}