{"id":11736,"date":"2017-08-17T18:52:42","date_gmt":"2017-08-17T16:52:42","guid":{"rendered":"https:\/\/optik-sport-shop.at\/?post_type=product&#038;p=11736"},"modified":"2026-01-30T13:34:26","modified_gmt":"2026-01-30T12:34:26","slug":"zakladni-lista-pro-montaz-puskohledu-od-firmy-dentler","status":"publish","type":"product","link":"https:\/\/ddoptics.shop\/cs\/kaufen\/zielfernrohr-montage-grundschiene-basis-von-dentler\/","title":{"rendered":"Mont\u00e1\u017e pu\u0161kohledu pro pu\u0161kohled DDoptics: z\u00e1kladn\u00ed li\u0161ta \u201cBASIS\u00ae\u201d od spole\u010dnosti DENTLER"},"content":{"rendered":"<div class=\"row\"  id=\"row-675448441\">\n\n\t<div id=\"col-925262360\" class=\"col medium-8 small-12 large-8\"  >\n\t\t\t\t<div class=\"col-inner\"  >\n\t\t\t\n\t\t\t\n<h2>Z\u00e1kladn\u00ed li\u0161ta \u201cBASIS\u201d od spole\u010dnosti DENTLER<\/h2>\n<p>Na str\u00e1nk\u00e1ch <strong>Z\u00e1kladn\u00ed li\u0161ta \u201cBASIS\u201d od spole\u010dnosti DENTLER<\/strong> je k dispozici pro mnoho b\u011b\u017en\u00fdch zbran\u00ed a je cenov\u011b v\u00fdhodn\u00fd. Mont\u00e1\u017en\u00ed li\u0161ta je kompletn\u011b vyrobena z hlin\u00edku s v\u00fdjimkou \u010d\u00e1st\u00ed, kter\u00e9 absorbuj\u00ed s\u00edlu nebo jsou n\u00e1chyln\u00e9 k opot\u0159eben\u00ed. <strong>vysokopevnostn\u00ed hlin\u00edk<\/strong> pracoval na \u00faspo\u0159e hmotnosti.<\/p>\n<p>P\u0159esn\u00e9 \u00fadaje <strong>Mont\u00e1\u017en\u00ed syst\u00e9m od spole\u010dnosti DENTLER<\/strong>, kter\u00fd poch\u00e1z\u00ed z <strong>z\u00e1kladn\u00ed li\u0161ta \u201cBASIS\u201d ur\u010den\u00e1 pro zbran\u011b a mont\u00e1\u017en\u00ed li\u0161ta \u201cBASIS\u201d.\u201d<\/strong> je kompatibiln\u00ed se syst\u00e9mem 100% a je navr\u017een pro nulovou toleranci.<\/p>\n<p>Dvoud\u00edln\u00fd syst\u00e9m spojuje va\u0161i pu\u0161ku s pu\u0161kohledem naprosto spolehliv\u011b a s 100%iger reprodukovatelnost\u00ed. Po nastaven\u00ed se mont\u00e1\u017en\u00ed li\u0161ta v\u017edy uzamkne na \u201cz\u00e1kladn\u00ed\u201d z\u00e1kladn\u00ed li\u0161t\u011b se stejn\u00fdm utahovac\u00edm momentem a bez v\u016fle.<\/p>\n<h3>Mont\u00e1\u017en\u00ed syst\u00e9m DENTLER se skl\u00e1d\u00e1 ze 2 \u010d\u00e1st\u00ed: Z\u00e1kladn\u00ed li\u0161ta + mont\u00e1\u017en\u00ed li\u0161ta s krou\u017eky<\/h3>\n\t<div class=\"img has-hover x md-x lg-x y md-y lg-y\" id=\"image_1794849231\">\n\t\t\t\t\t\t\t\t<div class=\"img-inner dark\" >\n\t\t\t<img decoding=\"async\" width=\"1020\" height=\"268\" src=\"https:\/\/ddoptics.shop\/wp-content\/uploads\/2017\/08\/Dentler-Basis-Montagesystem.jpg\" class=\"attachment-large size-large\" alt=\"Z\u00e1kladn\u00ed mont\u00e1\u017en\u00ed syst\u00e9m Dentler\" srcset=\"https:\/\/ddoptics.shop\/wp-content\/uploads\/2017\/08\/Dentler-Basis-Montagesystem.jpg 1140w, https:\/\/ddoptics.shop\/wp-content\/uploads\/2017\/08\/Dentler-Basis-Montagesystem-304x80.jpg 304w, https:\/\/ddoptics.shop\/wp-content\/uploads\/2017\/08\/Dentler-Basis-Montagesystem-305x80.jpg 305w, https:\/\/ddoptics.shop\/wp-content\/uploads\/2017\/08\/Dentler-Basis-Montagesystem-632x166.jpg 632w, https:\/\/ddoptics.shop\/wp-content\/uploads\/2017\/08\/Dentler-Basis-Montagesystem-800x211.jpg 800w, https:\/\/ddoptics.shop\/wp-content\/uploads\/2017\/08\/Dentler-Basis-Montagesystem-250x66.jpg 250w, https:\/\/ddoptics.shop\/wp-content\/uploads\/2017\/08\/Dentler-Basis-Montagesystem-510x134.jpg 510w\" sizes=\"(max-width: 1020px) 100vw, 1020px\" title=\"\">\t\t\t\t\t\t\n\t\t\t\t\t<\/div>\n\t\t\t\t\t\t\t\t\n<style>\n#image_1794849231 {\n  width: 100%;\n}\n<\/style>\n\t<\/div>\n\t\n\t\t<\/div>\n\t\t\t\t\n<style>\n#col-925262360 > .col-inner {\n  margin: 0px 0px -30px 0px;\n}\n<\/style>\n\t<\/div>\n\n\t\n\n\t<div id=\"col-382092906\" class=\"col medium-4 small-12 large-4\"  >\n\t\t\t\t<div class=\"col-inner\"  >\n\t\t\t\n\t\t\t\n\t<div class=\"img has-hover x md-x lg-x y md-y lg-y\" id=\"image_1216949404\">\n\t\t\t\t\t\t\t\t<div class=\"img-inner dark\" >\n\t\t\t\t\t\t\t\t\t\n\t\t\t\t\t<\/div>\n\t\t\t\t\t\t\t\t\n<style>\n#image_1216949404 {\n  width: 100%;\n}\n<\/style>\n\t<\/div>\n\t\n\t<div class=\"img has-hover x md-x lg-x y md-y lg-y\" id=\"image_258840189\">\n\t\t\t\t\t\t\t\t<div class=\"img-inner dark\" >\n\t\t\t<img decoding=\"async\" width=\"1020\" height=\"270\" src=\"https:\/\/ddoptics.shop\/wp-content\/uploads\/2022\/06\/Dentler-Logo.png\" class=\"attachment-large size-large\" alt=\"Mont\u00e1\u017e Dentler\" srcset=\"https:\/\/ddoptics.shop\/wp-content\/uploads\/2022\/06\/Dentler-Logo.png 1120w, https:\/\/ddoptics.shop\/wp-content\/uploads\/2022\/06\/Dentler-Logo-800x212.png 800w, https:\/\/ddoptics.shop\/wp-content\/uploads\/2022\/06\/Dentler-Logo-18x5.png 18w, https:\/\/ddoptics.shop\/wp-content\/uploads\/2022\/06\/Dentler-Logo-304x81.png 304w, https:\/\/ddoptics.shop\/wp-content\/uploads\/2022\/06\/Dentler-Logo-632x168.png 632w, https:\/\/ddoptics.shop\/wp-content\/uploads\/2022\/06\/Dentler-Logo-305x81.png 305w\" sizes=\"(max-width: 1020px) 100vw, 1020px\" title=\"\">\t\t\t\t\t\t\n\t\t\t\t\t<\/div>\n\t\t\t\t\t\t\t\t\n<style>\n#image_258840189 {\n  width: 100%;\n}\n<\/style>\n\t<\/div>\n\t\n\t<div id=\"text-3511651042\" class=\"text\">\n\t\t\n<p>\u21d2 NOVINKA: Z\u00e1kladn\u00ed li\u0161ta BASIS od firmy DENTLER pro mont\u00e1\u017e na zbra\u0148<br \/>\n\u21d2 kompatibiln\u00ed s mont\u00e1\u017en\u00edmi li\u0161tami DENTLER<br \/>\n\u21d2 Pou\u017eit\u00ed v\u00edce optik na jedn\u00e9 zbrani<br \/>\n\u21d2 100%\u011bsn\u00e1 reprodukovatelnost po v\u00fdm\u011bn\u011b optiky<br \/>\n\u21d2 k dispozici pro t\u00e9m\u011b\u0159 v\u0161echny b\u011b\u017en\u00e9 zbran\u011b<br \/>\n\t\t\n<style>\n#text-3511651042 {\n  text-align: center;\n}\n<\/style>\n\t<\/div>\n\t\n<div class=\"text-center\"><div class=\"is-divider divider clearfix\" ><\/div><\/div>\n\t\t<\/div>\n\t\t\t\t\t<\/div>\n\n\t\n<\/div>\n<div class=\"is-divider divider clearfix\" ><\/div>\n<figure id=\"attachment_11755\" aria-describedby=\"caption-attachment-11755\" style=\"width: 350px\" class=\"wp-caption alignright\"><a href=\"https:\/\/ddoptics.shop\/wp-content\/uploads\/2017\/08\/DDoptics-Dentler-Montage.jpg\"><img decoding=\"async\" class=\"wp-image-11755\" src=\"https:\/\/ddoptics.shop\/wp-content\/uploads\/2017\/08\/DDoptics-Dentler-Montage.jpg\" alt=\"Dr\u017e\u00e1k DDoptics Dentler namontovan\u00fd na Haenel J\u00e4ger 10\" width=\"350\" height=\"263\" title=\"\" srcset=\"https:\/\/ddoptics.shop\/wp-content\/uploads\/2017\/08\/DDoptics-Dentler-Montage.jpg 960w, https:\/\/ddoptics.shop\/wp-content\/uploads\/2017\/08\/DDoptics-Dentler-Montage-304x228.jpg 304w, https:\/\/ddoptics.shop\/wp-content\/uploads\/2017\/08\/DDoptics-Dentler-Montage-305x229.jpg 305w, https:\/\/ddoptics.shop\/wp-content\/uploads\/2017\/08\/DDoptics-Dentler-Montage-632x474.jpg 632w, https:\/\/ddoptics.shop\/wp-content\/uploads\/2017\/08\/DDoptics-Dentler-Montage-800x600.jpg 800w, https:\/\/ddoptics.shop\/wp-content\/uploads\/2017\/08\/DDoptics-Dentler-Montage-250x188.jpg 250w, https:\/\/ddoptics.shop\/wp-content\/uploads\/2017\/08\/DDoptics-Dentler-Montage-510x383.jpg 510w\" sizes=\"(max-width: 350px) 100vw, 350px\" \/><\/a><figcaption id=\"caption-attachment-11755\" class=\"wp-caption-text\">Nakonec to vypad\u00e1 dob\u0159e. Dr\u017e\u00e1k DDoptics Dentler namontovan\u00fd na Haenel J\u00e4ger 10<\/figcaption><\/figure>\n<p>Dal\u0161\u00ed <strong>V\u00fdhody spole\u010dnosti DENTLER<\/strong>Pou\u017eit\u00ed : Pou\u017eit\u00ed <strong>V\u00edce zam\u011b\u0159ovac\u00edch optik bezpe\u010dn\u011b a snadno na ka\u017ed\u00e9 zbrani<\/strong>. Jednodu\u0161e upn\u011bte jin\u00fd zam\u011b\u0159ova\u010d s novou mont\u00e1\u017en\u00ed li\u0161tou a rychle vym\u011b\u0148te zam\u011b\u0159ova\u010de v z\u00e1vislosti na pou\u017eit\u00ed.<\/p>\n<p>Nep\u0159\u00edjemn\u00fd pocit, kter\u00fd obvykle m\u00edv\u00e1te po. <strong>Mont\u00e1\u017e a demont\u00e1\u017e pu\u0161kohledu<\/strong> jsou nyn\u00ed d\u00edky mont\u00e1\u017en\u00edmu syst\u00e9mu DENTLER minulost\u00ed.<\/p>\n<blockquote><p>S d\u00e1le vyvinutou z\u00e1kladn\u00ed li\u0161tou \u201cBASIS VARIO\u201d m\u016f\u017eete na r\u016fzn\u00e9 zbran\u011b snadno a rychle namontovat i ve\u0161kerou c\u00edlovou optiku.<\/p><\/blockquote>","protected":false},"excerpt":{"rendered":"<p>Modul\u00e1rn\u00ed - praktick\u00e9 - stabiln\u00ed. <strong>Z\u00e1v\u011br: Solidn\u00ed z\u00e1kladn\u00ed kolejnice za p\u0159\u00edznivou cenu!<\/strong> \u0160pi\u010dkov\u00e1 kvalita - vyrobeno v N\u011bmecku!<\/p>\n<a href=\"https:\/\/ddoptics.shop\/cs\/koupit\/zakladna-montazni-listy-dentler-s-30mm-krouzky\/\" class=\"button success is-success is-medium\" >\n\t\t<span>K mont\u00e1\u017en\u00ed li\u0161t\u011b DENTLER<\/span>\n\t<\/a>","protected":false},"featured_media":11740,"comment_status":"closed","ping_status":"closed","template":"","meta":{"inline_featured_image":false,"footnotes":""},"product_brand":[],"product_cat":[70],"product_tag":[680,678,677],"class_list":{"0":"post-11736","1":"product","2":"type-product","3":"status-publish","4":"has-post-thumbnail","6":"product_cat-zielfernrohr-montage","7":"product_tag-basis-dentler","8":"product_tag-dentler-montage","9":"product_tag-zielfernrohrmontage","10":"product_shipping_class-paket","11":"pa_brand-marke-dentler","12":"pa_farbe-schwarz","13":"pa_produkt-typ-zielfernrohr-montage","15":"first","16":"instock","17":"taxable","18":"shipping-taxable","19":"purchasable","20":"product-type-variable"},"bundled_by":[],"bundle_stock_status":"instock","bundle_stock_quantity":null,"bundle_virtual":false,"bundle_layout":"","bundle_add_to_cart_form_location":"","bundle_editable_in_cart":false,"bundle_sold_individually_context":"","bundle_item_grouping":"","bundle_min_size":"","bundle_max_size":"","bundle_price":[],"bundled_items":[],"bundle_sell_ids":[],"_links":{"self":[{"href":"https:\/\/ddoptics.shop\/cs\/wp-json\/wp\/v2\/product\/11736","targetHints":{"allow":["GET"]}}],"collection":[{"href":"https:\/\/ddoptics.shop\/cs\/wp-json\/wp\/v2\/product"}],"about":[{"href":"https:\/\/ddoptics.shop\/cs\/wp-json\/wp\/v2\/types\/product"}],"replies":[{"embeddable":true,"href":"https:\/\/ddoptics.shop\/cs\/wp-json\/wp\/v2\/comments?post=11736"}],"version-history":[{"count":3,"href":"https:\/\/ddoptics.shop\/cs\/wp-json\/wp\/v2\/product\/11736\/revisions"}],"predecessor-version":[{"id":27525,"href":"https:\/\/ddoptics.shop\/cs\/wp-json\/wp\/v2\/product\/11736\/revisions\/27525"}],"wp:featuredmedia":[{"embeddable":true,"href":"https:\/\/ddoptics.shop\/cs\/wp-json\/wp\/v2\/media\/11740"}],"wp:attachment":[{"href":"https:\/\/ddoptics.shop\/cs\/wp-json\/wp\/v2\/media?parent=11736"}],"wp:term":[{"taxonomy":"product_brand","embeddable":true,"href":"https:\/\/ddoptics.shop\/cs\/wp-json\/wp\/v2\/product_brand?post=11736"},{"taxonomy":"product_cat","embeddable":true,"href":"https:\/\/ddoptics.shop\/cs\/wp-json\/wp\/v2\/product_cat?post=11736"},{"taxonomy":"product_tag","embeddable":true,"href":"https:\/\/ddoptics.shop\/cs\/wp-json\/wp\/v2\/product_tag?post=11736"}],"curies":[{"name":"wp","href":"https:\/\/api.w.org\/{rel}","templated":true}]}}