{"id":11793,"date":"2017-09-27T20:07:26","date_gmt":"2017-09-27T18:07:26","guid":{"rendered":"https:\/\/optik-sport-shop.at\/?post_type=product&#038;p=11793"},"modified":"2025-10-07T11:06:51","modified_gmt":"2025-10-07T09:06:51","slug":"ddoptics-puskohled-2komma5-15x56-nfx-mrad","status":"publish","type":"product","link":"https:\/\/ddoptics.shop\/cs\/kaufen\/ddoptics-zielfernrohr-2komma5-15x56-nfx-mrad\/","title":{"rendered":"Pu\u0161kohled 2,5-15\u00d756 NFX od DDoptics | V6 | A4N | MRAD adjustment - Gen 3"},"content":{"rendered":"<div class=\"container section-title-container\" ><h3 class=\"section-title section-title-normal\"><b aria-hidden=\"true\"><\/b><span class=\"section-title-main\" ><i class=\"icon-cross\" aria-hidden=\"true\"><\/i>Stru\u010dn\u00fd p\u0159ehled Stru\u010dn\u00fd p\u0159ehled Pu\u0161kohled 2,5-15x56 s nastaven\u00edm kliknut\u00ed 1 cm \/ 100 m<\/span><b aria-hidden=\"true\"><\/b><\/h3><\/div>\n<table style=\"background-color: #cacaca;\">\n<tbody>\n<tr style=\"height: 24px;\">\n<td style=\"height: 24px; text-align: left; width: 20%;\"><strong>Trubka:<\/strong><\/td>\n<td style=\"height: 24px; text-align: left; width: 30%;\">30 mm mono trubice<\/td>\n<td style=\"height: 24px; text-align: left; width: 20%;\"><strong>Zorn\u00e9 pole: m @100m:<\/strong><\/td>\n<td style=\"height: 24px; text-align: left; width: 30%;\">14,7-2,5 m<\/td>\n<\/tr>\n<tr style=\"height: 24px;\">\n<td style=\"height: 24px; text-align: left; width: 20%;\"><strong>Optick\u00fd syst\u00e9m:<\/strong><\/td>\n<td style=\"height: 24px; text-align: left; width: 30%;\">2,5-15n\u00e1sobek<\/td>\n<td style=\"height: 24px; text-align: left; width: 20%;\"><strong>Mezipupil\u00e1rn\u00ed vzd\u00e1lenost:<\/strong><\/td>\n<td style=\"height: 24px; text-align: left; width: 30%;\">100 mm<\/td>\n<\/tr>\n<tr style=\"height: 24px;\">\n<td style=\"height: 24px; text-align: left; width: 20%;\"><strong>C\u00edl:<\/strong><\/td>\n<td style=\"height: 24px; text-align: left; width: 30%;\">56 mm<\/td>\n<td style=\"height: 24px; text-align: left; width: 20%;\"><strong>D\u00e9lka:<\/strong><\/td>\n<td style=\"height: 24px; text-align: left; width: 30%;\">372 mm<\/td>\n<\/tr>\n<tr style=\"height: 24px;\">\n<td style=\"height: 24px; text-align: left; width: 20%;\"><a href=\"https:\/\/de.wikipedia.org\/wiki\/Absehen\" target=\"_blank\" rel=\"noopener noreferrer\"><strong>Zam\u011b\u0159ova\u010d:<\/strong><\/a><\/td>\n<td style=\"height: 24px; text-align: left; width: 30%;\">Nov\u00fd zam\u011b\u0159ova\u010d 4<\/td>\n<td style=\"height: 24px; text-align: left; width: 20%;\"><strong>Hmotnost:<\/strong><\/td>\n<td style=\"height: 24px; text-align: left; width: 30%;\">759 g<\/td>\n<\/tr>\n<tr style=\"height: 24px;\">\n<td style=\"height: 24px; text-align: left; width: 20%;\"><strong>Sv\u011bteln\u00fd bod<\/strong><\/td>\n<td style=\"height: 24px; text-align: left; width: 30%;\">Standardn\u00ed nebo iFibre<\/td>\n<td style=\"height: 24px; text-align: left; width: 20%;\"><strong>Ochrana proti zaml\u017eov\u00e1n\u00ed:<\/strong><\/td>\n<td style=\"height: 24px; text-align: left; width: 30%;\">Dus\u00edkov\u00e1 n\u00e1pl\u0148 proti zaml\u017een\u00ed<\/td>\n<\/tr>\n<tr style=\"height: 24px;\">\n<td style=\"height: 24px; text-align: left; width: 20%;\"><strong>Zaost\u0159en\u00ed\/paralaxa:<\/strong><\/td>\n<td style=\"height: 24px; text-align: left; width: 30%;\">Nastaviteln\u00fd objektiv 20-500 m a\u017e nekone\u010dno<\/td>\n<td style=\"height: 24px; text-align: left; width: 20%;\"><strong>T\u011bsnost:<\/strong><\/td>\n<td style=\"height: 24px; text-align: left; width: 30%;\">Odolnost v\u016f\u010di vod\u011b a n\u00e1raz\u016fm<\/td>\n<\/tr>\n<\/tbody>\n<\/table>\n<div class=\"row\"  id=\"row-1385376165\">\n\n\t<div id=\"col-1729755485\" class=\"col medium-8 small-12 large-8\"  >\n\t\t\t\t<div class=\"col-inner\"  >\n\t\t\t\n\t\t\t\n<h2>Pu\u0161kohled 2,5-15\u00d756 NFX V6 od spole\u010dnosti DDoptics - v\u00fdkonn\u00fd pu\u0161kohled s 6n\u00e1sobn\u00fdm zoomem a kliknut\u00edm MRAD (1 cm\/klik - 100 m)<\/h2>\n<p><strong>Velk\u00e1 zv\u011bt\u0161en\u00ed <\/strong>s <strong>slab\u00e9 osv\u011btlen\u00ed<\/strong>,a tak\u00e9 s <strong>Velk\u00e9 zorn\u00e9 pole pro rychl\u00fd z\u00e1b\u011br<\/strong>, klade na konstrukt\u00e9ry optiky vysok\u00e9 n\u00e1roky.<\/p>\n<p>Lov ve velk\u00fdch poln\u00edch oblastech klade na optiku pu\u0161kohledu vysok\u00e9 n\u00e1roky. Velk\u00e9 zv\u011bt\u0161en\u00ed v\u0161ak umo\u017e\u0148uje spolehliv\u011b reagovat na velk\u00e9 vzd\u00e1lenosti. Pro konstrukci pu\u0161kohledu je proto velmi d\u016fle\u017eit\u00e9, aby se. <strong>Jas obrazu i p\u0159i velk\u00e9m zv\u011bt\u0161en\u00ed<\/strong> je st\u00e1le pou\u017eiteln\u00fd.<\/p>\n<p>P\u0159\u00edzniv\u00fd pohled do okul\u00e1ru pu\u0161kohledu, v\u00fdrazn\u011b zmen\u0161en\u00e1 okrajov\u00e1 plocha a \u0161irok\u00e9 zorn\u00e9 pole \u010din\u00ed tento \u00fa\u017easn\u00fd (za tuto cenu) pu\u0161kohled DDoptics zaj\u00edmav\u00fdm i pro st\u0159elbu na cest\u00e1ch.<\/p>\n<p>Velmi propracovan\u00e9 <strong>Optika pro pu\u0161kohledy HD od DDoptics<\/strong> nab\u00edz\u00ed extr\u00e9mn\u011b kontrastn\u00ed a barevn\u011b v\u011brn\u00fd obraz s vynikaj\u00edc\u00ed ostrost\u00ed od okraje k okraji i p\u0159i 15n\u00e1sobn\u00e9m zv\u011bt\u0161en\u00ed d\u00edky povrchov\u00e9 \u00faprav\u011b speci\u00e1ln\u011b vyvinut\u00e9 pro tento objektiv, kter\u00e1 nepropou\u0161t\u00ed \u017e\u00e1dn\u00e9 odrazy ani rozpt\u00fdlen\u00e9 sv\u011btlo. Zejm\u00e9na barevn\u00e9 t\u0159epen\u00ed bylo omezeno na minimum.<\/p>\n<p>Na str\u00e1nk\u00e1ch <a href=\"https:\/\/ddoptics.shop\/cs\/obchod\/teleskopicky-zamerovac-2\/v6-6x-zoom\/\" target=\"_blank\" rel=\"noopener noreferrer\">\u0161estin\u00e1sobn\u00e9 <strong>Teleskopick\u00fd zam\u011b\u0159ova\u010d <\/strong><\/a>spl\u0148uje v\u0161echny loveck\u00e9 po\u017eadavky, jako jsou<strong>\u00a0Stalking, skr\u00fdv\u00e1n\u00ed <\/strong>v byt\u011b a v<strong> Hory.<\/strong><\/p>\n\t\t<\/div>\n\t\t\t\t\t<\/div>\n\n\t\n\n\t<div id=\"col-2124642231\" class=\"col medium-4 small-12 large-4\"  >\n\t\t\t\t<div class=\"col-inner\"  >\n\t\t\t\n\t\t\t\n<a class=\"button primary expand\" >\n\t\t<span>Speci\u00e1ln\u00ed funkce pu\u0161kohledu<\/span>\n\t<\/a>\n\n\n\t<section class=\"section\" id=\"section_1191409879\">\n\t\t<div class=\"section-bg fill\" >\n\t\t\t\t\t\t\t\t\t<div class=\"section-bg-overlay absolute fill\"><\/div>\n\t\t\t\n\n\t\t<\/div>\n\n\t\t\n\n\t\t<div class=\"section-content relative\">\n\t\t\t\n\t<div class=\"img has-hover x md-x lg-x y md-y lg-y\" id=\"image_163705082\">\n\t\t<a class=\"\" href=\"https:\/\/www.ddoptics.de\/garantiebestimmungen\" target=\"_blank\" rel=\"no follow noopener\">\t\t\t\t\t\t<div class=\"img-inner dark\" >\n\t\t\t<img decoding=\"async\" width=\"352\" height=\"160\" src=\"https:\/\/ddoptics.shop\/wp-content\/uploads\/2014\/09\/DDoptics-Garantie.jpg\" class=\"attachment-large size-large\" alt=\"Z\u00e1ruka DDoptics\" srcset=\"https:\/\/ddoptics.shop\/wp-content\/uploads\/2014\/09\/DDoptics-Garantie.jpg 352w, https:\/\/ddoptics.shop\/wp-content\/uploads\/2014\/09\/DDoptics-Garantie-304x138.jpg 304w, https:\/\/ddoptics.shop\/wp-content\/uploads\/2014\/09\/DDoptics-Garantie-305x139.jpg 305w, https:\/\/ddoptics.shop\/wp-content\/uploads\/2014\/09\/DDoptics-Garantie-250x114.jpg 250w\" sizes=\"(max-width: 352px) 100vw, 352px\" title=\"\">\t\t\t\t\t\t\n\t\t\t\t\t<\/div>\n\t\t\t\t\t\t<\/a>\t\t\n<style>\n#image_163705082 {\n  width: 100%;\n}\n<\/style>\n\t<\/div>\n\t\n\t<div id=\"gap-1773255039\" class=\"gap-element clearfix\" style=\"display:block; height:auto;\">\n\t\t\n<style>\n#gap-1773255039 {\n  padding-top: 15px;\n}\n<\/style>\n\t<\/div>\n\t\n\t<div id=\"text-1405575417\" class=\"text\">\n\t\t\n<p><span style=\"font-size: 80%;\"><em>\u21d2 Zalo\u017eeno na Gen 3 - speci\u00e1ln\u00ed FX verze<br \/>\n\u21d2 FX = v\u011bt\u0161\u00ed zorn\u00e9 pole a lep\u0161\u00ed p\u0159ehled<br \/>\n\u21d2 Men\u0161\u00ed okrajov\u00e1 plocha v zobrazen\u00ed<br \/>\n\u21d2 kovov\u00e9 v\u011b\u017ei\u010dky pro nastaven\u00ed zam\u011b\u0159ova\u010de (\u017e\u00e1dn\u00e9 plastov\u00e9 jako u generace 2)<br \/>\n\u21d2 CT sklo (\u010dir\u00e1 propustnost) (n\u00edzk\u00fd rozptyl)<br \/>\n\u21d2 Dvojit\u00e9 m\u011b\u0159\u00edtko (dvoj\u00ed oto\u010den\u00ed)<br \/>\n\u21d2 Zerostop pro ASV (nulov\u00fd doraz)<br \/>\n<strong>\u21d2 Tvrd\u00fd taktick\u00fd mrad detent (1cm\/klik)<\/strong><br \/>\n<strong> \u21d2 dr\u00e1ha nastaven\u00ed 184 kliknut\u00ed = 1,8 m a\u017e 100 m<\/strong><br \/>\n\u21d2 nov\u00e1 konstrukce krou\u017eku pro nastaven\u00ed zv\u011bt\u0161en\u00ed<br \/>\n\u21d2 Nov\u00fd zam\u011b\u0159ova\u010d 4 s v\u00fdrazn\u011b jemn\u011bj\u0161\u00edmi \u010d\u00e1rkami<br \/>\n<\/em><\/span><br \/>\n\t\t\n<style>\n#text-1405575417 {\n  line-height: 1.15;\n  color: rgb(33, 107, 227);\n}\n#text-1405575417 > * {\n  color: rgb(33, 107, 227);\n}\n<\/style>\n\t<\/div>\n\t\n\t\t<\/div>\n\n\t\t\n<style>\n#section_1191409879 {\n  padding-top: 30px;\n  padding-bottom: 30px;\n  background-color: rgb(232, 232, 232);\n}\n#section_1191409879 .section-bg-overlay {\n  background-color: rgba(255,255,255,.5);\n}\n<\/style>\n\t<\/section>\n\t\n<div class=\"is-divider divider clearfix\" ><\/div>\n\t\t<\/div>\n\t\t\t\t\t<\/div>\n\n\t\n<\/div>\n\t<div class=\"img has-hover x md-x lg-x y md-y lg-y\" id=\"image_455615724\">\n\t\t\t\t\t\t\t\t<div class=\"img-inner dark\" >\n\t\t\t<img decoding=\"async\" width=\"800\" height=\"537\" src=\"https:\/\/ddoptics.shop\/wp-content\/uploads\/2019\/10\/technische-Zeichnung-DDoptics-2_5-15x56.jpg\" class=\"attachment-large size-large\" alt=\"Kreslen\u00ed DDoptics V4 2.5-10x56 NFX\" srcset=\"https:\/\/ddoptics.shop\/wp-content\/uploads\/2019\/10\/technische-Zeichnung-DDoptics-2_5-15x56.jpg 800w, https:\/\/ddoptics.shop\/wp-content\/uploads\/2019\/10\/technische-Zeichnung-DDoptics-2_5-15x56-304x204.jpg 304w, https:\/\/ddoptics.shop\/wp-content\/uploads\/2019\/10\/technische-Zeichnung-DDoptics-2_5-15x56-305x205.jpg 305w, https:\/\/ddoptics.shop\/wp-content\/uploads\/2019\/10\/technische-Zeichnung-DDoptics-2_5-15x56-632x424.jpg 632w, https:\/\/ddoptics.shop\/wp-content\/uploads\/2019\/10\/technische-Zeichnung-DDoptics-2_5-15x56-510x342.jpg 510w, https:\/\/ddoptics.shop\/wp-content\/uploads\/2019\/10\/technische-Zeichnung-DDoptics-2_5-15x56-250x168.jpg 250w\" sizes=\"(max-width: 800px) 100vw, 800px\" title=\"\">\t\t\t\t\t\t\n\t\t\t\t\t<\/div>\n\t\t\t\t\t\t\t\t\n<style>\n#image_455615724 {\n  width: 100%;\n}\n<\/style>\n\t<\/div>\n\t\n<h3>\u0160iroko\u00fahl\u00fd pu\u0161kohled DDoptics V6 2,5-15\u00d756 NFX pro loveck\u00e9 pu\u0161ky - se stupnic\u00ed MRAD<\/h3>\n<p>Stejn\u011b jako u model\u016f 3. generace je i u modelu V6 2,5-15\u00d756 NFX <strong>d\u016fsledn\u011b upustil od v\u0161ech plastov\u00fdch d\u00edl\u016f.\u00a0<\/strong>Mezi n\u00edzk\u00e9, <strong>Loveck\u00e9 v\u011b\u017ee s dvojit\u00fdm m\u011b\u0159\u00edtkem<\/strong> skr\u00fdv\u00e1 <strong>Vysoce p\u0159esn\u00fd a hladk\u00fd chod mechanismu<\/strong>, kter\u00e9 a\u017e dosud <strong>pouze ve verzi s pu\u0161kohledem Tactical<\/strong> byl nainstalov\u00e1n.<\/p>\n<p>V\u00fdhoda: M\u016f\u017eete se obej\u00edt bez ochrann\u00e9ho krytu p\u0159es nastaven\u00ed zam\u011b\u0159ova\u010de a m\u00edt tak k dispozici <strong>P\u0159\u00edstup k nastaven\u00ed zam\u011b\u0159ova\u010de kdykoli<\/strong> korigovat vzd\u00e1lenost st\u0159elby nebo rychlost v\u011btru.<\/p>\n<h3>Lov DDoptics A4N <a href=\"https:\/\/de.wikipedia.org\/wiki\/Absehen\" target=\"_blank\" rel=\"noopener sponsored\" data-schema-attribute=\"\">Osv\u011btlen\u00fd zam\u011b\u0159ova\u010d<\/a> s inteligentn\u00edm osv\u011btlen\u00fdm bodem IFiber<\/h3>\n<p>Na str\u00e1nk\u00e1ch <strong>6x pu\u0161kohled 2,5-15\u00d756 NFX<\/strong> m\u00e1 \u00fasp\u011b\u0161nou modern\u00ed mu\u0161ku 4-N, kter\u00e1 byla vyvinuta ve spolupr\u00e1ci s mnoha lovci.<\/p>\n<h3>Nov\u00fd zam\u011b\u0159ova\u010d A4N pro minim\u00e1ln\u00ed pokryt\u00ed c\u00edle<\/h3>\n<p>P\u0159i pohledu na nov\u00fd <strong>Pu\u0161kohled - generace 3<\/strong>\u00a0div\u00e1k okam\u017eit\u011b rozpozn\u00e1 praktick\u00fd design:<\/p>\n<ul>\n<li>Na str\u00e1nk\u00e1ch <strong>Zam\u011b\u0159ovac\u00ed k\u0159\u00ed\u017e v zam\u011b\u0159ova\u010di 4<\/strong> je <strong>mnohem jemn\u011bj\u0161\u00ed<\/strong> a pon\u011bkud siln\u011bj\u0161\u00ed vn\u011bj\u0161\u00ed nosn\u00edky jsou jen o polovinu siln\u011bj\u0161\u00ed a jsou od sebe v\u00fdrazn\u011b vzd\u00e1leny.<\/li>\n<li>To je velk\u00e1 v\u00fdhoda, zejm\u00e9na pro lovce za \u0161patn\u00fdch sv\u011bteln\u00fdch podm\u00ednek, proto\u017ee <strong>C\u00edl je jen minim\u00e1ln\u011b zakryt\u00fd<\/strong> a t\u00edm je optim\u00e1ln\u011b podpo\u0159eno bleskurychl\u00e9 a bezpe\u010dn\u00e9 zastaven\u00ed.<\/li>\n<\/ul>\n<p>M\u011b\u0159idlo je um\u00edst\u011bno v <strong>Obrazov\u00e1 rovina okul\u00e1ru (2. obrazov\u00e1 rovina)<\/strong>. S <strong>p\u0159i maxim\u00e1ln\u00edm patn\u00e1ctin\u00e1sobn\u00e9m zv\u011bt\u0161en\u00ed zam\u011b\u0159ovac\u00ed k\u0159\u00ed\u017e jen minim\u00e1ln\u011b zakr\u00fdv\u00e1 c\u00edl.<\/strong> Ka\u017ed\u00e9 kliknut\u00ed uprav\u00ed zam\u011b\u0159ova\u010d o 0,25 \u00fahlov\u00e9 minuty (MOA), tj. o 7,3 milimetru na 100 metr\u016f.<\/p>\n<h3>Celkov\u00fd rozsah nastaven\u00ed pu\u0161kohledu:<\/h3>\n<p>Pu\u0161kohled m\u00e1<strong> Taktick\u00e9 nastaven\u00ed 0,1 mrad<\/strong>. Pro u\u017eivatele to znamen\u00e1. <strong>Evropa jednoduch\u00e1 aplikace podle des\u00edtkov\u00e9 soustavy<\/strong>.<\/p>\n<p>Celkov\u00e1 dr\u00e1ha nastaven\u00ed na 100 m: 18,4 MRAD - 184 kliknut\u00ed - 1,8 m<\/p>\n<ul>\n<li>Dr\u00e1ha nastaven\u00ed \/ kliknut\u00ed na 100 m: 1 cm<\/li>\n<li>Dr\u00e1ha nastaven\u00ed \/ kliknut\u00ed p\u0159i 200 m: 2 cm<\/li>\n<li>Rozsah nastaven\u00ed \/ kliknut\u00ed na 300 m: 3 cm<\/li>\n<li>Dr\u00e1ha nastaven\u00ed \/ kliknut\u00ed p\u0159i 900 m: 9 cm<\/li>\n<\/ul>\n<h3>Robustn\u00ed mechanismus nastaven\u00ed zam\u011b\u0159ova\u010de pro n\u00e1ro\u010dn\u00e9 pou\u017eit\u00ed se Zerostopem a ASV<\/h3>\n<p>Na str\u00e1nk\u00e1ch <strong>V\u011b\u017ei\u010dky pro nastaven\u00ed zam\u011b\u0159ovac\u00ed optiky DDoptics<\/strong> 3. generace jsou vyrobeny z robustn\u00ed hlin\u00edkov\u00e9 slitiny a neobsahuj\u00ed \u017e\u00e1dn\u00e9 plastov\u00e9 d\u00edly. V\u0161echny <strong>Hlin\u00edkov\u00e9 d\u00edly<\/strong> s nov\u00fdm, neleskl\u00fdm, <strong>DDoptics jemn\u011b \u010dern\u011b eloxovan\u00fd povlak<\/strong> za p\u0159edpokladu, \u017ee.<\/p>\n<p>Na str\u00e1nk\u00e1ch <strong>Mechanismus nastaven\u00ed byl zm\u011bn\u011bn na verzi Tactical.<\/strong>, To znamen\u00e1, \u017ee je nejen vysoce odoln\u00fd proti n\u00e1raz\u016fm a zcela vodot\u011bsn\u00fd, ale tak\u00e9 hladce chod\u00edc\u00ed, a tud\u00ed\u017e chr\u00e1n\u011bn\u00fd proti necht\u011bn\u00e9mu nastaven\u00ed. To znamen\u00e1, \u017ee nastaven\u00ed zam\u011b\u0159ova\u010de lze pou\u017e\u00edvat i \u201eotev\u0159en\u00e9\u201c p\u0159i ka\u017edodenn\u00edm lovu, tj. bez \u0161roubovac\u00ed krytky, aby bylo mo\u017en\u00e9 rychle nastavit zam\u011b\u0159ova\u010d v z\u00e1vislosti na situaci.<\/p>\n<h3>Rychl\u00e9 nastaven\u00ed zam\u011b\u0159ova\u010de pu\u0161kohledu s funkc\u00ed Zerostop<\/h3>\n<p>Na <strong>Dvojit\u00e1 stupnice (Doubleturn) na v\u011b\u017ei\u010dce elevace zam\u011b\u0159ova\u010de<\/strong> lze ode\u010d\u00edst po\u010det proveden\u00fdch nastaven\u00ed kliknut\u00edm a podle toho je nastavit. Po v\u00fdst\u0159elu lze nastaven\u00ed zam\u011b\u0159ova\u010de \u201evynulovat\u201c a krou\u017eek Zerostop se pak oto\u010d\u00ed, kam a\u017e to p\u016fjde. Nastaven\u00ed nuly se pak uprav\u00ed pomoc\u00ed<strong> Zerostop krou\u017eky proti zespodu<\/strong> aby se zastavil v nulov\u00e9 poloze.<\/p>\n<p>Od nulov\u00e9 polohy - za p\u0159edpokladu znalosti zna\u010den\u00ed - m\u016f\u017eete <strong>R\u016fzn\u00e9 vzd\u00e1lenosti st\u0159elby pomoc\u00ed syst\u00e9mu zna\u010den\u00ed<\/strong> Bo\u010dn\u00ed se\u0159izovac\u00ed v\u011b\u017e je ozna\u010dena dv\u011bma protilehl\u00fdmi stupnicemi; od nulov\u00e9ho nastaven\u00ed se stupnice<strong> Zam\u011b\u0159ova\u010d v z\u00e1vislosti na sm\u011bru a s\u00edle v\u011btru<\/strong> nebo lze p\u0159ednastavit libovoln\u00fd pohyb c\u00edle.<\/p>","protected":false},"excerpt":{"rendered":"<p><img decoding=\"async\" class=\"alignnone wp-image-10452 size-full\" title=\"Sportovn\u00ed st\u0159elba\" src=\"https:\/\/ddoptics.shop\/wp-content\/uploads\/2016\/07\/Target-Schiessen.jpg\" alt=\"St\u0159elba na ter\u010d\" width=\"50\" height=\"50\" \/><img decoding=\"async\" class=\"alignnone wp-image-10168 size-full\" title=\"Lov na stoj\u00e1ka\" src=\"https:\/\/ddoptics.shop\/wp-content\/uploads\/2016\/09\/Jagd-klein.jpg\" alt=\"Loveck\u00e9 dalekohledy\" width=\"50\" height=\"50\" \/><img decoding=\"async\" class=\"alignnone wp-image-10178 size-full\" title=\"Lov v hor\u00e1ch\" src=\"https:\/\/ddoptics.shop\/wp-content\/uploads\/2016\/04\/Gebirgsjagd-klein.jpg\" alt=\"Horsk\u00e9 loveck\u00e9 dalekohledy\" width=\"50\" height=\"50\" \/><br \/>\nNov\u00e1, extr\u00e9mn\u011b zam\u011b\u0159en\u00e1 optika, kter\u00e1 <strong>t\u00e9m\u011b\u0159 v\u0161echny loveck\u00e9 oblasti<\/strong> pokryto. Od lov\u016f na hony p\u0159es lovy na skr\u00fd\u0161 a\u017e po lovy v hor\u00e1ch - a\u017e po posledn\u00ed v\u00fdst\u0159el. D\u00edky propustnosti sv\u011btla a\u017e 96%! <strong>Voliteln\u011b s inteligentn\u00edm <a title=\"NOVINKA DDoptics IFiber osv\u011btlen\u00e1 te\u010dka\" href=\"\/cs\/technicky-termin-wiki\/inteligentni-ddoptics-ifiber-light-point\/\" target=\"_blank\" rel=\"noopener noreferrer\">Sv\u011bteln\u00fd bod IFibre<\/a> za p\u0159\u00edplatek pouh\u00fdch 99,- \u20ac.<\/strong><\/p>\n<a href=\"https:\/\/amzn.to\/3Pp05dH\" target=\"_blank\" class=\"button success is-success is-small\" rel=\"\u201dnofollow\u201d noopener\" >\n\t\t<span>z\u00e1kazn\u00edk amazonu? - vyu\u017e\u00edv\u00e1te v\u00fdhody prime?<\/span>\n\t<\/a>","protected":false},"featured_media":12191,"comment_status":"open","ping_status":"closed","template":"","meta":{"inline_featured_image":false,"footnotes":""},"product_brand":[],"product_cat":[555,454,638,697,917,640,919,637,68],"product_tag":[556,78,80,698,79],"class_list":{"0":"post-11793","1":"product","2":"type-product","3":"status-publish","4":"has-post-thumbnail","6":"product_cat-25-15x56","7":"product_cat-56-mm-objektivdurchmesser","8":"product_cat-ansitzjagd","9":"product_cat-mrad-klickverstellung","10":"product_cat-nfx-zielfernrohre-weitwinkel-zf","11":"product_cat-pirschjagd-und-gebirgsjagd","12":"product_cat-v6-6-fach-zoom","13":"product_cat-zf-anwendung","14":"product_cat-zielfernrohr","15":"product_tag-2-5-15x56","16":"product_tag-ddoptics","17":"product_tag-gen-3","18":"product_tag-mrad-1-cm-klickverstellung","19":"product_tag-zielfernrohr","20":"product_shipping_class-paket","21":"pa_brand-marke-ddoptics","22":"pa_produkt-typ-zielfernrohr","24":"first","25":"instock","26":"sale","27":"taxable","28":"shipping-taxable","29":"purchasable","30":"product-type-bundle"},"bundled_by":[],"bundle_stock_status":"instock","bundle_stock_quantity":34,"bundle_virtual":false,"bundle_layout":"default","bundle_add_to_cart_form_location":"default","bundle_editable_in_cart":false,"bundle_sold_individually_context":"product","bundle_item_grouping":"parent","bundle_min_size":"","bundle_max_size":"","bundle_price":{"price":{"min":{"incl_tax":"1168.01","excl_tax":"973.34"},"max":{"incl_tax":"1272.32","excl_tax":"1060.26"}},"regular_price":{"min":{"incl_tax":"1298.01","excl_tax":"1081.68"},"max":{"incl_tax":"1413.9","excl_tax":"1178.25"}}},"bundled_items":[{"bundled_item_id":66,"product_id":12809,"menu_order":0,"quantity_min":1,"quantity_max":1,"quantity_default":1,"priced_individually":true,"shipped_individually":false,"override_title":true,"title":"","override_description":false,"description":"","optional":false,"hide_thumbnail":true,"discount":"","override_variations":true,"allowed_variations":[12810,12811],"override_default_variation_attributes":false,"default_variation_attributes":[],"single_product_visibility":"visible","cart_visibility":"visible","order_visibility":"visible","single_product_price_visibility":"visible","cart_price_visibility":"visible","order_price_visibility":"visible","stock_status":"in_stock"},{"bundled_item_id":67,"product_id":12812,"menu_order":1,"quantity_min":1,"quantity_max":1,"quantity_default":1,"priced_individually":true,"shipped_individually":false,"override_title":true,"title":"T\u00e9m\u011b\u0159 d\u00e1rek - flipov\u00e9 \u010depice","override_description":false,"description":"","optional":true,"hide_thumbnail":false,"discount":"68.55","override_variations":true,"allowed_variations":[12819],"override_default_variation_attributes":true,"default_variation_attributes":[{"id":17,"name":"Velikost pu\u0161kohledu","option":"25-15x56"}],"single_product_visibility":"visible","cart_visibility":"visible","order_visibility":"visible","single_product_price_visibility":"visible","cart_price_visibility":"visible","order_price_visibility":"visible","stock_status":"in_stock"}],"bundle_sell_ids":[],"_links":{"self":[{"href":"https:\/\/ddoptics.shop\/cs\/wp-json\/wp\/v2\/product\/11793","targetHints":{"allow":["GET"]}}],"collection":[{"href":"https:\/\/ddoptics.shop\/cs\/wp-json\/wp\/v2\/product"}],"about":[{"href":"https:\/\/ddoptics.shop\/cs\/wp-json\/wp\/v2\/types\/product"}],"replies":[{"embeddable":true,"href":"https:\/\/ddoptics.shop\/cs\/wp-json\/wp\/v2\/comments?post=11793"}],"version-history":[{"count":15,"href":"https:\/\/ddoptics.shop\/cs\/wp-json\/wp\/v2\/product\/11793\/revisions"}],"predecessor-version":[{"id":29220,"href":"https:\/\/ddoptics.shop\/cs\/wp-json\/wp\/v2\/product\/11793\/revisions\/29220"}],"wp:featuredmedia":[{"embeddable":true,"href":"https:\/\/ddoptics.shop\/cs\/wp-json\/wp\/v2\/media\/12191"}],"wp:attachment":[{"href":"https:\/\/ddoptics.shop\/cs\/wp-json\/wp\/v2\/media?parent=11793"}],"wp:term":[{"taxonomy":"product_brand","embeddable":true,"href":"https:\/\/ddoptics.shop\/cs\/wp-json\/wp\/v2\/product_brand?post=11793"},{"taxonomy":"product_cat","embeddable":true,"href":"https:\/\/ddoptics.shop\/cs\/wp-json\/wp\/v2\/product_cat?post=11793"},{"taxonomy":"product_tag","embeddable":true,"href":"https:\/\/ddoptics.shop\/cs\/wp-json\/wp\/v2\/product_tag?post=11793"}],"curies":[{"name":"wp","href":"https:\/\/api.w.org\/{rel}","templated":true}]}}