{"id":11798,"date":"2017-09-27T20:08:50","date_gmt":"2017-09-27T18:08:50","guid":{"rendered":"https:\/\/optik-sport-shop.at\/?post_type=product&#038;p=11798"},"modified":"2026-04-14T09:57:54","modified_gmt":"2026-04-14T07:57:54","slug":"rozsah-cerakotoveho-povlaku","status":"publish","type":"product","link":"https:\/\/ddoptics.shop\/cs\/kaufen\/cerakote-beschichtung-zielfernrohr\/","title":{"rendered":"Povlak Cerakote pro pu\u0161kohledy DDoptics - r\u016fzn\u00e9 barvy"},"content":{"rendered":"<h2>Povrchov\u00e1 \u00faprava Cerakote | Povrchov\u00e1 \u00faprava na m\u00edru pro va\u0161e pu\u0161kohledy DDoptics | Antikorozn\u00ed ochrana va\u0161\u00ed zbran\u011b<\/h2>\n<div class=\"row\"  id=\"row-394979352\">\n\n\t<div id=\"col-2028822427\" class=\"col medium-8 small-12 large-8\"  >\n\t\t\t\t<div class=\"col-inner\"  >\n\t\t\t\n\t\t\t\n<p>Na\u0161im z\u00e1kazn\u00edk\u016fm nab\u00edz\u00edme mo\u017enost nechat si v\u0161echny pu\u0161kohledy individu\u00e1ln\u011b pokovit r\u016fzn\u00fdmi barvami.<\/p>\n<p>Pou\u017e\u00edv\u00e1me pouze vysoce kvalitn\u00ed <strong>Keramick\u00e9 povlaky z <a href=\"https:\/\/www.cerakote.com\/project-gallery\" target=\"_blank\" rel=\"noopener sponsored nofollow\">Cerakote<\/a><\/strong> pou\u017e\u00edv\u00e1. Krom\u011b osobn\u00edho designu nab\u00edz\u00ed toto pota\u017een\u00ed rovn\u011b\u017e jedine\u010dn\u00e9 povrchov\u00e9 vlastnosti, jako je <strong>vysok\u00e1 odolnost proti od\u011bru, optim\u00e1ln\u00ed chemick\u00e1 odolnost a vysok\u00e1 odolnost proti po\u0161kr\u00e1b\u00e1n\u00ed.<\/strong><\/p>\n<p>D\u00edky tomu z\u00edsk\u00e1te skute\u010dn\u00fd upgrade pu\u0161kohledu. Povlak je mo\u017en\u00fd pro nov\u00e9 i pou\u017eit\u00e9 pu\u0161kohledy od DDoptics.<\/p>\n<p>V sou\u010dasn\u00e9 dob\u011b m\u016f\u017eeme nab\u00eddnout 12 r\u016fzn\u00fdch barev.<\/p>\n<p>TIP: Cerakote povlaky pro zbran\u011b a tuning se vyr\u00e1b\u00ed v <strong><a href=\"https:\/\/www.verex-tactical.com\/galerie\/\" target=\"_blank\" rel=\"noopener\">VEREX Tactical<\/a> <\/strong>profesion\u00e1ln\u011b a s pot\u011b\u0161en\u00edm.<\/p>\n<h3>Keramick\u00fd povlak Cerakote zaji\u0161\u0165uje jedine\u010dn\u00fd vzhled a optim\u00e1ln\u00ed ochranu proti korozi.<\/h3>\n<p>Cerakote je extr\u00e9mn\u011b odoln\u00fd povlak vyvinut\u00fd v USA (zemi zbran\u00ed) speci\u00e1ln\u011b pro zbran\u011b, kter\u00fd je k dispozici v mnoha barevn\u00fdch kombinac\u00edch.<\/p>\n<p>Krom\u011b po\u017eadovan\u00e9ho vizu\u00e1ln\u00edho vylep\u0161en\u00ed je zbra\u0148 opat\u0159ena povrchem, kter\u00fd ji chr\u00e1n\u00ed p\u0159ed v\u0161emi vlivy prost\u0159ed\u00ed a v\u00fdrazn\u011b prodlu\u017euje \u017eivotnost zbran\u011b p\u0159en\u00e1\u0161en\u00e9 venku.<\/p>\n<blockquote><p>D\u00edky povrchov\u00e9 \u00faprav\u011b Cerakote si m\u016f\u017eete ze sv\u00e9 zbran\u011b vytvo\u0159it n\u011bco zcela individu\u00e1ln\u00edho, a to v\u010detn\u011b zam\u011b\u0159ova\u010de a mont\u00e1\u017ee zam\u011b\u0159ova\u010de.<\/p><\/blockquote>\n<h3>Stru\u010dn\u00e9 vysv\u011btlen\u00ed procesu povrchov\u00e9 \u00fapravy zbran\u00ed Cerakote<\/h3>\n<p>Po odma\u0161t\u011bn\u00ed acetonovou l\u00e1zn\u00ed se demontovan\u00e9 \u010d\u00e1sti zbran\u011b p\u00edskuj\u00ed v p\u00edskovac\u00ed kabin\u011b pomoc\u00ed <strong>odstran\u011bn\u00ed star\u00e9ho modr\u00e1n\u00ed nebo dokonce bleskov\u00e9 rzi<\/strong> a pota\u017eeny tenkou vrstvou Cerakote v barv\u00e1ch podle va\u0161eho v\u00fdb\u011bru.<\/p>\n<blockquote><p>Po n\u011bkolika zku\u0161ebn\u00edch j\u00edzd\u00e1ch jsme na\u0161li i ide\u00e1ln\u00ed zp\u016fsob, jak prov\u00e9st trvalou povrchovou \u00fapravu i s pu\u0161kohledem + mont\u00e1\u017e\u00ed.<\/p><\/blockquote>\n<p>Odoln\u00fd<strong> Keramick\u00fd lak z USA<\/strong> z\u00edsk\u00e1 svou kone\u010dnou pevnost dvouhodinov\u00fdm vypalov\u00e1n\u00edm ve speci\u00e1ln\u00ed vypalovac\u00ed komo\u0159e.<\/p>\n<p>Cerakote nab\u00edz\u00ed nejlep\u0161\u00ed ochranu proti korozi, v\u00fdrazn\u00fd vzhled a zvy\u0161uje hodnotu va\u0161\u00ed zbran\u011b.<\/p>\n<h3>P\u0159esv\u011bd\u010div\u00fd extr\u00e9mn\u00ed test se zbran\u00ed s cerakotov\u00fdm povlakem v divo\u010din\u011b<\/h3>\n\t\t<\/div>\n\t\t\t\t\t<\/div>\n\n\t\n\n\t<div id=\"col-1810480031\" class=\"col medium-4 small-12 large-4\"  >\n\t\t\t\t<div class=\"col-inner\"  >\n\t\t\t\n\t\t\t\n<a class=\"button primary expand\" >\n\t\t<span>Zvl\u00e1\u0161tn\u00ed vlastnosti povlaku Keramic<\/span>\n\t<i class=\"icon-checkmark\" aria-hidden=\"true\"><\/i><\/a>\n\n<ul>\n<li>Povrchov\u00e1 \u00faprava na m\u00edru<\/li>\n<li>Vysoce kvalitn\u00ed keramick\u00e9 povlaky od spole\u010dnosti Cerakote<\/li>\n<li>Vysok\u00e1 odolnost proti od\u011bru<\/li>\n<li>Optim\u00e1ln\u00ed chemick\u00e1 odolnost<\/li>\n<li>Vysok\u00e1 odolnost proti po\u0161kr\u00e1b\u00e1n\u00ed<\/li>\n<li>pro nov\u00e9 a pou\u017eit\u00e9 pu\u0161kohledy od DDoptics zakoupen\u00e9 u n\u00e1s<\/li>\n<li>v sou\u010dasn\u00e9 dob\u011b je k dispozici 12 r\u016fzn\u00fdch barev<\/li>\n<\/ul>\n\t<div class=\"img has-hover x md-x lg-x y md-y lg-y\" id=\"image_1591001921\">\n\t\t<a class=\"image-lightbox lightbox-gallery\" title=\"\" href=\"https:\/\/ddoptics.shop\/wp-content\/uploads\/2023\/05\/Cerakote-Waffe-ZF.webp\">\t\t\t\t\t\t<div class=\"img-inner dark\" >\n\t\t\t<img decoding=\"async\" width=\"600\" height=\"800\" src=\"https:\/\/ddoptics.shop\/wp-content\/uploads\/2023\/05\/Cerakote-Waffe-ZF.webp\" class=\"attachment-large size-large\" alt=\"Cerakote zbra\u0148 + teleskopick\u00fd zam\u011b\u0159ova\u010d\" srcset=\"https:\/\/ddoptics.shop\/wp-content\/uploads\/2023\/05\/Cerakote-Waffe-ZF.webp 600w, https:\/\/ddoptics.shop\/wp-content\/uploads\/2023\/05\/Cerakote-Waffe-ZF-304x405.webp 304w, https:\/\/ddoptics.shop\/wp-content\/uploads\/2023\/05\/Cerakote-Waffe-ZF-270x360.webp 270w\" sizes=\"(max-width: 600px) 100vw, 600px\" title=\"\">\t\t\t\t\t\t\n\t\t\t\t\t\t\t<div class=\"caption\">Testovac\u00ed pu\u0161ka Cerakote + zam\u011b\u0159ova\u010d<\/div>\n\t\t\t\t\t<\/div>\n\t\t\t\t\t\t<\/a>\t\t\n<style>\n#image_1591001921 {\n  width: 100%;\n}\n<\/style>\n\t<\/div>\n\t\n\t\t<\/div>\n\t\t\t\t\t<\/div>\n\n\t\n<\/div>\n<div class=\"video video-fit mb\" style=\"padding-top:56.25%;\"><p><iframe title=\"Venkovn\u00ed test koroze Cerakote | \u010casov\u00fd \u00fasek 15+ m\u011bs\u00edc\u016f\" width=\"1020\" height=\"574\" src=\"https:\/\/www.youtube.com\/embed\/v4GSDrkZMyE?feature=oembed\" frameborder=\"0\" allow=\"accelerometer; autoplay; clipboard-write; encrypted-media; gyroscope; picture-in-picture; web-share\" referrerpolicy=\"strict-origin-when-cross-origin\" allowfullscreen><\/iframe><\/p>\n<\/div>\n<h3>Pro\u010d je Cerakote ide\u00e1ln\u00ed pro loveck\u00e9 pu\u0161ky<\/h3>\n<p>Na str\u00e1nk\u00e1ch <strong>G\u00e9niov\u00e9 z Cerakote<\/strong> skute\u010dn\u011b na\u0161li zp\u016fsob, jak tento neuv\u011b\u0159iteln\u011b tenk\u00fd povlak u\u010dinit neuv\u011b\u0159iteln\u011b siln\u00fdm.<\/p>\n<p>Tenk\u00e1 vrstva chr\u00e1n\u00ed v\u0161echny d\u00edly - v\u010detn\u011b pohybliv\u00fdch - p\u0159ed b\u011b\u017en\u00fdm opot\u0159eben\u00edm.<\/p>\n<p>Povlak je tak\u00e9 pom\u011brn\u011b necitliv\u00fd na <strong>Voda, mo\u0159sk\u00e1 voda<\/strong> a p\u00edsku. <strong>Cerakote prakticky \u201cuhas\u00ed\u201d \u017eivly<\/strong> a zabra\u0148uje rezav\u011bn\u00ed zbran\u011b nebo jin\u00e9mu po\u0161kozen\u00ed koroz\u00ed.<\/p>\n<div class=\"video video-fit mb\" style=\"padding-top:56.25%;\"><p><iframe title=\"Korozn\u00ed test | ASTM B117 | Cerakote vs. \u010dern\u00fd nitrid\" width=\"1020\" height=\"574\" src=\"https:\/\/www.youtube.com\/embed\/XFMbZEWO1-o?feature=oembed\" frameborder=\"0\" allow=\"accelerometer; autoplay; clipboard-write; encrypted-media; gyroscope; picture-in-picture; web-share\" referrerpolicy=\"strict-origin-when-cross-origin\" allowfullscreen><\/iframe><\/p>\n<\/div>\n<p>A Cerakote je t\u00e9m\u011b\u0159 <strong>Univerz\u00e1ln\u00ed povlak:<\/strong> Dodr\u017euje <strong>Kov, plast, polymer a d\u0159evo.<\/strong><\/p>\n<blockquote><p>Ceracote je o n\u011bkolik let nap\u0159ed oproti historick\u00fdm metod\u00e1m ochrany zbran\u00ed, jako je klasick\u00e9 mod\u0159en\u00ed, kter\u00e9 funguje pouze na kov.<\/p><\/blockquote>\n<p>Cerakote se nan\u00e1\u0161\u00ed extr\u00e9mn\u011b tence a t\u00e9m\u011b\u0159 nezp\u016fsobuje probl\u00e9my s p\u0159\u00edsn\u00fdmi tolerancemi.<\/p>\n<h3>D\u016fle\u017eit\u00e9 informace o ochrann\u00e9m povlaku Cerakote:<\/h3>\n<ul>\n<li>Cokoli, co je nat\u0159eno nebo lehce nalakov\u00e1no, se b\u011bhem \u010di\u0161t\u011bn\u00ed a nan\u00e1\u0161en\u00ed n\u00e1t\u011bru ztrat\u00ed. Tyto zna\u010dky nelze zachovat jinak ne\u017e \u010dist\u00fdm maskov\u00e1n\u00edm.<\/li>\n<li>Cerakote je navr\u017een tak, aby se jin\u00e9 <strong>V\u011bci se na n\u011bj nedaj\u00ed dob\u0159e p\u0159ilepit<\/strong>. To m\u016f\u017ee b\u00fdt v\u00fdhoda i nev\u00fdhoda.<\/li>\n<li>Po nanesen\u00ed povrchov\u00e9 \u00fapravy Cerakote se d\u00edly um\u00edst\u00ed do <strong>Vytvrzovac\u00ed pec podle norem Cerakote<\/strong> pe\u010den\u00e9. P\u0159\u00edpadn\u00e1 citlivost na teplo mus\u00ed b\u00fdt objasn\u011bna p\u0159\u00edpad od p\u0159\u00edpadu.<\/li>\n<li>Po upe\u010den\u00ed se d\u00edly vyjmou z trouby a zchlad\u00ed. Pot\u00e9 se d\u00edly zkontroluj\u00ed, zda maj\u00ed spr\u00e1vnou tlou\u0161\u0165ku povlaku, vzhled a omak. Pokud n\u011bco nesed\u00ed, v\u0161e za\u010d\u00edn\u00e1 znovu.<\/li>\n<\/ul>","protected":false},"excerpt":{"rendered":"<p><strong>Na m\u00edru a osobn\u011b. Dodac\u00ed lh\u016fta p\u0159ibli\u017en\u011b 2-3 t\u00fddny - <a href=\"https:\/\/ddoptics.shop\/cs\/puskohled-s-cerakotovou-povrchovou-upravou\/\">Ke zpr\u00e1v\u011b ZDE<\/a><\/strong><\/p>\n<p><strong><span style=\"color: #ed1c24;\">Pozor: Servis pouze pro pu\u0161kohledy zakoupen\u00e9 u n\u00e1s!!!<\/span><br \/>\n<\/strong>Vzhledem k tomu, \u017ee se jedn\u00e1 o <strong>Propracovan\u00e9 p\u0159izp\u016fsoben\u00ed pu\u0161kohledu<\/strong> dodac\u00ed lh\u016fta je a\u017e 3 t\u00fddny (spole\u010dn\u011b s objedn\u00e1vkou ZF nebo po obdr\u017een\u00ed optiky zakoupen\u00e9 u n\u00e1s). R\u00e1di bychom v\u00e1s tak\u00e9 upozornili, \u017ee u individualizovan\u00fdch v\u00fdrobk\u016f a objedn\u00e1vek je pr\u00e1vo na odstoupen\u00ed od smlouvy obecn\u011b vylou\u010deno!<\/p>","protected":false},"featured_media":26538,"comment_status":"open","ping_status":"closed","template":"","meta":{"inline_featured_image":false,"footnotes":""},"product_brand":[],"product_cat":[68],"product_tag":[1129,683,684],"class_list":{"0":"post-11798","1":"product","2":"type-product","3":"status-publish","4":"has-post-thumbnail","6":"product_cat-zielfernrohr","7":"product_tag-cerakote","8":"product_tag-zielfernrohr-beschichtung","9":"product_tag-zielfernrohr-farben","10":"product_shipping_class-paket","11":"pa_brand-marke-ddoptics","12":"pa_produkt-typ-zielfernrohr","14":"first","15":"outofstock","16":"taxable","17":"shipping-taxable","18":"purchasable","19":"product-type-variable","20":"has-default-attributes"},"bundled_by":["11816","11830","11926"],"bundle_stock_status":"outofstock","bundle_stock_quantity":null,"bundle_virtual":false,"bundle_layout":"","bundle_add_to_cart_form_location":"","bundle_editable_in_cart":false,"bundle_sold_individually_context":"","bundle_item_grouping":"","bundle_min_size":"","bundle_max_size":"","bundle_price":[],"bundled_items":[],"bundle_sell_ids":[],"_links":{"self":[{"href":"https:\/\/ddoptics.shop\/cs\/wp-json\/wp\/v2\/product\/11798","targetHints":{"allow":["GET"]}}],"collection":[{"href":"https:\/\/ddoptics.shop\/cs\/wp-json\/wp\/v2\/product"}],"about":[{"href":"https:\/\/ddoptics.shop\/cs\/wp-json\/wp\/v2\/types\/product"}],"replies":[{"embeddable":true,"href":"https:\/\/ddoptics.shop\/cs\/wp-json\/wp\/v2\/comments?post=11798"}],"version-history":[{"count":22,"href":"https:\/\/ddoptics.shop\/cs\/wp-json\/wp\/v2\/product\/11798\/revisions"}],"predecessor-version":[{"id":26609,"href":"https:\/\/ddoptics.shop\/cs\/wp-json\/wp\/v2\/product\/11798\/revisions\/26609"}],"wp:featuredmedia":[{"embeddable":true,"href":"https:\/\/ddoptics.shop\/cs\/wp-json\/wp\/v2\/media\/26538"}],"wp:attachment":[{"href":"https:\/\/ddoptics.shop\/cs\/wp-json\/wp\/v2\/media?parent=11798"}],"wp:term":[{"taxonomy":"product_brand","embeddable":true,"href":"https:\/\/ddoptics.shop\/cs\/wp-json\/wp\/v2\/product_brand?post=11798"},{"taxonomy":"product_cat","embeddable":true,"href":"https:\/\/ddoptics.shop\/cs\/wp-json\/wp\/v2\/product_cat?post=11798"},{"taxonomy":"product_tag","embeddable":true,"href":"https:\/\/ddoptics.shop\/cs\/wp-json\/wp\/v2\/product_tag?post=11798"}],"curies":[{"name":"wp","href":"https:\/\/api.w.org\/{rel}","templated":true}]}}