{"id":12196,"date":"2018-01-16T15:22:54","date_gmt":"2018-01-16T14:22:54","guid":{"rendered":"https:\/\/ddoptics.shop\/?post_type=product&#038;p=12196"},"modified":"2025-10-07T11:14:41","modified_gmt":"2025-10-07T09:14:41","slug":"nighteagle-hdx-2komma5-10x56-gen-3","status":"publish","type":"product","link":"https:\/\/ddoptics.shop\/cs\/kaufen\/nighteagle-hdx-2komma5-10x56-gen-3\/","title":{"rendered":"Pu\u0161kohled DDoptics Nighteagle 2,5-10\u00d756 | V4 | A4N | MRAD adjustment - Gen 3"},"content":{"rendered":"<div class=\"container section-title-container\" ><h3 class=\"section-title section-title-normal\"><b aria-hidden=\"true\"><\/b><span class=\"section-title-main\" ><i class=\"icon-cross\" aria-hidden=\"true\"><\/i>Stru\u010dn\u00fd p\u0159ehled Pu\u0161kohled DDoptics 2,5-10x56 Gen 3 MRAD<\/span><b aria-hidden=\"true\"><\/b><\/h3><\/div>\n<table style=\"background-color: #cacaca; width: 100%;\">\n<tbody>\n<tr style=\"height: 24px;\">\n<td style=\"height: 24px; width: 20%;\"><strong>Trubka<\/strong><\/td>\n<td style=\"height: 24px; width: 30%;\">30 mm mono trubice<\/td>\n<td style=\"height: 24px; width: 20%;\"><strong>Zorn\u00e9 pole: m @100m<\/strong><\/td>\n<td style=\"height: 24px; width: 30%;\">12,6-3,4 m<\/td>\n<\/tr>\n<tr style=\"height: 24px;\">\n<td style=\"height: 24px; width: 20%;\"><strong>Optick\u00fd syst\u00e9m<\/strong><\/td>\n<td style=\"height: 24px; width: 30%;\">2,5-10kr\u00e1t<\/td>\n<td style=\"height: 24px; width: 20%;\"><strong>Mezipupil\u00e1rn\u00ed vzd\u00e1lenost<\/strong><\/td>\n<td style=\"height: 24px; width: 30%;\">102 mm<\/td>\n<\/tr>\n<tr style=\"height: 24px;\">\n<td style=\"height: 24px; width: 20%;\"><strong>Objektiv<\/strong><\/td>\n<td style=\"height: 24px; width: 30%;\">56 mm<\/td>\n<td style=\"height: 24px; width: 20%;\"><strong>D\u00e9lka<\/strong><\/td>\n<td style=\"height: 24px; width: 30%;\">349 mm<\/td>\n<\/tr>\n<tr style=\"height: 24px;\">\n<td style=\"height: 24px; width: 20%;\"><strong>S\u00ed\u0165ka<\/strong><\/td>\n<td style=\"height: 24px; width: 30%;\">4<\/td>\n<td style=\"height: 24px; width: 20%;\"><strong>Hmotnost<\/strong><\/td>\n<td style=\"height: 24px; width: 30%;\">670 g<\/td>\n<\/tr>\n<tr style=\"height: 24px;\">\n<td style=\"height: 24px; width: 20%;\"><strong>Sv\u011bteln\u00fd bod<\/strong><\/td>\n<td style=\"height: 24px; width: 30%;\">Standardn\u00ed nebo iFibre<\/td>\n<td style=\"height: 24px; width: 20%;\"><strong>Ochrana proti ml\u017een\u00ed<\/strong><\/td>\n<td style=\"height: 24px; width: 30%;\">Dus\u00edkov\u00e1 n\u00e1pl\u0148 proti zaml\u017een\u00ed<\/td>\n<\/tr>\n<tr style=\"height: 24px;\">\n<td style=\"height: 24px; width: 20%;\"><strong>Zaost\u0159en\u00ed\/paralaxa<\/strong><\/td>\n<td style=\"height: 24px; width: 30%;\">Nastaviteln\u00fd objektiv 25 m a\u017e nekone\u010dno<\/td>\n<td style=\"height: 24px; width: 20%;\"><strong>T\u011bsnost<\/strong><\/td>\n<td style=\"height: 24px; width: 30%;\">Odolnost v\u016f\u010di vod\u011b a n\u00e1raz\u016fm<\/td>\n<\/tr>\n<\/tbody>\n<\/table>\n<div class=\"row\"  id=\"row-1036635209\">\n\n\t<div id=\"col-995348741\" class=\"col medium-8 small-12 large-8\"  >\n\t\t\t\t<div class=\"col-inner\"  >\n\t\t\t\n\t\t\t\n<h2>Pu\u0161kohled DDoptics Nighteagle 2,5-10\u00d756 V4 - v\u00fdkonn\u00fd pu\u0161kohled se 4\u00d7 zoomem a nastaven\u00edm MRAD click (1 cm\/klik - 100 m)<\/h2>\n<p>Na str\u00e1nk\u00e1ch <strong>nov\u00fd Nighteagle 2,5-10\u00d756 Gen 3 s nastaven\u00edm MRAD click<\/strong> a <a href=\"https:\/\/ddoptics.shop\/cs\/obchod\/teleskopicky-zamerovac-2\/v4-4x-zoom\/\" target=\"_blank\" rel=\"noopener noreferrer\">4x zoom<\/a> je v\u00fdsledkem v\u00fdvoje, jeho\u017e c\u00edlem je vytvo\u0159it <strong>\u00da\u010dinn\u00fd a v\u00fdkonn\u00fd pu\u0161kohled<\/strong> pro nep\u0159\u00edzniv\u00e9 sv\u011bteln\u00e9 podm\u00ednky a pro pou\u017eit\u00ed za soumraku a v noci.<\/p>\n<p>Na str\u00e1nk\u00e1ch <strong>Nereflexn\u00ed optika<\/strong> nab\u00edz\u00ed mimo\u0159\u00e1dn\u011b <strong>Jasn\u00fd, kontrastn\u00ed a v\u011brn\u00fd obraz<\/strong> s vynikaj\u00edc\u00edmi vlastnostmi pro definov\u00e1n\u00ed hran.<\/p>\n<p>V kombinaci s novou osnovou 4 a \u0161pi\u010dkov\u00fdm osv\u011btlen\u00fdm bodem je Nighteagle 2,5-10\u00d756 dokonal\u00fdm univerz\u00e1ln\u00edm pu\u0161kohledem pro p\u0159esnou st\u0159elbu.<\/p>\n<h3>2,5-10\u00d756 ZF Nighteagle Gen 3 - p\u0159enos sv\u011btla se \u0161pi\u010dkov\u00fdmi hodnotami<\/h3>\n<p>Na str\u00e1nk\u00e1ch<strong> Nereflexn\u00ed optika<\/strong> nab\u00edz\u00ed <strong>Extr\u00e9mn\u011b jasn\u00fd, vysoce kontrastn\u00ed a v\u011brn\u00fd barevn\u00fd obraz<\/strong> s fantastick\u00fdm <strong>Vlastnosti ostrosti hran<\/strong>. Vzhledem k <strong>minim\u00e1ln\u00ed slo\u017eka fale\u0161n\u00e9ho sv\u011btla<\/strong> ani podsv\u00edcen\u00ed neru\u0161\u00ed. Str\u00e1nka <strong>P\u0159enos sv\u011btla dosahuje ve dne maxim\u00e1ln\u00ed hodnoty 94,7 % a v noci 93 %.<\/strong> kter\u00e9 umo\u017e\u0148uj\u00ed spolehlivou odezvu a\u017e do posledn\u00edho v\u00fdst\u0159elu ve ve\u010dern\u00edch hodin\u00e1ch.<\/p>\n\t\t<\/div>\n\t\t\t\t\t<\/div>\n\n\t\n\n\t<div id=\"col-636064605\" class=\"col medium-4 small-12 large-4\"  >\n\t\t\t\t<div class=\"col-inner\"  >\n\t\t\t\n\t\t\t\n<a class=\"button primary expand\" >\n\t\t<span>Speci\u00e1ln\u00ed funkce pu\u0161kohledu<\/span>\n\t<\/a>\n\n\n\t<section class=\"section\" id=\"section_572203021\">\n\t\t<div class=\"section-bg fill\" >\n\t\t\t\t\t\t\t\t\t<div class=\"section-bg-overlay absolute fill\"><\/div>\n\t\t\t\n\n\t\t<\/div>\n\n\t\t\n\n\t\t<div class=\"section-content relative\">\n\t\t\t\n\t<div class=\"img has-hover x md-x lg-x y md-y lg-y\" id=\"image_399839909\">\n\t\t<a class=\"\" href=\"https:\/\/www.ddoptics.de\/garantiebestimmungen\" target=\"_blank\" rel=\"no follow noopener\">\t\t\t\t\t\t<div class=\"img-inner dark\" >\n\t\t\t<img decoding=\"async\" width=\"352\" height=\"160\" src=\"https:\/\/ddoptics.shop\/wp-content\/uploads\/2014\/09\/DDoptics-Garantie.jpg\" class=\"attachment-large size-large\" alt=\"Z\u00e1ruka DDoptics\" srcset=\"https:\/\/ddoptics.shop\/wp-content\/uploads\/2014\/09\/DDoptics-Garantie.jpg 352w, https:\/\/ddoptics.shop\/wp-content\/uploads\/2014\/09\/DDoptics-Garantie-304x138.jpg 304w, https:\/\/ddoptics.shop\/wp-content\/uploads\/2014\/09\/DDoptics-Garantie-305x139.jpg 305w, https:\/\/ddoptics.shop\/wp-content\/uploads\/2014\/09\/DDoptics-Garantie-250x114.jpg 250w\" sizes=\"(max-width: 352px) 100vw, 352px\" title=\"\">\t\t\t\t\t\t\n\t\t\t\t\t<\/div>\n\t\t\t\t\t\t<\/a>\t\t\n<style>\n#image_399839909 {\n  width: 100%;\n}\n<\/style>\n\t<\/div>\n\t\n\t<div id=\"gap-340190721\" class=\"gap-element clearfix\" style=\"display:block; height:auto;\">\n\t\t\n<style>\n#gap-340190721 {\n  padding-top: 15px;\n}\n<\/style>\n\t<\/div>\n\t\n\t<div id=\"text-3440926341\" class=\"text\">\n\t\t\n<p><span style=\"font-size: 80%;\"><em>\u21d2 DDMP - DDoptics Match Precision<br \/>\n\u21d2 ide\u00e1ln\u00ed pro n\u00e1ro\u010dn\u00e9 st\u0159elce<br \/>\n\u21d2 rozsah nastaven\u00ed 30 MRAD umo\u017e\u0148uje extr\u00e9mn\u011b dlouh\u00e9 z\u00e1b\u011bry<br \/>\n\u21d2 Robustn\u00ed 34mm trubka<br \/>\n\u21d2 velk\u00e9 kovov\u00e9 taktick\u00e9 v\u011b\u017ee (bez plastu)<br \/>\n\u21d2 Dvojit\u00e9 m\u011b\u0159\u00edtko (dvoj\u00ed oto\u010den\u00ed)<br \/>\n\u21d2 Intern\u00ed nulov\u00fd doraz pro ASV (nulov\u00fd doraz)<br \/>\n\u21d2 Tvrd\u00fd taktick\u00fd detent 0,1 MRAD click (1cm\/click)<br \/>\n\u21d2 jedna ot\u00e1\u010dka = 10 MRAD<br \/>\n\u21d2 Nov\u00fd zam\u011b\u0159ova\u010d tacA v 1. ohniskov\u00e9 rovin\u011b<br \/>\n\u21d2 V\u00fdkonn\u00e9 vyrovn\u00e1v\u00e1n\u00ed paralaxy pomoc\u00ed 25-1000-\u221e<br \/>\n<\/em><\/span><\/p>\n\t\t\n<style>\n#text-3440926341 {\n  line-height: 1.15;\n  color: rgb(33, 107, 227);\n}\n#text-3440926341 > * {\n  color: rgb(33, 107, 227);\n}\n<\/style>\n\t<\/div>\n\t\n\t\t<\/div>\n\n\t\t\n<style>\n#section_572203021 {\n  padding-top: 30px;\n  padding-bottom: 30px;\n  background-color: rgb(232, 232, 232);\n}\n#section_572203021 .section-bg-overlay {\n  background-color: rgba(255,255,255,.5);\n}\n<\/style>\n\t<\/section>\n\t\n<div class=\"is-divider divider clearfix\" ><\/div>\n\t\t<\/div>\n\t\t\t\t\t<\/div>\n\n\t\n<\/div>\n\t<div class=\"img has-hover x md-x lg-x y md-y lg-y\" id=\"image_2055430234\">\n\t\t\t\t\t\t\t\t<div class=\"img-inner dark\" >\n\t\t\t<img decoding=\"async\" width=\"1020\" height=\"492\" src=\"https:\/\/ddoptics.shop\/wp-content\/uploads\/2016\/04\/2_5-10x56-1600x772.jpg\" class=\"attachment-large size-large\" alt=\"Pu\u0161kohled DDoptics 2,5-10x56\" srcset=\"https:\/\/ddoptics.shop\/wp-content\/uploads\/2016\/04\/2_5-10x56-1600x772.jpg 1600w, https:\/\/ddoptics.shop\/wp-content\/uploads\/2016\/04\/2_5-10x56-scaled-304x147.jpg 304w, https:\/\/ddoptics.shop\/wp-content\/uploads\/2016\/04\/2_5-10x56-scaled-305x147.jpg 305w, https:\/\/ddoptics.shop\/wp-content\/uploads\/2016\/04\/2_5-10x56-scaled-632x305.jpg 632w, https:\/\/ddoptics.shop\/wp-content\/uploads\/2016\/04\/2_5-10x56-800x386.jpg 800w, https:\/\/ddoptics.shop\/wp-content\/uploads\/2016\/04\/2_5-10x56-scaled-250x121.jpg 250w, https:\/\/ddoptics.shop\/wp-content\/uploads\/2016\/04\/2_5-10x56-scaled-510x246.jpg 510w\" sizes=\"(max-width: 1020px) 100vw, 1020px\" title=\"\">\t\t\t\t\t\t\n\t\t\t\t\t<\/div>\n\t\t\t\t\t\t\t\t\n<style>\n#image_2055430234 {\n  width: 100%;\n}\n<\/style>\n\t<\/div>\n\t\n<h3>Nov\u011b vyvinut\u00fd syst\u00e9m A4N \u201czam\u011b\u0159ova\u010d 4 na 2. ohniskov\u00e9 rovin\u011b\u201d<\/h3>\n<p>Na str\u00e1nk\u00e1ch <strong>nov\u011b vyvinut\u00fd \u201cNov\u00fd zam\u011b\u0159ova\u010d 4\u201d <\/strong>od spole\u010dnosti DDoptics <strong>v\u00edce prostoru pro \u010distou reakci.<br \/>\n<\/strong><\/p>\n<figure id=\"attachment_1951\" aria-describedby=\"caption-attachment-1951\" style=\"width: 250px\" class=\"wp-caption alignright\"><a href=\"https:\/\/ddoptics.shop\/wp-content\/uploads\/2016\/04\/Neues-DDoptics-Absehen.jpg\" rel=\"attachment wp-att-1951\"><img decoding=\"async\" class=\"wp-image-1951\" src=\"https:\/\/ddoptics.shop\/wp-content\/uploads\/2016\/04\/Neues-DDoptics-Absehen-340x340.jpg\" alt=\"Nov\u00fd zam\u011b\u0159ova\u010d DDoptics 4\" width=\"250\" height=\"199\" title=\"\" srcset=\"https:\/\/ddoptics.shop\/wp-content\/uploads\/2016\/04\/Neues-DDoptics-Absehen-304x242.jpg 304w, https:\/\/ddoptics.shop\/wp-content\/uploads\/2016\/04\/Neues-DDoptics-Absehen-305x243.jpg 305w, https:\/\/ddoptics.shop\/wp-content\/uploads\/2016\/04\/Neues-DDoptics-Absehen-632x503.jpg 632w, https:\/\/ddoptics.shop\/wp-content\/uploads\/2016\/04\/Neues-DDoptics-Absehen.jpg 800w, https:\/\/ddoptics.shop\/wp-content\/uploads\/2016\/04\/Neues-DDoptics-Absehen-250x199.jpg 250w, https:\/\/ddoptics.shop\/wp-content\/uploads\/2016\/04\/Neues-DDoptics-Absehen-510x406.jpg 510w\" sizes=\"(max-width: 250px) 100vw, 250px\" \/><\/a><figcaption id=\"caption-attachment-1951\" class=\"wp-caption-text\">Nov\u00fd zam\u011b\u0159ova\u010d DDoptics 4<\/figcaption><\/figure>\n<p>Abyste mohli <strong>Rozhoduj\u00edc\u00ed v\u00fdhoda d\u00edky \u201cv\u011bt\u0161\u00ed vizi\u201d<\/strong> Spole\u010dnost DDoptics zmen\u0161ila tlust\u00e9 pruhy na polovinu b\u011b\u017en\u00e9 tlou\u0161\u0165ky 4 a zdvojn\u00e1sobila vzd\u00e1lenost (st\u0159ed) mezi tlust\u00fdmi pruhy.<\/p>\n<p><strong>Cel\u00fd obr\u00e1zek vypad\u00e1 <\/strong>s nov\u00fdm<strong> Nov\u00fd zam\u011b\u0159ovac\u00ed dalekohled 4 jasn\u011bj\u0161\u00ed, v\u011bt\u0161\u00ed a z\u0159eteln\u011bj\u0161\u00ed.<\/strong> P\u0159esto je zam\u011b\u0159ova\u010d dob\u0159e viditeln\u00fd i v noci.<\/p>\n<p>Nov\u00fd zam\u011b\u0159ova\u010d 4 se nach\u00e1z\u00ed v <strong>Obrazov\u00e1 rovina okul\u00e1ru (2. obrazov\u00e1 rovina)<\/strong> a z\u016fst\u00e1v\u00e1 tak u <strong>Zm\u011bna zv\u011bt\u0161en\u00ed je v\u017edy stejn\u011b velk\u00e1.<\/strong><\/p>\n<p>Na str\u00e1nk\u00e1ch <strong>Pu\u0161kohled DDoptics m\u00e1 taktick\u00e9 nastaven\u00ed 0,1 MRAD<\/strong>, Tj. <strong>na kliknut\u00ed<\/strong> na <strong>Zam\u011b\u0159ova\u010d o 0,1 MRAD, tj. o 1 centimetr na 100 metr\u016f<\/strong>.<\/p>\n<p>Pro u\u017eivatele v Evrop\u011b to znamen\u00e1 jednoduch\u00e9 pou\u017eit\u00ed v des\u00edtkov\u00e9 soustav\u011b. Nastaven\u00ed kliknut\u00edm pracuje s absolutn\u00ed p\u0159esnost\u00ed opakov\u00e1n\u00ed a po vlo\u017een\u00ed lze jednodu\u0161e vynulovat stupnici.<\/p>\n<p>Celkov\u00fd rozsah nastaven\u00ed zam\u011b\u0159ova\u010de:<\/p>\n<ul>\n<li>26.0 MRAD - 260 kliknut\u00ed - 2,6 m<\/li>\n<li>Dr\u00e1ha nastaven\u00ed \/ kliknut\u00ed na 100 m: 1 cm<\/li>\n<li>Dr\u00e1ha nastaven\u00ed \/ kliknut\u00ed p\u0159i 200 m: 2 cm<\/li>\n<li>Rozsah nastaven\u00ed \/ kliknut\u00ed na 300 m: 3 cm<\/li>\n<li>Dr\u00e1ha nastaven\u00ed \/ kliknut\u00ed p\u0159i 600 m: 6 cm<\/li>\n<\/ul>\n<p>Na str\u00e1nk\u00e1ch <strong>Nastaven\u00ed kliknut\u00edm funguje s absolutn\u00ed p\u0159esnost\u00ed opakov\u00e1n\u00ed<\/strong> a lze je po v\u00fdst\u0159elu vynulovat (v p\u0159\u00edpad\u011b pou\u017eit\u00ed v\u00edce n\u00e1boj\u016f). Na str\u00e1nk\u00e1ch <strong>Bo\u010dn\u00ed nivelace paralaxy<\/strong> (20 yard\u016f do nekone\u010dna) <strong>Chr\u00e1n\u00ed p\u0159ed \u00fahlov\u00fdmi pohledy<\/strong> a tak\u00e9 zaji\u0161\u0165uje ostr\u00fd obraz bez \u00fanavy p\u0159i v\u0161ech nastaven\u00edch zv\u011bt\u0161en\u00ed.<\/p>\n<h3>Robustn\u00ed zpracov\u00e1n\u00ed, jednoduch\u00e1 instalace<\/h3>\n<p>Na str\u00e1nk\u00e1ch <strong>DDoptics Nighteagle 2,5-10\u00d756 Gen 3 je pln\u011bn\u00fd dus\u00edkem, a proto je zcela vodot\u011bsn\u00fd<\/strong> <strong>a chr\u00e1n\u011bn\u00e9 p\u0159ed vnit\u0159n\u00edm kov\u00e1n\u00edm.<\/strong> Teleskopick\u00fd zam\u011b\u0159ova\u010d (pr\u016fm\u011br: 30 mm, d\u00e9lka: 349 mm, hmotnost: 670 g) je vyroben z jednoho kusu duralu a tvrd\u011b eloxov\u00e1n. Tento nov\u00fd typ povrchov\u00e9 \u00fapravy je mimo\u0159\u00e1dn\u011b hladk\u00fd, odpuzuje ne\u010distoty a je extr\u00e9mn\u011b odoln\u00fd proti po\u0161kr\u00e1b\u00e1n\u00ed.<\/p>\n<h3>Jemn\u011b stm\u00edvateln\u00e1 osv\u011btlen\u00e1 te\u010dka lunety<\/h3>\n<p>Na str\u00e1nk\u00e1ch <strong>Sv\u011bteln\u00fd bod ze sklen\u011bn\u00fdch vl\u00e1ken<\/strong>, (voliteln\u011b, za p\u0159\u00edplatek 99 \u20ac, tak\u00e9 v syst\u00e9mu <strong>automatick\u00e1 verze IFiber<\/strong> k dispozici) od spole\u010dnosti DDoptics je vybaven zcela p\u0159epracovan\u00fdmi elektronick\u00fdmi obvody a je dostate\u010dn\u011b mal\u00fd, aby minimalizoval zakryt\u00ed c\u00edle.<\/p>\n<p>D\u00edky <strong>technologie optick\u00fdch vl\u00e1ken, sv\u011bteln\u00fd bod se ztlum\u00ed na vysokou hodnotu.<\/strong> nejen tmav\u0161\u00ed, ale tak\u00e9 jemn\u011bj\u0161\u00ed. Na str\u00e1nk\u00e1ch <strong>Sv\u011bteln\u00fd bod lze plynule ztlumit o 100 %,<\/strong> dokud u\u017e nen\u00ed viditeln\u00fd lidsk\u00fdm okem.<\/p>\n<p>Zam\u011b\u0159ova\u010d pak funguje jako ter\u010dov\u00e1 optika bez sv\u011bteln\u00e9 jednotky. S <strong>aktivovan\u00e1 sv\u00edt\u00edc\u00ed te\u010dka<\/strong> V optice zase nedoch\u00e1z\u00ed k nep\u0159\u00edjemn\u00e9mu sv\u00edcen\u00ed nebo odraz\u016fm. Vzhledem k tomu, \u017ee se osv\u011btlovac\u00ed jednotka vyr\u00e1b\u00ed ru\u010dn\u011b, lze individu\u00e1ln\u011b zohlednit zvl\u00e1\u0161tn\u00ed po\u017eadavky z\u00e1kazn\u00edka.<\/p>\n<h3>Teleskopick\u00fd zam\u011b\u0159ova\u010d - o\u010dn\u00ed reli\u00e9f a nastaven\u00ed dioptri\u00ed<\/h3>\n<p>O\u010dn\u00ed reli\u00e9f je v\u00edce ne\u017e dostate\u010dn\u00fd 100 mm. Pro <strong>pro cel\u00fd rozsah zv\u011bt\u0161en\u00ed je zapot\u0159eb\u00ed pouze p\u016fl ot\u00e1\u010dky.<\/strong>. Nastaven\u00ed dioptri\u00ed (-3 a\u017e +3) lze snadno prov\u00e9st na pogumovan\u00e9m konci okul\u00e1ru pomoc\u00ed \u017eebrov\u00e1n\u00ed.<\/p>","protected":false},"excerpt":{"rendered":"<p><img decoding=\"async\" class=\"alignnone wp-image-10168 size-full\" title=\"Lov divok\u00fdch prasat\" src=\"https:\/\/ddoptics.shop\/wp-content\/uploads\/2016\/09\/Jagd-klein.jpg\" alt=\"Loveck\u00e9 dalekohledy\" width=\"50\" height=\"50\" \/><img decoding=\"async\" class=\"alignnone wp-image-10166 size-full\" title=\"No\u010dn\u00ed lov\" src=\"https:\/\/ddoptics.shop\/wp-content\/uploads\/2016\/09\/Astronomie-klein.jpg\" alt=\"Astronomick\u00e9 dalekohledy\" width=\"50\" height=\"50\" \/><a href=\"https:\/\/ddoptics.shop\/wp-content\/uploads\/2016\/04\/Ansitz-Jagd.jpg\"><img decoding=\"async\" class=\"alignnone wp-image-10471 size-full\" title=\"Lov na stoj\u00e1ka\" src=\"https:\/\/ddoptics.shop\/wp-content\/uploads\/2016\/04\/Ansitz-Jagd.jpg\" alt=\"Lov na stoj\u00e1ka\" width=\"50\" height=\"50\" \/><\/a><br \/>\nNa str\u00e1nk\u00e1ch <strong>Univerz\u00e1ln\u00ed pu\u0161kohled Nighteagle 2,5-10\u00d756 Gen 3 s vysokou sv\u011btelnost\u00ed<\/strong>\u00a0s <strong>4x zoom a <span style=\"color: #ff0000;\">nov\u011b vyvinut\u00fd zam\u011b\u0159ova\u010d 4<\/span> p\u0159esv\u011bd\u010den <\/strong>d\u00edky sv\u00e9 v\u0161estrannosti p\u0159i sledov\u00e1n\u00ed a posedu zv\u011b\u0159e. <strong>Voliteln\u011b s inteligentn\u00edm <a title=\"NOVINKA DDoptics IFiber osv\u011btlen\u00e1 te\u010dka\" href=\"\/cs\/technicky-termin-wiki\/inteligentni-ddoptics-ifiber-light-point\/\" target=\"_blank\" rel=\"noopener noreferrer\">Sv\u011bteln\u00fd bod IFibre<\/a> za p\u0159\u00edplatek pouh\u00fdch 99,- \u20ac.<\/strong><\/p>","protected":false},"featured_media":12201,"comment_status":"open","ping_status":"closed","template":"","meta":{"inline_featured_image":false,"footnotes":""},"product_brand":[],"product_cat":[477,454,949,638,697,918,637,68],"product_tag":[165,78,80,698,1098,79],"class_list":{"0":"post-12196","1":"product","2":"type-product","3":"status-publish","4":"has-post-thumbnail","6":"product_cat-25-10x56","7":"product_cat-56-mm-objektivdurchmesser","8":"product_cat-messeaktion","9":"product_cat-ansitzjagd","10":"product_cat-mrad-klickverstellung","11":"product_cat-v4-4fach-zoom","12":"product_cat-zf-anwendung","13":"product_cat-zielfernrohr","14":"product_tag-2-5-10x56","15":"product_tag-ddoptics","16":"product_tag-gen-3","17":"product_tag-mrad-1-cm-klickverstellung","18":"product_tag-nighteagle","19":"product_tag-zielfernrohr","20":"product_shipping_class-paket","21":"pa_brand-marke-ddoptics","22":"pa_produkt-typ-zielfernrohr","24":"first","25":"instock","26":"sale","27":"taxable","28":"shipping-taxable","29":"purchasable","30":"product-type-bundle"},"bundled_by":[],"bundle_stock_status":"instock","bundle_stock_quantity":43,"bundle_virtual":false,"bundle_layout":"default","bundle_add_to_cart_form_location":"default","bundle_editable_in_cart":false,"bundle_sold_individually_context":"product","bundle_item_grouping":"parent","bundle_min_size":"","bundle_max_size":"","bundle_price":{"price":{"min":{"incl_tax":"896.01","excl_tax":"746.68"},"max":{"incl_tax":"1000.32","excl_tax":"833.6"}},"regular_price":{"min":{"incl_tax":"944.01","excl_tax":"786.68"},"max":{"incl_tax":"1059.9","excl_tax":"883.25"}}},"bundled_items":[{"bundled_item_id":64,"product_id":12809,"menu_order":0,"quantity_min":1,"quantity_max":1,"quantity_default":1,"priced_individually":true,"shipped_individually":false,"override_title":true,"title":"","override_description":false,"description":"","optional":false,"hide_thumbnail":true,"discount":"","override_variations":true,"allowed_variations":[12810,12811],"override_default_variation_attributes":false,"default_variation_attributes":[],"single_product_visibility":"visible","cart_visibility":"visible","order_visibility":"visible","single_product_price_visibility":"visible","cart_price_visibility":"visible","order_price_visibility":"visible","stock_status":"in_stock"},{"bundled_item_id":65,"product_id":12812,"menu_order":1,"quantity_min":1,"quantity_max":1,"quantity_default":1,"priced_individually":true,"shipped_individually":false,"override_title":true,"title":"T\u00e9m\u011b\u0159 d\u00e1rek - flipov\u00e9 \u010depice","override_description":false,"description":"","optional":true,"hide_thumbnail":false,"discount":"68.55","override_variations":true,"allowed_variations":[12816],"override_default_variation_attributes":true,"default_variation_attributes":[{"id":17,"name":"Velikost pu\u0161kohledu","option":"25-10x56"}],"single_product_visibility":"visible","cart_visibility":"visible","order_visibility":"visible","single_product_price_visibility":"visible","cart_price_visibility":"visible","order_price_visibility":"visible","stock_status":"in_stock"}],"bundle_sell_ids":[],"_links":{"self":[{"href":"https:\/\/ddoptics.shop\/cs\/wp-json\/wp\/v2\/product\/12196","targetHints":{"allow":["GET"]}}],"collection":[{"href":"https:\/\/ddoptics.shop\/cs\/wp-json\/wp\/v2\/product"}],"about":[{"href":"https:\/\/ddoptics.shop\/cs\/wp-json\/wp\/v2\/types\/product"}],"replies":[{"embeddable":true,"href":"https:\/\/ddoptics.shop\/cs\/wp-json\/wp\/v2\/comments?post=12196"}],"version-history":[{"count":14,"href":"https:\/\/ddoptics.shop\/cs\/wp-json\/wp\/v2\/product\/12196\/revisions"}],"predecessor-version":[{"id":29224,"href":"https:\/\/ddoptics.shop\/cs\/wp-json\/wp\/v2\/product\/12196\/revisions\/29224"}],"wp:featuredmedia":[{"embeddable":true,"href":"https:\/\/ddoptics.shop\/cs\/wp-json\/wp\/v2\/media\/12201"}],"wp:attachment":[{"href":"https:\/\/ddoptics.shop\/cs\/wp-json\/wp\/v2\/media?parent=12196"}],"wp:term":[{"taxonomy":"product_brand","embeddable":true,"href":"https:\/\/ddoptics.shop\/cs\/wp-json\/wp\/v2\/product_brand?post=12196"},{"taxonomy":"product_cat","embeddable":true,"href":"https:\/\/ddoptics.shop\/cs\/wp-json\/wp\/v2\/product_cat?post=12196"},{"taxonomy":"product_tag","embeddable":true,"href":"https:\/\/ddoptics.shop\/cs\/wp-json\/wp\/v2\/product_tag?post=12196"}],"curies":[{"name":"wp","href":"https:\/\/api.w.org\/{rel}","templated":true}]}}