{"id":12591,"date":"2018-06-13T11:56:31","date_gmt":"2018-06-13T09:56:31","guid":{"rendered":"https:\/\/ddoptics.shop\/?post_type=product&#038;p=12591"},"modified":"2026-04-13T20:41:26","modified_gmt":"2026-04-13T18:41:26","slug":"dalekohledy-ddoptics-10x56-stalker-gen-3-zelena-sada","status":"publish","type":"product","link":"https:\/\/ddoptics.shop\/cs\/kaufen\/ddoptics-fernglas-10x56-pirschler-gen-3-gruen-set\/","title":{"rendered":"Dalekohledy DDoptics 10\u00d756 Pirschler Gen. 3 - zelen\u00e1 sada"},"content":{"rendered":"[vc_row][vc_column width=&#8221;2\/3&#8243;][vc_column_text]\n<h2>Das Fernglas Pirschler 10&#215;56 Gen 3 von DDoptics \u00a0&#8211; eines der hellsten Ferngl\u00e4ser in seiner Klasse<\/h2>\n<p>Das neue <strong>ultrahelle und serh robuste<\/strong>\u00a0Nacht- &amp; Jagdfernglas Pirschler 10&#215;56 mit Abbe-K\u00f6nig Prismen und Magnesium Body\u00a0ist die lange erwartete Neuauflage des sehr erfolgreichen DDoptics Fernglases Pirschler 10&#215;56 Gen. 2.<\/p>\n<p>Neben Verbesserungen der <strong>optischen Eigenschaften<\/strong>, ist dieses <strong>Fernglas besonders auf Langlebigkeit<\/strong> konzipiert.\u00a0Modernste Materialien und Fertigungsverfahren aus dem Flugzeugbau haben dieses 10&#215;56 Fernglas dar\u00fcber hinaus auch noch deutlich leichter werden lassen als das Vorg\u00e4ngermodell.<\/p>\n<h3>Stabilit\u00e4t und Robustheit des Pirschler 10\u00d756 Fernglases<\/h3>\n<p>An dem neuen<strong> \u201ePirschler\u201c-Fernglas<\/strong> findet sich (die Stativschutzkappe ausgenommen) kein Gramm Kunststoff. Weder am K\u00f6rper selbst, noch an Verschlei\u00dfteilen.<\/p>\n<p>Der Body und die Br\u00fccke sind aus einer ultraharten aber extrem leichten Magnesiumlegierung aus dem Flugzeugbau und machen das Fernglas nahezu unzerbrechlich.\u00a0Zus\u00e4tzlicher Vorteil: Das Magnesium senkt das Gesamtgewicht um stattliche 70 g auf 1.150 g.[\/vc_column_text][\/vc_column][vc_column width=&#8221;1\/3&#8243;][ultimate_info_table design_style=&#8221;design02&#8243; color_scheme=&#8221;blue&#8221; package_heading=&#8221;Besonderheiten Fernglas&#8221; heading_font_color=&#8221;#ffffff&#8221; features_font_color=&#8221;#1e73be&#8221; features_font_style=&#8221;font-style:italic;&#8221; features_font_size=&#8221;desktop:12px;&#8221;]\n<p style=\"text-align: left;\"><a href=\"https:\/\/www.ddoptics.de\/garantiebestimmungen\" target=\"_blank\" rel=\"noopener noreferrer\"><img decoding=\"async\" class=\"alignleft wp-image-9270 size-full\" title=\"Garantiebestimmungen lesen\" src=\"https:\/\/ddoptics.shop\/wp-content\/uploads\/2014\/09\/DDoptics-Garantie.jpg\" alt=\"DDoptics Garantie\" width=\"352\" height=\"160\" srcset=\"https:\/\/ddoptics.shop\/wp-content\/uploads\/2014\/09\/DDoptics-Garantie.jpg 352w, https:\/\/ddoptics.shop\/wp-content\/uploads\/2014\/09\/DDoptics-Garantie-304x138.jpg 304w, https:\/\/ddoptics.shop\/wp-content\/uploads\/2014\/09\/DDoptics-Garantie-305x139.jpg 305w, https:\/\/ddoptics.shop\/wp-content\/uploads\/2014\/09\/DDoptics-Garantie-250x114.jpg 250w\" sizes=\"(max-width: 352px) 100vw, 352px\" \/><\/a>\u21d2 Gr\u00fcne Armierung<br \/>\n\u21d2 Fernglas mit ABBE K\u00d6NIG Prismen<br \/>\n\u21d2 Unverw\u00fcstlicher Magnesium (Mg) Metallk\u00f6rper<br \/>\n\u21d2 80g leichter als das Vorg\u00e4ngermodell (durch Mg)<br \/>\n\u21d2 Okulare &amp; Augenmuscheln aus Metall<br \/>\n\u21d2 Fokussierrad und getrennter Diopter aus Metall<br \/>\n\u21d2 Augenmuscheln mit deutlichen Rasterstufen<br \/>\n\u21d2 Komplett neue Optik mit CT Glas<br \/>\n\u21d2 Deutlich verbesserte Aufl\u00f6sung<br \/>\n\u21d2 Deutlich heller als das Vorg\u00e4ngermodell<br \/>\n\u21d2 114 m Sehfeld f\u00fcr angenehmes Abglasen<br \/>\n\u21d2 Best Grip Designkonzept f\u00fcr Rutschfestigkeit<br \/>\n\u21d2 Druckwasserdicht bis 50cm<br \/>\n\u21d2 Raindefender Nano &#8211; Lotus Verg\u00fctung<\/p>\n[\/ultimate_info_table][\/vc_column][\/vc_row][vc_row][vc_column][vc_progress_bar values=&#8221;%5B%7B%22label%22%3A%22Fernglas%20D%C3%A4mmerungsleistung%22%2C%22value%22%3A%2295%22%2C%22customcolor%22%3A%22%23c37139%22%2C%22customtxtcolor%22%3A%22%23ffffff%22%7D%2C%7B%22label%22%3A%22Fernglas%20Aufl%C3%B6sung%22%2C%22value%22%3A%2290%22%2C%22customcolor%22%3A%22%23c37139%22%2C%22customtxtcolor%22%3A%22%23ffffff%22%7D%2C%7B%22label%22%3A%22Fernglas%20Farbwiedergabe%22%2C%22value%22%3A%2290%22%2C%22customcolor%22%3A%22%23c37139%22%2C%22customtxtcolor%22%3A%22%23ffffff%22%7D%2C%7B%22label%22%3A%22Fernglas%20Randsch%C3%A4rfe%22%2C%22value%22%3A%2285%22%7D%2C%7B%22label%22%3A%22Fernglas%20Sehfeld%22%2C%22value%22%3A%2290%22%7D%5D&#8221; bgcolor=&#8221;custom&#8221; options=&#8221;striped&#8221; units=&#8221;%&#8221; custombgcolor=&#8221;#c37139&#8243; customtxtcolor=&#8221;#ffffff&#8221;][\/vc_column][\/vc_row][vc_row][vc_column][vc_column_text]Der Diopter (Verstellbereich +-4) befindet sich wegen der <strong>besseren Funktionalit\u00e4t<\/strong> nicht mehr am <strong>Fernglas Fokussierrad<\/strong>, sondern am rechten Okular. All diese Bedienungselemente \u2013 Diopter, Okular , Fokussierend \u2013 bestehen aus Duraluminium und sind damit Garant f\u00fcr eine gro\u00dfe Langzeitbelastung.<br \/>\nEine sogenannte<strong> \u201eBest Grip\u201c- Armierung<\/strong> an der Au\u00dfenseite des K\u00f6rpers verhindert ein Abrutschen der H\u00e4nde.<br \/>\nDamit wird das <strong>einh\u00e4ndige Greifen und Halten dieses kompakten Fernglases<\/strong>, auch mit Handschuhen, angenehm komfortabel und sicher.<\/p>\n<h3>Brillante Fernglas-Optik<\/h3>\n<p>Das neue CT-Glas mit aufw\u00e4ndiger <strong>DDlucid-Verg\u00fctung<\/strong> und hochwertigen Abbe-K\u00f6nig-Prismen machen das Beobachten mit dem<strong> \u201ePirschler\u201c10&#215;56-Fernglas<\/strong> zum Sehgenuss pur.<br \/>\nDem Anwender bieten sich extrem <strong>hohe Lichttransmission und Bildhelligkeit<\/strong> f\u00fcr eine kontrastreiche und brillante Bildwiedergabe mit gestochen scharfen Konturen.\u00a0Die Glasdispersion ist dabei sehr gering.<\/p>\n<h3>10&#215;56 Spezialist bei Nacht<\/h3>\n<p>Auch wenn die Optik bereits bei Tage begeistert, so ist der <strong>Pirschler 10&#215;56 doch auch f\u00fcr die Jagd bei Nacht<\/strong> gemacht.\u00a0Mit zunehmender D\u00e4mmerung, wenn andere Produkte bereits deutlich an Bildhelligkeit und Brillanz nachlassen,\u00a0f\u00e4ngt der Pirschler an seine St\u00e4rken auszuspielen. Man hat fast den Eindruck als ob <strong>Aufl\u00f6sung und Kontrast<\/strong> bei zunehmender D\u00e4mmerung sogar noch besser werden.<br \/>\nBis zum allerletzten B\u00fcchsenlicht l\u00e4sst Sie dieses Fernglas nicht im Stich.<\/p>\n<h3>Druckwasserdichtes Geh\u00e4use &amp; Wasserabweisende Nano Verg\u00fctung<\/h3>\n<p>Die \u201e Raindefender Nano\u201c-Verg\u00fctung sorgt f\u00fcr einen<strong> wasserabweisenden Lotuseffekt<\/strong>, das Fernglas selbst ist komplett druckwasserwasserdicht bis zu 50 cm in warmen oder kalten Wasser.<\/p>\n<figure id=\"attachment_10769\" aria-describedby=\"caption-attachment-10769\" style=\"width: 400px\" class=\"wp-caption alignright\"><img decoding=\"async\" class=\"size-full wp-image-10769\" src=\"https:\/\/ddoptics.shop\/wp-content\/uploads\/2017\/02\/Fernglas-Pirschler-8x56-smart-Focus-small.jpg\" alt=\"Fernglas Pirschler 15x56 smart Focus Funktion\" width=\"400\" height=\"267\" title=\"\" srcset=\"https:\/\/ddoptics.shop\/wp-content\/uploads\/2017\/02\/Fernglas-Pirschler-8x56-smart-Focus-small.jpg 400w, https:\/\/ddoptics.shop\/wp-content\/uploads\/2017\/02\/Fernglas-Pirschler-8x56-smart-Focus-small-304x203.jpg 304w, https:\/\/ddoptics.shop\/wp-content\/uploads\/2017\/02\/Fernglas-Pirschler-8x56-smart-Focus-small-305x204.jpg 305w, https:\/\/ddoptics.shop\/wp-content\/uploads\/2017\/02\/Fernglas-Pirschler-8x56-smart-Focus-small-250x167.jpg 250w\" sizes=\"(max-width: 400px) 100vw, 400px\" \/><figcaption id=\"caption-attachment-10769\" class=\"wp-caption-text\">Fernglas Pirschler 10&#215;56 smart Focus Funktion<\/figcaption><\/figure>\n<h3>Fernglas Smart Focus 50m &#8211; Unendlich<\/h3>\n<p>Vorteilhaft in der <strong>D\u00e4mmerung oder bei Nacht<\/strong> ist der <strong>Smart Focus<\/strong>: Mit dieser Technik entf\u00e4llt beim \u201ePirschler 10&#215;56\u201c das Nachfokussieren weitgehend.\u00a0Nach der Scharfeinstellung auf ein rund 100 Meter entferntes Objekt stellt sich das Auge im Entfernungsbereich von 50 m\u00a0bis Unendlich automatisch ohne st\u00e4ndiges Nachfokussieren ein.<\/p>\n<p>Einstellen der Funktion 50 m bis unendlich:\u00a0Zum Einstellen der Funktion wird die f\u00fchlbare Strichmarkierung am Fokussierrad nach &#8220;Oben&#8221; gedreht.<\/p>\n<h3>Weites Fernglas Sehfeld<\/h3>\n<p>Das <strong>Sehfeld von 129 Metern<\/strong> bietet deutliche Vorteile beim sogenannten <strong>Abglasen mit dem Fernglas<\/strong> und sorgt daf\u00fcr, dass man das Wild schneller findet, bzw. dieses bemerkt.<\/p>\n<h3>Auch f\u00fcr Brillentr\u00e4ger geeignet<\/h3>\n<p>Denn die in 3 Positionen der ein &amp; ausdrehbaren Augenmuscheln aus Metall sorgen f\u00fcr einen perfekten Augenabstand.\u00a0Die Verstellung dabei ist hartg\u00e4ngig, solide und funktioniert absolut ohne jedes Spiel.<\/p>\n<p>Die zum <strong>Vorg\u00e4ngermodell Gen 2<\/strong> deutlich verbesserte Qualit\u00e4t der Augenmuschelmechanik ist sp\u00fcrbar durch einen <strong>angemessenen, haptischen Wiederstand<\/strong> und durch die klar definierte Rastung der Zwischenstufen. (kein Klappern, kein Spiel, kein versehentliches Verstellen).<\/p>\n<p>Zum anderen zeichnet sich das<strong> Pirschler 10&#215;56 Fernglas<\/strong> im Vergleich zu anderen Ferngl\u00e4sern dieser Klasse durch einen gr\u00f6\u00dferen Abstand der Austrittspupille aus (20 mm).[\/vc_column_text][\/vc_column][\/vc_row]\n","protected":false},"excerpt":{"rendered":"<p><img decoding=\"async\" class=\"alignnone wp-image-10471 size-full\" title=\"Lov na stoj\u00e1ka\" src=\"https:\/\/ddoptics.shop\/wp-content\/uploads\/2016\/04\/Ansitz-Jagd.jpg\" alt=\"Lov na stoj\u00e1ka\" width=\"50\" height=\"50\" \/><img decoding=\"async\" class=\"alignnone wp-image-10170 size-full\" title=\"Pozorov\u00e1n\u00ed pt\u00e1k\u016f\" src=\"https:\/\/ddoptics.shop\/wp-content\/uploads\/2016\/09\/Ornitologie-klein.jpg\" alt=\"Pozorov\u00e1n\u00ed pt\u00e1k\u016f\" width=\"50\" height=\"50\" \/><br \/>\nZcela p\u0159epo\u010d\u00edtan\u00fd <strong>Dalekohled Pirschler 10\u00d756<\/strong> je v sou\u010dasn\u00e9 dob\u011b <strong>V\u011bt\u0161ina modern\u00edch dalekohled\u016f<\/strong> \u0159ady DDoptics Pirschler. Je to jeden z nejjasn\u011bj\u0161\u00edch 10x dalekohled\u016f ve sv\u00e9 t\u0159\u00edd\u011b.<\/p>","protected":false},"featured_media":10537,"comment_status":"open","ping_status":"closed","template":"","meta":{"inline_featured_image":false,"footnotes":""},"product_brand":[],"product_cat":[],"product_tag":[323,93,78,563,80,84],"class_list":{"0":"post-12591","1":"product","2":"type-product","3":"status-publish","4":"has-post-thumbnail","6":"product_tag-10x56","7":"product_tag-ansitzglas","8":"product_tag-ddoptics","9":"product_tag-fernglas-10x56","10":"product_tag-gen-3","11":"product_tag-nachtfernglas","12":"product_shipping_class-paket","13":"pa_brand-marke-ddoptics","14":"pa_farbe-gruen","15":"pa_produkt-typ-fernglas","17":"first","18":"instock","19":"taxable","20":"shipping-taxable","21":"purchasable","22":"product-type-simple"},"bundled_by":["12590"],"bundle_stock_status":"instock","bundle_stock_quantity":null,"bundle_virtual":false,"bundle_layout":"","bundle_add_to_cart_form_location":"","bundle_editable_in_cart":false,"bundle_sold_individually_context":"","bundle_item_grouping":"","bundle_min_size":"","bundle_max_size":"","bundle_price":[],"bundled_items":[],"bundle_sell_ids":[],"_links":{"self":[{"href":"https:\/\/ddoptics.shop\/cs\/wp-json\/wp\/v2\/product\/12591","targetHints":{"allow":["GET"]}}],"collection":[{"href":"https:\/\/ddoptics.shop\/cs\/wp-json\/wp\/v2\/product"}],"about":[{"href":"https:\/\/ddoptics.shop\/cs\/wp-json\/wp\/v2\/types\/product"}],"replies":[{"embeddable":true,"href":"https:\/\/ddoptics.shop\/cs\/wp-json\/wp\/v2\/comments?post=12591"}],"version-history":[{"count":0,"href":"https:\/\/ddoptics.shop\/cs\/wp-json\/wp\/v2\/product\/12591\/revisions"}],"wp:featuredmedia":[{"embeddable":true,"href":"https:\/\/ddoptics.shop\/cs\/wp-json\/wp\/v2\/media\/10537"}],"wp:attachment":[{"href":"https:\/\/ddoptics.shop\/cs\/wp-json\/wp\/v2\/media?parent=12591"}],"wp:term":[{"taxonomy":"product_brand","embeddable":true,"href":"https:\/\/ddoptics.shop\/cs\/wp-json\/wp\/v2\/product_brand?post=12591"},{"taxonomy":"product_cat","embeddable":true,"href":"https:\/\/ddoptics.shop\/cs\/wp-json\/wp\/v2\/product_cat?post=12591"},{"taxonomy":"product_tag","embeddable":true,"href":"https:\/\/ddoptics.shop\/cs\/wp-json\/wp\/v2\/product_tag?post=12591"}],"curies":[{"name":"wp","href":"https:\/\/api.w.org\/{rel}","templated":true}]}}