{"id":12614,"date":"2018-06-15T11:37:34","date_gmt":"2018-06-15T09:37:34","guid":{"rendered":"https:\/\/ddoptics.shop\/?post_type=product&#038;p=12614"},"modified":"2025-07-04T09:46:36","modified_gmt":"2025-07-04T07:46:36","slug":"dalekohled-ddoptics-nighteagle-ergo-15x56","status":"publish","type":"product","link":"https:\/\/ddoptics.shop\/cs\/kaufen\/ddoptics-nighteagle-ergo-15x56-fernglas\/","title":{"rendered":"Dalekohled DDoptics Nighteagle ERGO 15\u00d756 Gen. 3.1"},"content":{"rendered":"<div class=\"row\"  id=\"row-1737038911\">\n\n\t<div id=\"col-584921425\" class=\"col medium-8 small-12 large-8\"  >\n\t\t\t\t<div class=\"col-inner\"  >\n\t\t\t\n\t\t\t\n<div>\n<h2>Dalekohled DDoptics Nighteagle ERGO 15\u00d756 Gen 3.1 | Rychl\u00fd, mal\u00fd a lehk\u00fd univerz\u00e1ln\u00ed dalekohled<\/h2>\n<p>Nov\u00fd <strong>Nighteagle Ergo 15\u00d756 <\/strong>je v\u00edc ne\u017e nov\u00e1 generace - je to nekompromisn\u00ed \u0159e\u0161en\u00ed pro ty, kte\u0159\u00ed o\u010dek\u00e1vaj\u00ed v\u00fdkon s n\u00edzkou hmotnost\u00ed za rozumnou cenu.<\/p>\n<p>Navzdory sv\u00e9 n\u00edzk\u00e9 hmotnosti pouh\u00fdch 930 g. <strong>15\u00d756 Nighteagle Ergo<\/strong> neuv\u011b\u0159iteln\u00fd v\u00fdkon, kter\u00fd p\u0159ed\u010d\u00ed v\u011bt\u0161inu dalekohled\u016f v cenov\u00e9 kategorii 400 eur. Nighteagle <strong>Ergo 15\u00d756 je p\u0159edur\u010den pro v\u0161echna pozorov\u00e1n\u00ed p\u0159\u00edrody na v\u011bt\u0161\u00ed vzd\u00e1lenosti. <\/strong>jako nap\u0159. <strong>Pozorov\u00e1n\u00ed pt\u00e1k\u016f.<\/strong><\/p>\n<h3>Nov\u00fd DDoptics ERGO 15\u00d756 generace 3.1<\/h3>\n<p>Nov\u00e1 generace 3.1 byla d\u00e1le vylep\u0161ena:. <strong>Zaost\u0159ovac\u00ed kole\u010dko a dioptrie<\/strong> jsou vyrobeny z robustn\u00edho kovu. Celkov\u011b je dalekohled o 20 gram\u016f leh\u010d\u00ed. Krom\u011b toho <strong>O\u010dn\u00ed \u010do\u010dky s inovativn\u00edm Z-locking mechanismem<\/strong> za p\u0159edpokladu, \u017ee.<\/p>\n<\/div>\n\t\t<\/div>\n\t\t\t\t\n<style>\n#col-584921425 > .col-inner {\n  margin: 0px 0px -30px 0px;\n}\n<\/style>\n\t<\/div>\n\n\t\n\n\t<div id=\"col-353667718\" class=\"col medium-4 small-12 large-4\"  >\n\t\t\t\t<div class=\"col-inner\"  >\n\t\t\t\n\t\t\t\n\t<div class=\"img has-hover x md-x lg-x y md-y lg-y\" id=\"image_808227009\">\n\t\t\t\t\t\t\t\t<div class=\"img-inner dark\" >\n\t\t\t\t\t\t\t\t\t\n\t\t\t\t\t<\/div>\n\t\t\t\t\t\t\t\t\n<style>\n#image_808227009 {\n  width: 100%;\n}\n<\/style>\n\t<\/div>\n\t\n\t<div class=\"img has-hover x md-x lg-x y md-y lg-y\" id=\"image_597359776\">\n\t\t<a class=\"\" href=\"https:\/\/www.shop.ddoptics.de\/garantiebestimmungen\" target=\"_blank\" rel=\"noopener\">\t\t\t\t\t\t<div class=\"img-inner dark\" >\n\t\t\t<img decoding=\"async\" width=\"352\" height=\"160\" src=\"https:\/\/ddoptics.shop\/wp-content\/uploads\/2014\/09\/DDoptics-Garantie.jpg\" class=\"attachment-large size-large\" alt=\"Z\u00e1ruka DDoptics\" srcset=\"https:\/\/ddoptics.shop\/wp-content\/uploads\/2014\/09\/DDoptics-Garantie.jpg 352w, https:\/\/ddoptics.shop\/wp-content\/uploads\/2014\/09\/DDoptics-Garantie-304x138.jpg 304w, https:\/\/ddoptics.shop\/wp-content\/uploads\/2014\/09\/DDoptics-Garantie-305x139.jpg 305w, https:\/\/ddoptics.shop\/wp-content\/uploads\/2014\/09\/DDoptics-Garantie-250x114.jpg 250w\" sizes=\"(max-width: 352px) 100vw, 352px\" title=\"\">\t\t\t\t\t\t\n\t\t\t\t\t<\/div>\n\t\t\t\t\t\t<\/a>\t\t\n<style>\n#image_597359776 {\n  width: 100%;\n}\n<\/style>\n\t<\/div>\n\t\n<h3>Dalekohledy DDoptics ERGO fakta<\/h3>\n\n\t\t<div class=\"icon-box featured-box icon-box-left text-left\"  >\n\t\t\t\t\t<div class=\"icon-box-img\" style=\"width: 32px\">\n\t\t\t\t<div class=\"icon\">\n\t\t\t\t\t<div class=\"icon-inner\" >\n\t\t\t\t\t\t<img decoding=\"async\" width=\"100\" height=\"83\" src=\"https:\/\/ddoptics.shop\/wp-content\/uploads\/2021\/05\/DDoptics-SHG-Icon.jpg\" class=\"attachment-medium size-medium\" alt=\"Dalekohled DDoptics SHG Icon\" title=\"\">\t\t\t\t\t<\/div>\n\t\t\t\t<\/div>\n\t\t\t<\/div>\n\t\t\t\t<div class=\"icon-box-text last-reset\">\n\t\t\t\t\t\t\t\t\t\n<p><span data-sheets-value=\"{&quot;1&quot;:2,&quot;2&quot;:&quot;\u2705&quot;}\" data-sheets-userformat=\"{&quot;2&quot;:15297,&quot;3&quot;:{&quot;1&quot;:0},&quot;9&quot;:0,&quot;10&quot;:2,&quot;11&quot;:0,&quot;12&quot;:0,&quot;14&quot;:{&quot;1&quot;:2,&quot;2&quot;:0},&quot;15&quot;:&quot;Calibri, sans-serif&quot;,&quot;16&quot;:11}\">Dielektrick\u00e9 zrcadlo<br \/>\n<\/span><\/p>\n\t\t<\/div>\n\t<\/div>\n\t\n\t\n\n\t\t<div class=\"icon-box featured-box icon-box-left text-left\"  >\n\t\t\t\t\t<div class=\"icon-box-img\" style=\"width: 32px\">\n\t\t\t\t<div class=\"icon\">\n\t\t\t\t\t<div class=\"icon-inner\" >\n\t\t\t\t\t\t<img decoding=\"async\" width=\"100\" height=\"83\" src=\"https:\/\/ddoptics.shop\/wp-content\/uploads\/2021\/05\/DDoptics-SHG-Icon.jpg\" class=\"attachment-medium size-medium\" alt=\"Dalekohled DDoptics SHG Icon\" title=\"\">\t\t\t\t\t<\/div>\n\t\t\t\t<\/div>\n\t\t\t<\/div>\n\t\t\t\t<div class=\"icon-box-text last-reset\">\n\t\t\t\t\t\t\t\t\t\n<p>\u2705 <b>Ide\u00e1ln\u00ed pro detaily, jako je pozorov\u00e1n\u00ed pt\u00e1k\u016f<\/b><\/p>\n\t\t<\/div>\n\t<\/div>\n\t\n\t\n\n\t\t<div class=\"icon-box featured-box icon-box-left text-left\"  >\n\t\t\t\t\t<div class=\"icon-box-img\" style=\"width: 32px\">\n\t\t\t\t<div class=\"icon\">\n\t\t\t\t\t<div class=\"icon-inner\" >\n\t\t\t\t\t\t<img decoding=\"async\" width=\"100\" height=\"83\" src=\"https:\/\/ddoptics.shop\/wp-content\/uploads\/2021\/05\/DDoptics-SHG-Icon.jpg\" class=\"attachment-medium size-medium\" alt=\"Dalekohled DDoptics SHG Icon\" title=\"\">\t\t\t\t\t<\/div>\n\t\t\t\t<\/div>\n\t\t\t<\/div>\n\t\t\t\t<div class=\"icon-box-text last-reset\">\n\t\t\t\t\t\t\t\t\t\n<p>\u2705 <span data-sheets-value=\"{&quot;1&quot;:2,&quot;2&quot;:&quot;\u2705&quot;}\" data-sheets-userformat=\"{&quot;2&quot;:15297,&quot;3&quot;:{&quot;1&quot;:0},&quot;9&quot;:0,&quot;10&quot;:2,&quot;11&quot;:0,&quot;12&quot;:0,&quot;14&quot;:{&quot;1&quot;:2,&quot;2&quot;:0},&quot;15&quot;:&quot;Calibri, sans-serif&quot;,&quot;16&quot;:11}\">Dielektrick\u00e9 zrcadlo<\/span><\/p>\n\t\t<\/div>\n\t<\/div>\n\t\n\t\n\n\t\t<div class=\"icon-box featured-box icon-box-left text-left\"  >\n\t\t\t\t\t<div class=\"icon-box-img\" style=\"width: 32px\">\n\t\t\t\t<div class=\"icon\">\n\t\t\t\t\t<div class=\"icon-inner\" >\n\t\t\t\t\t\t<img decoding=\"async\" width=\"100\" height=\"83\" src=\"https:\/\/ddoptics.shop\/wp-content\/uploads\/2021\/05\/DDoptics-SHG-Icon.jpg\" class=\"attachment-medium size-medium\" alt=\"Dalekohled DDoptics SHG Icon\" title=\"\">\t\t\t\t\t<\/div>\n\t\t\t\t<\/div>\n\t\t\t<\/div>\n\t\t\t\t<div class=\"icon-box-text last-reset\">\n\t\t\t\t\t\t\t\t\t\n<p>\u2705 <span data-sheets-value=\"{&quot;1&quot;:2,&quot;2&quot;:&quot;\u2705&quot;}\" data-sheets-userformat=\"{&quot;2&quot;:15297,&quot;3&quot;:{&quot;1&quot;:0},&quot;9&quot;:0,&quot;10&quot;:2,&quot;11&quot;:0,&quot;12&quot;:0,&quot;14&quot;:{&quot;1&quot;:2,&quot;2&quot;:0},&quot;15&quot;:&quot;Calibri, sans-serif&quot;,&quot;16&quot;:11}\">Siln\u00e9 sv\u011btlo a kontrast + dobr\u00e1 ostrost hran<\/span><\/p>\n\t\t<\/div>\n\t<\/div>\n\t\n\t\n\n\t\t<div class=\"icon-box featured-box icon-box-left text-left\"  >\n\t\t\t\t\t<div class=\"icon-box-img\" style=\"width: 32px\">\n\t\t\t\t<div class=\"icon\">\n\t\t\t\t\t<div class=\"icon-inner\" >\n\t\t\t\t\t\t<img decoding=\"async\" width=\"100\" height=\"83\" src=\"https:\/\/ddoptics.shop\/wp-content\/uploads\/2021\/05\/DDoptics-SHG-Icon.jpg\" class=\"attachment-medium size-medium\" alt=\"Dalekohled DDoptics SHG Icon\" title=\"\">\t\t\t\t\t<\/div>\n\t\t\t\t<\/div>\n\t\t\t<\/div>\n\t\t\t\t<div class=\"icon-box-text last-reset\">\n\t\t\t\t\t\t\t\t\t\n<p>\u2705 <span data-sheets-value=\"{&quot;1&quot;:2,&quot;2&quot;:&quot;\u2705&quot;}\" data-sheets-userformat=\"{&quot;2&quot;:15297,&quot;3&quot;:{&quot;1&quot;:0},&quot;9&quot;:0,&quot;10&quot;:2,&quot;11&quot;:0,&quot;12&quot;:0,&quot;14&quot;:{&quot;1&quot;:2,&quot;2&quot;:0},&quot;15&quot;:&quot;Calibri, sans-serif&quot;,&quot;16&quot;:11}\">Cena - v\u00fdkonn\u00fd profesion\u00e1l<\/span><\/p>\n\t\t<\/div>\n\t<\/div>\n\t\n\t\n\n\t\t<div class=\"icon-box featured-box icon-box-left text-left\"  >\n\t\t\t\t\t<div class=\"icon-box-img\" style=\"width: 32px\">\n\t\t\t\t<div class=\"icon\">\n\t\t\t\t\t<div class=\"icon-inner\" >\n\t\t\t\t\t\t<img decoding=\"async\" width=\"100\" height=\"83\" src=\"https:\/\/ddoptics.shop\/wp-content\/uploads\/2021\/05\/DDoptics-SHG-Icon.jpg\" class=\"attachment-medium size-medium\" alt=\"Dalekohled DDoptics SHG Icon\" title=\"\">\t\t\t\t\t<\/div>\n\t\t\t\t<\/div>\n\t\t\t<\/div>\n\t\t\t\t<div class=\"icon-box-text last-reset\">\n\t\t\t\t\t\t\t\t\t\n<p>\u2705 <span data-sheets-value=\"{&quot;1&quot;:2,&quot;2&quot;:&quot;\u2705&quot;}\" data-sheets-userformat=\"{&quot;2&quot;:15297,&quot;3&quot;:{&quot;1&quot;:0},&quot;9&quot;:0,&quot;10&quot;:2,&quot;11&quot;:0,&quot;12&quot;:0,&quot;14&quot;:{&quot;1&quot;:2,&quot;2&quot;:0},&quot;15&quot;:&quot;Calibri, sans-serif&quot;,&quot;16&quot;:11}\">CT sklo s n\u00edzkou disperz\u00ed<\/span><\/p>\n\t\t<\/div>\n\t<\/div>\n\t\n\t\n\t\t<\/div>\n\t\t\t\t\t<\/div>\n\n\t\n<\/div>\n<h3>Vid\u011bt v\u011bci jasn\u011bji, bez ohledu na to, jak\u00e9 je sv\u011btlo.<\/h3>\n<p>A\u0165 u\u017e ve dne, nebo za soumraku, nejlep\u0161\u00ed zp\u016fsob, jak za\u017e\u00edt <strong>vizu\u00e1ln\u00ed dojem, kdy\u017e je zcela p\u0159irozen\u00fd a barevn\u011b v\u011brn\u00fd.<\/strong> se objevuje.<\/p>\n<p>Nov\u00fd vzhled modelu Nighteagle<strong>\u00a015\u00d756 ERGO 3.1<\/strong> d\u00e1v\u00e1 div\u00e1kovi pocit, \u017ee skute\u010dn\u011b za\u017e\u00edv\u00e1 brilantn\u00ed realitu, p\u0159i n\u00ed\u017e No\u010dn\u00ed orel znovu a znovu pozitivn\u011b p\u0159ekvapuje. <strong>Barevn\u00e9 okraje a zkreslen\u00ed barev<\/strong> je z t\u011bchto dalekohled\u016f sotva zn\u00e1t, p\u0159\u00edmka z\u016fst\u00e1v\u00e1 p\u0159\u00edmkou i na okraj\u00edch.<\/p>\n<h3>Jasn\u011bj\u0161\u00ed, leh\u010d\u00ed, kontrastn\u011bj\u0161\u00ed - ERGO 15\u00d756 Gen. 3.1<\/h3>\n<p>Pokud ka\u017ed\u00fd prst dalekohledu v\u00ed, kam pat\u0159\u00ed, pokud m\u00e1te pocit, \u017ee v ruce dr\u017e\u00edte lehk\u00fd a mal\u00fd dalekohled, a pokud je tento dalekohled p\u0159esto jasn\u011bj\u0161\u00ed a kontrastn\u011bj\u0161\u00ed, ne\u017e jste si d\u0159\u00edve mysleli, \u017ee je u tak lehk\u00e9ho dalekohledu mo\u017en\u00e9, pak jsme ud\u011blali v\u0161e spr\u00e1vn\u011b.<\/p>\n<h3>Vyhled\u00e1n\u00ed ohniska i ve tm\u011b (inteligentn\u00ed zaost\u0159ov\u00e1n\u00ed 50 m - nekone\u010dno)<\/h3>\n<p>V\u00fdhodn\u00e9 v <strong>Za soumraku nebo v noci je to Smart Focus:<\/strong> Tato technika do zna\u010dn\u00e9 m\u00edry eliminuje pot\u0159ebu p\u0159eost\u0159ov\u00e1n\u00ed s p\u0159\u00edstrojem Nighteagle.<br \/>\nPo zaost\u0159en\u00ed na objekt vzd\u00e1len\u00fd p\u0159ibli\u017en\u011b 100 metr\u016f se oko automaticky p\u0159izp\u016fsob\u00ed v rozsahu vzd\u00e1lenost\u00ed od 50 metr\u016f do nekone\u010dna, ani\u017e by muselo neust\u00e1le p\u0159eost\u0159ovat.<\/p>\n<h3>Snadn\u00e9 nastaven\u00ed funkce 50 m a\u017e nekone\u010dno<\/h3>\n<p>Nov\u00fd DDoptics <strong>Nighteagle ERGO 15\u00d756 3.1<\/strong> t\u0159et\u00ed generace se je\u0161t\u011b o n\u011bco v\u00edce p\u0159ibl\u00ed\u017eila sv\u00e9mu \u201cstar\u0161\u00edmu bratrovi\u201d, modelu Pirschler Gen 3. Nov\u00fd model Nighteagle m\u00e1 tak\u00e9 hmatovou zna\u010dku lini\u00ed, kter\u00e1 umo\u017e\u0148uje snadn\u00e9 veden\u00ed dalekohledu zp\u011bt na zaost\u0159en\u00ed ve dne i v noci.<\/p>\n<p>Na <strong>P\u0159i no\u010dn\u00edm nastavov\u00e1n\u00ed se na zaost\u0159ovac\u00edm kole\u010dku zobrazuje hmatov\u00e1 zna\u010dka.<\/strong> jednodu\u0161e oto\u010d\u00edte na \u201cvrchol\u201d a obraz je ostr\u00fd.<\/p>","protected":false},"excerpt":{"rendered":"<p><img decoding=\"async\" class=\"alignnone size-full wp-image-10170\" src=\"https:\/\/ddoptics.shop\/wp-content\/uploads\/2016\/09\/Ornitologie-klein.jpg\" alt=\"Pozorov\u00e1n\u00ed pt\u00e1k\u016f\" width=\"50\" height=\"50\" \/><img decoding=\"async\" class=\"alignnone size-full wp-image-10180\" src=\"https:\/\/ddoptics.shop\/wp-content\/uploads\/2016\/04\/Bergwandern-klein.jpg\" alt=\"Dalekohledy pro horskou turistiku\" width=\"50\" height=\"50\" \/><br \/>\nNov\u00fd <strong>Nighteagle Ergo Gen 3.1<\/strong> je nejlep\u0161\u00ed dalekohled 15\u00d756 od spole\u010dnosti DDoptics ve sv\u00e9 cenov\u00e9 kategorii. NOVINKA: <strong>Generace 3.1<\/strong> s ost\u0159ic\u00edm kole\u010dkem a nastaven\u00edm dioptri\u00ed z kovu a <strong>Vylep\u0161en\u00e9 kovov\u00e9 o\u010dn\u00ed \u010do\u010dky s detentem Z<\/strong>!<\/p>","protected":false},"featured_media":12619,"comment_status":"open","ping_status":"closed","template":"","meta":{"inline_featured_image":false,"footnotes":""},"product_brand":[],"product_cat":[353,364,329,67,344,354],"product_tag":[324,738,78,648,649],"class_list":{"0":"post-12614","1":"product","2":"type-product","3":"status-publish","4":"has-post-thumbnail","6":"product_cat-15x-vergroesserung","7":"product_cat-56-mm-objektiv","8":"product_cat-ddoptics","9":"product_cat-fernglas","10":"product_cat-naturbeobachtung","11":"product_cat-vogelbeobachtung","12":"product_tag-15x56","13":"product_tag-15x56-fernglas","14":"product_tag-ddoptics","15":"product_tag-ddoptics-gen-3","16":"product_tag-ergo-gen-3-fernglas","17":"product_shipping_class-paket","18":"pa_brand-marke-ddoptics","19":"pa_farbe-gruen","20":"pa_produkt-typ-fernglas","22":"first","23":"instock","24":"sale","25":"taxable","26":"shipping-taxable","27":"purchasable","28":"product-type-simple"},"bundled_by":[],"bundle_stock_status":"instock","bundle_stock_quantity":null,"bundle_virtual":false,"bundle_layout":"","bundle_add_to_cart_form_location":"","bundle_editable_in_cart":false,"bundle_sold_individually_context":"","bundle_item_grouping":"","bundle_min_size":"","bundle_max_size":"","bundle_price":[],"bundled_items":[],"bundle_sell_ids":[],"_links":{"self":[{"href":"https:\/\/ddoptics.shop\/cs\/wp-json\/wp\/v2\/product\/12614","targetHints":{"allow":["GET"]}}],"collection":[{"href":"https:\/\/ddoptics.shop\/cs\/wp-json\/wp\/v2\/product"}],"about":[{"href":"https:\/\/ddoptics.shop\/cs\/wp-json\/wp\/v2\/types\/product"}],"replies":[{"embeddable":true,"href":"https:\/\/ddoptics.shop\/cs\/wp-json\/wp\/v2\/comments?post=12614"}],"version-history":[{"count":13,"href":"https:\/\/ddoptics.shop\/cs\/wp-json\/wp\/v2\/product\/12614\/revisions"}],"predecessor-version":[{"id":23096,"href":"https:\/\/ddoptics.shop\/cs\/wp-json\/wp\/v2\/product\/12614\/revisions\/23096"}],"wp:featuredmedia":[{"embeddable":true,"href":"https:\/\/ddoptics.shop\/cs\/wp-json\/wp\/v2\/media\/12619"}],"wp:attachment":[{"href":"https:\/\/ddoptics.shop\/cs\/wp-json\/wp\/v2\/media?parent=12614"}],"wp:term":[{"taxonomy":"product_brand","embeddable":true,"href":"https:\/\/ddoptics.shop\/cs\/wp-json\/wp\/v2\/product_brand?post=12614"},{"taxonomy":"product_cat","embeddable":true,"href":"https:\/\/ddoptics.shop\/cs\/wp-json\/wp\/v2\/product_cat?post=12614"},{"taxonomy":"product_tag","embeddable":true,"href":"https:\/\/ddoptics.shop\/cs\/wp-json\/wp\/v2\/product_tag?post=12614"}],"curies":[{"name":"wp","href":"https:\/\/api.w.org\/{rel}","templated":true}]}}