{"id":12741,"date":"2018-09-25T10:55:35","date_gmt":"2018-09-25T08:55:35","guid":{"rendered":"https:\/\/ddoptics.shop\/?post_type=product&#038;p=12741"},"modified":"2025-06-27T13:43:33","modified_gmt":"2025-06-27T11:43:33","slug":"ddoptics-binokularni-dalekohled-8x45-stalker-gen-3","status":"publish","type":"product","link":"https:\/\/ddoptics.shop\/cs\/kaufen\/ddoptics-fernglas-8x45-pirschler-gen-3\/","title":{"rendered":"Dalekohled DDoptics Pirschler 8\u00d745 Gen. 3"},"content":{"rendered":"<div class=\"row\"  id=\"row-908788437\">\n\n\t<div id=\"col-211982296\" class=\"col medium-8 small-12 large-8\"  >\n\t\t\t\t<div class=\"col-inner\"  >\n\t\t\t\n\t\t\t\n<h2>Dalekohled DDoptics Pirschler 8\u00d745 Gen 3 - zelen\u00fd. 45mm objektivy a Abbe-K\u00f6nigovy hranoly zaji\u0161\u0165uj\u00ed spr\u00e1vn\u00fd jas.<\/h2>\n<p>Nov\u00fd <strong>Ultra jasn\u00fd a nezni\u010diteln\u00fd no\u010dn\u00ed a loveck\u00fd dalekohled Pirschler 8\u00d745<\/strong>\u00a0je dlouho o\u010dek\u00e1van\u00fd <strong>men\u0161\u00ed \u201cstalkingov\u00e1 verze\u201d no\u010dn\u00edho skla Pirschler 8\u00d756<\/strong>. Jakmile se pod\u00edv\u00e1te okul\u00e1rem dalekohledu DDoptics \u201ePirschler 8\u00d745\u201c, jas obrazu v\u00e1s doslova upout\u00e1. Extr\u00e9mn\u011b vysok\u00e1 propustnost sv\u011btla tvo\u0159\u00ed z\u00e1klad pro vysoce kontrastn\u00ed a brilantn\u00ed reprodukci obrazu s ostr\u00fdmi konturami.<\/p>\n<p>Dokonce i v noci <strong>Pirschler 8\u00d745<\/strong> Dalekohled jako v\u011brn\u00fd spole\u010dn\u00edk. Zodpov\u011bdn\u00fd za <strong>jasn\u00e1 a \u010dist\u00e1 reprodukce obrazu je CT sklo s propracovanou DDlucid vrstvou.<\/strong> a <strong>Vysoce kvalitn\u00ed hranol Abbe King<\/strong>n. Rozptyl je velmi n\u00edzk\u00fd.<\/p>\n<p>Hlavn\u00edmi p\u0159ednostmi t\u011bchto dalekohled\u016f jsou krom\u011b zmen\u0161en\u00fdch rozm\u011br\u016f tak\u00e9 n\u00edzk\u00e1 hmotnost (d\u00edky ho\u0159\u010d\u00edkov\u00e9mu pouzdru) n<strong>950 g s pr\u016fm\u011brem objektivu 45 mm.\u00a0<\/strong>Pr\u00e1v\u011b v\u011bt\u0161\u00ed objektiv umo\u017e\u0148uje d\u016fle\u017eitou kombinaci s hranoly Abbe-K\u00f6nig - d\u00edky tomu je dalekohled v\u00fdrazn\u011b jasn\u011bj\u0161\u00ed ne\u017e dalekohled s pr\u016fm\u011brem objektivu 42 mm. .<\/p>\n<h3>Stabilita a robustnost dalekohledu Pirschler 8\u00d745 Gen 3 od DDoptics<\/h3>\n<p>D\u00edky modern\u00edm materi\u00e1l\u016fm a v\u00fdrobn\u00edm postup\u016fm <strong>Dalekohledy jsou nezni\u010diteln\u00e9 a lehk\u00e9,<\/strong> a velmi pohodln\u00e1 manipulace. D\u00edky tomu je <strong>\u201eDalekohledy \u201cPirschler\" 8\u00d745 a 10\u00d745<\/strong> nejen pro ka\u017edou oblast pou\u017eit\u00ed, ale jsou tak\u00e9 ide\u00e1ln\u00ed pro <strong>D\u011btsk\u00e9 a d\u00e1msk\u00e9 ruce.<\/strong>Na nov\u00e9m dalekohledu Pirschler 8\u00d745 nen\u00ed ani gram plastu (krom\u011b ochrann\u00e9 krytky stativu a panc\u00e9\u0159ov\u00e1n\u00ed), a to ani na samotn\u00e9m t\u011ble, ani na nosn\u00fdch \u010d\u00e1stech.<\/p>\n\t\t<\/div>\n\t\t\t\t\n<style>\n#col-211982296 > .col-inner {\n  margin: 0px 0px -30px 0px;\n}\n<\/style>\n\t<\/div>\n\n\t\n\n\t<div id=\"col-1735751267\" class=\"col medium-4 small-12 large-4\"  >\n\t\t\t\t<div class=\"col-inner\"  >\n\t\t\t\n\t\t\t\n\t<div class=\"img has-hover x md-x lg-x y md-y lg-y\" id=\"image_264349941\">\n\t\t\t\t\t\t\t\t<div class=\"img-inner dark\" >\n\t\t\t\t\t\t\t\t\t\n\t\t\t\t\t<\/div>\n\t\t\t\t\t\t\t\t\n<style>\n#image_264349941 {\n  width: 100%;\n}\n<\/style>\n\t<\/div>\n\t\n\t<div class=\"img has-hover x md-x lg-x y md-y lg-y\" id=\"image_1215719457\">\n\t\t<a class=\"\" href=\"https:\/\/www.shop.ddoptics.de\/garantiebestimmungen\" target=\"_blank\" rel=\"noopener\">\t\t\t\t\t\t<div class=\"img-inner dark\" >\n\t\t\t<img decoding=\"async\" width=\"352\" height=\"160\" src=\"https:\/\/ddoptics.shop\/wp-content\/uploads\/2014\/09\/DDoptics-Garantie.jpg\" class=\"attachment-large size-large\" alt=\"Z\u00e1ruka DDoptics\" srcset=\"https:\/\/ddoptics.shop\/wp-content\/uploads\/2014\/09\/DDoptics-Garantie.jpg 352w, https:\/\/ddoptics.shop\/wp-content\/uploads\/2014\/09\/DDoptics-Garantie-304x138.jpg 304w, https:\/\/ddoptics.shop\/wp-content\/uploads\/2014\/09\/DDoptics-Garantie-305x139.jpg 305w, https:\/\/ddoptics.shop\/wp-content\/uploads\/2014\/09\/DDoptics-Garantie-250x114.jpg 250w\" sizes=\"(max-width: 352px) 100vw, 352px\" title=\"\">\t\t\t\t\t\t\n\t\t\t\t\t<\/div>\n\t\t\t\t\t\t<\/a>\t\t\n<style>\n#image_1215719457 {\n  width: 100%;\n}\n<\/style>\n\t<\/div>\n\t\n<h3>Dalekohledy DDoptics Pirschler fakta<\/h3>\n\n\t\t<div class=\"icon-box featured-box icon-box-left text-left\"  >\n\t\t\t\t\t<div class=\"icon-box-img\" style=\"width: 32px\">\n\t\t\t\t<div class=\"icon\">\n\t\t\t\t\t<div class=\"icon-inner\" >\n\t\t\t\t\t\t<img decoding=\"async\" width=\"100\" height=\"83\" src=\"https:\/\/ddoptics.shop\/wp-content\/uploads\/2021\/05\/DDoptics-SHG-Icon.jpg\" class=\"attachment-medium size-medium\" alt=\"Dalekohled DDoptics SHG Icon\" title=\"\">\t\t\t\t\t<\/div>\n\t\t\t\t<\/div>\n\t\t\t<\/div>\n\t\t\t\t<div class=\"icon-box-text last-reset\">\n\t\t\t\t\t\t\t\t\t\n<p>\u2705 ABBE K\u00d6NIG Prismen<\/p>\n\t\t<\/div>\n\t<\/div>\n\t\n\t\n\n\t\t<div class=\"icon-box featured-box icon-box-left text-left\"  >\n\t\t\t\t\t<div class=\"icon-box-img\" style=\"width: 32px\">\n\t\t\t\t<div class=\"icon\">\n\t\t\t\t\t<div class=\"icon-inner\" >\n\t\t\t\t\t\t<img decoding=\"async\" width=\"100\" height=\"83\" src=\"https:\/\/ddoptics.shop\/wp-content\/uploads\/2021\/05\/DDoptics-SHG-Icon.jpg\" class=\"attachment-medium size-medium\" alt=\"Dalekohled DDoptics SHG Icon\" title=\"\">\t\t\t\t\t<\/div>\n\t\t\t\t<\/div>\n\t\t\t<\/div>\n\t\t\t\t<div class=\"icon-box-text last-reset\">\n\t\t\t\t\t\t\t\t\t\n<p>Nezni\u010diteln\u00e9 ho\u0159\u010d\u00edkov\u00e9 (Mg) kovov\u00e9 t\u011blo<\/p>\n\t\t<\/div>\n\t<\/div>\n\t\n\t\n\n\t\t<div class=\"icon-box featured-box icon-box-left text-left\"  >\n\t\t\t\t\t<div class=\"icon-box-img\" style=\"width: 32px\">\n\t\t\t\t<div class=\"icon\">\n\t\t\t\t\t<div class=\"icon-inner\" >\n\t\t\t\t\t\t<img decoding=\"async\" width=\"100\" height=\"83\" src=\"https:\/\/ddoptics.shop\/wp-content\/uploads\/2021\/05\/DDoptics-SHG-Icon.jpg\" class=\"attachment-medium size-medium\" alt=\"Dalekohled DDoptics SHG Icon\" title=\"\">\t\t\t\t\t<\/div>\n\t\t\t\t<\/div>\n\t\t\t<\/div>\n\t\t\t\t<div class=\"icon-box-text last-reset\">\n\t\t\t\t\t\t\t\t\t\n<p>\u2705 Komplett neue Optik mit CT Glas<\/p>\n\t\t<\/div>\n\t<\/div>\n\t\n\t\n\n\t\t<div class=\"icon-box featured-box icon-box-left text-left\"  >\n\t\t\t\t\t<div class=\"icon-box-img\" style=\"width: 32px\">\n\t\t\t\t<div class=\"icon\">\n\t\t\t\t\t<div class=\"icon-inner\" >\n\t\t\t\t\t\t<img decoding=\"async\" width=\"100\" height=\"83\" src=\"https:\/\/ddoptics.shop\/wp-content\/uploads\/2021\/05\/DDoptics-SHG-Icon.jpg\" class=\"attachment-medium size-medium\" alt=\"Dalekohled DDoptics SHG Icon\" title=\"\">\t\t\t\t\t<\/div>\n\t\t\t\t<\/div>\n\t\t\t<\/div>\n\t\t\t\t<div class=\"icon-box-text last-reset\">\n\t\t\t\t\t\t\t\t\t\n<p>\u2705 135 m Sehfeld f\u00fcr angenehmes Abglasen<\/p>\n\t\t<\/div>\n\t<\/div>\n\t\n\t\n\n\t\t<div class=\"icon-box featured-box icon-box-left text-left\"  >\n\t\t\t\t\t<div class=\"icon-box-img\" style=\"width: 32px\">\n\t\t\t\t<div class=\"icon\">\n\t\t\t\t\t<div class=\"icon-inner\" >\n\t\t\t\t\t\t<img decoding=\"async\" width=\"100\" height=\"83\" src=\"https:\/\/ddoptics.shop\/wp-content\/uploads\/2021\/05\/DDoptics-SHG-Icon.jpg\" class=\"attachment-medium size-medium\" alt=\"Dalekohled DDoptics SHG Icon\" title=\"\">\t\t\t\t\t<\/div>\n\t\t\t\t<\/div>\n\t\t\t<\/div>\n\t\t\t\t<div class=\"icon-box-text last-reset\">\n\t\t\t\t\t\t\t\t\t\n<p>\u2705 Raindefender Nano &#8211; Lotus Verg\u00fctung<\/p>\n\t\t<\/div>\n\t<\/div>\n\t\n\t\n\n\t\t<div class=\"icon-box featured-box icon-box-left text-left\"  >\n\t\t\t\t\t<div class=\"icon-box-img\" style=\"width: 32px\">\n\t\t\t\t<div class=\"icon\">\n\t\t\t\t\t<div class=\"icon-inner\" >\n\t\t\t\t\t\t<img decoding=\"async\" width=\"100\" height=\"83\" src=\"https:\/\/ddoptics.shop\/wp-content\/uploads\/2021\/05\/DDoptics-SHG-Icon.jpg\" class=\"attachment-medium size-medium\" alt=\"Dalekohled DDoptics SHG Icon\" title=\"\">\t\t\t\t\t<\/div>\n\t\t\t\t<\/div>\n\t\t\t<\/div>\n\t\t\t\t<div class=\"icon-box-text last-reset\">\n\t\t\t\t\t\t\t\t\t\n<p>\u2705 Nejlep\u0161\u00ed koncepce \u00fachopu pro odolnost proti uklouznut\u00ed<\/p>\n\t\t<\/div>\n\t<\/div>\n\t\n\t\n<div class=\"is-divider divider clearfix\" ><\/div>\n\t\t<\/div>\n\t\t\t\t\t<\/div>\n\n\t\n<\/div>\n<figure id=\"attachment_12747\" aria-describedby=\"caption-attachment-12747\" style=\"width: 400px\" class=\"wp-caption alignright\"><a href=\"https:\/\/ddoptics.shop\/wp-content\/uploads\/2018\/09\/Lichttransmissionswerte-Pirschler-45mm.jpg\"><img decoding=\"async\" class=\"wp-image-12747\" src=\"https:\/\/ddoptics.shop\/wp-content\/uploads\/2018\/09\/Lichttransmissionswerte-Pirschler-45mm.jpg\" alt=\"Hodnoty p\u0159enosu sv\u011btla Dalekohled Pirschler 8x45\" width=\"400\" height=\"265\" title=\"\" srcset=\"https:\/\/ddoptics.shop\/wp-content\/uploads\/2018\/09\/Lichttransmissionswerte-Pirschler-45mm.jpg 900w, https:\/\/ddoptics.shop\/wp-content\/uploads\/2018\/09\/Lichttransmissionswerte-Pirschler-45mm-304x201.jpg 304w, https:\/\/ddoptics.shop\/wp-content\/uploads\/2018\/09\/Lichttransmissionswerte-Pirschler-45mm-305x202.jpg 305w, https:\/\/ddoptics.shop\/wp-content\/uploads\/2018\/09\/Lichttransmissionswerte-Pirschler-45mm-632x419.jpg 632w, https:\/\/ddoptics.shop\/wp-content\/uploads\/2018\/09\/Lichttransmissionswerte-Pirschler-45mm-800x530.jpg 800w, https:\/\/ddoptics.shop\/wp-content\/uploads\/2018\/09\/Lichttransmissionswerte-Pirschler-45mm-510x338.jpg 510w, https:\/\/ddoptics.shop\/wp-content\/uploads\/2018\/09\/Lichttransmissionswerte-Pirschler-45mm-250x166.jpg 250w\" sizes=\"(max-width: 400px) 100vw, 400px\" \/><\/a><figcaption id=\"caption-attachment-12747\" class=\"wp-caption-text\">Hodnoty p\u0159enosu sv\u011btla Dalekohled Pirschler 8\u00d745<\/figcaption><\/figure>\n<p><strong>T\u011blo a m\u016fstek dalekohledu jsou vyrobeny z extr\u00e9mn\u011b lehk\u00e9 ho\u0159\u010d\u00edkov\u00e9 slitiny.<\/strong> z konstrukce letadla, d\u00edky \u010demu\u017e je dalekohled prakticky nerozbitn\u00fd. . <strong>Dalekohled Dioptrie (rozsah nastaven\u00ed +-4)<\/strong> se ji\u017e nenach\u00e1z\u00ed na zaost\u0159ovac\u00edm kole\u010dku, ale na prav\u00e9m okul\u00e1ru dalekohledu, co\u017e zlep\u0161uje jeho funk\u010dnost. V\u0161echny tyto ovl\u00e1dac\u00ed prvky - dioptr, okul\u00e1r, zaost\u0159ovac\u00ed kole\u010dko - jsou vyrobeny z duralu, a zaru\u010duj\u00ed tak dlouhou \u017eivotnost.<\/p>\n<p>Takzvan\u00e1 v\u00fdztuha \u201eBest Grip\u201c na vn\u011bj\u0161\u00ed stran\u011b t\u011bla zabra\u0148uje sklouznut\u00ed rukou. D\u00edky tomu je <strong>uchopen\u00ed a dr\u017een\u00ed t\u011bchto kompaktn\u00edch dalekohled\u016f jednou rukou.<\/strong> pohodln\u00e9 a bezpe\u010dn\u00e9 i v rukavic\u00edch.<\/p>\n<h3>Brilantn\u00ed optika dalekohledu Pirschler 8\u00d745<\/h3>\n<p>P\u0159i pohledu do okul\u00e1r\u016f <strong>Dalekohled Pirschler 8\u00d745 doslova ohromuje jasem obrazu i.<\/strong>v oku. Jeden <strong>Extr\u00e9mn\u011b vysok\u00e1 propustnost sv\u011btla<\/strong> tvo\u0159\u00ed z\u00e1klad pro <strong>Vysoce kontrastn\u00ed a brilantn\u00ed reprodukce obrazu<\/strong> s ostr\u00fdmi konturami - i za soumraku. I v noci se Pirschler 8\u00d745 osv\u011bd\u010d\u00ed jako v\u011brn\u00fd spole\u010dn\u00edk p\u0159i mnoha pozorov\u00e1n\u00edch. Zodpov\u011bdn\u00fd za <strong>jasn\u00e1 a \u010dist\u00e1 reprodukce obrazu je CT sklo s propracovanou DDlucid vrstvou.<\/strong> a vysoce kvalitn\u00ed hranoly Abbe-K\u00f6nig. Rozptyl je velmi n\u00edzk\u00fd.<\/p>\n<h3>Pohodln\u00e9 ovl\u00e1d\u00e1n\u00ed zaji\u0161\u0165uje nezakryt\u00e9 pozorov\u00e1n\u00ed p\u0159\u00edrody<\/h3>\n<p>Dalekohledy \u201ePirschler\u201c sed\u00ed pohodln\u011b v ruce d\u00edky propracovan\u00e9mu ergonomick\u00e9mu designu. Takzvan\u00e9 panc\u00e9\u0159ov\u00e1n\u00ed \u201eBest Grip\u201c na vn\u011bj\u0161\u00ed stran\u011b dalekohledu zabra\u0148uje sklouznut\u00ed rukou. <strong>Uchopen\u00ed jednou rukou, bezpe\u010dn\u00e9 a stabiln\u00ed dr\u017een\u00ed<\/strong> je d\u00edky <strong>otev\u0159en\u00fd most<\/strong> s ergonomickou rukojet\u00ed je pohodln\u00fd a komfortn\u00ed i v rukavic\u00edch.<\/p>\n<p>Dioptrie (rozsah nastaven\u00ed +-4) je um\u00edst\u011bna na prav\u00e9m okul\u00e1ru a stejn\u011b jako v\u0161echny ovl\u00e1dac\u00ed prvky je vyrobena z odoln\u00e9ho duralu. Povrchov\u00e1 \u00faprava \u201e Raindefender Nano\u201c zaji\u0161\u0165uje vodoodpudiv\u00fd lotosov\u00fd efekt, dalekohled je zcela vodot\u011bsn\u00fd.<\/p>\n<p>Okul\u00e1ry lze pou\u017e\u00edt pro <strong>Dokonal\u00e1 mezipupil\u00e1rn\u00ed vzd\u00e1lenost ve 3 poloh\u00e1ch m\u0159\u00ed\u017eky<\/strong> dovnit\u0159 nebo ven. To umo\u017e\u0148uje nositel\u016fm br\u00fdl\u00ed vyu\u017e\u00edvat \u0161irok\u00e9 zorn\u00e9 pole 135 m bez omezen\u00ed. Nastaven\u00ed funguje plynule a bez v\u016fle.<\/p>\n<h3>Vodot\u011bsn\u00e9 pouzdro a vodoodpudiv\u00fd nanopovlak<\/h3>\n<p>Na str\u00e1nk\u00e1ch <strong>\u201ePovlak \u201cRaindefender Nano\" zaji\u0161\u0165uje vodoodpudiv\u00fd lotosov\u00fd efekt,<\/strong> Samotn\u00fd dalekohled je zcela vodot\u011bsn\u00fd a\u017e do hloubky 1 metru v tepl\u00e9 nebo studen\u00e9 vod\u011b.<\/p>\n<figure id=\"attachment_10769\" aria-describedby=\"caption-attachment-10769\" style=\"width: 400px\" class=\"wp-caption alignright\"><img decoding=\"async\" class=\"size-full wp-image-10769\" src=\"https:\/\/ddoptics.shop\/wp-content\/uploads\/2017\/02\/Fernglas-Pirschler-8x56-smart-Focus-small.jpg\" alt=\"Dalekohled Pirschler 15x56 smart Focus function\" width=\"400\" height=\"267\" title=\"\" srcset=\"https:\/\/ddoptics.shop\/wp-content\/uploads\/2017\/02\/Fernglas-Pirschler-8x56-smart-Focus-small.jpg 400w, https:\/\/ddoptics.shop\/wp-content\/uploads\/2017\/02\/Fernglas-Pirschler-8x56-smart-Focus-small-304x203.jpg 304w, https:\/\/ddoptics.shop\/wp-content\/uploads\/2017\/02\/Fernglas-Pirschler-8x56-smart-Focus-small-305x204.jpg 305w, https:\/\/ddoptics.shop\/wp-content\/uploads\/2017\/02\/Fernglas-Pirschler-8x56-smart-Focus-small-250x167.jpg 250w\" sizes=\"(max-width: 400px) 100vw, 400px\" \/><figcaption id=\"caption-attachment-10769\" class=\"wp-caption-text\"><strong>Dalekohled Pirschler 8\u00d745 smart Focus function<\/strong><\/figcaption><\/figure>\n<h3>Funkce inteligentn\u00edho ost\u0159en\u00ed 50 m a\u017e nekone\u010dno<\/h3>\n<p>V\u00fdhodn\u00e9 v<strong> Za soumraku nebo v noci je to Smart Focus:<\/strong> Tato technologie do zna\u010dn\u00e9 m\u00edry eliminuje pot\u0159ebu p\u0159eost\u0159ov\u00e1n\u00ed u objektivu \u201ePirschler\u201c 8\u00d745\u201c. Po zaost\u0159en\u00ed na objekt vzd\u00e1len\u00fd p\u0159ibli\u017en\u011b 100 metr\u016f se oko automaticky p\u0159izp\u016fsob\u00ed v rozsahu vzd\u00e1lenost\u00ed od 50 metr\u016f do nekone\u010dna bez neust\u00e1l\u00e9ho p\u0159eost\u0159ov\u00e1n\u00ed.<\/p>\n<h3>\u0160irok\u00e9 zorn\u00e9 pole s objektivem Pirschler 8\u00d745<\/h3>\n<p>Na str\u00e1nk\u00e1ch <strong>Zorn\u00e9 pole dalekohledu 135 metr\u016f<\/strong> nab\u00edz\u00ed p\u0159i zaskl\u00edv\u00e1n\u00ed jasn\u00e9 v\u00fdhody a zaji\u0161\u0165uje rychlej\u0161\u00ed nalezen\u00ed a rozpozn\u00e1n\u00ed zv\u011b\u0159e.<\/p>\n<h3>Pirschler 8\u00d745 - vhodn\u00e9 i pro nositele br\u00fdl\u00ed<\/h3>\n<ul>\n<li>Na str\u00e1nk\u00e1ch <strong>3 polohy oto\u010dn\u00fdch a v\u00fdklopn\u00fdch o\u010dnic<\/strong>\u00a0z kovu zaji\u0161\u0165uj\u00ed dokonal\u00fd o\u010dn\u00ed reli\u00e9f.<\/li>\n<li>Nastaven\u00ed je plynul\u00e9, pevn\u00e9 a funguje naprosto bez v\u016fle.<\/li>\n<li>Na druhou stranu se dalekohledy \u201ePirschler\u201c 8\u00d745 vyzna\u010duj\u00ed v\u011bt\u0161\u00ed vzd\u00e1lenost\u00ed v\u00fdstupn\u00ed pupily (20 mm) ve srovn\u00e1n\u00ed s jin\u00fdmi dalekohledy t\u00e9to t\u0159\u00eddy.<\/li>\n<\/ul>","protected":false},"excerpt":{"rendered":"<p><img decoding=\"async\" class=\"alignnone wp-image-10471 size-full\" title=\"Lov na stoj\u00e1ka\" src=\"https:\/\/ddoptics.shop\/wp-content\/uploads\/2016\/04\/Ansitz-Jagd.jpg\" alt=\"Lov na stoj\u00e1ka\" width=\"50\" height=\"50\" \/><img decoding=\"async\" class=\"alignnone wp-image-10168 size-full\" title=\"Lov divok\u00fdch prasat\" src=\"https:\/\/ddoptics.shop\/wp-content\/uploads\/2016\/09\/Jagd-klein.jpg\" alt=\"Loveck\u00e9 dalekohledy\" width=\"50\" height=\"50\" \/><img decoding=\"async\" class=\"alignnone wp-image-10166 size-full\" title=\"No\u010dn\u00ed dalekohledy\" src=\"https:\/\/ddoptics.shop\/wp-content\/uploads\/2016\/09\/Astronomie-klein.jpg\" alt=\"Astronomick\u00e9 dalekohledy\" width=\"50\" height=\"50\" \/><br \/>\nNejjasn\u011bj\u0161\u00ed univerz\u00e1ln\u00ed dalekohled ve sv\u00e9 t\u0159\u00edd\u011b - s Abbe-K\u00f6nigov\u00fdmi hranoly. Nov\u00fd superjasn\u00fd a nezni\u010diteln\u00fd no\u010dn\u00ed a loveck\u00fd dalekohled Pirschler 8\u00d745.<\/p>","protected":false},"featured_media":12745,"comment_status":"open","ping_status":"closed","template":"","meta":{"inline_featured_image":false,"footnotes":""},"product_brand":[],"product_cat":[746,349,949,329,345,344],"product_tag":[745,78,80,744,743],"class_list":{"0":"post-12741","1":"product","2":"type-product","3":"status-publish","4":"has-post-thumbnail","6":"product_cat-45-mm-objektiv","7":"product_cat-8x-vergroesserung","8":"product_cat-messeaktion","9":"product_cat-ddoptics","10":"product_cat-jagd-und-wild","11":"product_cat-naturbeobachtung","12":"product_tag-8x45-fernglas","13":"product_tag-ddoptics","14":"product_tag-gen-3","15":"product_tag-pirschler-8x45","16":"product_tag-pirschler-fernglas","17":"product_shipping_class-paket","18":"pa_brand-marke-ddoptics","19":"pa_farbe-gruen","20":"pa_produkt-typ-fernglas","22":"first","23":"instock","24":"sale","25":"taxable","26":"shipping-taxable","27":"purchasable","28":"product-type-simple"},"bundled_by":[],"bundle_stock_status":"instock","bundle_stock_quantity":46,"bundle_virtual":false,"bundle_layout":"","bundle_add_to_cart_form_location":"","bundle_editable_in_cart":false,"bundle_sold_individually_context":"","bundle_item_grouping":"","bundle_min_size":"","bundle_max_size":"","bundle_price":[],"bundled_items":[],"bundle_sell_ids":[],"_links":{"self":[{"href":"https:\/\/ddoptics.shop\/cs\/wp-json\/wp\/v2\/product\/12741","targetHints":{"allow":["GET"]}}],"collection":[{"href":"https:\/\/ddoptics.shop\/cs\/wp-json\/wp\/v2\/product"}],"about":[{"href":"https:\/\/ddoptics.shop\/cs\/wp-json\/wp\/v2\/types\/product"}],"replies":[{"embeddable":true,"href":"https:\/\/ddoptics.shop\/cs\/wp-json\/wp\/v2\/comments?post=12741"}],"version-history":[{"count":8,"href":"https:\/\/ddoptics.shop\/cs\/wp-json\/wp\/v2\/product\/12741\/revisions"}],"predecessor-version":[{"id":28500,"href":"https:\/\/ddoptics.shop\/cs\/wp-json\/wp\/v2\/product\/12741\/revisions\/28500"}],"wp:featuredmedia":[{"embeddable":true,"href":"https:\/\/ddoptics.shop\/cs\/wp-json\/wp\/v2\/media\/12745"}],"wp:attachment":[{"href":"https:\/\/ddoptics.shop\/cs\/wp-json\/wp\/v2\/media?parent=12741"}],"wp:term":[{"taxonomy":"product_brand","embeddable":true,"href":"https:\/\/ddoptics.shop\/cs\/wp-json\/wp\/v2\/product_brand?post=12741"},{"taxonomy":"product_cat","embeddable":true,"href":"https:\/\/ddoptics.shop\/cs\/wp-json\/wp\/v2\/product_cat?post=12741"},{"taxonomy":"product_tag","embeddable":true,"href":"https:\/\/ddoptics.shop\/cs\/wp-json\/wp\/v2\/product_tag?post=12741"}],"curies":[{"name":"wp","href":"https:\/\/api.w.org\/{rel}","templated":true}]}}