{"id":12806,"date":"2018-12-12T21:37:28","date_gmt":"2018-12-12T20:37:28","guid":{"rendered":"https:\/\/ddoptics.shop\/?post_type=product&#038;p=12806"},"modified":"2025-10-07T11:23:07","modified_gmt":"2025-10-07T09:23:07","slug":"ddoptics-puskohled-v6-2komma5-16x42-mrad","status":"publish","type":"product","link":"https:\/\/ddoptics.shop\/cs\/kaufen\/ddoptics-zielfernrohr-v6-2komma5-16x42-mrad\/","title":{"rendered":"Pu\u0161kohled DDoptics Nighteagle 2,5-16\u00d742 | V6 | A4N | MRAD adjustment - Gen 3"},"content":{"rendered":"<div class=\"container section-title-container\" ><h3 class=\"section-title section-title-normal\"><b aria-hidden=\"true\"><\/b><span class=\"section-title-main\" ><i class=\"icon-cross\" aria-hidden=\"true\"><\/i>Stru\u010dn\u00fd p\u0159ehled DDoptics V6 pu\u0161kohled 2,5-16x42 | MRAD<\/span><b aria-hidden=\"true\"><\/b><\/h3><\/div>\n<table style=\"width: 100%;\">\n<tbody>\n<tr>\n<td style=\"width: 20%;\"><strong>Trubka:<\/strong><\/td>\n<td style=\"width: 30%;\">30 mm mono trubice<\/td>\n<td style=\"width: 20%;\"><strong>Zorn\u00e9 pole: m @100 m:<\/strong><\/td>\n<td style=\"width: 30%;\">14 - 2,5 m<\/td>\n<\/tr>\n<tr>\n<td style=\"width: 20%;\"><strong>Optick\u00fd syst\u00e9m:<\/strong><\/td>\n<td style=\"width: 30%;\">Zv\u011bt\u0161en\u00ed 2,5-16x<\/td>\n<td style=\"width: 20%;\"><strong>Mezipupil\u00e1rn\u00ed vzd\u00e1lenost:<\/strong><\/td>\n<td style=\"width: 30%;\">90,5 mm<\/td>\n<\/tr>\n<tr>\n<td style=\"width: 20%;\"><strong>C\u00edl:<\/strong><\/td>\n<td style=\"width: 30%;\">42 mm<\/td>\n<td style=\"width: 20%;\"><strong>D\u00e9lka:<\/strong><\/td>\n<td style=\"width: 30%;\">332 mm<\/td>\n<\/tr>\n<tr>\n<td style=\"width: 20%;\"><strong>Zam\u011b\u0159ova\u010d:<\/strong><\/td>\n<td style=\"width: 30%;\">Nov\u00fd zam\u011b\u0159ova\u010d 4 \/ A4N<\/td>\n<td style=\"width: 20%;\"><strong>Hmotnost:<\/strong><\/td>\n<td style=\"width: 30%;\">\u00a0610 g<\/td>\n<\/tr>\n<tr>\n<td style=\"width: 20%;\"><strong>Sv\u011bteln\u00fd bod<\/strong><\/td>\n<td style=\"width: 30%;\">LP 2 nebo iFibre<\/td>\n<td style=\"width: 20%;\"><strong>Ochrana proti zaml\u017eov\u00e1n\u00ed:<\/strong><\/td>\n<td style=\"width: 30%;\">Dus\u00edkov\u00e1 n\u00e1pl\u0148 proti zaml\u017een\u00ed<\/td>\n<\/tr>\n<tr>\n<td style=\"width: 20%;\"><strong>Zaost\u0159en\u00ed\/paralaxa:<\/strong><\/td>\n<td style=\"width: 30%;\">Nastaviteln\u00fd objektiv 20 m a\u017e nekone\u010dno<\/td>\n<td style=\"width: 20%;\"><strong>\u00a0T\u011bsnost:<\/strong><\/td>\n<td style=\"width: 30%;\">Odolnost v\u016f\u010di vod\u011b a n\u00e1raz\u016fm<\/td>\n<\/tr>\n<\/tbody>\n<\/table>\n<div class=\"row\"  id=\"row-1256114826\">\n\n\t<div id=\"col-1461132800\" class=\"col medium-8 small-12 large-8\"  >\n\t\t\t\t<div class=\"col-inner\"  >\n\t\t\t\n\t\t\t\n<h2>Pu\u0161kohled DDoptics Nighteagle 2,5-16\u00d742 V6 - kompaktn\u00ed pu\u0161kohled s 6n\u00e1sobn\u00fdm zoomem, osnovou A4N a nastaven\u00edm MRAD - specialista na horsk\u00fd lov<\/h2>\n<p>Nov\u00fd <strong>\u201c\u00fazk\u00fd\u201d pu\u0161kohled V6 Doptics<\/strong> je vyroben z robustn\u00ed hlin\u00edkov\u00e9 slitiny, je odoln\u00fd proti n\u00e1razu a neobsahuje plastov\u00e9 d\u00edly. V\u0161echny hlin\u00edkov\u00e9 d\u00edly jsou opat\u0159eny neleskl\u00fdm \u201ejemn\u011b \u010dern\u00fdm\u201c eloxovan\u00fdm povrchem.<\/p>\n<p>Na str\u00e1nk\u00e1ch <strong>Vysoce v\u00fdkonn\u00e1 optika ZF<\/strong>k z\u00e1\u0159\u00ed skrz <strong>Vysoce v\u00fdkonn\u00e9 sklo CT (Clear Transmission)<\/strong>, co\u017e zaru\u010duje mimo\u0159\u00e1dn\u011b jasn\u00fd a \u010dist\u00fd v\u00fdhled - a dokonce i b<strong>p\u0159i 16n\u00e1sobn\u00e9m zv\u011bt\u0161en\u00ed vysoce kontrastn\u00ed obraz bez paralaxy a v\u011brn\u00fdch barev.<\/strong> s vynikaj\u00edc\u00edmi vlastnostmi ostrosti hran a vynikaj\u00edc\u00ed propustnost\u00ed.<\/p>\n<blockquote><p>D\u00edky zorn\u00e9mu poli 14 m nebo 2,5 m (p\u0159i zv\u011bt\u0161en\u00ed 2,5x nebo 16x) je optika vhodn\u00e1 pro v\u0161echny loveck\u00e9 aplikace - zejm\u00e9na pro mal\u00e9, lehk\u00e9 horsk\u00e9 pu\u0161ky.<\/p><\/blockquote>\n<h3>Nejvy\u0161\u0161\u00ed kvalita <a href=\"https:\/\/ddoptics.shop\/cs\/obchod\/teleskopicky-zamerovac-2\/v6-6x-zoom\/\" target=\"_blank\" rel=\"noopener\" data-schema-attribute=\"\">V6<\/a> Vybaven\u00ed pu\u0161kohledem<\/h3>\n<p>Pu\u0161kohled je vybaven <strong>ultratenk\u00fd osv\u011btlen\u00fd zam\u011b\u0159ova\u010d A4N<\/strong> (2. rovina obrazu), kter\u00e1 c\u00edl pokr\u00fdv\u00e1 jen minim\u00e1ln\u011b. Za \u0161patn\u00fdch sv\u011bteln\u00fdch podm\u00ednek nebo v noci<strong> nereflexn\u00ed \u010derven\u00fd sv\u011bteln\u00fd bod z optick\u00fdch vl\u00e1ken,<\/strong> kter\u00e1 je p\u0159esn\u00e1 a<strong> lze plynule stm\u00edvat<\/strong> a voliteln\u011b s<strong> inteligentn\u00ed funkce automatick\u00e9ho zapnut\u00ed\/vypnut\u00ed (iFibre\u2122).<\/strong><\/p>\n\t\t<\/div>\n\t\t\t\t\t<\/div>\n\n\t\n\n\t<div id=\"col-39041441\" class=\"col medium-4 small-12 large-4\"  >\n\t\t\t\t<div class=\"col-inner\"  >\n\t\t\t\n\t\t\t\n<a class=\"button primary expand\" >\n\t\t<span>Speci\u00e1ln\u00ed funkce pu\u0161kohledu<\/span>\n\t<\/a>\n\n\n\t<section class=\"section\" id=\"section_700702829\">\n\t\t<div class=\"section-bg fill\" >\n\t\t\t\t\t\t\t\t\t<div class=\"section-bg-overlay absolute fill\"><\/div>\n\t\t\t\n\n\t\t<\/div>\n\n\t\t\n\n\t\t<div class=\"section-content relative\">\n\t\t\t\n\t<div class=\"img has-hover x md-x lg-x y md-y lg-y\" id=\"image_1040274421\">\n\t\t<a class=\"\" href=\"https:\/\/www.ddoptics.de\/garantiebestimmungen\" target=\"_blank\" rel=\"no follow noopener\">\t\t\t\t\t\t<div class=\"img-inner dark\" >\n\t\t\t<img decoding=\"async\" width=\"352\" height=\"160\" src=\"https:\/\/ddoptics.shop\/wp-content\/uploads\/2014\/09\/DDoptics-Garantie.jpg\" class=\"attachment-large size-large\" alt=\"Z\u00e1ruka DDoptics\" srcset=\"https:\/\/ddoptics.shop\/wp-content\/uploads\/2014\/09\/DDoptics-Garantie.jpg 352w, https:\/\/ddoptics.shop\/wp-content\/uploads\/2014\/09\/DDoptics-Garantie-304x138.jpg 304w, https:\/\/ddoptics.shop\/wp-content\/uploads\/2014\/09\/DDoptics-Garantie-305x139.jpg 305w, https:\/\/ddoptics.shop\/wp-content\/uploads\/2014\/09\/DDoptics-Garantie-250x114.jpg 250w\" sizes=\"(max-width: 352px) 100vw, 352px\" title=\"\">\t\t\t\t\t\t\n\t\t\t\t\t<\/div>\n\t\t\t\t\t\t<\/a>\t\t\n<style>\n#image_1040274421 {\n  width: 100%;\n}\n<\/style>\n\t<\/div>\n\t\n\t<div id=\"gap-116827231\" class=\"gap-element clearfix\" style=\"display:block; height:auto;\">\n\t\t\n<style>\n#gap-116827231 {\n  padding-top: 15px;\n}\n<\/style>\n\t<\/div>\n\t\n\t<div id=\"text-2028451019\" class=\"text\">\n\t\t\n<p><span style=\"font-size: 80%;\"><em>\u21d2 V\u00edce ne\u017e 6x zoom s mal\u00fdm 42mm objektivem<br \/>\n\u21d2 14 m - zorn\u00e9 pole 2,5 m - automatick\u00fd osv\u011btlen\u00fd bod<br \/>\n\u21d2 ide\u00e1ln\u00ed pro pou\u017eit\u00ed v noci s n\u00e1stavcem<br \/>\n\u21d2 Nastaven\u00ed zam\u011b\u0159ova\u010de Kovov\u00e9 v\u011b\u017ei\u010dky (bez plastu)<br \/>\n\u21d2 CT sklo (\u010dir\u00e1 propustnost) (n\u00edzk\u00fd rozptyl)<br \/>\n\u21d2 dvojn\u00e1sobn\u00e9 m\u011b\u0159\u00edtko (dvojn\u00e1sobn\u00e9 oto\u010den\u00ed)<br \/>\n\u21d2 test nepr\u016fst\u0159elnosti: <a href=\"https:\/\/de.wikipedia.org\/wiki\/.375_Holland_%26_Holland_Magnum\" target=\"_blank\" rel=\"noopener sponsored\" data-schema-attribute=\"\">375 H&amp;H<\/a> 1000 v\u00fdst\u0159el\u016f<br \/>\n\u21d2 Zerostop pro ASV (nulov\u00fd doraz)<br \/>\n\u21d2 tvrd\u00fd taktick\u00fd 0,1 <a href=\"https:\/\/ddoptics.shop\/cs\/technicky-termin\/vypocet-uhlove-minuty-nebo-moa-pro-puskohledy\/\" target=\"_blank\" rel=\"noopener noreferrer\">MRAD<\/a>-click detent (1 cm\/click)<br \/>\n\u21d2 Nov\u00fd, minimalistick\u00fd zam\u011b\u0159ova\u010d A4N<br \/>\n\u21d2 V\u00fdkonn\u00e9 vyrovn\u00e1v\u00e1n\u00ed paralaxy s dosahem 10 m.<br \/>\n<\/em><\/span><br \/>\n\t\t\n<style>\n#text-2028451019 {\n  line-height: 1.15;\n  color: rgb(33, 107, 227);\n}\n#text-2028451019 > * {\n  color: rgb(33, 107, 227);\n}\n<\/style>\n\t<\/div>\n\t\n\t\t<\/div>\n\n\t\t\n<style>\n#section_700702829 {\n  padding-top: 30px;\n  padding-bottom: 30px;\n  background-color: rgb(232, 232, 232);\n}\n#section_700702829 .section-bg-overlay {\n  background-color: rgba(255,255,255,.5);\n}\n<\/style>\n\t<\/section>\n\t\n<div class=\"is-divider divider clearfix\" ><\/div>\n\t\t<\/div>\n\t\t\t\t\t<\/div>\n\n\t\n<\/div>\n\t<div class=\"img has-hover x md-x lg-x y md-y lg-y\" id=\"image_1389023226\">\n\t\t\t\t\t\t\t\t<div class=\"img-inner dark\" >\n\t\t\t<img decoding=\"async\" width=\"1020\" height=\"339\" src=\"https:\/\/ddoptics.shop\/wp-content\/uploads\/2018\/12\/25-16x42-V6-DDoptics.jpg\" class=\"attachment-large size-large\" alt=\"Kresl\u00edc\u00ed pu\u0161kohled 2,5-16x42 V6 DDoptics\" srcset=\"https:\/\/ddoptics.shop\/wp-content\/uploads\/2018\/12\/25-16x42-V6-DDoptics.jpg 1428w, https:\/\/ddoptics.shop\/wp-content\/uploads\/2018\/12\/25-16x42-V6-DDoptics-800x266.jpg 800w, https:\/\/ddoptics.shop\/wp-content\/uploads\/2018\/12\/25-16x42-V6-DDoptics-18x6.jpg 18w, https:\/\/ddoptics.shop\/wp-content\/uploads\/2018\/12\/25-16x42-V6-DDoptics-304x101.jpg 304w, https:\/\/ddoptics.shop\/wp-content\/uploads\/2018\/12\/25-16x42-V6-DDoptics-632x210.jpg 632w, https:\/\/ddoptics.shop\/wp-content\/uploads\/2018\/12\/25-16x42-V6-DDoptics-305x101.jpg 305w\" sizes=\"(max-width: 1020px) 100vw, 1020px\" title=\"\">\t\t\t\t\t\t\n\t\t\t\t\t<\/div>\n\t\t\t\t\t\t\t\t\n<style>\n#image_1389023226 {\n  width: 100%;\n}\n<\/style>\n\t<\/div>\n\t\n<h3>ZF V6 2,5-16\u00d742 m\u00e1 rychl\u00e9 nastaven\u00ed osnovy (ASV).<\/h3>\n<p>Jejich z <strong>Kovov\u00e9 v\u011b\u017ee pro v\u00fd\u0161kov\u00e9 a bo\u010dn\u00ed nastaven\u00ed jsou zcela vodot\u011bsn\u00e9.<\/strong> ASV m\u00e1 dvoj\u00ed stupnici (double turn) a nulov\u00fd doraz (Zerostop). To umo\u017e\u0148uje nastavit r\u016fzn\u00e9 vzd\u00e1lenosti st\u0159elby v z\u00e1vislosti na sm\u011bru a s\u00edle v\u011btru nebo p\u0159\u00edpadn\u00e9m pohybu c\u00edle.<\/p>\n<p>Na jedno kliknut\u00ed<strong> M\u011b\u0159idlo o 0,1 MRAD (miliradi\u00e1n)<\/strong> upraveno. Str\u00e1nky <strong>odpov\u00edd\u00e1 1 cm na 100 m.<\/strong> Nastaven\u00ed kliknut\u00edm funguje s absolutn\u00ed p\u0159esnost\u00ed a opakovanou p\u0159esnost\u00ed.<\/p>\n<h3>Rozsah nastaven\u00ed pu\u0161kohledu DDoptics V6<\/h3>\n<ul>\n<li>Jedna ot\u00e1\u010dka nastavovac\u00ed v\u011b\u017ee odpov\u00edd\u00e1 10 mrad. (100 cm na 100 m)<\/li>\n<li>Celkov\u00fd rozsah nastaven\u00ed je 26 mrad. (260 cm na 100 m)<\/li>\n<li>To odpov\u00edd\u00e1 rozsahu nastaven\u00ed 2600 cm na 1000 m.<\/li>\n<\/ul>\n<p><strong>Pu\u0161kohled DDoptics V6 2,5-16\u00d742 nab\u00edz\u00ed d\u016fle\u017eit\u00e9 v\u00fdhody d\u00edky velk\u00e9mu rozsahu nastaven\u00ed a zv\u011bt\u0161en\u00ed:<\/strong><\/p>\n<ul>\n<li>Na jedn\u00e9 stran\u011b b\u011bhem dne <strong>16n\u00e1sobn\u00e9 zv\u011bt\u0161en\u00ed pro spolehlivou st\u0159elbu i na velk\u00e9 vzd\u00e1lenosti<\/strong> Velk\u00fd rozsah nastaven\u00ed zam\u011b\u0159ova\u010de umo\u017e\u0148uje p\u0159esn\u00e9 p\u0159ednastaven\u00ed vzd\u00e1lenosti st\u0159elby.<\/li>\n<li>Na druh\u00e9 stran\u011b <strong>No\u010dn\u00ed lov v kombinaci s n\u00e1stavcem NSG, WBK (dodr\u017eujte z\u00e1konn\u00e9 p\u0159edpisy)<\/strong> vysok\u00e9ho zv\u011bt\u0161en\u00ed lze dos\u00e1hnout tak\u00e9 d\u00edky kompenzaci paralaxy s nadm\u011brn\u00fdm rozsahem nastaven\u00ed.<\/li>\n<\/ul>\n<p>Vyrovn\u00e1va\u010d paralaxy (bl\u00edzk\u00fd dosah 10 m), kter\u00fd byl speci\u00e1ln\u011b navr\u017een pro tuto aplikaci, je tak\u00e9 schopen kompenzovat <strong>v\u011bt\u0161\u00ed zv\u011bt\u0161en\u00ed pro kompenzaci rozmaz\u00e1n\u00ed obrazu zp\u016fsoben\u00e9ho n\u00e1stavci NSG-WBK.<\/strong>, co\u017e nefunguje u dalekohled\u016f se slab\u0161\u00ed kompenzac\u00ed paralaxy nebo bez kompenzace paralaxy.<\/p>\n<p>V dob\u011b vysok\u00e9 populace divok\u00fdch prasat je proto pu\u0161kohled ide\u00e1ln\u00ed volbou. <strong>p\u0159edur\u010den k no\u010dn\u00edmu lovu se speci\u00e1ln\u00ed licenc\u00ed.<\/strong><\/p>","protected":false},"excerpt":{"rendered":"<p><a href=\"https:\/\/ddoptics.shop\/wp-content\/uploads\/2016\/09\/Wandern-klein.jpg\"><img decoding=\"async\" class=\"alignnone size-full wp-image-10174\" src=\"https:\/\/ddoptics.shop\/wp-content\/uploads\/2016\/09\/Wandern-klein.jpg\" alt=\"Turistick\u00e9 dalekohledy Treckking\" width=\"50\" height=\"50\" \/><\/a><a href=\"https:\/\/ddoptics.shop\/wp-content\/uploads\/2016\/04\/Gebirgsjagd-klein.jpg\"><img decoding=\"async\" class=\"alignnone size-full wp-image-10178\" src=\"https:\/\/ddoptics.shop\/wp-content\/uploads\/2016\/04\/Gebirgsjagd-klein.jpg\" alt=\"Horsk\u00e9 loveck\u00e9 dalekohledy\" width=\"50\" height=\"50\" \/><\/a><img decoding=\"async\" class=\"alignnone wp-image-10180 size-full\" title=\"Dalekohledy pro horskou turistiku\" src=\"https:\/\/ddoptics.shop\/wp-content\/uploads\/2016\/04\/Bergwandern-klein.jpg\" alt=\"Dalekohledy pro horskou turistiku\" width=\"50\" height=\"50\" \/><br \/>\nNov\u00fd <strong>Spole\u010dn\u00edk pro lov v hor\u00e1ch a v\u0161estrann\u00fd pomocn\u00edk od DDoptics<\/strong> - mal\u00fd a vhodn\u00fd pro dlouh\u00e9 z\u00e1b\u011bry. <strong>Voliteln\u011b s inteligentn\u00edm <a title=\"NOVINKA DDoptics IFiber osv\u011btlen\u00e1 te\u010dka\" href=\"\/cs\/technicky-termin-wiki\/inteligentni-ddoptics-ifiber-light-point\/\" target=\"_blank\" rel=\"noopener noreferrer\">Sv\u011bteln\u00fd bod IFibre<\/a> s p\u0159\u00edplatkem 99 \u20ac.<\/strong><\/p>\n<a href=\"https:\/\/amzn.to\/3AMthHr\" target=\"_blank\" class=\"button success is-success is-small\" rel=\"\u201dnofollow\u201d noopener\" >\n\t\t<span>z\u00e1kazn\u00edk amazonu? - vyu\u017e\u00edv\u00e1te v\u00fdhody prime?<\/span>\n\t<\/a>","protected":false},"featured_media":12823,"comment_status":"open","ping_status":"closed","template":"","meta":{"inline_featured_image":false,"footnotes":""},"product_brand":[],"product_cat":[763,455,638,697,640,641,919,68],"product_tag":[758,761,1098,760],"class_list":{"0":"post-12806","1":"product","2":"type-product","3":"status-publish","4":"has-post-thumbnail","6":"product_cat-25-16x42","7":"product_cat-42-mm-objektivdurchmesser","8":"product_cat-ansitzjagd","9":"product_cat-mrad-klickverstellung","10":"product_cat-pirschjagd-und-gebirgsjagd","11":"product_cat-sportschiessen","12":"product_cat-v6-6-fach-zoom","13":"product_cat-zielfernrohr","14":"product_tag-2-5-16x42","15":"product_tag-6-fach-zoom","16":"product_tag-nighteagle","17":"product_tag-v6-ddoptics","18":"product_shipping_class-paket","19":"pa_brand-marke-ddoptics","20":"pa_farbe-schwarz","22":"first","23":"instock","24":"sale","25":"taxable","26":"shipping-taxable","27":"purchasable","28":"product-type-bundle"},"bundled_by":[],"bundle_stock_status":"instock","bundle_stock_quantity":"","bundle_virtual":false,"bundle_layout":"default","bundle_add_to_cart_form_location":"default","bundle_editable_in_cart":false,"bundle_sold_individually_context":"product","bundle_item_grouping":"parent","bundle_min_size":"","bundle_max_size":"","bundle_price":{"price":{"min":{"incl_tax":"897.01","excl_tax":"747.51"},"max":{"incl_tax":"1001.32","excl_tax":"834.43"}},"regular_price":{"min":{"incl_tax":"997.01","excl_tax":"830.84"},"max":{"incl_tax":"1112.9","excl_tax":"927.41"}}},"bundled_items":[{"bundled_item_id":50,"product_id":12809,"menu_order":0,"quantity_min":1,"quantity_max":1,"quantity_default":1,"priced_individually":true,"shipped_individually":false,"override_title":true,"title":"","override_description":false,"description":"123","optional":false,"hide_thumbnail":false,"discount":"","override_variations":true,"allowed_variations":[12810,12811],"override_default_variation_attributes":false,"default_variation_attributes":[{"id":6,"name":"Sv\u011bteln\u00fd bod","option":"ddoptics-standard-lp-ii"}],"single_product_visibility":"visible","cart_visibility":"visible","order_visibility":"visible","single_product_price_visibility":"visible","cart_price_visibility":"visible","order_price_visibility":"visible","stock_status":"in_stock"},{"bundled_item_id":51,"product_id":12812,"menu_order":1,"quantity_min":1,"quantity_max":1,"quantity_default":1,"priced_individually":true,"shipped_individually":false,"override_title":true,"title":"T\u00e9m\u011b\u0159 d\u00e1rek - flipov\u00e9 \u010depice","override_description":false,"description":"Fast Geschenkt - Flip Caps","optional":true,"hide_thumbnail":false,"discount":"68.55","override_variations":true,"allowed_variations":[12818],"override_default_variation_attributes":true,"default_variation_attributes":[{"id":17,"name":"Velikost pu\u0161kohledu","option":"25-16x42"}],"single_product_visibility":"visible","cart_visibility":"visible","order_visibility":"visible","single_product_price_visibility":"visible","cart_price_visibility":"visible","order_price_visibility":"visible","stock_status":"in_stock"}],"bundle_sell_ids":[],"_links":{"self":[{"href":"https:\/\/ddoptics.shop\/cs\/wp-json\/wp\/v2\/product\/12806","targetHints":{"allow":["GET"]}}],"collection":[{"href":"https:\/\/ddoptics.shop\/cs\/wp-json\/wp\/v2\/product"}],"about":[{"href":"https:\/\/ddoptics.shop\/cs\/wp-json\/wp\/v2\/types\/product"}],"replies":[{"embeddable":true,"href":"https:\/\/ddoptics.shop\/cs\/wp-json\/wp\/v2\/comments?post=12806"}],"version-history":[{"count":15,"href":"https:\/\/ddoptics.shop\/cs\/wp-json\/wp\/v2\/product\/12806\/revisions"}],"predecessor-version":[{"id":29228,"href":"https:\/\/ddoptics.shop\/cs\/wp-json\/wp\/v2\/product\/12806\/revisions\/29228"}],"wp:featuredmedia":[{"embeddable":true,"href":"https:\/\/ddoptics.shop\/cs\/wp-json\/wp\/v2\/media\/12823"}],"wp:attachment":[{"href":"https:\/\/ddoptics.shop\/cs\/wp-json\/wp\/v2\/media?parent=12806"}],"wp:term":[{"taxonomy":"product_brand","embeddable":true,"href":"https:\/\/ddoptics.shop\/cs\/wp-json\/wp\/v2\/product_brand?post=12806"},{"taxonomy":"product_cat","embeddable":true,"href":"https:\/\/ddoptics.shop\/cs\/wp-json\/wp\/v2\/product_cat?post=12806"},{"taxonomy":"product_tag","embeddable":true,"href":"https:\/\/ddoptics.shop\/cs\/wp-json\/wp\/v2\/product_tag?post=12806"}],"curies":[{"name":"wp","href":"https:\/\/api.w.org\/{rel}","templated":true}]}}