{"id":12809,"date":"2016-12-12T22:04:43","date_gmt":"2016-12-12T21:04:43","guid":{"rendered":"https:\/\/ddoptics.shop\/?post_type=product&#038;p=12809"},"modified":"2025-05-17T15:42:13","modified_gmt":"2025-05-17T13:42:13","slug":"osvetleny-bodovy-zamerovac","status":"publish","type":"product","link":"https:\/\/ddoptics.shop\/cs\/kaufen\/leuchtpunktabsehen\/","title":{"rendered":"Osv\u011btlen\u00fd bodov\u00fd zam\u011b\u0159ova\u010d"},"content":{"rendered":"","protected":false},"excerpt":{"rendered":"","protected":false},"featured_media":12962,"comment_status":"open","ping_status":"closed","template":"","meta":{"inline_featured_image":false,"footnotes":""},"product_brand":[],"product_cat":[],"product_tag":[],"class_list":{"0":"post-12809","1":"product","2":"type-product","3":"status-publish","4":"has-post-thumbnail","6":"product_shipping_class-paket","8":"first","9":"instock","10":"taxable","11":"shipping-taxable","12":"purchasable","13":"product-type-variable","14":"has-default-attributes"},"bundled_by":["12806","12245","12177","9201","1963","1942","555","12196","11793","10517","2003","1994","18770","18833","21141","21189","21209","21216","23245","23519","23597","25824","25836","25839","26806","26986","27230","27817","27932"],"bundle_stock_status":"instock","bundle_stock_quantity":null,"bundle_virtual":false,"bundle_layout":"","bundle_add_to_cart_form_location":"","bundle_editable_in_cart":false,"bundle_sold_individually_context":"","bundle_item_grouping":"","bundle_min_size":"","bundle_max_size":"","bundle_price":[],"bundled_items":[],"bundle_sell_ids":[],"_links":{"self":[{"href":"https:\/\/ddoptics.shop\/cs\/wp-json\/wp\/v2\/product\/12809","targetHints":{"allow":["GET"]}}],"collection":[{"href":"https:\/\/ddoptics.shop\/cs\/wp-json\/wp\/v2\/product"}],"about":[{"href":"https:\/\/ddoptics.shop\/cs\/wp-json\/wp\/v2\/types\/product"}],"replies":[{"embeddable":true,"href":"https:\/\/ddoptics.shop\/cs\/wp-json\/wp\/v2\/comments?post=12809"}],"version-history":[{"count":2,"href":"https:\/\/ddoptics.shop\/cs\/wp-json\/wp\/v2\/product\/12809\/revisions"}],"predecessor-version":[{"id":28247,"href":"https:\/\/ddoptics.shop\/cs\/wp-json\/wp\/v2\/product\/12809\/revisions\/28247"}],"wp:featuredmedia":[{"embeddable":true,"href":"https:\/\/ddoptics.shop\/cs\/wp-json\/wp\/v2\/media\/12962"}],"wp:attachment":[{"href":"https:\/\/ddoptics.shop\/cs\/wp-json\/wp\/v2\/media?parent=12809"}],"wp:term":[{"taxonomy":"product_brand","embeddable":true,"href":"https:\/\/ddoptics.shop\/cs\/wp-json\/wp\/v2\/product_brand?post=12809"},{"taxonomy":"product_cat","embeddable":true,"href":"https:\/\/ddoptics.shop\/cs\/wp-json\/wp\/v2\/product_cat?post=12809"},{"taxonomy":"product_tag","embeddable":true,"href":"https:\/\/ddoptics.shop\/cs\/wp-json\/wp\/v2\/product_tag?post=12809"}],"curies":[{"name":"wp","href":"https:\/\/api.w.org\/{rel}","templated":true}]}}