{"id":12812,"date":"2018-12-13T16:26:29","date_gmt":"2018-12-13T15:26:29","guid":{"rendered":"https:\/\/ddoptics.shop\/?post_type=product&#038;p=12812"},"modified":"2025-10-07T11:00:19","modified_gmt":"2025-10-07T09:00:19","slug":"ddoptics-ochranna-krytka-flip-cap-set-pro-puskohled","status":"publish","type":"product","link":"https:\/\/ddoptics.shop\/cs\/kaufen\/ddoptics-schutzkappe-flip-cap-set-fuer-zielfernrohr\/","title":{"rendered":"DDoptics ochrann\u00e1 krytka \/ sada flip cap (okul\u00e1r + objektiv) pro pu\u0161kohledy DDoptics"},"content":{"rendered":"<h2>DDoptics Flip Cap (\u010dern\u00e1) pro okul\u00e1r a objektiv pu\u0161kohledu - ochrann\u00e9 krytky nebo kryc\u00ed krytky<\/h2>\n<div class=\"row\"  id=\"row-1804553669\">\n\n\t<div id=\"col-2082714981\" class=\"col medium-8 small-12 large-8\"  >\n\t\t\t\t<div class=\"col-inner\"  >\n\t\t\t\n\t\t\t\n<p>Nyn\u00ed nov\u011b: <strong>Ochrann\u00e9 krytky DDoptics<\/strong> - tak\u00e9 naz\u00fdvan\u00fd flip cap - <strong>f\u00fcr Okular und Objektiv.<\/strong><\/p>\n<p>Na str\u00e1nk\u00e1ch<strong> Sada flip cap \/ ochrann\u00fd uz\u00e1v\u011br<\/strong> pro pu\u0161kohledy je <strong>k dispozici za speci\u00e1ln\u00ed cenu s objednan\u00fdm pu\u0161kohledem DDoptics.<\/strong> Pu\u0161kohled DDoptics je tak chr\u00e1n\u011bn na 100%.<\/p>\n<blockquote><p>Flipov\u00e9 krytky jsou dokonale p\u0159izp\u016fsobeny pu\u0161kohledu a d\u00edky speci\u00e1ln\u00ed gumov\u00e9 mont\u00e1\u017ei jsou pevn\u011b p\u0159ipevn\u011bny k pu\u0161kohledu.<\/p><\/blockquote>\n<p>Na str\u00e1nk\u00e1ch <strong>\u010dern\u00e9 v\u00edko<\/strong> s <strong>diskr\u00e9tn\u00ed potisk loga<\/strong> lze snadno otev\u0159\u00edt a zav\u0159\u00edt pomoc\u00ed pru\u017einov\u00e9ho klipu.<\/p>\n<h3>Popis produktu Krytka pu\u0161kohledu, ochrann\u00e9 krytky nebo kryc\u00ed krytky<\/h3>\n<ul>\n<li><strong>k dispozici pro v\u0161echny pu\u0161kohledy DDoptics Nighteagle a NFX<\/strong><\/li>\n<li>k ochran\u011b cel\u00e9ho optick\u00e9ho syst\u00e9mu<\/li>\n<li>Se speci\u00e1ln\u00edm gumov\u00fdm dr\u017e\u00e1kem pro bezpe\u010dn\u00e9 uchycen\u00ed<\/li>\n<li>V\u00edko se snadno otev\u00edr\u00e1 a zav\u00edr\u00e1<\/li>\n<li>s pru\u017einovou sponou<\/li>\n<li>\u010dern\u00e1 s jemn\u00fdm potiskem loga<\/li>\n<\/ul>\n\t\t<\/div>\n\t\t\t\t\t<\/div>\n\n\t\n\n\t<div id=\"col-1101965393\" class=\"col medium-4 small-12 large-4\"  >\n\t\t\t\t<div class=\"col-inner\"  >\n\t\t\t\n\t\t\t\n<a class=\"button primary expand\" >\n\t\t<span>Speci\u00e1ln\u00ed funkce pu\u0161kohledu<\/span>\n\t<\/a>\n\n\n\t<section class=\"section\" id=\"section_72804191\">\n\t\t<div class=\"section-bg fill\" >\n\t\t\t\t\t\t\t\t\t<div class=\"section-bg-overlay absolute fill\"><\/div>\n\t\t\t\n\n\t\t<\/div>\n\n\t\t\n\n\t\t<div class=\"section-content relative\">\n\t\t\t\n\t<div class=\"img has-hover x md-x lg-x y md-y lg-y\" id=\"image_1747232343\">\n\t\t<a class=\"\" href=\"https:\/\/www.ddoptics.de\/garantiebestimmungen\" target=\"_blank\" rel=\"no follow noopener\">\t\t\t\t\t\t<div class=\"img-inner dark\" >\n\t\t\t<img decoding=\"async\" width=\"352\" height=\"160\" src=\"https:\/\/ddoptics.shop\/wp-content\/uploads\/2014\/09\/DDoptics-Garantie.jpg\" class=\"attachment-large size-large\" alt=\"Z\u00e1ruka DDoptics\" srcset=\"https:\/\/ddoptics.shop\/wp-content\/uploads\/2014\/09\/DDoptics-Garantie.jpg 352w, https:\/\/ddoptics.shop\/wp-content\/uploads\/2014\/09\/DDoptics-Garantie-304x138.jpg 304w, https:\/\/ddoptics.shop\/wp-content\/uploads\/2014\/09\/DDoptics-Garantie-305x139.jpg 305w, https:\/\/ddoptics.shop\/wp-content\/uploads\/2014\/09\/DDoptics-Garantie-250x114.jpg 250w\" sizes=\"(max-width: 352px) 100vw, 352px\" title=\"\">\t\t\t\t\t\t\n\t\t\t\t\t<\/div>\n\t\t\t\t\t\t<\/a>\t\t\n<style>\n#image_1747232343 {\n  width: 100%;\n}\n<\/style>\n\t<\/div>\n\t\n\t<div id=\"gap-1501378173\" class=\"gap-element clearfix\" style=\"display:block; height:auto;\">\n\t\t\n<style>\n#gap-1501378173 {\n  padding-top: 15px;\n}\n<\/style>\n\t<\/div>\n\t\n\t<div id=\"text-1706625850\" class=\"text\">\n\t\t\n<p><span style=\"font-size: 80%;\"><em>\u21d2 jednodu\u0161e objednat ve spojen\u00ed s optick\u00fdm zam\u011b\u0159ova\u010dem<br \/>\n\u21d2 skl\u00e1d\u00e1 se z ochrann\u00fdch krytek okul\u00e1ru a objektivu<br \/>\n\u21d2 p\u0159\u00edslu\u0161nou velikost lze zvolit individu\u00e1ln\u011b<br \/>\n\u21d2 ochrana cel\u00e9 optiky<br \/>\n\u21d2 se speci\u00e1ln\u00edm gumov\u00fdm dr\u017e\u00e1kem pro bezpe\u010dn\u00e9 uchycen\u00ed<br \/>\n\u21d2 v\u00edko se snadno otev\u00edr\u00e1 a zav\u00edr\u00e1<br \/>\n\u21d2 \u010dern\u00e1 s decentn\u00edm potiskem loga<br \/>\n<\/em><\/span><\/p>\n\t\t\n<style>\n#text-1706625850 {\n  line-height: 1.15;\n  color: rgb(33, 107, 227);\n}\n#text-1706625850 > * {\n  color: rgb(33, 107, 227);\n}\n<\/style>\n\t<\/div>\n\t\n\t\t<\/div>\n\n\t\t\n<style>\n#section_72804191 {\n  padding-top: 30px;\n  padding-bottom: 30px;\n  background-color: rgb(232, 232, 232);\n}\n#section_72804191 .section-bg-overlay {\n  background-color: rgba(255,255,255,.5);\n}\n<\/style>\n\t<\/section>\n\t\n<div class=\"is-divider divider clearfix\" ><\/div>\n\t\t<\/div>\n\t\t\t\t\t<\/div>\n\n\t\n<\/div>","protected":false},"excerpt":{"rendered":"<p>DDoptics Flip Cap SET (\u010dern\u00fd) pro okul\u00e1r a objektiv v atraktivn\u00ed nab\u00eddce.<\/p>","protected":false},"featured_media":12827,"comment_status":"open","ping_status":"closed","template":"","meta":{"inline_featured_image":false,"footnotes":""},"product_brand":[],"product_cat":[],"product_tag":[754,755,753,762],"class_list":{"0":"post-12812","1":"product","2":"type-product","3":"status-publish","4":"has-post-thumbnail","6":"product_tag-abdeckkappen","7":"product_tag-flip-cap","8":"product_tag-schutzkappe","9":"product_tag-zf-schutzkappen","10":"product_shipping_class-paket","11":"pa_brand-marke-ddoptics","12":"pa_farbe-schwarz","14":"first","15":"instock","16":"taxable","17":"shipping-taxable","18":"purchasable","19":"product-type-variable"},"bundled_by":["12806","12245","12177","9201","1963","1942","555","12196","11793","10517","2003","1994","12862","17654","18770","18833","21141","23245","23519","23563","25839","26806","26986","27680","27817","27932"],"bundle_stock_status":"instock","bundle_stock_quantity":null,"bundle_virtual":false,"bundle_layout":"","bundle_add_to_cart_form_location":"","bundle_editable_in_cart":false,"bundle_sold_individually_context":"","bundle_item_grouping":"","bundle_min_size":"","bundle_max_size":"","bundle_price":[],"bundled_items":[],"bundle_sell_ids":[],"_links":{"self":[{"href":"https:\/\/ddoptics.shop\/cs\/wp-json\/wp\/v2\/product\/12812","targetHints":{"allow":["GET"]}}],"collection":[{"href":"https:\/\/ddoptics.shop\/cs\/wp-json\/wp\/v2\/product"}],"about":[{"href":"https:\/\/ddoptics.shop\/cs\/wp-json\/wp\/v2\/types\/product"}],"replies":[{"embeddable":true,"href":"https:\/\/ddoptics.shop\/cs\/wp-json\/wp\/v2\/comments?post=12812"}],"version-history":[{"count":4,"href":"https:\/\/ddoptics.shop\/cs\/wp-json\/wp\/v2\/product\/12812\/revisions"}],"predecessor-version":[{"id":29217,"href":"https:\/\/ddoptics.shop\/cs\/wp-json\/wp\/v2\/product\/12812\/revisions\/29217"}],"wp:featuredmedia":[{"embeddable":true,"href":"https:\/\/ddoptics.shop\/cs\/wp-json\/wp\/v2\/media\/12827"}],"wp:attachment":[{"href":"https:\/\/ddoptics.shop\/cs\/wp-json\/wp\/v2\/media?parent=12812"}],"wp:term":[{"taxonomy":"product_brand","embeddable":true,"href":"https:\/\/ddoptics.shop\/cs\/wp-json\/wp\/v2\/product_brand?post=12812"},{"taxonomy":"product_cat","embeddable":true,"href":"https:\/\/ddoptics.shop\/cs\/wp-json\/wp\/v2\/product_cat?post=12812"},{"taxonomy":"product_tag","embeddable":true,"href":"https:\/\/ddoptics.shop\/cs\/wp-json\/wp\/v2\/product_tag?post=12812"}],"curies":[{"name":"wp","href":"https:\/\/api.w.org\/{rel}","templated":true}]}}