{"id":12862,"date":"2019-02-18T12:21:05","date_gmt":"2019-02-18T11:21:05","guid":{"rendered":"https:\/\/ddoptics.shop\/?post_type=product&#038;p=12862"},"modified":"2026-02-02T17:31:16","modified_gmt":"2026-02-02T16:31:16","slug":"ddoptics-v6-puskohled-5-30x56-ddmp-mrad","status":"publish","type":"product","link":"https:\/\/ddoptics.shop\/cs\/kaufen\/ddoptics-v6-zielfernrohr-5-30x56-ddmp-mrad\/","title":{"rendered":"Pu\u0161kohled 5-30\u00d756 DDMP od DDoptics | V6 | TacA | MRAD adjustment - Gen 3"},"content":{"rendered":"<div class=\"container section-title-container\" ><h3 class=\"section-title section-title-normal\"><b aria-hidden=\"true\"><\/b><span class=\"section-title-main\" ><i class=\"icon-cross\" aria-hidden=\"true\"><\/i>Rychl\u00fd p\u0159ehled pu\u0161kohled V6 5-30x56 DDMP - MRAD - nastaven\u00ed 1 cm \/100 m kliknut\u00edm<\/span><b aria-hidden=\"true\"><\/b><\/h3><\/div>\n<table style=\"background-color: #cacaca;\">\n<tbody>\n<tr style=\"height: 24px;\">\n<td style=\"height: 24px; text-align: left; width: 20%;\"><strong>Trubka:<\/strong><\/td>\n<td style=\"height: 24px; text-align: left; width: 30%;\">34 mm mono trubice<\/td>\n<td style=\"height: 24px; text-align: left; width: 20%;\"><strong>Zorn\u00e9 pole: m @100m:<\/strong><\/td>\n<td style=\"height: 24px; text-align: left; width: 30%;\">7,04-1,05 m<\/td>\n<\/tr>\n<tr style=\"height: 24px;\">\n<td style=\"height: 24px; text-align: left; width: 20%;\"><strong>Optick\u00fd syst\u00e9m:<\/strong><\/td>\n<td style=\"height: 24px; text-align: left; width: 30%;\">5-30n\u00e1sobek<\/td>\n<td style=\"height: 24px; text-align: left; width: 20%;\"><strong>Mezipupil\u00e1rn\u00ed vzd\u00e1lenost:<\/strong><\/td>\n<td style=\"height: 24px; text-align: left; width: 30%;\">85-97 mm<\/td>\n<\/tr>\n<tr style=\"height: 24px;\">\n<td style=\"height: 24px; text-align: left; width: 20%;\"><strong>C\u00edl:<\/strong><\/td>\n<td style=\"height: 24px; text-align: left; width: 30%;\">56 mm<\/td>\n<td style=\"height: 24px; text-align: left; width: 20%;\"><strong>D\u00e9lka:<\/strong><\/td>\n<td style=\"height: 24px; text-align: left; width: 30%;\">368 mm<\/td>\n<\/tr>\n<tr style=\"height: 24px;\">\n<td style=\"height: 24px; text-align: left; width: 20%;\"><strong>Zam\u011b\u0159ova\u010d:<\/strong><\/td>\n<td style=\"height: 24px; text-align: left; width: 30%;\">TacA<\/td>\n<td style=\"height: 24px; text-align: left; width: 20%;\"><strong>Hmotnost:<\/strong><\/td>\n<td style=\"height: 24px; text-align: left; width: 30%;\">1068 g<\/td>\n<\/tr>\n<tr style=\"height: 24px;\">\n<td style=\"height: 24px; text-align: left; width: 20%;\"><strong>Sv\u011bteln\u00fd bod<\/strong><\/td>\n<td style=\"height: 24px; text-align: left; width: 30%;\">Standardn\u00ed nebo iFibre<\/td>\n<td style=\"height: 24px; text-align: left; width: 20%;\"><strong>Ochrana proti zaml\u017eov\u00e1n\u00ed:<\/strong><\/td>\n<td style=\"height: 24px; text-align: left; width: 30%;\">Dus\u00edkov\u00e1 n\u00e1pl\u0148 proti zaml\u017een\u00ed<\/td>\n<\/tr>\n<tr style=\"height: 24px;\">\n<td style=\"height: 24px; text-align: left; width: 20%;\"><strong>Zaost\u0159en\u00ed\/paralaxa:<\/strong><\/td>\n<td style=\"height: 24px; text-align: left; width: 30%;\">Nastaviteln\u00fd objektiv 25-1000 m a\u017e nekone\u010dno<\/td>\n<td style=\"height: 24px; text-align: left; width: 20%;\"><strong>T\u011bsnost:<\/strong><\/td>\n<td style=\"height: 24px; text-align: left; width: 30%;\">Odolnost v\u016f\u010di vod\u011b a n\u00e1raz\u016fm<\/td>\n<\/tr>\n<\/tbody>\n<\/table>\n<div class=\"row\"  id=\"row-885609117\">\n\n\t<div id=\"col-33628683\" class=\"col medium-8 small-12 large-8\"  >\n\t\t\t\t<div class=\"col-inner\"  >\n\t\t\t\n\t\t\t\n<h2>Pu\u0161kohled 5-30\u00d756 - V6 DDMP | MRAD od DDoptics - absolutn\u00ed p\u0159esnost ve st\u0159edn\u00edm rozsahu od 100 do 1000 m<\/h2>\n<p>A\u0165 u\u017e jako <strong>Pu\u0161kohled ve sportovn\u00edm d\u00e1lkom\u011bru<\/strong> nebo st\u0159edn\u00ed vzd\u00e1lenost 100 a 1 000 metr\u016f. Ultramodern\u00ed pu\u0161kohled DDoptics <strong>5-30\u00d756<\/strong> DDMP pokr\u00fdv\u00e1 cel\u00e9 \u201epln\u00e9 spektrum\u201c mo\u017en\u00fdch aplikac\u00ed.<\/p>\n<p>D\u00edky obrovsk\u00e9mu rozsahu nastaven\u00ed 30 MRAD (29,6) - tj. 100 MOA - lze dos\u00e1hnout vzd\u00e1lenosti a\u017e 2 000 m a v\u00edce. Cel\u00fd rozsah nastaven\u00ed je pokryt pouh\u00fdmi 3 ot\u00e1\u010dkami, co\u017e umo\u017e\u0148uje dos\u00e1hnout extr\u00e9mn\u011b velk\u00e9ho dosahu.<strong> Rychl\u00e1 zm\u011bna r\u016fzn\u00fdch vzd\u00e1lenost\u00ed st\u0159elby<\/strong> mo\u017en\u00e9.<\/p>\n<h3>Zam\u011b\u0159ova\u010d 5-30\u00d756 DDMP V6 TacA od spole\u010dnosti DDoptics<\/h3>\n<p>Zam\u011b\u0159ova\u010d TacA se velmi snadno pou\u017e\u00edv\u00e1. <strong>Vzhledem k prvn\u00ed obrazov\u00e9 rovin\u011b je tedy vzd\u00e1lenost od pln\u00e9 \u010d\u00e1ry k pln\u00e9 \u010d\u00e1\u0159e v\u017edy p\u0159esn\u011b 1 MRAD \u21d2 10 cm.<\/strong> na 100 m. Mezilehl\u00e9 \u010d\u00e1ry ozna\u010duj\u00ed <strong>0,5 MRAD \u21d2 5 cm.<\/strong><\/p>\n<p>\u0160\u00edpovit\u00e9 ku\u017eelov\u00e9 nosn\u00edky byly z\u00e1m\u011brn\u011b ponech\u00e1ny pr\u016fhledn\u00e9, aby i <strong>Za zam\u011b\u0159ova\u010dem se nic neskr\u00fdv\u00e1<\/strong> poz\u016fstatky.<\/p>\n\t\t<\/div>\n\t\t\t\t\t<\/div>\n\n\t\n\n\t<div id=\"col-1641014059\" class=\"col medium-4 small-12 large-4\"  >\n\t\t\t\t<div class=\"col-inner\"  >\n\t\t\t\n\t\t\t\n<a class=\"button primary expand\" >\n\t\t<span>Speci\u00e1ln\u00ed funkce pu\u0161kohledu<\/span>\n\t<\/a>\n\n\n\t<section class=\"section\" id=\"section_1189694215\">\n\t\t<div class=\"section-bg fill\" >\n\t\t\t\t\t\t\t\t\t<div class=\"section-bg-overlay absolute fill\"><\/div>\n\t\t\t\n\n\t\t<\/div>\n\n\t\t\n\n\t\t<div class=\"section-content relative\">\n\t\t\t\n\t<div class=\"img has-hover x md-x lg-x y md-y lg-y\" id=\"image_1355216628\">\n\t\t<a class=\"\" href=\"https:\/\/www.ddoptics.de\/garantiebestimmungen\" target=\"_blank\" rel=\"no follow noopener\">\t\t\t\t\t\t<div class=\"img-inner dark\" >\n\t\t\t<img decoding=\"async\" width=\"352\" height=\"160\" src=\"https:\/\/ddoptics.shop\/wp-content\/uploads\/2014\/09\/DDoptics-Garantie.jpg\" class=\"attachment-large size-large\" alt=\"Z\u00e1ruka DDoptics\" srcset=\"https:\/\/ddoptics.shop\/wp-content\/uploads\/2014\/09\/DDoptics-Garantie.jpg 352w, https:\/\/ddoptics.shop\/wp-content\/uploads\/2014\/09\/DDoptics-Garantie-304x138.jpg 304w, https:\/\/ddoptics.shop\/wp-content\/uploads\/2014\/09\/DDoptics-Garantie-305x139.jpg 305w, https:\/\/ddoptics.shop\/wp-content\/uploads\/2014\/09\/DDoptics-Garantie-250x114.jpg 250w\" sizes=\"(max-width: 352px) 100vw, 352px\" title=\"\">\t\t\t\t\t\t\n\t\t\t\t\t<\/div>\n\t\t\t\t\t\t<\/a>\t\t\n<style>\n#image_1355216628 {\n  width: 100%;\n}\n<\/style>\n\t<\/div>\n\t\n\t<div id=\"gap-732504802\" class=\"gap-element clearfix\" style=\"display:block; height:auto;\">\n\t\t\n<style>\n#gap-732504802 {\n  padding-top: 15px;\n}\n<\/style>\n\t<\/div>\n\t\n\t<div id=\"text-2248484915\" class=\"text\">\n\t\t\n<p><span style=\"font-size: 80%;\"><em>\u21d2 DDMP - DDoptics Match Precision<br \/>\n\u21d2 ide\u00e1ln\u00ed pro n\u00e1ro\u010dn\u00e9 st\u0159elce<br \/>\n\u21d2 rozsah nastaven\u00ed 30 MRAD umo\u017e\u0148uje extr\u00e9mn\u011b dlouh\u00e9 z\u00e1b\u011bry<br \/>\n\u21d2 Robustn\u00ed 34mm trubka<br \/>\n\u21d2 velk\u00e9 kovov\u00e9 taktick\u00e9 v\u011b\u017ee (bez plastu)<br \/>\n\u21d2 Dvojit\u00e9 m\u011b\u0159\u00edtko (dvoj\u00ed oto\u010den\u00ed)<br \/>\n\u21d2 Intern\u00ed nulov\u00fd doraz pro ASV (nulov\u00fd doraz)<br \/>\n\u21d2 Tvrd\u00fd taktick\u00fd detent 0,1 MRAD click (1cm\/click)<br \/>\n\u21d2 jedna ot\u00e1\u010dka = 10 MRAD<br \/>\n\u21d2 Nov\u00fd zam\u011b\u0159ova\u010d tacA v 1. ohniskov\u00e9 rovin\u011b<br \/>\n\u21d2 V\u00fdkonn\u00e9 vyrovn\u00e1v\u00e1n\u00ed paralaxy pomoc\u00ed 25-1000-\u221e<br \/>\n<\/em><\/span><\/p>\n\t\t\n<style>\n#text-2248484915 {\n  line-height: 1.15;\n  color: rgb(33, 107, 227);\n}\n#text-2248484915 > * {\n  color: rgb(33, 107, 227);\n}\n<\/style>\n\t<\/div>\n\t\n\t\t<\/div>\n\n\t\t\n<style>\n#section_1189694215 {\n  padding-top: 30px;\n  padding-bottom: 30px;\n  background-color: rgb(232, 232, 232);\n}\n#section_1189694215 .section-bg-overlay {\n  background-color: rgba(255,255,255,.5);\n}\n<\/style>\n\t<\/section>\n\t\n<div class=\"is-divider divider clearfix\" ><\/div>\n\t\t<\/div>\n\t\t\t\t\t<\/div>\n\n\t\n<\/div>\n\t<div class=\"img has-hover x md-x lg-x y md-y lg-y\" id=\"image_646375723\">\n\t\t\t\t\t\t\t\t<div class=\"img-inner dark\" >\n\t\t\t<img decoding=\"async\" width=\"1020\" height=\"669\" src=\"https:\/\/ddoptics.shop\/wp-content\/uploads\/2019\/02\/DDoptics-V6-Zielfernrohr-5-30x56-Zeichnung.jpg\" class=\"attachment-large size-large\" alt=\"DDoptics V6 pu\u0161kohled 5-30x56 DDMP kresba\" srcset=\"https:\/\/ddoptics.shop\/wp-content\/uploads\/2019\/02\/DDoptics-V6-Zielfernrohr-5-30x56-Zeichnung.jpg 1200w, https:\/\/ddoptics.shop\/wp-content\/uploads\/2019\/02\/DDoptics-V6-Zielfernrohr-5-30x56-Zeichnung-304x199.jpg 304w, https:\/\/ddoptics.shop\/wp-content\/uploads\/2019\/02\/DDoptics-V6-Zielfernrohr-5-30x56-Zeichnung-305x200.jpg 305w, https:\/\/ddoptics.shop\/wp-content\/uploads\/2019\/02\/DDoptics-V6-Zielfernrohr-5-30x56-Zeichnung-632x414.jpg 632w, https:\/\/ddoptics.shop\/wp-content\/uploads\/2019\/02\/DDoptics-V6-Zielfernrohr-5-30x56-Zeichnung-800x525.jpg 800w, https:\/\/ddoptics.shop\/wp-content\/uploads\/2019\/02\/DDoptics-V6-Zielfernrohr-5-30x56-Zeichnung-510x334.jpg 510w, https:\/\/ddoptics.shop\/wp-content\/uploads\/2019\/02\/DDoptics-V6-Zielfernrohr-5-30x56-Zeichnung-250x164.jpg 250w\" sizes=\"(max-width: 1020px) 100vw, 1020px\" title=\"\">\t\t\t\t\t\t\n\t\t\t\t\t<\/div>\n\t\t\t\t\t\t\t\t\n<style>\n#image_646375723 {\n  width: 100%;\n}\n<\/style>\n\t<\/div>\n\t\n<h3>Pu\u0161kohled DDoptics V6 5-30\u00d756 DDMP: Plynul\u00fd p\u0159echod z re\u017eimu denn\u00edho sv\u011btla na no\u010dn\u00ed vid\u011bn\u00ed<\/h3>\n<p>Na str\u00e1nk\u00e1ch <strong>Lehk\u00e1 jednotka TacA<\/strong> je dokonale vyv\u00e1\u017een\u00fd syst\u00e9m s maxim\u00e1ln\u00ed dynamikou. . <strong>prvn\u00ed \u00farovn\u011b jasu pouze extr\u00e9mn\u011b mal\u00e1 sv\u011bteln\u00e1 skvrna<\/strong> rozpoznat.<\/p>\n<p>To m\u016f\u017ee b\u00fdt dokonce ztlumeno do t\u00e9 m\u00edry, \u017ee to <strong>lze pou\u017e\u00edt i se za\u0159\u00edzen\u00edm pro no\u010dn\u00ed vid\u011bn\u00ed.<\/strong> Pokud je sv\u00edt\u00edc\u00ed bod je\u0161t\u011b v\u00edce zes\u00edlen, pak se<strong> osv\u011btluje celou m\u00edstnost od ur\u010dit\u00e9 intenzity sv\u011btla. <a href=\"https:\/\/de.wikipedia.org\/wiki\/Ballistik\" target=\"_blank\" rel=\"noopener sponsored\" data-schema-attribute=\"\">balistick\u00e9<\/a> S\u00ed\u0165ka<\/strong> s.<\/p>\n<p>V z\u00e1vislosti na aplikaci <strong>lze volit mezi \u010dist\u00fdm bodov\u00fdm nebo pln\u011b osv\u011btlen\u00fdm zam\u011b\u0159ova\u010dem<\/strong>. U tohoto optick\u00e9ho zam\u011b\u0159ova\u010de lze zvolit tak\u00e9 automatick\u00e9 vypnut\u00ed s inteligentn\u00edm \u0159\u00edzen\u00edm.<\/p>\n<h3>Celkov\u00fd rozsah nastaven\u00ed pu\u0161kohledu DDoptics<a href=\"https:\/\/ddoptics.shop\/cs\/obchod\/teleskopicky-zamerovac-2\/v6-6x-zoom\/\" target=\"_blank\" rel=\"noopener\" data-schema-attribute=\"\"> Pu\u0161kohled V6<\/a> 5-30\u00d756 DDMP:<\/h3>\n<p>Na str\u00e1nk\u00e1ch\u00a0<strong>Pu\u0161kohled 5-30\u00d756<\/strong> m\u00e1<strong> Taktick\u00e9 nastaven\u00ed 0,1 mrad<\/strong>. Pro u\u017eivatele to znamen\u00e1. <strong>Evropa jednoduch\u00e1 aplikace podle des\u00edtkov\u00e9 soustavy<\/strong>.<\/p>\n<p>Celkov\u00e1 dr\u00e1ha nastaven\u00ed na 100 m: 29,6 <a href=\"https:\/\/ddoptics.shop\/cs\/technicky-termin\/vypocet-uhlove-minuty-nebo-moa-pro-puskohledy\/\" target=\"_blank\" rel=\"noopener noreferrer\">MRAD<\/a><\/p>\n<ul>\n<li>Dr\u00e1ha nastaven\u00ed \/ kliknut\u00ed na 100 m: 1 cm<\/li>\n<li>Dr\u00e1ha nastaven\u00ed \/ kliknut\u00ed p\u0159i 200 m: 2 cm<\/li>\n<li>Rozsah nastaven\u00ed \/ kliknut\u00ed na 300 m: 3 cm<\/li>\n<li>Dr\u00e1ha nastaven\u00ed \/ kliknut\u00ed p\u0159i 900 m: 9 cm<\/li>\n<\/ul>\n<h3>Pu\u0161kohled DDoptics V6 5-30\u00d756 DDMP - P\u0159esn\u00fd, vnit\u0159n\u00ed Zerostop<\/h3>\n<figure id=\"attachment_12866\" aria-describedby=\"caption-attachment-12866\" style=\"width: 350px\" class=\"wp-caption alignright\"><a href=\"https:\/\/ddoptics.shop\/wp-content\/uploads\/2019\/02\/Interner-Zerostop-5-30x56.jpg\"><img decoding=\"async\" class=\"wp-image-12866\" src=\"https:\/\/ddoptics.shop\/wp-content\/uploads\/2019\/02\/Interner-Zerostop-5-30x56.jpg\" alt=\"Intern\u00ed pu\u0161kohled Zerostop 5-30x56 DDoptics\" width=\"350\" height=\"233\" title=\"\" srcset=\"https:\/\/ddoptics.shop\/wp-content\/uploads\/2019\/02\/Interner-Zerostop-5-30x56.jpg 600w, https:\/\/ddoptics.shop\/wp-content\/uploads\/2019\/02\/Interner-Zerostop-5-30x56-304x203.jpg 304w, https:\/\/ddoptics.shop\/wp-content\/uploads\/2019\/02\/Interner-Zerostop-5-30x56-305x203.jpg 305w, https:\/\/ddoptics.shop\/wp-content\/uploads\/2019\/02\/Interner-Zerostop-5-30x56-510x340.jpg 510w, https:\/\/ddoptics.shop\/wp-content\/uploads\/2019\/02\/Interner-Zerostop-5-30x56-250x167.jpg 250w\" sizes=\"(max-width: 350px) 100vw, 350px\" \/><\/a><figcaption id=\"caption-attachment-12866\" class=\"wp-caption-text\">Intern\u00ed pu\u0161kohled Zerostop 5-30\u00d756 DDoptics<\/figcaption><\/figure>\n<p>Po odstran\u011bn\u00ed<strong> Krytky v\u011b\u017ei\u010dek z nastaven\u00ed zam\u011b\u0159ova\u010de 5-30\u00d756\u00a0<\/strong>v\u011b\u017e m\u016f\u017ee b\u00fdt <strong>povolen\u00edm 3 \u0161roub\u016f<\/strong> odstranit sm\u011brem nahoru. Pod n\u00edm najdete Zerostop v podob\u011b kulat\u00e9ho \u010dern\u00e9ho disku.<\/p>\n<p>Zerostop se nastavuje po v\u00fdst\u0159elu povolen\u00edm (tak\u00e9) 3 \u0161roub\u016f na kotou\u010di Zerostop. Pokud jsou povoleny, lze diskem ot\u00e1\u010det na doraz bez jak\u00e9hokoli vlivu a. <strong>pak znovu upevnit pomoc\u00ed \u0161roub\u016f s dr\u00e1\u017ekou<\/strong> st\u00e1t se.<\/p>\n<p>Na obr\u00e1zku je vid\u011bt zar\u00e1\u017eka mezi c\u00edlem a optick\u00fdm zam\u011b\u0159ova\u010dem. Pak se<strong> Vra\u0165te v\u011b\u017e do nulov\u00e9 polohy a zajist\u011bte ji pomoc\u00ed 3 \u0161roub\u016f.\u00a0<\/strong>Zerostop se nyn\u00ed zastav\u00ed p\u0159esn\u011b v nastaven\u00e9 vzd\u00e1lenosti.<\/p>","protected":false},"excerpt":{"rendered":"<p><img decoding=\"async\" class=\"alignnone wp-image-10452 size-full\" title=\"Sportovn\u00ed st\u0159elba\" src=\"https:\/\/ddoptics.shop\/wp-content\/uploads\/2016\/07\/Target-Schiessen.jpg\" alt=\"St\u0159elba na ter\u010d\" width=\"50\" height=\"50\" \/><img decoding=\"async\" class=\"alignnone wp-image-10168 size-full\" title=\"Lov na stoj\u00e1ka\" src=\"https:\/\/ddoptics.shop\/wp-content\/uploads\/2016\/09\/Jagd-klein.jpg\" alt=\"Loveck\u00e9 dalekohledy\" width=\"50\" height=\"50\" \/><img decoding=\"async\" class=\"alignnone wp-image-10178 size-full\" title=\"Lov v hor\u00e1ch\" src=\"https:\/\/ddoptics.shop\/wp-content\/uploads\/2016\/04\/Gebirgsjagd-klein.jpg\" alt=\"Horsk\u00e9 loveck\u00e9 dalekohledy\" width=\"50\" height=\"50\" \/><\/p>\n<p><strong><span style=\"color: #ed1c24;\">D\u016fle\u017eit\u00e9: Nov\u00fd zam\u011b\u0159ova\u010d tacA v 1. ohniskov\u00e9 rovin\u011b<\/span><\/strong><\/p>\n<p>Nov\u00e1, extr\u00e9mn\u011b zam\u011b\u0159en\u00e1 optika, kter\u00e1 <strong>t\u00e9m\u011b\u0159 v\u0161echny oblasti<\/strong> ob\u00e1lky. Od sportovn\u00ed st\u0159elby p\u0159es lov na skr\u00fd\u0161 a\u017e po horsk\u00fd lov - a\u017e po posledn\u00ed sv\u011btlo pu\u0161ky. <strong>Voliteln\u011b s inteligentn\u00edm tacA <a title=\"NOVINKA DDoptics IFiber osv\u011btlen\u00e1 te\u010dka\" href=\"\/cs\/technicky-termin-wiki\/inteligentni-ddoptics-ifiber-light-point\/\" target=\"_blank\" rel=\"noopener noreferrer\">Sv\u011bteln\u00fd bod IFibre<\/a> za p\u0159\u00edplatek pouh\u00fdch 99,- \u20ac.<\/strong><\/p>\n<a href=\"https:\/\/amzn.to\/3RI5BKD\" target=\"_blank\" class=\"button success is-success is-small\" rel=\"\u201dnofollow\u201d noopener\" >\n\t\t<span>z\u00e1kazn\u00edk amazonu? - vyu\u017e\u00edv\u00e1te v\u00fdhody prime?<\/span>\n\t<\/a>","protected":false},"featured_media":12872,"comment_status":"open","ping_status":"closed","template":"","meta":{"inline_featured_image":false,"footnotes":""},"product_brand":[],"product_cat":[768,454,638,697,640,641,919,637],"product_tag":[764,78,80,698,79],"class_list":{"0":"post-12862","1":"product","2":"type-product","3":"status-publish","4":"has-post-thumbnail","6":"product_cat-5-30x56","7":"product_cat-56-mm-objektivdurchmesser","8":"product_cat-ansitzjagd","9":"product_cat-mrad-klickverstellung","10":"product_cat-pirschjagd-und-gebirgsjagd","11":"product_cat-sportschiessen","12":"product_cat-v6-6-fach-zoom","13":"product_cat-zf-anwendung","14":"product_tag-5-30x56","15":"product_tag-ddoptics","16":"product_tag-gen-3","17":"product_tag-mrad-1-cm-klickverstellung","18":"product_tag-zielfernrohr","19":"product_shipping_class-paket","20":"pa_brand-marke-ddoptics","21":"pa_produkt-typ-zielfernrohr","23":"first","24":"instock","25":"sale","26":"taxable","27":"shipping-taxable","28":"purchasable","29":"product-type-bundle"},"bundled_by":[],"bundle_stock_status":"instock","bundle_stock_quantity":"","bundle_virtual":false,"bundle_layout":"default","bundle_add_to_cart_form_location":"default","bundle_editable_in_cart":false,"bundle_sold_individually_context":"product","bundle_item_grouping":"parent","bundle_min_size":"","bundle_max_size":"","bundle_price":{"price":{"min":{"incl_tax":"1520","excl_tax":"1266.67"},"max":{"incl_tax":"1624.32","excl_tax":"1353.6"}},"regular_price":{"min":{"incl_tax":"1899","excl_tax":"1582.5"},"max":{"incl_tax":"2014.9","excl_tax":"1679.08"}}},"bundled_items":[{"bundled_item_id":76,"product_id":16795,"menu_order":0,"quantity_min":1,"quantity_max":1,"quantity_default":1,"priced_individually":true,"shipped_individually":false,"override_title":true,"title":"","override_description":false,"description":"","optional":false,"hide_thumbnail":true,"discount":"","override_variations":false,"allowed_variations":[],"override_default_variation_attributes":true,"default_variation_attributes":[{"id":36,"name":"tacA osv\u011btlen\u00e1 te\u010dka","option":"ddoptics-taca-normales-leuchtabsehen"}],"single_product_visibility":"visible","cart_visibility":"visible","order_visibility":"visible","single_product_price_visibility":"visible","cart_price_visibility":"visible","order_price_visibility":"visible","stock_status":"in_stock"},{"bundled_item_id":75,"product_id":12812,"menu_order":1,"quantity_min":1,"quantity_max":1,"quantity_default":1,"priced_individually":true,"shipped_individually":false,"override_title":true,"title":"T\u00e9m\u011b\u0159 jako d\u00e1rek - Flip Caps SET","override_description":true,"description":"","optional":true,"hide_thumbnail":true,"discount":"68.55","override_variations":true,"allowed_variations":[12870],"override_default_variation_attributes":true,"default_variation_attributes":[{"id":17,"name":"Velikost pu\u0161kohledu","option":"5-30x56"}],"single_product_visibility":"visible","cart_visibility":"visible","order_visibility":"visible","single_product_price_visibility":"visible","cart_price_visibility":"visible","order_price_visibility":"visible","stock_status":"in_stock"}],"bundle_sell_ids":[],"_links":{"self":[{"href":"https:\/\/ddoptics.shop\/cs\/wp-json\/wp\/v2\/product\/12862","targetHints":{"allow":["GET"]}}],"collection":[{"href":"https:\/\/ddoptics.shop\/cs\/wp-json\/wp\/v2\/product"}],"about":[{"href":"https:\/\/ddoptics.shop\/cs\/wp-json\/wp\/v2\/types\/product"}],"replies":[{"embeddable":true,"href":"https:\/\/ddoptics.shop\/cs\/wp-json\/wp\/v2\/comments?post=12862"}],"version-history":[{"count":18,"href":"https:\/\/ddoptics.shop\/cs\/wp-json\/wp\/v2\/product\/12862\/revisions"}],"predecessor-version":[{"id":29573,"href":"https:\/\/ddoptics.shop\/cs\/wp-json\/wp\/v2\/product\/12862\/revisions\/29573"}],"wp:featuredmedia":[{"embeddable":true,"href":"https:\/\/ddoptics.shop\/cs\/wp-json\/wp\/v2\/media\/12872"}],"wp:attachment":[{"href":"https:\/\/ddoptics.shop\/cs\/wp-json\/wp\/v2\/media?parent=12862"}],"wp:term":[{"taxonomy":"product_brand","embeddable":true,"href":"https:\/\/ddoptics.shop\/cs\/wp-json\/wp\/v2\/product_brand?post=12862"},{"taxonomy":"product_cat","embeddable":true,"href":"https:\/\/ddoptics.shop\/cs\/wp-json\/wp\/v2\/product_cat?post=12862"},{"taxonomy":"product_tag","embeddable":true,"href":"https:\/\/ddoptics.shop\/cs\/wp-json\/wp\/v2\/product_tag?post=12862"}],"curies":[{"name":"wp","href":"https:\/\/api.w.org\/{rel}","templated":true}]}}