{"id":13363,"date":"2019-04-11T09:25:11","date_gmt":"2019-04-11T07:25:11","guid":{"rendered":"https:\/\/ddoptics.shop\/?post_type=product&#038;p=13363"},"modified":"2025-06-27T13:48:22","modified_gmt":"2025-06-27T11:48:22","slug":"dalekohled-ddoptics-lux-hr-8x25-ed-kapesni","status":"publish","type":"product","link":"https:\/\/ddoptics.shop\/cs\/kaufen\/fernglas-ddoptics-lux-hr-8x25-ed-pocket\/","title":{"rendered":"Dalekohled DDoptics Lux-HR 8\u00d725 ED \u201cPocket\u201d"},"content":{"rendered":"<div class=\"row\"  id=\"row-1848296339\">\n\n\t<div id=\"col-1118269278\" class=\"col medium-8 small-12 large-8\"  >\n\t\t\t\t<div class=\"col-inner\"  >\n\t\t\t\n\t\t\t\n<h2>Velmi dobr\u00e9 a cenov\u011b dostupn\u00e9. Lehk\u00fd a kompaktn\u00ed \u201ckapesn\u00ed\u201d dalekohled DDoptics Lux-HR 8\u00d725 ED\u201d<\/h2>\n<p>Nov\u00fd dalekohled Lux-HR 8\u00d725 \u201cPocket\u201d ED je vysoce kvalitn\u00ed dalekohled, kter\u00fd se vejde do ka\u017ed\u00e9 kapsy u bundy.<\/p>\n<p>Na str\u00e1nk\u00e1ch <strong>DDoptics Lux-HR \u201cPocket\u201d ED<\/strong> p\u0159ich\u00e1z\u00ed<strong> D\u00edky stabiln\u00edmu a lehk\u00e9mu ho\u0159\u010d\u00edkov\u00e9mu pouzdru<\/strong> na hmotnost ni\u017e\u0161\u00ed ne\u017e 300 gram\u016f.<\/p>\n<p>S t\u00edmto <strong>Mini dalekohledy<\/strong> Navzdory mal\u00fdm rozm\u011br\u016fm z\u00edsk\u00e1te jasn\u00fd a \u010dist\u00fd obraz.<strong> jasn\u00fd obraz<\/strong> s vynikaj\u00edc\u00edm rozli\u0161en\u00edm. Dob\u0159e pou\u017eiteln\u00fd je i za soumraku \u2013 samoz\u0159ejm\u011b ne tak dlouho jako dalekohled s 42mm objektivem. <strong>Lux-HR 8\u00d725 \u201cPocket\u201d ED<\/strong> kombinuje sv\u011btlo a<strong> Kompaktn\u00ed design<\/strong> s brilantn\u00edm optick\u00fdm \u201cpot\u011b\u0161en\u00edm ze sledov\u00e1n\u00ed\u201d.<\/p>\n<p>D\u016fle\u017eit\u00fd detail: O\u010dn\u00ed mu\u0161le jsou i zde vyrobeny z kovu a jsou pota\u017eeny gumou.<\/p>\n<h3>Mont\u00e1\u017e vysoce kvalitn\u00edch optick\u00fdch komponent\u016f do dalekohledu 8\u00d725<\/h3>\n<p>Jako u v\u0161ech dalekohled\u016f DDoptics Lux-HR, byl i u kapesn\u00ed varianty <strong>Zplo\u0161\u0165ovac\u00ed \u010do\u010dky<\/strong> vestav\u011bn\u00fd v. To je u dalekohled\u016f v tomto cenov\u00e9m segmentu naprost\u00e1 specialita.<\/p>\n<p>\u010co\u010dky pro zplo\u0161t\u011bn\u00ed pole jsou<strong> Speci\u00e1ln\u00ed p\u0159\u00eddavn\u00e9 \u010do\u010dky<\/strong> v r\u00e1mci <strong>Balen\u00ed objektiv\u016f.<\/strong> Vyrovn\u00e1vaj\u00ed zak\u0159iven\u00ed obrazov\u00e9ho pole zp\u016fsoben\u00e9 polom\u011brem \u010do\u010dky a vytv\u00e1\u0159ej\u00ed tak t\u00e9m\u011b\u0159 rovn\u00fd obraz.<\/p>\n<p>V\u00fdhoda: \u010c\u00e1ry a hrany, kter\u00e9 jsou<strong> Zak\u0159iven\u00ed objektivu<\/strong> jsou p\u0159irozen\u011b ohnut\u00e9, jsou op\u011bt <strong>zobrazeno rovn\u011b<\/strong>. V\u00fdhoda, pokud chcete fotografovat dalekohledem.<\/p>\n\t\t<\/div>\n\t\t\t\t\n<style>\n#col-1118269278 > .col-inner {\n  margin: 0px 0px -30px 0px;\n}\n<\/style>\n\t<\/div>\n\n\t\n\n\t<div id=\"col-1509567909\" class=\"col medium-4 small-12 large-4\"  >\n\t\t\t\t<div class=\"col-inner\"  >\n\t\t\t\n\t\t\t\n\t<div class=\"img has-hover x md-x lg-x y md-y lg-y\" id=\"image_996327634\">\n\t\t\t\t\t\t\t\t<div class=\"img-inner dark\" >\n\t\t\t\t\t\t\t\t\t\n\t\t\t\t\t<\/div>\n\t\t\t\t\t\t\t\t\n<style>\n#image_996327634 {\n  width: 100%;\n}\n<\/style>\n\t<\/div>\n\t\n\t<div class=\"img has-hover x md-x lg-x y md-y lg-y\" id=\"image_1581599577\">\n\t\t<a class=\"\" href=\"https:\/\/www.shop.ddoptics.de\/garantiebestimmungen\" target=\"_blank\" rel=\"noopener\">\t\t\t\t\t\t<div class=\"img-inner dark\" >\n\t\t\t<img decoding=\"async\" width=\"352\" height=\"160\" src=\"https:\/\/ddoptics.shop\/wp-content\/uploads\/2014\/09\/DDoptics-Garantie.jpg\" class=\"attachment-large size-large\" alt=\"Z\u00e1ruka DDoptics\" srcset=\"https:\/\/ddoptics.shop\/wp-content\/uploads\/2014\/09\/DDoptics-Garantie.jpg 352w, https:\/\/ddoptics.shop\/wp-content\/uploads\/2014\/09\/DDoptics-Garantie-304x138.jpg 304w, https:\/\/ddoptics.shop\/wp-content\/uploads\/2014\/09\/DDoptics-Garantie-305x139.jpg 305w, https:\/\/ddoptics.shop\/wp-content\/uploads\/2014\/09\/DDoptics-Garantie-250x114.jpg 250w\" sizes=\"(max-width: 352px) 100vw, 352px\" title=\"\">\t\t\t\t\t\t\n\t\t\t\t\t<\/div>\n\t\t\t\t\t\t<\/a>\t\t\n<style>\n#image_1581599577 {\n  width: 100%;\n}\n<\/style>\n\t<\/div>\n\t\n<h3>Dalekohledy DDoptics LUX fakta<\/h3>\n\n\t\t<div class=\"icon-box featured-box icon-box-left text-left\"  >\n\t\t\t\t\t<div class=\"icon-box-img\" style=\"width: 32px\">\n\t\t\t\t<div class=\"icon\">\n\t\t\t\t\t<div class=\"icon-inner\" >\n\t\t\t\t\t\t<img decoding=\"async\" width=\"100\" height=\"83\" src=\"https:\/\/ddoptics.shop\/wp-content\/uploads\/2021\/05\/DDoptics-SHG-Icon.jpg\" class=\"attachment-medium size-medium\" alt=\"Dalekohled DDoptics SHG Icon\" title=\"\">\t\t\t\t\t<\/div>\n\t\t\t\t<\/div>\n\t\t\t<\/div>\n\t\t\t\t<div class=\"icon-box-text last-reset\">\n\t\t\t\t\t\t\t\t\t\n<p>\u2705 114 m Sehfeld<\/p>\n\t\t<\/div>\n\t<\/div>\n\t\n\t\n\n\t\t<div class=\"icon-box featured-box icon-box-left text-left\"  >\n\t\t\t\t\t<div class=\"icon-box-img\" style=\"width: 32px\">\n\t\t\t\t<div class=\"icon\">\n\t\t\t\t\t<div class=\"icon-inner\" >\n\t\t\t\t\t\t<img decoding=\"async\" width=\"100\" height=\"83\" src=\"https:\/\/ddoptics.shop\/wp-content\/uploads\/2021\/05\/DDoptics-SHG-Icon.jpg\" class=\"attachment-medium size-medium\" alt=\"Dalekohled DDoptics SHG Icon\" title=\"\">\t\t\t\t\t<\/div>\n\t\t\t\t<\/div>\n\t\t\t<\/div>\n\t\t\t\t<div class=\"icon-box-text last-reset\">\n\t\t\t\t\t\t\t\t\t\n<p>\u2705 ED Glas &#8211; Voll-Apochromat<\/p>\n\t\t<\/div>\n\t<\/div>\n\t\n\t\n\n\t\t<div class=\"icon-box featured-box icon-box-left text-left\"  >\n\t\t\t\t\t<div class=\"icon-box-img\" style=\"width: 32px\">\n\t\t\t\t<div class=\"icon\">\n\t\t\t\t\t<div class=\"icon-inner\" >\n\t\t\t\t\t\t<img decoding=\"async\" width=\"100\" height=\"83\" src=\"https:\/\/ddoptics.shop\/wp-content\/uploads\/2021\/05\/DDoptics-SHG-Icon.jpg\" class=\"attachment-medium size-medium\" alt=\"Dalekohled DDoptics SHG Icon\" title=\"\">\t\t\t\t\t<\/div>\n\t\t\t\t<\/div>\n\t\t\t<\/div>\n\t\t\t\t<div class=\"icon-box-text last-reset\">\n\t\t\t\t\t\t\t\t\t\n<p>\u2705 CT-Glas &amp; Barium Kronglas Prismen mit optimierte DDlucid-FMC Verg\u00fctung<\/p>\n\t\t<\/div>\n\t<\/div>\n\t\n\t\n\n\t\t<div class=\"icon-box featured-box icon-box-left text-left\"  >\n\t\t\t\t\t<div class=\"icon-box-img\" style=\"width: 32px\">\n\t\t\t\t<div class=\"icon\">\n\t\t\t\t\t<div class=\"icon-inner\" >\n\t\t\t\t\t\t<img decoding=\"async\" width=\"100\" height=\"83\" src=\"https:\/\/ddoptics.shop\/wp-content\/uploads\/2021\/05\/DDoptics-SHG-Icon.jpg\" class=\"attachment-medium size-medium\" alt=\"Dalekohled DDoptics SHG Icon\" title=\"\">\t\t\t\t\t<\/div>\n\t\t\t\t<\/div>\n\t\t\t<\/div>\n\t\t\t\t<div class=\"icon-box-text last-reset\">\n\t\t\t\t\t\t\t\t\t\n<p>\u2705 Objektivy pro zplo\u0161t\u011bn\u00ed pole<\/p>\n\t\t<\/div>\n\t<\/div>\n\t\n\t\n\n\t\t<div class=\"icon-box featured-box icon-box-left text-left\"  >\n\t\t\t\t\t<div class=\"icon-box-img\" style=\"width: 32px\">\n\t\t\t\t<div class=\"icon\">\n\t\t\t\t\t<div class=\"icon-inner\" >\n\t\t\t\t\t\t<img decoding=\"async\" width=\"100\" height=\"83\" src=\"https:\/\/ddoptics.shop\/wp-content\/uploads\/2021\/05\/DDoptics-SHG-Icon.jpg\" class=\"attachment-medium size-medium\" alt=\"Dalekohled DDoptics SHG Icon\" title=\"\">\t\t\t\t\t<\/div>\n\t\t\t\t<\/div>\n\t\t\t<\/div>\n\t\t\t\t<div class=\"icon-box-text last-reset\">\n\t\t\t\t\t\t\t\t\t\n<p>\u2705 Optimalizovan\u00fd povlak DDlucid-FMC<\/p>\n\t\t<\/div>\n\t<\/div>\n\t\n\t\n\n\t\t<div class=\"icon-box featured-box icon-box-left text-left\"  >\n\t\t\t\t\t<div class=\"icon-box-img\" style=\"width: 32px\">\n\t\t\t\t<div class=\"icon\">\n\t\t\t\t\t<div class=\"icon-inner\" >\n\t\t\t\t\t\t<img decoding=\"async\" width=\"100\" height=\"83\" src=\"https:\/\/ddoptics.shop\/wp-content\/uploads\/2021\/05\/DDoptics-SHG-Icon.jpg\" class=\"attachment-medium size-medium\" alt=\"Dalekohled DDoptics SHG Icon\" title=\"\">\t\t\t\t\t<\/div>\n\t\t\t\t<\/div>\n\t\t\t<\/div>\n\t\t\t\t<div class=\"icon-box-text last-reset\">\n\t\t\t\t\t\t\t\t\t\n<p>\u2705 Robustn\u00ed ho\u0159\u010d\u00edkov\u00e9 pouzdro<\/p>\n\t\t<\/div>\n\t<\/div>\n\t\n\t\n<div class=\"is-divider divider clearfix\" ><\/div>\n\t\t<\/div>\n\t\t\t\t\t<\/div>\n\n\t\n<\/div>\n<p>\u010co\u010dky pro zplo\u0161t\u011bn\u00ed pole maj\u00ed tak\u00e9 dal\u0161\u00ed vylep\u0161enou povrchovou \u00fapravu DDlucid, kter\u00e1 je dal\u0161\u00edm v\u00fdvojem povrchov\u00e9 \u00fapravy ELR (Extra Low Reflection). Povrchov\u00e1 \u00faprava DDlucid od spole\u010dnosti DDoptics je v sou\u010dasnosti jednou z nej\u00fa\u010dinn\u011bj\u0161\u00edch povlak\u016f pro binokul\u00e1rn\u00ed dalekohledy. Exkluzivn\u011b <strong>Dalekohledy Premium<\/strong> maj\u00ed v sou\u010dasnosti podobn\u011b vyvinut\u00e9 povlaky. St\u0159e\u0161n\u00ed hranol Schmidt-Pechan je samoz\u0159ejm\u011b f\u00e1zov\u011b povlakovan\u00fd. To v\u0161e zaru\u010duje dlouh\u00e9 a neru\u0161en\u00e9 pozorov\u00e1n\u00ed bez \u00fanavy.<\/p>\n<p>V kombinaci s dielektrick\u00fdm zrcadlem se <strong>Vrstva pro korekci f\u00e1ze<\/strong>\u00a0pro velmi vysok\u00e9 <strong>Sytost barev<\/strong> a <strong>Kontrast obrazu.<\/strong> Pln\u00fd apochromat ED sni\u017euje barevn\u00e9 t\u0159epen\u00ed v protisv\u011btle a zaru\u010duje \u010dist\u00e9 kontury.<\/p>\n<h3>Optim\u00e1ln\u00ed \u00fachop pro vid\u011bn\u00ed bez \u00fanavy s 8n\u00e1sobn\u00fdm zv\u011bt\u0161en\u00edm<\/h3>\n<p>Speci\u00e1ln\u00ed <strong>Pry\u017eov\u00e9 panc\u00e9\u0159ov\u00e1n\u00ed<\/strong> s <strong>M\u011bkk\u00e1 dotykov\u00e1 vrstva<\/strong> a speci\u00e1ln\u011b zdrsn\u011bn\u00fd povrch zaru\u010duje optim\u00e1ln\u00ed \u00fachop a protiskluznost v ka\u017ed\u00e9 situaci. Na m\u016fstku je ergonomicky tvarovan\u00e1 prohlube\u0148 pro pohodln\u00e9 op\u0159en\u00ed prst\u016f. D\u00edky \u0161t\u00edhl\u00e9mu a kompaktn\u00edmu proveden\u00ed sklo skv\u011ble padne do ruky (i do jedn\u00e9 ruky).<\/p>\n<p>Nastaviteln\u00e9 o\u010dnice jsou vyrobeny z vysoce odoln\u00e9 kovov\u00e9 slitiny. Na str\u00e1nk\u00e1ch <strong>Pry\u017eov\u00fd povlak<\/strong> na <strong>O\u010dn\u00ed \u010do\u010dky<\/strong> dodate\u010dn\u011b chr\u00e1n\u00ed okul\u00e1ry p\u0159ed po\u0161kozen\u00edm p\u0159i n\u00e1ro\u010dn\u00e9m nasazen\u00ed v ter\u00e9nu. Samoz\u0159ejm\u011b jsou i dalekohledy Lux-HR Pocket pln\u011b vodot\u011bsn\u00e9 a chr\u00e1n\u011bn\u00e9 proti vnit\u0159n\u00edmu zaml\u017eov\u00e1n\u00ed.<\/p>\n<p><strong>Doporu\u010den\u00ed:<\/strong> Na str\u00e1nk\u00e1ch <strong>Dalekohledy<\/strong> je ide\u00e1ln\u00ed nejen pro<strong> Cestov\u00e1n\u00ed<\/strong>, ale je vhodn\u00fd i pro p\u011b\u0161\u00ed turistiku nebo<strong> ud\u00e1losti<\/strong> se vzd\u00e1lenostmi <strong>(nap\u0159. sc\u00e9na pod \u0161ir\u00fdm nebem).<\/strong><\/p>","protected":false},"excerpt":{"rendered":"<p><img decoding=\"async\" class=\"alignnone wp-image-10180 size-full\" title=\"P\u011b\u0161\u00ed turistika\" src=\"https:\/\/ddoptics.shop\/wp-content\/uploads\/2016\/04\/Bergwandern-klein.jpg\" alt=\"Dalekohledy pro horskou turistiku\" width=\"50\" height=\"50\" \/><img decoding=\"async\" class=\"alignnone wp-image-10178 size-full\" title=\"Pozorov\u00e1n\u00ed zv\u00ed\u0159at horsk\u00fd lov\" src=\"https:\/\/ddoptics.shop\/wp-content\/uploads\/2016\/04\/Gebirgsjagd-klein.jpg\" alt=\"Horsk\u00e9 loveck\u00e9 dalekohledy\" width=\"50\" height=\"50\" \/><img decoding=\"async\" class=\"alignnone wp-image-10170 size-full\" title=\"Pozorov\u00e1n\u00ed pt\u00e1k\u016f\" src=\"https:\/\/ddoptics.shop\/wp-content\/uploads\/2016\/09\/Ornitologie-klein.jpg\" alt=\"Pozorov\u00e1n\u00ed pt\u00e1k\u016f\" width=\"50\" height=\"50\" \/><br \/>\nDDoptics Lux-HR 8\u00d725 \u201cPocket\u201d ED - lehk\u00fd, kompaktn\u00ed dalekohled se \u0161pi\u010dkovou optikou!<\/p>","protected":false},"featured_media":13367,"comment_status":"open","ping_status":"closed","template":"","meta":{"inline_featured_image":false,"footnotes":""},"product_brand":[],"product_cat":[836,349,329,67,344,354,346],"product_tag":[90,838,78,839],"class_list":{"0":"post-13363","1":"product","2":"type-product","3":"status-publish","4":"has-post-thumbnail","6":"product_cat-25-mm-objektiv","7":"product_cat-8x-vergroesserung","8":"product_cat-ddoptics","9":"product_cat-fernglas","10":"product_cat-naturbeobachtung","11":"product_cat-vogelbeobachtung","12":"product_cat-wandern-und-reisen","13":"product_tag-8-fach-vergroesserung","14":"product_tag-8x25","15":"product_tag-ddoptics","16":"product_tag-fernglas-8x25","17":"product_shipping_class-paket","18":"pa_brand-marke-ddoptics","19":"pa_farbe-schwarz","20":"pa_produkt-typ-fernglas","22":"first","23":"instock","24":"sale","25":"taxable","26":"shipping-taxable","27":"purchasable","28":"product-type-simple"},"bundled_by":[],"bundle_stock_status":"instock","bundle_stock_quantity":null,"bundle_virtual":false,"bundle_layout":"","bundle_add_to_cart_form_location":"","bundle_editable_in_cart":false,"bundle_sold_individually_context":"","bundle_item_grouping":"","bundle_min_size":"","bundle_max_size":"","bundle_price":[],"bundled_items":[],"bundle_sell_ids":[],"_links":{"self":[{"href":"https:\/\/ddoptics.shop\/cs\/wp-json\/wp\/v2\/product\/13363","targetHints":{"allow":["GET"]}}],"collection":[{"href":"https:\/\/ddoptics.shop\/cs\/wp-json\/wp\/v2\/product"}],"about":[{"href":"https:\/\/ddoptics.shop\/cs\/wp-json\/wp\/v2\/types\/product"}],"replies":[{"embeddable":true,"href":"https:\/\/ddoptics.shop\/cs\/wp-json\/wp\/v2\/comments?post=13363"}],"version-history":[{"count":4,"href":"https:\/\/ddoptics.shop\/cs\/wp-json\/wp\/v2\/product\/13363\/revisions"}],"predecessor-version":[{"id":28502,"href":"https:\/\/ddoptics.shop\/cs\/wp-json\/wp\/v2\/product\/13363\/revisions\/28502"}],"wp:featuredmedia":[{"embeddable":true,"href":"https:\/\/ddoptics.shop\/cs\/wp-json\/wp\/v2\/media\/13367"}],"wp:attachment":[{"href":"https:\/\/ddoptics.shop\/cs\/wp-json\/wp\/v2\/media?parent=13363"}],"wp:term":[{"taxonomy":"product_brand","embeddable":true,"href":"https:\/\/ddoptics.shop\/cs\/wp-json\/wp\/v2\/product_brand?post=13363"},{"taxonomy":"product_cat","embeddable":true,"href":"https:\/\/ddoptics.shop\/cs\/wp-json\/wp\/v2\/product_cat?post=13363"},{"taxonomy":"product_tag","embeddable":true,"href":"https:\/\/ddoptics.shop\/cs\/wp-json\/wp\/v2\/product_tag?post=13363"}],"curies":[{"name":"wp","href":"https:\/\/api.w.org\/{rel}","templated":true}]}}