{"id":16904,"date":"2019-03-12T18:09:11","date_gmt":"2019-03-12T17:09:11","guid":{"rendered":"https:\/\/ddoptics.shop\/?post_type=product&#038;p=16904"},"modified":"2025-07-02T14:06:30","modified_gmt":"2025-07-02T12:06:30","slug":"dalekohled-nikon-prostaff-7s-8x42","status":"publish","type":"product","link":"https:\/\/ddoptics.shop\/cs\/kaufen\/nikon-fernglas-prostaff-7s-8x42\/","title":{"rendered":"Dalekohled Nikon Prostaff 7s 8\u00d742"},"content":{"rendered":"<h2>Nikon Prostaff 7s <a href=\"https:\/\/ddoptics.shop\/cs\/obchod\/dalekohledy\/dalekohledy-se-zvetsenim\/8x-zlepseni\/\" target=\"_blank\" rel=\"noopener\" data-schema-attribute=\"\">8<\/a>Dalekohled x42<\/h2>\n<p>Na str\u00e1nk\u00e1ch<strong> Dalekohledy Nikon<\/strong> z <strong>\u0158ada Prostaff<\/strong> pat\u0159\u00ed do <strong>t\u00e9to t\u0159\u00eddy k model\u016fm extra t\u0159\u00eddy<\/strong>e. D\u00edky<strong> nov\u00fd optick\u00fd syst\u00e9m<\/strong> dalekohledy jsou ide\u00e1ln\u00ed pro <strong>Pozorov\u00e1n\u00ed pt\u00e1k\u016f a p\u0159\u00edrody<\/strong>.<\/p>\n<p>Celkov\u011b za cenu kolem 220 eur z\u00edsk\u00e1te vysoce kvalitn\u00ed dalekohled, kter\u00fd je zn\u00e1m\u00fd sv\u00fdm vynikaj\u00edc\u00edm rozli\u0161en\u00edm, <strong>Snadn\u00e1 manipulace a vysok\u00e1 odolnost<\/strong> s pohodln\u00fdm designem. Tento model je obl\u00edben\u00fd zejm\u00e9na u outdoorov\u00fdch nad\u0161enc\u016f d\u00edky sv\u00e9 optim\u00e1ln\u00ed robustnosti pro pou\u017eit\u00ed v drsn\u00e9m venkovn\u00edm prost\u0159ed\u00ed.<\/p>\n<p>Pohodln\u00e9 sledov\u00e1n\u00ed zaji\u0161\u0165uj\u00ed tak\u00e9 \u010detn\u00e9 detaily. Str\u00e1nky<strong> Zaost\u0159ovac\u00ed kole\u010dko d\u00edky protiskluzov\u00e9 konstrukci<\/strong> obzvl\u00e1\u0161t\u011b rychl\u00e9 a snadn\u00e9 nastaven\u00ed. Lehk\u00e9, <strong>Vodot\u011bsn\u00fd a nezaml\u017euj\u00edc\u00ed se dalekohled<\/strong> je ide\u00e1ln\u00edm spole\u010dn\u00edkem pro outdoorov\u00e9 nad\u0161ence. Obr\u00e1zky: amazon partnersk\u00fd program<\/p>\n<h3>Hlavn\u00ed rysy\u00a0<a href=\"https:\/\/de.wikipedia.org\/wiki\/Nikon\" target=\"_blank\" rel=\"noopener sponsored\" data-schema-attribute=\"\">Nikon<\/a> Dalekohled Prostaff 7s 8\u00d742<\/h3>\n<ul>\n<li>Vysok\u00e9 rozli\u0161en\u00ed d\u00edky povlaku s f\u00e1zovou korekc\u00ed<\/li>\n<li>Vysoce reflexn\u00ed dielektrick\u00e1 zrcadlov\u00e1 vrstva pro optim\u00e1ln\u00ed jas obrazu a v\u011brnost barev<\/li>\n<li>Jasn\u00e9 zorn\u00e9 pole d\u00edky velk\u00e9mu o\u010dn\u00edmu reli\u00e9fu i pro nositele br\u00fdl\u00ed<\/li>\n<li>Nastaviteln\u00e9 pry\u017eov\u00e9 o\u010dn\u00ed \u010do\u010dky s v\u00edce polohami aretace<\/li>\n<li>Vodot\u011bsnost (do 1 m po dobu 10 minut) a ochrana proti zaml\u017een\u00ed d\u00edky dus\u00edkov\u00e9 n\u00e1plni.<\/li>\n<li>Odolnost proti n\u00e1raz\u016fm a pohodln\u00fd \u00fachop d\u00edky pry\u017eov\u00e9mu panc\u00e9\u0159ov\u00e1n\u00ed<\/li>\n<li>V\u00edcen\u00e1sobn\u011b pota\u017een\u00e9 \u010do\u010dky a hranoly pro optim\u00e1ln\u00ed kvalitu obrazu<\/li>\n<li>F\u00e1zov\u011b korigovan\u00e1 odm\u011bna<\/li>\n<li>Velk\u00e1 vzd\u00e1lenost v\u00fdstupn\u00ed zornice pro jasn\u00e9 zorn\u00e9 pole i pro nositele br\u00fdl\u00ed<\/li>\n<li>Obzvl\u00e1\u0161t\u011b lehk\u00e1 konstrukce<\/li>\n<li>Ekologick\u00e9 sklo bez obsahu arsenu a olova pro v\u0161echny \u010do\u010dky a hranoly<\/li>\n<\/ul>","protected":false},"excerpt":{"rendered":"<p>Pro <strong>Cena p\u0159ibli\u017en\u011b 200 eur,<\/strong>\u00a0pro kter\u00e9 je <strong>Nikon Prostaff<\/strong>\u00a0dalekohledy, z hlediska kvality nebo zpracov\u00e1n\u00ed nen\u00ed t\u00e9m\u011b\u0159 co kritizovat.<\/p>","protected":false},"featured_media":16912,"comment_status":"open","ping_status":"closed","template":"","meta":{"inline_featured_image":false,"footnotes":""},"product_brand":[],"product_cat":[878],"product_tag":[567,894,893],"class_list":{"0":"post-16904","1":"product","2":"type-product","3":"status-publish","4":"has-post-thumbnail","6":"product_cat-diverse-fernglaeser","7":"product_tag-fernglas-8x42","8":"product_tag-nikon-fernglas","9":"product_tag-prostaff-7s-8x42","10":"pa_brand-marke-nikon","11":"pa_produkt-typ-fernglas","13":"first","14":"instock","15":"sale","16":"taxable","17":"shipping-taxable","18":"product-type-external"},"bundled_by":[],"bundle_stock_status":"instock","bundle_stock_quantity":null,"bundle_virtual":false,"bundle_layout":"","bundle_add_to_cart_form_location":"","bundle_editable_in_cart":false,"bundle_sold_individually_context":"","bundle_item_grouping":"","bundle_min_size":"","bundle_max_size":"","bundle_price":[],"bundled_items":[],"bundle_sell_ids":[],"_links":{"self":[{"href":"https:\/\/ddoptics.shop\/cs\/wp-json\/wp\/v2\/product\/16904","targetHints":{"allow":["GET"]}}],"collection":[{"href":"https:\/\/ddoptics.shop\/cs\/wp-json\/wp\/v2\/product"}],"about":[{"href":"https:\/\/ddoptics.shop\/cs\/wp-json\/wp\/v2\/types\/product"}],"replies":[{"embeddable":true,"href":"https:\/\/ddoptics.shop\/cs\/wp-json\/wp\/v2\/comments?post=16904"}],"version-history":[{"count":4,"href":"https:\/\/ddoptics.shop\/cs\/wp-json\/wp\/v2\/product\/16904\/revisions"}],"predecessor-version":[{"id":28569,"href":"https:\/\/ddoptics.shop\/cs\/wp-json\/wp\/v2\/product\/16904\/revisions\/28569"}],"wp:featuredmedia":[{"embeddable":true,"href":"https:\/\/ddoptics.shop\/cs\/wp-json\/wp\/v2\/media\/16912"}],"wp:attachment":[{"href":"https:\/\/ddoptics.shop\/cs\/wp-json\/wp\/v2\/media?parent=16904"}],"wp:term":[{"taxonomy":"product_brand","embeddable":true,"href":"https:\/\/ddoptics.shop\/cs\/wp-json\/wp\/v2\/product_brand?post=16904"},{"taxonomy":"product_cat","embeddable":true,"href":"https:\/\/ddoptics.shop\/cs\/wp-json\/wp\/v2\/product_cat?post=16904"},{"taxonomy":"product_tag","embeddable":true,"href":"https:\/\/ddoptics.shop\/cs\/wp-json\/wp\/v2\/product_tag?post=16904"}],"curies":[{"name":"wp","href":"https:\/\/api.w.org\/{rel}","templated":true}]}}