{"id":16968,"date":"2019-03-14T14:15:01","date_gmt":"2019-03-14T13:15:01","guid":{"rendered":"https:\/\/ddoptics.shop\/?post_type=product&#038;p=16968"},"modified":"2025-07-02T13:47:07","modified_gmt":"2025-07-02T11:47:07","slug":"dalekohled-steiner-safari-ultrasharp-8x22","status":"publish","type":"product","link":"https:\/\/ddoptics.shop\/cs\/kaufen\/steiner-safari-ultrasharp-8x22-fernglas\/","title":{"rendered":"Dalekohled Steiner Safari Ultrasharp 8\u00d722"},"content":{"rendered":"<h2>Dalekohled Steiner Safari UltraSharp 8\u00d722<\/h2>\n<p>Po slo\u017een\u00ed je tento<strong> Dalekohled Steiner Mini<\/strong> do ka\u017ed\u00e9 kapsy a z\u00e1rove\u0148 dob\u0159e vypad\u00e1. S<strong> 8n\u00e1sobn\u00e9 zv\u011bt\u0161en\u00ed a kompaktn\u00ed, lehk\u00fd design<\/strong> je to v\u00e1\u0161 st\u00e1l\u00fd spole\u010dn\u00edk pro rychl\u00e9 nasazen\u00ed.<\/p>\n<p>Slunce, d\u00e9\u0161\u0165 nebo prach - robustn\u00ed safari dalekohledy z \u0159ady <strong>praktick\u00fd design od spole\u010dnosti STEINER<\/strong> odol\u00e1v\u00e1 v\u0161em podm\u00ednk\u00e1m d\u00edky sv\u00e9mu odoln\u00e9mu pouzdru, <strong>Vodot\u011bsnost a funk\u010dnost v teplotn\u00edm rozsahu<\/strong> od -20 \u00b0C do +70 \u00b0C<\/p>\n<p>Dalekohledy maj\u00ed <strong>lehk\u00fd a modern\u00ed design,<\/strong> je pohodln\u00fd a u\u017eivatelsky p\u0159\u00edv\u011btiv\u00fd. Str\u00e1nky <strong>sv\u011btov\u011b proslul\u00fd jas, p\u0159esnost barev a robustnost obrazu Steiner<\/strong> nab\u00edz\u00ed maxim\u00e1ln\u00ed optick\u00fd v\u00fdkon - a v\u00edce z\u00e1bavy p\u0159i va\u0161ich dobrodru\u017estv\u00edch.<\/p>\n<h3>Safari UltraSharp <a href=\"https:\/\/ddoptics.shop\/cs\/obchod\/dalekohledy\/dalekohledy-se-zvetsenim\/8x-zlepseni\/\" target=\"_blank\" rel=\"noopener\" data-schema-attribute=\"\">8<\/a>x22 s nov\u00fdm, inovativn\u00edm vzhledem<\/h3>\n<p>S nov\u00fdm <strong>Koncepce optiky UltraSharp<\/strong> pro \u00fasp\u011b\u0161nou \u0159adu Safari nastavuje STEINER nov\u00fd standard.<strong> bezkonkuren\u010dn\u00ed referen\u010dn\u00ed bod v oblasti v\u00fdkonu praktick\u00fdch venkovn\u00edch dalekohled\u016f.<\/strong>\u00a0Fascinuj\u00edc\u00ed ostrost a\u017e po <strong>Okrajov\u00e1 oblast, neuv\u011b\u0159iteln\u00e1 barevn\u00e1 brilance<\/strong> i za obt\u00ed\u017en\u00fdch sv\u011bteln\u00fdch podm\u00ednek a \u017eiv\u00fd 3D obraz charakterizuje nov\u011b vyvinut\u00e1 optika s vysok\u00fdm kontrastem.<\/p>\n<p>Tyto dalekohledy zaji\u0161\u0165uj\u00ed, \u017ee <strong>Foto safari, plavby po oce\u00e1nu, koncerty, sportovn\u00ed akce<\/strong> vid\u011bt a za\u017e\u00edt mnohem v\u00edce. V\u0161estrann\u00e9 8n\u00e1sobn\u00e9 zv\u011bt\u0161en\u00ed a jemn\u00fd 22mm binokul\u00e1rn\u00ed objektiv zaji\u0161\u0165uj\u00ed maxim\u00e1ln\u00ed rozpozn\u00e1n\u00ed detail\u016f zbl\u00edzka i zd\u00e1lky. Obr\u00e1zky: partnersk\u00fd program spole\u010dnosti Amazon.<\/p>\n<h3>Hlavn\u00ed rysy\u00a0<a href=\"https:\/\/de.wikipedia.org\/wiki\/Steiner-Optik\" target=\"_blank\" rel=\"noopener sponsored\" data-schema-attribute=\"\">Steiner<\/a>\u00a0Dalekohled Safari UltraSharp 8\u00d722<\/h3>\n<ul>\n<li>Vysoce kontrastn\u00ed optika: Poskytuje jasn\u00fd, vysoce kontrastn\u00ed obraz, vysokou ostrost obrys\u016f a brilantn\u00ed z\u00e1\u017eitek ze sledov\u00e1n\u00ed 3D s p\u0159irozenou reprodukc\u00ed barev a\u017e do vzd\u00e1lenosti 2 m.<\/li>\n<li>Rychl\u00e9 zaost\u0159ov\u00e1n\u00ed zbl\u00edzka: Minim\u00e1ln\u00ed, plynul\u00e9 zaost\u0159ov\u00e1n\u00ed na st\u0159edov\u00fd pohon pro rychl\u00e9 a absolutn\u00ed ost\u0159en\u00ed od p\u0159ibl\u00ed\u017een\u00ed a\u017e po nekone\u010dno. Pohodln\u00e9 a snadn\u00e9 zaost\u0159ov\u00e1n\u00ed.<\/li>\n<li>Ergonomick\u00e9 oto\u010dn\u00e9 o\u010dnice: Vyroben\u00e9 ze silikonu odoln\u00e9ho proti st\u00e1rnut\u00ed a \u0161etrn\u00e9ho k poko\u017ece pro pohodln\u00e9 sledov\u00e1n\u00ed a ochranu p\u0159ed sv\u011btlem a pr\u016fvanem ze stran. Snadno se skl\u00e1p\u011bj\u00ed pro pou\u017eit\u00ed s br\u00fdlemi.<\/li>\n<li><span style=\"color: #555555;\">Lehk\u00fd a ergonomick\u00fd design Pogumovan\u00e9 ovl\u00e1dac\u00ed prvky zaji\u0161\u0165uj\u00ed pohodln\u00e9 dlouhodob\u00e9 pozorov\u00e1n\u00ed s \u00fa\u010dinn\u00fdm potla\u010den\u00edm hluku. Prohlubn\u011b pro prsty zaji\u0161\u0165uj\u00ed vynikaj\u00edc\u00ed \u00fachop i v rukavic\u00edch.<\/span><\/li>\n<li><span style=\"color: #555555;\">Mimo\u0159\u00e1dn\u011b robustn\u00ed d\u00edky odoln\u00e9mu pouzdru, vod\u011bodolnosti a funk\u010dnosti v teplotn\u00edm rozsahu od -20 \u00b0C do +70 \u00b0C. Protiskluzov\u00e9 pry\u017eov\u00e9 panc\u00e9\u0159ov\u00e1n\u00ed NBR Longlife odol\u00e1v\u00e1 olej\u016fm, kyselin\u00e1m a pov\u011btrnostn\u00edm vliv\u016fm.<\/span><\/li>\n<\/ul>","protected":false},"excerpt":{"rendered":"<p><strong>V\u00fdhodn\u00e9 dalekohledy Steiner<\/strong> - Ide\u00e1ln\u00ed na dlouh\u00e9 cesty. Co pot\u0159ebujete: Lehk\u00e9 <strong>Design, modern\u00ed styl, pohodl\u00ed a jednoduchost.<\/strong><\/p>","protected":false},"featured_media":16970,"comment_status":"open","ping_status":"closed","template":"","meta":{"inline_featured_image":false,"footnotes":""},"product_brand":[],"product_cat":[878],"product_tag":[901,900,899,897,896],"class_list":{"0":"post-16968","1":"product","2":"type-product","3":"status-publish","4":"has-post-thumbnail","6":"product_cat-diverse-fernglaeser","7":"product_tag-fernglas-8x22","8":"product_tag-safari-8x22","9":"product_tag-steiner-8x22","10":"product_tag-steiner-fernglas","11":"product_tag-steiner-safari","12":"pa_brand-marke-steiner","13":"pa_produkt-typ-fernglas","15":"first","16":"instock","17":"sale","18":"taxable","19":"shipping-taxable","20":"product-type-external"},"bundled_by":[],"bundle_stock_status":"instock","bundle_stock_quantity":null,"bundle_virtual":false,"bundle_layout":"","bundle_add_to_cart_form_location":"","bundle_editable_in_cart":false,"bundle_sold_individually_context":"","bundle_item_grouping":"","bundle_min_size":"","bundle_max_size":"","bundle_price":[],"bundled_items":[],"bundle_sell_ids":[],"_links":{"self":[{"href":"https:\/\/ddoptics.shop\/cs\/wp-json\/wp\/v2\/product\/16968","targetHints":{"allow":["GET"]}}],"collection":[{"href":"https:\/\/ddoptics.shop\/cs\/wp-json\/wp\/v2\/product"}],"about":[{"href":"https:\/\/ddoptics.shop\/cs\/wp-json\/wp\/v2\/types\/product"}],"replies":[{"embeddable":true,"href":"https:\/\/ddoptics.shop\/cs\/wp-json\/wp\/v2\/comments?post=16968"}],"version-history":[{"count":3,"href":"https:\/\/ddoptics.shop\/cs\/wp-json\/wp\/v2\/product\/16968\/revisions"}],"predecessor-version":[{"id":28566,"href":"https:\/\/ddoptics.shop\/cs\/wp-json\/wp\/v2\/product\/16968\/revisions\/28566"}],"wp:featuredmedia":[{"embeddable":true,"href":"https:\/\/ddoptics.shop\/cs\/wp-json\/wp\/v2\/media\/16970"}],"wp:attachment":[{"href":"https:\/\/ddoptics.shop\/cs\/wp-json\/wp\/v2\/media?parent=16968"}],"wp:term":[{"taxonomy":"product_brand","embeddable":true,"href":"https:\/\/ddoptics.shop\/cs\/wp-json\/wp\/v2\/product_brand?post=16968"},{"taxonomy":"product_cat","embeddable":true,"href":"https:\/\/ddoptics.shop\/cs\/wp-json\/wp\/v2\/product_cat?post=16968"},{"taxonomy":"product_tag","embeddable":true,"href":"https:\/\/ddoptics.shop\/cs\/wp-json\/wp\/v2\/product_tag?post=16968"}],"curies":[{"name":"wp","href":"https:\/\/api.w.org\/{rel}","templated":true}]}}