{"id":16972,"date":"2019-03-14T16:13:53","date_gmt":"2019-03-14T15:13:53","guid":{"rendered":"https:\/\/ddoptics.shop\/?post_type=product&#038;p=16972"},"modified":"2025-07-02T13:55:32","modified_gmt":"2025-07-02T11:55:32","slug":"dalekohled-steiner-bluhorizons-8x22","status":"publish","type":"product","link":"https:\/\/ddoptics.shop\/cs\/kaufen\/steiner-bluhorizons-8x22-fernglas\/","title":{"rendered":"Dalekohled Steiner BLUHORIZONS 8\u00d722"},"content":{"rendered":"<h2>Dalekohled Steiner BluHorizons 8\u00d722 s technologi\u00ed Autobright<\/h2>\n<p><strong>Dalekohledy Steiner BLUHORIZONS<\/strong> jsou speci\u00e1ln\u011b navr\u017eeny pro v\u0161echny <strong>Outdoorov\u00fd dobrodruh<\/strong> navr\u017een. Nav\u00edc se BLUHORIZONS vejde t\u00e9m\u011b\u0159 do ka\u017ed\u00e9 kapsy u kalhot, je lehk\u00fd a velmi odoln\u00fd.<\/p>\n<p>Jako <strong>Prvn\u00ed a jedin\u00fd dalekohled na sv\u011bt\u011b s fotochromatick\u00fdmi \u010do\u010dkami.<\/strong> To znamen\u00e1, \u017ee se p\u0159izp\u016fsobuje <strong>automaticky podle sv\u011bteln\u00fdch podm\u00ednek<\/strong> abyste v\u017edy vid\u011bli optim\u00e1ln\u011b i na jasn\u00e9m slunci nebo p\u0159i sv\u011bteln\u00fdch odrazech.<\/p>\n<blockquote><p>Sotva je n\u011bco otravn\u011bj\u0161\u00edho ne\u017e to. <strong>oslepen\u00ed v rozhoduj\u00edc\u00edm okam\u017eiku<\/strong> p\u0159i pohledu na po\u017eadovan\u00fd motiv.<\/p><\/blockquote>\n<p>BLUHORIZONS s funkc\u00ed Autobright nyn\u00ed t\u00e9to nep\u0159\u00edjemnosti u\u010din\u00ed p\u0159\u00edtr\u017e a nab\u00eddne mal\u00fdm i velk\u00fdm dlouhotrvaj\u00edc\u00ed vizu\u00e1ln\u00ed po\u017eitek p\u0159i ka\u017ed\u00e9m slune\u010dn\u00edm dobrodru\u017estv\u00ed. Bez mhou\u0159en\u00ed o\u010d\u00ed a bez osl\u0148ov\u00e1n\u00ed m\u016f\u017eete trvale uvoln\u011bn\u011b sledovat \u0161ir\u00fd sv\u011bt.<\/p>\n<h3>Steiner <a href=\"https:\/\/ddoptics.shop\/cs\/obchod\/dalekohledy\/dalekohledy-se-zvetsenim\/8x-zlepseni\/\" target=\"_blank\" rel=\"noopener\" data-schema-attribute=\"\">8<\/a>x22 Dalekohled s novou, inovativn\u00ed optikou BLUHORIZONS<\/h3>\n<p>BLUHORIZONS je <strong>Ochrann\u00fd faktor proti slune\u010dn\u00edmu z\u00e1\u0159en\u00ed pro o\u010di<\/strong>. V m\u011bn\u00edc\u00edch se sv\u011bteln\u00fdch podm\u00ednk\u00e1ch se na\u0161e <strong>O\u010di usilovn\u011b pracuj\u00ed.<\/strong> D\u00edky technologii automatick\u00e9ho rozjasn\u011bn\u00ed podporuj\u00ed BLUHORIZONS o\u010di i p\u0159i jasn\u00e9m sv\u011btle.<strong> sv\u011bteln\u00fdch podm\u00ednek a automaticky reguluje mno\u017estv\u00ed propou\u0161t\u011bn\u00e9ho sv\u011btla.<\/strong> se st\u00e1v\u00e1. To znamen\u00e1, \u017ee si v\u00fdrazn\u011b m\u00e9n\u011b nam\u00e1h\u00e1te o\u010di a m\u016f\u017eete se uvolnit a vychutnat si ka\u017ed\u00fd pohled. Obr\u00e1zky: partnersk\u00fd program Amazon.<\/p>\n<h3>Hlavn\u00ed rysy\u00a0<a href=\"https:\/\/de.wikipedia.org\/wiki\/Steiner-Optik\" target=\"_blank\" rel=\"noopener sponsored\" data-schema-attribute=\"\">Steiner <\/a>Dalekohled BluHorizons 8\u00d722<\/h3>\n<ul>\n<li><strong>Rychl\u00e9 zaost\u0159en\u00ed na bl\u00edzko:<\/strong> Minim\u00e1ln\u00ed, plynul\u00e9 ost\u0159en\u00ed na st\u0159edov\u00e9m pohonu pro rychl\u00e9 a absolutn\u00ed ost\u0159en\u00ed od p\u0159ibl\u00ed\u017een\u00ed a\u017e po nekone\u010dno. Pohodln\u00e9 a snadn\u00e9 ost\u0159en\u00ed.<\/li>\n<li><strong>Ergonomick\u00e9 o\u010dn\u00ed \u010do\u010dky<\/strong>Jsou vyrobeny ze silikonu, kter\u00fd je \u0161etrn\u00fd k poko\u017ece a odoln\u00fd proti st\u00e1rnut\u00ed, a poskytuj\u00ed pohodln\u00e9 pozorov\u00e1n\u00ed a ochranu p\u0159ed bo\u010dn\u00edm sv\u011btlem a pr\u016fvanem. Snadno se skl\u00e1daj\u00ed pro pou\u017eit\u00ed s br\u00fdlemi.<\/li>\n<li><strong>Lehk\u00e1 konstrukce:<\/strong> Poskytuje ostr\u00fd obraz i v t\u011bch nejmen\u0161\u00edch prostorech, tak\u017ee si dalekohled m\u016f\u017eete vz\u00edt kamkoli s sebou.<\/li>\n<li>Technologie Autobright: Automaticky optimalizuje sv\u011btelnou propustnost objektivu pro maxim\u00e1ln\u00ed ostrost za jasn\u00fdch podm\u00ednek. \u017d\u00e1dn\u00e9 odrazy ani odlesky od vody, p\u00edsku, sn\u011bhu nebo oblohy. \u017d\u00e1dn\u00e9 m\u017eour\u00e1n\u00ed, h\u00e1d\u00e1n\u00ed nebo nam\u00e1h\u00e1n\u00ed o\u010d\u00ed. Jednodu\u0161e dokonal\u00fd obraz.<\/li>\n<li>Ochrana o\u010d\u00ed: Exkluzivn\u00ed technologie objektivu Autobright spole\u010dnosti Steiner, kter\u00e1 se p\u0159izp\u016fsobuje slune\u010dn\u00edmu sv\u011btlu, automaticky upravuje jas tak, aby zajistila nejlep\u0161\u00ed vid\u011bn\u00ed v jak\u00e9koli sv\u011bteln\u00e9 situaci. A\u0165 u\u017e je slunce t\u011bsn\u011b pod obzorem, sv\u00edt\u00ed p\u0159\u00edmo nad hlavou nebo se odr\u00e1\u017e\u00ed od vody \u010di sn\u011bhu ze v\u0161ech \u00fahl\u016f, BluHorizons jsou navr\u017eeny tak, aby absorbovaly spr\u00e1vn\u00e9 mno\u017estv\u00ed sv\u011btla a omezily osln\u011bn\u00ed pro optim\u00e1ln\u00ed vid\u011bn\u00ed.<\/li>\n<li><strong>Extr\u00e9mn\u00ed robustnost:<\/strong> Odoln\u00e9 pouzdro, vodot\u011bsnost a funk\u010dnost v teplotn\u00edm rozsahu od -20 \u00b0C do +70 \u00b0C. Protiskluzov\u00e9 pry\u017eov\u00e9 panc\u00e9\u0159ov\u00e1n\u00ed NBR Longlife odol\u00e1v\u00e1 olej\u016fm, kyselin\u00e1m a pov\u011btrnostn\u00edm vliv\u016fm.<\/li>\n<li><strong>Rozs\u00e1hl\u00fd sortiment p\u0159\u00edslu\u0161enstv\u00ed<\/strong> s pohodln\u00fdm popruhem na no\u0161en\u00ed a jedine\u010dnou multifunk\u010dn\u00ed ta\u0161kou z neoprenu.<\/li>\n<\/ul>","protected":false},"excerpt":{"rendered":"<p>Prvn\u00ed na sv\u011bt\u011b! Kompaktn\u00ed dalekohled 8\u00d722 s <strong>automatick\u00e9 nastaven\u00ed propustnosti sv\u011btla<\/strong> objektivu. \u0160etrn\u00e9 k o\u010d\u00edm.<\/p>","protected":false},"featured_media":16977,"comment_status":"open","ping_status":"closed","template":"","meta":{"inline_featured_image":false,"footnotes":""},"product_brand":[],"product_cat":[878],"product_tag":[904,901,899,897],"class_list":{"0":"post-16972","1":"product","2":"type-product","3":"status-publish","4":"has-post-thumbnail","6":"product_cat-diverse-fernglaeser","7":"product_tag-bluhorizons-8x22","8":"product_tag-fernglas-8x22","9":"product_tag-steiner-8x22","10":"product_tag-steiner-fernglas","11":"pa_brand-marke-steiner","12":"pa_produkt-typ-fernglas","14":"first","15":"instock","16":"sale","17":"taxable","18":"shipping-taxable","19":"product-type-external"},"bundled_by":[],"bundle_stock_status":"instock","bundle_stock_quantity":null,"bundle_virtual":false,"bundle_layout":"","bundle_add_to_cart_form_location":"","bundle_editable_in_cart":false,"bundle_sold_individually_context":"","bundle_item_grouping":"","bundle_min_size":"","bundle_max_size":"","bundle_price":[],"bundled_items":[],"bundle_sell_ids":[],"_links":{"self":[{"href":"https:\/\/ddoptics.shop\/cs\/wp-json\/wp\/v2\/product\/16972","targetHints":{"allow":["GET"]}}],"collection":[{"href":"https:\/\/ddoptics.shop\/cs\/wp-json\/wp\/v2\/product"}],"about":[{"href":"https:\/\/ddoptics.shop\/cs\/wp-json\/wp\/v2\/types\/product"}],"replies":[{"embeddable":true,"href":"https:\/\/ddoptics.shop\/cs\/wp-json\/wp\/v2\/comments?post=16972"}],"version-history":[{"count":3,"href":"https:\/\/ddoptics.shop\/cs\/wp-json\/wp\/v2\/product\/16972\/revisions"}],"predecessor-version":[{"id":28565,"href":"https:\/\/ddoptics.shop\/cs\/wp-json\/wp\/v2\/product\/16972\/revisions\/28565"}],"wp:featuredmedia":[{"embeddable":true,"href":"https:\/\/ddoptics.shop\/cs\/wp-json\/wp\/v2\/media\/16977"}],"wp:attachment":[{"href":"https:\/\/ddoptics.shop\/cs\/wp-json\/wp\/v2\/media?parent=16972"}],"wp:term":[{"taxonomy":"product_brand","embeddable":true,"href":"https:\/\/ddoptics.shop\/cs\/wp-json\/wp\/v2\/product_brand?post=16972"},{"taxonomy":"product_cat","embeddable":true,"href":"https:\/\/ddoptics.shop\/cs\/wp-json\/wp\/v2\/product_cat?post=16972"},{"taxonomy":"product_tag","embeddable":true,"href":"https:\/\/ddoptics.shop\/cs\/wp-json\/wp\/v2\/product_tag?post=16972"}],"curies":[{"name":"wp","href":"https:\/\/api.w.org\/{rel}","templated":true}]}}