{"id":17002,"date":"2019-03-15T11:40:08","date_gmt":"2019-03-15T10:40:08","guid":{"rendered":"https:\/\/ddoptics.shop\/?post_type=product&#038;p=17002"},"modified":"2025-07-02T13:38:03","modified_gmt":"2025-07-02T11:38:03","slug":"dalekohled-steiner-ranger-xtreme-8x56","status":"publish","type":"product","link":"https:\/\/ddoptics.shop\/cs\/kaufen\/steiner-ranger-xtreme-8x56-fernglas\/","title":{"rendered":"Dalekohled Steiner Ranger Xtreme 8\u00d756"},"content":{"rendered":"<h2>Dalekohled Steiner Ranger Xtreme 8\u00d756<\/h2>\n<p>S <strong>Dalekohledem Ranger Xtreme 8\u00d756 chce Steiner zjevn\u011b oslovit lovce.<\/strong> jako c\u00edlov\u00e1 skupina. \u010casto je \u010dlov\u011bk na za\u010d\u00e1tku nebo teprve na za\u010d\u00e1tku.<strong> Konec loveck\u00e9ho dne<\/strong> \u00fasp\u011b\u0161n\u00fd lov. D\u016fvod je jednoduch\u00fd - zv\u00ed\u0159ata se objevuj\u00ed, kdy\u017e jsou je\u0161t\u011b dob\u0159e maskov\u00e1na prvn\u00edmi slune\u010dn\u00edmi paprsky nebo s\u00edl\u00edc\u00ed tmou.<\/p>\n<p>Zlep\u0161en\u00e1 propustnost sv\u011btla optiky \u0159e\u0161\u00ed st\u00edny, ve kter\u00fdch se zv\u011b\u0159 skr\u00fdv\u00e1, a umo\u017e\u0148uje<strong> Nejlep\u0161\u00ed rozpoznatelnost i za \u0161patn\u00fdch sv\u011bteln\u00fdch podm\u00ednek.<\/strong> Za dobr\u00fdch sv\u011bteln\u00fdch podm\u00ednek lze hru<strong> tmav\u00e9 a hust\u00e9 lesy<\/strong> lze l\u00e9pe rozpoznat. D\u00edky velk\u00e9mu pr\u016fm\u011bru objektivu 56 mm je ur\u010den pro pou\u017eit\u00ed pod <strong>obt\u00ed\u017en\u00e9 sv\u011bteln\u00e9 podm\u00ednky<\/strong> a vytv\u00e1\u0159\u00ed \u00fa\u017easn\u00e9 mo\u017enosti pozorov\u00e1n\u00ed do noci.<\/p>\n<h3>Speci\u00e1ln\u00ed vlastnosti dalekohledu Steiner Ranger Xtreme 8x<a href=\"https:\/\/ddoptics.shop\/cs\/obchod\/dalekohledy\/prumer-objektivu-dalekohledu\/56-mm-objektiv\/\" target=\"_blank\" rel=\"noopener\" data-schema-attribute=\"\">56<\/a> Dalekohledy<\/h3>\n<p>D\u00edky vylep\u0161en\u00e9 technologii a pokro\u010dil\u00e9mu designu <strong>nejnov\u011bj\u0161\u00ed generace \u00fasp\u011b\u0161n\u00e9 \u0159ady STEINER Ranger<\/strong> nov\u00e9 rekordy ve sv\u00e9 t\u0159\u00edd\u011b.<\/p>\n<blockquote><p>Ostr\u00e1 optika, vysok\u00e1 propustnost sv\u011btla a XL zorn\u00e9 pole: je pou\u017eita vysoce kontrastn\u00ed optika Steiner, kter\u00e1 zaji\u0161\u0165uje mimo\u0159\u00e1dn\u011b jasn\u00fd a kontrastn\u00ed obraz.<\/p><\/blockquote>\n<p>Na str\u00e1nk\u00e1ch <strong>Velk\u00e9 zorn\u00e9 pole<\/strong> byl realizov\u00e1n s nov\u00fdm <strong>\u0158ada Ranger Xtreme<\/strong> a nositel\u00e9 br\u00fdl\u00ed mohou vyu\u017e\u00edt cel\u00e9 zorn\u00e9 pole. Robustn\u00ed makrolonov\u00e9 pouzdro je opat\u0159eno optimalizovan\u00fdm pry\u017eov\u00fdm panc\u00e9\u0159ov\u00e1n\u00edm, kter\u00e9 zaji\u0161\u0165uje snadn\u00e9 uchopen\u00ed dalekohledu i v extr\u00e9mn\u00edch podm\u00ednk\u00e1ch. <strong>v nejt\u011b\u017e\u0161\u00edch podm\u00ednk\u00e1ch, jako je vlhko a chlad.<\/strong> se v\u00fdrazn\u011b zlep\u0161ila.<\/p>\n<p>Na str\u00e1nk\u00e1ch <strong>Velk\u00e9 zaost\u0159ovac\u00ed kole\u010dko<\/strong> umo\u017e\u0148uje snadnou a bezpe\u010dnou manipulaci - i v rukavic\u00edch. <strong>Tlakov\u00e1 vodot\u011bsnost a pln\u011bn\u00ed dus\u00edkem<\/strong> d\u011blaj\u00ed z t\u011bchto extr\u00e9mn\u011b lehk\u00fdch dalekohled\u016f v\u0161estrann\u00e9 p\u0159\u00edstroje, kter\u00e9 jsou ide\u00e1ln\u011b vybaveny pro jak\u00e9koli pou\u017eit\u00ed. \u0158ada STEINER Ranger Xtreme nab\u00edz\u00ed ambici\u00f3zn\u00edm lovc\u016fm. <strong>vysoce v\u00fdkonn\u00e9 sklo za p\u0159\u00edznivou cenu.<\/strong><\/p>\n<h3>Hlavn\u00ed rysy <a href=\"https:\/\/de.wikipedia.org\/wiki\/Steiner-Optik\" target=\"_blank\" rel=\"noopener sponsored\" data-schema-attribute=\"\">Steiner<\/a> Dalekohled Ranger Xtreme 8\u00d756<\/h3>\n<ul>\n<li><strong>Vysoce kontrastn\u00ed optika:<\/strong> Poskytuje jasn\u00fd, vysoce kontrastn\u00ed obraz, vysokou ostrost kontur a brilantn\u00ed z\u00e1\u017eitek ze sledov\u00e1n\u00ed 3D s p\u0159irozenou reprodukc\u00ed barev a\u017e do vzd\u00e1lenosti 2 m.<\/li>\n<li><strong>Zorn\u00e9 pole XL:<\/strong> Poskytuje p\u0159ehled a umo\u017e\u0148uje pohodln\u00e9 pozorov\u00e1n\u00ed.<\/li>\n<li><strong>Rychl\u00e9 zaost\u0159en\u00ed na bl\u00edzko:<\/strong> Minim\u00e1ln\u00ed, plynul\u00e9 ost\u0159en\u00ed na st\u0159edov\u00e9m pohonu pro rychl\u00e9 a absolutn\u00ed ost\u0159en\u00ed od p\u0159ibl\u00ed\u017een\u00ed a\u017e po nekone\u010dno. Pohodln\u00e9 a snadn\u00e9 ost\u0159en\u00ed.<\/li>\n<li><strong>Pln\u011bn\u00ed dus\u00edkem pod tlakem:<\/strong> Toto high-tech \u0159e\u0161en\u00ed od spole\u010dnosti STEINER zcela eliminuje zaml\u017eov\u00e1n\u00ed nebo tvorbu kondenz\u00e1tu uvnit\u0159 dalekohledu. D\u00edky technologii dvoucestn\u00e9ho ventilu lze dalekohled kdykoli servisovat, a to i po mnoha letech.<\/li>\n<li><strong>Ergonomick\u00e9 oto\u010dn\u00e9 o\u010dnice:<\/strong> Vyrobeno ze silikonu odoln\u00e9ho proti st\u00e1rnut\u00ed a \u0161etrn\u00e9ho k poko\u017ece. Umo\u017e\u0148uje pohodln\u00e9 pozorov\u00e1n\u00ed a ochranu p\u0159ed sv\u011btlem a pr\u016fvanem ze strany. Snadno se skl\u00e1p\u00ed pro pou\u017eit\u00ed s br\u00fdlemi.<\/li>\n<li><strong>ClicLoc:<\/strong> Dalekohled je v\u017edy pevn\u011b p\u0159ipevn\u011bn k popruhu, ale lze jej tak\u00e9 b\u011bhem n\u011bkolika sekund odepnout a znovu p\u0159ipevnit.<\/li>\n<li><strong>Lehk\u00fd a ergonomick\u00fd design:<\/strong> Pogumovan\u00e9 ovl\u00e1dac\u00ed prvky zaji\u0161\u0165uj\u00ed pohodln\u00e9 dlouhodob\u00e9 pozorov\u00e1n\u00ed s \u00fa\u010dinn\u00fdm potla\u010den\u00edm hluku. Prohlubn\u011b pro prsty zaji\u0161\u0165uj\u00ed vynikaj\u00edc\u00ed \u00fachop i v rukavic\u00edch.<\/li>\n<li><strong>Vynikaj\u00edc\u00ed robustnost:<\/strong> Odoln\u00e9 pouzdro Makrolon z polykarbon\u00e1tu, vodot\u011bsnost do 3 m, n\u00e1pl\u0148 z dus\u00edku pod tlakem, aby se zabr\u00e1nilo zaml\u017een\u00ed uvnit\u0159, teplotn\u00ed rozsah od -20 \u00b0C do +80 \u00b0C. Protiskluzov\u00e9 pry\u017eov\u00e9 panc\u00e9\u0159ov\u00e1n\u00ed NBR Longlife odol\u00e1v\u00e1 olej\u016fm, kyselin\u00e1m a pov\u011btrnostn\u00edm vliv\u016fm. Odoln\u00e9 v\u016f\u010di n\u00e1ro\u010dn\u00fdm podm\u00ednk\u00e1m pro spolehliv\u00e9 pou\u017e\u00edv\u00e1n\u00ed po cel\u00e9 generace.<\/li>\n<li><strong>Vysoce kvalitn\u00ed p\u0159\u00edslu\u0161enstv\u00ed:<\/strong> S bra\u0161nou, neoprenov\u00fdm popruhem ClicLoc, pl\u00e1\u0161t\u011bnkou a krytkami objektiv\u016f.<\/li>\n<\/ul>","protected":false},"excerpt":{"rendered":"<p>Na str\u00e1nk\u00e1ch <strong>Steiner Ranger Xtreme 8\u00d756<\/strong> Dalekohledy. U\u017eijte si <strong>Vynikaj\u00edc\u00ed kvalita obrazu, ostr\u00e9 detaily, velmi vysok\u00e1 propustnost sv\u011btla<\/strong> (92 %) pro \u0161patn\u00e9 sv\u011bteln\u00e9 podm\u00ednky.<\/p>","protected":false},"featured_media":17007,"comment_status":"open","ping_status":"closed","template":"","meta":{"inline_featured_image":false,"footnotes":""},"product_brand":[],"product_cat":[878],"product_tag":[75,93,566,80,84,908,909],"class_list":{"0":"post-17002","1":"product","2":"type-product","3":"status-publish","4":"has-post-thumbnail","6":"product_cat-diverse-fernglaeser","7":"product_tag-8x56","8":"product_tag-ansitzglas","9":"product_tag-fernglas-8x56","10":"product_tag-gen-3","11":"product_tag-nachtfernglas","12":"product_tag-steiner-8x56","13":"product_tag-steiner-ranger-xtreme","14":"product_shipping_class-paket","15":"pa_brand-marke-steiner","16":"pa_farbe-schwarz","17":"pa_produkt-typ-fernglas","19":"first","20":"instock","21":"sale","22":"taxable","23":"shipping-taxable","24":"product-type-external"},"bundled_by":[],"bundle_stock_status":"instock","bundle_stock_quantity":null,"bundle_virtual":false,"bundle_layout":"","bundle_add_to_cart_form_location":"","bundle_editable_in_cart":false,"bundle_sold_individually_context":"","bundle_item_grouping":"","bundle_min_size":"","bundle_max_size":"","bundle_price":[],"bundled_items":[],"bundle_sell_ids":[],"_links":{"self":[{"href":"https:\/\/ddoptics.shop\/cs\/wp-json\/wp\/v2\/product\/17002","targetHints":{"allow":["GET"]}}],"collection":[{"href":"https:\/\/ddoptics.shop\/cs\/wp-json\/wp\/v2\/product"}],"about":[{"href":"https:\/\/ddoptics.shop\/cs\/wp-json\/wp\/v2\/types\/product"}],"replies":[{"embeddable":true,"href":"https:\/\/ddoptics.shop\/cs\/wp-json\/wp\/v2\/comments?post=17002"}],"version-history":[{"count":3,"href":"https:\/\/ddoptics.shop\/cs\/wp-json\/wp\/v2\/product\/17002\/revisions"}],"predecessor-version":[{"id":24707,"href":"https:\/\/ddoptics.shop\/cs\/wp-json\/wp\/v2\/product\/17002\/revisions\/24707"}],"wp:featuredmedia":[{"embeddable":true,"href":"https:\/\/ddoptics.shop\/cs\/wp-json\/wp\/v2\/media\/17007"}],"wp:attachment":[{"href":"https:\/\/ddoptics.shop\/cs\/wp-json\/wp\/v2\/media?parent=17002"}],"wp:term":[{"taxonomy":"product_brand","embeddable":true,"href":"https:\/\/ddoptics.shop\/cs\/wp-json\/wp\/v2\/product_brand?post=17002"},{"taxonomy":"product_cat","embeddable":true,"href":"https:\/\/ddoptics.shop\/cs\/wp-json\/wp\/v2\/product_cat?post=17002"},{"taxonomy":"product_tag","embeddable":true,"href":"https:\/\/ddoptics.shop\/cs\/wp-json\/wp\/v2\/product_tag?post=17002"}],"curies":[{"name":"wp","href":"https:\/\/api.w.org\/{rel}","templated":true}]}}