{"id":17034,"date":"2019-03-16T12:19:04","date_gmt":"2019-03-16T11:19:04","guid":{"rendered":"https:\/\/ddoptics.shop\/?post_type=product&#038;p=17034"},"modified":"2025-07-02T13:10:47","modified_gmt":"2025-07-02T11:10:47","slug":"bresser-binokularni-dalekohled-hunter-10x25-kapesni-dalekohled","status":"publish","type":"product","link":"https:\/\/ddoptics.shop\/cs\/kaufen\/bresser-fernglas-hunter-10x25-taschenfernglas\/","title":{"rendered":"Dalekohled BRESSER HUNTER 10\u00d725 - Kapesn\u00ed dalekohled"},"content":{"rendered":"<h2>Dalekohled BRESSER Hunter 10\u00d725 - skl\u00e1dac\u00ed mini kapesn\u00ed dalekohled<\/h2>\n<blockquote><p>P\u0159\u00edle\u017eitostn\u00e1 sklenice ide\u00e1ln\u00ed na cesty s batohem.<\/p><\/blockquote>\n<p>Na str\u00e1nk\u00e1ch <strong>Dalekohled BRESSER Hunter 10\u00d725<\/strong> v nov\u00e9m designu zaujme pom\u011brem cena\/v\u00fdkon. D\u00edky kompaktn\u00edmu a praktick\u00e9mu designu je tato cenov\u011b dostupn\u00e1 modelov\u00e1 \u0159ada ide\u00e1ln\u00edm spole\u010dn\u00edkem v mnoha situac\u00edch. Na <strong>Pln\u011b pota\u017een\u00e1 optika a pevn\u00e1 mechanika<\/strong> umo\u017enit dobr\u00fd a <strong>v\u011brn\u00e1 reprodukce barev.<\/strong><\/p>\n<p>Die ergonomische Form der Armierung und das rutschfeste Gummi erm\u00f6glichen einen sicheren Halt. Das verbaute optische BK-7 Glasmaterial sorgt f\u00fcr eine gute Bildwiedergabe. Dieses Glas ist <strong>Ide\u00e1ln\u00ed pro p\u011b\u0161\u00ed turistiku nebo jin\u00e9 outdoorov\u00e9 aktivity<\/strong> vhodn\u00e9. D\u00edky kompaktn\u00ed konstrukci a n\u00edzk\u00e9 hmotnosti se snadno ukl\u00e1d\u00e1 a v zavazadle zabere jen velmi m\u00e1lo m\u00edsta.<\/p>\n<h3>St\u0159edn\u011b kvalitn\u00ed optika pro dalekohled BRESSER Hunter 10\u00d725 - za danou cenu v po\u0159\u00e1dku<\/h3>\n<p>Dalekohledy jsou ide\u00e1ln\u00ed pro ka\u017ed\u00e9ho, kdo r\u00e1d cestuje a <strong>jen ob\u010das dalekohled.<\/strong> nebo na cest\u00e1ch, kde se m\u016f\u017ee ztratit. Bresser slibuje, \u017ee pln\u011b pota\u017een\u00e1 modr\u00e1 optika dob\u0159e reprodukuje obraz. To v\u0161ak z\u00e1vis\u00ed v\u00fdhradn\u011b na va\u0161ich po\u017eadavc\u00edch. Na<strong> Reprodukce obrazu samoz\u0159ejm\u011b nen\u00ed srovnateln\u00e1 s dalekohledy vy\u0161\u0161\u00ed cenov\u00e9 kategorie.<\/strong> Auf 1.000 Metern hat man mit dem kleinere Sehfeld von 96 Meter schon einen Tunnelblick.<\/p>\n<h3>Kvalita zpracov\u00e1n\u00ed - p\u0159ijateln\u00e1 za danou cenu<\/h3>\n<p>Na str\u00e1nk\u00e1ch <strong>Zpracov\u00e1n\u00ed pochopiteln\u011b nen\u00ed tak kvalitn\u00ed.<\/strong> jako u drah\u00fdch model\u016f. Vzhledem k cen\u011b se v\u0161ak d\u00e1 \u0159\u00edci, \u017ee to nelze o\u010dek\u00e1vat. Pokud budete cht\u00edt dalekohled pou\u017e\u00edvat \u010dast\u011bji, budete si muset d\u0159\u00edve \u010di pozd\u011bji koupit n\u011bco jin\u00e9ho. Obr\u00e1zky: Partnersk\u00fd program Amazonu<\/p>\n<h3>Hlavn\u00ed vlastnosti dalekohledu Bresser Hunter 10\u00d725<\/h3>\n<ul>\n<li>Das Hunter Taschenfernglas in Dachkant Bauart hat eine 10-fache Vergr\u00f6\u00dferung.<\/li>\n<li>Der gro\u00dfe Mitteltrieb erm\u00f6glicht eine schnelle Fokussierung und der Fernglask\u00f6rper hat eine Gummiarmierung.<\/li>\n<li>Die BK-7 Prismen und ein Objektivdurchmesser von 25 mm liefern ein Sehfeld von 96 Metern auf 1000 Meter Entfernung und die D\u00e4mmerungszahl liegt bei 15,81.<\/li>\n<li>Die faltbaren Augenmuscheln bieten auch Brillentr\u00e4gern einen angenehmen Durchblick und mit seinen kompakten Ma\u00dfen passt es in jede Tasche.<\/li>\n<li>Rozm\u011bry: 112x108x33 mm \/ hmotnost: 203 g<\/li>\n<li>Rozsah dod\u00e1vky: dalekohled; nosn\u00fd popruh; bra\u0161na; had\u0159\u00edk<\/li>\n<\/ul>","protected":false},"excerpt":{"rendered":"<p>S t\u00edmto<strong> Optika Bresser 10\u00d725 pro voln\u00fd \u010das<\/strong> jste vybaveni pro p\u0159\u00edle\u017eitostn\u00e9 pou\u017eit\u00ed!<\/p>\n<p>Mini dalekohledy ide\u00e1ln\u00ed pro <strong>Dlouh\u00e9 cesty a n\u00edzk\u00fd rozpo\u010det<\/strong> - i kdy\u017e <strong>ztracen\u00e9 nebo odcizen\u00e9<\/strong> se st\u00e1v\u00e1.<\/p>","protected":false},"featured_media":17037,"comment_status":"open","ping_status":"closed","template":"","meta":{"inline_featured_image":false,"footnotes":""},"product_brand":[],"product_cat":[878],"product_tag":[913,911,910,912,914],"class_list":{"0":"post-17034","1":"product","2":"type-product","3":"status-publish","4":"has-post-thumbnail","6":"product_cat-diverse-fernglaeser","7":"product_tag-10x25-fernglas","8":"product_tag-bresser-10x25-fernglas","9":"product_tag-bresser-fernglas","10":"product_tag-bresser-taschenfernglas","11":"product_tag-mini-fernglas","12":"pa_brand-marke-bresser","13":"pa_produkt-typ-fernglas","15":"first","16":"instock","17":"sale","18":"taxable","19":"shipping-taxable","20":"product-type-external"},"bundled_by":[],"bundle_stock_status":"instock","bundle_stock_quantity":null,"bundle_virtual":false,"bundle_layout":"","bundle_add_to_cart_form_location":"","bundle_editable_in_cart":false,"bundle_sold_individually_context":"","bundle_item_grouping":"","bundle_min_size":"","bundle_max_size":"","bundle_price":[],"bundled_items":[],"bundle_sell_ids":[],"_links":{"self":[{"href":"https:\/\/ddoptics.shop\/cs\/wp-json\/wp\/v2\/product\/17034","targetHints":{"allow":["GET"]}}],"collection":[{"href":"https:\/\/ddoptics.shop\/cs\/wp-json\/wp\/v2\/product"}],"about":[{"href":"https:\/\/ddoptics.shop\/cs\/wp-json\/wp\/v2\/types\/product"}],"replies":[{"embeddable":true,"href":"https:\/\/ddoptics.shop\/cs\/wp-json\/wp\/v2\/comments?post=17034"}],"version-history":[{"count":3,"href":"https:\/\/ddoptics.shop\/cs\/wp-json\/wp\/v2\/product\/17034\/revisions"}],"predecessor-version":[{"id":28561,"href":"https:\/\/ddoptics.shop\/cs\/wp-json\/wp\/v2\/product\/17034\/revisions\/28561"}],"wp:featuredmedia":[{"embeddable":true,"href":"https:\/\/ddoptics.shop\/cs\/wp-json\/wp\/v2\/media\/17037"}],"wp:attachment":[{"href":"https:\/\/ddoptics.shop\/cs\/wp-json\/wp\/v2\/media?parent=17034"}],"wp:term":[{"taxonomy":"product_brand","embeddable":true,"href":"https:\/\/ddoptics.shop\/cs\/wp-json\/wp\/v2\/product_brand?post=17034"},{"taxonomy":"product_cat","embeddable":true,"href":"https:\/\/ddoptics.shop\/cs\/wp-json\/wp\/v2\/product_cat?post=17034"},{"taxonomy":"product_tag","embeddable":true,"href":"https:\/\/ddoptics.shop\/cs\/wp-json\/wp\/v2\/product_tag?post=17034"}],"curies":[{"name":"wp","href":"https:\/\/api.w.org\/{rel}","templated":true}]}}