{"id":17654,"date":"2019-09-10T16:11:53","date_gmt":"2019-09-10T14:11:53","guid":{"rendered":"https:\/\/ddoptics.shop\/?post_type=product&#038;p=17654"},"modified":"2026-02-02T17:27:34","modified_gmt":"2026-02-02T16:27:34","slug":"ddoptics-puskohled-v10-4-40x50-ddmp-mrad","status":"publish","type":"product","link":"https:\/\/ddoptics.shop\/cs\/kaufen\/ddoptics-zielfernrohr-v10-4-40x50-ddmp-mrad\/","title":{"rendered":"Pu\u0161kohled 4-40\u00d750 DDMP od DDoptics | V10 | TacA | Nastaven\u00ed MRAD"},"content":{"rendered":"<div class=\"container section-title-container\" ><h3 class=\"section-title section-title-normal\"><b aria-hidden=\"true\"><\/b><span class=\"section-title-main\" ><i class=\"icon-cross\" aria-hidden=\"true\"><\/i>Stru\u010dn\u00fd p\u0159ehled pu\u0161kohledu DDMP 4-40x50 od spole\u010dnosti DDoptics<\/span><b aria-hidden=\"true\"><\/b><\/h3><\/div>\n<table style=\"background-color: #cacaca; width: 100%;\">\n<tbody>\n<tr style=\"height: 24px;\">\n<td style=\"height: 24px; width: 20%;\"><strong>Trubka:<\/strong><\/td>\n<td style=\"height: 24px; width: 30%;\">34 mm mono trubice<\/td>\n<td style=\"height: 24px; width: 20%;\"><strong>Zorn\u00e9 pole: m @100m:<\/strong><\/td>\n<td style=\"height: 24px; width: 30%;\">8,8-0,9 m<\/td>\n<\/tr>\n<tr style=\"height: 24px;\">\n<td style=\"height: 24px; width: 20%;\"><strong>Optick\u00fd syst\u00e9m:<\/strong><\/td>\n<td style=\"height: 24px; width: 30%;\">4-40n\u00e1sobn\u00e9<\/td>\n<td style=\"height: 24px; width: 20%;\"><strong>Mezipupil\u00e1rn\u00ed vzd\u00e1lenost:<\/strong><\/td>\n<td style=\"height: 24px; width: 30%;\">87-101 mm<\/td>\n<\/tr>\n<tr style=\"height: 24px;\">\n<td style=\"height: 24px; width: 20%;\"><strong>C\u00edl:<\/strong><\/td>\n<td style=\"height: 24px; width: 30%;\">50 mm<\/td>\n<td style=\"height: 24px; width: 20%;\"><strong>D\u00e9lka:<\/strong><\/td>\n<td style=\"height: 24px; width: 30%;\">371 mm<\/td>\n<\/tr>\n<tr style=\"height: 24px;\">\n<td style=\"height: 24px; width: 20%;\"><strong>Zam\u011b\u0159ova\u010d:<\/strong><\/td>\n<td style=\"height: 24px; width: 30%;\">TacA<\/td>\n<td style=\"height: 24px; width: 20%;\"><strong>Hmotnost:<\/strong><\/td>\n<td style=\"height: 24px; width: 30%;\">1046 g<\/td>\n<\/tr>\n<tr style=\"height: 24px;\">\n<td style=\"height: 24px; width: 20%;\"><strong>Sv\u011bteln\u00fd bod<\/strong><\/td>\n<td style=\"height: 24px; width: 30%;\">Standardn\u00ed nebo iFibre<\/td>\n<td style=\"height: 24px; width: 20%;\"><strong>Ochrana proti zaml\u017eov\u00e1n\u00ed:<\/strong><\/td>\n<td style=\"height: 24px; width: 30%;\">Dus\u00edkov\u00e1 n\u00e1pl\u0148 proti zaml\u017een\u00ed<\/td>\n<\/tr>\n<tr style=\"height: 24px;\">\n<td style=\"height: 24px; width: 20%;\"><strong>Zaost\u0159en\u00ed\/paralaxa:<\/strong><\/td>\n<td style=\"height: 24px; width: 30%;\">Nastaviteln\u00fd objektiv 25-1000 m a\u017e nekone\u010dno<\/td>\n<td style=\"height: 24px; width: 20%;\"><strong>T\u011bsnost:<\/strong><\/td>\n<td style=\"height: 24px; width: 30%;\">Odolnost v\u016f\u010di vod\u011b a n\u00e1raz\u016fm<\/td>\n<\/tr>\n<\/tbody>\n<\/table>\n<div class=\"row\"  id=\"row-824216944\">\n\n\t<div id=\"col-541502230\" class=\"col medium-8 small-12 large-8\"  >\n\t\t\t\t<div class=\"col-inner\"  >\n\t\t\t\n\t\t\t\n<h2>Pu\u0161kohled 4-40\u00d750 DDMP - V10 | MRAD od DDoptics - absolutn\u00ed p\u0159esnost na st\u0159edn\u00ed vzd\u00e1lenosti a\u017e do 1000 m a v\u00edce<\/h2>\n<p>Na str\u00e1nk\u00e1ch <strong>DDoptics ZF 4-40\u00d750 DDMP<\/strong> je PRVN\u00cd <strong>Zam\u011b\u0159ovac\u00ed optika V10 s 10x zoomem<\/strong> od spole\u010dnosti DDoptics jako sportovn\u00ed roz\u0161\u00ed\u0159en\u00ed NEXT LEVEL k osv\u011bd\u010den\u00e9mu modelu V6. <a href=\"https:\/\/ddoptics.shop\/cs\/koupit\/zielfernrohr-ddoptics-v6-hdx-5-30x50-gen-3-tactical-mildot-mrad\/\">5-30\u00d750<\/a> Teleskopick\u00fd zam\u011b\u0159ova\u010d.<\/p>\n<p>Na str\u00e1nk\u00e1ch <strong>supermodern\u00ed teleskopick\u00fd zam\u011b\u0159ova\u010d<\/strong> 4-40\u00d750 DDMP slou\u017e\u00ed zejm\u00e9na pro spektrum pro <strong>Sportovn\u00ed st\u0159elci na dlouh\u00e9 vzd\u00e1lenosti<\/strong> od 100 m do 1000 m. S obrovsk\u00fdm <strong>Rozsah nastaven\u00ed<\/strong> z <strong>30 MRAD (29,6) \u21d2 100 MOA<\/strong> lze pou\u017e\u00edt na <strong>Vzd\u00e1lenosti do 2000 m<\/strong> a dal\u0161\u00ed mohou b\u00fdt zast\u0159eleny.<\/p>\n<p>V rozmez\u00ed 100 - 1000 m <strong>40n\u00e1sobn\u00e9 zv\u011bt\u0161en\u00ed<\/strong> pln\u011b pou\u017eiteln\u00fd. Cel\u00e1 <strong>Rozsah nastaven\u00ed<\/strong> se pou\u017e\u00edv\u00e1 s <strong>pouze 3 ot\u00e1\u010dky<\/strong> D\u00edky tomu je mo\u017en\u00e9 velmi rychle m\u011bnit \u0161irok\u00fd rozsah vzd\u00e1lenost\u00ed.<\/p>\n<blockquote><p>Mal\u00e9 omezen\u00ed pro st\u0159elbu na vzd\u00e1lenosti nad 1000 m: Vzhledem ke korekci v\u00fd\u0161ky trajektorie se <strong>Nastaven\u00ed zam\u011b\u0159ova\u010de a\u017e do oblasti vn\u011bj\u0161\u00edho okraje<\/strong> lze nastavit.<br \/>\nV t\u00e9to okrajov\u00e9 oblasti optiky se nach\u00e1z\u00ed <strong>Rozli\u0161en\u00ed pu\u0161kohledu ji\u017e nen\u00ed z technick\u00fdch d\u016fvod\u016f dostate\u010dn\u011b vysok\u00e9<\/strong> k dosa\u017een\u00ed 40n\u00e1sobn\u00e9ho zv\u011bt\u0161en\u00ed. Zde mus\u00ed b\u00fdt zv\u011bt\u0161en\u00ed <strong>St\u0159elba sn\u00ed\u017eena na 20x<\/strong> st\u00e1t se.<\/p><\/blockquote>\n<p>V\u0161echny <strong>norm\u00e1ln\u00ed v Evrop\u011b sportovn\u00ed<\/strong> podm\u00edn\u011bn\u00e9<a href=\"https:\/\/de.wikipedia.org\/wiki\/Schie%C3%9Fstand\" target=\"_blank\" rel=\"noopener noreferrer\"><strong> St\u0159elnice<\/strong><\/a>, kde je v\u011bt\u0161\u00ed pravd\u011bpodobnost, \u017ee se zam\u011b\u0159ova\u010d bude nach\u00e1zet v oblasti <strong>st\u0159edn\u00ed oblast zorn\u00e9ho pole<\/strong> umo\u017e\u0148uj\u00ed rozli\u0161en\u00ed obrazu a\u017e 40x.<\/p>\n\t\t<\/div>\n\t\t\t\t\t<\/div>\n\n\t\n\n\t<div id=\"col-908506160\" class=\"col medium-4 small-12 large-4\"  >\n\t\t\t\t<div class=\"col-inner\"  >\n\t\t\t\n\t\t\t\n<a class=\"button primary expand\" >\n\t\t<span>Speci\u00e1ln\u00ed funkce pu\u0161kohledu<\/span>\n\t<\/a>\n\n\n\t<section class=\"section\" id=\"section_968707809\">\n\t\t<div class=\"section-bg fill\" >\n\t\t\t\t\t\t\t\t\t\n\t\t\t\n\n\t\t<\/div>\n\n\t\t\n\n\t\t<div class=\"section-content relative\">\n\t\t\t\n\t<div class=\"img has-hover x md-x lg-x y md-y lg-y\" id=\"image_1099097688\">\n\t\t<a class=\"\" href=\"https:\/\/www.ddoptics.de\/garantiebestimmungen\" target=\"_blank\" rel=\"no follow noopener\">\t\t\t\t\t\t<div class=\"img-inner dark\" >\n\t\t\t<img decoding=\"async\" width=\"352\" height=\"160\" src=\"https:\/\/ddoptics.shop\/wp-content\/uploads\/2014\/09\/DDoptics-Garantie.jpg\" class=\"attachment-large size-large\" alt=\"Z\u00e1ruka DDoptics\" srcset=\"https:\/\/ddoptics.shop\/wp-content\/uploads\/2014\/09\/DDoptics-Garantie.jpg 352w, https:\/\/ddoptics.shop\/wp-content\/uploads\/2014\/09\/DDoptics-Garantie-304x138.jpg 304w, https:\/\/ddoptics.shop\/wp-content\/uploads\/2014\/09\/DDoptics-Garantie-305x139.jpg 305w, https:\/\/ddoptics.shop\/wp-content\/uploads\/2014\/09\/DDoptics-Garantie-250x114.jpg 250w\" sizes=\"(max-width: 352px) 100vw, 352px\" title=\"\">\t\t\t\t\t\t\n\t\t\t\t\t<\/div>\n\t\t\t\t\t\t<\/a>\t\t\n<style>\n#image_1099097688 {\n  width: 100%;\n}\n<\/style>\n\t<\/div>\n\t\n\t<div id=\"text-2254485221\" class=\"text\">\n\t\t\n<p><span style=\"font-size: 80%;\"><em>\u21d2 DDMP - DDoptics Match Precision<br \/>\n<\/em><\/span><span style=\"font-size: 80%;\"><em>\u21d2 ide\u00e1ln\u00ed pro n\u00e1ro\u010dn\u00e9 st\u0159elce<\/em><\/span><br \/>\n<span style=\"font-size: 80%;\"><em>\u21d2 rozsah nastaven\u00ed 30 MRAD umo\u017e\u0148uje extr\u00e9mn\u011b dlouh\u00e9 z\u00e1b\u011bry<\/em><\/span><br \/>\n<span style=\"font-size: 80%;\"><em>\u21d2 Robustn\u00ed 34mm trubka<\/em><\/span><br \/>\n<span style=\"font-size: 80%;\"><em>\u21d2 velk\u00e9 kovov\u00e9 taktick\u00e9 v\u011b\u017ee (bez plastu)<\/em><\/span><br \/>\n<span style=\"font-size: 80%;\"><em>\u21d2 Dvojit\u00e9 m\u011b\u0159\u00edtko (dvoj\u00ed oto\u010den\u00ed)<\/em><\/span><br \/>\n<span style=\"font-size: 80%;\"><em>\u21d2 Intern\u00ed nulov\u00fd doraz pro ASV (nulov\u00fd doraz)<\/em><\/span><br \/>\n<span style=\"font-size: 80%;\"><em>\u21d2 Tvrd\u00fd taktick\u00fd detent 0,1 MRAD click (1cm\/click)<\/em><\/span><br \/>\n<span style=\"font-size: 80%;\"><em>\u21d2 jedna ot\u00e1\u010dka = 10 MRAD<\/em><\/span><br \/>\n<span style=\"font-size: 80%;\"><em>\u21d2 Nov\u00fd zam\u011b\u0159ova\u010d tacA v 1. ohniskov\u00e9 rovin\u011b<\/em><\/span><br \/>\n<span style=\"font-size: 80%;\"><em>\u21d2 V\u00fdkonn\u00e9 vyrovn\u00e1v\u00e1n\u00ed paralaxy pomoc\u00ed 25-1000-\u221e<\/em><\/span><\/p>\n\t\t\n<style>\n#text-2254485221 {\n  color: rgb(33, 107, 227);\n}\n#text-2254485221 > * {\n  color: rgb(33, 107, 227);\n}\n<\/style>\n\t<\/div>\n\t\n\t\t<\/div>\n\n\t\t\n<style>\n#section_968707809 {\n  padding-top: 30px;\n  padding-bottom: 30px;\n  background-color: rgb(232, 232, 232);\n}\n<\/style>\n\t<\/section>\n\t\n\t<div id=\"text-222578512\" class=\"text\">\n\t\t\n\t\t\n<style>\n#text-222578512 {\n  line-height: 1.15;\n  color: rgb(33, 107, 227);\n}\n#text-222578512 > * {\n  color: rgb(33, 107, 227);\n}\n<\/style>\n\t<\/div>\n\t\n\t\t<\/div>\n\t\t\t\t\t<\/div>\n\n\t\n<\/div>\n\t<div class=\"img has-hover x md-x lg-x y md-y lg-y\" id=\"image_1353442411\">\n\t\t\t\t\t\t\t\t<div class=\"img-inner dark\" >\n\t\t\t<img decoding=\"async\" width=\"1020\" height=\"575\" src=\"https:\/\/ddoptics.shop\/wp-content\/uploads\/2019\/09\/DDoptics-4-40x50-DDMP.jpg\" class=\"attachment-large size-large\" alt=\"Pu\u0161kohled DDoptics V10 4-40x50 DDMP\" srcset=\"https:\/\/ddoptics.shop\/wp-content\/uploads\/2019\/09\/DDoptics-4-40x50-DDMP.jpg 1179w, https:\/\/ddoptics.shop\/wp-content\/uploads\/2019\/09\/DDoptics-4-40x50-DDMP-304x171.jpg 304w, https:\/\/ddoptics.shop\/wp-content\/uploads\/2019\/09\/DDoptics-4-40x50-DDMP-305x172.jpg 305w, https:\/\/ddoptics.shop\/wp-content\/uploads\/2019\/09\/DDoptics-4-40x50-DDMP-632x356.jpg 632w, https:\/\/ddoptics.shop\/wp-content\/uploads\/2019\/09\/DDoptics-4-40x50-DDMP-800x451.jpg 800w, https:\/\/ddoptics.shop\/wp-content\/uploads\/2019\/09\/DDoptics-4-40x50-DDMP-510x288.jpg 510w, https:\/\/ddoptics.shop\/wp-content\/uploads\/2019\/09\/DDoptics-4-40x50-DDMP-250x141.jpg 250w\" sizes=\"(max-width: 1020px) 100vw, 1020px\" title=\"\">\t\t\t\t\t\t\n\t\t\t\t\t<\/div>\n\t\t\t\t\t\t\t\t\n<style>\n#image_1353442411 {\n  width: 100%;\n}\n<\/style>\n\t<\/div>\n\t\n<p style=\"text-align: left;\"><a style=\"font-size: 23.04px;\" href=\"https:\/\/de.wikipedia.org\/wiki\/Absehen\" target=\"_blank\" rel=\"noopener sponsored\" data-schema-attribute=\"\">S\u00ed\u0165ka<\/a><span style=\"font-size: 23.04px; color: #333333;\"> TacA 2.ffp v <\/span><a style=\"font-size: 23.04px;\" href=\"https:\/\/ddoptics.shop\/cs\/technicky-termin\/druha-obrazova-rovina-zamerovace\/\" target=\"_blank\" rel=\"noopener\" data-schema-attribute=\"\">druh\u00e1 obrazov\u00e1 rovina<\/a><\/p>\n<p>TacA se velmi snadno pou\u017e\u00edv\u00e1. D\u00edky druh\u00e9 obrazov\u00e9 rovin\u011b p\u0159i 10n\u00e1sobn\u00e9m zv\u011bt\u0161en\u00ed odpov\u00edd\u00e1 \u201cvzd\u00e1lenost mezi \u0159\u00e1dky zam\u011b\u0159ova\u010de\u201d vzd\u00e1lenosti <strong>Od pln\u00e9ho zdvihu k pln\u00e9mu zdvihu<\/strong> v\u017edy p\u0159esn\u00e9 <strong>1 MRAD<\/strong> \u21d2 10 cm na 100 m. Na <strong>Meziprodukty<\/strong> jsou proto odpov\u011bdn\u00e9 za <strong>0,5 MRAD<\/strong> \u21d2 5 cm na 100 m a <strong>mal\u00e9 poml\u010dky 0,1 MRAD<\/strong> \u21d2 1 cm na 100 m.<\/p>\n<p>Na str\u00e1nk\u00e1ch <strong>ku\u017eelov\u00e9 nosn\u00edky ve tvaru \u0161ipky<\/strong> byly z\u00e1m\u011brn\u011b <strong>Transparentn\u00ed<\/strong> navr\u017een tak, aby tak\u00e9 <strong>Za zam\u011b\u0159ova\u010dem se nic neskr\u00fdv\u00e1<\/strong> poz\u016fstatky.<\/p>\n<h3>Pu\u0161kohled DDoptics V10 4-40\u00d750 DDMP: Plynul\u00e9 p\u0159ep\u00edn\u00e1n\u00ed osv\u011btlen\u00e9ho bodu z re\u017eimu denn\u00edho sv\u011btla do re\u017eimu no\u010dn\u00edho vid\u011bn\u00ed<\/h3>\n<p>Na str\u00e1nk\u00e1ch <strong>Lehk\u00e1 jednotka TacA<\/strong> je dokonale vyv\u00e1\u017een\u00fd syst\u00e9m s maxim\u00e1ln\u00ed dynamikou. . <strong>prvn\u00ed \u00farovn\u011b jasu pouze extr\u00e9mn\u011b mal\u00e1 sv\u011bteln\u00e1 skvrna<\/strong> rozpoznat.<\/p>\n<p>To m\u016f\u017ee b\u00fdt dokonce ztlumeno do t\u00e9 m\u00edry, \u017ee to <strong>tak\u00e9 se za\u0159\u00edzen\u00edm pro no\u010dn\u00ed vid\u011bn\u00ed <\/strong>lze pou\u017e\u00edt. Pokud se sv\u011bteln\u00fd bod je\u0161t\u011b v\u00edce zv\u00fd\u0161\u00ed, pak se<strong> Sv\u00edt\u00ed od ur\u010dit\u00e9 intenzity sv\u011btla <\/strong>.<strong> Cel\u00fd balistick\u00fd zam\u011b\u0159ova\u010d<\/strong> s.<\/p>\n<p>V z\u00e1vislosti na aplikaci <strong>lze volit mezi \u010dist\u00fdm bodov\u00fdm nebo pln\u011b osv\u011btlen\u00fdm zam\u011b\u0159ova\u010dem<\/strong>. U tohoto optick\u00e9ho zam\u011b\u0159ova\u010de lze zvolit tak\u00e9 automatick\u00e9 vypnut\u00ed s inteligentn\u00edm \u0159\u00edzen\u00edm.<\/p>\n<h3>Pu\u0161kohled DDoptics V10 4-40\u00d750 DDMP - P\u0159esn\u00fd, vnit\u0159n\u00ed Zerostop<\/h3>\n<figure id=\"attachment_12866\" aria-describedby=\"caption-attachment-12866\" style=\"width: 350px\" class=\"wp-caption alignright\"><a href=\"https:\/\/ddoptics.shop\/wp-content\/uploads\/2019\/02\/Interner-Zerostop-5-30x56.jpg\"><img decoding=\"async\" class=\"wp-image-12866\" src=\"https:\/\/ddoptics.shop\/wp-content\/uploads\/2019\/02\/Interner-Zerostop-5-30x56.jpg\" alt=\"Intern\u00ed pu\u0161kohled Zerostop 5-30x56 DDoptics\" width=\"350\" height=\"233\" title=\"\" srcset=\"https:\/\/ddoptics.shop\/wp-content\/uploads\/2019\/02\/Interner-Zerostop-5-30x56.jpg 600w, https:\/\/ddoptics.shop\/wp-content\/uploads\/2019\/02\/Interner-Zerostop-5-30x56-304x203.jpg 304w, https:\/\/ddoptics.shop\/wp-content\/uploads\/2019\/02\/Interner-Zerostop-5-30x56-305x203.jpg 305w, https:\/\/ddoptics.shop\/wp-content\/uploads\/2019\/02\/Interner-Zerostop-5-30x56-510x340.jpg 510w, https:\/\/ddoptics.shop\/wp-content\/uploads\/2019\/02\/Interner-Zerostop-5-30x56-250x167.jpg 250w\" sizes=\"(max-width: 350px) 100vw, 350px\" \/><\/a><figcaption id=\"caption-attachment-12866\" class=\"wp-caption-text\">Intern\u00ed pu\u0161kohled Zerostop 5-30\u00d756 DDoptics<\/figcaption><\/figure>\n<p>Po odstran\u011bn\u00ed<strong> Krytky v\u011b\u017ei\u010dek ze se\u0159izov\u00e1n\u00ed zam\u011b\u0159ova\u010de 4-40\u00d750 <\/strong>v\u011b\u017e m\u016f\u017ee b\u00fdt <strong>povolen\u00edm 3 \u0161roub\u016f<\/strong> odstranit sm\u011brem nahoru. Pod n\u00edm najdete Zerostop v podob\u011b kulat\u00e9ho \u010dern\u00e9ho disku.<\/p>\n<p>Zerostop se nastavuje po v\u00fdst\u0159elu povolen\u00edm (tak\u00e9) 3 \u0161roub\u016f na kotou\u010di Zerostop.<\/p>\n<p>Pokud je kotou\u010d uvoln\u011bn\u00fd, lze j\u00edm ot\u00e1\u010det a\u017e na doraz bez jak\u00e9hokoli vlivu. <strong>pak znovu upevnit pomoc\u00ed \u0161roub\u016f s dr\u00e1\u017ekou<\/strong> st\u00e1t se.<\/p>\n<p>Na obr\u00e1zku je vid\u011bt zar\u00e1\u017eka mezi c\u00edlem a optick\u00fdm zam\u011b\u0159ova\u010dem. Pak se<strong> Vra\u0165te v\u011b\u017e do nulov\u00e9 polohy a zajist\u011bte ji pomoc\u00ed 3 \u0161roub\u016f.\u00a0<\/strong>Zerostop se nyn\u00ed zastav\u00ed p\u0159esn\u011b v nastaven\u00e9 vzd\u00e1lenosti.<\/p>\n\t<div id=\"gap-1653267164\" class=\"gap-element clearfix\" style=\"display:block; height:auto;\">\n\t\t\n<style>\n#gap-1653267164 {\n  padding-top: 15px;\n}\n<\/style>\n\t<\/div>","protected":false},"excerpt":{"rendered":"<p><img decoding=\"async\" class=\"alignnone wp-image-10452 size-full\" title=\"Sportovn\u00ed st\u0159elba\" src=\"https:\/\/ddoptics.shop\/wp-content\/uploads\/2016\/07\/Target-Schiessen.jpg\" alt=\"St\u0159elba na ter\u010d\" width=\"50\" height=\"50\" \/><img decoding=\"async\" class=\"alignnone wp-image-10178 size-full\" title=\"Lov v hor\u00e1ch\" src=\"https:\/\/ddoptics.shop\/wp-content\/uploads\/2016\/04\/Gebirgsjagd-klein.jpg\" alt=\"Horsk\u00e9 loveck\u00e9 dalekohledy\" width=\"50\" height=\"50\" \/><br \/>\nNov\u00e1, extr\u00e9mn\u011b zam\u011b\u0159en\u00e1 optika, kter\u00e1 nab\u00edz\u00ed zaj\u00edmav\u00e9 mo\u017enosti.<strong>\u00a0Oblasti<\/strong> ob\u00e1lky. Od sportovn\u00ed st\u0159elby po horsk\u00fd lov jako n\u00e1hrada zam\u011b\u0159ovac\u00edho dalekohledu s <strong>40n\u00e1sobek<\/strong> Roz\u0161\u00ed\u0159en\u00ed... <strong>Voliteln\u011b s inteligentn\u00edm tacA <a title=\"NOVINKA DDoptics IFiber osv\u011btlen\u00e1 te\u010dka\" href=\"\/cs\/technicky-termin-wiki\/inteligentni-ddoptics-ifiber-light-point\/\" target=\"_blank\" rel=\"noopener noreferrer\">Sv\u011bteln\u00fd bod IFibre<\/a> za p\u0159\u00edplatek pouh\u00fdch 99,- \u20ac.<\/strong><\/p>","protected":false},"featured_media":17678,"comment_status":"open","ping_status":"closed","template":"","meta":{"inline_featured_image":false,"footnotes":""},"product_brand":[],"product_cat":[927,453,697,640,641,920,637,68],"product_tag":[922,78,921,698,923],"class_list":{"0":"post-17654","1":"product","2":"type-product","3":"status-publish","4":"has-post-thumbnail","6":"product_cat-4-40x50","7":"product_cat-50-mm-objektivdurchmesser","8":"product_cat-mrad-klickverstellung","9":"product_cat-pirschjagd-und-gebirgsjagd","10":"product_cat-sportschiessen","11":"product_cat-v10-10-fach-zoom","12":"product_cat-zf-anwendung","13":"product_cat-zielfernrohr","14":"product_tag-4-40x50","15":"product_tag-ddoptics","16":"product_tag-long-range-zielfernrohr","17":"product_tag-mrad-1-cm-klickverstellung","18":"product_tag-zf-4-40x50","19":"product_shipping_class-paket","20":"pa_brand-marke-ddoptics","21":"pa_produkt-typ-zielfernrohr","23":"first","24":"instock","25":"sale","26":"taxable","27":"shipping-taxable","28":"purchasable","29":"product-type-bundle"},"bundled_by":[],"bundle_stock_status":"instock","bundle_stock_quantity":46,"bundle_virtual":false,"bundle_layout":"default","bundle_add_to_cart_form_location":"default","bundle_editable_in_cart":false,"bundle_sold_individually_context":"product","bundle_item_grouping":"parent","bundle_min_size":"","bundle_max_size":"","bundle_price":{"price":{"min":{"incl_tax":"1440","excl_tax":"1200"},"max":{"incl_tax":"1544.32","excl_tax":"1286.93"}},"regular_price":{"min":{"incl_tax":"1799","excl_tax":"1499.17"},"max":{"incl_tax":"1914.9","excl_tax":"1595.75"}}},"bundled_items":[{"bundled_item_id":77,"product_id":16795,"menu_order":0,"quantity_min":1,"quantity_max":1,"quantity_default":1,"priced_individually":true,"shipped_individually":false,"override_title":true,"title":"","override_description":false,"description":"","optional":false,"hide_thumbnail":true,"discount":"","override_variations":false,"allowed_variations":[],"override_default_variation_attributes":true,"default_variation_attributes":[{"id":36,"name":"tacA osv\u011btlen\u00e1 te\u010dka","option":"ddoptics-taca-normales-leuchtabsehen"}],"single_product_visibility":"visible","cart_visibility":"visible","order_visibility":"visible","single_product_price_visibility":"visible","cart_price_visibility":"visible","order_price_visibility":"visible","stock_status":"in_stock"},{"bundled_item_id":78,"product_id":12812,"menu_order":1,"quantity_min":1,"quantity_max":1,"quantity_default":1,"priced_individually":true,"shipped_individually":false,"override_title":true,"title":"T\u00e9m\u011b\u0159 jako d\u00e1rek - Flip Caps SET","override_description":true,"description":"","optional":true,"hide_thumbnail":true,"discount":"68.55","override_variations":true,"allowed_variations":[17680],"override_default_variation_attributes":true,"default_variation_attributes":[{"id":17,"name":"Velikost pu\u0161kohledu","option":"4-40x50"}],"single_product_visibility":"visible","cart_visibility":"visible","order_visibility":"visible","single_product_price_visibility":"visible","cart_price_visibility":"visible","order_price_visibility":"visible","stock_status":"in_stock"}],"bundle_sell_ids":[],"_links":{"self":[{"href":"https:\/\/ddoptics.shop\/cs\/wp-json\/wp\/v2\/product\/17654","targetHints":{"allow":["GET"]}}],"collection":[{"href":"https:\/\/ddoptics.shop\/cs\/wp-json\/wp\/v2\/product"}],"about":[{"href":"https:\/\/ddoptics.shop\/cs\/wp-json\/wp\/v2\/types\/product"}],"replies":[{"embeddable":true,"href":"https:\/\/ddoptics.shop\/cs\/wp-json\/wp\/v2\/comments?post=17654"}],"version-history":[{"count":18,"href":"https:\/\/ddoptics.shop\/cs\/wp-json\/wp\/v2\/product\/17654\/revisions"}],"predecessor-version":[{"id":29157,"href":"https:\/\/ddoptics.shop\/cs\/wp-json\/wp\/v2\/product\/17654\/revisions\/29157"}],"wp:featuredmedia":[{"embeddable":true,"href":"https:\/\/ddoptics.shop\/cs\/wp-json\/wp\/v2\/media\/17678"}],"wp:attachment":[{"href":"https:\/\/ddoptics.shop\/cs\/wp-json\/wp\/v2\/media?parent=17654"}],"wp:term":[{"taxonomy":"product_brand","embeddable":true,"href":"https:\/\/ddoptics.shop\/cs\/wp-json\/wp\/v2\/product_brand?post=17654"},{"taxonomy":"product_cat","embeddable":true,"href":"https:\/\/ddoptics.shop\/cs\/wp-json\/wp\/v2\/product_cat?post=17654"},{"taxonomy":"product_tag","embeddable":true,"href":"https:\/\/ddoptics.shop\/cs\/wp-json\/wp\/v2\/product_tag?post=17654"}],"curies":[{"name":"wp","href":"https:\/\/api.w.org\/{rel}","templated":true}]}}