{"id":1812,"date":"2016-04-07T13:28:18","date_gmt":"2016-04-07T11:28:18","guid":{"rendered":"https:\/\/beta.optik-sport-shop.at\/kaufen\/ziegler-suhler-einhakmontage-kontra\/"},"modified":"2025-11-04T14:07:20","modified_gmt":"2025-11-04T13:07:20","slug":"ziegler-suhler-hakova-montaz-sem-contra","status":"publish","type":"product","link":"https:\/\/ddoptics.shop\/cs\/kaufen\/ziegler-suhler-einhakmontage-sem-kontra\/","title":{"rendered":"Mont\u00e1\u017e s jedn\u00edm h\u00e1kem Ziegler - Suhler SEM jako protisyst\u00e9m"},"content":{"rendered":"<div class=\"row\"  id=\"row-1122928970\">\n\n\t<div id=\"col-609403038\" class=\"col medium-8 small-12 large-8\"  >\n\t\t\t\t<div class=\"col-inner\"  >\n\t\t\t\n\t\t\t\n<h2>Jednoh\u00e1\u010dkov\u00e1 sestava Suhl Kontra od spole\u010dnosti Ziegler<\/h2>\n<p>Po d\u016fkladn\u00fdch zkou\u0161k\u00e1ch a testech byla tato vynikaj\u00edc\u00ed <a title=\"Kontra sestava Ziegler\" href=\"\/cs\/koupit\/ziegler-suhler-hakova-montaz-sem-contra\/\" target=\"_blank\" rel=\"noopener noreferrer\"><strong>Kontra Einhak Montage firmy Ziegler<\/strong><\/a> na adrese <strong>le\u0161t\u011bn\u00fd povrch<\/strong> v obchod\u011b. Tato mont\u00e1\u017e nab\u00edz\u00ed velmi zaj\u00edmavou mo\u017enost pro lovce a sportovn\u00ed st\u0159elce, kte\u0159\u00ed si cht\u011bj\u00ed pu\u0161ku namontovat sami.<\/p>\n<p>Na str\u00e1nk\u00e1ch <strong>Mont\u00e1\u017e protistrany<\/strong> je <strong>Ziegler dopl\u0148kov\u00fd v\u00fdvoj pro standardn\u00ed zbran\u011b se standardn\u00edmi mont\u00e1\u017en\u00edmi otvory<\/strong>. To umo\u017e\u0148uje vyu\u017e\u00edvat v\u0161echny v\u00fdhody \u0161pi\u010dkov\u00fdch funkc\u00ed. <strong>Mont\u00e1\u017e h\u00e1\u010dku Suhl<\/strong> pro \u010dist\u00e9 <strong>Mont\u00e1\u017e na 30mm st\u0159edovou trubku<\/strong> teleskopick\u00e9ho zam\u011b\u0159ova\u010de.<\/p>\n<p>Kontra Montage je pravd\u011bpodobn\u011b jedn\u00edm z <strong>nejlep\u0161\u00ed odn\u00edmateln\u00e9 dr\u017e\u00e1ky zam\u011b\u0159ova\u010de<\/strong> pro 30mm trubky na trhu. Jejich elegance a jednoduchost jsou st\u00e1le bezkonkuren\u010dn\u00ed.<\/p>\n<h3>Jednoduch\u00e1 vlastn\u00ed mont\u00e1\u017e na pu\u0161ku - va\u0161e v\u00fdhoda:<\/h3>\n<p>Jak ji\u017e bylo zm\u00edn\u011bno, s trochou technick\u00fdch znalost\u00ed m\u016f\u017eete <strong>K vlastn\u00ed mont\u00e1\u017ei t\u00e9to vysoce p\u0159esn\u00e9 sestavy je zapot\u0159eb\u00ed zru\u010dnost a cit.<\/strong><\/p>\n<p>Skv\u011bl\u00e9 je, \u017ee <strong>R\u016fzn\u00e1 c\u00edlov\u00e1 optika<\/strong> (jsou nutn\u00e9 pouze p\u0159\u00eddavn\u00e9 mont\u00e1\u017en\u00ed krou\u017eky) <strong>Namontovan\u00e9 na pu\u0161ce a vyst\u0159elen\u00e9 do<\/strong> b\u00fdt provedena. Pot\u00e9, <strong>v z\u00e1vislosti na typu aplikace<\/strong>, pouze <strong>odpov\u00eddaj\u00edc\u00ed ZF <\/strong><strong>vym\u011bn\u011bn\u00e9<\/strong>. N\u00e1vod k mont\u00e1\u017ei je sou\u010d\u00e1st\u00ed dod\u00e1vky.<\/p>\n\t<div class=\"img has-hover x md-x lg-x y md-y lg-y\" id=\"image_2076252744\">\n\t\t\t\t\t\t\t\t<div class=\"img-inner dark\" >\n\t\t\t<img decoding=\"async\" width=\"1020\" height=\"268\" src=\"https:\/\/ddoptics.shop\/wp-content\/uploads\/2017\/03\/ZF-Montagen.jpg\" class=\"attachment-large size-large\" alt=\"Uchycen\u00ed ZF\" srcset=\"https:\/\/ddoptics.shop\/wp-content\/uploads\/2017\/03\/ZF-Montagen.jpg 1140w, https:\/\/ddoptics.shop\/wp-content\/uploads\/2017\/03\/ZF-Montagen-304x80.jpg 304w, https:\/\/ddoptics.shop\/wp-content\/uploads\/2017\/03\/ZF-Montagen-305x80.jpg 305w, https:\/\/ddoptics.shop\/wp-content\/uploads\/2017\/03\/ZF-Montagen-632x166.jpg 632w, https:\/\/ddoptics.shop\/wp-content\/uploads\/2017\/03\/ZF-Montagen-800x211.jpg 800w, https:\/\/ddoptics.shop\/wp-content\/uploads\/2017\/03\/ZF-Montagen-250x66.jpg 250w, https:\/\/ddoptics.shop\/wp-content\/uploads\/2017\/03\/ZF-Montagen-510x134.jpg 510w\" sizes=\"(max-width: 1020px) 100vw, 1020px\" title=\"\">\t\t\t\t\t\t\n\t\t\t\t\t<\/div>\n\t\t\t\t\t\t\t\t\n<style>\n#image_2076252744 {\n  width: 100%;\n}\n<\/style>\n\t<\/div>\n\t\n\t\t<\/div>\n\t\t\t\t\n<style>\n#col-609403038 > .col-inner {\n  margin: 0px 0px -30px 0px;\n}\n<\/style>\n\t<\/div>\n\n\t\n\n\t<div id=\"col-1945551153\" class=\"col medium-4 small-12 large-4\"  >\n\t\t\t\t<div class=\"col-inner\"  >\n\t\t\t\n\t\t\t\n\t<div class=\"img has-hover x md-x lg-x y md-y lg-y\" id=\"image_356018075\">\n\t\t\t\t\t\t\t\t<div class=\"img-inner dark\" >\n\t\t\t\t\t\t\t\t\t\n\t\t\t\t\t<\/div>\n\t\t\t\t\t\t\t\t\n<style>\n#image_356018075 {\n  width: 100%;\n}\n<\/style>\n\t<\/div>\n\t\n\t<div class=\"img has-hover x md-x lg-x y md-y lg-y\" id=\"image_1034997777\">\n\t\t\t\t\t\t\t\t<div class=\"img-inner dark\" >\n\t\t\t<img decoding=\"async\" width=\"295\" height=\"200\" src=\"https:\/\/ddoptics.shop\/wp-content\/uploads\/2016\/04\/Ziegler.png\" class=\"attachment-large size-large\" alt=\"Ziegler Contra Assembly\" srcset=\"https:\/\/ddoptics.shop\/wp-content\/uploads\/2016\/04\/Ziegler.png 295w, https:\/\/ddoptics.shop\/wp-content\/uploads\/2016\/04\/Ziegler-18x12.png 18w\" sizes=\"(max-width: 295px) 100vw, 295px\" title=\"\">\t\t\t\t\t\t\n\t\t\t\t\t<\/div>\n\t\t\t\t\t\t\t\t\n<style>\n#image_1034997777 {\n  width: 100%;\n}\n<\/style>\n\t<\/div>\n\t\n\t<div id=\"text-3435514282\" class=\"text\">\n\t\t\n<p>\u21d2 absolutn\u00ed <strong>Mont\u00e1\u017e bez stresu<\/strong><br \/>\n<strong>\u21d2 Absolutn\u00ed opakovatelnost<\/strong><br \/>\n\u21d2 p\u0159ipraveno k instalaci bez mont\u00e1\u017en\u00edch prac\u00ed<br \/>\n<strong>\u21d2 extr\u00e9mn\u011b nepr\u016fst\u0159eln\u00fd<\/strong><br \/>\n\u21d2 dodan\u00fd mont\u00e1\u017en\u00ed n\u00e1vod<br \/>\n\u21d2 vizu\u00e1ln\u011b velmi<strong> elegantn\u00ed<\/strong><br \/>\n<strong>\u21d2 Samo\u010dinn\u00e1 mont\u00e1\u017e<\/strong> mo\u017en\u00e9<br \/>\n\u21d2 lze p\u0159ipojit r\u016fzn\u00e9 ZF<br \/>\n\t\t\n<style>\n#text-3435514282 {\n  text-align: center;\n}\n<\/style>\n\t<\/div>\n\t\n<div class=\"text-center\"><div class=\"is-divider divider clearfix\" ><\/div><\/div>\n\t\t<\/div>\n\t\t\t\t\t<\/div>\n\n\t\n<\/div>\n<div class=\"is-divider divider clearfix\" ><\/div>\n<h3>Co je na sestav\u011b Ziegler Kontra zvl\u00e1\u0161tn\u00edho?<\/h3>\n<p>Princip sestavy Kontra s jedn\u00edm h\u00e1\u010dkem je n\u00e1sleduj\u00edc\u00ed. <strong>\u201cobr\u00e1cen\u00e1\u201d sestava s jedn\u00edm h\u00e1kem Suhl<\/strong>. P\u0159i nasazov\u00e1n\u00ed ZF se nejprve zah\u00e1kne zadn\u00ed patka a pot\u00e9 se zajist\u00ed p\u0159edn\u00ed.<\/p>\n<p>Z\u00e1mek je um\u00edst\u011bn na p\u0159edn\u00edm most\u011b pouzdra. <strong>Tento typ mont\u00e1\u017ee umo\u017e\u0148uje p\u0159ipevnit krou\u017eky na st\u0159edov\u00fd tubus 30mm pu\u0161kohledu.<\/strong><\/p>\n<p>Je vhodn\u00fd zejm\u00e9na jako <strong>odn\u00edmateln\u00e1, atraktivn\u00ed mont\u00e1\u017e pro pu\u0161kohledy na kulovnice - nebo jako elegantn\u00ed \u0159e\u0161en\u00ed na pu\u0161ky s p\u0159eru\u0161ovanou hlavn\u00ed.<\/strong>, pokud nen\u00ed po\u017eadov\u00e1na mont\u00e1\u017e s velk\u00fdm krou\u017ekem na objektivu a maj\u00ed se obej\u00edt mont\u00e1\u017en\u00ed pr\u00e1ce na hlavni.<\/p>\n<p>Hlavn\u00ed rys: Spole\u010dnost Zielger zcela odstranila funk\u010dn\u00ed nev\u00fdhody b\u011b\u017en\u00e9 sestavy s jedn\u00edm h\u00e1kem Suhl (SEM).<\/p>\n<h3>Historie v\u00fdvoje - Pozad\u00ed<\/h3>\n<p>Spole\u010dnost Ziegler ji\u017e \u0159adu let vyv\u00edj\u00ed a vytv\u00e1\u0159\u00ed dodavatele. <a title=\"Mont\u00e1\u017ee pu\u0161kohled\u016f\" href=\"\/cs\/venkovni-znalosti\/sestavy-zf\/\" target=\"_blank\" rel=\"noopener noreferrer\"><strong>Uchycen\u00ed ZF<\/strong><\/a> pro sv\u00e9 partnery. Ziegler z\u00edskal nov\u00e9 poznatky o slo\u017eit\u00e9 interakci mezi loveckou pu\u0161kou, mont\u00e1\u017e\u00ed a pu\u0161kohledem. D\u00edky tomu bylo mo\u017en\u00e9 vyvinout speci\u00e1ln\u00ed novinku:<strong> Suhler ZP mont\u00e1\u017e s jedn\u00edm h\u00e1kem<\/strong>.<\/p>\n<p>Zven\u010d\u00ed se nov\u00fd <strong>Mont\u00e1\u017e podobn\u00e1 klasick\u00e9 mont\u00e1\u017ei s jedn\u00edm h\u00e1\u010dkem Suhl<\/strong>. Pr\u00e1v\u011b to bylo z\u00e1m\u011brem p\u0159i v\u00fdvoji t\u00e9to sestavy. D\u00edky upraven\u00e9 konstrukci byla sestava pevn\u011bj\u0161\u00ed, bez nam\u00e1h\u00e1n\u00ed, kone\u010dn\u011b dlouhodob\u011b stabiln\u00ed a snadno se instalovala.<\/p>\n<p>\u201eVytvo\u0159it sestavu, kter\u00e1 bude vypadat jako sestava s jedn\u00edm h\u00e1kem, byl jeden z nejt\u011b\u017e\u0161\u00edch krok\u016f v procesu v\u00fdvoje,\u201c \u0159\u00edk\u00e1. <strong>Pan Gerhard Ziegler<\/strong>.<\/p>\n<h3>Historie a pozad\u00ed shrom\u00e1\u017ed\u011bn\u00ed Suhl hook-in<\/h3>\n<p>Klasick\u00e1 sestava s jedn\u00edm h\u00e1\u010dkem je dnes star\u00e1 p\u0159ibli\u017en\u011b 100 let. Vznikla <strong>pro lehk\u00e9 \u010do\u010dky a standardn\u00ed kalibry<\/strong> my\u0161lenky. V\u00fdroba SEM byla - a dodnes je - spojena se zdlouhavou a n\u00e1kladnou mont\u00e1\u017e\u00ed pro zbroj\u00ed\u0159e i z\u00e1kazn\u00edka.<\/p>\n<p>Probl\u00e9mem byla tak\u00e9 trvanlivost dr\u017e\u00e1ku. S p\u0159\u00edchodem modern\u00edch a st\u00e1le siln\u011bj\u0161\u00edch kalibr\u016f (a st\u00e1le t\u011b\u017e\u0161\u00edch objektiv\u016f) p\u0159ed 30 lety se v\u00edt\u011bzn\u00fd postup <strong>Oto\u010dn\u00e1 mont\u00e1\u017e<\/strong>. Mohlo by se jednat o pr\u016fmyslov\u011b vyr\u00e1b\u011bn\u00e9 prefabrik\u00e1ty. D\u016fsledek pro SEM: v\u00fdvojov\u00e9 pr\u00e1ce na sestav\u011b s jedn\u00edm h\u00e1kem se jednodu\u0161e zastavily.<\/p>\n<h3>P\u0159esn\u00e1 technologie pro p\u0159esn\u00fd z\u00e1b\u011br<\/h3>\n<p>St\u00e1le <strong>Modern\u011bj\u0161\u00ed v\u00fdrobn\u00ed procesy<\/strong>, Nov\u00e9 materi\u00e1ly a zku\u0161ebn\u00ed metody n\u00e1m dnes umo\u017e\u0148uj\u00ed nal\u00e9zt lep\u0161\u00ed \u0159e\u0161en\u00ed - tak\u00e9 pro mont\u00e1\u017e. Po dvou letech v\u00fdvojov\u00fdch prac\u00ed se spole\u010dnosti Ziegler poda\u0159ilo p\u0159en\u00e9st osv\u011bd\u010denou mont\u00e1\u017e s jedn\u00edm h\u00e1kem Suhl do 21. stolet\u00ed - s nov\u00fdmi \u0161pi\u010dkov\u00fdmi v\u00fdkony.<\/p>\n<p>D\u00edky odborn\u00fdm znalostem a zku\u0161enostem \u0161pi\u010dkov\u00e9 technologick\u00e9 spole\u010dnosti p\u0159eklenuje spole\u010dnost Ziegler propast mezi. <strong>Estetika tradi\u010dn\u00edho \u0159emesla p\u0159i v\u00fdrob\u011b zbran\u00ed a p\u0159esnost modern\u00edch v\u00fdrobn\u00edch metod.<\/strong>.<\/p>","protected":false},"excerpt":{"rendered":"<p><span style=\"color: #ed1c24;\"><strong>Upozorn\u011bn\u00ed: P\u0159ed objedn\u00e1n\u00edm za\u0161lete e-mailovou popt\u00e1vku! Dodac\u00ed lh\u016fta vzhledem k rozmanitosti podl\u00e9h\u00e1 pr\u016fb\u011b\u017en\u00fdm v\u00fdkyv\u016fm.<\/strong><\/span><\/p>\n<p>Pro SEM Contra\u00a0<a title=\"N\u00e1vod k mont\u00e1\u017ei Mont\u00e1\u017e Contra\" href=\"https:\/\/ddoptics.shop\/wp-content\/uploads\/2019\/05\/Ziegler-Kontra-Montageanleitung.pdf\" target=\"_blank\" rel=\"noopener noreferrer\">N\u00e1vod k mont\u00e1\u017ei online ve form\u00e1tu pdf<\/a><\/p>\n<p>Nov\u00e1 definice dokonal\u00e9 klasiky -<strong> bez v\u0161ech tradi\u010dn\u00edch nedostatk\u016f SEM<\/strong>. Superlehk\u00e9 a vysoce kvalitn\u00ed - vyrobeno v N\u011bmecku!<\/p>","protected":false},"featured_media":1857,"comment_status":"open","ping_status":"closed","template":"","meta":{"inline_featured_image":false,"footnotes":""},"product_brand":[],"product_cat":[70],"product_tag":[137,138,139,140,136],"class_list":{"0":"post-1812","1":"product","2":"type-product","3":"status-publish","4":"has-post-thumbnail","6":"product_cat-zielfernrohr-montage","7":"product_tag-einhakmontage","8":"product_tag-kontra-montage","9":"product_tag-sem","10":"product_tag-suhler-montage","11":"product_tag-zielgler-montage","12":"product_shipping_class-paket","13":"pa_brand-marke-ziegler-praezisionsteile-gmbh","14":"pa_farbe-schwarz","15":"pa_produkt-typ-zielfernrohr-montage","17":"first","18":"instock","19":"taxable","20":"shipping-taxable","21":"purchasable","22":"product-type-variable"},"bundled_by":[],"bundle_stock_status":"instock","bundle_stock_quantity":null,"bundle_virtual":false,"bundle_layout":"","bundle_add_to_cart_form_location":"","bundle_editable_in_cart":false,"bundle_sold_individually_context":"","bundle_item_grouping":"","bundle_min_size":"","bundle_max_size":"","bundle_price":[],"bundled_items":[],"bundle_sell_ids":[],"_links":{"self":[{"href":"https:\/\/ddoptics.shop\/cs\/wp-json\/wp\/v2\/product\/1812","targetHints":{"allow":["GET"]}}],"collection":[{"href":"https:\/\/ddoptics.shop\/cs\/wp-json\/wp\/v2\/product"}],"about":[{"href":"https:\/\/ddoptics.shop\/cs\/wp-json\/wp\/v2\/types\/product"}],"replies":[{"embeddable":true,"href":"https:\/\/ddoptics.shop\/cs\/wp-json\/wp\/v2\/comments?post=1812"}],"version-history":[{"count":12,"href":"https:\/\/ddoptics.shop\/cs\/wp-json\/wp\/v2\/product\/1812\/revisions"}],"predecessor-version":[{"id":29315,"href":"https:\/\/ddoptics.shop\/cs\/wp-json\/wp\/v2\/product\/1812\/revisions\/29315"}],"wp:featuredmedia":[{"embeddable":true,"href":"https:\/\/ddoptics.shop\/cs\/wp-json\/wp\/v2\/media\/1857"}],"wp:attachment":[{"href":"https:\/\/ddoptics.shop\/cs\/wp-json\/wp\/v2\/media?parent=1812"}],"wp:term":[{"taxonomy":"product_brand","embeddable":true,"href":"https:\/\/ddoptics.shop\/cs\/wp-json\/wp\/v2\/product_brand?post=1812"},{"taxonomy":"product_cat","embeddable":true,"href":"https:\/\/ddoptics.shop\/cs\/wp-json\/wp\/v2\/product_cat?post=1812"},{"taxonomy":"product_tag","embeddable":true,"href":"https:\/\/ddoptics.shop\/cs\/wp-json\/wp\/v2\/product_tag?post=1812"}],"curies":[{"name":"wp","href":"https:\/\/api.w.org\/{rel}","templated":true}]}}