{"id":1877,"date":"2016-04-12T12:05:48","date_gmt":"2016-04-12T10:05:48","guid":{"rendered":"https:\/\/beta.optik-sport-shop.at\/kaufen\/fernglas-ddoptics-edx-8x30-fieldstar\/"},"modified":"2025-10-06T13:33:39","modified_gmt":"2025-10-06T11:33:39","slug":"dalekohledy-ddoptics-edx-8x30-fieldstar","status":"publish","type":"product","link":"https:\/\/ddoptics.shop\/cs\/kaufen\/ddoptics-fernglas-edx-8x30-fieldstar\/","title":{"rendered":"Dalekohledy DDoptics EDX 8\u00d730 Fieldstar"},"content":{"rendered":"<div class=\"row\"  id=\"row-1312184570\">\n\n\t<div id=\"col-679436142\" class=\"col medium-8 small-12 large-8\"  >\n\t\t\t\t<div class=\"col-inner\"  >\n\t\t\t\n\t\t\t\n<h2>Dalekohledy DDoptics EDX 8\u00d730 Fieldstar | n\u00e1dhern\u00e1 \u0161pi\u010dkov\u00e1 optika za skv\u011blou cenu<\/h2>\n<p>Krom\u011b <strong>n\u00edzk\u00e1 hmotnost<\/strong> pozorovatel zjist\u00ed, \u017ee s t\u00edmto <strong>dalekohledy<\/strong> dokonale slad\u011bn\u00e9 z\u00e1\u0159iv\u00e9 barvy a obr\u00e1zky.<\/p>\n<p>K tomu na <strong>osv\u011bd\u010den\u00fd syst\u00e9m st\u0159e\u0161n\u00edch hranol\u016f<\/strong>\u00a0(Schmidt Pechan) jsou dalekohledy <strong>Zcela nov\u011b vyvinut\u00e9 typy skel<\/strong> byla pou\u017eita.<\/p>\n<p>V\u00fdsledek: Toto inovativn\u00ed sklo ED (s mimo\u0159\u00e1dn\u011b n\u00edzk\u00fdm rozptylem) sni\u017euje barevn\u00e9 t\u0159epen\u00ed je\u0161t\u011b l\u00e9pe ne\u017e d\u0159\u00edve pou\u017e\u00edvan\u00e1 skla ED. Objektiv pou\u017eit\u00fd pro<strong> EDX 8\u00d730<\/strong> Nov\u011b vyvinut\u00fd povlak pro f\u00e1zovou korekci PHC140 <strong>Zabra\u0148uje 99 procent\u016fm v\u0161ech ne\u017e\u00e1douc\u00edch vlnov\u011b-optick\u00fdch efekt\u016f.<\/strong> a zabra\u0148uje tak i tomu nejmen\u0161\u00edmu rozmaz\u00e1n\u00ed.<\/p>\n<h3>Pohodln\u00e1 manipulace s dalekohledem 8\u00d730<\/h3>\n<p>D\u00edky <strong>n\u00edzk\u00e1 hmotnost<\/strong> d\u00edky mal\u00fdm rozm\u011br\u016fm se tento dalekohled vejde do ka\u017ed\u00e9ho batohu a nebude p\u0159ek\u00e1\u017eet ani na del\u0161\u00edch cest\u00e1ch. Dioptr pro zaost\u0159ov\u00e1n\u00ed je um\u00edst\u011bn na prav\u00e9m okul\u00e1ru.<\/p>\n<p>Provozn\u00ed chyby jsou vylou\u010deny d\u00edky jednoduchosti t\u00e9to konstrukce. <strong>Nositel br\u00fdl\u00ed<\/strong> okul\u00e1ry lze pohodln\u011b nastavit tak. <strong>Dokonal\u00e1 mezipupil\u00e1rn\u00ed vzd\u00e1lenost<\/strong> a ztr\u00e1ta \u0161irok\u00e9ho <strong>Zorn\u00e9 pole (150,5 m)<\/strong> se vyh\u00fdb\u00e1. Pozice m\u0159\u00ed\u017eky lze pevn\u011b zafixovat. Ne\u00famysln\u00e9 nastaven\u00ed je d\u00edky jasn\u011b definovan\u00e9mu mechanismu nemo\u017en\u00e9.<\/p>\n\t\t<\/div>\n\t\t\t\t\n<style>\n#col-679436142 > .col-inner {\n  margin: 0px 0px -30px 0px;\n}\n<\/style>\n\t<\/div>\n\n\t\n\n\t<div id=\"col-1760636395\" class=\"col medium-4 small-12 large-4\"  >\n\t\t\t\t<div class=\"col-inner\"  >\n\t\t\t\n\t\t\t\n\t<div class=\"img has-hover x md-x lg-x y md-y lg-y\" id=\"image_128021312\">\n\t\t\t\t\t\t\t\t<div class=\"img-inner dark\" >\n\t\t\t\t\t\t\t\t\t\n\t\t\t\t\t<\/div>\n\t\t\t\t\t\t\t\t\n<style>\n#image_128021312 {\n  width: 100%;\n}\n<\/style>\n\t<\/div>\n\t\n\t<div class=\"img has-hover x md-x lg-x y md-y lg-y\" id=\"image_1175163646\">\n\t\t<a class=\"\" href=\"https:\/\/www.shop.ddoptics.de\/garantiebestimmungen\" target=\"_blank\" rel=\"noopener\">\t\t\t\t\t\t<div class=\"img-inner dark\" >\n\t\t\t<img decoding=\"async\" width=\"352\" height=\"160\" src=\"https:\/\/ddoptics.shop\/wp-content\/uploads\/2014\/09\/DDoptics-Garantie.jpg\" class=\"attachment-large size-large\" alt=\"Z\u00e1ruka DDoptics\" srcset=\"https:\/\/ddoptics.shop\/wp-content\/uploads\/2014\/09\/DDoptics-Garantie.jpg 352w, https:\/\/ddoptics.shop\/wp-content\/uploads\/2014\/09\/DDoptics-Garantie-304x138.jpg 304w, https:\/\/ddoptics.shop\/wp-content\/uploads\/2014\/09\/DDoptics-Garantie-305x139.jpg 305w, https:\/\/ddoptics.shop\/wp-content\/uploads\/2014\/09\/DDoptics-Garantie-250x114.jpg 250w\" sizes=\"(max-width: 352px) 100vw, 352px\" title=\"\">\t\t\t\t\t\t\n\t\t\t\t\t<\/div>\n\t\t\t\t\t\t<\/a>\t\t\n<style>\n#image_1175163646 {\n  width: 100%;\n}\n<\/style>\n\t<\/div>\n\t\n<h3>Dalekohledy DDoptics EDX fakta<\/h3>\n\n\t\t<div class=\"icon-box featured-box icon-box-left text-left\"  >\n\t\t\t\t\t<div class=\"icon-box-img\" style=\"width: 32px\">\n\t\t\t\t<div class=\"icon\">\n\t\t\t\t\t<div class=\"icon-inner\" >\n\t\t\t\t\t\t<img decoding=\"async\" width=\"100\" height=\"83\" src=\"https:\/\/ddoptics.shop\/wp-content\/uploads\/2021\/05\/DDoptics-SHG-Icon.jpg\" class=\"attachment-medium size-medium\" alt=\"Dalekohled DDoptics SHG Icon\" title=\"\">\t\t\t\t\t<\/div>\n\t\t\t\t<\/div>\n\t\t\t<\/div>\n\t\t\t\t<div class=\"icon-box-text last-reset\">\n\t\t\t\t\t\t\t\t\t\n<p>\u2705 unerreichtes 150,5 m Sehfeld<\/p>\n\t\t<\/div>\n\t<\/div>\n\t\n\t\n\n\t\t<div class=\"icon-box featured-box icon-box-left text-left\"  >\n\t\t\t\t\t<div class=\"icon-box-img\" style=\"width: 32px\">\n\t\t\t\t<div class=\"icon\">\n\t\t\t\t\t<div class=\"icon-inner\" >\n\t\t\t\t\t\t<img decoding=\"async\" width=\"100\" height=\"83\" src=\"https:\/\/ddoptics.shop\/wp-content\/uploads\/2021\/05\/DDoptics-SHG-Icon.jpg\" class=\"attachment-medium size-medium\" alt=\"Dalekohled DDoptics SHG Icon\" title=\"\">\t\t\t\t\t<\/div>\n\t\t\t\t<\/div>\n\t\t\t<\/div>\n\t\t\t\t<div class=\"icon-box-text last-reset\">\n\t\t\t\t\t\t\t\t\t\n<p>\u2705 DDlu\u010dn\u00e9 odm\u011b\u0148ov\u00e1n\u00ed<\/p>\n\t\t<\/div>\n\t<\/div>\n\t\n\t\n\n\t\t<div class=\"icon-box featured-box icon-box-left text-left\"  >\n\t\t\t\t\t<div class=\"icon-box-img\" style=\"width: 32px\">\n\t\t\t\t<div class=\"icon\">\n\t\t\t\t\t<div class=\"icon-inner\" >\n\t\t\t\t\t\t<img decoding=\"async\" width=\"100\" height=\"83\" src=\"https:\/\/ddoptics.shop\/wp-content\/uploads\/2021\/05\/DDoptics-SHG-Icon.jpg\" class=\"attachment-medium size-medium\" alt=\"Dalekohled DDoptics SHG Icon\" title=\"\">\t\t\t\t\t<\/div>\n\t\t\t\t<\/div>\n\t\t\t<\/div>\n\t\t\t\t<div class=\"icon-box-text last-reset\">\n\t\t\t\t\t\t\t\t\t\n<p>Dielektrick\u00e9 zrcadlo<\/p>\n\t\t<\/div>\n\t<\/div>\n\t\n\t\n\n\t\t<div class=\"icon-box featured-box icon-box-left text-left\"  >\n\t\t\t\t\t<div class=\"icon-box-img\" style=\"width: 32px\">\n\t\t\t\t<div class=\"icon\">\n\t\t\t\t\t<div class=\"icon-inner\" >\n\t\t\t\t\t\t<img decoding=\"async\" width=\"100\" height=\"83\" src=\"https:\/\/ddoptics.shop\/wp-content\/uploads\/2021\/05\/DDoptics-SHG-Icon.jpg\" class=\"attachment-medium size-medium\" alt=\"Dalekohled DDoptics SHG Icon\" title=\"\">\t\t\t\t\t<\/div>\n\t\t\t\t<\/div>\n\t\t\t<\/div>\n\t\t\t\t<div class=\"icon-box-text last-reset\">\n\t\t\t\t\t\t\t\t\t\n<p>ED Appochromat<\/p>\n\t\t<\/div>\n\t<\/div>\n\t\n\t\n\n\t\t<div class=\"icon-box featured-box icon-box-left text-left\"  >\n\t\t\t\t\t<div class=\"icon-box-img\" style=\"width: 32px\">\n\t\t\t\t<div class=\"icon\">\n\t\t\t\t\t<div class=\"icon-inner\" >\n\t\t\t\t\t\t<img decoding=\"async\" width=\"100\" height=\"83\" src=\"https:\/\/ddoptics.shop\/wp-content\/uploads\/2021\/05\/DDoptics-SHG-Icon.jpg\" class=\"attachment-medium size-medium\" alt=\"Dalekohled DDoptics SHG Icon\" title=\"\">\t\t\t\t\t<\/div>\n\t\t\t\t<\/div>\n\t\t\t<\/div>\n\t\t\t\t<div class=\"icon-box-text last-reset\">\n\t\t\t\t\t\t\t\t\t\n<p>\u2705 Pouze 460 g<\/p>\n\t\t<\/div>\n\t<\/div>\n\t\n\t\n\n\t\t<div class=\"icon-box featured-box icon-box-left text-left\"  >\n\t\t\t\t\t<div class=\"icon-box-img\" style=\"width: 32px\">\n\t\t\t\t<div class=\"icon\">\n\t\t\t\t\t<div class=\"icon-inner\" >\n\t\t\t\t\t\t<img decoding=\"async\" width=\"100\" height=\"83\" src=\"https:\/\/ddoptics.shop\/wp-content\/uploads\/2021\/05\/DDoptics-SHG-Icon.jpg\" class=\"attachment-medium size-medium\" alt=\"Dalekohled DDoptics SHG Icon\" title=\"\">\t\t\t\t\t<\/div>\n\t\t\t\t<\/div>\n\t\t\t<\/div>\n\t\t\t\t<div class=\"icon-box-text last-reset\">\n\t\t\t\t\t\t\t\t\t\n<p>\u2705 Ostr\u00fd od 1,2 m<\/p>\n\t\t<\/div>\n\t<\/div>\n\t\n\t\n<div class=\"is-divider divider clearfix\" ><\/div>\n\t\t<\/div>\n\t\t\t\t\t<\/div>\n\n\t\n<\/div>\n<h3 class=\"product-title product_title entry-title\">DDoptics EDX 8\u00d730 Inovativn\u00ed povrchov\u00e1 \u00faprava zaru\u010duje ostr\u00e9 kontury<\/h3>\n<p>Na <strong>EDX 8\u00d730<\/strong> optick\u00fd obraz bude vytvo\u0159en v souladu se sou\u010dasn\u00fdm stavem techniky v oblasti\u00a0<strong>maxim\u00e1ln\u00ed rozli\u0161en\u00ed<\/strong> detailn\u00ed a bez rozmaz\u00e1n\u00ed na okraj\u00edch. To je zaru\u010deno <strong>Speci\u00e1ln\u00ed povlak DDlucid<\/strong>, kter\u00fdmi jsou nav\u00edc opat\u0159eny ob\u011b st\u0159e\u0161n\u00ed plochy Schmidt-Pechanova st\u0159e\u0161n\u00edho hranolu.<\/p>\n<p>Ty z <strong>odm\u011bny poch\u00e1zej\u00edc\u00ed z japonsk\u00e9ho fotografick\u00e9ho pr\u016fmyslu<\/strong> je dal\u0161\u00edm v\u00fdvojem zn\u00e1m\u00e9ho a osv\u011bd\u010den\u00e9ho povlaku ELR (Extra Low Reflection). DDlucid je jedn\u00edm z nej\u00fa\u010dinn\u011bj\u0161\u00edch povlak\u016f pro dalekohledy. V sou\u010dasn\u00e9 dob\u011b maj\u00ed podobn\u011b vysp\u011bl\u00e9 povlaky pouze dalekohledy pr\u00e9miov\u00fdch zna\u010dek.<\/p>\n<h3>Lehk\u00fd 8x univerz\u00e1ln\u00ed dalekohled s obrovsk\u00fdm zorn\u00fdm polem<\/h3>\n<p>Spole\u010dnost DDoptics klade u tohoto objektivu zvl\u00e1\u0161tn\u00ed d\u016fraz na <strong>Velk\u00e9 zorn\u00e9 pole<\/strong> polo\u017een\u00e9. V\u00fdsledkem tohoto v\u00fdvoje je <strong>neuv\u011b\u0159iteln\u00e9 zorn\u00e9 pole 150,5<\/strong> m p\u0159i 8n\u00e1sobn\u00e9m zv\u011bt\u0161en\u00ed. To u\u017eivateli umo\u017e\u0148uje pozorovat objekty na vzd\u00e1lenost 1 000 metr\u016f a na prvn\u00ed pohled v prostoru, kter\u00fd je zhruba jedenap\u016flkr\u00e1t del\u0161\u00ed ne\u017e fotbalov\u00e9 h\u0159i\u0161t\u011b.<\/p>\n<p>To je rekordn\u00ed v\u00fdsledek pro dalekohledy v kategorii 8\u00d730. Je t\u0159eba zd\u016fraznit, \u017ee navzdory <strong>velk\u00e9 zorn\u00e9 pole, sotva zjistiteln\u00e9 zkreslen\u00ed<\/strong> a obraz je ostr\u00fd a\u017e k okraj\u016fm.<\/p>\n<h3>Dalekohled EDX 8\u00d730 - Robustn\u00ed a technicky dokonal\u00fd<\/h3>\n<p><strong>Alpinist\u00e9 a outdoorov\u00ed nad\u0161enci<\/strong> \u201eEDX Fieldstar 8\u00d730\u201c nab\u00edz\u00ed zvl\u00e1\u0161tn\u00ed z\u00e1\u017eitek z p\u0159\u00edrody, a to nejen d\u00edky sv\u00e9mu extr\u00e9mn\u011b \u0161irok\u00e9mu zorn\u00e9mu poli. Hranoly jsou nav\u00edc vybaveny dielektrick\u00fdm zrcadlem, kter\u00e9 dalekohledu dod\u00e1v\u00e1 zvl\u00e1\u0161tn\u00ed kvalitu. <strong>Celkov\u00fd p\u0159enos a\u017e p\u0159es 91,7%<\/strong> je mo\u017en\u00e9. Rozptylov\u00e9 sv\u011btlo je \u00fa\u010dinn\u011b redukov\u00e1no speci\u00e1ln\u00ed vrstvou na vnit\u0159n\u00ed stran\u011b dalekohledu. <strong>V\u00fdhradn\u011b pr\u00e9miov\u00e9 dalekohledy<\/strong> v sou\u010dasn\u00e9 dob\u011b maj\u00ed takto vysoce rozvinut\u00e9 syst\u00e9my odm\u011b\u0148ov\u00e1n\u00ed.<\/p>\n<p>Na str\u00e1nk\u00e1ch <strong>Binokul\u00e1rn\u00ed pouzdro<\/strong> se skl\u00e1d\u00e1 z hlin\u00edkov\u00e9 slitiny v kombinaci se zes\u00edlen\u00fdm <strong>karbon\u00e1ty a je pokryta pry\u017eov\u00fdm panc\u00ed\u0159em.<\/strong> pota\u017een\u00e9. To zaru\u010duje nejen odolnost, ale tak\u00e9 <strong>v\u00fdrazn\u011b vy\u0161\u0161\u00ed p\u0159ilnavost a odolnost proti skluzu.<\/strong> Nezni\u010diteln\u00e1 kovov\u00e1 slitina nastaviteln\u00fdch o\u010dnic zaji\u0161\u0165uje odolnost bez opot\u0159eben\u00ed a optim\u00e1ln\u011b chr\u00e1n\u00ed okul\u00e1ry. Stejn\u011b jako v\u0161echny dalekohledy DDoptics je i EDX 8\u00d730 samoz\u0159ejm\u011b zcela vodot\u011bsn\u00fd a odoln\u00fd proti zaml\u017een\u00ed.<\/p>","protected":false},"excerpt":{"rendered":"<p><img decoding=\"async\" class=\"alignnone wp-image-10180 size-full\" title=\"P\u011b\u0161\u00ed turistika\" src=\"https:\/\/ddoptics.shop\/wp-content\/uploads\/2016\/04\/Bergwandern-klein.jpg\" alt=\"Dalekohledy pro horskou turistiku\" width=\"50\" height=\"50\" \/><img decoding=\"async\" class=\"alignnone wp-image-10178 size-full\" title=\"Pozorov\u00e1n\u00ed zv\u00ed\u0159at horsk\u00fd lov\" src=\"https:\/\/ddoptics.shop\/wp-content\/uploads\/2016\/04\/Gebirgsjagd-klein.jpg\" alt=\"Horsk\u00e9 loveck\u00e9 dalekohledy\" width=\"50\" height=\"50\" \/><img decoding=\"async\" class=\"alignnone wp-image-10170 size-full\" title=\"Pozorov\u00e1n\u00ed pt\u00e1k\u016f\" src=\"https:\/\/ddoptics.shop\/wp-content\/uploads\/2016\/09\/Ornitologie-klein.jpg\" alt=\"Pozorov\u00e1n\u00ed pt\u00e1k\u016f\" width=\"50\" height=\"50\" \/><br \/>\nZrodila se nov\u00e1 hv\u011bzda! Osmin\u00e1sobn\u00e1 <strong>Lehk\u00fd odkaz s obr\u00e1zkov\u00fdm \u0161\u00edlenstv\u00edm<\/strong>.<\/p>","protected":false},"featured_media":1880,"comment_status":"open","ping_status":"closed","template":"","meta":{"inline_featured_image":false,"footnotes":""},"product_brand":[],"product_cat":[359,349,329,67,345,346],"product_tag":[90,152,561,78,86],"class_list":{"0":"post-1877","1":"product","2":"type-product","3":"status-publish","4":"has-post-thumbnail","6":"product_cat-30-mm-objektiv","7":"product_cat-8x-vergroesserung","8":"product_cat-ddoptics","9":"product_cat-fernglas","10":"product_cat-jagd-und-wild","11":"product_cat-wandern-und-reisen","12":"product_tag-8-fach-vergroesserung","13":"product_tag-8x30","14":"product_tag-8x30-fernglas","15":"product_tag-ddoptics","16":"product_tag-edx","17":"product_shipping_class-paket","18":"pa_brand-marke-ddoptics","19":"pa_farbe-schwarz","20":"pa_produkt-typ-fernglas","22":"first","23":"instock","24":"sale","25":"taxable","26":"shipping-taxable","27":"purchasable","28":"product-type-simple"},"bundled_by":[],"bundle_stock_status":"instock","bundle_stock_quantity":null,"bundle_virtual":false,"bundle_layout":"","bundle_add_to_cart_form_location":"","bundle_editable_in_cart":false,"bundle_sold_individually_context":"","bundle_item_grouping":"","bundle_min_size":"","bundle_max_size":"","bundle_price":[],"bundled_items":[],"bundle_sell_ids":[],"_links":{"self":[{"href":"https:\/\/ddoptics.shop\/cs\/wp-json\/wp\/v2\/product\/1877","targetHints":{"allow":["GET"]}}],"collection":[{"href":"https:\/\/ddoptics.shop\/cs\/wp-json\/wp\/v2\/product"}],"about":[{"href":"https:\/\/ddoptics.shop\/cs\/wp-json\/wp\/v2\/types\/product"}],"replies":[{"embeddable":true,"href":"https:\/\/ddoptics.shop\/cs\/wp-json\/wp\/v2\/comments?post=1877"}],"version-history":[{"count":6,"href":"https:\/\/ddoptics.shop\/cs\/wp-json\/wp\/v2\/product\/1877\/revisions"}],"predecessor-version":[{"id":29188,"href":"https:\/\/ddoptics.shop\/cs\/wp-json\/wp\/v2\/product\/1877\/revisions\/29188"}],"wp:featuredmedia":[{"embeddable":true,"href":"https:\/\/ddoptics.shop\/cs\/wp-json\/wp\/v2\/media\/1880"}],"wp:attachment":[{"href":"https:\/\/ddoptics.shop\/cs\/wp-json\/wp\/v2\/media?parent=1877"}],"wp:term":[{"taxonomy":"product_brand","embeddable":true,"href":"https:\/\/ddoptics.shop\/cs\/wp-json\/wp\/v2\/product_brand?post=1877"},{"taxonomy":"product_cat","embeddable":true,"href":"https:\/\/ddoptics.shop\/cs\/wp-json\/wp\/v2\/product_cat?post=1877"},{"taxonomy":"product_tag","embeddable":true,"href":"https:\/\/ddoptics.shop\/cs\/wp-json\/wp\/v2\/product_tag?post=1877"}],"curies":[{"name":"wp","href":"https:\/\/api.w.org\/{rel}","templated":true}]}}