{"id":18770,"date":"2019-10-25T10:32:23","date_gmt":"2019-10-25T08:32:23","guid":{"rendered":"https:\/\/ddoptics.shop\/?post_type=product&#038;p=18770"},"modified":"2025-10-03T14:10:30","modified_gmt":"2025-10-03T12:10:30","slug":"puskohled-ddoptics-v6-2komma5-15x50-n-fx-mrad","status":"publish","type":"product","link":"https:\/\/ddoptics.shop\/cs\/kaufen\/zielfernrohr-ddoptics-v6-2komma5-15x50-n-fx-mrad\/","title":{"rendered":"Pu\u0161kohled 2,5-15\u00d750 NFX od DDoptics | V6 | A4N | MRAD adjustment - Gen 3"},"content":{"rendered":"<div class=\"container section-title-container\" ><h3 class=\"section-title section-title-normal\"><b aria-hidden=\"true\"><\/b><span class=\"section-title-main\" ><i class=\"icon-cross\" aria-hidden=\"true\"><\/i>Stru\u010dn\u00fd p\u0159ehled pu\u0161kohledu 2,5-15x50 NFX od DDoptics<\/span><b aria-hidden=\"true\"><\/b><\/h3><\/div>\n<table style=\"background-color: #cacaca; width: 100%;\">\n<tbody>\n<tr style=\"height: 24px;\">\n<td style=\"height: 24px; width: 20%;\"><strong>Trubka<\/strong><\/td>\n<td style=\"height: 24px; width: 30%;\">30 mm mono trubice<\/td>\n<td style=\"height: 24px; width: 20%;\"><strong>Zorn\u00e9 pole: m @100m<\/strong><\/td>\n<td style=\"height: 24px; width: 30%;\">15 - 2,5 m<\/td>\n<\/tr>\n<tr style=\"height: 24px;\">\n<td style=\"height: 24px; width: 20%;\"><strong>Optick\u00fd syst\u00e9m<\/strong><\/td>\n<td style=\"height: 24px; width: 30%;\">\u00a02,5-15n\u00e1sobek<\/td>\n<td style=\"height: 24px; width: 20%;\">\u00a0<strong>Mezipupil\u00e1rn\u00ed vzd\u00e1lenost<\/strong><\/td>\n<td style=\"height: 24px; width: 30%;\">\u00a085-99 mm<\/td>\n<\/tr>\n<tr style=\"height: 24px;\">\n<td style=\"height: 24px; width: 20%;\"><strong>Objektiv<\/strong><\/td>\n<td style=\"height: 24px; width: 30%;\">\u00a050 mm<\/td>\n<td style=\"height: 24px; width: 20%;\">\u00a0<strong>D\u00e9lka<\/strong><\/td>\n<td style=\"height: 24px; width: 30%;\">\u00a0373 mm<\/td>\n<\/tr>\n<tr style=\"height: 24px;\">\n<td style=\"height: 24px; width: 20%;\"><a href=\"https:\/\/de.wikipedia.org\/wiki\/Absehen\" target=\"_blank\" rel=\"noopener noreferrer\"><strong>S\u00ed\u0165ka<\/strong><\/a><\/td>\n<td style=\"height: 24px; width: 30%;\">\u00a0Nov\u00fd zam\u011b\u0159ova\u010d 4<\/td>\n<td style=\"height: 24px; width: 20%;\">\u00a0<strong>Hmotnost<\/strong><\/td>\n<td style=\"height: 24px; width: 30%;\">\u00a0698 g<\/td>\n<\/tr>\n<tr style=\"height: 24px;\">\n<td style=\"height: 24px; width: 20%;\"><strong>Sv\u011bteln\u00fd bod<\/strong><\/td>\n<td style=\"height: 24px; width: 30%;\">\u00a0Standardn\u00ed nebo iFibre<\/td>\n<td style=\"height: 24px; width: 20%;\">\u00a0<strong>Ochrana proti zaml\u017eov\u00e1n\u00ed<\/strong><\/td>\n<td style=\"height: 24px; width: 30%;\">\u00a0Dus\u00edkov\u00e1 n\u00e1pl\u0148 proti zaml\u017een\u00ed<\/td>\n<\/tr>\n<tr style=\"height: 24px;\">\n<td style=\"height: 24px; width: 20%;\"><strong>Zaost\u0159en\u00ed\/paralaxa<\/strong><\/td>\n<td style=\"height: 24px; width: 30%;\">\u00a0Nastaviteln\u00fd objektiv 20 m a\u017e nekone\u010dno<\/td>\n<td style=\"height: 24px; width: 20%;\">\u00a0<strong>T\u011bsnost<\/strong><\/td>\n<td style=\"height: 24px; width: 30%;\">\u00a0Odolnost v\u016f\u010di vod\u011b a n\u00e1raz\u016fm<\/td>\n<\/tr>\n<\/tbody>\n<\/table>\n<div class=\"row\"  id=\"row-322581296\">\n\n\t<div id=\"col-2114858290\" class=\"col medium-8 small-12 large-8\"  >\n\t\t\t\t<div class=\"col-inner\"  >\n\t\t\t\n\t\t\t\n<h2>Pu\u0161kohled 2,5-15\u00d750 NFX od spole\u010dnosti DDoptics - v\u00fdkonn\u00fd pu\u0161kohled s 6n\u00e1sobn\u00fdm zoomem a kliknut\u00edm MRAD (1 cm\/klik - 100 m)<\/h2>\n<p>Nov\u00fd <strong>Pu\u0161kohled DDoptics 2,5-15\u00d750<\/strong> NFX s nastaven\u00edm MRAD click a \u0161irok\u00fdm \u00fahlem z\u00e1b\u011bru (velk\u00e9 zorn\u00e9 pole) je vhodn\u00fd zejm\u00e9na pro <strong>Loveck\u00e9 rev\u00edry s r\u016fzn\u00fdmi vzd\u00e1lenostmi st\u0159elby<\/strong>. Pokr\u00fdv\u00e1 \u0161irokou \u0161k\u00e1lu ter\u00e9n\u016f, nap\u0159. pro horsk\u00fd lov nebo lov v ter\u00e9nu.<\/p>\n<p>Stejn\u011b jako pu\u0161kohledy 3. generace byl i pu\u0161kohled NFX navr\u017een s ohledem na. <strong>nastaven\u00ed zam\u011b\u0159ova\u010de s pevn\u00fdm chodem<\/strong> z kovu, Zerostop, New Reticle 4, CT sklo, DDlucidn\u00ed povlak a dvojit\u00e9 m\u011b\u0159\u00edtko.<\/p>\n<p>Na str\u00e1nk\u00e1ch <a href=\"https:\/\/ddoptics.shop\/cs\/obchod\/teleskopicky-zamerovac-2\/v6-6x-zoom\/\" target=\"_blank\" rel=\"noopener noreferrer\">\u0161estin\u00e1sobn\u00e9 <strong>Teleskopick\u00fd zam\u011b\u0159ova\u010d <\/strong><\/a>spl\u0148uje v\u0161echny loveck\u00e9 po\u017eadavky, jako jsou<strong>\u00a0Stalking, skr\u00fdv\u00e1n\u00ed <\/strong>v byt\u011b a v<strong> Hory.<\/strong><\/p>\n<h3>\u0160iroko\u00fahl\u00fd pu\u0161kohled DDoptics V6 2,5-15\u00d750 NFX pro loveck\u00e9 pu\u0161ky - se stupnic\u00ed MRAD<\/h3>\n<p>Stejn\u011b jako u model\u016f 3. generace je i u modelu V6 2,5-15\u00d750 NFX <strong>d\u016fsledn\u011b upustil od v\u0161ech plastov\u00fdch d\u00edl\u016f.\u00a0<\/strong>Mezi n\u00edzk\u00e9, <strong>Loveck\u00e9 v\u011b\u017ee s dvojit\u00fdm m\u011b\u0159\u00edtkem<\/strong> skr\u00fdv\u00e1 <strong>Vysoce p\u0159esn\u00fd a hladk\u00fd chod mechanismu<\/strong>, kter\u00e9 a\u017e dosud <strong>pouze ve verzi s pu\u0161kohledem Tactical<\/strong> byl nainstalov\u00e1n.<\/p>\n<p>V\u00fdhoda: M\u016f\u017eete se obej\u00edt bez ochrann\u00e9ho krytu p\u0159es nastaven\u00ed zam\u011b\u0159ova\u010de a m\u00edt tak k dispozici <strong>P\u0159\u00edstup k nastaven\u00ed zam\u011b\u0159ova\u010de kdykoli<\/strong> korigovat vzd\u00e1lenost st\u0159elby nebo rychlost v\u011btru.<\/p>\n\t\t<\/div>\n\t\t\t\t\t<\/div>\n\n\t\n\n\t<div id=\"col-1137535123\" class=\"col medium-4 small-12 large-4\"  >\n\t\t\t\t<div class=\"col-inner\"  >\n\t\t\t\n\t\t\t\n<a class=\"button primary expand\" >\n\t\t<span>Speci\u00e1ln\u00ed funkce pu\u0161kohledu<\/span>\n\t<\/a>\n\n\n\t<section class=\"section\" id=\"section_872288543\">\n\t\t<div class=\"section-bg fill\" >\n\t\t\t\t\t\t\t\t\t<div class=\"section-bg-overlay absolute fill\"><\/div>\n\t\t\t\n\n\t\t<\/div>\n\n\t\t\n\n\t\t<div class=\"section-content relative\">\n\t\t\t\n\t<div class=\"img has-hover x md-x lg-x y md-y lg-y\" id=\"image_2018042667\">\n\t\t<a class=\"\" href=\"https:\/\/www.ddoptics.de\/garantiebestimmungen\" target=\"_blank\" rel=\"no follow noopener\">\t\t\t\t\t\t<div class=\"img-inner dark\" >\n\t\t\t<img decoding=\"async\" width=\"352\" height=\"160\" src=\"https:\/\/ddoptics.shop\/wp-content\/uploads\/2014\/09\/DDoptics-Garantie.jpg\" class=\"attachment-large size-large\" alt=\"Z\u00e1ruka DDoptics\" srcset=\"https:\/\/ddoptics.shop\/wp-content\/uploads\/2014\/09\/DDoptics-Garantie.jpg 352w, https:\/\/ddoptics.shop\/wp-content\/uploads\/2014\/09\/DDoptics-Garantie-304x138.jpg 304w, https:\/\/ddoptics.shop\/wp-content\/uploads\/2014\/09\/DDoptics-Garantie-305x139.jpg 305w, https:\/\/ddoptics.shop\/wp-content\/uploads\/2014\/09\/DDoptics-Garantie-250x114.jpg 250w\" sizes=\"(max-width: 352px) 100vw, 352px\" title=\"\">\t\t\t\t\t\t\n\t\t\t\t\t<\/div>\n\t\t\t\t\t\t<\/a>\t\t\n<style>\n#image_2018042667 {\n  width: 100%;\n}\n<\/style>\n\t<\/div>\n\t\n\t<div id=\"gap-1324209607\" class=\"gap-element clearfix\" style=\"display:block; height:auto;\">\n\t\t\n<style>\n#gap-1324209607 {\n  padding-top: 15px;\n}\n<\/style>\n\t<\/div>\n\t\n\t<div id=\"text-2231878677\" class=\"text\">\n\t\t\n<p><span style=\"font-size: 80%;\"><em>\u21d2 V6 - 6x zoom<\/em><\/span><br \/>\n<span style=\"font-size: 80%;\"><em>\u21d2 kovov\u00e9 v\u011b\u017ei\u010dky pro nastaven\u00ed zam\u011b\u0159ova\u010de (\u017e\u00e1dn\u00e9 plastov\u00e9 jako u generace 2)<\/em><\/span><br \/>\n<span style=\"font-size: 80%;\"><em>\u21d2 sklo CT (Clear Transmission ) (n\u00edzk\u00fd rozptyl)<\/em><\/span><br \/>\n<span style=\"font-size: 80%;\"><em>\u21d2 Dvojit\u00e9 m\u011b\u0159\u00edtko (dvoj\u00ed oto\u010den\u00ed)<\/em><\/span><br \/>\n<span style=\"font-size: 80%;\"><em>\u21d2 Zerostop pro ASV (nulov\u00fd doraz)<\/em><\/span><br \/>\n<span style=\"font-size: 80%;\"><em>\u21d2 Hard Tactical 1\/4 click detent<\/em><\/span><br \/>\n<span style=\"font-size: 80%;\"><em>\u21d2 nov\u00e1 konstrukce krou\u017eku pro nastaven\u00ed zv\u011bt\u0161en\u00ed<\/em><\/span><br \/>\n<span style=\"font-size: 80%;\"><em>\u21d2 Nov\u00fd zam\u011b\u0159ova\u010d 4 s v\u00fdrazn\u011b jemn\u011bj\u0161\u00edmi \u010d\u00e1rkami<\/em><\/span><br \/>\n<span style=\"font-size: 80%;\"><em>\u21d2 tvrd\u00fd taktick\u00fd detent 0,1 MRAD click (1cm\/click)<\/em><\/span><br \/>\n<span style=\"font-size: 80%;\"><em>\u21d2 dr\u00e1ha nastaven\u00ed 228 kliknut\u00ed = 2,28 m na 100 m<\/em><\/span><\/p>\n\t\t\n<style>\n#text-2231878677 {\n  line-height: 1.15;\n  color: rgb(33, 107, 227);\n}\n#text-2231878677 > * {\n  color: rgb(33, 107, 227);\n}\n<\/style>\n\t<\/div>\n\t\n\t\t<\/div>\n\n\t\t\n<style>\n#section_872288543 {\n  padding-top: 30px;\n  padding-bottom: 30px;\n  background-color: rgb(232, 232, 232);\n}\n#section_872288543 .section-bg-overlay {\n  background-color: rgba(255,255,255,.5);\n}\n<\/style>\n\t<\/section>\n\t\n<div class=\"is-divider divider clearfix\" ><\/div>\n\t\t<\/div>\n\t\t\t\t\t<\/div>\n\n\t\n<\/div>\n<p>Pro bezpe\u010dn\u00fd <strong>Snadno nastaviteln\u00fd nulov\u00fd doraz zaji\u0161\u0165uje n\u00e1vrat k nulov\u00e9mu nastaven\u00ed.<\/strong> ( Zerostop). D\u00edky zorn\u00e9mu poli 13,5 metru (p\u0159i zv\u011bt\u0161en\u00ed 2,5x) spl\u0148uje pu\u0161kohled Nighteagle 2,5-15\u00d750 v\u0161echny po\u017eadavky na lov na cest\u00e1ch.<\/p>\n<p>Tyto str\u00e1nky <strong>Optika s 6x zoomem trumfuje velmi vysokou sv\u011btelnost\u00ed s brilantn\u00edm a vysoce kontrastn\u00edm obrazem.<\/strong> na. D\u00edky tomu je Nighteagle 2,5-15\u00d750 p\u0159edur\u010den pro n\u00e1ro\u010dn\u00e9 lovce, technicky zku\u0161en\u00e9 st\u0159elce na velk\u00e9 vzd\u00e1lenosti a sportovn\u00ed st\u0159elce, kte\u0159\u00ed cht\u011bj\u00ed pou\u017e\u00edvat <strong>Pu\u0161kohled na velk\u00e9 vzd\u00e1lenosti s maxim\u00e1ln\u00edm optick\u00fdm v\u00fdkonem<\/strong> vyhled\u00e1v\u00e1n\u00ed.<\/p>\n<h3>Pu\u0161kohled DDoptics V6 s <a href=\"https:\/\/ddoptics.shop\/cs\/technicky-termin\/prusvitna-optika-propoustejici-svetlo\/\" target=\"_blank\" rel=\"noopener\" data-schema-attribute=\"\">P\u0159enos sv\u011btla<\/a> s maxim\u00e1ln\u00edmi hodnotami<\/h3>\n<p>Na str\u00e1nk\u00e1ch <strong>Pln\u011b pota\u017een\u00e1 optika<\/strong>, kter\u00fd nep\u0159ipou\u0161t\u00ed \u017e\u00e1dn\u00e9 odrazy, nab\u00edz\u00ed extr\u00e9mn\u011b kontrastn\u00ed a v\u011brn\u00fd obraz s vynikaj\u00edc\u00ed ostrost\u00ed od okraje k okraji. D\u00edky minim\u00e1ln\u00edmu mno\u017estv\u00ed fale\u0161n\u00e9ho sv\u011btla nep\u0159edstavuje probl\u00e9m ani protisv\u011btlo.<\/p>\n<p>Na str\u00e1nk\u00e1ch <strong>propustnost sv\u011btla m\u00e1 maxim\u00e1ln\u00ed hodnoty 94,7% (den) a 93% (noc).<\/strong> kter\u00e9 umo\u017e\u0148uj\u00ed spolehlivou reakci a\u017e do posledn\u00edho sv\u011btla pu\u0161ky.<\/p>\n<h3>Nov\u011b vyvinut\u00fd zam\u011b\u0159ova\u010d 4 na 2. obrazov\u00e9 rovin\u011b pu\u0161kohledu<\/h3>\n<p>Na str\u00e1nk\u00e1ch <strong>Nov\u011b vyvinut\u00e9 <a href=\"https:\/\/de.wikipedia.org\/wiki\/Absehen\" target=\"_blank\" rel=\"noopener sponsored\" data-schema-attribute=\"\">S\u00ed\u0165ka<\/a> 4<\/strong> od spole\u010dnosti DDoptics <strong>v\u00edce prostoru pro \u010distou reakci.<\/strong><\/p>\n<figure id=\"attachment_1951\" aria-describedby=\"caption-attachment-1951\" style=\"width: 250px\" class=\"wp-caption alignright\"><a href=\"https:\/\/ddoptics.shop\/wp-content\/uploads\/2016\/04\/Neues-DDoptics-Absehen.jpg\" rel=\"attachment wp-att-1951\"><img decoding=\"async\" class=\"wp-image-1951\" src=\"https:\/\/ddoptics.shop\/wp-content\/uploads\/2016\/04\/Neues-DDoptics-Absehen-340x340.jpg\" alt=\"Nov\u00fd zam\u011b\u0159ova\u010d DDoptics 4\" width=\"250\" height=\"199\" title=\"\" srcset=\"https:\/\/ddoptics.shop\/wp-content\/uploads\/2016\/04\/Neues-DDoptics-Absehen-304x242.jpg 304w, https:\/\/ddoptics.shop\/wp-content\/uploads\/2016\/04\/Neues-DDoptics-Absehen-305x243.jpg 305w, https:\/\/ddoptics.shop\/wp-content\/uploads\/2016\/04\/Neues-DDoptics-Absehen-632x503.jpg 632w, https:\/\/ddoptics.shop\/wp-content\/uploads\/2016\/04\/Neues-DDoptics-Absehen.jpg 800w, https:\/\/ddoptics.shop\/wp-content\/uploads\/2016\/04\/Neues-DDoptics-Absehen-250x199.jpg 250w, https:\/\/ddoptics.shop\/wp-content\/uploads\/2016\/04\/Neues-DDoptics-Absehen-510x406.jpg 510w\" sizes=\"(max-width: 250px) 100vw, 250px\" \/><\/a><figcaption id=\"caption-attachment-1951\" class=\"wp-caption-text\">Nov\u00fd zam\u011b\u0159ova\u010d DDoptics 4<\/figcaption><\/figure>\n<p>Abychom v\u00e1m poskytli rozhoduj\u00edc\u00ed v\u00fdhodu, zmen\u0161ili jsme tlust\u00e9 pruhy na polovinu tlou\u0161\u0165ky form\u00e1tu A4 a zdvojn\u00e1sobili vzd\u00e1lenost (st\u0159ed) mezi tlust\u00fdmi pruhy.<\/p>\n<p><strong>Cel\u00fd obr\u00e1zek<\/strong> pracuje s <strong>nov\u00fd zam\u011b\u0159ova\u010d je jasn\u011bj\u0161\u00ed, v\u011bt\u0161\u00ed a z\u0159eteln\u011bj\u0161\u00ed.<\/strong> P\u0159esto je zam\u011b\u0159ova\u010d dob\u0159e viditeln\u00fd i v noci.<\/p>\n<p>Na str\u00e1nk\u00e1ch <strong>Nov\u00fd zam\u011b\u0159ova\u010d 4 je um\u00edst\u011bn v obrazov\u00e9 rovin\u011b okul\u00e1ru (2. obrazov\u00e1 rovina).<\/strong> a p\u0159i zm\u011bn\u011b zv\u011bt\u0161en\u00ed tak z\u016fst\u00e1v\u00e1 v\u017edy stejn\u011b velk\u00fd.<\/p>\n<p>S <strong>p\u0159i maxim\u00e1ln\u00edm patn\u00e1ctin\u00e1sobn\u00e9m zv\u011bt\u0161en\u00ed zam\u011b\u0159ovac\u00ed k\u0159\u00ed\u017e jen minim\u00e1ln\u011b zakr\u00fdv\u00e1 c\u00edl.<\/strong> Ka\u017ed\u00fdm kliknut\u00edm se zam\u011b\u0159ova\u010d nastav\u00ed o 1 cm na 100 metr\u016f, o 2 cm na 200 metr\u016f atd. Celkov\u00fd rozsah nastaven\u00ed:<\/p>\n<ul>\n<li>22.8 MRAD - 228 kliknut\u00ed - 2,28 m<\/li>\n<li>Dr\u00e1ha nastaven\u00ed \/ kliknut\u00ed na 100 m: 1 cm<\/li>\n<li>Dr\u00e1ha nastaven\u00ed \/ kliknut\u00ed p\u0159i 200 m: 2 cm<\/li>\n<li>Rozsah nastaven\u00ed \/ kliknut\u00ed na 300 m: 3 cm<\/li>\n<li>Dr\u00e1ha nastaven\u00ed \/ kliknut\u00ed p\u0159i 600 m: 6 cm<\/li>\n<\/ul>\n<p>Na str\u00e1nk\u00e1ch <strong>Nastaven\u00ed kliknut\u00edm funguje<\/strong> t\u00edm <strong>Absolutn\u011b opakovateln\u00e9<\/strong> a lze je po v\u00fdst\u0159elu vynulovat (v p\u0159\u00edpad\u011b pou\u017eit\u00ed v\u00edce n\u00e1boj\u016f).<\/p>\n<p>Bo\u010dn\u00ed kompenzace paralaxy (20 yard\u016f a\u017e nekone\u010dno) chr\u00e1n\u00ed p\u0159ed \u0161ikm\u00fdm vid\u011bn\u00edm a zaji\u0161\u0165uje tak\u00e9 ostr\u00fd obraz bez \u00fanavy p\u0159i v\u0161ech nastaven\u00edch zv\u011bt\u0161en\u00ed.<\/p>\n<p>Pu\u0161kohledy DDoptics typu \u201e2,5-10\u00d756\u201c, \u201e2,5-15\u00d750\u201c a 1,5-6\u00d742 jsou vybaveny touto inovativn\u00ed \u201eNew Reticle 4\u201c.<\/p>\n<h3>Robustn\u00ed zpracov\u00e1n\u00ed, jednoduch\u00e1 instalace<\/h3>\n<p>Na str\u00e1nk\u00e1ch <strong>DDoptics Nighteagle 2,5-15\u00d750 NFX je pln\u011bn\u00fd dus\u00edkem, a proto je zcela vodot\u011bsn\u00fd.<\/strong> <strong>a chr\u00e1n\u011bn\u00e9 p\u0159ed vnit\u0159n\u00edm kov\u00e1n\u00edm.<\/strong> Teleskopick\u00fd zam\u011b\u0159ova\u010d (pr\u016fm\u011br: 30 mm, d\u00e9lka: 373 mm, hmotnost: 698 g) je vyroben z jednoho kusu duralu a tvrd\u011b eloxov\u00e1n. Tento nov\u00fd typ povrchov\u00e9 \u00fapravy je mimo\u0159\u00e1dn\u011b hladk\u00fd, odpuzuje ne\u010distoty a je extr\u00e9mn\u011b odoln\u00fd proti po\u0161kr\u00e1b\u00e1n\u00ed.<\/p>\n<h3>Jemn\u011b stm\u00edvateln\u00fd osv\u011btlen\u00fd bod od spole\u010dnosti DDoptics<\/h3>\n<p>Na str\u00e1nk\u00e1ch <strong>Sv\u011bteln\u00fd bod ze sklen\u011bn\u00fdch vl\u00e1ken<\/strong>, (voliteln\u011b, za p\u0159\u00edplatek 89 \u20ac, tak\u00e9 v re\u017eimu <strong>automatick\u00e1 verze IFiber<\/strong> k dispozici) od spole\u010dnosti DDoptics s kompletn\u011b p\u0159epracovan\u00fdmi elektronick\u00fdmi obvody je tak mal\u00fd, \u017ee je dosa\u017eeno pouze nejmen\u0161\u00edho mo\u017en\u00e9ho zakryt\u00ed c\u00edle.<\/p>\n<p>D\u00edky <strong>technologie optick\u00fdch vl\u00e1ken, sv\u011bteln\u00fd bod se ztlum\u00ed na vysokou hodnotu.<\/strong> nejen tmav\u0161\u00ed, ale tak\u00e9 jemn\u011bj\u0161\u00ed. Sv\u011bteln\u00fd bod lze plynule ztlumit o 100 %, dokud jej lidsk\u00e9 oko nep\u0159ehl\u00e9dne.<\/p>\n<p>Zam\u011b\u0159ova\u010d pak m\u00e1 stejn\u00fd \u00fa\u010dinek jako ter\u010dov\u00e1 optika bez osv\u011btlovac\u00ed jednotky. P\u0159i aktivaci osv\u011btlen\u00e9ho bodu nedoch\u00e1z\u00ed k nep\u0159\u00edjemn\u00e9mu sv\u00edcen\u00ed nebo odraz\u016fm v optice. Vzhledem k tomu, \u017ee se osv\u011btlovac\u00ed jednotka vyr\u00e1b\u00ed ru\u010dn\u011b, lze individu\u00e1ln\u011b zohlednit speci\u00e1ln\u00ed po\u017eadavky z\u00e1kazn\u00edk\u016f.<\/p>\n<h3>C\u00edlov\u00e1 optika Mezipupil\u00e1rn\u00ed vzd\u00e1lenost a nastaven\u00ed dioptri\u00ed<\/h3>\n<p>O\u010dn\u00ed reli\u00e9f je v\u00edce ne\u017e dostate\u010dn\u00fd 85 mm. Pro <strong>pro cel\u00fd rozsah zv\u011bt\u0161en\u00ed je zapot\u0159eb\u00ed pouze p\u016fl ot\u00e1\u010dky.<\/strong>. Nastaven\u00ed dioptri\u00ed (-3 a\u017e +4) lze snadno prov\u00e9st na pogumovan\u00e9m konci okul\u00e1ru pomoc\u00ed \u017eebrov\u00e1n\u00ed.<\/p>","protected":false},"excerpt":{"rendered":"<p><img decoding=\"async\" class=\"alignnone wp-image-10452 size-full\" title=\"Sportovn\u00ed st\u0159elba\" src=\"https:\/\/ddoptics.shop\/wp-content\/uploads\/2016\/07\/Target-Schiessen.jpg\" alt=\"St\u0159elba na ter\u010d\" width=\"50\" height=\"50\" \/><img decoding=\"async\" class=\"alignnone wp-image-10168 size-full\" title=\"Lov na stoj\u00e1ka\" src=\"https:\/\/ddoptics.shop\/wp-content\/uploads\/2016\/09\/Jagd-klein.jpg\" alt=\"Loveck\u00e9 dalekohledy\" width=\"50\" height=\"50\" \/><img decoding=\"async\" class=\"alignnone wp-image-10178 size-full\" title=\"Lov v hor\u00e1ch\" src=\"https:\/\/ddoptics.shop\/wp-content\/uploads\/2016\/04\/Gebirgsjagd-klein.jpg\" alt=\"Horsk\u00e9 loveck\u00e9 dalekohledy\" width=\"50\" height=\"50\" \/><br \/>\n<strong>Speci\u00e1ln\u00ed verze Slim NFX. <\/strong>Nighteagle 2,5-15\u00d750 NFX je dokonal\u00fdm roz\u0161\u00ed\u0159en\u00edm \u0159ady NFX s nov\u00fdmi okul\u00e1ry NF-X, vylep\u0161en\u00fdm v\u00fdhledem a v\u00fdrazn\u011b v\u011bt\u0161\u00edm zorn\u00fdm polem. <strong>Voliteln\u011b s inteligentn\u00edm <a title=\"NOVINKA DDoptics IFiber osv\u011btlen\u00e1 te\u010dka\" href=\"\/cs\/technicky-termin-wiki\/inteligentni-ddoptics-ifiber-light-point\/\" target=\"_blank\" rel=\"noopener noreferrer\">Sv\u011bteln\u00fd bod IFibre<\/a> za p\u0159\u00edplatek pouh\u00fdch 99,- \u20ac.<\/strong><\/p>\n<a href=\"https:\/\/amzn.to\/3Pnky2v\" target=\"_blank\" class=\"button success is-success is-small\" rel=\"\u201dnofollow\u201d noopener\" >\n\t\t<span>z\u00e1kazn\u00edk amazonu? - vyu\u017e\u00edv\u00e1te v\u00fdhody prime?<\/span>\n\t<\/a>","protected":false},"featured_media":18778,"comment_status":"open","ping_status":"closed","template":"","meta":{"inline_featured_image":false,"footnotes":""},"product_brand":[],"product_cat":[478,453,638,697,917,640,641,919,637,68],"product_tag":[586,78,696,698,955,79],"class_list":{"0":"post-18770","1":"product","2":"type-product","3":"status-publish","4":"has-post-thumbnail","6":"product_cat-25-15x50","7":"product_cat-50-mm-objektivdurchmesser","8":"product_cat-ansitzjagd","9":"product_cat-mrad-klickverstellung","10":"product_cat-nfx-zielfernrohre-weitwinkel-zf","11":"product_cat-pirschjagd-und-gebirgsjagd","12":"product_cat-sportschiessen","13":"product_cat-v6-6-fach-zoom","14":"product_cat-zf-anwendung","15":"product_cat-zielfernrohr","16":"product_tag-2-5-15x50","17":"product_tag-ddoptics","18":"product_tag-mrad","19":"product_tag-mrad-1-cm-klickverstellung","20":"product_tag-nfx","21":"product_tag-zielfernrohr","22":"product_shipping_class-paket","23":"pa_brand-marke-ddoptics","24":"pa_produkt-typ-zielfernrohr","26":"first","27":"instock","28":"sale","29":"taxable","30":"shipping-taxable","31":"purchasable","32":"product-type-bundle"},"bundled_by":[],"bundle_stock_status":"instock","bundle_stock_quantity":38,"bundle_virtual":false,"bundle_layout":"default","bundle_add_to_cart_form_location":"default","bundle_editable_in_cart":false,"bundle_sold_individually_context":"product","bundle_item_grouping":"parent","bundle_min_size":"","bundle_max_size":"","bundle_price":{"price":{"min":{"incl_tax":"1121.01","excl_tax":"934.18"},"max":{"incl_tax":"1225.32","excl_tax":"1021.1"}},"regular_price":{"min":{"incl_tax":"1245.01","excl_tax":"1037.51"},"max":{"incl_tax":"1360.9","excl_tax":"1134.08"}}},"bundled_items":[{"bundled_item_id":79,"product_id":12809,"menu_order":0,"quantity_min":1,"quantity_max":1,"quantity_default":1,"priced_individually":true,"shipped_individually":false,"override_title":true,"title":"","override_description":false,"description":"","optional":false,"hide_thumbnail":true,"discount":"","override_variations":true,"allowed_variations":[12810,12811],"override_default_variation_attributes":false,"default_variation_attributes":[],"single_product_visibility":"visible","cart_visibility":"visible","order_visibility":"visible","single_product_price_visibility":"visible","cart_price_visibility":"visible","order_price_visibility":"visible","stock_status":"in_stock"},{"bundled_item_id":80,"product_id":12812,"menu_order":1,"quantity_min":1,"quantity_max":1,"quantity_default":1,"priced_individually":true,"shipped_individually":false,"override_title":true,"title":"T\u00e9m\u011b\u0159 d\u00e1rek - flipov\u00e9 \u010depice","override_description":false,"description":"","optional":true,"hide_thumbnail":false,"discount":"68.55","override_variations":true,"allowed_variations":[12817],"override_default_variation_attributes":true,"default_variation_attributes":[{"id":17,"name":"Velikost pu\u0161kohledu","option":"25-15x50"}],"single_product_visibility":"visible","cart_visibility":"visible","order_visibility":"visible","single_product_price_visibility":"visible","cart_price_visibility":"visible","order_price_visibility":"visible","stock_status":"in_stock"}],"bundle_sell_ids":[],"_links":{"self":[{"href":"https:\/\/ddoptics.shop\/cs\/wp-json\/wp\/v2\/product\/18770","targetHints":{"allow":["GET"]}}],"collection":[{"href":"https:\/\/ddoptics.shop\/cs\/wp-json\/wp\/v2\/product"}],"about":[{"href":"https:\/\/ddoptics.shop\/cs\/wp-json\/wp\/v2\/types\/product"}],"replies":[{"embeddable":true,"href":"https:\/\/ddoptics.shop\/cs\/wp-json\/wp\/v2\/comments?post=18770"}],"version-history":[{"count":29,"href":"https:\/\/ddoptics.shop\/cs\/wp-json\/wp\/v2\/product\/18770\/revisions"}],"predecessor-version":[{"id":29151,"href":"https:\/\/ddoptics.shop\/cs\/wp-json\/wp\/v2\/product\/18770\/revisions\/29151"}],"wp:featuredmedia":[{"embeddable":true,"href":"https:\/\/ddoptics.shop\/cs\/wp-json\/wp\/v2\/media\/18778"}],"wp:attachment":[{"href":"https:\/\/ddoptics.shop\/cs\/wp-json\/wp\/v2\/media?parent=18770"}],"wp:term":[{"taxonomy":"product_brand","embeddable":true,"href":"https:\/\/ddoptics.shop\/cs\/wp-json\/wp\/v2\/product_brand?post=18770"},{"taxonomy":"product_cat","embeddable":true,"href":"https:\/\/ddoptics.shop\/cs\/wp-json\/wp\/v2\/product_cat?post=18770"},{"taxonomy":"product_tag","embeddable":true,"href":"https:\/\/ddoptics.shop\/cs\/wp-json\/wp\/v2\/product_tag?post=18770"}],"curies":[{"name":"wp","href":"https:\/\/api.w.org\/{rel}","templated":true}]}}