{"id":1882,"date":"2016-04-12T12:35:06","date_gmt":"2016-04-12T10:35:06","guid":{"rendered":"https:\/\/beta.optik-sport-shop.at\/kaufen\/ddoptics-edx-10x30-fieldstar-fernglas\/"},"modified":"2025-10-06T13:34:08","modified_gmt":"2025-10-06T11:34:08","slug":"ddoptics-edx-10x30-fieldstar-binokularni-dalekohled","status":"publish","type":"product","link":"https:\/\/ddoptics.shop\/cs\/kaufen\/ddoptics-edx-10x30-fieldstar-fernglas\/","title":{"rendered":"Dalekohled DDoptics EDX 10\u00d730 Fieldstar"},"content":{"rendered":"<div class=\"row\"  id=\"row-418510609\">\n\n\t<div id=\"col-573079781\" class=\"col medium-8 small-12 large-8\"  >\n\t\t\t\t<div class=\"col-inner\"  >\n\t\t\t\n\t\t\t\n<h2>Dalekohled DDoptics EDX 10\u00d730 Fieldstar - \u00fa\u017easn\u00e1 \u0161pi\u010dkov\u00e1 optika<\/h2>\n<p>Krom\u011b <strong>n\u00edzk\u00e1 hmotnost<\/strong> pozorovatel zjist\u00ed, \u017ee s t\u00edmto <strong>dalekohledy<\/strong> dokonale slad\u011bn\u00e9 z\u00e1\u0159iv\u00e9 barvy a obr\u00e1zky s <strong>velk\u00e9 zv\u011bt\u0161en\u00ed.<\/strong><\/p>\n<p>K tomu na <strong>osv\u011bd\u010den\u00fd syst\u00e9m st\u0159e\u0161n\u00edch hranol\u016f<\/strong>\u00a0(Schmidt Pechan) byly pou\u017eity zcela nov\u011b vyvinut\u00e9 typy skla.<\/p>\n<p>V\u00fdsledek: Toto inovativn\u00ed sklo ED (s mimo\u0159\u00e1dn\u011b n\u00edzk\u00fdm rozptylem) sni\u017euje barevn\u00e9 t\u0159epen\u00ed je\u0161t\u011b l\u00e9pe ne\u017e d\u0159\u00edve pou\u017e\u00edvan\u00e1 skla ED. Povlak PHC140 pro f\u00e1zovou korekci nov\u011b vyvinut\u00fd pro EDX 10\u00d730 <strong>Zabra\u0148uje 99 procent\u016fm v\u0161ech ne\u017e\u00e1douc\u00edch vlnov\u011b-optick\u00fdch efekt\u016f.<\/strong> a zabra\u0148uje tak i tomu nejmen\u0161\u00edmu rozmaz\u00e1n\u00ed.<\/p>\n<h3>Pohodln\u00e1 manipulace s dalekohledem EDX 10\u00d730<\/h3>\n<p>D\u00edky <strong>n\u00edzk\u00e1 hmotnost<\/strong> a <strong>mal\u00e9 rozm\u011bry<\/strong> najde tyto dalekohledy v <strong>m\u00edsto pro ka\u017ed\u00fd batoh<\/strong> a nep\u0159ek\u00e1\u017e\u00ed ani p\u0159i del\u0161\u00edch cest\u00e1ch. Dioptr pro zaost\u0159ov\u00e1n\u00ed je um\u00edst\u011bn na prav\u00e9m okul\u00e1ru.<\/p>\n<p>Provozn\u00ed chyby jsou vylou\u010deny d\u00edky jednoduchosti t\u00e9to konstrukce. <strong>Nositel br\u00fdl\u00ed<\/strong> okul\u00e1ry lze pohodln\u011b nastavit tak. <strong>Dokonal\u00e1 mezipupil\u00e1rn\u00ed vzd\u00e1lenost<\/strong> a ztr\u00e1ta \u0161irok\u00e9ho <strong>Zorn\u00e9 pole (120 m)<\/strong> se vyh\u00fdb\u00e1. Pozice m\u0159\u00ed\u017eky lze pevn\u011b zafixovat. Ne\u00famysln\u00e9 nastaven\u00ed je nemo\u017en\u00e9 d\u00edky <strong>\u010dist\u00e1 pracovn\u00ed mechanika<\/strong> vylou\u010deno.<\/p>\n\t\t<\/div>\n\t\t\t\t\n<style>\n#col-573079781 > .col-inner {\n  margin: 0px 0px -30px 0px;\n}\n<\/style>\n\t<\/div>\n\n\t\n\n\t<div id=\"col-425593963\" class=\"col medium-4 small-12 large-4\"  >\n\t\t\t\t<div class=\"col-inner\"  >\n\t\t\t\n\t\t\t\n\t<div class=\"img has-hover x md-x lg-x y md-y lg-y\" id=\"image_1454939467\">\n\t\t\t\t\t\t\t\t<div class=\"img-inner dark\" >\n\t\t\t\t\t\t\t\t\t\n\t\t\t\t\t<\/div>\n\t\t\t\t\t\t\t\t\n<style>\n#image_1454939467 {\n  width: 100%;\n}\n<\/style>\n\t<\/div>\n\t\n\t<div class=\"img has-hover x md-x lg-x y md-y lg-y\" id=\"image_78946673\">\n\t\t<a class=\"\" href=\"https:\/\/www.shop.ddoptics.de\/garantiebestimmungen\" target=\"_blank\" rel=\"noopener\">\t\t\t\t\t\t<div class=\"img-inner dark\" >\n\t\t\t<img decoding=\"async\" width=\"352\" height=\"160\" src=\"https:\/\/ddoptics.shop\/wp-content\/uploads\/2014\/09\/DDoptics-Garantie.jpg\" class=\"attachment-large size-large\" alt=\"Z\u00e1ruka DDoptics\" srcset=\"https:\/\/ddoptics.shop\/wp-content\/uploads\/2014\/09\/DDoptics-Garantie.jpg 352w, https:\/\/ddoptics.shop\/wp-content\/uploads\/2014\/09\/DDoptics-Garantie-304x138.jpg 304w, https:\/\/ddoptics.shop\/wp-content\/uploads\/2014\/09\/DDoptics-Garantie-305x139.jpg 305w, https:\/\/ddoptics.shop\/wp-content\/uploads\/2014\/09\/DDoptics-Garantie-250x114.jpg 250w\" sizes=\"(max-width: 352px) 100vw, 352px\" title=\"\">\t\t\t\t\t\t\n\t\t\t\t\t<\/div>\n\t\t\t\t\t\t<\/a>\t\t\n<style>\n#image_78946673 {\n  width: 100%;\n}\n<\/style>\n\t<\/div>\n\t\n<h3>Dalekohledy DDoptics EDX fakta<\/h3>\n\n\t\t<div class=\"icon-box featured-box icon-box-left text-left\"  >\n\t\t\t\t\t<div class=\"icon-box-img\" style=\"width: 32px\">\n\t\t\t\t<div class=\"icon\">\n\t\t\t\t\t<div class=\"icon-inner\" >\n\t\t\t\t\t\t<img decoding=\"async\" width=\"100\" height=\"83\" src=\"https:\/\/ddoptics.shop\/wp-content\/uploads\/2021\/05\/DDoptics-SHG-Icon.jpg\" class=\"attachment-medium size-medium\" alt=\"Dalekohled DDoptics SHG Icon\" title=\"\">\t\t\t\t\t<\/div>\n\t\t\t\t<\/div>\n\t\t\t<\/div>\n\t\t\t\t<div class=\"icon-box-text last-reset\">\n\t\t\t\t\t\t\t\t\t\n<p>\u2705 unerreichtes 120 m Sehfeld<\/p>\n\t\t<\/div>\n\t<\/div>\n\t\n\t\n\n\t\t<div class=\"icon-box featured-box icon-box-left text-left\"  >\n\t\t\t\t\t<div class=\"icon-box-img\" style=\"width: 32px\">\n\t\t\t\t<div class=\"icon\">\n\t\t\t\t\t<div class=\"icon-inner\" >\n\t\t\t\t\t\t<img decoding=\"async\" width=\"100\" height=\"83\" src=\"https:\/\/ddoptics.shop\/wp-content\/uploads\/2021\/05\/DDoptics-SHG-Icon.jpg\" class=\"attachment-medium size-medium\" alt=\"Dalekohled DDoptics SHG Icon\" title=\"\">\t\t\t\t\t<\/div>\n\t\t\t\t<\/div>\n\t\t\t<\/div>\n\t\t\t\t<div class=\"icon-box-text last-reset\">\n\t\t\t\t\t\t\t\t\t\n<p>\u2705 DDlu\u010dn\u00e9 odm\u011b\u0148ov\u00e1n\u00ed<\/p>\n\t\t<\/div>\n\t<\/div>\n\t\n\t\n\n\t\t<div class=\"icon-box featured-box icon-box-left text-left\"  >\n\t\t\t\t\t<div class=\"icon-box-img\" style=\"width: 32px\">\n\t\t\t\t<div class=\"icon\">\n\t\t\t\t\t<div class=\"icon-inner\" >\n\t\t\t\t\t\t<img decoding=\"async\" width=\"100\" height=\"83\" src=\"https:\/\/ddoptics.shop\/wp-content\/uploads\/2021\/05\/DDoptics-SHG-Icon.jpg\" class=\"attachment-medium size-medium\" alt=\"Dalekohled DDoptics SHG Icon\" title=\"\">\t\t\t\t\t<\/div>\n\t\t\t\t<\/div>\n\t\t\t<\/div>\n\t\t\t\t<div class=\"icon-box-text last-reset\">\n\t\t\t\t\t\t\t\t\t\n<p>Dielektrick\u00e9 zrcadlo<\/p>\n\t\t<\/div>\n\t<\/div>\n\t\n\t\n\n\t\t<div class=\"icon-box featured-box icon-box-left text-left\"  >\n\t\t\t\t\t<div class=\"icon-box-img\" style=\"width: 32px\">\n\t\t\t\t<div class=\"icon\">\n\t\t\t\t\t<div class=\"icon-inner\" >\n\t\t\t\t\t\t<img decoding=\"async\" width=\"100\" height=\"83\" src=\"https:\/\/ddoptics.shop\/wp-content\/uploads\/2021\/05\/DDoptics-SHG-Icon.jpg\" class=\"attachment-medium size-medium\" alt=\"Dalekohled DDoptics SHG Icon\" title=\"\">\t\t\t\t\t<\/div>\n\t\t\t\t<\/div>\n\t\t\t<\/div>\n\t\t\t\t<div class=\"icon-box-text last-reset\">\n\t\t\t\t\t\t\t\t\t\n<p>ED Appochromat<\/p>\n\t\t<\/div>\n\t<\/div>\n\t\n\t\n\n\t\t<div class=\"icon-box featured-box icon-box-left text-left\"  >\n\t\t\t\t\t<div class=\"icon-box-img\" style=\"width: 32px\">\n\t\t\t\t<div class=\"icon\">\n\t\t\t\t\t<div class=\"icon-inner\" >\n\t\t\t\t\t\t<img decoding=\"async\" width=\"100\" height=\"83\" src=\"https:\/\/ddoptics.shop\/wp-content\/uploads\/2021\/05\/DDoptics-SHG-Icon.jpg\" class=\"attachment-medium size-medium\" alt=\"Dalekohled DDoptics SHG Icon\" title=\"\">\t\t\t\t\t<\/div>\n\t\t\t\t<\/div>\n\t\t\t<\/div>\n\t\t\t\t<div class=\"icon-box-text last-reset\">\n\t\t\t\t\t\t\t\t\t\n<p>\u2705 Pouze 460 g<\/p>\n\t\t<\/div>\n\t<\/div>\n\t\n\t\n\n\t\t<div class=\"icon-box featured-box icon-box-left text-left\"  >\n\t\t\t\t\t<div class=\"icon-box-img\" style=\"width: 32px\">\n\t\t\t\t<div class=\"icon\">\n\t\t\t\t\t<div class=\"icon-inner\" >\n\t\t\t\t\t\t<img decoding=\"async\" width=\"100\" height=\"83\" src=\"https:\/\/ddoptics.shop\/wp-content\/uploads\/2021\/05\/DDoptics-SHG-Icon.jpg\" class=\"attachment-medium size-medium\" alt=\"Dalekohled DDoptics SHG Icon\" title=\"\">\t\t\t\t\t<\/div>\n\t\t\t\t<\/div>\n\t\t\t<\/div>\n\t\t\t\t<div class=\"icon-box-text last-reset\">\n\t\t\t\t\t\t\t\t\t\n<p>\u2705 Ostr\u00fd od 1,2 m<\/p>\n\t\t<\/div>\n\t<\/div>\n\t\n\t\n<div class=\"is-divider divider clearfix\" ><\/div>\n\t\t<\/div>\n\t\t\t\t\t<\/div>\n\n\t\n<\/div>\n<h3>Inovativn\u00ed povrchov\u00e1 \u00faprava zaru\u010duje ostr\u00e9 obrysy u dalekohledu DDoptics EDX 10\u00d730<\/h3>\n<p>Na <strong>EDX 10\u00d730<\/strong> na <strong>Optick\u00fd obraz<\/strong> podle sou\u010dasn\u00e9ho stavu techniky v oblasti\u00a0<strong>maxim\u00e1ln\u00ed rozli\u0161en\u00ed<\/strong> podrobn\u00e9 a <strong>bez rozmaz\u00e1n\u00ed okraj\u016f<\/strong>\u00a0je reprodukov\u00e1n. To je zaru\u010deno <strong>Speci\u00e1ln\u00ed povlak DDlucid<\/strong>, kter\u00fdmi jsou nav\u00edc opat\u0159eny ob\u011b st\u0159e\u0161n\u00ed plochy Schmidt-Pechanova st\u0159e\u0161n\u00edho hranolu.<\/p>\n<p>Ty z <strong>Japonsk\u00fd fotografick\u00fd pr\u016fmysl <\/strong>sestupn\u011b<strong> Odm\u011b\u0148ov\u00e1n\u00ed<\/strong> je dal\u0161\u00edm v\u00fdvojem zn\u00e1m\u00e9ho a osv\u011bd\u010den\u00e9ho povlaku ELR (Extra Low Reflection). DDlucid je jedn\u00edm z nej\u00fa\u010dinn\u011bj\u0161\u00edch povlak\u016f pro dalekohledy. V sou\u010dasn\u00e9 dob\u011b maj\u00ed podobn\u011b vysp\u011bl\u00e9 povlaky pouze dalekohledy pr\u00e9miov\u00fdch zna\u010dek.<\/p>\n<h3>Lehk\u00fd 10x univerz\u00e1ln\u00ed dalekohled pro detailn\u00ed pozorov\u00e1n\u00ed<\/h3>\n<p>Spole\u010dnost DDoptics klade u tohoto objektivu zvl\u00e1\u0161tn\u00ed d\u016fraz na <strong>Velk\u00e9 zorn\u00e9 pole<\/strong> polo\u017een\u00e9. V\u00fdsledkem tohoto v\u00fdvoje je <strong>Neuv\u011b\u0159iteln\u00e9 zorn\u00e9 pole 120<\/strong> m <strong>p\u0159i 10n\u00e1sobn\u00e9m zv\u011bt\u0161en\u00ed<\/strong>. U\u017eivatel tak m\u016f\u017ee pozorovat objekty na vzd\u00e1lenost 1 000 metr\u016f a na prvn\u00ed pohled v prostoru, kter\u00fd je t\u00e9m\u011b\u0159 jedenap\u016flkr\u00e1t del\u0161\u00ed ne\u017e fotbalov\u00e9 h\u0159i\u0161t\u011b.<\/p>\n<p>Pro <strong>dalekohled\u016f v kategorii 10\u00d730, je to rekordn\u00ed v\u00fdsledek.<\/strong> Je t\u0159eba zd\u016fraznit, \u017ee navzdory <strong>velk\u00e9 zorn\u00e9 pole t\u00e9m\u011b\u0159 \u017e\u00e1dn\u00e9 zkreslen\u00ed <\/strong>a obraz je ostr\u00fd a\u017e k okraj\u016fm.<\/p>\n<h3>Robustn\u00ed a technicky dokonal\u00e9<\/h3>\n<p>Alpinist\u00e9 a<strong> Venkovn\u00ed ventil\u00e1tory<\/strong> \u201eEDX Fieldstar 10\u00d730\u201c nab\u00edz\u00ed zvl\u00e1\u0161tn\u00ed z\u00e1\u017eitek z p\u0159\u00edrody, a to nejen d\u00edky sv\u00e9mu extr\u00e9mn\u011b \u0161irok\u00e9mu zorn\u00e9mu poli. Na str\u00e1nk\u00e1ch . <strong>vysoce kvalitn\u00ed hranoly<\/strong> jsou nav\u00edc vybaveny <strong>dielektrick\u00e9 zrcadlo<\/strong> co\u017e d\u00e1v\u00e1 dalekohledu <strong>Celkov\u00fd p\u0159enos <\/strong>od a\u017e do<strong> p\u0159es 91.7%<\/strong> je mo\u017en\u00e9. Rozptylov\u00e9 sv\u011btlo je \u00fa\u010dinn\u011b redukov\u00e1no speci\u00e1ln\u00ed vrstvou na vnit\u0159n\u00ed stran\u011b dalekohledu. <strong>Pouze dalekohledy Premium<\/strong> v sou\u010dasn\u00e9 dob\u011b maj\u00ed takto vysoce rozvinut\u00e9 syst\u00e9my odm\u011b\u0148ov\u00e1n\u00ed.<\/p>\n<p>Na str\u00e1nk\u00e1ch <strong>Binokul\u00e1rn\u00ed pouzdro<\/strong> se skl\u00e1d\u00e1 z<strong> Slitina hlin\u00edku<\/strong>, v kombinaci se zes\u00edlen\u00fdm <strong>karbon\u00e1ty a je pokryta pry\u017eov\u00fdm panc\u00ed\u0159em.<\/strong> pota\u017een\u00e9. To zaru\u010duje nejen odolnost, ale tak\u00e9 <strong>v\u00fdrazn\u011b vy\u0161\u0161\u00ed p\u0159ilnavost a odolnost proti skluzu.<\/strong> Nezni\u010diteln\u00e1 kovov\u00e1 slitina nastaviteln\u00fdch o\u010dnic zaji\u0161\u0165uje odolnost bez opot\u0159eben\u00ed a optim\u00e1ln\u011b chr\u00e1n\u00ed okul\u00e1ry. Stejn\u011b jako v\u0161echny dalekohledy DDoptics je EDX 10\u00d730 samoz\u0159ejm\u011b zcela vodot\u011bsn\u00fd a odoln\u00fd proti zaml\u017een\u00ed.<\/p>","protected":false},"excerpt":{"rendered":"<p><img decoding=\"async\" class=\"alignnone wp-image-10172 size-full\" title=\"N\u00e1mo\u0159nictv\u00ed\" src=\"https:\/\/ddoptics.shop\/wp-content\/uploads\/2016\/09\/Segeln-klein.jpg\" alt=\"Plachta\u0159sk\u00e9 dalekohledy\" width=\"50\" height=\"50\" \/><img decoding=\"async\" class=\"alignnone wp-image-10180 size-full\" title=\"Turistick\u00e9 dalekohledy\" src=\"https:\/\/ddoptics.shop\/wp-content\/uploads\/2016\/04\/Bergwandern-klein.jpg\" alt=\"Dalekohledy pro horskou turistiku\" width=\"50\" height=\"50\" \/><img decoding=\"async\" class=\"alignnone wp-image-10170 size-full\" title=\"Pozorov\u00e1n\u00ed pt\u00e1k\u016f\" src=\"https:\/\/ddoptics.shop\/wp-content\/uploads\/2016\/09\/Ornitologie-klein.jpg\" alt=\"Pozorov\u00e1n\u00ed pt\u00e1k\u016f\" width=\"50\" height=\"50\" \/><br \/>\nSpole\u010dnost DDoptics uvedla na trh nov\u00fd lehk\u00fd dalekohled \u201cEDX 10\u00d730 Fieldstar\u201c s klasick\u00fdm zv\u011bt\u0161en\u00edm 10x a nov\u00fdmi vlastnostmi.<\/p>","protected":false},"featured_media":1885,"comment_status":"open","ping_status":"closed","template":"","meta":{"inline_featured_image":false,"footnotes":""},"product_brand":[],"product_cat":[351,359,329,67,344,354,346],"product_tag":[153,154,78,86,296],"class_list":{"0":"post-1882","1":"product","2":"type-product","3":"status-publish","4":"has-post-thumbnail","6":"product_cat-10x-vergroesserung","7":"product_cat-30-mm-objektiv","8":"product_cat-ddoptics","9":"product_cat-fernglas","10":"product_cat-naturbeobachtung","11":"product_cat-vogelbeobachtung","12":"product_cat-wandern-und-reisen","13":"product_tag-10-fach-vergroesserung","14":"product_tag-10x30","15":"product_tag-ddoptics","16":"product_tag-edx","17":"product_tag-fernglas-10x30","18":"product_shipping_class-paket","19":"pa_brand-marke-ddoptics","20":"pa_farbe-schwarz","21":"pa_produkt-typ-fernglas","23":"first","24":"instock","25":"sale","26":"taxable","27":"shipping-taxable","28":"purchasable","29":"product-type-simple"},"bundled_by":[],"bundle_stock_status":"instock","bundle_stock_quantity":49,"bundle_virtual":false,"bundle_layout":"","bundle_add_to_cart_form_location":"","bundle_editable_in_cart":false,"bundle_sold_individually_context":"","bundle_item_grouping":"","bundle_min_size":"","bundle_max_size":"","bundle_price":[],"bundled_items":[],"bundle_sell_ids":[],"_links":{"self":[{"href":"https:\/\/ddoptics.shop\/cs\/wp-json\/wp\/v2\/product\/1882","targetHints":{"allow":["GET"]}}],"collection":[{"href":"https:\/\/ddoptics.shop\/cs\/wp-json\/wp\/v2\/product"}],"about":[{"href":"https:\/\/ddoptics.shop\/cs\/wp-json\/wp\/v2\/types\/product"}],"replies":[{"embeddable":true,"href":"https:\/\/ddoptics.shop\/cs\/wp-json\/wp\/v2\/comments?post=1882"}],"version-history":[{"count":6,"href":"https:\/\/ddoptics.shop\/cs\/wp-json\/wp\/v2\/product\/1882\/revisions"}],"predecessor-version":[{"id":29190,"href":"https:\/\/ddoptics.shop\/cs\/wp-json\/wp\/v2\/product\/1882\/revisions\/29190"}],"wp:featuredmedia":[{"embeddable":true,"href":"https:\/\/ddoptics.shop\/cs\/wp-json\/wp\/v2\/media\/1885"}],"wp:attachment":[{"href":"https:\/\/ddoptics.shop\/cs\/wp-json\/wp\/v2\/media?parent=1882"}],"wp:term":[{"taxonomy":"product_brand","embeddable":true,"href":"https:\/\/ddoptics.shop\/cs\/wp-json\/wp\/v2\/product_brand?post=1882"},{"taxonomy":"product_cat","embeddable":true,"href":"https:\/\/ddoptics.shop\/cs\/wp-json\/wp\/v2\/product_cat?post=1882"},{"taxonomy":"product_tag","embeddable":true,"href":"https:\/\/ddoptics.shop\/cs\/wp-json\/wp\/v2\/product_tag?post=1882"}],"curies":[{"name":"wp","href":"https:\/\/api.w.org\/{rel}","templated":true}]}}