{"id":18833,"date":"2019-10-27T09:15:09","date_gmt":"2019-10-27T08:15:09","guid":{"rendered":"https:\/\/ddoptics.shop\/?post_type=product&#038;p=18833"},"modified":"2025-04-08T15:16:12","modified_gmt":"2025-04-08T13:16:12","slug":"puskohled-ddoptics-v4-2-5-10x56-nfx-mrad-reticle-4","status":"publish","type":"product","link":"https:\/\/ddoptics.shop\/cs\/kaufen\/zielfernrohr-ddoptics-v4-2-5-10x56-nfx-mrad-absehen-4\/","title":{"rendered":"Pu\u0161kohled 2,5-10\u00d756 NFX od DDoptics | V4 | A4N | MRAD adjustment - Gen 3"},"content":{"rendered":"<div class=\"container section-title-container\" ><h3 class=\"section-title section-title-normal\"><b aria-hidden=\"true\"><\/b><span class=\"section-title-main\" ><i class=\"icon-cross\" aria-hidden=\"true\"><\/i>Pu\u0161kohled 2,5-10x56 NFX od DDoptics<\/span><b aria-hidden=\"true\"><\/b><\/h3><\/div>\n<table style=\"background-color: #cacaca;\">\n<tbody>\n<tr style=\"height: 24px;\">\n<td style=\"height: 24px; text-align: left; width: 20%;\"><strong>Trubka<\/strong><\/td>\n<td style=\"height: 24px; text-align: left; width: 30%;\">30 mm mono trubice<\/td>\n<td style=\"height: 24px; text-align: left; width: 20%;\"><strong>Zorn\u00e9 pole: m @100m<\/strong><\/td>\n<td style=\"height: 24px; text-align: left; width: 30%;\">15 - 3,7 m<\/td>\n<\/tr>\n<tr style=\"height: 24px;\">\n<td style=\"height: 24px; text-align: left; width: 20%;\"><strong>Optick\u00fd syst\u00e9m<\/strong><\/td>\n<td style=\"height: 24px; text-align: left; width: 30%;\">2,5-10kr\u00e1t<\/td>\n<td style=\"height: 24px; text-align: left; width: 20%;\"><strong>Mezipupil\u00e1rn\u00ed vzd\u00e1lenost<\/strong><\/td>\n<td style=\"height: 24px; text-align: left; width: 30%;\">98 - 100 mm<\/td>\n<\/tr>\n<tr style=\"height: 24px;\">\n<td style=\"height: 24px; text-align: left; width: 20%;\"><strong>Objektiv<\/strong><\/td>\n<td style=\"height: 24px; text-align: left; width: 30%;\">56 mm<\/td>\n<td style=\"height: 24px; text-align: left; width: 20%;\"><strong>D\u00e9lka<\/strong><\/td>\n<td style=\"height: 24px; text-align: left; width: 30%;\">373 mm<\/td>\n<\/tr>\n<tr style=\"height: 24px;\">\n<td style=\"height: 24px; text-align: left; width: 20%;\"><a href=\"https:\/\/de.wikipedia.org\/wiki\/Absehen\" target=\"_blank\" rel=\"noopener noreferrer\"><strong>S\u00ed\u0165ka<\/strong><\/a><\/td>\n<td style=\"height: 24px; text-align: left; width: 30%;\">Nov\u00fd zam\u011b\u0159ova\u010d 4<\/td>\n<td style=\"height: 24px; text-align: left; width: 20%;\"><strong>Hmotnost<\/strong><\/td>\n<td style=\"height: 24px; text-align: left; width: 30%;\">783 g<\/td>\n<\/tr>\n<tr style=\"height: 24px;\">\n<td style=\"height: 24px; text-align: left; width: 20%;\"><strong>Sv\u011bteln\u00fd bod<\/strong><\/td>\n<td style=\"height: 24px; text-align: left; width: 30%;\">Standardn\u00ed nebo iFibre<\/td>\n<td style=\"height: 24px; text-align: left; width: 20%;\"><strong>Ochrana proti zaml\u017eov\u00e1n\u00ed<\/strong><\/td>\n<td style=\"height: 24px; text-align: left; width: 30%;\">Dus\u00edkov\u00e1 n\u00e1pl\u0148 proti zaml\u017een\u00ed<\/td>\n<\/tr>\n<tr style=\"height: 24px;\">\n<td style=\"height: 24px; text-align: left; width: 20%;\"><strong>Zaost\u0159en\u00ed\/paralaxa<\/strong><\/td>\n<td style=\"height: 24px; text-align: left; width: 30%;\">Nastaviteln\u00fd objektiv 20 m a\u017e nekone\u010dno<\/td>\n<td style=\"height: 24px; text-align: left; width: 20%;\"><strong>T\u011bsnost<\/strong><\/td>\n<td style=\"height: 24px; text-align: left; width: 30%;\">Odolnost v\u016f\u010di vod\u011b a n\u00e1raz\u016fm<\/td>\n<\/tr>\n<\/tbody>\n<\/table>\n<h2>Objevte pu\u0161kohled DDoptics V4 2,5-10\u00d756 NFX s MRAD a novou osnovou 4<\/h2>\n<div class=\"row\"  id=\"row-1954588021\">\n\n\t<div id=\"col-1698839396\" class=\"col medium-8 small-12 large-8\"  >\n\t\t\t\t<div class=\"col-inner\"  >\n\t\t\t\n\t\t\t\n<p>Na str\u00e1nk\u00e1ch <strong>Pu\u0161kohled DDoptics V4 2,5-10\u00d756 NFX<\/strong> je ide\u00e1ln\u00ed volbou pro lovce a sportovn\u00ed st\u0159elce, kte\u0159\u00ed hledaj\u00ed maxim\u00e1ln\u00ed p\u0159esnost a v\u0161estrannost.<\/p>\n<p>D\u00edky sv\u00e9 progresivn\u00ed <strong>MRAD<\/strong>-syst\u00e9m a nov\u00fd <strong>M\u011b\u0159idlo 4<\/strong> tento pu\u0161kohled jednozna\u010dn\u011b zvy\u0161uje la\u0165ku ve sv\u00e9 kategorii. V tomto \u010dl\u00e1nku se dozv\u00edte, pro\u010d je tento <strong>DDoptics V4 2,5-10\u00d756 NFX<\/strong> p\u0159ed\u010d\u00ed va\u0161e o\u010dek\u00e1v\u00e1n\u00ed.<\/p>\n<h2>Mistrovsk\u00e9 d\u00edlo optiky<\/h2>\n<p>S <strong>DDoptics V4 2,5-10\u00d756 NFX<\/strong> z\u00edsk\u00e1te pu\u0161kohled, kter\u00fd v sob\u011b spojuje nejmodern\u011bj\u0161\u00ed technologie a propracovan\u00fd design. \u010cty\u0159n\u00e1sobn\u00fd zoom a objektiv o pr\u016fm\u011bru 56 mm zaji\u0161\u0165uj\u00ed vynikaj\u00edc\u00ed propustnost sv\u011btla - ide\u00e1ln\u00ed pro pou\u017eit\u00ed za soumraku nebo v noci.<\/p>\n<blockquote><p>A\u0165 u\u017e jde o lov nebo sportovn\u00ed st\u0159elbu, tento pu\u0161kohled v\u017edy poskytuje jasn\u00fd a brilantn\u00ed obraz.<\/p><\/blockquote>\n<h3>P\u0159ehled technick\u00fdch v\u00fdhod<\/h3>\n<ul>\n<li><strong>P\u0159esnost MRAD:<\/strong> Nastaven\u00ed 0,1 MRAD umo\u017e\u0148uje p\u0159esn\u00e9 nastaven\u00ed 1 cm na kliknut\u00ed na 100 m - ide\u00e1ln\u00ed pro p\u0159esnou st\u0159elbu v des\u00edtkov\u00e9 soustav\u011b.<\/li>\n<li><strong>Nov\u00fd zam\u011b\u0159ova\u010d 4:<\/strong> Optimalizovan\u00fd zam\u011b\u0159ova\u010d nab\u00edz\u00ed jemn\u00e9 linie a velk\u00e9 rozestupy mezi \u010d\u00e1rkami, d\u00edky \u010demu\u017e je c\u00edl dob\u0159e viditeln\u00fd a obraz je jasn\u011bj\u0161\u00ed.<\/li>\n<li><strong>NFX \u0161iroko\u00fahl\u00fd:<\/strong> D\u00edky zorn\u00e9mu poli 15 m na 100 m p\u0159i zv\u011bt\u0161en\u00ed 2,5x umo\u017e\u0148uje okul\u00e1r NFX rychl\u00e9 zam\u011b\u0159en\u00ed a nejlep\u0161\u00ed p\u0159ehled.<\/li>\n<li><strong>Vyrovn\u00e1n\u00ed paralaxy:<\/strong> Bo\u010dn\u00ed kompenzace paralaxy, nastaviteln\u00e1 od 20 m do nekone\u010dna, zaji\u0161\u0165uje ostr\u00fd obraz a minimalizuje chyby p\u0159i zam\u011b\u0159ov\u00e1n\u00ed.<\/li>\n<li><strong>Robustn\u00ed a vodot\u011bsn\u00e9:<\/strong> Tento pu\u0161kohled je pln\u011bn\u00fd dus\u00edkem, neml\u017e\u00ed se a je absolutn\u011b vodot\u011bsn\u00fd - odol\u00e1 jak\u00e9mukoli po\u010das\u00ed.<\/li>\n<\/ul>\n\t\t<\/div>\n\t\t\t\t\t<\/div>\n\n\t\n\n\t<div id=\"col-1956509034\" class=\"col medium-4 small-12 large-4\"  >\n\t\t\t\t<div class=\"col-inner\"  >\n\t\t\t\n\t\t\t\n<a class=\"button primary expand\" >\n\t\t<span>Speci\u00e1ln\u00ed funkce pu\u0161kohledu<\/span>\n\t<\/a>\n\n\n\t<section class=\"section\" id=\"section_225406041\">\n\t\t<div class=\"section-bg fill\" >\n\t\t\t\t\t\t\t\t\t<div class=\"section-bg-overlay absolute fill\"><\/div>\n\t\t\t\n\n\t\t<\/div>\n\n\t\t\n\n\t\t<div class=\"section-content relative\">\n\t\t\t\n\t<div class=\"img has-hover x md-x lg-x y md-y lg-y\" id=\"image_1865941079\">\n\t\t<a class=\"\" href=\"https:\/\/www.ddoptics.de\/garantiebestimmungen\" target=\"_blank\" rel=\"no follow noopener\">\t\t\t\t\t\t<div class=\"img-inner dark\" >\n\t\t\t<img decoding=\"async\" width=\"352\" height=\"160\" src=\"https:\/\/ddoptics.shop\/wp-content\/uploads\/2014\/09\/DDoptics-Garantie.jpg\" class=\"attachment-large size-large\" alt=\"Z\u00e1ruka DDoptics\" srcset=\"https:\/\/ddoptics.shop\/wp-content\/uploads\/2014\/09\/DDoptics-Garantie.jpg 352w, https:\/\/ddoptics.shop\/wp-content\/uploads\/2014\/09\/DDoptics-Garantie-304x138.jpg 304w, https:\/\/ddoptics.shop\/wp-content\/uploads\/2014\/09\/DDoptics-Garantie-305x139.jpg 305w, https:\/\/ddoptics.shop\/wp-content\/uploads\/2014\/09\/DDoptics-Garantie-250x114.jpg 250w\" sizes=\"(max-width: 352px) 100vw, 352px\" title=\"\">\t\t\t\t\t\t\n\t\t\t\t\t<\/div>\n\t\t\t\t\t\t<\/a>\t\t\n<style>\n#image_1865941079 {\n  width: 100%;\n}\n<\/style>\n\t<\/div>\n\t\n\t<div id=\"gap-519546437\" class=\"gap-element clearfix\" style=\"display:block; height:auto;\">\n\t\t\n<style>\n#gap-519546437 {\n  padding-top: 15px;\n}\n<\/style>\n\t<\/div>\n\t\n\t<div id=\"text-3528928890\" class=\"text\">\n\t\t\n<p><span style=\"font-size: 80%;\">\u21d2 na z\u00e1klad\u011b Gen 3 - speci\u00e1ln\u00ed FX verze<\/span><br \/>\n<span style=\"font-size: 80%;\">\u21d2 FX = v\u011bt\u0161\u00ed zorn\u00e9 pole a lep\u0161\u00ed p\u0159ehled<\/span><br \/>\n<span style=\"font-size: 80%;\">\u21d2 Zorn\u00e9 pole 15 m - 3,7 m<\/span><br \/>\n<span style=\"font-size: 80%;\">\u21d2 men\u0161\u00ed okrajov\u00e1 plocha v zobrazen\u00ed<\/span><br \/>\n<span style=\"font-size: 80%;\">\u21d2 Nastaven\u00ed zam\u011b\u0159ova\u010de Kovov\u00e9 v\u011b\u017ei\u010dky (bez plastu)<\/span><br \/>\n<span style=\"font-size: 80%;\">\u21d2 CT sklo (\u010dir\u00e1 propustnost) (n\u00edzk\u00fd rozptyl)<\/span><br \/>\n<span style=\"font-size: 80%;\">\u21d2 dvojn\u00e1sobn\u00e9 m\u011b\u0159\u00edtko (dvojn\u00e1sobn\u00e9 oto\u010den\u00ed)<\/span><br \/>\n<span style=\"font-size: 80%;\">\u21d2 Zerostop pro ASV (nulov\u00fd doraz)<br \/>\n<\/span><span style=\"font-size: 80%;\">\u21d2 tvrd\u00fd taktick\u00fd detent 0,1 MRAD click (1cm\/click)<\/span><br \/>\n<span style=\"font-size: 80%;\">\u21d2 dr\u00e1ha nastaven\u00ed 184 kliknut\u00ed = 1,8 m a\u017e 100 m<\/span><br \/>\n<span style=\"font-size: 80%;\">\u21d2 nov\u00e1 konstrukce krou\u017eku pro nastaven\u00ed zv\u011bt\u0161en\u00ed<\/span><br \/>\n<span style=\"font-size: 80%;\">\u21d2 Nov\u00fd zam\u011b\u0159ova\u010d 4 s v\u00fdrazn\u011b jemn\u011bj\u0161\u00edmi \u010d\u00e1rkami<\/span><br \/>\n<span style=\"font-size: 80%;\">\u21d2 p\u0159\u00edslu\u0161enstv\u00ed: flipcaps, \u010distic\u00ed had\u0159\u00edk, \u010dip DDoptics, ter\u010de, n\u00e1vod k zam\u011b\u0159ovac\u00ed optice, balistick\u00e1 sada<\/span><br \/>\n\t\t\n<style>\n#text-3528928890 {\n  line-height: 1.15;\n  color: rgb(33, 107, 227);\n}\n#text-3528928890 > * {\n  color: rgb(33, 107, 227);\n}\n<\/style>\n\t<\/div>\n\t\n\t\t<\/div>\n\n\t\t\n<style>\n#section_225406041 {\n  padding-top: 30px;\n  padding-bottom: 30px;\n  background-color: rgb(232, 232, 232);\n}\n#section_225406041 .section-bg-overlay {\n  background-color: rgba(255,255,255,.5);\n}\n<\/style>\n\t<\/section>\n\t\n\t\t<\/div>\n\t\t\t\t\t<\/div>\n\n\t\n<\/div>\n<h3>Nov\u011b vyvinut\u00e9 <a href=\"https:\/\/de.wikipedia.org\/wiki\/Absehen\" target=\"_blank\" rel=\"noopener sponsored\" data-schema-attribute=\"\">S\u00ed\u0165ka<\/a> A4N na 2. obrazov\u00e9 rovin\u011b<\/h3>\n<p>Na str\u00e1nk\u00e1ch <strong>nov\u011b vyvinut\u00fd \u201cNov\u00fd zam\u011b\u0159ova\u010d 4\u201d<\/strong> od spole\u010dnosti DDoptics <strong>v\u00edce prostoru pro \u010distou reakci.<br \/>\n<\/strong><\/p>\n<figure id=\"attachment_1951\" aria-describedby=\"caption-attachment-1951\" style=\"width: 250px\" class=\"wp-caption alignright\"><a href=\"https:\/\/ddoptics.shop\/wp-content\/uploads\/2016\/04\/Neues-DDoptics-Absehen.jpg\" rel=\"attachment wp-att-1951\"><img decoding=\"async\" class=\"wp-image-1951\" src=\"https:\/\/ddoptics.shop\/wp-content\/uploads\/2016\/04\/Neues-DDoptics-Absehen-340x340.jpg\" alt=\"Nov\u00fd zam\u011b\u0159ova\u010d DDoptics 4\" width=\"250\" height=\"199\" title=\"\" srcset=\"https:\/\/ddoptics.shop\/wp-content\/uploads\/2016\/04\/Neues-DDoptics-Absehen-304x242.jpg 304w, https:\/\/ddoptics.shop\/wp-content\/uploads\/2016\/04\/Neues-DDoptics-Absehen-305x243.jpg 305w, https:\/\/ddoptics.shop\/wp-content\/uploads\/2016\/04\/Neues-DDoptics-Absehen-632x503.jpg 632w, https:\/\/ddoptics.shop\/wp-content\/uploads\/2016\/04\/Neues-DDoptics-Absehen.jpg 800w, https:\/\/ddoptics.shop\/wp-content\/uploads\/2016\/04\/Neues-DDoptics-Absehen-250x199.jpg 250w, https:\/\/ddoptics.shop\/wp-content\/uploads\/2016\/04\/Neues-DDoptics-Absehen-510x406.jpg 510w\" sizes=\"(max-width: 250px) 100vw, 250px\" \/><\/a><figcaption id=\"caption-attachment-1951\" class=\"wp-caption-text\">DDoptics Nov\u00fd zam\u011b\u0159ova\u010d 4<\/figcaption><\/figure>\n<p>Abyste mohli <strong>Rozhoduj\u00edc\u00ed v\u00fdhoda d\u00edky \u201cv\u011bt\u0161\u00ed vizi\u201d<\/strong> Spole\u010dnost DDoptics zmen\u0161ila tlust\u00e9 pruhy na polovinu b\u011b\u017en\u00e9 tlou\u0161\u0165ky 4 a zdvojn\u00e1sobila vzd\u00e1lenost (st\u0159ed) mezi tlust\u00fdmi pruhy.<\/p>\n<p><strong>Cel\u00fd obr\u00e1zek vypad\u00e1 <\/strong>s nov\u00fdm<strong> Nov\u00fd zam\u011b\u0159ovac\u00ed dalekohled 4 jasn\u011bj\u0161\u00ed, v\u011bt\u0161\u00ed a z\u0159eteln\u011bj\u0161\u00ed.<\/strong> P\u0159esto je zam\u011b\u0159ova\u010d dob\u0159e viditeln\u00fd i v noci.<\/p>\n<p>Nov\u00fd zam\u011b\u0159ova\u010d 4 se nach\u00e1z\u00ed v <strong>Obrazov\u00e1 rovina okul\u00e1ru (2. obrazov\u00e1 rovina)<\/strong> a z\u016fst\u00e1v\u00e1 tak u <strong>Zm\u011bna zv\u011bt\u0161en\u00ed je v\u017edy stejn\u011b velk\u00e1.<\/strong><\/p>\n<p>Na str\u00e1nk\u00e1ch <strong>Pu\u0161kohled DDoptics m\u00e1 nastaven\u00ed 0,1 MRAD<\/strong>, Tj. <strong>na kliknut\u00ed<\/strong> na <strong>Zam\u011b\u0159ova\u010d o 0,1 MRAD, tj. o 1 centimetr na 100 metr\u016f<\/strong>.<\/p>\n<p>Pro u\u017eivatele v Evrop\u011b to znamen\u00e1 jednoduch\u00e9 pou\u017eit\u00ed v des\u00edtkov\u00e9 soustav\u011b. Nastaven\u00ed kliknut\u00edm pracuje s absolutn\u00ed p\u0159esnost\u00ed opakov\u00e1n\u00ed a po vlo\u017een\u00ed lze jednodu\u0161e vynulovat stupnici.<\/p>\n<p>Celkov\u00fd rozsah nastaven\u00ed zam\u011b\u0159ova\u010de:<\/p>\n<ul>\n<li>21,0 MRAD<\/li>\n<li>Dr\u00e1ha nastaven\u00ed \/ kliknut\u00ed na 100 m: 1 cm<\/li>\n<li>Dr\u00e1ha nastaven\u00ed \/ kliknut\u00ed p\u0159i 200 m: 2 cm<\/li>\n<li>Rozsah nastaven\u00ed \/ kliknut\u00ed na 300 m: 3 cm<\/li>\n<li>Dr\u00e1ha nastaven\u00ed \/ kliknut\u00ed p\u0159i 600 m: 6 cm<\/li>\n<\/ul>\n\t<div class=\"img has-hover x md-x lg-x y md-y lg-y\" id=\"image_1027333068\">\n\t\t\t\t\t\t\t\t<div class=\"img-inner dark\" >\n\t\t\t<img decoding=\"async\" width=\"800\" height=\"537\" src=\"https:\/\/ddoptics.shop\/wp-content\/uploads\/2019\/10\/technische-Zeichnung-DDoptics-2_5-15x56.jpg\" class=\"attachment-large size-large\" alt=\"Kreslen\u00ed DDoptics V4 2.5-10x56 NFX\" srcset=\"https:\/\/ddoptics.shop\/wp-content\/uploads\/2019\/10\/technische-Zeichnung-DDoptics-2_5-15x56.jpg 800w, https:\/\/ddoptics.shop\/wp-content\/uploads\/2019\/10\/technische-Zeichnung-DDoptics-2_5-15x56-304x204.jpg 304w, https:\/\/ddoptics.shop\/wp-content\/uploads\/2019\/10\/technische-Zeichnung-DDoptics-2_5-15x56-305x205.jpg 305w, https:\/\/ddoptics.shop\/wp-content\/uploads\/2019\/10\/technische-Zeichnung-DDoptics-2_5-15x56-632x424.jpg 632w, https:\/\/ddoptics.shop\/wp-content\/uploads\/2019\/10\/technische-Zeichnung-DDoptics-2_5-15x56-510x342.jpg 510w, https:\/\/ddoptics.shop\/wp-content\/uploads\/2019\/10\/technische-Zeichnung-DDoptics-2_5-15x56-250x168.jpg 250w\" sizes=\"(max-width: 800px) 100vw, 800px\" title=\"\">\t\t\t\t\t\t\n\t\t\t\t\t<\/div>\n\t\t\t\t\t\t\t\t\n<style>\n#image_1027333068 {\n  width: 100%;\n}\n<\/style>\n\t<\/div>\n\t\n<h2>Ide\u00e1ln\u00ed pro lov a sportovn\u00ed st\u0159elbu<\/h2>\n<p>Na str\u00e1nk\u00e1ch <strong>Pu\u0161kohled DDoptics V4 2,5-10\u00d756 NFX<\/strong> zaujme nejen sv\u00fdm vzhledem, ale i robustnost\u00ed. Kvalitn\u00ed zpracov\u00e1n\u00ed a odoln\u00e9 kovov\u00e9 v\u011b\u017ee zaru\u010duj\u00ed spolehliv\u00fd v\u00fdkon i v n\u00e1ro\u010dn\u00fdch podm\u00ednk\u00e1ch. A\u0165 u\u017e na lovu nebo na st\u0159elnici - tento pu\u0161kohled je spolehliv\u00fdm spole\u010dn\u00edkem.<\/p>\n<h3>Pro\u010d se vyplat\u00ed pou\u017e\u00edvat DDoptics V4 2,5-10\u00d756 NFX<\/h3>\n<ul>\n<li><strong>\u0160pi\u010dkov\u00fd soumrakov\u00fd v\u00fdkon:<\/strong> Kombinace velk\u00e9ho objektivu a vysoce kvalitn\u00ed povrchov\u00e9 \u00fapravy zaji\u0161\u0165uje jasn\u00fd v\u00fdhled i p\u0159i slab\u00e9m osv\u011btlen\u00ed.<\/li>\n<li><strong>Nejvy\u0161\u0161\u00ed p\u0159esnost:<\/strong> D\u00edky syst\u00e9mu MRAD a zam\u011b\u0159ova\u010di 4 m\u016f\u017eete zas\u00e1hnout c\u00edl s naprostou p\u0159esnost\u00ed.<\/li>\n<li><strong>V\u0161estrann\u00e9 pou\u017eit\u00ed:<\/strong> D\u00edky flexibiln\u00edmu zoomu a velk\u00e9mu zorn\u00e9mu poli je ide\u00e1ln\u00ed pro lov na \u00fakryt, stalking nebo sportovn\u00ed st\u0159elbu.<\/li>\n<li><strong>U\u017eivatelsky p\u0159\u00edv\u011btiv\u00e9:<\/strong> D\u00edky intuitivn\u00edmu ovl\u00e1d\u00e1n\u00ed a praktick\u00fdm funkc\u00edm, jako je kompenzace paralaxy, je pou\u017e\u00edv\u00e1n\u00ed p\u0159\u00edjemn\u00e9.<\/li>\n<\/ul>\n<h2>N\u00e1\u0161 z\u00e1v\u011br: p\u0159esnost se snoub\u00ed s kvalitou<\/h2>\n<p>Na str\u00e1nk\u00e1ch <strong>Pu\u0161kohled DDoptics V4 2,5-10\u00d756 NFX<\/strong> s <strong>MRAD<\/strong> a <strong>M\u011b\u0159idlo 4<\/strong> je nutnost\u00ed pro ka\u017ed\u00e9ho, kdo si cen\u00ed kvality a v\u00fdkonu. Kombinuje inovativn\u00ed technologie s praktick\u00fdm ovl\u00e1d\u00e1n\u00edm a nab\u00edz\u00ed bezkonkuren\u010dn\u00ed optiku pro lov a sport. Nechte se t\u00edmto pu\u0161kohledem p\u0159esv\u011bd\u010dit a za\u017eijte p\u0159esnost na nov\u00e9 \u00farovni.<\/p>","protected":false},"excerpt":{"rendered":"<p><img decoding=\"async\" class=\"alignnone wp-image-10168 size-full\" title=\"Lov divok\u00fdch prasat\" src=\"https:\/\/ddoptics.shop\/wp-content\/uploads\/2016\/09\/Jagd-klein.jpg\" alt=\"Loveck\u00e9 dalekohledy\" width=\"50\" height=\"50\" \/><img decoding=\"async\" class=\"alignnone wp-image-10166 size-full\" title=\"No\u010dn\u00ed lov\" src=\"https:\/\/ddoptics.shop\/wp-content\/uploads\/2016\/09\/Astronomie-klein.jpg\" alt=\"Astronomick\u00e9 dalekohledy\" width=\"50\" height=\"50\" \/><a href=\"https:\/\/ddoptics.shop\/wp-content\/uploads\/2016\/04\/Ansitz-Jagd.jpg\"><img decoding=\"async\" class=\"alignnone wp-image-10471 size-full\" title=\"Lov na stoj\u00e1ka\" src=\"https:\/\/ddoptics.shop\/wp-content\/uploads\/2016\/04\/Ansitz-Jagd.jpg\" alt=\"Lov na stoj\u00e1ka\" width=\"50\" height=\"50\" \/><\/a><br \/>\nSv\u00edtivost <strong>Speci\u00e1ln\u00ed verze NFX<\/strong> s \u0161iroko\u00fahl\u00fdm zorn\u00fdm polem. ZF 2,5-10\u00d756 NFX kombinuje p\u0159edchoz\u00ed jasnost pu\u0161kohled\u016f 3. generace s nov\u00fdmi vlastnostmi okul\u00e1ru NFX. U\u017eijte si bezprecedentn\u00ed<strong> V\u00fdkonnostn\u00ed funkce<\/strong> NFX.<\/p>\n<p><strong>Voliteln\u011b s inteligentn\u00edm <a title=\"NOVINKA DDoptics IFiber osv\u011btlen\u00e1 te\u010dka\" href=\"\/cs\/technicky-termin-wiki\/inteligentni-ddoptics-ifiber-light-point\/\" target=\"_blank\" rel=\"noopener noreferrer\">Sv\u011bteln\u00fd bod IFibre<\/a> za p\u0159\u00edplatek pouh\u00fdch 99,- \u20ac.<\/strong><\/p>\n<a href=\"https:\/\/amzn.to\/3AJ8qF5\" target=\"_blank\" class=\"button success is-success is-small\" rel=\"\u201dnofollow\u201d noopener\" >\n\t\t<span>z\u00e1kazn\u00edk amazonu? - vyu\u017e\u00edv\u00e1te v\u00fdhody prime?<\/span>\n\t<\/a>","protected":false},"featured_media":18838,"comment_status":"open","ping_status":"closed","template":"","meta":{"inline_featured_image":false,"footnotes":""},"product_brand":[],"product_cat":[477,454,949,638,697,917,918,637,68],"product_tag":[165,78,696,935,79],"class_list":{"0":"post-18833","1":"product","2":"type-product","3":"status-publish","4":"has-post-thumbnail","6":"product_cat-25-10x56","7":"product_cat-56-mm-objektivdurchmesser","8":"product_cat-messeaktion","9":"product_cat-ansitzjagd","10":"product_cat-mrad-klickverstellung","11":"product_cat-nfx-zielfernrohre-weitwinkel-zf","12":"product_cat-v4-4fach-zoom","13":"product_cat-zf-anwendung","14":"product_cat-zielfernrohr","15":"product_tag-2-5-10x56","16":"product_tag-ddoptics","17":"product_tag-mrad","18":"product_tag-nfx-ddoptics","19":"product_tag-zielfernrohr","20":"product_shipping_class-paket","21":"pa_brand-marke-ddoptics","22":"pa_produkt-typ-zielfernrohr","24":"first","25":"instock","26":"sale","27":"taxable","28":"shipping-taxable","29":"purchasable","30":"product-type-bundle"},"bundled_by":[],"bundle_stock_status":"instock","bundle_stock_quantity":47,"bundle_virtual":false,"bundle_layout":"default","bundle_add_to_cart_form_location":"default","bundle_editable_in_cart":false,"bundle_sold_individually_context":"product","bundle_item_grouping":"parent","bundle_min_size":"","bundle_max_size":"","bundle_price":{"price":{"min":{"incl_tax":"849.01","excl_tax":"707.51"},"max":{"incl_tax":"953.32","excl_tax":"794.43"}},"regular_price":{"min":{"incl_tax":"1145.01","excl_tax":"954.18"},"max":{"incl_tax":"1260.9","excl_tax":"1050.75"}}},"bundled_items":[{"bundled_item_id":81,"product_id":12809,"menu_order":0,"quantity_min":1,"quantity_max":1,"quantity_default":1,"priced_individually":true,"shipped_individually":false,"override_title":true,"title":"","override_description":false,"description":"","optional":false,"hide_thumbnail":true,"discount":"","override_variations":true,"allowed_variations":[12810,12811],"override_default_variation_attributes":false,"default_variation_attributes":[],"single_product_visibility":"visible","cart_visibility":"visible","order_visibility":"visible","single_product_price_visibility":"visible","cart_price_visibility":"visible","order_price_visibility":"visible","stock_status":"in_stock"},{"bundled_item_id":82,"product_id":12812,"menu_order":1,"quantity_min":1,"quantity_max":1,"quantity_default":1,"priced_individually":true,"shipped_individually":false,"override_title":true,"title":"T\u00e9m\u011b\u0159 d\u00e1rek - flipov\u00e9 \u010depice","override_description":false,"description":"","optional":true,"hide_thumbnail":false,"discount":"68.55","override_variations":true,"allowed_variations":[12816],"override_default_variation_attributes":true,"default_variation_attributes":[{"id":17,"name":"Velikost pu\u0161kohledu","option":"25-10x56"}],"single_product_visibility":"visible","cart_visibility":"visible","order_visibility":"visible","single_product_price_visibility":"visible","cart_price_visibility":"visible","order_price_visibility":"visible","stock_status":"in_stock"}],"bundle_sell_ids":[],"_links":{"self":[{"href":"https:\/\/ddoptics.shop\/cs\/wp-json\/wp\/v2\/product\/18833","targetHints":{"allow":["GET"]}}],"collection":[{"href":"https:\/\/ddoptics.shop\/cs\/wp-json\/wp\/v2\/product"}],"about":[{"href":"https:\/\/ddoptics.shop\/cs\/wp-json\/wp\/v2\/types\/product"}],"replies":[{"embeddable":true,"href":"https:\/\/ddoptics.shop\/cs\/wp-json\/wp\/v2\/comments?post=18833"}],"version-history":[{"count":23,"href":"https:\/\/ddoptics.shop\/cs\/wp-json\/wp\/v2\/product\/18833\/revisions"}],"predecessor-version":[{"id":28258,"href":"https:\/\/ddoptics.shop\/cs\/wp-json\/wp\/v2\/product\/18833\/revisions\/28258"}],"wp:featuredmedia":[{"embeddable":true,"href":"https:\/\/ddoptics.shop\/cs\/wp-json\/wp\/v2\/media\/18838"}],"wp:attachment":[{"href":"https:\/\/ddoptics.shop\/cs\/wp-json\/wp\/v2\/media?parent=18833"}],"wp:term":[{"taxonomy":"product_brand","embeddable":true,"href":"https:\/\/ddoptics.shop\/cs\/wp-json\/wp\/v2\/product_brand?post=18833"},{"taxonomy":"product_cat","embeddable":true,"href":"https:\/\/ddoptics.shop\/cs\/wp-json\/wp\/v2\/product_cat?post=18833"},{"taxonomy":"product_tag","embeddable":true,"href":"https:\/\/ddoptics.shop\/cs\/wp-json\/wp\/v2\/product_tag?post=18833"}],"curies":[{"name":"wp","href":"https:\/\/api.w.org\/{rel}","templated":true}]}}