{"id":1912,"date":"2019-05-25T15:27:14","date_gmt":"2019-05-25T13:27:14","guid":{"rendered":"https:\/\/beta.optik-sport-shop.at\/kaufen\/spektiv-ddoptics-pirschler-15-45x60-g\/"},"modified":"2025-10-03T12:52:20","modified_gmt":"2025-10-03T10:52:20","slug":"dalekohled-ddoptics-pirschler-15-45x60-g","status":"publish","type":"product","link":"https:\/\/ddoptics.shop\/cs\/kaufen\/spektiv-ddoptics-pirschler-15-45x60-g\/","title":{"rendered":"Dalekohled DDoptics Pirschler HDX 15-45\u00d760 G - p\u0159\u00edm\u00fd pohled"},"content":{"rendered":"<div class=\"row\"  id=\"row-1452391958\">\n\n\t<div id=\"col-2129557644\" class=\"col medium-8 small-12 large-8\"  >\n\t\t\t\t<div class=\"col-inner\"  >\n\t\t\t\n\t\t\t\n<h2>Dalekohled DDoptics Pirschler 15-45\u00d760 G s p\u0159\u00edm\u00fdm pohledem<\/h2>\n<p>Objevujte s nov\u00fdm <strong>Dalekohled DDoptics Pirschler 15-45\u00d760 G (p\u0159\u00edm\u00fd pohled)<\/strong> a <strong>Profesion\u00e1ln\u00ed, lehk\u00e9 a cenov\u011b zaj\u00edmav\u00e9 za\u0159\u00edzen\u00ed<\/strong> pro <strong>Soumra\u010dn\u00fd lov, horsk\u00fd lov, stalking a p\u011b\u0161\u00ed turistika.<\/strong><\/p>\n<p>Pon\u011bkud <strong>kompaktn\u011bj\u0161\u00ed a krat\u0161\u00ed konstrukce 60mm dalekohledu<\/strong> s p\u0159\u00edm\u00fdm v\u00fdhledem je <strong>Ide\u00e1ln\u00ed pro mobiln\u00ed pou\u017eit\u00ed<\/strong> a pro vy\u0161\u0161\u00ed pozorovac\u00ed objekty. Tento dalekohled se tak\u00e9 ide\u00e1ln\u011b hod\u00ed pro klasick\u00e9 loveck\u00e9 aplikace.<\/p>\n<p>Na str\u00e1nk\u00e1ch <strong>P\u0159\u00edm\u00fd pohled verze \u201cG\u201d je vhodn\u00fd zejm\u00e9na pro pozorov\u00e1n\u00ed vy\u0161\u0161\u00edch objekt\u016f.<\/strong><\/p>\n<h3>ELR - Multicoating (extra n\u00edzk\u00e1 odrazivost) - povlak FMC<\/h3>\n<p>V\u0161echny <strong>Povrchy sklo-vzduch<\/strong> jsou<strong> v\u00edcevrstv\u00fd tvrd\u00fd povlak<\/strong> a zaru\u010duj\u00ed tak maxim\u00e1ln\u00ed kontrast, ostrost a jas obrazu. Barevn\u00e1 brilance tohoto dalekohledu je vynikaj\u00edc\u00ed a vynikaj\u00edc\u00ed je i jas obrazu. <strong>t\u00e9m\u011b\u0159 \u017e\u00e1dn\u00e9 kompromisy v porovn\u00e1n\u00ed se sv\u00fdm \u201cvelk\u00fdm bratrem\u201d<\/strong>.<\/p>\n<p>Za\u017e\u00edv\u00e1te <strong>zaru\u010duje jasn\u00fd a kontrastn\u00ed obraz i za \u0161patn\u00fdch sv\u011bteln\u00fdch podm\u00ednek a za soumraku.<\/strong>. Dokonce i p\u0159i 45n\u00e1sobn\u00e9m zv\u011bt\u0161en\u00ed poskytuje v\u00e1\u0161 stalker<strong> ostr\u00fd obraz.<\/strong><\/p>\n\t\t<\/div>\n\t\t\t\t\n<style>\n#col-2129557644 > .col-inner {\n  margin: 0px 0px -30px 0px;\n}\n<\/style>\n\t<\/div>\n\n\t\n\n\t<div id=\"col-702158817\" class=\"col medium-4 small-12 large-4\"  >\n\t\t\t\t<div class=\"col-inner\"  >\n\t\t\t\n\t\t\t\n\t<div class=\"img has-hover x md-x lg-x y md-y lg-y\" id=\"image_529836989\">\n\t\t\t\t\t\t\t\t<div class=\"img-inner dark\" >\n\t\t\t\t\t\t\t\t\t\n\t\t\t\t\t<\/div>\n\t\t\t\t\t\t\t\t\n<style>\n#image_529836989 {\n  width: 100%;\n}\n<\/style>\n\t<\/div>\n\t\n\t<div class=\"img has-hover x md-x lg-x y md-y lg-y\" id=\"image_800391703\">\n\t\t<a class=\"\" href=\"https:\/\/www.shop.ddoptics.de\/garantiebestimmungen\" target=\"_blank\" rel=\"noopener\">\t\t\t\t\t\t<div class=\"img-inner dark\" >\n\t\t\t<img decoding=\"async\" width=\"352\" height=\"160\" src=\"https:\/\/ddoptics.shop\/wp-content\/uploads\/2014\/09\/DDoptics-Garantie.jpg\" class=\"attachment-large size-large\" alt=\"Z\u00e1ruka DDoptics\" srcset=\"https:\/\/ddoptics.shop\/wp-content\/uploads\/2014\/09\/DDoptics-Garantie.jpg 352w, https:\/\/ddoptics.shop\/wp-content\/uploads\/2014\/09\/DDoptics-Garantie-304x138.jpg 304w, https:\/\/ddoptics.shop\/wp-content\/uploads\/2014\/09\/DDoptics-Garantie-305x139.jpg 305w, https:\/\/ddoptics.shop\/wp-content\/uploads\/2014\/09\/DDoptics-Garantie-250x114.jpg 250w\" sizes=\"(max-width: 352px) 100vw, 352px\" title=\"\">\t\t\t\t\t\t\n\t\t\t\t\t<\/div>\n\t\t\t\t\t\t<\/a>\t\t\n<style>\n#image_800391703 {\n  width: 100%;\n}\n<\/style>\n\t<\/div>\n\t\n<h3>Fakta o dalekohledu DDoptics Pirschler<\/h3>\n\n\t\t<div class=\"icon-box featured-box icon-box-left text-left\"  >\n\t\t\t\t\t<div class=\"icon-box-img\" style=\"width: 32px\">\n\t\t\t\t<div class=\"icon\">\n\t\t\t\t\t<div class=\"icon-inner\" >\n\t\t\t\t\t\t<img decoding=\"async\" width=\"97\" height=\"78\" src=\"https:\/\/ddoptics.shop\/wp-content\/uploads\/2022\/02\/HDS-Spektiv.webp\" class=\"attachment-medium size-medium\" alt=\"Dalekohled HDS 9-27x56\" title=\"\">\t\t\t\t\t<\/div>\n\t\t\t\t<\/div>\n\t\t\t<\/div>\n\t\t\t\t<div class=\"icon-box-text last-reset\">\n\t\t\t\t\t\t\t\t\t\n<p>Velk\u00e1 zaost\u0159ovac\u00ed jednotka<\/p>\n\t\t<\/div>\n\t<\/div>\n\t\n\t\n\n\t\t<div class=\"icon-box featured-box icon-box-left text-left\"  >\n\t\t\t\t\t<div class=\"icon-box-img\" style=\"width: 32px\">\n\t\t\t\t<div class=\"icon\">\n\t\t\t\t\t<div class=\"icon-inner\" >\n\t\t\t\t\t\t<img decoding=\"async\" width=\"97\" height=\"78\" src=\"https:\/\/ddoptics.shop\/wp-content\/uploads\/2022\/02\/HDS-Spektiv.webp\" class=\"attachment-medium size-medium\" alt=\"Dalekohled HDS 9-27x56\" title=\"\">\t\t\t\t\t<\/div>\n\t\t\t\t<\/div>\n\t\t\t<\/div>\n\t\t\t\t<div class=\"icon-box-text last-reset\">\n\t\t\t\t\t\t\t\t\t\n<p>Vodot\u011bsn\u00e9<\/p>\n\t\t<\/div>\n\t<\/div>\n\t\n\t\n\n\t\t<div class=\"icon-box featured-box icon-box-left text-left\"  >\n\t\t\t\t\t<div class=\"icon-box-img\" style=\"width: 32px\">\n\t\t\t\t<div class=\"icon\">\n\t\t\t\t\t<div class=\"icon-inner\" >\n\t\t\t\t\t\t<img decoding=\"async\" width=\"97\" height=\"78\" src=\"https:\/\/ddoptics.shop\/wp-content\/uploads\/2022\/02\/HDS-Spektiv.webp\" class=\"attachment-medium size-medium\" alt=\"Dalekohled HDS 9-27x56\" title=\"\">\t\t\t\t\t<\/div>\n\t\t\t\t<\/div>\n\t\t\t<\/div>\n\t\t\t\t<div class=\"icon-box-text last-reset\">\n\t\t\t\t\t\t\t\t\t\n<p>Velk\u00e9 zorn\u00e9 pole<\/p>\n\t\t<\/div>\n\t<\/div>\n\t\n\t\n\n\t\t<div class=\"icon-box featured-box icon-box-left text-left\"  >\n\t\t\t\t\t<div class=\"icon-box-img\" style=\"width: 32px\">\n\t\t\t\t<div class=\"icon\">\n\t\t\t\t\t<div class=\"icon-inner\" >\n\t\t\t\t\t\t<img decoding=\"async\" width=\"97\" height=\"78\" src=\"https:\/\/ddoptics.shop\/wp-content\/uploads\/2022\/02\/HDS-Spektiv.webp\" class=\"attachment-medium size-medium\" alt=\"Dalekohled HDS 9-27x56\" title=\"\">\t\t\t\t\t<\/div>\n\t\t\t\t<\/div>\n\t\t\t<\/div>\n\t\t\t\t<div class=\"icon-box-text last-reset\">\n\t\t\t\t\t\t\t\t\t\n<p>Velmi vysok\u00e9 rozli\u0161en\u00ed<\/p>\n\t\t<\/div>\n\t<\/div>\n\t\n\t\n\n\t\t<div class=\"icon-box featured-box icon-box-left text-left\"  >\n\t\t\t\t\t<div class=\"icon-box-img\" style=\"width: 32px\">\n\t\t\t\t<div class=\"icon\">\n\t\t\t\t\t<div class=\"icon-inner\" >\n\t\t\t\t\t\t<img decoding=\"async\" width=\"97\" height=\"78\" src=\"https:\/\/ddoptics.shop\/wp-content\/uploads\/2022\/02\/HDS-Spektiv.webp\" class=\"attachment-medium size-medium\" alt=\"Dalekohled HDS 9-27x56\" title=\"\">\t\t\t\t\t<\/div>\n\t\t\t\t<\/div>\n\t\t\t<\/div>\n\t\t\t\t<div class=\"icon-box-text last-reset\">\n\t\t\t\t\t\t\t\t\t\n<p>neuv\u011b\u0159iteln\u011b dobr\u00fd obraz pro tuto cenovou kategorii<\/p>\n\t\t<\/div>\n\t<\/div>\n\t\n\t\n<div class=\"is-divider divider clearfix\" ><\/div>\n\t\t<\/div>\n\t\t\t\t\t<\/div>\n\n\t\n<\/div>\n<p>Dalekohled je <strong>Pln\u011bn\u00e9 dus\u00edkem a vodot\u011bsn\u00e9.<\/strong> T\u00edm je zaru\u010dena ochrana proti zaml\u017eov\u00e1n\u00ed ve vlhk\u00e9m prost\u0159ed\u00ed a n\u00e1hl\u00fdm zm\u011bn\u00e1m teploty. Extr\u00e9mn\u011b lehk\u00e1 trubka pro maxim\u00e1ln\u00ed robustnost a mobilitu. . <strong>Protiskluzov\u00e9 pry\u017eov\u00e9 oblo\u017een\u00ed<\/strong> poskytuje p\u0159ilnavost a bezpe\u010dn\u00e9 dr\u017een\u00ed.<\/p>\n<h3>Zaost\u0159ovac\u00ed jednotka<\/h3>\n<p>Na str\u00e1nk\u00e1ch <strong>Zaost\u0159ovac\u00ed jednotka se skl\u00e1d\u00e1 z nastavovac\u00edho kole\u010dka o pr\u016fm\u011bru 4 cm.<\/strong>, kter\u00e9 lze pohodln\u011b ovl\u00e1dat i v rukavic\u00edch. S dalekohledem Pirschler 16-45\u00d760 G lze pozorovat ze vzd\u00e1lenosti pouh\u00fdch 6 metr\u016f, co\u017e je v\u00fdhoda zejm\u00e9na p\u0159i pozorov\u00e1n\u00ed hn\u00edzd, hmyzu nebo na st\u0159elnici.<\/p>\n<h3>Doporu\u010den\u00e9 pou\u017eit\u00ed Univerz\u00e1ln\u00ed objektiv<\/h3>\n<p>Typick\u00fdmi p\u0159\u00edklady pou\u017eit\u00ed jsou kamz\u00edci na svahu hory nebo pt\u00e1ci na strom\u011b. Kompaktn\u00ed a lehk\u00e9 60mm dalekohledy Pirschler mohou b\u00fdt. <strong>Pohodln\u00e9 no\u0161en\u00ed v batohu<\/strong> a lze je snadno p\u0159en\u00e9st na libovoln\u00e9 m\u00edsto.<\/p>\n<p>S <strong>pro mobiln\u00ed pou\u017eit\u00ed v ter\u00e9nu a lese nebo na hor\u00e1ch je vhodn\u011bj\u0161\u00ed pon\u011bkud kompaktn\u011bj\u0161\u00ed verze s objektivem 60 mm.<\/strong> ne\u017e v\u011bt\u0161\u00ed a objemn\u011bj\u0161\u00ed prot\u011bj\u0161ek ve verzi 80 mm.<\/p>\n<p><strong>S t\u00edmto dalekohledem se spole\u010dnosti DDoptics skute\u010dn\u011b poda\u0159ilo nab\u00eddnout sv\u00fdm z\u00e1kazn\u00edk\u016fm profesion\u00e1ln\u00ed, lehk\u00fd a levn\u00fd dalekohled.<\/strong><\/p>","protected":false},"excerpt":{"rendered":"<p>Profesion\u00e1ln\u00ed, lehk\u00fd a cenov\u011b atraktivn\u00ed univerz\u00e1ln\u00ed dalekohled s p\u0159\u00edm\u00fdm pohledem. Pro soumra\u010dn\u00fd lov, lov v hor\u00e1ch, stalking, astronomii a pozorov\u00e1n\u00ed pt\u00e1k\u016f.<\/p>","protected":false},"featured_media":14359,"comment_status":"open","ping_status":"closed","template":"","meta":{"inline_featured_image":false,"footnotes":""},"product_brand":[],"product_cat":[472,467,643,644,71,646],"product_tag":[853,78,155,83],"class_list":{"0":"post-1912","1":"product","2":"type-product","3":"status-publish","4":"has-post-thumbnail","6":"product_cat-60-mm","7":"product_cat-geradeeinblick","8":"product_cat-jagd","9":"product_cat-outdoor-wandern","10":"product_cat-spektiv","11":"product_cat-ornithologie-vogelbeobachtung","12":"product_tag-15-45x60","13":"product_tag-ddoptics","14":"product_tag-geradeeinblick","15":"product_tag-spektiv","16":"product_shipping_class-paket","17":"pa_brand-marke-ddoptics","18":"pa_farbe-gruen","19":"pa_okulartype-15-45x","20":"pa_produkt-typ-spektiv","22":"first","23":"instock","24":"taxable","25":"shipping-taxable","26":"purchasable","27":"product-type-simple"},"bundled_by":[],"bundle_stock_status":"instock","bundle_stock_quantity":null,"bundle_virtual":false,"bundle_layout":"","bundle_add_to_cart_form_location":"","bundle_editable_in_cart":false,"bundle_sold_individually_context":"","bundle_item_grouping":"","bundle_min_size":"","bundle_max_size":"","bundle_price":[],"bundled_items":[],"bundle_sell_ids":[],"_links":{"self":[{"href":"https:\/\/ddoptics.shop\/cs\/wp-json\/wp\/v2\/product\/1912","targetHints":{"allow":["GET"]}}],"collection":[{"href":"https:\/\/ddoptics.shop\/cs\/wp-json\/wp\/v2\/product"}],"about":[{"href":"https:\/\/ddoptics.shop\/cs\/wp-json\/wp\/v2\/types\/product"}],"replies":[{"embeddable":true,"href":"https:\/\/ddoptics.shop\/cs\/wp-json\/wp\/v2\/comments?post=1912"}],"version-history":[{"count":7,"href":"https:\/\/ddoptics.shop\/cs\/wp-json\/wp\/v2\/product\/1912\/revisions"}],"predecessor-version":[{"id":29119,"href":"https:\/\/ddoptics.shop\/cs\/wp-json\/wp\/v2\/product\/1912\/revisions\/29119"}],"wp:featuredmedia":[{"embeddable":true,"href":"https:\/\/ddoptics.shop\/cs\/wp-json\/wp\/v2\/media\/14359"}],"wp:attachment":[{"href":"https:\/\/ddoptics.shop\/cs\/wp-json\/wp\/v2\/media?parent=1912"}],"wp:term":[{"taxonomy":"product_brand","embeddable":true,"href":"https:\/\/ddoptics.shop\/cs\/wp-json\/wp\/v2\/product_brand?post=1912"},{"taxonomy":"product_cat","embeddable":true,"href":"https:\/\/ddoptics.shop\/cs\/wp-json\/wp\/v2\/product_cat?post=1912"},{"taxonomy":"product_tag","embeddable":true,"href":"https:\/\/ddoptics.shop\/cs\/wp-json\/wp\/v2\/product_tag?post=1912"}],"curies":[{"name":"wp","href":"https:\/\/api.w.org\/{rel}","templated":true}]}}