{"id":1953,"date":"2016-04-16T13:27:45","date_gmt":"2016-04-16T11:27:45","guid":{"rendered":"https:\/\/beta.optik-sport-shop.at\/kaufen\/fernglas-ddoptics-ultralight-8x34\/"},"modified":"2025-10-06T14:02:19","modified_gmt":"2025-10-06T12:02:19","slug":"dalekohled-ddoptics-ultralight-8x34","status":"publish","type":"product","link":"https:\/\/ddoptics.shop\/cs\/kaufen\/fernglas-ddoptics-ultralight-8x34\/","title":{"rendered":"Dalekohled DDoptics Ultralight 8\u00d734"},"content":{"rendered":"<div class=\"row\"  id=\"row-707581374\">\n\n\t<div id=\"col-269813793\" class=\"col medium-8 small-12 large-8\"  >\n\t\t\t\t<div class=\"col-inner\"  >\n\t\t\t\n\t\t\t\n<h2>Dalekohled DDoptics Ultralight 8\u00d734<\/h2>\n<p>Objevte univerz\u00e1ln\u00ed v\u0161estrann\u00e9 dalekohledy od spole\u010dnosti DDoptics. A <strong>Kompaktn\u00ed 8x dalekohled <\/strong>s <strong>p\u016fsobiv\u00fd obrazov\u00fd v\u00fdkon<\/strong> na <strong>v\u00edce ne\u017e \u00fa\u017easn\u00e1 cena<\/strong>. S t\u00edmto <strong>velmi lehk\u00fd a kompaktn\u00ed dalekohled<\/strong> DDoptics dopl\u0148uje svou nab\u00eddku v kategorii \u201ca <strong>\u201cDalekohledy pro v\u0161echny\u201d<\/strong> s \u0159adou Ultralight.<\/p>\n<p>Na str\u00e1nk\u00e1ch <strong>DDoptics Ultralehk\u00fd dalekohled s 8n\u00e1sobn\u00fdm zv\u011bt\u0161en\u00edm<\/strong> nab\u00edz\u00ed lehk\u00fd a vodot\u011bsn\u00fd vzhled za 147,- \u20ac a \u010dist\u011b funguj\u00edc\u00ed mechanismus.<\/p>\n<p>Mal\u00fd <strong>Dalekohledy maj\u00ed kr\u00e1sn\u00fd design<\/strong> navr\u017een\u00fd, lehk\u00fd, mal\u00fd, vodot\u011bsn\u00fd a v\u00fdkonn\u00fd. . <strong>otev\u0159en\u00fd most<\/strong> vyz\u00fdv\u00e1 ruku, aby obepnula trubku, a poskytuje tak \u00fachop a pohodl\u00ed.<\/p>\n<p>Povrchov\u00e1 \u00faprava hranol\u016f a \u010do\u010dek zaji\u0161\u0165uje jasn\u00fd a p\u0159\u00edjemn\u00fd obraz, a pokud dalekohled zrovna nepot\u0159ebujete, lze jej snadno ulo\u017eit do kapsy bundy. S n\u00edzkou hmotnost\u00ed dalekohledu Ultralight, kter\u00e1 \u010din\u00ed necel\u00fdch 400 g, nebudete m\u00edt nikdy probl\u00e9m.<\/p>\n\t\t<\/div>\n\t\t\t\t\n<style>\n#col-269813793 > .col-inner {\n  margin: 0px 0px -30px 0px;\n}\n<\/style>\n\t<\/div>\n\n\t\n\n\t<div id=\"col-722650772\" class=\"col medium-4 small-12 large-4\"  >\n\t\t\t\t<div class=\"col-inner\"  >\n\t\t\t\n\t\t\t\n\t<div class=\"img has-hover x md-x lg-x y md-y lg-y\" id=\"image_1432279829\">\n\t\t\t\t\t\t\t\t<div class=\"img-inner dark\" >\n\t\t\t\t\t\t\t\t\t\n\t\t\t\t\t<\/div>\n\t\t\t\t\t\t\t\t\n<style>\n#image_1432279829 {\n  width: 100%;\n}\n<\/style>\n\t<\/div>\n\t\n\t<div class=\"img has-hover x md-x lg-x y md-y lg-y\" id=\"image_804590990\">\n\t\t<a class=\"\" href=\"https:\/\/www.shop.ddoptics.de\/garantiebestimmungen\" target=\"_blank\" rel=\"noopener\">\t\t\t\t\t\t<div class=\"img-inner dark\" >\n\t\t\t<img decoding=\"async\" width=\"352\" height=\"160\" src=\"https:\/\/ddoptics.shop\/wp-content\/uploads\/2014\/09\/DDoptics-Garantie.jpg\" class=\"attachment-large size-large\" alt=\"Z\u00e1ruka DDoptics\" srcset=\"https:\/\/ddoptics.shop\/wp-content\/uploads\/2014\/09\/DDoptics-Garantie.jpg 352w, https:\/\/ddoptics.shop\/wp-content\/uploads\/2014\/09\/DDoptics-Garantie-304x138.jpg 304w, https:\/\/ddoptics.shop\/wp-content\/uploads\/2014\/09\/DDoptics-Garantie-305x139.jpg 305w, https:\/\/ddoptics.shop\/wp-content\/uploads\/2014\/09\/DDoptics-Garantie-250x114.jpg 250w\" sizes=\"(max-width: 352px) 100vw, 352px\" title=\"\">\t\t\t\t\t\t\n\t\t\t\t\t<\/div>\n\t\t\t\t\t\t<\/a>\t\t\n<style>\n#image_804590990 {\n  width: 100%;\n}\n<\/style>\n\t<\/div>\n\t\n<h3>Dalekohledy DDoptics fakta<\/h3>\n\n\t\t<div class=\"icon-box featured-box icon-box-left text-left\"  >\n\t\t\t\t\t<div class=\"icon-box-img\" style=\"width: 32px\">\n\t\t\t\t<div class=\"icon\">\n\t\t\t\t\t<div class=\"icon-inner\" >\n\t\t\t\t\t\t<img decoding=\"async\" width=\"100\" height=\"83\" src=\"https:\/\/ddoptics.shop\/wp-content\/uploads\/2021\/05\/DDoptics-SHG-Icon.jpg\" class=\"attachment-medium size-medium\" alt=\"Dalekohled DDoptics SHG Icon\" title=\"\">\t\t\t\t\t<\/div>\n\t\t\t\t<\/div>\n\t\t\t<\/div>\n\t\t\t\t<div class=\"icon-box-text last-reset\">\n\t\t\t\t\t\t\t\t\t\n<p>Nejni\u017e\u0161\u00ed hmotnost<\/p>\n\t\t<\/div>\n\t<\/div>\n\t\n\t\n\n\t\t<div class=\"icon-box featured-box icon-box-left text-left\"  >\n\t\t\t\t\t<div class=\"icon-box-img\" style=\"width: 32px\">\n\t\t\t\t<div class=\"icon\">\n\t\t\t\t\t<div class=\"icon-inner\" >\n\t\t\t\t\t\t<img decoding=\"async\" width=\"100\" height=\"83\" src=\"https:\/\/ddoptics.shop\/wp-content\/uploads\/2021\/05\/DDoptics-SHG-Icon.jpg\" class=\"attachment-medium size-medium\" alt=\"Dalekohled DDoptics SHG Icon\" title=\"\">\t\t\t\t\t<\/div>\n\t\t\t\t<\/div>\n\t\t\t<\/div>\n\t\t\t\t<div class=\"icon-box-text last-reset\">\n\t\t\t\t\t\t\t\t\t\n<p>\u2705 Otev\u0159en\u00fd most<\/p>\n\t\t<\/div>\n\t<\/div>\n\t\n\t\n\n\t\t<div class=\"icon-box featured-box icon-box-left text-left\"  >\n\t\t\t\t\t<div class=\"icon-box-img\" style=\"width: 32px\">\n\t\t\t\t<div class=\"icon\">\n\t\t\t\t\t<div class=\"icon-inner\" >\n\t\t\t\t\t\t<img decoding=\"async\" width=\"100\" height=\"83\" src=\"https:\/\/ddoptics.shop\/wp-content\/uploads\/2021\/05\/DDoptics-SHG-Icon.jpg\" class=\"attachment-medium size-medium\" alt=\"Dalekohled DDoptics SHG Icon\" title=\"\">\t\t\t\t\t<\/div>\n\t\t\t\t<\/div>\n\t\t\t<\/div>\n\t\t\t\t<div class=\"icon-box-text last-reset\">\n\t\t\t\t\t\t\t\t\t\n<p>\u2705 Jemn\u011b nastaviteln\u00fd mechanismus<\/p>\n\t\t<\/div>\n\t<\/div>\n\t\n\t\n\n\t\t<div class=\"icon-box featured-box icon-box-left text-left\"  >\n\t\t\t\t\t<div class=\"icon-box-img\" style=\"width: 32px\">\n\t\t\t\t<div class=\"icon\">\n\t\t\t\t\t<div class=\"icon-inner\" >\n\t\t\t\t\t\t<img decoding=\"async\" width=\"100\" height=\"83\" src=\"https:\/\/ddoptics.shop\/wp-content\/uploads\/2021\/05\/DDoptics-SHG-Icon.jpg\" class=\"attachment-medium size-medium\" alt=\"Dalekohled DDoptics SHG Icon\" title=\"\">\t\t\t\t\t<\/div>\n\t\t\t\t<\/div>\n\t\t\t<\/div>\n\t\t\t\t<div class=\"icon-box-text last-reset\">\n\t\t\t\t\t\t\t\t\t\n<p>\u2705 Kovov\u00e1 o\u010dn\u00ed v\u00ed\u010dka<\/p>\n\t\t<\/div>\n\t<\/div>\n\t\n\t\n\n\t\t<div class=\"icon-box featured-box icon-box-left text-left\"  >\n\t\t\t\t\t<div class=\"icon-box-img\" style=\"width: 32px\">\n\t\t\t\t<div class=\"icon\">\n\t\t\t\t\t<div class=\"icon-inner\" >\n\t\t\t\t\t\t<img decoding=\"async\" width=\"100\" height=\"83\" src=\"https:\/\/ddoptics.shop\/wp-content\/uploads\/2021\/05\/DDoptics-SHG-Icon.jpg\" class=\"attachment-medium size-medium\" alt=\"Dalekohled DDoptics SHG Icon\" title=\"\">\t\t\t\t\t<\/div>\n\t\t\t\t<\/div>\n\t\t\t<\/div>\n\t\t\t\t<div class=\"icon-box-text last-reset\">\n\t\t\t\t\t\t\t\t\t\n<p>Schmidt-Pechan hranoly + dobr\u00e9 rozli\u0161en\u00ed<\/p>\n\t\t<\/div>\n\t<\/div>\n\t\n\t\n\n\t\t<div class=\"icon-box featured-box icon-box-left text-left\"  >\n\t\t\t\t\t<div class=\"icon-box-img\" style=\"width: 32px\">\n\t\t\t\t<div class=\"icon\">\n\t\t\t\t\t<div class=\"icon-inner\" >\n\t\t\t\t\t\t<img decoding=\"async\" width=\"100\" height=\"83\" src=\"https:\/\/ddoptics.shop\/wp-content\/uploads\/2021\/05\/DDoptics-SHG-Icon.jpg\" class=\"attachment-medium size-medium\" alt=\"Dalekohled DDoptics SHG Icon\" title=\"\">\t\t\t\t\t<\/div>\n\t\t\t\t<\/div>\n\t\t\t<\/div>\n\t\t\t\t<div class=\"icon-box-text last-reset\">\n\t\t\t\t\t\t\t\t\t\n<p>\u2705 Wasserdichtigkeit und Nitrogenf\u00fcllung<\/p>\n\t\t<\/div>\n\t<\/div>\n\t\n\t\n<div class=\"is-divider divider clearfix\" ><\/div>\n\t\t<\/div>\n\t\t\t\t\t<\/div>\n\n\t\n<\/div>\n<h3>DDoptics Ultralehk\u00fd dalekohled 8\u00d734 pro trekking, dovolenou v p\u0159\u00edrod\u011b nebo alpsk\u00fd horsk\u00fd sv\u011bt<\/h3>\n<p>A\u0165 u\u017e v <strong>Hory nebo rozs\u00e1hl\u00e1 p\u011b\u0161\u00ed turistika<\/strong>, a\u0165 u\u017e je zima nebo horko, <strong>vodot\u011bsn\u00fd a dus\u00edkem pln\u011bn\u00fd Ultralight<\/strong> jednodu\u0161e zvl\u00e1dne v\u0161e - a je\u0161t\u011b po\u0159\u00edd\u00ed velmi dobr\u00fd sn\u00edmek. I za soumraku v\u00e1m pom\u016f\u017ee naj\u00edt spr\u00e1vnou cestu nebo v\u00e1m uk\u00e1\u017ee, kde se skr\u00fdv\u00e1 jedno \u010di dv\u011b mal\u00e1 p\u0159ekvapen\u00ed.<\/p>\n<h3>Nehor\u00e1zn\u00fd pom\u011br ceny a v\u00fdkonu u dalekohledu 8\u00d734<\/h3>\n<p>S <strong>Ultralehk\u00fd dalekohled 8\u00d734 DDoptics v\u00e1m nab\u00edz\u00ed p\u00e1r dalekohled\u016f.<\/strong>, kter\u00fd um\u00ed v\u0161e, co byste od tak mal\u00e9ho dalekohledu o\u010dek\u00e1vali. Otev\u0159en\u00fd m\u016fstek se u dalekohled\u016f t\u00e9to cenov\u00e9 kategorie vyskytuje jen z\u0159\u00eddka, pokud v\u016fbec.<\/p>\n<h3>DDoptics Ultralight 8\u00d734 - Robustn\u00ed dalekohled pro ka\u017edodenn\u00ed pou\u017eit\u00ed<\/h3>\n<p>Na str\u00e1nk\u00e1ch <strong>T\u011blo dalekohledu je vyrobeno z velmi tvrd\u00e9ho a nerozbitn\u00e9ho polykarbon\u00e1tu.<\/strong> vyrobeno. Na kritick\u00fdch m\u00edstech, jako jsou o\u010dn\u00ed \u010do\u010dky nebo \u201cohyb\u201d, se pou\u017e\u00edvaj\u00ed kovov\u00e9 slitiny.<\/p>\n<h3>Jemn\u00e1 binokul\u00e1rn\u00ed mechanika<\/h3>\n<p>Na str\u00e1nk\u00e1ch <strong>Zaost\u0159ovac\u00ed kole\u010dko pracuje pohodln\u011b a bez v\u016fle;<\/strong> ne p\u0159\u00edli\u0161 tvrd\u00e9 a ne p\u0159\u00edli\u0161 m\u011bkk\u00e9. D\u00edky jemn\u00e9mu nastaven\u00ed lze snadno a p\u0159esn\u011b zaost\u0159it na \u201cohnisko\u201d. Dioptrie, kter\u00e9 lze ovl\u00e1dat pod prav\u00fdm okul\u00e1rem, lze nastavit \u010dist\u011b a p\u0159esn\u011b. . <strong>O\u010dn\u00ed \u010do\u010dky nab\u00edzej\u00ed \u010dty\u0159i p\u0159ehledn\u00e9 \u201c\u00farovn\u011b m\u0159\u00ed\u017eky\u201d.\u201d<\/strong> To umo\u017e\u0148uje nositel\u016fm br\u00fdl\u00ed i t\u011bm, kte\u0159\u00ed br\u00fdle nenos\u00ed, nastavit nejlep\u0161\u00ed mo\u017enou a nejpohodln\u011bj\u0161\u00ed mezipupil\u00e1rn\u00ed vzd\u00e1lenost.<\/p>","protected":false},"excerpt":{"rendered":"<p>N\u00e1\u0161 n\u00e1zor: The<strong> Dalekohledy DDoptics Revolution - <\/strong>a<strong> Dalekohledy pro KA\u017dD\u00c9HO za neuv\u011b\u0159itelnou cenu.<\/strong><\/p>","protected":false},"featured_media":1957,"comment_status":"open","ping_status":"closed","template":"","meta":{"inline_featured_image":false,"footnotes":""},"product_brand":[],"product_cat":[361,349,329,344,346],"product_tag":[90,159,562,78,872],"class_list":{"0":"post-1953","1":"product","2":"type-product","3":"status-publish","4":"has-post-thumbnail","6":"product_cat-34-mm-objektiv","7":"product_cat-8x-vergroesserung","8":"product_cat-ddoptics","9":"product_cat-naturbeobachtung","10":"product_cat-wandern-und-reisen","11":"product_tag-8-fach-vergroesserung","12":"product_tag-8x34","13":"product_tag-8x34-fernglas","14":"product_tag-ddoptics","15":"product_tag-ultralight-8x34","16":"product_shipping_class-paket","17":"pa_brand-marke-ddoptics","18":"pa_farbe-schwarz","19":"pa_produkt-typ-fernglas","21":"first","22":"instock","23":"sale","24":"taxable","25":"shipping-taxable","26":"purchasable","27":"product-type-simple"},"bundled_by":[],"bundle_stock_status":"instock","bundle_stock_quantity":null,"bundle_virtual":false,"bundle_layout":"","bundle_add_to_cart_form_location":"","bundle_editable_in_cart":false,"bundle_sold_individually_context":"","bundle_item_grouping":"","bundle_min_size":"","bundle_max_size":"","bundle_price":[],"bundled_items":[],"bundle_sell_ids":[],"_links":{"self":[{"href":"https:\/\/ddoptics.shop\/cs\/wp-json\/wp\/v2\/product\/1953","targetHints":{"allow":["GET"]}}],"collection":[{"href":"https:\/\/ddoptics.shop\/cs\/wp-json\/wp\/v2\/product"}],"about":[{"href":"https:\/\/ddoptics.shop\/cs\/wp-json\/wp\/v2\/types\/product"}],"replies":[{"embeddable":true,"href":"https:\/\/ddoptics.shop\/cs\/wp-json\/wp\/v2\/comments?post=1953"}],"version-history":[{"count":6,"href":"https:\/\/ddoptics.shop\/cs\/wp-json\/wp\/v2\/product\/1953\/revisions"}],"predecessor-version":[{"id":29195,"href":"https:\/\/ddoptics.shop\/cs\/wp-json\/wp\/v2\/product\/1953\/revisions\/29195"}],"wp:featuredmedia":[{"embeddable":true,"href":"https:\/\/ddoptics.shop\/cs\/wp-json\/wp\/v2\/media\/1957"}],"wp:attachment":[{"href":"https:\/\/ddoptics.shop\/cs\/wp-json\/wp\/v2\/media?parent=1953"}],"wp:term":[{"taxonomy":"product_brand","embeddable":true,"href":"https:\/\/ddoptics.shop\/cs\/wp-json\/wp\/v2\/product_brand?post=1953"},{"taxonomy":"product_cat","embeddable":true,"href":"https:\/\/ddoptics.shop\/cs\/wp-json\/wp\/v2\/product_cat?post=1953"},{"taxonomy":"product_tag","embeddable":true,"href":"https:\/\/ddoptics.shop\/cs\/wp-json\/wp\/v2\/product_tag?post=1953"}],"curies":[{"name":"wp","href":"https:\/\/api.w.org\/{rel}","templated":true}]}}