{"id":1970,"date":"2016-04-16T14:54:30","date_gmt":"2016-04-16T12:54:30","guid":{"rendered":"https:\/\/beta.optik-sport-shop.at\/kaufen\/zielfernrohr-ddoptics-nachtfalke-hdx-1komma5-6x42-gen-3-new-absehen-4\/"},"modified":"2025-07-04T11:10:56","modified_gmt":"2025-07-04T09:10:56","slug":"nighteagle-1komma5-6x42-gen-3","status":"publish","type":"product","link":"https:\/\/ddoptics.shop\/cs\/kaufen\/nighteagle-1komma5-6x42-gen-3\/","title":{"rendered":"Pu\u0161kohled DDoptics Nighteagle 1,5-6\u00d742 | V4 | A4N | MOA nastaven\u00ed - Gen 3"},"content":{"rendered":"<div class=\"container section-title-container\" ><h3 class=\"section-title section-title-normal\"><b aria-hidden=\"true\"><\/b><span class=\"section-title-main\" ><i class=\"icon-cross\" aria-hidden=\"true\"><\/i>Stru\u010dn\u00fd p\u0159ehled DDoptics pu\u0161kohled V6 1-6x42 Gen 3<\/span><b aria-hidden=\"true\"><\/b><\/h3><\/div>\n<table style=\"width: 100%; background-color: #cacaca;\">\n<tbody>\n<tr>\n<td style=\"height: 35px; width: 25%;\"><strong>Trubka<\/strong><\/td>\n<td style=\"height: 35px; width: 25%;\">30 mm mono trubice<\/td>\n<td style=\"height: 35px; width: 25%;\"><strong>Zorn\u00e9 pole: m @100m<\/strong><\/td>\n<td style=\"height: 35px; width: 25%;\">6 m<\/td>\n<\/tr>\n<tr>\n<td style=\"height: 35px; width: 25%;\"><strong>Optick\u00fd syst\u00e9m<\/strong><\/td>\n<td style=\"height: 35px; width: 25%;\">1,5-6x \/ 4x zoom<\/td>\n<td style=\"height: 35px; width: 25%;\">\u00a0<strong>Mezipupil\u00e1rn\u00ed vzd\u00e1lenost<\/strong><\/td>\n<td style=\"height: 35px; width: 25%;\">84-99 mm<\/td>\n<\/tr>\n<tr>\n<td style=\"height: 35px; width: 25%;\"><strong>Objektiv<\/strong><\/td>\n<td style=\"height: 35px; width: 25%;\">42 mm<\/td>\n<td style=\"height: 35px; width: 25%;\">\u00a0<strong>D\u00e9lka<\/strong><\/td>\n<td style=\"height: 35px; width: 25%;\">290 mm<\/td>\n<\/tr>\n<tr>\n<td style=\"height: 35px; width: 25%;\"><strong>S\u00ed\u0165ka<\/strong><\/td>\n<td style=\"height: 35px; width: 25%;\">Nov\u00fd zam\u011b\u0159ova\u010d 4 (A4N)<\/td>\n<td style=\"height: 35px; width: 25%;\">\u00a0<strong>Hmotnost<\/strong><\/td>\n<td style=\"height: 35px; width: 25%;\">520 g<\/td>\n<\/tr>\n<tr>\n<td style=\"height: 10px; width: 25%;\"><strong>Sv\u011bteln\u00fd bod<\/strong><\/td>\n<td style=\"height: 10px; width: 25%;\">Standardn\u00ed nebo iFibre<\/td>\n<td style=\"height: 10px; width: 25%;\">\u00a0<strong>Ochrana proti zaml\u017eov\u00e1n\u00ed<\/strong><\/td>\n<td style=\"height: 10px; width: 25%;\">Dus\u00edkov\u00e1 n\u00e1pl\u0148 proti zaml\u017een\u00ed<\/td>\n<\/tr>\n<tr>\n<td style=\"height: 10px; width: 25%;\"><strong>Zaost\u0159en\u00ed\/paralaxa<\/strong><\/td>\n<td style=\"height: 10px; width: 25%;\">\u017e\u00e1dn\u00e9<\/td>\n<td style=\"height: 10px; width: 25%;\">\u00a0<strong>T\u011bsnost<\/strong><\/td>\n<td style=\"height: 10px; width: 25%;\">Odolnost v\u016f\u010di vod\u011b a n\u00e1raz\u016fm<\/td>\n<\/tr>\n<\/tbody>\n<\/table>\n<div class=\"row\"  id=\"row-1934968164\">\n\n\t<div id=\"col-1556815368\" class=\"col medium-8 small-12 large-8\"  >\n\t\t\t\t<div class=\"col-inner\"  >\n\t\t\t\n\t\t\t\n<h2>Pu\u0161kohled DDoptics Nighteagle 1,5-6\u00d742 Gen 3 - nekompromisn\u00ed, jasn\u00fd a v\u00fdkonn\u00fd<\/h2>\n<p>Na str\u00e1nk\u00e1ch <strong>DDoptics Nighteagle HDX 1,5-6\u00d742<\/strong> je navr\u017een tak, aby vyhovoval dne\u0161n\u00edm dob\u0159e organizovan\u00fdm <a href=\"https:\/\/de.wikipedia.org\/wiki\/Dr%C3%BCckjagd\" target=\"_blank\" rel=\"noopener noreferrer\"><strong>Pohybov\u00e9 lovy<\/strong> <\/a>v pln\u00e9m rozsahu.<\/p>\n<p>S t\u00edmto <strong>C\u00edlov\u00e1 optika pro \u0159\u00edzen\u00e9 lovy<\/strong> st\u0159ely na vzd\u00e1lenost kolem 100 metr\u016f jsou ospravedlniteln\u00e9. Pokud se nap\u0159\u00edklad zv\u011b\u0159 pohybuje daleko od lovc\u016f, kte\u0159\u00ed jsou dob\u0159e rozm\u00edst\u011bni p\u0159ed stojany, nebo dokonce pokud doufaj\u00ed. Stejn\u011b tak je vhodn\u00fd tento <strong>Zam\u011b\u0159ovac\u00ed optika pro stalking v pol\u00edch a hust\u00fdch les\u00edch.<\/strong><\/p>\n<p>Pro sv\u00e9 mal\u00e9 rozm\u011bry a hmotnost se pou\u017e\u00edv\u00e1 hlavn\u011b v hor\u00e1ch.<\/p>\n<h3>Pu\u0161kohled 1,5-6\u00d742 s osv\u011btlenou osnovou New Reticle 4 (A4N): Dokonal\u00fd p\u0159ehled<\/h3>\n<p>Optick\u00fd zam\u011b\u0159ova\u010d funguje s v\u00fdjimkou <strong>Bez paralaxy na 100 m<\/strong>. K nastaven\u00ed zam\u011b\u0159ova\u010de nen\u00ed t\u0159eba \u017e\u00e1dn\u00e9 n\u00e1\u0159ad\u00ed. Ka\u017ed\u00e9 kliknut\u00ed uprav\u00ed zam\u011b\u0159ova\u010d o 1\/4 MOA (odpov\u00edd\u00e1 7,3 mm na 100 m). Na str\u00e1nk\u00e1ch . <strong>\u00daprava kliknut\u00edm <\/strong>funguje<strong> Absolutn\u011b opakovateln\u00e9<\/strong> a po vyst\u0159elen\u00ed je lze vynulovat.<\/p>\n\t\t<\/div>\n\t\t\t\t\t<\/div>\n\n\t\n\n\t<div id=\"col-1455829561\" class=\"col medium-4 small-12 large-4\"  >\n\t\t\t\t<div class=\"col-inner\"  >\n\t\t\t\n\t\t\t\n<a class=\"button primary expand\" >\n\t\t<span>Speci\u00e1ln\u00ed funkce pu\u0161kohledu<\/span>\n\t<\/a>\n\n\n\t<section class=\"section\" id=\"section_1284746914\">\n\t\t<div class=\"section-bg fill\" >\n\t\t\t\t\t\t\t\t\t<div class=\"section-bg-overlay absolute fill\"><\/div>\n\t\t\t\n\n\t\t<\/div>\n\n\t\t\n\n\t\t<div class=\"section-content relative\">\n\t\t\t\n\t<div class=\"img has-hover x md-x lg-x y md-y lg-y\" id=\"image_1962161831\">\n\t\t<a class=\"\" href=\"https:\/\/www.ddoptics.de\/garantiebestimmungen\" target=\"_blank\" rel=\"no follow noopener\">\t\t\t\t\t\t<div class=\"img-inner dark\" >\n\t\t\t<img decoding=\"async\" width=\"352\" height=\"160\" src=\"https:\/\/ddoptics.shop\/wp-content\/uploads\/2014\/09\/DDoptics-Garantie.jpg\" class=\"attachment-large size-large\" alt=\"Z\u00e1ruka DDoptics\" srcset=\"https:\/\/ddoptics.shop\/wp-content\/uploads\/2014\/09\/DDoptics-Garantie.jpg 352w, https:\/\/ddoptics.shop\/wp-content\/uploads\/2014\/09\/DDoptics-Garantie-304x138.jpg 304w, https:\/\/ddoptics.shop\/wp-content\/uploads\/2014\/09\/DDoptics-Garantie-305x139.jpg 305w, https:\/\/ddoptics.shop\/wp-content\/uploads\/2014\/09\/DDoptics-Garantie-250x114.jpg 250w\" sizes=\"(max-width: 352px) 100vw, 352px\" title=\"\">\t\t\t\t\t\t\n\t\t\t\t\t<\/div>\n\t\t\t\t\t\t<\/a>\t\t\n<style>\n#image_1962161831 {\n  width: 100%;\n}\n<\/style>\n\t<\/div>\n\t\n\t<div id=\"gap-207690559\" class=\"gap-element clearfix\" style=\"display:block; height:auto;\">\n\t\t\n<style>\n#gap-207690559 {\n  padding-top: 15px;\n}\n<\/style>\n\t<\/div>\n\t\n\t<div id=\"text-2705919644\" class=\"text\">\n\t\t\n<p><em><span style=\"font-size: 80%;\">\u21d2 <strong>DDoptics IFiber osv\u011btlen\u00fd bod voliteln\u011b<\/strong><\/span><\/em><br \/>\n<em><span style=\"font-size: 80%;\">\u21d2 zam\u011b\u0159ova\u010d: Nov\u00fd zam\u011b\u0159ova\u010d 4 v\u00a0<strong>2. obrazov\u00e1 rovina<\/strong><\/span><\/em><br \/>\n<em><span style=\"font-size: 80%;\">\u21d2 P\u0159esnost absolutn\u00edho v\u00fdnosu<\/span><\/em><br \/>\n<em><span style=\"font-size: 80%;\">\u21d2 <strong>Velk\u00fd rozsah nastaven\u00ed<\/strong><\/span><\/em><br \/>\n<em><span style=\"font-size: 80%;\">\u21d2 osv\u011btlen\u00e1 te\u010dka II ve standardn\u00ed v\u00fdbav\u011b<\/span><\/em><br \/>\n<em><span style=\"font-size: 80%;\">\u21d2 <strong>P\u0159enos sv\u011btla<\/strong> s maxim\u00e1ln\u00edmi hodnotami<\/span><\/em><br \/>\n<em><span style=\"font-size: 80%;\">\u21d2 odolnost proti v\u00fdst\u0159elu: test 375H&amp;H s 1 000 v\u00fdst\u0159ely<\/span><\/em><br \/>\n<em><span style=\"font-size: 80%;\">\u21d2 Zorn\u00e9 pole: 21m -5,6m<\/span><\/em><br \/>\n\t\t\n<style>\n#text-2705919644 {\n  line-height: 1.15;\n  color: rgb(33, 107, 227);\n}\n#text-2705919644 > * {\n  color: rgb(33, 107, 227);\n}\n<\/style>\n\t<\/div>\n\t\n\t\t<\/div>\n\n\t\t\n<style>\n#section_1284746914 {\n  padding-top: 30px;\n  padding-bottom: 30px;\n  background-color: rgb(232, 232, 232);\n}\n#section_1284746914 .section-bg-overlay {\n  background-color: rgba(255,255,255,.5);\n}\n<\/style>\n\t<\/section>\n\t\n\t\t<\/div>\n\t\t\t\t\t<\/div>\n\n\t\n<\/div>\n<p>Nov\u00fd zam\u011b\u0159ova\u010d 4\u00a0<strong>Osv\u011btlen\u00fd zam\u011b\u0159ova\u010d<\/strong> se nach\u00e1z\u00ed v <strong>Obrazov\u00e1 rovina okul\u00e1ru (2. obrazov\u00e1 rovina)<\/strong> a proto z\u016fst\u00e1v\u00e1 p\u0159i ka\u017ed\u00e9m nastaven\u00ed zv\u011bt\u0161en\u00ed stejn\u011b velk\u00fd. Na okul\u00e1ru je um\u00edst\u011bn v\u00fdm\u011bnn\u00fd krou\u017eek pro zv\u011bt\u0161en\u00ed nebo zmen\u0161en\u00ed zam\u011b\u0159ova\u010de. Je 15 mm \u0161irok\u00fd, jemn\u011b \u017eebrovan\u00fd, a t\u00edm zvy\u0161uje \u00fachop a odolnost proti skluzu. Z\u00e1m\u011brem spole\u010dnosti DDoptics je obt\u00ed\u017en\u00e9 nastaven\u00ed v\u00fdm\u011bnn\u00e9ho krou\u017eku, aby se zabr\u00e1nilo necht\u011bn\u00e9mu nastaven\u00ed.<\/p>\n<h3>Sv\u011btlovodn\u00fd bod s osv\u011btlen\u00edm pro rychl\u00e9 zam\u011b\u0159en\u00ed c\u00edle<\/h3>\n<figure id=\"attachment_1951\" aria-describedby=\"caption-attachment-1951\" style=\"width: 250px\" class=\"wp-caption alignright\"><a href=\"https:\/\/ddoptics.shop\/wp-content\/uploads\/2016\/04\/Neues-DDoptics-Absehen.jpg\" rel=\"attachment wp-att-1951\"><img decoding=\"async\" class=\"wp-image-1951\" src=\"https:\/\/ddoptics.shop\/wp-content\/uploads\/2016\/04\/Neues-DDoptics-Absehen-340x340.jpg\" alt=\"Nov\u00fd zam\u011b\u0159ova\u010d DDoptics 4\" width=\"250\" height=\"199\" title=\"\" srcset=\"https:\/\/ddoptics.shop\/wp-content\/uploads\/2016\/04\/Neues-DDoptics-Absehen-304x242.jpg 304w, https:\/\/ddoptics.shop\/wp-content\/uploads\/2016\/04\/Neues-DDoptics-Absehen-305x243.jpg 305w, https:\/\/ddoptics.shop\/wp-content\/uploads\/2016\/04\/Neues-DDoptics-Absehen-632x503.jpg 632w, https:\/\/ddoptics.shop\/wp-content\/uploads\/2016\/04\/Neues-DDoptics-Absehen.jpg 800w, https:\/\/ddoptics.shop\/wp-content\/uploads\/2016\/04\/Neues-DDoptics-Absehen-250x199.jpg 250w, https:\/\/ddoptics.shop\/wp-content\/uploads\/2016\/04\/Neues-DDoptics-Absehen-510x406.jpg 510w\" sizes=\"(max-width: 250px) 100vw, 250px\" \/><\/a><figcaption id=\"caption-attachment-1951\" class=\"wp-caption-text\">Nov\u00fd zam\u011b\u0159ova\u010d DDoptics 4<\/figcaption><\/figure>\n<p>Na str\u00e1nk\u00e1ch <strong>\u010cerven\u011b osv\u011btlen\u00e1 te\u010dka<\/strong> m\u016f\u017ee b\u00fdt <strong>Plynul\u00e9 stm\u00edv\u00e1n\u00ed o 100 %<\/strong>, dokud je lidsk\u00e9 oko nedok\u00e1\u017ee vn\u00edmat. S\u00ed\u0165ka pak funguje jako optick\u00fd zam\u011b\u0159ova\u010d bez sv\u011bteln\u00e9 jednotky.<\/p>\n<p>Na str\u00e1nk\u00e1ch <strong>Sv\u011bteln\u00e1 jednotka <\/strong>vych\u00e1z\u00ed ze skute\u010dn\u00fdch<strong> Technologie optick\u00fdch vl\u00e1ken<\/strong>. Sv\u011btlo je tedy vyza\u0159ov\u00e1no pomoc\u00ed <strong>Optick\u00fd kabel do st\u0159edu zam\u011b\u0159ova\u010de<\/strong> veden\u00e9. V\u00fdhoda: Kdy\u017e je sv\u00edt\u00edc\u00ed bod vypnut\u00fd, nen\u00ed vid\u011bt \u017e\u00e1dn\u00fd \u010dern\u00fd bod.<\/p>\n<p>Vzhledem k tomu, \u017ee sv\u011btlo se nach\u00e1z\u00ed v\u00fdhradn\u011b ve vl\u00e1kn\u011b sklen\u011bn\u00fdch vl\u00e1ken, je sv\u011bteln\u00fd tok <strong>Vylou\u010den\u00ed ne\u017e\u00e1douc\u00edch vedlej\u0161\u00edch a k\u0159\u00ed\u017eov\u00fdch efekt\u016f<\/strong>. To v\u00e1m pom\u016f\u017ee rychle zam\u00ed\u0159it a v\u00fdrazn\u011b zv\u00fd\u0161\u00ed m\u00edru z\u00e1sahu.<\/p>\n<h3>C\u00edlov\u00e1 optika P\u0159enos sv\u011btla - mezin\u00e1rodn\u00ed \u0161pi\u010dkov\u00e9 hodnoty<\/h3>\n<p>Na str\u00e1nk\u00e1ch <strong>Pln\u011b pota\u017een\u00e1 optika<\/strong> z No\u010dn\u00edho orla<strong>\u00a0HDX 1,5-6\u00d742<\/strong> neponech\u00e1v\u00e1 nic n\u00e1hod\u011b.<\/p>\n<p>Nez\u00e1visl\u00ed odborn\u00edci <strong>Propustnost sv\u011btla 93,3 procenta<\/strong> (ve dne) a 91,6 procenta (v noci). Na str\u00e1nk\u00e1ch <strong>Obraz je ostr\u00fd, kontrastn\u00ed a barevn\u011b v\u011brn\u00fd.<\/strong>, nab\u00edz\u00ed velmi dobr\u00e9 <strong>ostrost hran a je zcela bez reflex\u016f<\/strong>. V kombinaci se zorn\u00fdm polem (21 m a\u017e 5,6 m) a mo\u017enostmi zv\u011bt\u0161en\u00ed zaru\u010duje Nighteagle HDX 1,5-6\u00d742 nejen optim\u00e1ln\u00ed pou\u017eit\u00ed.<\/p>\n<h3>N\u00edzk\u00e1 odchylka linie m\u00ed\u0159en\u00ed a maxim\u00e1ln\u00ed odolnost proti v\u00fdst\u0159elu<\/h3>\n<p>Typick\u00fd a nevyhnuteln\u00fd posun bodu n\u00e1razu p\u0159i zm\u011bn\u011b zv\u011bt\u0161en\u00ed u s\u00ed\u0165ky um\u00edst\u011bn\u00e9 v obrazov\u00e9 rovin\u011b okul\u00e1ru je u dalekohledu Nighteagle HDX 1,5-6\u00d742 m\u00e9n\u011b ne\u017e 20 mm na 100 m. Tato hodnota je pro loveck\u00e9 pou\u017eit\u00ed zcela irelevantn\u00ed.<\/p>\n<p><strong>Celkov\u00fd rozsah nastaven\u00ed teleskopick\u00e9ho zam\u011b\u0159ova\u010de:<\/strong><\/p>\n<ul>\n<li>530 <a href=\"https:\/\/ddoptics.shop\/cs\/technicky-termin\/vypocet-uhlove-minuty-nebo-moa-pro-puskohledy\/\" target=\"_blank\" rel=\"noopener noreferrer\">Kliknut\u00ed na<\/a><\/li>\n<li>odpov\u00edd\u00e1 132,5 MOA<\/li>\n<li>odpov\u00edd\u00e1 66,25 MOA na stranu<\/li>\n<\/ul>\n<p>B\u011bhem testu po 20 v\u00fdst\u0159elech s <strong>.450 Dakota a p\u0159es 100 n\u00e1boj\u016f r\u00e1\u017ee .308 Win.<\/strong> nez\u00e1visl\u00ed odborn\u00edci nebyli schopni nam\u011b\u0159it \u017e\u00e1dn\u00e9 nesouososti.<\/p>\n<h3>Nastaven\u00ed mezipupil\u00e1rn\u00ed vzd\u00e1lenosti a dioptri\u00ed<\/h3>\n<p>Na str\u00e1nk\u00e1ch <strong>O\u010dn\u00ed reli\u00e9f je 100 mm<\/strong>, co\u017e znamen\u00e1, \u017ee pou\u017eit\u00ed velk\u00fdch r\u00e1\u017e\u00ed nen\u00ed probl\u00e9m. Konec okul\u00e1ru je nav\u00edc chr\u00e1n\u011bn \u017eebrovan\u00fdm pry\u017eov\u00fdm krou\u017ekem. Nastaven\u00ed dioptri\u00ed je -3 a\u017e +3 dioptrie.<\/p>\n<p>Na str\u00e1nk\u00e1ch <strong>Zam\u011b\u0159ovac\u00ed optika je ur\u010dena p\u0159edev\u0161\u00edm pro letmou st\u0159elbu.<\/strong> a proto jsou obzvl\u00e1\u0161t\u011b zaj\u00edmav\u00e9 pro lov na cest\u00e1ch. Vzhledem k pr\u016fm\u011bru objektivu 42 mm lze optick\u00fd zam\u011b\u0159ova\u010d pou\u017e\u00edvat p\u0159\u00edmo v ter\u00e9nu. <strong>pozdn\u00ed soumrak<\/strong> a lze je proto pou\u017e\u00edt i jako \u00fakryt. Tak\u00e9 s <strong>Lov v zahrani\u010d\u00ed v Africe<\/strong> model se osv\u011bd\u010dil. Sklo je vhodn\u00e9 zejm\u00e9na pro pou\u017eit\u00ed s kombinovan\u00fdm p\u0159\u00edstrojem pro no\u010dn\u00ed vid\u011bn\u00ed.<\/p>\n<h3>Technick\u00fd v\u00fdkres pu\u0161kohledu 1,5-6\u00d742 Gen 3<\/h3>\n\t<div class=\"img has-hover x md-x lg-x y md-y lg-y\" id=\"image_718326292\">\n\t\t\t\t\t\t\t\t<div class=\"img-inner dark\" >\n\t\t\t<img decoding=\"async\" width=\"1020\" height=\"477\" src=\"https:\/\/ddoptics.shop\/wp-content\/uploads\/2016\/04\/1_5-6x42-1600x748.jpg\" class=\"attachment-large size-large\" alt=\"Pu\u0161kohled DDoptics 1,5-6x42 s duplexn\u00edm zam\u011b\u0159ova\u010dem\" srcset=\"https:\/\/ddoptics.shop\/wp-content\/uploads\/2016\/04\/1_5-6x42-1600x748.jpg 1600w, https:\/\/ddoptics.shop\/wp-content\/uploads\/2016\/04\/1_5-6x42-scaled-304x142.jpg 304w, https:\/\/ddoptics.shop\/wp-content\/uploads\/2016\/04\/1_5-6x42-scaled-305x143.jpg 305w, https:\/\/ddoptics.shop\/wp-content\/uploads\/2016\/04\/1_5-6x42-scaled-632x296.jpg 632w, https:\/\/ddoptics.shop\/wp-content\/uploads\/2016\/04\/1_5-6x42-800x374.jpg 800w, https:\/\/ddoptics.shop\/wp-content\/uploads\/2016\/04\/1_5-6x42-scaled-250x117.jpg 250w, https:\/\/ddoptics.shop\/wp-content\/uploads\/2016\/04\/1_5-6x42-scaled-510x238.jpg 510w\" sizes=\"(max-width: 1020px) 100vw, 1020px\" title=\"\">\t\t\t\t\t\t\n\t\t\t\t\t<\/div>\n\t\t\t\t\t\t\t\t\n<style>\n#image_718326292 {\n  width: 100%;\n}\n<\/style>\n\t<\/div>","protected":false},"excerpt":{"rendered":"<p><strong><img decoding=\"async\" class=\"alignnone wp-image-10455 size-full\" title=\"Lov na pohyb\" src=\"https:\/\/ddoptics.shop\/wp-content\/uploads\/2016\/04\/Bewegungsjagd.jpg\" alt=\"Lov na pohyb\" width=\"50\" height=\"50\" \/><\/strong><img decoding=\"async\" class=\"alignnone wp-image-10452 size-full\" title=\"Sportovn\u00ed st\u0159elba\" src=\"https:\/\/ddoptics.shop\/wp-content\/uploads\/2016\/07\/Target-Schiessen.jpg\" alt=\"St\u0159elba na ter\u010d\" width=\"50\" height=\"50\" \/><img decoding=\"async\" class=\"alignnone wp-image-10168 size-full\" title=\"Lov na stoj\u00e1ka\" src=\"https:\/\/ddoptics.shop\/wp-content\/uploads\/2016\/09\/Jagd-klein.jpg\" alt=\"Loveck\u00e9 dalekohledy\" width=\"50\" height=\"50\" \/><br \/>\n<strong>Vysok\u00e9 zabezpe\u010den\u00ed<\/strong> na <strong>rychl\u00e9 zam\u011b\u0159en\u00ed c\u00edle<\/strong> a p\u0159i fotografov\u00e1n\u00ed na \u00fat\u011bku. Jeden <strong>v\u0161estrann\u00e1 ter\u010dov\u00e1 optika<\/strong> pro <strong>Lovy s pohonem, v pohybu a sl\u00edd\u011bn\u00ed<\/strong>.<\/p>\n<p>Voliteln\u011b s <strong>NOVINKA,<\/strong> inteligentn\u011bj\u0161\u00ed <a title=\"NOVINKA DDoptics IFiber osv\u011btlen\u00e1 te\u010dka\" href=\"\/cs\/technicky-termin-wiki\/inteligentni-ddoptics-ifiber-light-point\/\" target=\"_blank\" rel=\"noopener noreferrer\">Sv\u011bteln\u00fd bod IFibre<\/a> s <strong>P\u0159\u00edplatek 99 \u20ac.<\/strong><\/p>","protected":false},"featured_media":25686,"comment_status":"open","ping_status":"closed","template":"","meta":{"inline_featured_image":false,"footnotes":""},"product_brand":[],"product_cat":[476,455,639,918,637,68],"product_tag":[164,78,80,79],"class_list":{"0":"post-1970","1":"product","2":"type-product","3":"status-publish","4":"has-post-thumbnail","6":"product_cat-15-6x42","7":"product_cat-42-mm-objektivdurchmesser","8":"product_cat-bewegungsjagd","9":"product_cat-v4-4fach-zoom","10":"product_cat-zf-anwendung","11":"product_cat-zielfernrohr","12":"product_tag-1-5-6x42","13":"product_tag-ddoptics","14":"product_tag-gen-3","15":"product_tag-zielfernrohr","16":"product_shipping_class-paket","17":"pa_brand-marke-ddoptics","18":"pa_produkt-typ-zielfernrohr","20":"first","21":"outofstock","22":"sale","23":"taxable","24":"shipping-taxable","25":"purchasable","26":"product-type-variable","27":"has-default-attributes"},"bundled_by":[],"bundle_stock_status":"outofstock","bundle_stock_quantity":null,"bundle_virtual":false,"bundle_layout":"","bundle_add_to_cart_form_location":"","bundle_editable_in_cart":false,"bundle_sold_individually_context":"","bundle_item_grouping":"","bundle_min_size":"","bundle_max_size":"","bundle_price":[],"bundled_items":[],"bundle_sell_ids":[],"_links":{"self":[{"href":"https:\/\/ddoptics.shop\/cs\/wp-json\/wp\/v2\/product\/1970","targetHints":{"allow":["GET"]}}],"collection":[{"href":"https:\/\/ddoptics.shop\/cs\/wp-json\/wp\/v2\/product"}],"about":[{"href":"https:\/\/ddoptics.shop\/cs\/wp-json\/wp\/v2\/types\/product"}],"replies":[{"embeddable":true,"href":"https:\/\/ddoptics.shop\/cs\/wp-json\/wp\/v2\/comments?post=1970"}],"version-history":[{"count":17,"href":"https:\/\/ddoptics.shop\/cs\/wp-json\/wp\/v2\/product\/1970\/revisions"}],"predecessor-version":[{"id":28600,"href":"https:\/\/ddoptics.shop\/cs\/wp-json\/wp\/v2\/product\/1970\/revisions\/28600"}],"wp:featuredmedia":[{"embeddable":true,"href":"https:\/\/ddoptics.shop\/cs\/wp-json\/wp\/v2\/media\/25686"}],"wp:attachment":[{"href":"https:\/\/ddoptics.shop\/cs\/wp-json\/wp\/v2\/media?parent=1970"}],"wp:term":[{"taxonomy":"product_brand","embeddable":true,"href":"https:\/\/ddoptics.shop\/cs\/wp-json\/wp\/v2\/product_brand?post=1970"},{"taxonomy":"product_cat","embeddable":true,"href":"https:\/\/ddoptics.shop\/cs\/wp-json\/wp\/v2\/product_cat?post=1970"},{"taxonomy":"product_tag","embeddable":true,"href":"https:\/\/ddoptics.shop\/cs\/wp-json\/wp\/v2\/product_tag?post=1970"}],"curies":[{"name":"wp","href":"https:\/\/api.w.org\/{rel}","templated":true}]}}