{"id":21141,"date":"2020-01-29T17:09:44","date_gmt":"2020-01-29T16:09:44","guid":{"rendered":"https:\/\/ddoptics.shop\/?post_type=product&#038;p=21141"},"modified":"2025-10-03T14:10:53","modified_gmt":"2025-10-03T12:10:53","slug":"puskohled-v6-5to30x50-gen-3-tactical-mildot-mrad","status":"publish","type":"product","link":"https:\/\/ddoptics.shop\/cs\/kaufen\/zielfernrohr-v6-5bis30x50-gen-3-tactical-mildot-mrad\/","title":{"rendered":"DDoptics Nighteagle 5-30\u00d750 Taktick\u00fd pu\u0161kohled | V6 | MilDot | Nastaven\u00ed MRAD - Gen 3"},"content":{"rendered":"<div class=\"container section-title-container\" ><h3 class=\"section-title section-title-normal\"><b aria-hidden=\"true\"><\/b><span class=\"section-title-main\" ><i class=\"icon-cross\" aria-hidden=\"true\"><\/i>Stru\u010dn\u00fd p\u0159ehled Nighteagle 5-30x50 Tactical od DDoptics<\/span><b aria-hidden=\"true\"><\/b><\/h3><\/div>\n<table style=\"background-color: #cacaca; width: 100%;\">\n<tbody>\n<tr style=\"height: 24px;\">\n<td style=\"height: 24px; width: 20%;\"><strong>Trubka:<\/strong><\/td>\n<td style=\"height: 24px; width: 30%;\">30 mm mono trubice<\/td>\n<td style=\"height: 24px; width: 20%;\"><strong>Zorn\u00e9 pole: m @100 m:<\/strong><\/td>\n<td style=\"height: 24px; width: 30%;\">7,2 - 1,1 m<\/td>\n<\/tr>\n<tr style=\"height: 24px;\">\n<td style=\"height: 24px; width: 20%;\"><strong>Optick\u00fd syst\u00e9m:<\/strong><\/td>\n<td style=\"height: 24px; width: 30%;\">5 a\u017e 30kr\u00e1t<\/td>\n<td style=\"height: 24px; width: 20%;\"><strong>Mezipupil\u00e1rn\u00ed vzd\u00e1lenost:<\/strong><\/td>\n<td style=\"height: 24px; width: 30%;\">90,5 mm<\/td>\n<\/tr>\n<tr style=\"height: 24px;\">\n<td style=\"height: 24px; width: 20%;\"><strong>C\u00edl:<\/strong><\/td>\n<td style=\"height: 24px; width: 30%;\">50 mm<\/td>\n<td style=\"height: 24px; width: 20%;\"><strong>D\u00e9lka:<\/strong><\/td>\n<td style=\"height: 24px; width: 30%;\">348 mm<\/td>\n<\/tr>\n<tr style=\"height: 24px;\">\n<td style=\"height: 24px; width: 20%;\"><a href=\"https:\/\/de.wikipedia.org\/wiki\/Absehen\" target=\"_blank\" rel=\"noopener noreferrer\"><strong>Zam\u011b\u0159ova\u010d:<\/strong><\/a><\/td>\n<td style=\"height: 24px; width: 30%;\">MilDot<\/td>\n<td style=\"height: 24px; width: 20%;\"><strong>Hmotnost:<\/strong><\/td>\n<td style=\"height: 24px; width: 30%;\">\u00a0742 g<\/td>\n<\/tr>\n<tr style=\"height: 24px;\">\n<td style=\"height: 24px; width: 20%;\"><strong>Sv\u011bteln\u00fd bod<\/strong><\/td>\n<td style=\"height: 24px; width: 30%;\">LP 2 nebo iFibre<\/td>\n<td style=\"height: 24px; width: 20%;\"><strong>Ochrana proti zaml\u017eov\u00e1n\u00ed:<\/strong><\/td>\n<td style=\"height: 24px; width: 30%;\">Dus\u00edkov\u00e1 n\u00e1pl\u0148 proti zaml\u017een\u00ed<\/td>\n<\/tr>\n<tr style=\"height: 24px;\">\n<td style=\"height: 24px; width: 20%;\"><strong>Zaost\u0159en\u00ed\/paralaxa:<\/strong><\/td>\n<td style=\"height: 24px; width: 30%;\">Nastaviteln\u00fd objektiv 20 m a\u017e nekone\u010dno<\/td>\n<td style=\"height: 24px; width: 20%;\"><strong>\u00a0T\u011bsnost:<\/strong><\/td>\n<td style=\"height: 24px; width: 30%;\">Odolnost v\u016f\u010di vod\u011b a n\u00e1raz\u016fm<\/td>\n<\/tr>\n<\/tbody>\n<\/table>\n<div class=\"row\"  id=\"row-815673785\">\n\n\t<div id=\"col-1722885841\" class=\"col medium-8 small-12 large-8\"  >\n\t\t\t\t<div class=\"col-inner\"  >\n\t\t\t\n\t\t\t\n<h2>DDoptics Nighteagle 5-30\u00d750 V6 Tactical riflescope - pu\u0161kohled s 6x zoomem, nastaven\u00edm MRAD click a MilDot zam\u011b\u0159ova\u010dem - Gen 3<\/h2>\n<p>Na str\u00e1nk\u00e1ch <strong>Pu\u0161kohled DDoptics V6 5-30\u00d750 Tactical Gen 3 <\/strong>s taktick\u00fdm zam\u011b\u0159ova\u010dem a <a href=\"https:\/\/ddoptics.shop\/cs\/obchod\/teleskopicky-zamerovac-2\/nastaveni-kliknutim-na-mrad\/\" target=\"_blank\" rel=\"noopener noreferrer\">\u00daprava MRAD<\/a> je vysoce v\u00fdkonn\u00fd optick\u00fd p\u0159\u00edstroj s \u0161estin\u00e1sobn\u00fdm zoomem - navr\u017een\u00fd s ohledem na<strong> Taktick\u00e9 zam\u011b\u0159ovac\u00ed v\u011b\u017ei\u010dky<\/strong>. Byl a je vyv\u00edjen spole\u010dn\u011b s <strong>nejlep\u0161\u00ed v\u00fdvoj\u00e1\u0159i<\/strong> navr\u017een\u00e9 v Japonsku.<\/p>\n<p><span class=\"userContent\">Poprv\u00e9 na tomto ZF se objevuje nov\u00fd <strong>Vyvinut\u00fd typ skla CT (\u010dir\u00e9 p\u0159enosov\u00e9 sklo)<\/strong> instalovan\u00e9 spole\u010dnost\u00ed DDoptics. V budoucnu <strong>DDoptics nab\u00edz\u00ed tuto kvalitu \u010do\u010dek pro v\u0161echny Gen 3<\/strong> Instalace pu\u0161kohled\u016f.<\/span><\/p>\n<p><span class=\"userContent\">Sklo CT nab\u00edz\u00ed jasn\u011bj\u0161\u00ed z\u00e1kladn\u00ed b\u00edlou barvu a z\u00e1\u0159\u00ed.<strong> lep\u0161\u00ed barevn\u00e9 kontrasty, je\u0161t\u011b v\u011bt\u0161\u00ed jas<\/strong> a v\u00fdrazn\u011b ni\u017e\u0161\u00ed ztr\u00e1ty a chromatick\u00e9 aberace.<\/span><\/p>\n<p>Na str\u00e1nk\u00e1ch <strong>Stabiln\u00ed tlou\u0161\u0165ka st\u011bny trubky 2 mm<\/strong> je vy\u0161\u0161\u00ed ne\u017e vojensk\u00fd standard. Dv\u011b nastavovac\u00ed v\u011b\u017ee se skl\u00e1daj\u00ed z <strong>Hlin\u00edkov\u00e1 slitina - bez plastov\u00fdch \u010d\u00e1st\u00ed<\/strong>. V\u0161echny hlin\u00edkov\u00e9 d\u00edly jsou pota\u017eeny nov\u00fdm <strong>DDoptics jemn\u011b \u010dern\u011b eloxovan\u00fd povlak<\/strong> za p\u0159edpokladu, \u017ee.<\/p>\n<p>P\u0159esn\u011b definovan\u00e9, p\u0159esn\u00e9 a pevn\u011b proveden\u00e9 nastaven\u00ed v\u011b\u017e\u00ed T-click zaru\u010duje absolutn\u00ed opakovatelnou p\u0159esnost.<\/p>\n\t\t<\/div>\n\t\t\t\t\t<\/div>\n\n\t\n\n\t<div id=\"col-1181404822\" class=\"col medium-4 small-12 large-4\"  >\n\t\t\t\t<div class=\"col-inner\"  >\n\t\t\t\n\t\t\t\n<a class=\"button primary expand\" >\n\t\t<span>Speci\u00e1ln\u00ed funkce pu\u0161kohledu<\/span>\n\t<\/a>\n\n\n\t<section class=\"section\" id=\"section_1687057208\">\n\t\t<div class=\"section-bg fill\" >\n\t\t\t\t\t\t\t\t\t<div class=\"section-bg-overlay absolute fill\"><\/div>\n\t\t\t\n\n\t\t<\/div>\n\n\t\t\n\n\t\t<div class=\"section-content relative\">\n\t\t\t\n\t<div class=\"img has-hover x md-x lg-x y md-y lg-y\" id=\"image_1987190447\">\n\t\t<a class=\"\" href=\"https:\/\/www.ddoptics.de\/garantiebestimmungen\" target=\"_blank\" rel=\"no follow noopener\">\t\t\t\t\t\t<div class=\"img-inner dark\" >\n\t\t\t<img decoding=\"async\" width=\"352\" height=\"160\" src=\"https:\/\/ddoptics.shop\/wp-content\/uploads\/2014\/09\/DDoptics-Garantie.jpg\" class=\"attachment-large size-large\" alt=\"Z\u00e1ruka DDoptics\" srcset=\"https:\/\/ddoptics.shop\/wp-content\/uploads\/2014\/09\/DDoptics-Garantie.jpg 352w, https:\/\/ddoptics.shop\/wp-content\/uploads\/2014\/09\/DDoptics-Garantie-304x138.jpg 304w, https:\/\/ddoptics.shop\/wp-content\/uploads\/2014\/09\/DDoptics-Garantie-305x139.jpg 305w, https:\/\/ddoptics.shop\/wp-content\/uploads\/2014\/09\/DDoptics-Garantie-250x114.jpg 250w\" sizes=\"(max-width: 352px) 100vw, 352px\" title=\"\">\t\t\t\t\t\t\n\t\t\t\t\t<\/div>\n\t\t\t\t\t\t<\/a>\t\t\n<style>\n#image_1987190447 {\n  width: 100%;\n}\n<\/style>\n\t<\/div>\n\t\n\t<div id=\"gap-1563269237\" class=\"gap-element clearfix\" style=\"display:block; height:auto;\">\n\t\t\n<style>\n#gap-1563269237 {\n  padding-top: 15px;\n}\n<\/style>\n\t<\/div>\n\t\n\t<div id=\"text-2747373107\" class=\"text\">\n\t\t\n<p><span style=\"font-size: 80%;\"><em>\u21d2 <strong>\u00daprava MRAD 1 cm na 100 m<br \/>\n<\/strong>\u21d2 MilDot nebo duplexn\u00ed zam\u011b\u0159ova\u010d<\/em><\/span><br \/>\n<span style=\"font-size: 80%;\"><em>\u21d2 krou\u017eek nulov\u00e9ho dorazu \/ nulov\u00fd doraz pro nastaven\u00ed v\u00fd\u0161ky<\/em><\/span><br \/>\n<span style=\"font-size: 80%;\"><em>\u21d2 NOVINKA: voliteln\u00fd osv\u011btlen\u00fd bod IFiber<\/em><\/span><br \/>\n<span style=\"font-size: 80%;\"><em>\u21d2 opa\u010dn\u00e9 v\u00e1hy V\u00e1hy (v\u00edtr zleva doprava)<\/em><\/span><br \/>\n<span style=\"font-size: 80%;\"><em>\u21d2 30 let z\u00e1ruky DDoptics<\/em><\/span><br \/>\n<span style=\"font-size: 80%;\"><em>\u21d2 zam\u011b\u0159ova\u010d MilDot: 2. rovina obrazu<\/em><\/span><br \/>\n<span style=\"font-size: 80%;\"><em>\u21d2 P\u0159esnost absolutn\u00edho v\u00fdnosu<\/em><\/span><br \/>\n<span style=\"font-size: 80%;\"><em>\u21d2 extr\u00e9mn\u00ed propustnost sv\u011btla a\u017e 94,7%<\/em><\/span><br \/>\n<span style=\"font-size: 80%;\"><em>\u21d2 sv\u011bteln\u00fd bod ze sklen\u011bn\u00fdch vl\u00e1ken<\/em><\/span><br \/>\n<span style=\"font-size: 80%;\"><em>\u21d2 Test odolnosti proti v\u00fdst\u0159elu: 375H&amp;H 1000 v\u00fdst\u0159el\u016f<\/em><\/span><br \/>\n<span style=\"font-size: 80%;\"><em>\u21d2 funkce dalekohledu d\u00edky velk\u00e9mu zv\u011bt\u0161en\u00ed<\/em><\/span><br \/>\n<span style=\"font-size: 80%;\"><em>\u21d2 plynule nastaviteln\u00e1 kompenzace paralaxy<\/em><\/span><br \/>\n<span style=\"font-size: 80%;\"><em>\u21d2 mo\u017enost velmi dlouh\u00fdch z\u00e1b\u011br\u016f<\/em><\/span><\/p>\n\t\t\n<style>\n#text-2747373107 {\n  line-height: 1.15;\n  color: rgb(33, 107, 227);\n}\n#text-2747373107 > * {\n  color: rgb(33, 107, 227);\n}\n<\/style>\n\t<\/div>\n\t\n\t\t<\/div>\n\n\t\t\n<style>\n#section_1687057208 {\n  padding-top: 30px;\n  padding-bottom: 30px;\n  background-color: rgb(232, 232, 232);\n}\n#section_1687057208 .section-bg-overlay {\n  background-color: rgba(255,255,255,.5);\n}\n<\/style>\n\t<\/section>\n\t\n<div class=\"is-divider divider clearfix\" ><\/div>\n\t\t<\/div>\n\t\t\t\t\t<\/div>\n\n\t\n<\/div>\n<h3>Se\u0159izovac\u00ed v\u011b\u017ei\u010dky Rychl\u00e9 nastaven\u00ed pomoc\u00ed dvou\u0159ad\u00e9 stupnice na pu\u0161kohledu 5-30\u00d750<\/h3>\n<figure id=\"attachment_21169\" aria-describedby=\"caption-attachment-21169\" style=\"width: 500px\" class=\"wp-caption alignright\"><img decoding=\"async\" class=\"size-full wp-image-21169\" src=\"https:\/\/ddoptics.shop\/wp-content\/uploads\/2020\/01\/ddoptics-tacticalasv.jpg\" alt=\"DDoptics taktick\u00e9 nastaven\u00ed asv\" width=\"500\" height=\"150\" title=\"\" srcset=\"https:\/\/ddoptics.shop\/wp-content\/uploads\/2020\/01\/ddoptics-tacticalasv.jpg 500w, https:\/\/ddoptics.shop\/wp-content\/uploads\/2020\/01\/ddoptics-tacticalasv-304x91.jpg 304w, https:\/\/ddoptics.shop\/wp-content\/uploads\/2020\/01\/ddoptics-tacticalasv-305x92.jpg 305w, https:\/\/ddoptics.shop\/wp-content\/uploads\/2020\/01\/ddoptics-tacticalasv-422x127.jpg 422w, https:\/\/ddoptics.shop\/wp-content\/uploads\/2020\/01\/ddoptics-tacticalasv-250x75.jpg 250w\" sizes=\"(max-width: 500px) 100vw, 500px\" \/><figcaption id=\"caption-attachment-21169\" class=\"wp-caption-text\">Rychl\u00e9 nastaven\u00ed pomoc\u00ed protilehl\u00fdch stupnic<\/figcaption><\/figure>\n<p>Novinka: Na <strong>Nastaven\u00ed v\u00fd\u0161ky<\/strong> umo\u017e\u0148uje <strong>dvojit\u00e1 stupnice<\/strong> po\u010det vyroben\u00fdch<strong> \u00dapravy kliknut\u00edm<\/strong> p\u0159e\u010d\u00edst a nastavit.\u00a0 <strong>Po spu\u0161t\u011bn\u00ed<\/strong> na <strong>Nastaven\u00ed zam\u011b\u0159ova\u010de <\/strong>op\u011bt jednoduch\u00e9<strong> nastavit na nulu<\/strong>.<\/p>\n<p>Za t\u00edmto \u00fa\u010delem jednodu\u0161e uvoln\u011bte pojistku na v\u011b\u017ei pomoc\u00ed mince nebo \u0161roubov\u00e1ku. Str\u00e1nka <strong>Nastaven\u00ed nuly<\/strong> pomoc\u00ed <strong>Zerostop \/ nulov\u00e1 zast\u00e1vka<\/strong> proti\u00faderem zespodu se zastav\u00ed na nulov\u00e9 pozici.<\/p>\n<p>Na str\u00e1nk\u00e1ch <strong>Bo\u010dn\u00ed nastaven\u00ed <\/strong>je vybaven dv\u011bma<strong> protilehl\u00e9 v\u00e1hy<\/strong> ozna\u010den\u00e9. Po\u010d\u00ednaje nulov\u00fdm nastaven\u00edm se <strong>Sm\u011br a s\u00edla v\u011btru<\/strong>, nebo lze p\u0159ednastavit mo\u017en\u00fd pohyb c\u00edle.<\/p>\n<h3>DDoptics Tactical <a href=\"https:\/\/de.wikipedia.org\/wiki\/Absehen\" target=\"_blank\" rel=\"noopener sponsored\" data-schema-attribute=\"\">Osv\u011btlen\u00fd zam\u011b\u0159ova\u010d MilDot<\/a> na 2. obrazov\u00e9 rovin\u011b<\/h3>\n<p>Na str\u00e1nk\u00e1ch <strong>Pu\u0161kohled V6 5-30\u00d750 Tactical MRAD<\/strong> m\u00e1 v obrazov\u00e9 rovin\u011b okul\u00e1ru ( 2. obrazov\u00e1 rovina ) Mildot\u016fv zam\u011b\u0159ova\u010d standardizovan\u00fd na 10n\u00e1sobn\u00e9 zv\u011bt\u0161en\u00ed. To znamen\u00e1, \u017ee p\u0159i zm\u011bn\u011b zv\u011bt\u0161en\u00ed z\u016fst\u00e1v\u00e1 v\u017edy stejn\u011b velk\u00fd. Dokonce i p\u0159i 30n\u00e1sobn\u00e9m zv\u011bt\u0161en\u00ed <strong>Zam\u011b\u0159ova\u010d c\u00edle pouze 1,8 mm<\/strong> na vzd\u00e1lenost st\u0159elby 100 m a zorn\u00e9 pole p\u0159i tomto maxim\u00e1ln\u00edm zv\u011bt\u0161en\u00ed je na 100 m st\u00e1le 1,1 m. Optick\u00fd zam\u011b\u0159ova\u010d umo\u017e\u0148uje bleskurychl\u00e9 zam\u00ed\u0159en\u00ed. Zam\u011b\u0159ova\u010d se nastavuje s\u00e1m <strong>na kliknut\u00ed o 0,1 MRAD<\/strong>, tak\u017ee kolem <strong>1 cm na 100 m<\/strong>. To odpov\u00edd\u00e1 zm\u011bn\u011b m\u00edsta dopadu p\u0159ibli\u017en\u011b o 3 cm na jedno kliknut\u00ed na vzd\u00e1lenost 300 metr\u016f.<\/p>\n<p><strong>Celkov\u00fd rozsah nastaven\u00ed:<\/strong><\/p>\n<ul>\n<li>165 kliknut\u00ed<\/li>\n<li>odpov\u00edd\u00e1 16,5 MRAD<\/li>\n<li>odpov\u00edd\u00e1 8,25 MRAD na str\u00e1nku<\/li>\n<\/ul>\n<h3>Pu\u0161kohled 5-30\u00d750 - Optick\u00fd v\u00fdkon c\u00edlov\u00e9 optiky<\/h3>\n<p>Propracovan\u00e9 odm\u011b\u0148ov\u00e1n\u00ed umo\u017e\u0148uje <strong>V\u016fbec \u017e\u00e1dn\u00e9 reflexy<\/strong> <strong>nebo rozpt\u00fdlen\u00e9ho sv\u011btla<\/strong> na. Dokonce i s <strong>30n\u00e1sobn\u00e9 zv\u011bt\u0161en\u00ed<\/strong> uvid\u00edte vysoce kontrastn\u00ed a <strong>v\u011brn\u00fd barevn\u00fd obraz<\/strong> s <strong>vynikaj\u00edc\u00ed vlastnosti definice okraj\u016f<\/strong>.<\/p>\n<h3>Vizualizace p\u0159ibl\u00ed\u017een\u00fdch oblast\u00ed a kompenzace paralaxy<\/h3>\n<p>Taktick\u00fd dalekohled Nighteagle 5-30\u00d750 je ostr\u00fd od 12 metr\u016f p\u0159i p\u011btin\u00e1sobn\u00e9m zv\u011bt\u0161en\u00ed a od 25 metr\u016f p\u0159i t\u0159icetin\u00e1sobn\u00e9m zv\u011bt\u0161en\u00ed.<\/p>\n<h3>Jemn\u011b stm\u00edvateln\u00fd sv\u011bteln\u00fd bod s rozsahem no\u010dn\u00edho vid\u011bn\u00ed<\/h3>\n<p>Na str\u00e1nk\u00e1ch <strong>Sv\u011bteln\u00fd bod ze sklen\u011bn\u00fdch vl\u00e1ken<\/strong> Osv\u011btlen\u00fd ter\u010d\u00edk je tak mal\u00fd, \u017ee je vid\u011bt pouze na prvn\u00ed pohled.<strong> nejni\u017e\u0161\u00ed mo\u017en\u00e9 c\u00edlov\u00e9 pokryt\u00ed<\/strong> p\u0159ich\u00e1z\u00ed. Sv\u011bteln\u00fd bod lze plynule ztlumit o 100 %, dokud jej lidsk\u00e9 oko nep\u0159ehl\u00e9dne.<\/p>\n<p>S <strong>aktivovan\u00e1 sv\u00edt\u00edc\u00ed te\u010dka<\/strong> V optice zase nedoch\u00e1z\u00ed k nep\u0159\u00edjemn\u00e9mu sv\u00edcen\u00ed nebo odraz\u016fm. Vzhledem k tomu, \u017ee <strong>Ru\u010dn\u011b vyr\u00e1b\u011bn\u00e1 lehk\u00e1 jednotka<\/strong> speci\u00e1ln\u00ed po\u017eadavky z\u00e1kazn\u00edk\u016f lze zohlednit individu\u00e1ln\u011b.<\/p>\n<h3>Robustn\u00ed zpracov\u00e1n\u00ed, jednoduch\u00e1 instalace<\/h3>\n<p>Na str\u00e1nk\u00e1ch <strong>Pln\u011bn\u00ed dus\u00edkem<\/strong> pu\u0161kohledu Nighteagle 5-30\u00d750 Tactical umo\u017e\u0148uje <strong>Vodot\u011bsnost<\/strong> (0,3 kg\/cm2) a chr\u00e1n\u00ed p\u0159ed vnit\u0159n\u00edm zaml\u017eov\u00e1n\u00edm. <strong>Nejhrub\u0161\u00ed pou\u017eit\u00ed<\/strong> nem\u016f\u017ee po\u0161kodit teleskopick\u00fd zam\u011b\u0159ova\u010d, kter\u00fd je vyroben z duralu (70 %), mosazi (20 %) a oceli (10 %).<\/p>\n<p><strong>D\u016fle\u017eit\u00e9:<\/strong> Na str\u00e1nk\u00e1ch <strong>Odolnost proti n\u00e1razu<\/strong> je 1 000 G nebo 6 500 joul\u016f. Optick\u00fd zam\u011b\u0159ova\u010d z\u016fst\u00e1v\u00e1 <strong>extr\u00e9mn\u00ed teploty<\/strong> pln\u011b funk\u010dn\u00ed (+80 stup\u0148\u016f Celsia a\u017e min. -20 stup\u0148\u016f Celsia).<\/p>\n<h3>Nastaven\u00ed mezipupil\u00e1rn\u00ed vzd\u00e1lenosti a dioptri\u00ed<\/h3>\n<p>Na str\u00e1nk\u00e1ch <strong>Mezipupil\u00e1rn\u00ed vzd\u00e1lenost<\/strong> je 89 mm, co\u017e usnad\u0148uje pou\u017eit\u00ed s v\u011bt\u0161\u00edmi kalibry. Pro cel\u00fd rozsah zv\u011bt\u0161en\u00ed sta\u010d\u00ed pouze t\u0159i \u010dtvrtiny ot\u00e1\u010dky.<\/p>","protected":false},"excerpt":{"rendered":"<p><img decoding=\"async\" class=\"alignnone wp-image-10452 size-full\" title=\"St\u0159elba na ter\u010d\" src=\"https:\/\/ddoptics.shop\/wp-content\/uploads\/2016\/07\/Target-Schiessen.jpg\" alt=\"Sportovn\u00ed st\u0159elba na dlouh\u00e9 vzd\u00e1lenosti\" width=\"50\" height=\"50\" \/><img decoding=\"async\" class=\"alignnone wp-image-10180 size-full\" title=\"Dalekohledy pro horskou turistiku\" src=\"https:\/\/ddoptics.shop\/wp-content\/uploads\/2016\/04\/Bergwandern-klein.jpg\" alt=\"Dalekohledy pro horskou turistiku\" width=\"50\" height=\"50\" \/><br \/>\nNov\u00fd <strong>Optika pro sportovn\u00ed st\u0159elbu s MRAD a <span style=\"color: #ff0000;\"><strong><span class=\"userContent\">Sklo typu CT (Clear-Transmission) od DDoptics<\/span><\/strong><\/span>. <\/strong>Voliteln\u011b s inteligentn\u00edm<strong> <a title=\"NOVINKA DDoptics IFiber osv\u011btlen\u00e1 te\u010dka\" href=\"\/cs\/technicky-termin-wiki\/inteligentni-ddoptics-ifiber-light-point\/\" target=\"_blank\" rel=\"noopener noreferrer\">Sv\u011bteln\u00fd bod IFibre<\/a><\/strong> pro <strong>pouze 99,- \u20ac p\u0159\u00edplatek.<\/strong><i class=\"delivery--status-icon delivery--status-more-is-coming\"><\/i><\/p>\n<a href=\"https:\/\/amzn.to\/3AMUzO6\" target=\"_blank\" class=\"button success is-success is-small\" rel=\"\u201dnofollow\u201d noopener\" >\n\t\t<span>z\u00e1kazn\u00edk amazonu? - vyu\u017e\u00edv\u00e1te v\u00fdhody prime?<\/span>\n\t<\/a>","protected":false},"featured_media":21176,"comment_status":"open","ping_status":"closed","template":"","meta":{"inline_featured_image":false,"footnotes":""},"product_brand":[],"product_cat":[480,453,697,641,919,637,68],"product_tag":[587,78,80,940,1098,79],"class_list":{"0":"post-21141","1":"product","2":"type-product","3":"status-publish","4":"has-post-thumbnail","6":"product_cat-5-30x50","7":"product_cat-50-mm-objektivdurchmesser","8":"product_cat-mrad-klickverstellung","9":"product_cat-sportschiessen","10":"product_cat-v6-6-fach-zoom","11":"product_cat-zf-anwendung","12":"product_cat-zielfernrohr","13":"product_tag-5-30x50","14":"product_tag-ddoptics","15":"product_tag-gen-3","16":"product_tag-mrad-zielfernrohr","17":"product_tag-nighteagle","18":"product_tag-zielfernrohr","19":"product_shipping_class-paket","20":"pa_brand-marke-ddoptics","21":"pa_produkt-typ-zielfernrohr","23":"first","24":"instock","25":"sale","26":"taxable","27":"shipping-taxable","28":"purchasable","29":"product-type-bundle"},"bundled_by":[],"bundle_stock_status":"instock","bundle_stock_quantity":44,"bundle_virtual":false,"bundle_layout":"default","bundle_add_to_cart_form_location":"default","bundle_editable_in_cart":false,"bundle_sold_individually_context":"product","bundle_item_grouping":"parent","bundle_min_size":"","bundle_max_size":"","bundle_price":{"price":{"min":{"incl_tax":"1042.01","excl_tax":"868.34"},"max":{"incl_tax":"1146.32","excl_tax":"955.26"}},"regular_price":{"min":{"incl_tax":"1158.01","excl_tax":"965.01"},"max":{"incl_tax":"1273.9","excl_tax":"1061.58"}}},"bundled_items":[{"bundled_item_id":83,"product_id":12809,"menu_order":0,"quantity_min":1,"quantity_max":1,"quantity_default":1,"priced_individually":true,"shipped_individually":false,"override_title":true,"title":"","override_description":false,"description":"","optional":false,"hide_thumbnail":true,"discount":"","override_variations":true,"allowed_variations":[12810,12811],"override_default_variation_attributes":false,"default_variation_attributes":[],"single_product_visibility":"visible","cart_visibility":"visible","order_visibility":"visible","single_product_price_visibility":"visible","cart_price_visibility":"visible","order_price_visibility":"visible","stock_status":"in_stock"},{"bundled_item_id":84,"product_id":12812,"menu_order":1,"quantity_min":1,"quantity_max":1,"quantity_default":1,"priced_individually":true,"shipped_individually":false,"override_title":true,"title":"T\u00e9m\u011b\u0159 d\u00e1rek - flipov\u00e9 \u010depice","override_description":false,"description":"","optional":true,"hide_thumbnail":false,"discount":"68.55","override_variations":true,"allowed_variations":[12820],"override_default_variation_attributes":true,"default_variation_attributes":[{"id":17,"name":"Velikost pu\u0161kohledu","option":"5-30x50"}],"single_product_visibility":"visible","cart_visibility":"visible","order_visibility":"visible","single_product_price_visibility":"visible","cart_price_visibility":"visible","order_price_visibility":"visible","stock_status":"in_stock"}],"bundle_sell_ids":[],"_links":{"self":[{"href":"https:\/\/ddoptics.shop\/cs\/wp-json\/wp\/v2\/product\/21141","targetHints":{"allow":["GET"]}}],"collection":[{"href":"https:\/\/ddoptics.shop\/cs\/wp-json\/wp\/v2\/product"}],"about":[{"href":"https:\/\/ddoptics.shop\/cs\/wp-json\/wp\/v2\/types\/product"}],"replies":[{"embeddable":true,"href":"https:\/\/ddoptics.shop\/cs\/wp-json\/wp\/v2\/comments?post=21141"}],"version-history":[{"count":34,"href":"https:\/\/ddoptics.shop\/cs\/wp-json\/wp\/v2\/product\/21141\/revisions"}],"predecessor-version":[{"id":29150,"href":"https:\/\/ddoptics.shop\/cs\/wp-json\/wp\/v2\/product\/21141\/revisions\/29150"}],"wp:featuredmedia":[{"embeddable":true,"href":"https:\/\/ddoptics.shop\/cs\/wp-json\/wp\/v2\/media\/21176"}],"wp:attachment":[{"href":"https:\/\/ddoptics.shop\/cs\/wp-json\/wp\/v2\/media?parent=21141"}],"wp:term":[{"taxonomy":"product_brand","embeddable":true,"href":"https:\/\/ddoptics.shop\/cs\/wp-json\/wp\/v2\/product_brand?post=21141"},{"taxonomy":"product_cat","embeddable":true,"href":"https:\/\/ddoptics.shop\/cs\/wp-json\/wp\/v2\/product_cat?post=21141"},{"taxonomy":"product_tag","embeddable":true,"href":"https:\/\/ddoptics.shop\/cs\/wp-json\/wp\/v2\/product_tag?post=21141"}],"curies":[{"name":"wp","href":"https:\/\/api.w.org\/{rel}","templated":true}]}}