{"id":23245,"date":"2020-08-12T10:24:47","date_gmt":"2020-08-12T08:24:47","guid":{"rendered":"https:\/\/ddoptics.shop\/?post_type=product&#038;p=23245"},"modified":"2025-10-03T14:12:14","modified_gmt":"2025-10-03T12:12:14","slug":"puskohled-nighteagle-5-30x50-v6-a4n-mrad-gen-3","status":"publish","type":"product","link":"https:\/\/ddoptics.shop\/cs\/kaufen\/zielfernrohr-nighteagle-5-30x50-v6-a4n-mrad-gen-3\/","title":{"rendered":"Pu\u0161kohled DDoptics Nighteagle 5-30\u00d750 | V6 | A4N | MRAD adjustment - Gen 3"},"content":{"rendered":"<div class=\"container section-title-container\" ><h3 class=\"section-title section-title-normal\"><b aria-hidden=\"true\"><\/b><span class=\"section-title-main\" ><i class=\"icon-cross\" aria-hidden=\"true\"><\/i>Stru\u010dn\u00fd p\u0159ehled pu\u0161kohledu Nighteagle 5-30x50 od DDoptics<\/span><b aria-hidden=\"true\"><\/b><\/h3><\/div>\n<table style=\"background-color: #cacaca; width: 100%;\">\n<tbody>\n<tr style=\"height: 24px;\">\n<td style=\"height: 24px; width: 20%;\">Trubka<\/td>\n<td style=\"height: 24px; width: 30%;\">30 mm mono trubice<\/td>\n<td style=\"height: 24px; width: 20%;\">Zorn\u00e9 pole: m @100 m<\/td>\n<td style=\"height: 24px; width: 30%;\">7,2 - 1,1 m<\/td>\n<\/tr>\n<tr style=\"height: 24px;\">\n<td style=\"height: 24px; width: 20%;\">Optick\u00fd syst\u00e9m<\/td>\n<td style=\"height: 24px; width: 30%;\">5-30n\u00e1sobek<\/td>\n<td style=\"height: 24px; width: 20%;\">Mezipupil\u00e1rn\u00ed vzd\u00e1lenost<\/td>\n<td style=\"height: 24px; width: 30%;\">90,5 mm - 91,5 mm<\/td>\n<\/tr>\n<tr style=\"height: 24px;\">\n<td style=\"height: 24px; width: 20%;\">Objektiv<\/td>\n<td style=\"height: 24px; width: 30%;\">50 mm<\/td>\n<td style=\"height: 24px; width: 20%;\">D\u00e9lka<\/td>\n<td style=\"height: 24px; width: 30%;\">348 mm<\/td>\n<\/tr>\n<tr style=\"height: 24px;\">\n<td style=\"height: 24px; width: 20%;\">S\u00ed\u0165ka<\/td>\n<td style=\"height: 24px; width: 30%;\">Nov\u00fd zam\u011b\u0159ova\u010d 4 - lov<\/td>\n<td style=\"height: 24px; width: 20%;\">Hmotnost<\/td>\n<td style=\"height: 24px; width: 30%;\">\u00a0742 g<\/td>\n<\/tr>\n<tr style=\"height: 24px;\">\n<td style=\"height: 24px; width: 20%;\">Sv\u011bteln\u00fd bod<\/td>\n<td style=\"height: 24px; width: 30%;\">LP 2 nebo iFibre<\/td>\n<td style=\"height: 24px; width: 20%;\">Ochrana proti zaml\u017eov\u00e1n\u00ed<\/td>\n<td style=\"height: 24px; width: 30%;\">Dus\u00edkov\u00e1 n\u00e1pl\u0148 proti zaml\u017een\u00ed<\/td>\n<\/tr>\n<tr style=\"height: 24px;\">\n<td style=\"height: 24px; width: 20%;\">Zaost\u0159en\u00ed\/paralaxa<\/td>\n<td style=\"height: 24px; width: 30%;\">Nastaviteln\u00fd objektiv 20 m a\u017e nekone\u010dno<\/td>\n<td style=\"height: 24px; width: 20%;\">\u00a0T\u011bsnost<\/td>\n<td style=\"height: 24px; width: 30%;\">Odolnost v\u016f\u010di vod\u011b a n\u00e1raz\u016fm<\/td>\n<\/tr>\n<\/tbody>\n<\/table>\n<div class=\"row\"  id=\"row-155762986\">\n\n\t<div id=\"col-1626137882\" class=\"col medium-8 small-12 large-8\"  >\n\t\t\t\t<div class=\"col-inner\"  >\n\t\t\t\n\t\t\t\n<h2>Pu\u0161kohled DDoptics Nighteagle 5-30\u00d750 V6 - v\u00fdkonn\u00fd pu\u0161kohled s 6\u00d7 zoomem pro p\u0159esn\u00fd lov na velk\u00e9 vzd\u00e1lenosti a loveck\u00fd design<\/h2>\n<p>Na <strong>Teleskopick\u00fd zam\u011b\u0159ova\u010d\u00a0<\/strong>Nighteagle\u00a0<strong>5-30\u00d750 \u201cloveck\u00fd<\/strong>\u201d je vysoce v\u00fdkonn\u00fd optick\u00fd syst\u00e9m s <a href=\"https:\/\/ddoptics.shop\/cs\/obchod\/teleskopicky-zamerovac-2\/v6-6x-zoom\/\" target=\"_blank\" rel=\"noopener noreferrer\">6x zoom<\/a> a inovativn\u00ed technologie. D\u00edky robustn\u00edm st\u011bn\u00e1m r\u00e1mu o tlou\u0161\u0165ce 2 mm je tento vzhled je\u0161t\u011b lep\u0161\u00ed.<strong> nad vojensk\u00fdm standardem.<\/strong><\/p>\n<p>Mal\u00e9, diskr\u00e9tn\u00ed v\u011b\u017ei\u010dky pro nastaven\u00ed zam\u011b\u0159ova\u010de jsou vyrobeny z hlin\u00edkov\u00e9 slitiny a neobsahuj\u00ed \u017e\u00e1dn\u00e9 plastov\u00e9 d\u00edly.<\/p>\n<p>Na str\u00e1nk\u00e1ch<strong> Loveck\u00e1 verze taktick\u00e9ho optick\u00e9ho zam\u011b\u0159ova\u010de<\/strong> m\u00e1 tak\u00e9 stejn\u00fd, p\u0159esn\u011b stejn\u00fd <strong>Definovan\u00e9, p\u0159esn\u00e9 a pevn\u011b proveden\u00e9 taktick\u00e9 nastaven\u00ed kliknut\u00edm,<\/strong> a zaru\u010duje tak absolutn\u00ed p\u0159esnost a opakovatelnost.<\/p>\n<p>5-30\u00d750 - dokonal\u00fd pu\u0161kohled pro lov na velk\u00e9 vzd\u00e1lenosti<\/p>\n<h3>ZF 5-30\u00d750 m\u00e1 velk\u00e9 zv\u011bt\u0161en\u00ed - i p\u0159i slab\u00e9m osv\u011btlen\u00ed<\/h3>\n<p>Na str\u00e1nk\u00e1ch <strong>Lov na velk\u00fdch pol\u00edch je pro ter\u010dovou optiku v\u00fdzvou.<\/strong> hodn\u011b. Velk\u00e9 zv\u011bt\u0161en\u00ed umo\u017e\u0148uje spolehliv\u011b reagovat na velk\u00e9 vzd\u00e1lenosti, ale je d\u016fle\u017eit\u00e9, aby jas obrazu byl pou\u017eiteln\u00fd i p\u0159i velk\u00e9m zv\u011bt\u0161en\u00ed.<\/p>\n<p>Pr\u00e1v\u011b za t\u00edmto \u00fa\u010delem je na\u0161e<strong> Loveck\u00e1 optika 5-30\u00d750<\/strong> vytvo\u0159eno.<\/p>\n<p>Na str\u00e1nk\u00e1ch<strong> nen\u00e1padn\u00fd loveck\u00fd design<\/strong> diskr\u00e9tn\u011b skr\u00fdv\u00e1 v\u00fdkon pu\u0161kohledu. Mal\u00e9 v\u011b\u017ei\u010dky pro nastaven\u00ed zam\u011b\u0159ova\u010de si z hlediska pou\u017eitelnosti v ni\u010dem nezadaj\u00ed s velk\u00fdmi v\u011b\u017ei\u010dkami pro taktick\u00e9 nastaven\u00ed.<\/p>\n<h3>Optick\u00fd v\u00fdkon pu\u0161kohledu 5-30\u00d750<\/h3>\n<p>Mimo\u0159\u00e1dn\u011b propracovan\u00e1 optika HD nab\u00edz\u00ed vysok\u00fd stupe\u0148 optick\u00e9 \u010distoty d\u00edky povrchov\u00e9 \u00faprav\u011b speci\u00e1ln\u011b vyvinut\u00e9 pro tuto optiku, <strong>\u017e\u00e1dn\u00e9 odrazy nebo rozpt\u00fdlen\u00e9 sv\u011btlo<\/strong> umo\u017e\u0148uje vytv\u00e1\u0159et vysoce kontrastn\u00ed a v\u011brn\u00fd barevn\u00fd obraz i p\u0159i 30n\u00e1sobn\u00e9m zv\u011bt\u0161en\u00ed. <strong>vynikaj\u00edc\u00ed vlastnosti definice hran.<\/strong><\/p>\n<p>Zejm\u00e9na se poda\u0159ilo sn\u00ed\u017eit na minimum barevn\u00fd t\u0159epot. To znamen\u00e1, \u017ee <strong>Nighteagle 5-30\u00d750 Tactical<\/strong> lze pou\u017e\u00edt tak\u00e9 jako dalekohled a pro spolehliv\u00e9 pozorov\u00e1n\u00ed na velk\u00e9 vzd\u00e1lenosti.<\/p>\n\t\t<\/div>\n\t\t\t\t\t<\/div>\n\n\t\n\n\t<div id=\"col-157081279\" class=\"col medium-4 small-12 large-4\"  >\n\t\t\t\t<div class=\"col-inner\"  >\n\t\t\t\n\t\t\t\n<a class=\"button primary expand\" >\n\t\t<span>Speci\u00e1ln\u00ed funkce pu\u0161kohledu<\/span>\n\t<\/a>\n\n\n\t<section class=\"section\" id=\"section_1878182330\">\n\t\t<div class=\"section-bg fill\" >\n\t\t\t\t\t\t\t\t\t<div class=\"section-bg-overlay absolute fill\"><\/div>\n\t\t\t\n\n\t\t<\/div>\n\n\t\t\n\n\t\t<div class=\"section-content relative\">\n\t\t\t\n\t<div class=\"img has-hover x md-x lg-x y md-y lg-y\" id=\"image_1210092911\">\n\t\t<a class=\"\" href=\"https:\/\/www.ddoptics.de\/garantiebestimmungen\" target=\"_blank\" rel=\"no follow noopener\">\t\t\t\t\t\t<div class=\"img-inner dark\" >\n\t\t\t<img decoding=\"async\" width=\"352\" height=\"160\" src=\"https:\/\/ddoptics.shop\/wp-content\/uploads\/2014\/09\/DDoptics-Garantie.jpg\" class=\"attachment-large size-large\" alt=\"Z\u00e1ruka DDoptics\" srcset=\"https:\/\/ddoptics.shop\/wp-content\/uploads\/2014\/09\/DDoptics-Garantie.jpg 352w, https:\/\/ddoptics.shop\/wp-content\/uploads\/2014\/09\/DDoptics-Garantie-304x138.jpg 304w, https:\/\/ddoptics.shop\/wp-content\/uploads\/2014\/09\/DDoptics-Garantie-305x139.jpg 305w, https:\/\/ddoptics.shop\/wp-content\/uploads\/2014\/09\/DDoptics-Garantie-250x114.jpg 250w\" sizes=\"(max-width: 352px) 100vw, 352px\" title=\"\">\t\t\t\t\t\t\n\t\t\t\t\t<\/div>\n\t\t\t\t\t\t<\/a>\t\t\n<style>\n#image_1210092911 {\n  width: 100%;\n}\n<\/style>\n\t<\/div>\n\t\n\t<div id=\"gap-2031468447\" class=\"gap-element clearfix\" style=\"display:block; height:auto;\">\n\t\t\n<style>\n#gap-2031468447 {\n  padding-top: 15px;\n}\n<\/style>\n\t<\/div>\n\t\n\t<div id=\"text-3737694581\" class=\"text\">\n\t\t\n<p><span style=\"font-size: 80%;\"><em>\u21d2 nov\u00e9 CT sklo ( \u010dir\u00e1 p\u0159enosov\u00e1 vrstva )<\/em><\/span><br \/>\n<span style=\"font-size: 80%;\"><em>\u21d2 Zerostop ( pro nulov\u00fd doraz )<\/em><\/span><br \/>\n<span style=\"font-size: 80%;\"><em>\u21d2 Dvoj\u00ed ot\u00e1\u010den\u00ed (dvoj\u00ed m\u011b\u0159\u00edtko)<\/em><\/span><br \/>\n<span style=\"font-size: 80%;\"><em>\u21d2 Horizont\u00e1ln\u00ed nastaven\u00ed proti sm\u011bru hodinov\u00fdch ru\u010di\u010dek. M\u011b\u0159\u00edtko ( v\u00edtr vlevo - vpravo )<\/em><\/span><br \/>\n<span style=\"font-size: 80%;\"><em>\u21d2 velmi vysok\u00e9 rozli\u0161en\u00ed<\/em><\/span><br \/>\n<span style=\"font-size: 80%;\"><em>\u21d2 nen\u00e1padn\u00e1 loveck\u00e1 verze s mal\u00fdmi v\u011b\u017ei\u010dkami<\/em><\/span><br \/>\n<span style=\"font-size: 80%;\"><em>\u21d2 NOVINKA: Optick\u00e9 vl\u00e1kno s osv\u011btlen\u00edm - iFibre illuminated dot voliteln\u011b<\/em><\/span><br \/>\n<span style=\"font-size: 80%;\"><em>\u21d2 30 let z\u00e1ruky DDoptics<\/em><\/span><br \/>\n<span style=\"font-size: 80%;\"><em>\u21d2 Nov\u00fd zam\u011b\u0159ova\u010d 4: 2. obrazov\u00e1 rovina<\/em><\/span><br \/>\n<span style=\"font-size: 80%;\"><em>\u21d2 P\u0159esnost absolutn\u00edho v\u00fdnosu<\/em><\/span><br \/>\n<span style=\"font-size: 80%;\"><em>\u21d2 extr\u00e9mn\u00ed propustnost sv\u011btla a\u017e 94,7%<\/em><\/span><br \/>\n<span style=\"font-size: 80%;\"><em>\u21d2 test nepr\u016fst\u0159elnosti: <a href=\"https:\/\/de.wikipedia.org\/wiki\/.375_Holland_%26_Holland_Magnum\" target=\"_blank\" rel=\"noopener noreferrer\">375 H&amp;H<\/a> 1000 v\u00fdst\u0159el\u016f<\/em><\/span><br \/>\n<span style=\"font-size: 80%;\"><em>\u21d2 funkce dalekohledu d\u00edky velk\u00e9mu zv\u011bt\u0161en\u00ed<\/em><\/span><br \/>\n<span style=\"font-size: 80%;\"><em>\u21d2 plynule nastaviteln\u00e1 kompenzace paralaxy<\/em><\/span><br \/>\n<span style=\"font-size: 80%;\"><em>\u21d2 mo\u017enost velmi dlouh\u00fdch z\u00e1b\u011br\u016f<\/em><\/span><\/p>\n\t\t\n<style>\n#text-3737694581 {\n  line-height: 1.15;\n  color: rgb(33, 107, 227);\n}\n#text-3737694581 > * {\n  color: rgb(33, 107, 227);\n}\n<\/style>\n\t<\/div>\n\t\n\t\t<\/div>\n\n\t\t\n<style>\n#section_1878182330 {\n  padding-top: 30px;\n  padding-bottom: 30px;\n  background-color: rgb(232, 232, 232);\n}\n#section_1878182330 .section-bg-overlay {\n  background-color: rgba(255,255,255,.5);\n}\n<\/style>\n\t<\/section>\n\t\n<div class=\"is-divider divider clearfix\" ><\/div>\n\t\t<\/div>\n\t\t\t\t\t<\/div>\n\n\t\n<\/div>\n<h3>Lov <a href=\"https:\/\/de.wikipedia.org\/wiki\/Absehen\" target=\"_blank\" rel=\"noopener sponsored\" data-schema-attribute=\"\">Osv\u011btlen\u00fd zam\u011b\u0159ova\u010d A4N<\/a><\/h3>\n<p>Na str\u00e1nk\u00e1ch <strong>Pu\u0161kohled Nighteagle 5-30\u00d750<\/strong> - A4N m\u00e1 \u00fasp\u011b\u0161n\u00fd, modern\u00ed zam\u011b\u0159ova\u010d 4 N.<\/p>\n<h3>Nov\u00fd zam\u011b\u0159ova\u010d 4N pro minim\u00e1ln\u00ed pokryt\u00ed c\u00edle<\/h3>\n<p>P\u0159i pohledu skrz <strong>Nov\u00fd pu\u0161kohled generace 3<\/strong>\u00a0div\u00e1k okam\u017eit\u011b rozpozn\u00e1 praktick\u00fd design:<br \/>\nZam\u011b\u0159ovac\u00ed k\u0159\u00ed\u017e v zam\u011b\u0159ova\u010di 4 je mnohem jemn\u011bj\u0161\u00ed a m\u00edrn\u011b siln\u011bj\u0161\u00ed vn\u011bj\u0161\u00ed pruhy jsou jen o polovinu tlust\u0161\u00ed a jsou mnohem d\u00e1le od sebe.<\/p>\n<p>To je velk\u00e1 v\u00fdhoda, zejm\u00e9na pro lovce za \u0161patn\u00fdch sv\u011bteln\u00fdch podm\u00ednek, proto\u017ee<strong> C\u00edl je jen minim\u00e1ln\u011b zakryt\u00fd<\/strong> a t\u00edm je optim\u00e1ln\u011b podpo\u0159eno bleskurychl\u00e9 a bezpe\u010dn\u00e9 zastaven\u00ed.<\/p>\n<p>Na str\u00e1nk\u00e1ch <strong>M\u0159\u00ed\u017eka se nach\u00e1z\u00ed v obrazov\u00e9 rovin\u011b okul\u00e1ru ( 2. obrazov\u00e1 rovina ).<\/strong> To znamen\u00e1, \u017ee p\u0159i zm\u011bn\u011b zv\u011bt\u0161en\u00ed z\u016fst\u00e1v\u00e1 v\u017edy stejn\u011b velk\u00fd. Dokonce i p\u0159i 30n\u00e1sobn\u00e9m zv\u011bt\u0161en\u00ed zakr\u00fdv\u00e1 zam\u011b\u0159ovac\u00ed k\u0159\u00ed\u017e c\u00edl na vzd\u00e1lenost 100 m pouze o 3,91 mm a zorn\u00e9 pole p\u0159i tomto maxim\u00e1ln\u00edm zv\u011bt\u0161en\u00ed je na 100 m st\u00e1le 1,1 m.<\/p>\n<p>Optick\u00fd zam\u011b\u0159ova\u010d umo\u017e\u0148uje bleskurychl\u00e9 m\u00ed\u0159en\u00ed. Zam\u011b\u0159ova\u010d se nastavuje o jednu osminu MOA (\u00fahlov\u00e1 minuta) na jedno kliknut\u00ed, tj. o 3,65 mm na 100 metr\u016f. To odpov\u00edd\u00e1 zm\u011bn\u011b bodu z\u00e1sahu p\u0159ibli\u017en\u011b o 10 mm na jedno kliknut\u00ed na 300 metr\u016f.<\/p>\n<p><strong>Nov\u00e9 funkce<\/strong><\/p>\n<p>Co je nov\u00e9ho v nejnov\u011bj\u0161\u00ed generaci pu\u0161kohled\u016f?<br \/>\nNa prvn\u00ed pohled zaujmou 3 zm\u011bny.<\/p>\n<p>1. krou\u017eek pro nastaven\u00ed zv\u011bt\u0161en\u00ed byl v\u00fdrazn\u011b upraven a d\u00edky hrub\u0161\u00ed struktu\u0159e se nyn\u00ed l\u00e9pe dr\u017e\u00ed.<br \/>\n2. zam\u011b\u0159ova\u010d 4 je mnohem jemn\u011bj\u0161\u00ed a poskytuje v\u00edce prostoru uprost\u0159ed.<br \/>\n3. nastaven\u00ed zam\u011b\u0159ova\u010de je vyrobeno z kovu, je jasn\u011bji definovan\u00e9 a m\u00e1 dvojit\u00e9 ot\u00e1\u010den\u00ed a Zerostop.<\/p>\n<h3>Robustn\u00ed nastavovac\u00ed mechanismus pro n\u00e1ro\u010dn\u00e9 pou\u017eit\u00ed s p\u0159\u00edstroji Zerostop a ASV<\/h3>\n<p>Na str\u00e1nk\u00e1ch <strong>Revolvery pro nastaven\u00ed zam\u011b\u0159ova\u010de pu\u0161kohled\u016f DDoptics Generation 3<\/strong>\u00a0jsou vyrobeny z robustn\u00ed hlin\u00edkov\u00e9 slitiny a neobsahuj\u00ed \u017e\u00e1dn\u00e9 plastov\u00e9 d\u00edly.<br \/>\nV\u0161echny hlin\u00edkov\u00e9 d\u00edly jsou opat\u0159eny novou, nelesklou povrchovou \u00fapravou, <strong>DDoptics jemn\u011b \u010dern\u011b eloxovan\u00fd povlak<\/strong> za p\u0159edpokladu, \u017ee.<\/p>\n<p>Nastavovac\u00ed mechanismus byl upraven na taktickou verzi, co\u017e znamen\u00e1, \u017ee je nejen velmi odoln\u00fd proti n\u00e1raz\u016fm a zcela vodot\u011bsn\u00fd, ale tak\u00e9 pevn\u011b chod\u00edc\u00ed, a tud\u00ed\u017e chr\u00e1n\u011bn\u00fd proti necht\u011bn\u00e9mu nastaven\u00ed. To znamen\u00e1, \u017ee se\u0159izov\u00e1n\u00ed zam\u011b\u0159ova\u010de lze pou\u017e\u00edvat i \u201eotev\u0159en\u00e9\u201c p\u0159i ka\u017edodenn\u00edm lovu, tj. bez \u0161roubovac\u00ed krytky, aby bylo mo\u017en\u00e9 rychle nastavit zam\u011b\u0159ova\u010d v z\u00e1vislosti na situaci.<\/p>\n<h3>Rychl\u00e9 nastaven\u00ed zam\u011b\u0159ova\u010de pomoc\u00ed funkce Zerostop<\/h3>\n<p>Na <strong>dvojit\u00e1 stupnice (dvojit\u00e9 oto\u010den\u00ed) na v\u011b\u017ei pro nastaven\u00ed v\u00fd\u0161ky<\/strong> lze ode\u010d\u00edst po\u010det proveden\u00fdch \u00faprav kliknut\u00edm a podle toho je nastavit.<br \/>\nPo v\u00fdst\u0159elu lze se\u0159\u00edzen\u00ed zam\u011b\u0159ova\u010de \u201evynulovat\u201c.<\/p>\n<p>Pot\u00e9 se krou\u017eek Zerostop oto\u010d\u00ed a\u017e na doraz a n\u00e1sledn\u011b se pomoc\u00ed krou\u017eku Zerostop zespodu nastav\u00ed nula, aby se dos\u00e1hlo zastaven\u00ed v nulov\u00e9 poloze.<\/p>\n<p>Od nulov\u00e9 polohy - za p\u0159edpokladu znalosti zna\u010den\u00ed - m\u016f\u017eete <strong>R\u016fzn\u00e9 vzd\u00e1lenosti st\u0159elby pomoc\u00ed syst\u00e9mu zna\u010den\u00ed<\/strong> lze p\u0159ednastavit.<\/p>\n<p>V\u011btrn\u00e1 v\u011b\u017ei\u010dka je ozna\u010dena dv\u011bma protib\u011b\u017en\u00fdmi stupnicemi; po\u010d\u00ednaje nulov\u00fdm nastaven\u00edm zde lze p\u0159ednastavit zam\u011b\u0159ova\u010d v z\u00e1vislosti na sm\u011bru a s\u00edle v\u011btru nebo na p\u0159\u00edpadn\u00e9m pohybu c\u00edle.<\/p>\n<p>Kompenzace paralaxy zaru\u010duje ostr\u00fd a neunavuj\u00edc\u00ed obraz ji\u017e od 25 metr\u016f p\u0159i v\u0161ech nastaven\u00edch zv\u011bt\u0161en\u00ed a koriguje chybu sn\u00edm\u00e1n\u00ed zp\u016fsobenou \u0161ikm\u00fdm pohledem.<\/p>","protected":false},"excerpt":{"rendered":"<p><img decoding=\"async\" class=\"alignnone wp-image-10452 size-full\" title=\"St\u0159elba na ter\u010d\" src=\"https:\/\/ddoptics.shop\/wp-content\/uploads\/2016\/07\/Target-Schiessen.jpg\" alt=\"St\u0159elba na ter\u010d\" width=\"50\" height=\"50\" \/><img decoding=\"async\" class=\"alignnone wp-image-10178 size-full\" title=\"Lov v hor\u00e1ch\" src=\"https:\/\/ddoptics.shop\/wp-content\/uploads\/2016\/04\/Gebirgsjagd-klein.jpg\" alt=\"Horsk\u00e9 loveck\u00e9 dalekohledy\" width=\"50\" height=\"50\" \/><br \/>\nNov\u00fd <strong>C\u00edlov\u00e1 optika s <strong>nov\u011bj\u0161\u00ed <\/strong><span style=\"color: #ff0000;\"><strong><span class=\"userContent\">Sklo typu CT (Clear-Transmission) od spole\u010dnosti DDoptics.<\/span><\/strong><\/span><\/strong> Voliteln\u011b <strong><a title=\"NOVINKA DDoptics IFiber osv\u011btlen\u00e1 te\u010dka\" href=\"\/cs\/technicky-termin-wiki\/inteligentni-ddoptics-ifiber-light-point\/\" target=\"_blank\" rel=\"noopener noreferrer\">Sv\u011bteln\u00fd bod IFibre<\/a><\/strong> pro <strong>pouze 99,- \u20ac p\u0159\u00edplatek.<\/strong><\/p>\n<a href=\"https:\/\/amzn.to\/3PlT7Gn\" target=\"_blank\" class=\"button success is-success is-small\" rel=\"\u201dnofollow\u201d noopener\" >\n\t\t<span>z\u00e1kazn\u00edk amazonu? - vyu\u017e\u00edv\u00e1te v\u00fdhody prime?<\/span>\n\t<\/a>","protected":false},"featured_media":23250,"comment_status":"open","ping_status":"closed","template":"","meta":{"inline_featured_image":false,"footnotes":""},"product_brand":[],"product_cat":[480,453,638,697,640,919,637,68],"product_tag":[587,78,80,696,1098,956,79],"class_list":{"0":"post-23245","1":"product","2":"type-product","3":"status-publish","4":"has-post-thumbnail","6":"product_cat-5-30x50","7":"product_cat-50-mm-objektivdurchmesser","8":"product_cat-ansitzjagd","9":"product_cat-mrad-klickverstellung","10":"product_cat-pirschjagd-und-gebirgsjagd","11":"product_cat-v6-6-fach-zoom","12":"product_cat-zf-anwendung","13":"product_cat-zielfernrohr","14":"product_tag-5-30x50","15":"product_tag-ddoptics","16":"product_tag-gen-3","17":"product_tag-mrad","18":"product_tag-nighteagle","19":"product_tag-v6","20":"product_tag-zielfernrohr","21":"product_shipping_class-paket","22":"pa_brand-marke-ddoptics","23":"pa_produkt-typ-zielfernrohr","25":"first","26":"outofstock","27":"sale","28":"taxable","29":"shipping-taxable","30":"purchasable","31":"product-type-bundle"},"bundled_by":[],"bundle_stock_status":"outofstock","bundle_stock_quantity":0,"bundle_virtual":false,"bundle_layout":"default","bundle_add_to_cart_form_location":"default","bundle_editable_in_cart":false,"bundle_sold_individually_context":"product","bundle_item_grouping":"parent","bundle_min_size":"","bundle_max_size":"","bundle_price":{"price":{"min":{"incl_tax":"799.01","excl_tax":"665.84"},"max":{"incl_tax":"903.32","excl_tax":"752.76"}},"regular_price":{"min":{"incl_tax":"1095.01","excl_tax":"912.51"},"max":{"incl_tax":"1210.9","excl_tax":"1009.08"}}},"bundled_items":[{"bundled_item_id":93,"product_id":12809,"menu_order":0,"quantity_min":1,"quantity_max":1,"quantity_default":1,"priced_individually":true,"shipped_individually":false,"override_title":true,"title":"","override_description":false,"description":"","optional":false,"hide_thumbnail":false,"discount":"","override_variations":true,"allowed_variations":[12810,12811],"override_default_variation_attributes":false,"default_variation_attributes":[],"single_product_visibility":"visible","cart_visibility":"visible","order_visibility":"visible","single_product_price_visibility":"visible","cart_price_visibility":"visible","order_price_visibility":"visible","stock_status":"in_stock"},{"bundled_item_id":94,"product_id":12812,"menu_order":1,"quantity_min":1,"quantity_max":1,"quantity_default":1,"priced_individually":true,"shipped_individually":false,"override_title":true,"title":"Sada ochrann\u00fdch kryt\u016f t\u00e9m\u011b\u0159 jako d\u00e1rek","override_description":true,"description":"","optional":true,"hide_thumbnail":false,"discount":"68.55","override_variations":true,"allowed_variations":[12820],"override_default_variation_attributes":true,"default_variation_attributes":[{"id":17,"name":"Velikost pu\u0161kohledu","option":"5-30x50"}],"single_product_visibility":"visible","cart_visibility":"visible","order_visibility":"visible","single_product_price_visibility":"visible","cart_price_visibility":"visible","order_price_visibility":"visible","stock_status":"in_stock"}],"bundle_sell_ids":[],"_links":{"self":[{"href":"https:\/\/ddoptics.shop\/cs\/wp-json\/wp\/v2\/product\/23245","targetHints":{"allow":["GET"]}}],"collection":[{"href":"https:\/\/ddoptics.shop\/cs\/wp-json\/wp\/v2\/product"}],"about":[{"href":"https:\/\/ddoptics.shop\/cs\/wp-json\/wp\/v2\/types\/product"}],"replies":[{"embeddable":true,"href":"https:\/\/ddoptics.shop\/cs\/wp-json\/wp\/v2\/comments?post=23245"}],"version-history":[{"count":11,"href":"https:\/\/ddoptics.shop\/cs\/wp-json\/wp\/v2\/product\/23245\/revisions"}],"predecessor-version":[{"id":29143,"href":"https:\/\/ddoptics.shop\/cs\/wp-json\/wp\/v2\/product\/23245\/revisions\/29143"}],"wp:featuredmedia":[{"embeddable":true,"href":"https:\/\/ddoptics.shop\/cs\/wp-json\/wp\/v2\/media\/23250"}],"wp:attachment":[{"href":"https:\/\/ddoptics.shop\/cs\/wp-json\/wp\/v2\/media?parent=23245"}],"wp:term":[{"taxonomy":"product_brand","embeddable":true,"href":"https:\/\/ddoptics.shop\/cs\/wp-json\/wp\/v2\/product_brand?post=23245"},{"taxonomy":"product_cat","embeddable":true,"href":"https:\/\/ddoptics.shop\/cs\/wp-json\/wp\/v2\/product_cat?post=23245"},{"taxonomy":"product_tag","embeddable":true,"href":"https:\/\/ddoptics.shop\/cs\/wp-json\/wp\/v2\/product_tag?post=23245"}],"curies":[{"name":"wp","href":"https:\/\/api.w.org\/{rel}","templated":true}]}}